{"id":2,"date":"2022-10-17T11:09:31","date_gmt":"2022-10-17T03:09:31","guid":{"rendered":"http:\/\/www.zongdamining.com\/?page_id=2"},"modified":"2022-10-17T11:09:31","modified_gmt":"2022-10-17T03:09:31","slug":"sample-page","status":"publish","type":"page","link":"https:\/\/www.zongdamining.com\/bs\/sample-page\/","title":{"rendered":"Primjeri stranica"},"content":{"rendered":"<p>Ovo je demonstrativna stranica. Stranica je, za razliku od bloga, fiksna i obi\u010dno se prikazuje na navigacijskoj traki sajta. Mnogi korisnici kreiraju stranicu \"o\" da se predstave svojim posjetiteljima. Na primer:<\/p>\n\n\n\n<blockquote class=\"wp-block-quote is-layout-flow wp-block-quote-is-layout-flow\"><p>Zdravo svima! Ja sam po\u0161tar danju, a glumac no\u0107u. Ovo je moj sajt. \u017divim u Pekingu, imam psa po imenu Little Black, volim umjetnost i putovanja.<\/p><\/blockquote>\n\n\n\n<p>Ili ovo:<\/p>\n\n\n\n<blockquote class=\"wp-block-quote is-layout-flow wp-block-quote-is-layout-flow\"><p>XYZ Doohickey je osnovana 1971. godine i od svog osnivanja doprinosimo odli\u010dnim doohickies dru\u0161tvu. Na\u0161a kompanija sa sjedi\u0161tem u Tianjinu ima preko 2.000 zaposlenih i veliki doprinos porezima vlade.<\/p><\/blockquote>\n\n\n\n<p>Kao novi korisnik WordPress-a, preporu\u010dujemo da krenete na<a href=\"http:\/\/www.zongdamining.com\/wp-admin\/\">Dashboard za va\u0161 sajt<\/a>Obri\u0161ite ovu stranicu, a zatim kreirajte novu stranicu sa svojim sadr\u017eajem. U\u017eivajte u kori\u0161\u0107enju!<\/p>","protected":false},"excerpt":{"rendered":"<p>Ovo je demonstrativna stranica. Stranica je, za razliku od bloga, fiksna i obi\u010dno se prikazuje na navigacijskoj traki sajta. Mnogi korisnici kreiraju stranicu \"o\" da se predstave svojim posjetiteljima. Na primer: Zdravo svima! Ja sam po\u0161tar danju, a glumac no\u0107u. Ovo je moj sajt. \u017divim u Pekingu, imam psa po imenu Little Black, volim umjetnost i putovanja.  ... ili ovo: XYZ Doohickey je osnovana 1971. godine i od svog osnivanja doprinosimo odli\u010dnim doohickies dru\u0161tvu. Na\u0161a kompanija sa sjedi\u0161tem u Tianjinu ima preko 2.000 zaposlenih i veliki doprinos porezima vlade. Kao novi korisnik WordPress-a, preporu\u010dujemo da odete na nadzornu plo\u010du svog sajta, izbri\u0161ete ovu stranicu i kreirate novu stranicu sa svojim sadr\u017eajem. U\u017eivajte u kori\u0161\u0107enju!<\/p>","protected":false},"author":1,"featured_media":0,"parent":0,"menu_order":0,"comment_status":"closed","ping_status":"open","template":"","meta":{"_acf_changed":false,"footnotes":""},"class_list":["post-2","page","type-page","status-publish","hentry"],"acf":[],"_links":{"self":[{"href":"https:\/\/www.zongdamining.com\/bs\/wp-json\/wp\/v2\/pages\/2","targetHints":{"allow":["GET"]}}],"collection":[{"href":"https:\/\/www.zongdamining.com\/bs\/wp-json\/wp\/v2\/pages"}],"about":[{"href":"https:\/\/www.zongdamining.com\/bs\/wp-json\/wp\/v2\/types\/page"}],"author":[{"embeddable":true,"href":"https:\/\/www.zongdamining.com\/bs\/wp-json\/wp\/v2\/users\/1"}],"replies":[{"embeddable":true,"href":"https:\/\/www.zongdamining.com\/bs\/wp-json\/wp\/v2\/comments?post=2"}],"version-history":[{"count":0,"href":"https:\/\/www.zongdamining.com\/bs\/wp-json\/wp\/v2\/pages\/2\/revisions"}],"wp:attachment":[{"href":"https:\/\/www.zongdamining.com\/bs\/wp-json\/wp\/v2\/media?parent=2"}],"curies":[{"name":"wp","href":"https:\/\/api.w.org\/{rel}","templated":true}]}}