{"id":1218,"date":"2022-12-12T10:43:54","date_gmt":"2022-12-12T02:43:54","guid":{"rendered":"http:\/\/www.zongdamining.com\/?post_type=product&#038;p=1218"},"modified":"2024-04-28T15:56:33","modified_gmt":"2024-04-28T07:56:33","slug":"crawler-mucking-machine","status":"publish","type":"product","link":"https:\/\/www.zongdamining.com\/bs\/product\/crawler-mucking-machine\/","title":{"rendered":"Ma\u0161ina za mucking"},"content":{"rendered":"<p><strong><img fetchpriority=\"high\" decoding=\"async\" class=\"alignnone wp-image-1231 size-full\" src=\"http:\/\/www.zongdamining.com\/wp-content\/uploads\/2022\/12\/crawler-mucking-machine15039559282-1.jpg\" alt=\"\" width=\"730\" height=\"730\" srcset=\"https:\/\/www.zongdamining.com\/wp-content\/uploads\/2022\/12\/crawler-mucking-machine15039559282-1.jpg 730w, https:\/\/www.zongdamining.com\/wp-content\/uploads\/2022\/12\/crawler-mucking-machine15039559282-1-300x300.jpg 300w, https:\/\/www.zongdamining.com\/wp-content\/uploads\/2022\/12\/crawler-mucking-machine15039559282-1-150x150.jpg 150w, https:\/\/www.zongdamining.com\/wp-content\/uploads\/2022\/12\/crawler-mucking-machine15039559282-1-600x600.jpg 600w, https:\/\/www.zongdamining.com\/wp-content\/uploads\/2022\/12\/crawler-mucking-machine15039559282-1-100x100.jpg 100w\" sizes=\"(max-width: 730px) 100vw, 730px\" \/><\/strong><\/p>\n<p><strong>Ma\u0161ina za daljinsko upravljanje<\/strong><\/p>\n<p>Stru\u010dnjaci za sigurnost za rje\u0161avanje tunela!<\/p>\n<p>Zauzimaju\u0107i vode\u0107u poziciju u sigurnosti!<\/p>\n<p>Tradicionalna ma\u0161ina za kravljenje je uvedena u Kinu prije 60 godina. Prva generacija je kori\u0161tena za geodeziju i kartiranje u provinciji Hebei u Kini 1954. godine. Nakon 30 godina unapre\u0111enja, druga generacija je postala ona bez navijanja.<\/p>\n<p>Uz iskustvo, ZONGDA je istra\u017eio i razvio daljinski upravlja\u010d za puzanje Mucking Machine rock loader koji pove\u0107ava efikasnost od trideset posto kako bi postigao zahtjev rudarstva.<\/p>\n<p><strong>Struktura<\/strong><\/p>\n<p>1.Originalne dvije elektri\u010dne kontrolne kutije su postale samo jedna. I drugo mjesto je zamenjeno hidrauli\u010dnim ure\u0111ajem. Izme\u0111u okretnih plo\u010da i pladnje se dodaje skup hidrauli\u010dnih motora, koji pokre\u0107u okretni plo\u010d da se rotira.<\/p>\n<p>2.Kroz skup daljinskog upravlja\u010da, ma\u0161ina se mo\u017ee daljinski upravljati.<\/p>\n<p><strong>Zna\u010dajke<\/strong><\/p>\n<p>1. Duga udaljenost (izme\u0111u 5m-20 m) dr\u017ei operatere daleko od opasnosti, smanjuju\u0107i rizike od preokretanja.<\/p>\n<p>2. Operator se vra\u0107a iz dosadnog rada uz pobolj\u0161anje radnog okru\u017eenja.<\/p>\n<p>Efikasnost se pove\u0107ava za vi\u0161e od 30% zbog vizualnog rada.<\/p>\n<p>4. Ure\u0111aj za osvetljenje se dodaje u glavu ma\u0161ine<\/p>\n<p>5. Postoje tri na\u010dina kontrole:<\/p>\n<p>Daljinski upravlja\u010d<\/p>\n<p>Kontrola dugmeta<\/p>\n<p>Ru\u010dna kontrola za pripravnost<\/p>\n<p><strong>Tehni\u010dki podaci<\/strong><\/p>\n<div class=\"table-responsive\">\n<table class=\"table\" style=\"width: 100%;\" border=\"0\" width=\"100%\" cellspacing=\"0\" cellpadding=\"0\">\n<tbody>\n<tr class=\"firstRow\">\n<td style=\"width: 14.0266%;\" colspan=\"2\" width=\"92\">Model<\/td>\n<td style=\"width: 5.80411%;\" width=\"32\">Z-17W<\/td>\n<td style=\"width: 7.85973%;\" width=\"46\">Z-17WYK<\/td>\n<td style=\"width: 11.2455%;\" width=\"57\">ZLKY20<\/td>\n<td style=\"width: 5.92503%;\" width=\"32\">Z-20W<\/td>\n<td style=\"width: 8.34341%;\" width=\"46\">Z-20WYK<\/td>\n<td style=\"width: 11.2455%;\" width=\"57\">ZLKY26<\/td>\n<td style=\"width: 7.85973%;\" width=\"43\">Z-30W<\/td>\n<td style=\"width: 8.34341%;\" width=\"46\">Z-30WYK<\/td>\n<td style=\"width: 11.2455%;\" width=\"57\">ZLKY45<\/td>\n<td style=\"width: 7.85973%;\" width=\"43\">ZQ26<\/td>\n<\/tr>\n<tr>\n<td style=\"width: 14.0266%;\" colspan=\"2\" width=\"92\">Primjenjiva veli\u010dina puta W*H\/m<\/td>\n<td style=\"width: 5.80411%;\" width=\"32\">1.7*2<\/td>\n<td style=\"width: 7.85973%;\" width=\"46\">1.7*2<\/td>\n<td style=\"width: 11.2455%;\" width=\"57\">2*2.2<\/td>\n<td style=\"width: 5.92503%;\" width=\"32\">2*2.2<\/td>\n<td style=\"width: 8.34341%;\" width=\"46\">2*2.2<\/td>\n<td style=\"width: 11.2455%;\" width=\"57\">2.2*2.5<\/td>\n<td style=\"width: 7.85973%;\" width=\"43\">2.2*2.5<\/td>\n<td style=\"width: 8.34341%;\" width=\"46\">2.2*2.5<\/td>\n<td style=\"width: 11.2455%;\" width=\"57\">2.2*2.5<\/td>\n<td style=\"width: 7.85973%;\" width=\"43\">2.2*2.5<\/td>\n<\/tr>\n<tr>\n<td style=\"width: 14.0266%;\" colspan=\"2\" width=\"92\">Mera\u010d<\/td>\n<td style=\"width: 85.7316%;\" colspan=\"10\" width=\"461\">600\/\/762\/900mm (prilago\u0111eno)<\/td>\n<\/tr>\n<tr>\n<td style=\"width: 14.0266%;\" colspan=\"2\" width=\"92\">Kapacitet optere\u0107enja m\u00b3\/h<\/td>\n<td style=\"width: 5.80411%;\" width=\"32\">20-30<\/td>\n<td style=\"width: 7.85973%;\" width=\"46\">30-40<\/td>\n<td style=\"width: 11.2455%;\" width=\"57\">35-45<\/td>\n<td style=\"width: 5.92503%;\" width=\"32\">30-40<\/td>\n<td style=\"width: 8.34341%;\" width=\"46\">40-50<\/td>\n<td style=\"width: 11.2455%;\" width=\"57\">50-60<\/td>\n<td style=\"width: 7.85973%;\" width=\"43\">50-60<\/td>\n<td style=\"width: 8.34341%;\" width=\"46\">60-70<\/td>\n<td style=\"width: 11.2455%;\" width=\"57\">80-100<\/td>\n<td style=\"width: 7.85973%;\" width=\"43\">50-60<\/td>\n<\/tr>\n<tr>\n<td style=\"width: 14.0266%;\" colspan=\"2\" width=\"92\">Volumen kante \u33a1<\/td>\n<td style=\"width: 5.80411%;\" width=\"32\">0.17<\/td>\n<td style=\"width: 7.85973%;\" width=\"46\">0.17<\/td>\n<td style=\"width: 11.2455%;\" width=\"57\">0.2<\/td>\n<td style=\"width: 5.92503%;\" width=\"32\">0.2<\/td>\n<td style=\"width: 8.34341%;\" width=\"46\">0.2<\/td>\n<td style=\"width: 11.2455%;\" width=\"57\">0.26<\/td>\n<td style=\"width: 7.85973%;\" width=\"43\">0.3<\/td>\n<td style=\"width: 8.34341%;\" width=\"46\">0.3<\/td>\n<td style=\"width: 11.2455%;\" width=\"57\">0.45<\/td>\n<td style=\"width: 7.85973%;\" width=\"43\">0.26<\/td>\n<\/tr>\n<tr>\n<td style=\"width: 14.0266%;\" colspan=\"2\" width=\"92\">\u0160irina utovara mm<\/td>\n<td style=\"width: 5.80411%;\" width=\"32\">1700<\/td>\n<td style=\"width: 7.85973%;\" width=\"46\">1700<\/td>\n<td style=\"width: 11.2455%;\" width=\"57\">Arbitrarno<\/td>\n<td style=\"width: 5.92503%;\" width=\"32\">2000<\/td>\n<td style=\"width: 8.34341%;\" width=\"46\">2000<\/td>\n<td style=\"width: 11.2455%;\" width=\"57\">Arbitrarno<\/td>\n<td style=\"width: 7.85973%;\" width=\"43\">2400<\/td>\n<td style=\"width: 8.34341%;\" width=\"46\">2400<\/td>\n<td style=\"width: 11.2455%;\" width=\"57\">Arbitrarno<\/td>\n<td style=\"width: 7.85973%;\" width=\"43\">2700<\/td>\n<\/tr>\n<tr>\n<td style=\"width: 14.0266%;\" colspan=\"2\" width=\"92\">Radna visina kante mm<\/td>\n<td style=\"width: 5.80411%;\" width=\"32\">1920<\/td>\n<td style=\"width: 7.85973%;\" width=\"46\">1920<\/td>\n<td style=\"width: 11.2455%;\" width=\"57\">1920<\/td>\n<td style=\"width: 5.92503%;\" width=\"32\">2180<\/td>\n<td style=\"width: 8.34341%;\" width=\"46\">2180<\/td>\n<td style=\"width: 11.2455%;\" width=\"57\">2240<\/td>\n<td style=\"width: 7.85973%;\" width=\"43\">2240<\/td>\n<td style=\"width: 8.34341%;\" width=\"46\">2240<\/td>\n<td style=\"width: 11.2455%;\" width=\"57\">2240<\/td>\n<td style=\"width: 7.85973%;\" width=\"43\">2240<\/td>\n<\/tr>\n<tr>\n<td style=\"width: 14.0266%;\" colspan=\"2\" width=\"92\">Visina kante dolje mm<\/td>\n<td style=\"width: 5.80411%;\" width=\"32\">1320<\/td>\n<td style=\"width: 7.85973%;\" width=\"46\">1320<\/td>\n<td style=\"width: 11.2455%;\" width=\"57\">1210<\/td>\n<td style=\"width: 5.92503%;\" width=\"32\">1360<\/td>\n<td style=\"width: 8.34341%;\" width=\"46\">1360<\/td>\n<td style=\"width: 11.2455%;\" width=\"57\"><\/td>\n<td style=\"width: 7.85973%;\" width=\"43\">1360<\/td>\n<td style=\"width: 8.34341%;\" width=\"46\">1360<\/td>\n<td style=\"width: 11.2455%;\" width=\"57\">1460<\/td>\n<td style=\"width: 7.85973%;\" width=\"43\">1250<\/td>\n<\/tr>\n<tr>\n<td style=\"width: 14.0266%;\" colspan=\"2\" width=\"92\">Gradibilnost<\/td>\n<td style=\"width: 5.80411%;\" width=\"32\"><\/td>\n<td style=\"width: 7.85973%;\" width=\"46\"><\/td>\n<td style=\"width: 11.2455%;\" width=\"57\">25\u00b0<\/td>\n<td style=\"width: 5.92503%;\" width=\"32\"><\/td>\n<td style=\"width: 8.34341%;\" width=\"46\"><\/td>\n<td style=\"width: 11.2455%;\" width=\"57\">25\u00b0<\/td>\n<td style=\"width: 7.85973%;\" width=\"43\"><\/td>\n<td style=\"width: 8.34341%;\" width=\"46\"><\/td>\n<td style=\"width: 11.2455%;\" width=\"57\">25\u00b0<\/td>\n<td style=\"width: 7.85973%;\" width=\"43\"><\/td>\n<\/tr>\n<tr>\n<td style=\"width: 5.44135%;\" width=\"35\">Veli\u010dina<\/td>\n<td style=\"width: 8.58525%;\" width=\"57\">U mm<\/td>\n<td style=\"width: 5.80411%;\" width=\"32\">2120<\/td>\n<td style=\"width: 7.85973%;\" width=\"46\">2120<\/td>\n<td style=\"width: 11.2455%;\" width=\"57\">2287<\/td>\n<td style=\"width: 5.92503%;\" width=\"32\">2480<\/td>\n<td style=\"width: 8.34341%;\" width=\"46\">2480<\/td>\n<td style=\"width: 11.2455%;\" width=\"57\"><\/td>\n<td style=\"width: 7.85973%;\" width=\"43\"><\/td>\n<td style=\"width: 8.34341%;\" width=\"46\">2620<\/td>\n<td style=\"width: 11.2455%;\" width=\"57\">2660<\/td>\n<td style=\"width: 7.85973%;\" width=\"43\">2400<\/td>\n<\/tr>\n<tr>\n<td style=\"width: 5.44135%;\" width=\"35\"><\/td>\n<td style=\"width: 8.58525%;\" width=\"57\">\u0160 mm<\/td>\n<td style=\"width: 5.80411%;\" width=\"32\">1130<\/td>\n<td style=\"width: 7.85973%;\" width=\"46\">1130<\/td>\n<td style=\"width: 11.2455%;\" width=\"57\">1372<\/td>\n<td style=\"width: 5.92503%;\" width=\"32\">1380<\/td>\n<td style=\"width: 8.34341%;\" width=\"46\">1380<\/td>\n<td style=\"width: 11.2455%;\" width=\"57\"><\/td>\n<td style=\"width: 7.85973%;\" width=\"43\">1380<\/td>\n<td style=\"width: 8.34341%;\" width=\"46\">1380<\/td>\n<td style=\"width: 11.2455%;\" width=\"57\">1520<\/td>\n<td style=\"width: 7.85973%;\" width=\"43\">1090-1380<\/td>\n<\/tr>\n<tr>\n<td style=\"width: 5.44135%;\" width=\"35\"><\/td>\n<td style=\"width: 8.58525%;\" width=\"57\">H mm<\/td>\n<td style=\"width: 5.80411%;\" width=\"32\">1200<\/td>\n<td style=\"width: 7.85973%;\" width=\"46\">1200<\/td>\n<td style=\"width: 11.2455%;\" width=\"57\">1415<\/td>\n<td style=\"width: 5.92503%;\" width=\"32\">1460<\/td>\n<td style=\"width: 8.34341%;\" width=\"46\">1460<\/td>\n<td style=\"width: 11.2455%;\" width=\"57\"><\/td>\n<td style=\"width: 7.85973%;\" width=\"43\">1545<\/td>\n<td style=\"width: 8.34341%;\" width=\"46\">1650<\/td>\n<td style=\"width: 11.2455%;\" width=\"57\">1650<\/td>\n<td style=\"width: 7.85973%;\" width=\"43\">1500<\/td>\n<\/tr>\n<tr>\n<td style=\"width: 14.0266%;\" colspan=\"2\" width=\"92\">Putna snaga motora kw<\/td>\n<td style=\"width: 5.80411%;\" width=\"32\">10.5<\/td>\n<td style=\"width: 7.85973%;\" width=\"46\">10.5<\/td>\n<td style=\"width: 11.2455%;\" width=\"57\">Hidrauli\u010dki motor 5000N \/ 2 jedinice<\/td>\n<td style=\"width: 5.92503%;\" width=\"32\">10.5<\/td>\n<td style=\"width: 8.34341%;\" width=\"46\">10.5<\/td>\n<td style=\"width: 11.2455%;\" width=\"57\">Hidrauli\u010dki motor 5000N \/ 2 jedinice<\/td>\n<td style=\"width: 7.85973%;\" width=\"43\">13<\/td>\n<td style=\"width: 8.34341%;\" width=\"46\">13<\/td>\n<td style=\"width: 11.2455%;\" width=\"57\">Hidrauli\u010dki motor 5000N \/ 2 jedinice<\/td>\n<td style=\"width: 7.85973%;\" width=\"43\">8.83<\/td>\n<\/tr>\n<tr>\n<td style=\"width: 14.0266%;\" colspan=\"2\" width=\"92\">Snaga motora ko\u010de kw<\/td>\n<td style=\"width: 5.80411%;\" width=\"32\">10.5<\/td>\n<td style=\"width: 7.85973%;\" width=\"46\">10.5<\/td>\n<td style=\"width: 11.2455%;\" width=\"57\">13<\/td>\n<td style=\"width: 5.92503%;\" width=\"32\">13<\/td>\n<td style=\"width: 8.34341%;\" width=\"46\">13<\/td>\n<td style=\"width: 11.2455%;\" width=\"57\">13<\/td>\n<td style=\"width: 7.85973%;\" width=\"43\">15<\/td>\n<td style=\"width: 8.34341%;\" width=\"46\">15<\/td>\n<td style=\"width: 11.2455%;\" width=\"57\">15<\/td>\n<td style=\"width: 7.85973%;\" width=\"43\">14.71<\/td>\n<\/tr>\n<tr>\n<td style=\"width: 14.0266%;\" colspan=\"2\" width=\"92\">Hidrauli\u010dka snaga motora<\/td>\n<td style=\"width: 5.80411%;\" width=\"32\"><\/td>\n<td style=\"width: 7.85973%;\" width=\"46\">1.5<\/td>\n<td style=\"width: 11.2455%;\" width=\"57\">7.5<\/td>\n<td style=\"width: 5.92503%;\" width=\"32\"><\/td>\n<td style=\"width: 8.34341%;\" width=\"46\">1.5<\/td>\n<td style=\"width: 11.2455%;\" width=\"57\">7.5<\/td>\n<td style=\"width: 7.85973%;\" width=\"43\"><\/td>\n<td style=\"width: 8.34341%;\" width=\"46\">2.2<\/td>\n<td style=\"width: 11.2455%;\" width=\"57\">11<\/td>\n<td style=\"width: 7.85973%;\" width=\"43\"><\/td>\n<\/tr>\n<tr>\n<td style=\"width: 14.0266%;\" colspan=\"2\" width=\"92\">Te\u017eina kg<\/td>\n<td style=\"width: 5.80411%;\" width=\"32\">3200<\/td>\n<td style=\"width: 7.85973%;\" width=\"46\">3300<\/td>\n<td style=\"width: 11.2455%;\" width=\"57\">3700<\/td>\n<td style=\"width: 5.92503%;\" width=\"32\">3750<\/td>\n<td style=\"width: 8.34341%;\" width=\"46\">3800<\/td>\n<td style=\"width: 11.2455%;\" width=\"57\">3900<\/td>\n<td style=\"width: 7.85973%;\" width=\"43\">4500<\/td>\n<td style=\"width: 8.34341%;\" width=\"46\">4500<\/td>\n<td style=\"width: 11.2455%;\" width=\"57\">4800<\/td>\n<td style=\"width: 7.85973%;\" width=\"43\">2700<\/td>\n<\/tr>\n<tr>\n<td style=\"width: 99.7583%;\" colspan=\"12\" align=\"center\" valign=\"middle\" width=\"553\">Z-Rock loader; W-Bez zapletenog u\u017eeta; YK daljinski upravlja\u010d; Tip L-Crawler;<\/p>\n<p>ZLKY-Hidrauli\u010dni daljinski upravlja\u010d<\/td>\n<\/tr>\n<\/tbody>\n<\/table>\n<p><strong>Dostava<\/strong><\/p>\n<p><img decoding=\"async\" class=\"alignnone wp-image-1229 size-full\" src=\"http:\/\/www.zongdamining.com\/wp-content\/uploads\/2022\/12\/crawler-mucking-machine19232989850.jpg\" alt=\"\" width=\"730\" height=\"730\" srcset=\"https:\/\/www.zongdamining.com\/wp-content\/uploads\/2022\/12\/crawler-mucking-machine19232989850.jpg 730w, https:\/\/www.zongdamining.com\/wp-content\/uploads\/2022\/12\/crawler-mucking-machine19232989850-300x300.jpg 300w, https:\/\/www.zongdamining.com\/wp-content\/uploads\/2022\/12\/crawler-mucking-machine19232989850-150x150.jpg 150w, https:\/\/www.zongdamining.com\/wp-content\/uploads\/2022\/12\/crawler-mucking-machine19232989850-600x600.jpg 600w, https:\/\/www.zongdamining.com\/wp-content\/uploads\/2022\/12\/crawler-mucking-machine19232989850-100x100.jpg 100w\" sizes=\"(max-width: 730px) 100vw, 730px\" \/> <img decoding=\"async\" class=\"alignnone wp-image-1228 size-full\" src=\"http:\/\/www.zongdamining.com\/wp-content\/uploads\/2022\/12\/crawler-mucking-machine19234083364.jpg\" alt=\"\" width=\"730\" height=\"730\" srcset=\"https:\/\/www.zongdamining.com\/wp-content\/uploads\/2022\/12\/crawler-mucking-machine19234083364.jpg 730w, https:\/\/www.zongdamining.com\/wp-content\/uploads\/2022\/12\/crawler-mucking-machine19234083364-300x300.jpg 300w, https:\/\/www.zongdamining.com\/wp-content\/uploads\/2022\/12\/crawler-mucking-machine19234083364-150x150.jpg 150w, https:\/\/www.zongdamining.com\/wp-content\/uploads\/2022\/12\/crawler-mucking-machine19234083364-600x600.jpg 600w, https:\/\/www.zongdamining.com\/wp-content\/uploads\/2022\/12\/crawler-mucking-machine19234083364-100x100.jpg 100w\" sizes=\"(max-width: 730px) 100vw, 730px\" \/><\/p>\n<\/div>","protected":false},"excerpt":{"rendered":"<p>Tradicionalna ma\u0161ina za kravljenje je uvedena u Kinu prije 60 godina. Prva generacija je kori\u0161tena za geodeziju i kartiranje u provinciji Hebei u Kini 1954. godine. Nakon 30 godina unapre\u0111enja, druga generacija je postala ona bez navijanja.<\/p>","protected":false},"featured_media":1227,"comment_status":"open","ping_status":"closed","template":"","meta":{"_acf_changed":false},"product_brand":[],"product_cat":[15],"product_tag":[],"class_list":{"0":"post-1218","1":"product","2":"type-product","3":"status-publish","4":"has-post-thumbnail","6":"product_cat-trackless-mining-equipment","8":"first","9":"instock","10":"shipping-taxable","11":"product-type-simple"},"acf":[],"_links":{"self":[{"href":"https:\/\/www.zongdamining.com\/bs\/wp-json\/wp\/v2\/product\/1218","targetHints":{"allow":["GET"]}}],"collection":[{"href":"https:\/\/www.zongdamining.com\/bs\/wp-json\/wp\/v2\/product"}],"about":[{"href":"https:\/\/www.zongdamining.com\/bs\/wp-json\/wp\/v2\/types\/product"}],"replies":[{"embeddable":true,"href":"https:\/\/www.zongdamining.com\/bs\/wp-json\/wp\/v2\/comments?post=1218"}],"wp:featuredmedia":[{"embeddable":true,"href":"https:\/\/www.zongdamining.com\/bs\/wp-json\/wp\/v2\/media\/1227"}],"wp:attachment":[{"href":"https:\/\/www.zongdamining.com\/bs\/wp-json\/wp\/v2\/media?parent=1218"}],"wp:term":[{"taxonomy":"product_brand","embeddable":true,"href":"https:\/\/www.zongdamining.com\/bs\/wp-json\/wp\/v2\/product_brand?post=1218"},{"taxonomy":"product_cat","embeddable":true,"href":"https:\/\/www.zongdamining.com\/bs\/wp-json\/wp\/v2\/product_cat?post=1218"},{"taxonomy":"product_tag","embeddable":true,"href":"https:\/\/www.zongdamining.com\/bs\/wp-json\/wp\/v2\/product_tag?post=1218"}],"curies":[{"name":"wp","href":"https:\/\/api.w.org\/{rel}","templated":true}]}}