{"id":1241,"date":"2022-12-12T11:08:43","date_gmt":"2022-12-12T03:08:43","guid":{"rendered":"http:\/\/www.zongdamining.com\/?post_type=product&#038;p=1241"},"modified":"2025-03-17T11:53:27","modified_gmt":"2025-03-17T03:53:27","slug":"geophysical-exploration-instrument-geological-resistivity-survey-and-geologic-prospecting-equipment-for-underground-water-detector-locator","status":"publish","type":"product","link":"https:\/\/www.zongdamining.com\/bs\/product\/geophysical-exploration-instrument-geological-resistivity-survey-and-geologic-prospecting-equipment-for-underground-water-detector-locator\/","title":{"rendered":"Instrument za geofizi\u010dko istra\u017eivanje Geolo\u0161ko istra\u017eivanje otpornosti i geolo\u0161ka oprema za istra\u017eivanje za detektor podzemne vode"},"content":{"rendered":"<div>\n<p>Na\u0161a lokomotiva za rudarske baterije, podzemni betonski mikser, podzemni elektri\u010dni utovara\u010d privla\u010di i okuplja sve vi\u0161e i vi\u0161e visokokvalitetnih kupaca, odli\u010dnih zaposlenih i visokokvalitetnih dobavlja\u010da kako bi stvorili sjaj. Od osnivanja na\u0161e kompanije, \u010dvrsto smo uspostavili politiku vo\u017enje razvojem proizvoda tehnologijom i osvajanja poverenja tr\u017ei\u0161ta efektom kvaliteta. Strategija diverzifikacije za na\u0161u kompaniju u razvoju proizvoda, razvoju tr\u017ei\u0161ta, penetraciji na tr\u017ei\u0161te pru\u017ea dobru garanciju. Sa nama, tvoj novac je na sigurnom, tvoj posao je na sigurnom. U 21. veku, na\u0161a kompanija se suo\u010dava sa izazovom globalizacije, \u0161to \u010dini na\u0161u kompaniju&#8217; S marketing je blisko povezan sa svjetskom ekonomijom, \u010dine tr\u017ei\u0161nu konkurenciju izuzetno \u017eestokom, odgovaraju\u0107a marketin\u0161ka sredstva i na\u010din usluge na\u0161e kompanije predstavljaju nove izazove.<\/p>\n<\/div>\n<div>\n<p><img fetchpriority=\"high\" decoding=\"async\" class=\"alignnone wp-image-1240 size-full\" src=\"http:\/\/www.zongdamining.com\/wp-content\/uploads\/2022\/12\/flame-proof-mining-battery-locomotive32250486774.jpg\" alt=\"\" width=\"750\" height=\"750\" srcset=\"https:\/\/www.zongdamining.com\/wp-content\/uploads\/2022\/12\/flame-proof-mining-battery-locomotive32250486774.jpg 750w, https:\/\/www.zongdamining.com\/wp-content\/uploads\/2022\/12\/flame-proof-mining-battery-locomotive32250486774-300x300.jpg 300w, https:\/\/www.zongdamining.com\/wp-content\/uploads\/2022\/12\/flame-proof-mining-battery-locomotive32250486774-150x150.jpg 150w, https:\/\/www.zongdamining.com\/wp-content\/uploads\/2022\/12\/flame-proof-mining-battery-locomotive32250486774-600x600.jpg 600w, https:\/\/www.zongdamining.com\/wp-content\/uploads\/2022\/12\/flame-proof-mining-battery-locomotive32250486774-100x100.jpg 100w\" sizes=\"(max-width: 750px) 100vw, 750px\" \/><\/p>\n<p><strong>Broj modela: CTY12\/610\/GB192<\/strong><\/p>\n<p><strong>Tehni\u010dki podaci o 12t vatrenoj lokomotivi za rudarske baterije<\/strong><\/p>\n<p>12t Baterija za rudarstvo otporna na plamen Lokomotiva, na\u010din regulacije brzine je podijeljen na regulaciju brzine helikoptera, mehani\u010dko ko\u010denje, dvostepeni pogon mjenja\u010da, gumeno amortizovanje opruge, napon od 192v. Njegove karakteristike: velika privla\u010dnost, dobre performanse ubrzanja, jednostavan rad, jednostavno odr\u017eavanje, stabilan rad.<\/p>\n<p><img decoding=\"async\" class=\"alignnone wp-image-1245 size-full\" src=\"http:\/\/www.zongdamining.com\/wp-content\/uploads\/2022\/12\/20200421115425d0623defb4e3422da44e92af20968ffe.jpg\" alt=\"\" width=\"750\" height=\"644\" srcset=\"https:\/\/www.zongdamining.com\/wp-content\/uploads\/2022\/12\/20200421115425d0623defb4e3422da44e92af20968ffe.jpg 750w, https:\/\/www.zongdamining.com\/wp-content\/uploads\/2022\/12\/20200421115425d0623defb4e3422da44e92af20968ffe-300x258.jpg 300w, https:\/\/www.zongdamining.com\/wp-content\/uploads\/2022\/12\/20200421115425d0623defb4e3422da44e92af20968ffe-600x515.jpg 600w\" sizes=\"(max-width: 750px) 100vw, 750px\" \/><\/p>\n<p>&nbsp;<\/p>\n<table class=\"table\" border=\"0\" width=\"100%\" cellspacing=\"0\" cellpadding=\"0\">\n<tbody>\n<tr class=\"firstRow\">\n<td width=\"243\">Te\u017eina ljepila<\/td>\n<td width=\"189\">t<\/td>\n<td width=\"217\">12<\/td>\n<\/tr>\n<tr>\n<td width=\"243\">Mera\u010d<\/td>\n<td width=\"189\">mm<\/td>\n<td width=\"217\">610<\/td>\n<\/tr>\n<tr>\n<td width=\"243\">Nazivni napon<\/td>\n<td width=\"189\">v<\/td>\n<td width=\"217\">192<\/td>\n<\/tr>\n<tr>\n<td width=\"243\">Nominalna privla\u010dna snaga na sat<\/td>\n<td width=\"189\">kN<\/td>\n<td width=\"217\">16.46<\/td>\n<\/tr>\n<tr>\n<td width=\"243\">Nominalna brzina sata<\/td>\n<td width=\"189\">Km\/h<\/td>\n<td width=\"217\">8.7<\/td>\n<\/tr>\n<tr>\n<td width=\"243\">Elektri\u010dni motor i snaga<\/td>\n<td width=\"189\">KW<\/td>\n<td width=\"217\">22*2<\/td>\n<\/tr>\n<tr>\n<td width=\"243\">Baterija<\/td>\n<td width=\"189\">D560KT<\/td>\n<td width=\"217\">96 komada<\/td>\n<\/tr>\n<tr>\n<td width=\"243\">Podloga kota\u010da<\/td>\n<td width=\"189\">mm<\/td>\n<td width=\"217\">1180<\/td>\n<\/tr>\n<tr>\n<td width=\"243\">Min. Radius zakrivljenosti<\/td>\n<td width=\"189\">m<\/td>\n<td width=\"217\">7<\/td>\n<\/tr>\n<tr>\n<td width=\"243\">Dija. od kota\u010da<\/td>\n<td width=\"189\">mm<\/td>\n<td width=\"217\">680<\/td>\n<\/tr>\n<tr>\n<td width=\"243\">Vrsta kontrole<\/td>\n<td width=\"189\"><\/td>\n<td width=\"217\">Kontrola helikoptera<\/td>\n<\/tr>\n<tr>\n<td width=\"243\">Vrsta ko\u010dnice<\/td>\n<td width=\"189\"><\/td>\n<td width=\"217\">Mehani\u010dka ili pneumatska ko\u010dnica<\/td>\n<\/tr>\n<tr>\n<td width=\"243\">Vrsta pogona<\/td>\n<td width=\"189\"><\/td>\n<td width=\"217\">Dvostruki pogon za mjenja\u010de<\/td>\n<\/tr>\n<tr>\n<td width=\"243\">Visina vu\u010denja<\/td>\n<td width=\"189\">mm<\/td>\n<td width=\"217\">320\uff0c 430<\/td>\n<\/tr>\n<tr>\n<td width=\"243\">Vanjska dimenzija<\/td>\n<td width=\"189\">mm<\/td>\n<td width=\"217\">Du\u017eina: 5100mm<br \/>\n\u0160irokost: 1080mm<br \/>\nH: 1660mm<\/td>\n<\/tr>\n<\/tbody>\n<\/table>\n<p>&nbsp;<\/p>\n<p><img decoding=\"async\" class=\"alignnone wp-image-1246 size-full\" src=\"http:\/\/www.zongdamining.com\/wp-content\/uploads\/2022\/12\/20200421115601a173c61feacb4171ba18273d24999833.jpg\" alt=\"\" width=\"750\" height=\"629\" srcset=\"https:\/\/www.zongdamining.com\/wp-content\/uploads\/2022\/12\/20200421115601a173c61feacb4171ba18273d24999833.jpg 750w, https:\/\/www.zongdamining.com\/wp-content\/uploads\/2022\/12\/20200421115601a173c61feacb4171ba18273d24999833-300x252.jpg 300w, https:\/\/www.zongdamining.com\/wp-content\/uploads\/2022\/12\/20200421115601a173c61feacb4171ba18273d24999833-600x503.jpg 600w\" sizes=\"(max-width: 750px) 100vw, 750px\" \/><\/p>\n<\/div>\n<div><\/div>\n<div>\n<p>Kroz kontinuirano istra\u017eivanje i otkrivanje, na\u0161 Geofizi\u010dki istra\u017eiva\u010dki instrument za istra\u017eivanje geolo\u0161ke otpornosti i oprema za geolo\u0161ko tra\u017eenje za detektor podzemne vode uvijek odr\u017eava jedinstvene prednosti i duboko je omiljen od strane kupaca. Spremni smo da pru\u017eimo bolje proizvode na\u0161im kupcima. Fokusiramo se na razvoj zaposlenih, \u0161to stvara korporativnu kulturu me\u0111usobnog po\u0161tovanja i profesionalne potrage.<\/p>\n<\/div>","protected":false},"excerpt":{"rendered":"<p>12t Baterija za rudarstvo otporna na plamen Lokomotiva, na\u010din regulacije brzine je podijeljen na regulaciju brzine helikoptera, mehani\u010dko ko\u010denje, dvostepeni pogon mjenja\u010da, gumeno amortizovanje opruge, napon od 192v.<\/p>","protected":false},"featured_media":1240,"comment_status":"open","ping_status":"closed","template":"","meta":{"_acf_changed":false},"product_brand":[],"product_cat":[27],"product_tag":[],"class_list":{"0":"post-1241","1":"product","2":"type-product","3":"status-publish","4":"has-post-thumbnail","6":"product_cat-underground-mining-locomotives","8":"first","9":"instock","10":"shipping-taxable","11":"product-type-simple"},"acf":[],"_links":{"self":[{"href":"https:\/\/www.zongdamining.com\/bs\/wp-json\/wp\/v2\/product\/1241","targetHints":{"allow":["GET"]}}],"collection":[{"href":"https:\/\/www.zongdamining.com\/bs\/wp-json\/wp\/v2\/product"}],"about":[{"href":"https:\/\/www.zongdamining.com\/bs\/wp-json\/wp\/v2\/types\/product"}],"replies":[{"embeddable":true,"href":"https:\/\/www.zongdamining.com\/bs\/wp-json\/wp\/v2\/comments?post=1241"}],"wp:featuredmedia":[{"embeddable":true,"href":"https:\/\/www.zongdamining.com\/bs\/wp-json\/wp\/v2\/media\/1240"}],"wp:attachment":[{"href":"https:\/\/www.zongdamining.com\/bs\/wp-json\/wp\/v2\/media?parent=1241"}],"wp:term":[{"taxonomy":"product_brand","embeddable":true,"href":"https:\/\/www.zongdamining.com\/bs\/wp-json\/wp\/v2\/product_brand?post=1241"},{"taxonomy":"product_cat","embeddable":true,"href":"https:\/\/www.zongdamining.com\/bs\/wp-json\/wp\/v2\/product_cat?post=1241"},{"taxonomy":"product_tag","embeddable":true,"href":"https:\/\/www.zongdamining.com\/bs\/wp-json\/wp\/v2\/product_tag?post=1241"}],"curies":[{"name":"wp","href":"https:\/\/api.w.org\/{rel}","templated":true}]}}