{"id":1276,"date":"2022-12-12T11:32:54","date_gmt":"2022-12-12T03:32:54","guid":{"rendered":"http:\/\/www.zongdamining.com\/?post_type=product&#038;p=1276"},"modified":"2023-01-29T16:51:43","modified_gmt":"2023-01-29T08:51:43","slug":"underground-rock-mining-drilling-machine","status":"publish","type":"product","link":"https:\/\/www.zongdamining.com\/bs\/product\/underground-rock-mining-drilling-machine\/","title":{"rendered":"Podzemna rudarska ma\u0161ina za bu\u0161enje"},"content":{"rendered":"<p>Sa sve \u017eestokom konkurencijom na tr\u017ei\u0161tu baterijskih elektri\u010dnih lokomotiva za rudarstvo, ventilacija rudnika ugljena, podzemnih komunalnih vozila, na\u0161a kompanija naporno nastoji, nikada ne odustaje i stalno poku\u0161ava prona\u0107i najbolju poslovnu filozofiju. Ne samo da pru\u017eamo visokokvalitetnu, pouzdanu, ekonomi\u010dnu opremu, ve\u0107 i pa\u017eljivu i strpljivu podr\u0161ku za sve vrste problema sa kojima se susre\u0107ete tokom upotrebe. Sa \u0161irokim asortimanom, dobrom kvalitetom, razumnim cijenama i stilskim dizajnom, na\u0161i proizvodi se \u0161iroko koriste u ovoj i drugim industrijama. Na\u0161a dosledna poslovna politika je orijentisana na kvalitet, a na\u0161a dobra reputacija je uvela kontinuiranu snagu u razvoj preduze\u0107a.<\/p>\n<p><img fetchpriority=\"high\" decoding=\"async\" class=\"alignnone wp-image-1280 size-full\" src=\"http:\/\/www.zongdamining.com\/wp-content\/uploads\/2022\/12\/flame-proof-mining-battery-locomotive32250486774-1.jpg\" alt=\"\" width=\"750\" height=\"750\" srcset=\"https:\/\/www.zongdamining.com\/wp-content\/uploads\/2022\/12\/flame-proof-mining-battery-locomotive32250486774-1.jpg 750w, https:\/\/www.zongdamining.com\/wp-content\/uploads\/2022\/12\/flame-proof-mining-battery-locomotive32250486774-1-300x300.jpg 300w, https:\/\/www.zongdamining.com\/wp-content\/uploads\/2022\/12\/flame-proof-mining-battery-locomotive32250486774-1-150x150.jpg 150w, https:\/\/www.zongdamining.com\/wp-content\/uploads\/2022\/12\/flame-proof-mining-battery-locomotive32250486774-1-600x600.jpg 600w, https:\/\/www.zongdamining.com\/wp-content\/uploads\/2022\/12\/flame-proof-mining-battery-locomotive32250486774-1-100x100.jpg 100w\" sizes=\"(max-width: 750px) 100vw, 750px\" \/><\/p>\n<p><strong>Broj modela: CTY12\/610\/GB192<\/strong><\/p>\n<p><strong>Tehni\u010dki podaci o 12t vatrenoj lokomotivi za rudarske baterije<\/strong><\/p>\n<p>12t Baterija za rudarstvo otporna na plamen Lokomotiva, na\u010din regulacije brzine je podijeljen na regulaciju brzine helikoptera, mehani\u010dko ko\u010denje, dvostepeni pogon mjenja\u010da, gumeno amortizovanje opruge, napon od 192v. Njegove karakteristike: velika privla\u010dnost, dobre performanse ubrzanja, jednostavan rad, jednostavno odr\u017eavanje, stabilan rad.<\/p>\n<p><img decoding=\"async\" class=\"alignnone wp-image-1281 size-full\" src=\"http:\/\/www.zongdamining.com\/wp-content\/uploads\/2022\/12\/20200421115425d0623defb4e3422da44e92af20968ffe-1.jpg\" alt=\"\" width=\"750\" height=\"644\" srcset=\"https:\/\/www.zongdamining.com\/wp-content\/uploads\/2022\/12\/20200421115425d0623defb4e3422da44e92af20968ffe-1.jpg 750w, https:\/\/www.zongdamining.com\/wp-content\/uploads\/2022\/12\/20200421115425d0623defb4e3422da44e92af20968ffe-1-300x258.jpg 300w, https:\/\/www.zongdamining.com\/wp-content\/uploads\/2022\/12\/20200421115425d0623defb4e3422da44e92af20968ffe-1-600x515.jpg 600w\" sizes=\"(max-width: 750px) 100vw, 750px\" \/><\/p>\n<div class=\"table-responsive\">\n<table class=\"table\" border=\"0\" width=\"100%\" cellspacing=\"0\" cellpadding=\"0\">\n<tbody>\n<tr class=\"firstRow\">\n<td width=\"243\">Te\u017eina ljepila<\/td>\n<td width=\"189\">t<\/td>\n<td width=\"217\">12<\/td>\n<\/tr>\n<tr>\n<td width=\"243\">Mera\u010d<\/td>\n<td width=\"189\">mm<\/td>\n<td width=\"217\">610<\/td>\n<\/tr>\n<tr>\n<td width=\"243\">Nazivni napon<\/td>\n<td width=\"189\">v<\/td>\n<td width=\"217\">192<\/td>\n<\/tr>\n<tr>\n<td width=\"243\">Nominalna privla\u010dna snaga na sat<\/td>\n<td width=\"189\">kN<\/td>\n<td width=\"217\">16.46<\/td>\n<\/tr>\n<tr>\n<td width=\"243\">Nominalna brzina sata<\/td>\n<td width=\"189\">Km\/h<\/td>\n<td width=\"217\">8.7<\/td>\n<\/tr>\n<tr>\n<td width=\"243\">Elektri\u010dni motor i snaga<\/td>\n<td width=\"189\">KW<\/td>\n<td width=\"217\">22*2<\/td>\n<\/tr>\n<tr>\n<td width=\"243\">Baterija<\/td>\n<td width=\"189\">D560KT<\/td>\n<td width=\"217\">96 komada<\/td>\n<\/tr>\n<tr>\n<td width=\"243\">Podloga kota\u010da<\/td>\n<td width=\"189\">mm<\/td>\n<td width=\"217\">1180<\/td>\n<\/tr>\n<tr>\n<td width=\"243\">Min. Radius zakrivljenosti<\/td>\n<td width=\"189\">m<\/td>\n<td width=\"217\">7<\/td>\n<\/tr>\n<tr>\n<td width=\"243\">Dija. od kota\u010da<\/td>\n<td width=\"189\">mm<\/td>\n<td width=\"217\">680<\/td>\n<\/tr>\n<tr>\n<td width=\"243\">Vrsta kontrole<\/td>\n<td width=\"189\"><\/td>\n<td width=\"217\">Kontrola helikoptera<\/td>\n<\/tr>\n<tr>\n<td width=\"243\">Vrsta ko\u010dnice<\/td>\n<td width=\"189\"><\/td>\n<td width=\"217\">Mehani\u010dka ili pneumatska ko\u010dnica<\/td>\n<\/tr>\n<tr>\n<td width=\"243\">Vrsta pogona<\/td>\n<td width=\"189\"><\/td>\n<td width=\"217\">Dvostruki pogon za mjenja\u010de<\/td>\n<\/tr>\n<tr>\n<td width=\"243\">Visina vu\u010denja<\/td>\n<td width=\"189\">mm<\/td>\n<td width=\"217\">320\uff0c 430<\/td>\n<\/tr>\n<tr>\n<td width=\"243\">Vanjska dimenzija<\/td>\n<td width=\"189\">mm<\/td>\n<td width=\"217\">Du\u017eina: 5100mm<br \/>\n\u0160irokost: 1080mm<br \/>\nH: 1660mm<\/td>\n<\/tr>\n<\/tbody>\n<\/table>\n<\/div>\n<p><img decoding=\"async\" class=\"alignnone wp-image-1279 size-full\" src=\"http:\/\/www.zongdamining.com\/wp-content\/uploads\/2022\/12\/20200421115601a173c61feacb4171ba18273d24999833-1.jpg\" alt=\"\" width=\"750\" height=\"629\" srcset=\"https:\/\/www.zongdamining.com\/wp-content\/uploads\/2022\/12\/20200421115601a173c61feacb4171ba18273d24999833-1.jpg 750w, https:\/\/www.zongdamining.com\/wp-content\/uploads\/2022\/12\/20200421115601a173c61feacb4171ba18273d24999833-1-300x252.jpg 300w, https:\/\/www.zongdamining.com\/wp-content\/uploads\/2022\/12\/20200421115601a173c61feacb4171ba18273d24999833-1-600x503.jpg 600w\" sizes=\"(max-width: 750px) 100vw, 750px\" \/><\/p>\n<p>Va\u0161i zahtjevi su na\u0161 rad, obezbedi\u0107emo vam najbolji kvalitet podzemne rudarske bu\u0161ilice i najzadovoljavaju\u0107u uslugu! Postignuli smo istovremeno pove\u0107anje popularnosti i reputacije u srcima potro\u0161a\u010da. Na\u0161i proizvodi u\u017eivaju dobru popularnost me\u0111u na\u0161im kupcima.<\/p>","protected":false},"excerpt":{"rendered":"<p>12t Baterija za rudarstvo otporna na plamen Lokomotiva, na\u010din regulacije brzine je podijeljen na regulaciju brzine helikoptera, mehani\u010dko ko\u010denje, dvostepeni pogon mjenja\u010da, gumeno amortizovanje opruge, napon od 192v.<\/p>","protected":false},"featured_media":1280,"comment_status":"open","ping_status":"closed","template":"","meta":{"_acf_changed":false},"product_brand":[],"product_cat":[27],"product_tag":[],"class_list":{"0":"post-1276","1":"product","2":"type-product","3":"status-publish","4":"has-post-thumbnail","6":"product_cat-underground-mining-locomotives","8":"first","9":"instock","10":"shipping-taxable","11":"product-type-simple"},"acf":[],"_links":{"self":[{"href":"https:\/\/www.zongdamining.com\/bs\/wp-json\/wp\/v2\/product\/1276","targetHints":{"allow":["GET"]}}],"collection":[{"href":"https:\/\/www.zongdamining.com\/bs\/wp-json\/wp\/v2\/product"}],"about":[{"href":"https:\/\/www.zongdamining.com\/bs\/wp-json\/wp\/v2\/types\/product"}],"replies":[{"embeddable":true,"href":"https:\/\/www.zongdamining.com\/bs\/wp-json\/wp\/v2\/comments?post=1276"}],"wp:featuredmedia":[{"embeddable":true,"href":"https:\/\/www.zongdamining.com\/bs\/wp-json\/wp\/v2\/media\/1280"}],"wp:attachment":[{"href":"https:\/\/www.zongdamining.com\/bs\/wp-json\/wp\/v2\/media?parent=1276"}],"wp:term":[{"taxonomy":"product_brand","embeddable":true,"href":"https:\/\/www.zongdamining.com\/bs\/wp-json\/wp\/v2\/product_brand?post=1276"},{"taxonomy":"product_cat","embeddable":true,"href":"https:\/\/www.zongdamining.com\/bs\/wp-json\/wp\/v2\/product_cat?post=1276"},{"taxonomy":"product_tag","embeddable":true,"href":"https:\/\/www.zongdamining.com\/bs\/wp-json\/wp\/v2\/product_tag?post=1276"}],"curies":[{"name":"wp","href":"https:\/\/api.w.org\/{rel}","templated":true}]}}