{"id":1284,"date":"2022-12-12T11:46:05","date_gmt":"2022-12-12T03:46:05","guid":{"rendered":"http:\/\/www.zongdamining.com\/?post_type=product&#038;p=1284"},"modified":"2022-12-12T11:46:05","modified_gmt":"2022-12-12T03:46:05","slug":"tunnel-ventilation-fan","status":"publish","type":"product","link":"https:\/\/www.zongdamining.com\/bs\/product\/tunnel-ventilation-fan\/","title":{"rendered":"Ventilator za ventilaciju tunela"},"content":{"rendered":"<p><img fetchpriority=\"high\" decoding=\"async\" class=\"alignnone wp-image-1296 size-full\" src=\"http:\/\/www.zongdamining.com\/wp-content\/uploads\/2022\/12\/tunnel-ventilation-fan35492934396.jpg\" alt=\"\" width=\"730\" height=\"730\" srcset=\"https:\/\/www.zongdamining.com\/wp-content\/uploads\/2022\/12\/tunnel-ventilation-fan35492934396.jpg 730w, https:\/\/www.zongdamining.com\/wp-content\/uploads\/2022\/12\/tunnel-ventilation-fan35492934396-300x300.jpg 300w, https:\/\/www.zongdamining.com\/wp-content\/uploads\/2022\/12\/tunnel-ventilation-fan35492934396-150x150.jpg 150w, https:\/\/www.zongdamining.com\/wp-content\/uploads\/2022\/12\/tunnel-ventilation-fan35492934396-600x600.jpg 600w, https:\/\/www.zongdamining.com\/wp-content\/uploads\/2022\/12\/tunnel-ventilation-fan35492934396-100x100.jpg 100w\" sizes=\"(max-width: 730px) 100vw, 730px\" \/><\/p>\n<p><strong>Specifikacija<\/strong><\/p>\n<p>SDS ventilacijski ventilator tunela koji se koristi za sistem ventilacije du\u017eine tunela, ventilatori su instalirani visi na gornjem krovu tunela ili sa obje strane, \u0161to ne uti\u010de na saobra\u0107aj, nema potrebe da se izgradi izlazni put. Jeftina zgrada, je veoma savr\u0161ena ventilacija ventilatora.<\/p>\n<p><strong>Glavne karakteristike<\/strong><\/p>\n<p>1) Jednostavna struktura linearnog tipa, jednostavna u instalaciji i odr\u017eavanju.<\/p>\n<p>2) Usvajanje naprednih svjetski poznatih komponenti brenda u pneumatskim dijelovima, elektri\u010dnim dijelovima i delovima za rad.<\/p>\n<p>3) Visok pritisak dvostruki koljak za kontrolu otvaranja i zatvaranja matrice.<\/p>\n<p>4) Radi u visokoj automatizaciji i intelektualizaciji, bez zaga\u0111enja<\/p>\n<p>5) Primenite poveznik za povezivanje sa vazduhovnim konvejerom, koji mo\u017ee biti direktno u liniji sa ma\u0161inom za punjenje.<\/p>\n<p><strong>Op\u0161ta struktura SDS ventilatora<\/strong><\/p>\n<p>SDS ventilator je kombinacija ventilatora aksijalnog protoka i spolja\u0161njeg prigu\u0161iva\u010da. SDS tunelski ventilator se uglavnom sastoji od ulaznog gasila, glavnog motora, izlaznog gasila i motora.<\/p>\n<p><img decoding=\"async\" class=\"alignnone wp-image-1294 size-full\" src=\"http:\/\/www.zongdamining.com\/wp-content\/uploads\/2022\/12\/tunnel-ventilation-fan38368457893.jpg\" alt=\"\" width=\"730\" height=\"730\" srcset=\"https:\/\/www.zongdamining.com\/wp-content\/uploads\/2022\/12\/tunnel-ventilation-fan38368457893.jpg 730w, https:\/\/www.zongdamining.com\/wp-content\/uploads\/2022\/12\/tunnel-ventilation-fan38368457893-300x300.jpg 300w, https:\/\/www.zongdamining.com\/wp-content\/uploads\/2022\/12\/tunnel-ventilation-fan38368457893-150x150.jpg 150w, https:\/\/www.zongdamining.com\/wp-content\/uploads\/2022\/12\/tunnel-ventilation-fan38368457893-600x600.jpg 600w, https:\/\/www.zongdamining.com\/wp-content\/uploads\/2022\/12\/tunnel-ventilation-fan38368457893-100x100.jpg 100w\" sizes=\"(max-width: 730px) 100vw, 730px\" \/><\/p>\n<p>Ventilator tunela sa visokom efikasno\u0161\u0107u i niskom bukom iz serije SDF sastoji se od tri sekcije: sekcije za uti\u0161avanje ulaza (kolektor vazduha, za\u0161titna mre\u017ea, deflektor, mre\u017ea za ispravljanje, prigu\u0161iva\u010d); sekcija ventilatora (ku\u0107i\u0161te, rotor (pokretna o\u0161trica), stacionarna o\u0161trica (vodi\u010da), motor); Odjeljak za uti\u0161avanje izlaza (uti\u0161a\u010d izlaza).<\/p>\n<p>1) Roter (pokretna o\u0161trica): sastoji se od o\u0161trice i \u010dvorka. Sredi\u0161te je izra\u0111eno od litih \u010delika zg230-450. \u0160trica je pode\u0161avaju\u0107a rezila zra\u010dne folije izra\u0111ena od preciznog livanja ZL104 aluminijumske silikonske legure. Korijen i rep o\u0161trice su dizajnirani. Proces lijevanja dodaje strogu stati\u010dku i dinami\u010dku korekciju ravnote\u017ee, test brzine, stabilan i pouzdan rad.<\/p>\n<p>2) dio ljuske: izra\u0111en je od obi\u010dne \u010deli\u010dne plo\u010de zavarivanjem, a unutra\u0161nji cilindar je opremljen stati\u010dkim stra\u017enjim vodi\u010dem, koji se tretira eliminiranjem napona zavarivanja.<\/p>\n<p><img decoding=\"async\" class=\"alignnone wp-image-1295 size-full\" src=\"http:\/\/www.zongdamining.com\/wp-content\/uploads\/2022\/12\/tunnel-ventilation-fan38369551623.jpg\" alt=\"\" width=\"730\" height=\"730\" srcset=\"https:\/\/www.zongdamining.com\/wp-content\/uploads\/2022\/12\/tunnel-ventilation-fan38369551623.jpg 730w, https:\/\/www.zongdamining.com\/wp-content\/uploads\/2022\/12\/tunnel-ventilation-fan38369551623-300x300.jpg 300w, https:\/\/www.zongdamining.com\/wp-content\/uploads\/2022\/12\/tunnel-ventilation-fan38369551623-150x150.jpg 150w, https:\/\/www.zongdamining.com\/wp-content\/uploads\/2022\/12\/tunnel-ventilation-fan38369551623-600x600.jpg 600w, https:\/\/www.zongdamining.com\/wp-content\/uploads\/2022\/12\/tunnel-ventilation-fan38369551623-100x100.jpg 100w\" sizes=\"(max-width: 730px) 100vw, 730px\" \/><\/p>","protected":false},"excerpt":{"rendered":"<p>SDS ventilacijski ventilator tunela koji se koristi za sistem ventilacije du\u017eine tunela, ventilatori su instalirani visi na gornjem krovu tunela ili sa obje strane, \u0161to ne uti\u010de na saobra\u0107aj, nema potrebe da se izgradi izlazni put.<\/p>","protected":false},"featured_media":1296,"comment_status":"open","ping_status":"closed","template":"","meta":{"_acf_changed":false},"product_brand":[],"product_cat":[28],"product_tag":[],"class_list":{"0":"post-1284","1":"product","2":"type-product","3":"status-publish","4":"has-post-thumbnail","6":"product_cat-underground-ventilation-systems","8":"first","9":"instock","10":"shipping-taxable","11":"product-type-simple"},"acf":[],"_links":{"self":[{"href":"https:\/\/www.zongdamining.com\/bs\/wp-json\/wp\/v2\/product\/1284","targetHints":{"allow":["GET"]}}],"collection":[{"href":"https:\/\/www.zongdamining.com\/bs\/wp-json\/wp\/v2\/product"}],"about":[{"href":"https:\/\/www.zongdamining.com\/bs\/wp-json\/wp\/v2\/types\/product"}],"replies":[{"embeddable":true,"href":"https:\/\/www.zongdamining.com\/bs\/wp-json\/wp\/v2\/comments?post=1284"}],"wp:featuredmedia":[{"embeddable":true,"href":"https:\/\/www.zongdamining.com\/bs\/wp-json\/wp\/v2\/media\/1296"}],"wp:attachment":[{"href":"https:\/\/www.zongdamining.com\/bs\/wp-json\/wp\/v2\/media?parent=1284"}],"wp:term":[{"taxonomy":"product_brand","embeddable":true,"href":"https:\/\/www.zongdamining.com\/bs\/wp-json\/wp\/v2\/product_brand?post=1284"},{"taxonomy":"product_cat","embeddable":true,"href":"https:\/\/www.zongdamining.com\/bs\/wp-json\/wp\/v2\/product_cat?post=1284"},{"taxonomy":"product_tag","embeddable":true,"href":"https:\/\/www.zongdamining.com\/bs\/wp-json\/wp\/v2\/product_tag?post=1284"}],"curies":[{"name":"wp","href":"https:\/\/api.w.org\/{rel}","templated":true}]}}