{"id":1298,"date":"2022-12-12T11:51:27","date_gmt":"2022-12-12T03:51:27","guid":{"rendered":"http:\/\/www.zongdamining.com\/?post_type=product&#038;p=1298"},"modified":"2026-01-27T09:53:25","modified_gmt":"2026-01-27T01:53:25","slug":"15kw-explosion-proof-scraper-winch","status":"publish","type":"product","link":"https:\/\/www.zongdamining.com\/bs\/product\/15kw-explosion-proof-scraper-winch\/","title":{"rendered":"15kw Eksplozijski otporni \u0161kreba\u010d Winch"},"content":{"rendered":"<p>Oblikujemo i pobolj\u0161avamo imid\u017e brenda preduze\u0107a za ma\u0161inu za mu\u010denje kota\u010da, filter za \u010destice dizela, podzemni utovara\u010d za rudarstvo ugljena kao na\u0161 razvojni smjer i pru\u017eamo kupcima efikasne usluge sa dodanom vrijedno\u0161\u0107u. Uz brzi razvoj ekonomske globalizacije i formiranje tr\u017ei\u0161ta u razvoju, moramo nastojati da razvijemo inovacije i oslanjamo se na tehnologiju da pobedimo ako \u017eelimo da iskoristimo prednosti. Na sve konkurentnijem tr\u017ei\u0161tu, sa iskrenom uslugom visokokvalitetnih proizvoda i zaslu\u017eene reputacije, uvijek nudimo korisnicima podr\u0161ku na proizvodima i tehnikama kako bismo postigli dugoro\u010dnu saradnju. Dobrodo\u0161li novi i stari kupci da posjete i raspravljaju, va\u0161a potra\u017enja je izvor na\u0161ih inovacija, va\u0161a podr\u0161ka je garancija na\u0161eg razvoja. Zadovoljstvo klijenata i uspjeh je na\u0161a potraga, ulo\u017eit \u0107emo neprestane napore u tu svrhu. Na\u0161i proizvodi i usluge su zasnovani na zadovoljavanju potreba kupaca.<\/p>\n<p><img fetchpriority=\"high\" decoding=\"async\" class=\"alignnone wp-image-1302 size-full\" src=\"http:\/\/www.zongdamining.com\/wp-content\/uploads\/2022\/12\/202005260901078eb89ff0ef8543c7a88e07770de49c4f.jpg\" alt=\"\" width=\"750\" height=\"750\" srcset=\"https:\/\/www.zongdamining.com\/wp-content\/uploads\/2022\/12\/202005260901078eb89ff0ef8543c7a88e07770de49c4f.jpg 750w, https:\/\/www.zongdamining.com\/wp-content\/uploads\/2022\/12\/202005260901078eb89ff0ef8543c7a88e07770de49c4f-300x300.jpg 300w, https:\/\/www.zongdamining.com\/wp-content\/uploads\/2022\/12\/202005260901078eb89ff0ef8543c7a88e07770de49c4f-150x150.jpg 150w, https:\/\/www.zongdamining.com\/wp-content\/uploads\/2022\/12\/202005260901078eb89ff0ef8543c7a88e07770de49c4f-600x600.jpg 600w, https:\/\/www.zongdamining.com\/wp-content\/uploads\/2022\/12\/202005260901078eb89ff0ef8543c7a88e07770de49c4f-100x100.jpg 100w\" sizes=\"(max-width: 750px) 100vw, 750px\" \/><\/p>\n<p>ZJTP serija podzemnog rudarstva Scraper Winch<\/p>\n<p>ZJTP rudarska li\u010da se uglavnom koristi za rudarske podne osovine i nagibne osovine za podizanje materijala, osoblja i opreme, mo\u017ee se koristiti i za podzemni transport i podizanje kandi za potopljanje.<\/p>\n<p>Mo\u017ee biti jednostruka i dvostruka.<\/p>\n<p><strong>Tehni\u010dki podaci<\/strong><\/p>\n<p><img decoding=\"async\" class=\"alignnone wp-image-1303 size-full\" src=\"http:\/\/www.zongdamining.com\/wp-content\/uploads\/2022\/12\/2020052609024899d27606d7ff461d9ffad5495c07cd58.jpg\" alt=\"\" width=\"750\" height=\"1025\" srcset=\"https:\/\/www.zongdamining.com\/wp-content\/uploads\/2022\/12\/2020052609024899d27606d7ff461d9ffad5495c07cd58.jpg 750w, https:\/\/www.zongdamining.com\/wp-content\/uploads\/2022\/12\/2020052609024899d27606d7ff461d9ffad5495c07cd58-220x300.jpg 220w, https:\/\/www.zongdamining.com\/wp-content\/uploads\/2022\/12\/2020052609024899d27606d7ff461d9ffad5495c07cd58-600x820.jpg 600w\" sizes=\"(max-width: 750px) 100vw, 750px\" \/><img decoding=\"async\" class=\"alignnone wp-image-1304 size-full\" src=\"http:\/\/www.zongdamining.com\/wp-content\/uploads\/2022\/12\/underground-mining-scraper-winch00025053060.jpg\" alt=\"\" width=\"730\" height=\"730\" srcset=\"https:\/\/www.zongdamining.com\/wp-content\/uploads\/2022\/12\/underground-mining-scraper-winch00025053060.jpg 730w, https:\/\/www.zongdamining.com\/wp-content\/uploads\/2022\/12\/underground-mining-scraper-winch00025053060-300x300.jpg 300w, https:\/\/www.zongdamining.com\/wp-content\/uploads\/2022\/12\/underground-mining-scraper-winch00025053060-150x150.jpg 150w, https:\/\/www.zongdamining.com\/wp-content\/uploads\/2022\/12\/underground-mining-scraper-winch00025053060-600x600.jpg 600w, https:\/\/www.zongdamining.com\/wp-content\/uploads\/2022\/12\/underground-mining-scraper-winch00025053060-100x100.jpg 100w\" sizes=\"(max-width: 730px) 100vw, 730px\" \/><\/p>\n<p>Nadamo se da \u0107emo postati dobavlja\u010d koji o\u010dekujete sa trendskim dizajnom, visokokvalitetnim proizvodima, pa\u017eljivom uslugom i konkurentnim cijenama na\u0161e 15kw eksplozijske otpornosti na skrapanje. Spremni smo da uspostavimo stabilne, jednake i uzajamno korisne poslovne odnose sa kupcima \u0161irom svijeta, kako bismo mogli da se zajedno razvijemo i napredujemo. Na\u0161a kompanija sve\u010dano obe\u0107ava da su za na\u0161e stare kupce i vas koji \u0107ete postati na\u0161 novi partner, va\u0161e potrebe na\u0161a odgovornost.<\/p>","protected":false},"excerpt":{"rendered":"<p>ZJTP rudarska li\u010da se uglavnom koristi za rudarske podne osovine i nagibne osovine za podizanje materijala, osoblja i opreme, mo\u017ee se koristiti i za podzemni transport i podizanje kandi za potopljanje.<\/p>","protected":false},"featured_media":1304,"comment_status":"open","ping_status":"closed","template":"","meta":{"_acf_changed":false},"product_brand":[],"product_cat":[29],"product_tag":[],"class_list":{"0":"post-1298","1":"product","2":"type-product","3":"status-publish","4":"has-post-thumbnail","6":"product_cat-underground-hoisting-system","8":"first","9":"instock","10":"shipping-taxable","11":"product-type-simple"},"acf":[],"_links":{"self":[{"href":"https:\/\/www.zongdamining.com\/bs\/wp-json\/wp\/v2\/product\/1298","targetHints":{"allow":["GET"]}}],"collection":[{"href":"https:\/\/www.zongdamining.com\/bs\/wp-json\/wp\/v2\/product"}],"about":[{"href":"https:\/\/www.zongdamining.com\/bs\/wp-json\/wp\/v2\/types\/product"}],"replies":[{"embeddable":true,"href":"https:\/\/www.zongdamining.com\/bs\/wp-json\/wp\/v2\/comments?post=1298"}],"wp:featuredmedia":[{"embeddable":true,"href":"https:\/\/www.zongdamining.com\/bs\/wp-json\/wp\/v2\/media\/1304"}],"wp:attachment":[{"href":"https:\/\/www.zongdamining.com\/bs\/wp-json\/wp\/v2\/media?parent=1298"}],"wp:term":[{"taxonomy":"product_brand","embeddable":true,"href":"https:\/\/www.zongdamining.com\/bs\/wp-json\/wp\/v2\/product_brand?post=1298"},{"taxonomy":"product_cat","embeddable":true,"href":"https:\/\/www.zongdamining.com\/bs\/wp-json\/wp\/v2\/product_cat?post=1298"},{"taxonomy":"product_tag","embeddable":true,"href":"https:\/\/www.zongdamining.com\/bs\/wp-json\/wp\/v2\/product_tag?post=1298"}],"curies":[{"name":"wp","href":"https:\/\/api.w.org\/{rel}","templated":true}]}}