{"id":1313,"date":"2022-12-12T12:08:25","date_gmt":"2022-12-12T04:08:25","guid":{"rendered":"http:\/\/www.zongdamining.com\/?post_type=product&#038;p=1313"},"modified":"2022-12-12T15:18:44","modified_gmt":"2022-12-12T07:18:44","slug":"underground-concrete-mixing-truck-for-coal-mine","status":"publish","type":"product","link":"https:\/\/www.zongdamining.com\/bs\/product\/underground-concrete-mixing-truck-for-coal-mine\/","title":{"rendered":"Podzemni kamion za mije\u0161anje betona za rudnik ugljena"},"content":{"rendered":"<p><img fetchpriority=\"high\" decoding=\"async\" class=\"alignnone wp-image-1315 size-full\" src=\"http:\/\/www.zongdamining.com\/wp-content\/uploads\/2022\/12\/underground-concrete-mixing-truck-for-coal42368241315.jpg\" alt=\"\" width=\"730\" height=\"730\" srcset=\"https:\/\/www.zongdamining.com\/wp-content\/uploads\/2022\/12\/underground-concrete-mixing-truck-for-coal42368241315.jpg 730w, https:\/\/www.zongdamining.com\/wp-content\/uploads\/2022\/12\/underground-concrete-mixing-truck-for-coal42368241315-300x300.jpg 300w, https:\/\/www.zongdamining.com\/wp-content\/uploads\/2022\/12\/underground-concrete-mixing-truck-for-coal42368241315-150x150.jpg 150w, https:\/\/www.zongdamining.com\/wp-content\/uploads\/2022\/12\/underground-concrete-mixing-truck-for-coal42368241315-600x600.jpg 600w, https:\/\/www.zongdamining.com\/wp-content\/uploads\/2022\/12\/underground-concrete-mixing-truck-for-coal42368241315-100x100.jpg 100w\" sizes=\"(max-width: 730px) 100vw, 730px\" \/><\/p>\n<p><strong>JC4.5 Podzemni kamion za mije\u0161anje betona za rudnik ugljena<\/strong><\/p>\n<p>Podzemni kamion za mije\u0161anje betona za rudnik ugljena uglavnom se koristi za transport betona u tvrdljenju povr\u0161ine puta podzemnog rudnika ugljena.<\/p>\n<p>Trenutno je tehnologija kamiona za mije\u0161anje betona na terenu potpuno zrela na tr\u017ei\u0161tu, a proizvodi su diverzificirani i primenjeni na mnoge industrije i projekte, \u0161to mo\u017ee uvelike pobolj\u0161ati radnu efikasnost. Postoji niz prednosti. Me\u0111utim, u industriji ugljena, na\u010din transporta podzemnog betona i dalje ostaje u izvornom stanju na\u010dina transporta otvorenog kamiona, koji je strana transporta. Tako\u0111e mu je potrebna puno pomo\u0107i ljudske snage. Me\u0111utim, upotreba podzemnog betonskog kamiona je jo\u0161 uvijek prazna u doma\u0107oj i globalnoj industriji ugljena.<\/p>\n<p>Na osnovu ove pretpostavke, na\u0161a kompanija, zajedno sa istra\u017eiva\u010dkim institutom Shenhua Shendong Group, zajedni\u010dki je razvila kamion za mije\u0161anje betona otporan na eksploziju pogodan za podzemne rudnike ugljena. Kada je ovaj proizvod objavljen, \u0161iroko je zabrinut i dobrodo\u0161ao. Trenutno je tehnologija ovog proizvoda potpuno zrela i koristi se u mnogim rudnicima ugljena u Shanxiju, Shaanxiju i Unutarnjoj Mongoliji, i dobro je procijenjena.<\/p>\n<p>Trenutno, na\u0161a kompanija razvija slede\u0107e \u010detiri vrste proizvoda sa razli\u010ditim specifikacijama u skladu sa stvarnim okru\u017eenjem neiskori\u0161tenih rudnika ugljena i zahtjevima korisnika.<\/p>\n<p>sistem ispu\u0161nih plinova;<\/p>\n<p><strong>Zna\u010dajke<\/strong><\/p>\n<p><img decoding=\"async\" class=\"alignnone wp-image-1317 size-full\" src=\"http:\/\/www.zongdamining.com\/wp-content\/uploads\/2022\/12\/underground-concrete-mixing-truck-for-coal50251002151.jpg\" alt=\"\" width=\"730\" height=\"730\" srcset=\"https:\/\/www.zongdamining.com\/wp-content\/uploads\/2022\/12\/underground-concrete-mixing-truck-for-coal50251002151.jpg 730w, https:\/\/www.zongdamining.com\/wp-content\/uploads\/2022\/12\/underground-concrete-mixing-truck-for-coal50251002151-300x300.jpg 300w, https:\/\/www.zongdamining.com\/wp-content\/uploads\/2022\/12\/underground-concrete-mixing-truck-for-coal50251002151-150x150.jpg 150w, https:\/\/www.zongdamining.com\/wp-content\/uploads\/2022\/12\/underground-concrete-mixing-truck-for-coal50251002151-600x600.jpg 600w, https:\/\/www.zongdamining.com\/wp-content\/uploads\/2022\/12\/underground-concrete-mixing-truck-for-coal50251002151-100x100.jpg 100w\" sizes=\"(max-width: 730px) 100vw, 730px\" \/><\/p>\n<p>1. Zatvorena kabina, udobna i sigurna vo\u017enja, \u0161irok vid;<\/p>\n<p>2. Elektri\u010dna kontrolna kutija otporna na eksploziju, stalno prati &#8220; zdravlje&#8221; cijelog vozila;<\/p>\n<p>3. Uvezena pumpa za klip, pumpa za zup\u010danik, &#8220; Drugo srce&#8221; cijelog vozila, sa stabilnijim performansama;<\/p>\n<p>4. Opremljen ure\u0111ajem za \u010di\u0161\u0107enje, pogodno je \u010di\u0161\u0107enje spremnika i drugih dijelova bilo kada i bilo gdje;<\/p>\n<p>5. Uvezeni reduktor motora, ure\u0111aj za pogon valjaka;<\/p>\n<p>6. Samorazvijeni rotiraju\u0107i ure\u0111aj za zatvaranje na ustima rezervoara omogu\u0107ava tijelu rezervoara da utovara vi\u0161e betona;<\/p>\n<p>7. Konzola za pra\u0107enje, razli\u010diti instrumenti i ekrani za pra\u0107enje \u010dine da je voza\u010du lak\u0161e direktno pratiti status vozila;<\/p>\n<p>8. opremljen je ure\u0111ajem za pra\u0107enje i alarm za okretanje, koji je pogodan za voza\u010da da se okrene u podzemnom ili uskom okru\u017eenju i osigurava sigurnost gra\u0111evinskog osoblja.<\/p>\n<p><strong>Tehni\u010dki parametri<\/strong><\/p>\n<p>(1) Specifikacije vozila<\/p>\n<table class=\"table\" border=\"0\" width=\"100%\" cellspacing=\"0\" cellpadding=\"0\">\n<tbody>\n<tr class=\"firstRow\">\n<td width=\"45\">Ne, ne.<\/td>\n<td colspan=\"2\" width=\"250\">Opcije<\/td>\n<td width=\"269\">Specifikacija<\/td>\n<\/tr>\n<tr>\n<td width=\"45\">1<\/td>\n<td colspan=\"2\" width=\"250\">Tip<\/td>\n<td width=\"269\">JC4.5<\/td>\n<\/tr>\n<tr>\n<td width=\"45\">2<\/td>\n<td colspan=\"2\" width=\"250\">Efektivna volumen (m\u00b3)<\/td>\n<td width=\"269\">4.5<\/td>\n<\/tr>\n<tr>\n<td width=\"45\">3<\/td>\n<td colspan=\"2\" width=\"250\">Te\u017eina (kg)<\/td>\n<td width=\"269\">13000<\/td>\n<\/tr>\n<tr>\n<td width=\"45\">4<\/td>\n<td colspan=\"2\" width=\"250\">Nazivna masa optere\u0107enja (kg)<\/td>\n<td width=\"269\">11000<\/td>\n<\/tr>\n<tr>\n<td width=\"45\">5<\/td>\n<td colspan=\"2\" width=\"250\">Ukupne dimenzije vozila ((D\u00d7W\u00d7H)) ((mm)<\/td>\n<td width=\"269\">6750\u00d72360\u00d72550<\/td>\n<\/tr>\n<tr>\n<td width=\"45\">6<\/td>\n<td colspan=\"2\" width=\"250\">Maksimalna brzina bubnja za mije\u0161anje (r\/min)<\/td>\n<td width=\"269\">18<\/td>\n<\/tr>\n<tr>\n<td width=\"45\">7<\/td>\n<td colspan=\"2\" width=\"250\">Brzina brzina spremnika za mije\u0161anje<\/td>\n<td width=\"269\">Tre\u0107i zup\u010danik (naprijed, sredinom, nazad)<\/td>\n<\/tr>\n<tr>\n<td width=\"45\">8<\/td>\n<td colspan=\"2\" width=\"250\">Brzina iskrivanja (m\u00b3\/min)<\/td>\n<td width=\"269\">\u22650-0.8Bezkora\u010dno podesivo<\/td>\n<\/tr>\n<tr>\n<td width=\"45\">9<\/td>\n<td colspan=\"2\" width=\"250\">Re\u017eim prijenosa rezervoara za hitne slu\u010dajeve<\/td>\n<td width=\"269\">Civovod za hitne slu\u010dajeve, ru\u010dni rezervoar za hitne slu\u010dajeve<\/td>\n<\/tr>\n<tr>\n<td width=\"45\">10<\/td>\n<td colspan=\"2\" width=\"250\">\u010ci\u0161\u0107enje vozila<\/td>\n<td width=\"269\">Sa opremom za pranje automobila (ure\u0111aj)<\/td>\n<\/tr>\n<tr>\n<td width=\"45\">11<\/td>\n<td colspan=\"2\" width=\"250\">Re\u017eim vo\u017enje<\/td>\n<td width=\"269\">4\u00d74<\/td>\n<\/tr>\n<tr>\n<td width=\"45\">12<\/td>\n<td colspan=\"2\" width=\"250\">Podmazivanje nosa\u010da rezervoara<\/td>\n<td width=\"269\">Za\u0161tita od zape\u010da\u0107enja, mast od molibdenovog disulfida<\/td>\n<\/tr>\n<tr>\n<td width=\"45\">13<\/td>\n<td colspan=\"2\" width=\"250\">Kapacitet penjanja (\u00b0) (uzdu\u017eni \/ popre\u010dni)<\/td>\n<td width=\"269\">14\/7<\/td>\n<\/tr>\n<tr>\n<td width=\"45\">14<\/td>\n<td colspan=\"2\" width=\"250\">Razred kota\u010da (mm)<\/td>\n<td width=\"269\">3300<\/td>\n<\/tr>\n<tr>\n<td width=\"45\">15<\/td>\n<td colspan=\"2\" width=\"250\">Tr\u010danje (mm)<\/td>\n<td width=\"269\">2045<\/td>\n<\/tr>\n<tr>\n<td rowspan=\"6\" width=\"45\">16<\/td>\n<td rowspan=\"2\" width=\"181\">Minimalni radius kapaciteta prolaska (mm) (mm)<\/td>\n<td width=\"69\">unutra<\/td>\n<td width=\"269\">2750<\/td>\n<\/tr>\n<tr>\n<td width=\"69\">napolju<\/td>\n<td width=\"269\">5300<\/td>\n<\/tr>\n<tr>\n<td rowspan=\"4\" width=\"181\">Brzina putovanja (km \/ h)<br \/>\n(suhi i tvrdi plo\u010dnik)<\/td>\n<td width=\"69\">\u2160<\/td>\n<td width=\"269\">4<\/td>\n<\/tr>\n<tr>\n<td width=\"69\">\u2161<\/td>\n<td width=\"269\">9<\/td>\n<\/tr>\n<tr>\n<td width=\"69\">\u2162<\/td>\n<td width=\"269\"><\/td>\n<\/tr>\n<tr>\n<td width=\"69\">\u2163<\/td>\n<td width=\"269\"><\/td>\n<\/tr>\n<tr>\n<td width=\"45\">17<\/td>\n<td colspan=\"2\" width=\"250\">Maksimalna vu\u010dna snaga (KN)<\/td>\n<td width=\"269\">140<\/td>\n<\/tr>\n<tr>\n<td width=\"45\">18<\/td>\n<td colspan=\"2\" width=\"250\">Sistem suspenzije<\/td>\n<td width=\"269\">Tvrda ljulja\u010dka greda<\/td>\n<\/tr>\n<tr>\n<td width=\"45\">19<\/td>\n<td colspan=\"2\" width=\"250\">Visina isklju\u010divanja (mm)<\/td>\n<td width=\"269\">1800<\/td>\n<\/tr>\n<tr>\n<td width=\"45\">20<\/td>\n<td colspan=\"2\" width=\"250\">Minimalna razdaljina od zemlje ((mm))<\/td>\n<td width=\"269\">300<\/td>\n<\/tr>\n<\/tbody>\n<\/table>\n<p>(2) Konfiguracija kabine<\/p>\n<table class=\"table\" border=\"0\" width=\"100%\" cellspacing=\"0\" cellpadding=\"0\">\n<tbody>\n<tr class=\"firstRow\">\n<td width=\"44\">Ne, ne.<\/td>\n<td colspan=\"2\" width=\"251\">Opcije<\/td>\n<td width=\"266\">Specifikacija<\/td>\n<\/tr>\n<tr>\n<td width=\"44\">1<\/td>\n<td colspan=\"2\" width=\"251\">taksijem<\/td>\n<td width=\"266\">Jedinstvena metalna kabina<\/td>\n<\/tr>\n<tr>\n<td width=\"44\">2<\/td>\n<td colspan=\"2\" width=\"251\">Kontrolni ure\u0111aj<\/td>\n<td width=\"266\">Po\u010detak, upravljanje, ubrzanje, ko\u010denje, parkiranje, pomicanje i drugi uzdu\u017eni ure\u0111aji<\/td>\n<\/tr>\n<tr>\n<td rowspan=\"3\" width=\"44\">3<\/td>\n<td rowspan=\"3\" width=\"117\">Kontrolni ure\u0111aj<br \/>\nKontrolna sila (n)<\/td>\n<td width=\"134\">Volan<\/td>\n<td width=\"266\">\u226450<\/td>\n<\/tr>\n<tr>\n<td width=\"134\">Pedala za stopala<\/td>\n<td width=\"266\">\u2264350<\/td>\n<\/tr>\n<tr>\n<td width=\"134\">Kontrolna ru\u010dka<\/td>\n<td width=\"266\">\u2264120<\/td>\n<\/tr>\n<tr>\n<td width=\"44\">4<\/td>\n<td colspan=\"2\" width=\"251\">Instrument za prikaz<\/td>\n<td width=\"266\">Mjerilo pritiska ulja, voltmetar, temperaturometar vode, tachometer motora, brzometar, mjernik goriva, mjernik pritiska ko\u010dnica itd.<\/td>\n<\/tr>\n<tr>\n<td width=\"44\">5<\/td>\n<td colspan=\"2\" width=\"251\">Obrazac sjedala<\/td>\n<td width=\"266\">Prolje\u0107e, podesivo prednje i stra\u017enje<\/td>\n<\/tr>\n<\/tbody>\n<\/table>\n<p>(3) Sistem dizel motora<\/p>\n<table class=\"table\" border=\"0\" width=\"100%\" cellspacing=\"0\" cellpadding=\"0\">\n<tbody>\n<tr class=\"firstRow\">\n<td width=\"43\">Ne, ne.<\/td>\n<td width=\"268\">Opcije<\/td>\n<td width=\"249\">Specifikacija<\/td>\n<\/tr>\n<tr>\n<td width=\"43\">1<\/td>\n<td width=\"268\">Tip<\/td>\n<td width=\"249\">6CTAA8.3-C215<\/td>\n<\/tr>\n<tr>\n<td width=\"43\">2<\/td>\n<td width=\"268\">Raspored cilindra<\/td>\n<td width=\"249\">Inline<\/td>\n<\/tr>\n<tr>\n<td width=\"43\">3<\/td>\n<td width=\"268\">Nazivna snaga \/ brzina (kW\/rpm)<\/td>\n<td width=\"249\">160\/2200<\/td>\n<\/tr>\n<tr>\n<td width=\"43\">4<\/td>\n<td width=\"268\">Maksimalni obrtni moment (Nm)\/(r\/min)<\/td>\n<td width=\"249\">980\/1500<\/td>\n<\/tr>\n<tr>\n<td width=\"43\">5<\/td>\n<td width=\"268\">Smer rotacije (okrenut prema volanu)<\/td>\n<td width=\"249\">Proti smeru satara<\/td>\n<\/tr>\n<tr>\n<td width=\"43\">6<\/td>\n<td width=\"268\">Minimalna stabilna radna brzina (r\/min)<\/td>\n<td width=\"249\">800\u00b150<\/td>\n<\/tr>\n<tr>\n<td width=\"43\">7<\/td>\n<td width=\"268\">Na\u010din snabdevanja gorivom<\/td>\n<td width=\"249\">Direktno ubrizgavanje<\/td>\n<\/tr>\n<tr>\n<td width=\"43\">8<\/td>\n<td width=\"268\">Raspored (L)<\/td>\n<td width=\"249\">8.3<\/td>\n<\/tr>\n<tr>\n<td width=\"43\">9<\/td>\n<td width=\"268\">Prosje\u010dna stopa potro\u0161nje goriva (g\/KWh)<\/td>\n<td width=\"249\">212<\/td>\n<\/tr>\n<tr>\n<td width=\"43\">10<\/td>\n<td width=\"268\">Bor \/ udarac ((mm)<\/td>\n<td width=\"249\">114\/135<\/td>\n<\/tr>\n<tr>\n<td width=\"43\">11<\/td>\n<td width=\"268\">Umjer kompresije<\/td>\n<td width=\"249\">17.3\uff1a1<\/td>\n<\/tr>\n<tr>\n<td width=\"43\">12<\/td>\n<td width=\"268\">Re\u017eim unosa<\/td>\n<td width=\"249\">Turbopunjenje, me\u0111urashla\u0111ivanje ulaza<\/td>\n<\/tr>\n<tr>\n<td width=\"43\">13<\/td>\n<td width=\"268\">Izpu\u0161ni na\u010din<\/td>\n<td width=\"249\">\u010ci\u0161\u0107enje i uti\u0161avanje gasa za rep<\/td>\n<\/tr>\n<tr>\n<td width=\"43\">14<\/td>\n<td width=\"268\">Specifikacija goriva<\/td>\n<td width=\"249\">0 ~ 35 Dizel ulje<\/td>\n<\/tr>\n<\/tbody>\n<\/table>\n<p>(4) Parametri prijenosa<\/p>\n<table class=\"table\" border=\"0\" width=\"100%\" cellspacing=\"0\" cellpadding=\"0\">\n<tbody>\n<tr class=\"firstRow\">\n<td width=\"43\">Ne, ne.<\/td>\n<td colspan=\"2\" width=\"252\">Opcije<\/td>\n<td width=\"264\">Specifikacija<\/td>\n<\/tr>\n<tr>\n<td width=\"43\">1<\/td>\n<td colspan=\"2\" width=\"252\">Model prijenosa<\/td>\n<td width=\"264\">R32421-679<\/td>\n<\/tr>\n<tr>\n<td width=\"43\">2<\/td>\n<td colspan=\"2\" width=\"252\">Proizvo\u0111a\u010d menja\u010da<\/td>\n<td width=\"264\">DANA<\/td>\n<\/tr>\n<tr>\n<td width=\"43\">3<\/td>\n<td colspan=\"2\" width=\"252\">Tip menja\u010da<\/td>\n<td width=\"264\">Menja\u010d za menjanje snage<\/td>\n<\/tr>\n<tr>\n<td width=\"43\">4<\/td>\n<td rowspan=\"7\" width=\"85\">Odnos brzine \/ brzine<\/td>\n<td width=\"167\">\u2160<\/td>\n<td width=\"264\">4.64<\/td>\n<\/tr>\n<tr>\n<td width=\"43\">5<\/td>\n<td width=\"167\">\u2161<\/td>\n<td width=\"264\">2.24<\/td>\n<\/tr>\n<tr>\n<td width=\"43\">6<\/td>\n<td width=\"167\">\u2162<\/td>\n<td width=\"264\">1.29<\/td>\n<\/tr>\n<tr>\n<td width=\"43\">7<\/td>\n<td width=\"167\">\u2163<\/td>\n<td width=\"264\">0.75<\/td>\n<\/tr>\n<tr>\n<td width=\"43\">8<\/td>\n<td width=\"167\">R1<\/td>\n<td width=\"264\">4.64<\/td>\n<\/tr>\n<tr>\n<td width=\"43\">9<\/td>\n<td width=\"167\">R2<\/td>\n<td width=\"264\">2.24<\/td>\n<\/tr>\n<tr>\n<td width=\"43\">10<\/td>\n<td width=\"167\">R3<\/td>\n<td width=\"264\">1.29<\/td>\n<\/tr>\n<tr>\n<td width=\"43\">11<\/td>\n<td width=\"85\"><\/td>\n<td width=\"167\">R4<\/td>\n<td width=\"264\">0.75<\/td>\n<\/tr>\n<\/tbody>\n<\/table>\n<p>(5) Sistem pogona<\/p>\n<table class=\"table\" border=\"0\" width=\"100%\" cellspacing=\"0\" cellpadding=\"0\">\n<tbody>\n<tr class=\"firstRow\">\n<td width=\"46\">Ne, ne.<\/td>\n<td width=\"251\">Opcije<\/td>\n<td width=\"263\">Specifikacija<\/td>\n<\/tr>\n<tr>\n<td width=\"46\">1<\/td>\n<td width=\"251\">Na\u010din prijenosa<\/td>\n<td width=\"263\">Hidromehani\u010dki prenos<\/td>\n<\/tr>\n<tr>\n<td width=\"46\">2<\/td>\n<td width=\"251\">Model osovine (prednja \/ stra\u017enja)<\/td>\n<td width=\"263\">10052406<\/td>\n<\/tr>\n<tr>\n<td width=\"46\">3<\/td>\n<td width=\"251\">Omjer brzine osovine (prednja \/ stra\u017enja)<\/td>\n<td width=\"263\">18.6\/18.6<\/td>\n<\/tr>\n<tr>\n<td width=\"46\">4<\/td>\n<td width=\"251\">Proizvo\u0111a\u010d osovine (prednja \/ stra\u017enja)<\/td>\n<td width=\"263\">DANA<\/td>\n<\/tr>\n<tr>\n<td width=\"46\">5<\/td>\n<td width=\"251\">Veli\u010dina i model guma (prednja \/ stra\u017enja)<\/td>\n<td width=\"263\">12.00-20<\/td>\n<\/tr>\n<tr>\n<td width=\"46\">6<\/td>\n<td width=\"251\">Vrsta guma (prednja \/ stra\u017enja)<\/td>\n<td width=\"263\">Pneumati\u010dka guma<\/td>\n<\/tr>\n<\/tbody>\n<\/table>\n<p>(6) Ko\u010dnini sistem<\/p>\n<table class=\"table\" border=\"0\" width=\"100%\" cellspacing=\"0\" cellpadding=\"0\">\n<tbody>\n<tr class=\"firstRow\">\n<td width=\"47\">Ne, ne.<\/td>\n<td width=\"272\">Opcije<\/td>\n<td width=\"241\">Specifikacija<\/td>\n<\/tr>\n<tr>\n<td width=\"47\">1<\/td>\n<td width=\"272\">Vrsta ko\u010dnice<\/td>\n<td width=\"241\">Mokra ko\u010dnica<\/td>\n<\/tr>\n<tr>\n<td width=\"47\">2<\/td>\n<td width=\"272\">Pomeranje ko\u010dnice (ml \/ R) \/ pritisak (MPA)<\/td>\n<td width=\"241\">30\/20<\/td>\n<\/tr>\n<tr>\n<td width=\"47\">3<\/td>\n<td width=\"272\">Radno ko\u010denje<\/td>\n<td width=\"241\">Hidrauli\u010dna ko\u010dnica \/ osloba\u0111anje opruge<\/td>\n<\/tr>\n<tr>\n<td width=\"47\">4<\/td>\n<td width=\"272\">Tip hitne \/ parkirne ko\u010dnice<\/td>\n<td width=\"241\">Proljetna ko\u010dnica \/ hidrauli\u010dno osloba\u0111anje<\/td>\n<\/tr>\n<tr>\n<td width=\"47\">5<\/td>\n<td width=\"272\">Udaljenost ko\u010denja (m) (20 km \/ h suha tvrda cesta)<\/td>\n<td width=\"241\">U redu.  8<\/td>\n<\/tr>\n<\/tbody>\n<\/table>\n<p><img decoding=\"async\" class=\"alignnone wp-image-1316 size-full\" src=\"http:\/\/www.zongdamining.com\/wp-content\/uploads\/2022\/12\/underground-concrete-mixing-truck-for-coal50248970766.jpg\" alt=\"\" width=\"730\" height=\"730\" srcset=\"https:\/\/www.zongdamining.com\/wp-content\/uploads\/2022\/12\/underground-concrete-mixing-truck-for-coal50248970766.jpg 730w, https:\/\/www.zongdamining.com\/wp-content\/uploads\/2022\/12\/underground-concrete-mixing-truck-for-coal50248970766-300x300.jpg 300w, https:\/\/www.zongdamining.com\/wp-content\/uploads\/2022\/12\/underground-concrete-mixing-truck-for-coal50248970766-150x150.jpg 150w, https:\/\/www.zongdamining.com\/wp-content\/uploads\/2022\/12\/underground-concrete-mixing-truck-for-coal50248970766-600x600.jpg 600w, https:\/\/www.zongdamining.com\/wp-content\/uploads\/2022\/12\/underground-concrete-mixing-truck-for-coal50248970766-100x100.jpg 100w\" sizes=\"(max-width: 730px) 100vw, 730px\" \/><\/p>\n<p>Podzemni kamion za mije\u0161anje betona \u0161iroko se koristi u rudnicima u Kini i \u0161irom svijeta.<\/p>","protected":false},"excerpt":{"rendered":"<p>Podzemni kamion za mije\u0161anje betona za rudnik ugljena uglavnom se koristi za transport betona u tvrdljenju povr\u0161ine puta podzemnog rudnika ugljena.<\/p>\n<div class=\"btn clearfix\"><\/div>","protected":false},"featured_media":1321,"comment_status":"open","ping_status":"closed","template":"","meta":{"_acf_changed":false},"product_brand":[],"product_cat":[15],"product_tag":[],"class_list":{"0":"post-1313","1":"product","2":"type-product","3":"status-publish","4":"has-post-thumbnail","6":"product_cat-trackless-mining-equipment","8":"first","9":"instock","10":"shipping-taxable","11":"product-type-simple"},"acf":[],"_links":{"self":[{"href":"https:\/\/www.zongdamining.com\/bs\/wp-json\/wp\/v2\/product\/1313","targetHints":{"allow":["GET"]}}],"collection":[{"href":"https:\/\/www.zongdamining.com\/bs\/wp-json\/wp\/v2\/product"}],"about":[{"href":"https:\/\/www.zongdamining.com\/bs\/wp-json\/wp\/v2\/types\/product"}],"replies":[{"embeddable":true,"href":"https:\/\/www.zongdamining.com\/bs\/wp-json\/wp\/v2\/comments?post=1313"}],"wp:featuredmedia":[{"embeddable":true,"href":"https:\/\/www.zongdamining.com\/bs\/wp-json\/wp\/v2\/media\/1321"}],"wp:attachment":[{"href":"https:\/\/www.zongdamining.com\/bs\/wp-json\/wp\/v2\/media?parent=1313"}],"wp:term":[{"taxonomy":"product_brand","embeddable":true,"href":"https:\/\/www.zongdamining.com\/bs\/wp-json\/wp\/v2\/product_brand?post=1313"},{"taxonomy":"product_cat","embeddable":true,"href":"https:\/\/www.zongdamining.com\/bs\/wp-json\/wp\/v2\/product_cat?post=1313"},{"taxonomy":"product_tag","embeddable":true,"href":"https:\/\/www.zongdamining.com\/bs\/wp-json\/wp\/v2\/product_tag?post=1313"}],"curies":[{"name":"wp","href":"https:\/\/api.w.org\/{rel}","templated":true}]}}