{"id":1329,"date":"2022-12-12T12:26:07","date_gmt":"2022-12-12T04:26:07","guid":{"rendered":"http:\/\/www.zongdamining.com\/?post_type=product&#038;p=1329"},"modified":"2022-12-12T15:16:07","modified_gmt":"2022-12-12T07:16:07","slug":"diesel-chinese-engine-underground-mining-dump-truck","status":"publish","type":"product","link":"https:\/\/www.zongdamining.com\/bs\/product\/diesel-chinese-engine-underground-mining-dump-truck\/","title":{"rendered":"Dizel kineski motor podzemni rudarski dump kamion"},"content":{"rendered":"<p><img fetchpriority=\"high\" decoding=\"async\" class=\"alignnone wp-image-1332 size-full\" src=\"http:\/\/www.zongdamining.com\/wp-content\/uploads\/2022\/12\/diesel-chinese-engine-underground-mining-dump20550619451.jpg\" alt=\"\" width=\"730\" height=\"730\" srcset=\"https:\/\/www.zongdamining.com\/wp-content\/uploads\/2022\/12\/diesel-chinese-engine-underground-mining-dump20550619451.jpg 730w, https:\/\/www.zongdamining.com\/wp-content\/uploads\/2022\/12\/diesel-chinese-engine-underground-mining-dump20550619451-300x300.jpg 300w, https:\/\/www.zongdamining.com\/wp-content\/uploads\/2022\/12\/diesel-chinese-engine-underground-mining-dump20550619451-150x150.jpg 150w, https:\/\/www.zongdamining.com\/wp-content\/uploads\/2022\/12\/diesel-chinese-engine-underground-mining-dump20550619451-600x600.jpg 600w, https:\/\/www.zongdamining.com\/wp-content\/uploads\/2022\/12\/diesel-chinese-engine-underground-mining-dump20550619451-100x100.jpg 100w\" sizes=\"(max-width: 730px) 100vw, 730px\" \/><\/p>\n<p><strong>Aplikacijsko okru\u017eenje<\/strong><\/p>\n<p>1. Mo\u017ee se koristiti na temperaturi okoline (- 15 \u2103 ~ 40 \u2103).<\/p>\n<p>2. Koristi se u podru\u010djima sa visinom od ne vi\u0161e od (2000) M.<\/p>\n<p>3. Normalna upotreba u okru\u017eenju sa vla\u017eno\u0161\u0107u ne ve\u0107om od 95% (25 \u2103).<\/p>\n<p>4. Mo\u017ee se normalno koristiti u rudnicima metala ili nemetala.<\/p>\n<p>5. Pod rudnikom treba da postoji dovoljan kapacitet ventilacije, a sastav okoli\u0161nog vazduha treba da ispunjava zahtjeve &lt; U redu. sigurnosnim propisima za rudnike metala i nemetala &gt; Da. (2006).<\/p>\n<p><strong>Glavni tehni\u010dki parametri<\/strong><\/p>\n<p>&nbsp;<\/p>\n<table class=\"table\" border=\"0\" width=\"100%\" cellspacing=\"0\" cellpadding=\"0\">\n<tbody>\n<tr class=\"firstRow\">\n<td width=\"52\"><strong>Ne, ne.<\/strong><\/td>\n<td colspan=\"2\" width=\"212\"><strong>OPCIJE<\/strong><\/td>\n<td colspan=\"2\" width=\"280\"><strong>Specifikacija<\/strong><\/td>\n<\/tr>\n<tr>\n<td align=\"center\" valign=\"middle\" width=\"52\">1<\/td>\n<td colspan=\"2\" align=\"center\" valign=\"middle\" width=\"212\">Tip<\/td>\n<td colspan=\"2\" width=\"280\">Ujedinjeno Kraljevstvo-20<\/td>\n<\/tr>\n<tr>\n<td align=\"center\" valign=\"middle\" width=\"52\">2<\/td>\n<td colspan=\"2\" align=\"center\" valign=\"middle\" width=\"212\">Nazivno optere\u0107enje (kg)<\/td>\n<td colspan=\"2\" width=\"280\">20000<\/td>\n<\/tr>\n<tr>\n<td align=\"center\" valign=\"middle\" width=\"52\">3<\/td>\n<td colspan=\"2\" align=\"center\" valign=\"middle\" width=\"212\">Te\u017eina (kg)<\/td>\n<td colspan=\"2\" width=\"280\">13000<\/td>\n<\/tr>\n<tr>\n<td align=\"center\" valign=\"middle\" width=\"52\">4<\/td>\n<td colspan=\"2\" align=\"center\" valign=\"middle\" width=\"212\">Ukupne dimenzije (D \u00d7 W \u00d7 H) (mm)<\/td>\n<td colspan=\"2\" width=\"280\">7656\u00d72570\u00d72573<\/td>\n<\/tr>\n<tr>\n<td align=\"center\" valign=\"middle\" width=\"52\">5<\/td>\n<td colspan=\"2\" align=\"center\" valign=\"middle\" width=\"212\">Maksimalna vu\u010dna snaga (KN)<\/td>\n<td colspan=\"2\" width=\"280\">198<\/td>\n<\/tr>\n<tr>\n<td align=\"center\" valign=\"middle\" width=\"52\">6<\/td>\n<td colspan=\"2\" align=\"center\" valign=\"middle\" width=\"212\">Re\u017eim vo\u017enje<\/td>\n<td colspan=\"2\" width=\"280\">6\u00d74 pogon na \u010detiri kota\u010da<\/td>\n<\/tr>\n<tr>\n<td align=\"center\" valign=\"middle\" width=\"52\">7<\/td>\n<td colspan=\"2\" align=\"center\" valign=\"middle\" width=\"212\">Na\u010din prijenosa<\/td>\n<td colspan=\"2\" width=\"280\">Mehani\u010dki pogon<\/td>\n<\/tr>\n<tr>\n<td align=\"center\" valign=\"middle\" width=\"52\">8<\/td>\n<td colspan=\"2\" align=\"center\" valign=\"middle\" width=\"212\">Minimalna razdaljina od zemlje ((mm))<\/td>\n<td colspan=\"2\" width=\"280\">280<\/td>\n<\/tr>\n<tr>\n<td rowspan=\"2\" align=\"center\" valign=\"middle\" width=\"52\">9<\/td>\n<td rowspan=\"2\" align=\"center\" valign=\"middle\" width=\"123\">Re\u017eim ko\u010denja<\/td>\n<td align=\"center\" valign=\"middle\" width=\"89\">Radno ko\u010denje<\/td>\n<td colspan=\"2\" width=\"280\">Proljetna ko\u010dnica, hidrauli\u010dno osloba\u0111anje<\/td>\n<\/tr>\n<tr>\n<td align=\"center\" valign=\"middle\" width=\"89\">Parkira\u010dka ko\u010dnica<\/td>\n<td colspan=\"2\" width=\"280\">Proljetna ko\u010dnica, hidrauli\u010dno osloba\u0111anje<\/td>\n<\/tr>\n<tr>\n<td align=\"center\" valign=\"middle\" width=\"52\">10<\/td>\n<td colspan=\"2\" align=\"center\" valign=\"middle\" width=\"212\">Kapacitet penjanja (\u00b0) (uzdu\u017eni \/ popre\u010dni)<\/td>\n<td colspan=\"2\" width=\"280\">14\/5<\/td>\n<\/tr>\n<tr>\n<td align=\"center\" valign=\"middle\" width=\"52\">11<\/td>\n<td colspan=\"2\" align=\"center\" valign=\"middle\" width=\"212\">Razred kota\u010da (mm)<\/td>\n<td colspan=\"2\" width=\"280\">3650+1350<\/td>\n<\/tr>\n<tr>\n<td align=\"center\" valign=\"middle\" width=\"52\">12<\/td>\n<td colspan=\"2\" align=\"center\" valign=\"middle\" width=\"212\">\u0160irina staze (prednja \/ stra\u017enja) (mm)<\/td>\n<td colspan=\"2\" width=\"280\">2060\/1860<\/td>\n<\/tr>\n<tr>\n<td rowspan=\"2\" align=\"center\" valign=\"middle\" width=\"52\">13<\/td>\n<td rowspan=\"2\" align=\"center\" valign=\"middle\" width=\"123\">Minimalni polumen prolaznog kapaciteta ((mm))<\/td>\n<td align=\"center\" valign=\"middle\" width=\"89\">unutra<\/td>\n<td colspan=\"2\" width=\"280\">5600<\/td>\n<\/tr>\n<tr>\n<td align=\"center\" valign=\"middle\" width=\"89\">Vani.<\/td>\n<td colspan=\"2\" width=\"280\">9500<\/td>\n<\/tr>\n<tr>\n<td rowspan=\"6\" align=\"center\" valign=\"middle\" width=\"52\">14<\/td>\n<td colspan=\"2\" rowspan=\"6\" align=\"center\" valign=\"middle\" width=\"212\">Brzina putovanja (km \/ h) (suhi i tvrdi plo\u010dnik)<\/td>\n<td width=\"136\">I<\/td>\n<td width=\"144\">7.2<\/td>\n<\/tr>\n<tr>\n<td width=\"136\">II<\/td>\n<td width=\"144\">12.2<\/td>\n<\/tr>\n<tr>\n<td width=\"136\">III<\/td>\n<td width=\"144\"><\/td>\n<\/tr>\n<tr>\n<td width=\"136\">IV<\/td>\n<td width=\"144\"><\/td>\n<\/tr>\n<tr>\n<td width=\"136\">V<\/td>\n<td width=\"144\"><\/td>\n<\/tr>\n<tr>\n<td width=\"136\">Obrnuti zup\u010danik<\/td>\n<td width=\"144\"><\/td>\n<\/tr>\n<tr>\n<td align=\"center\" valign=\"middle\" width=\"52\">15<\/td>\n<td colspan=\"2\" align=\"center\" valign=\"middle\" width=\"212\">Standard emisije<\/td>\n<td colspan=\"2\" width=\"280\">GB 17691-2005 faza III standard emisija<\/td>\n<\/tr>\n<tr>\n<td align=\"center\" valign=\"middle\" width=\"52\">16<\/td>\n<td colspan=\"2\" align=\"center\" valign=\"middle\" width=\"212\">Na\u010din pokretanja<\/td>\n<td colspan=\"2\" width=\"280\">Elektri\u010dni start<\/td>\n<\/tr>\n<tr>\n<td align=\"center\" valign=\"middle\" width=\"52\">17<\/td>\n<td colspan=\"2\" align=\"center\" valign=\"middle\" width=\"212\">Prilagoditi se rasponu temperature okoline (\u00b0C)<\/td>\n<td colspan=\"2\" width=\"280\">-15\uff5e40<\/td>\n<\/tr>\n<tr>\n<td align=\"center\" valign=\"middle\" width=\"52\">18<\/td>\n<td colspan=\"2\" align=\"center\" valign=\"middle\" width=\"212\">Maksimalna veli\u010dina koja se ne mo\u017ee odvojiti (D\u00d7W\u00d7H) (mm)<\/td>\n<td colspan=\"2\" width=\"280\">5868\u00d72570\u00d71680<\/td>\n<\/tr>\n<tr>\n<td align=\"center\" valign=\"middle\" width=\"52\">19<\/td>\n<td colspan=\"2\" align=\"center\" valign=\"middle\" width=\"212\">Kori\u0161tenje o\u0161te\u0107enih dijelova i op\u0107ih dijelova<\/td>\n<td colspan=\"2\" width=\"280\">Osiguranje zamenljivosti u upotrebi<\/td>\n<\/tr>\n<tr>\n<td align=\"center\" valign=\"middle\" width=\"52\">20<\/td>\n<td colspan=\"2\" align=\"center\" valign=\"middle\" width=\"212\">Kabel za elektri\u010dnu opremu<\/td>\n<td colspan=\"2\" width=\"280\">Dizajn, proizvodnja i instalacija podr\u0161ke elektri\u010dne opreme moraju biti u skladu sa relevantnim odredbama GB5226.1<\/td>\n<\/tr>\n<tr>\n<td align=\"center\" valign=\"middle\" width=\"52\">21<\/td>\n<td colspan=\"2\" align=\"center\" valign=\"middle\" width=\"212\">Sistem za apsorpciju udara<\/td>\n<td colspan=\"2\" width=\"280\">Prednja \/ stra\u017enja opruga<\/td>\n<\/tr>\n<tr>\n<td align=\"center\" valign=\"middle\" width=\"52\">22<\/td>\n<td colspan=\"2\" align=\"center\" valign=\"middle\" width=\"212\">\u0160asija<\/td>\n<td colspan=\"2\" width=\"280\">Samokontrola<\/td>\n<\/tr>\n<tr>\n<td align=\"center\" valign=\"middle\" width=\"52\">23<\/td>\n<td colspan=\"2\" align=\"center\" valign=\"middle\" width=\"212\">Ure\u0111aj za ga\u0161enje po\u017eara<\/td>\n<td colspan=\"2\" width=\"280\">Dva prenosna gasila za po\u017ear u suhom prahu od 4 kg<\/td>\n<\/tr>\n<tr>\n<td align=\"center\" valign=\"middle\" width=\"52\">24<\/td>\n<td colspan=\"2\" align=\"center\" valign=\"middle\" width=\"212\">Konfiguracija repa<\/td>\n<td colspan=\"2\" width=\"280\">Opremljen vu\u010denjem<\/td>\n<\/tr>\n<tr>\n<td align=\"center\" valign=\"middle\" width=\"52\">25<\/td>\n<td colspan=\"2\" align=\"center\" valign=\"middle\" width=\"212\">Boja tijela<\/td>\n<td colspan=\"2\" width=\"280\">In\u017eenjerska \u017euta<\/td>\n<\/tr>\n<\/tbody>\n<\/table>\n<p>&nbsp;<\/p>\n<p>(2) Konfiguracija automobila i kabine<\/p>\n<p>&nbsp;<\/p>\n<table class=\"table\" border=\"0\" width=\"100%\" cellspacing=\"0\" cellpadding=\"0\">\n<tbody>\n<tr class=\"firstRow\">\n<td width=\"53\"><strong>Ne, ne.<\/strong><\/td>\n<td width=\"204\"><strong>OPCIJE<\/strong><\/td>\n<td width=\"287\"><strong>Specifikacija<\/strong><\/td>\n<\/tr>\n<tr>\n<td align=\"center\" valign=\"middle\" width=\"53\">1<\/td>\n<td align=\"center\" valign=\"middle\" width=\"204\">Manipulacija sadr\u017eajem<\/td>\n<td width=\"287\">Pokretanje, upravljanje, ubrzanje, rad i hitno ko\u010denje, pomicanje<\/td>\n<\/tr>\n<tr>\n<td align=\"center\" valign=\"middle\" width=\"53\">2<\/td>\n<td align=\"center\" valign=\"middle\" width=\"204\">Instrument za prikaz<\/td>\n<td width=\"287\">Volumen ulja, brzina, brzina, svjetlo gre\u0161ke motora, sistemski manometar, manometar ko\u010dnice<\/td>\n<\/tr>\n<tr>\n<td align=\"center\" valign=\"middle\" width=\"53\">3<\/td>\n<td align=\"center\" valign=\"middle\" width=\"204\">Vrata automobila<\/td>\n<td width=\"287\">Jednosobna vrata<\/td>\n<\/tr>\n<tr>\n<td align=\"center\" valign=\"middle\" width=\"53\">4<\/td>\n<td align=\"center\" valign=\"middle\" width=\"204\">Ure\u0111aj za upozorenje<\/td>\n<td width=\"287\">Postavite znakove upozorenja, koji uglavnom uklju\u010duju: upozorenja tokom vo\u017enje, upozorenja tokom pokretanja i zaustavljanja, neophodne savjete za rad za ko\u010denje itd.<\/td>\n<\/tr>\n<tr>\n<td align=\"center\" valign=\"middle\" width=\"53\">5<\/td>\n<td align=\"center\" valign=\"middle\" width=\"204\">Greja\u010d<\/td>\n<td width=\"287\">Da.<\/td>\n<\/tr>\n<tr>\n<td align=\"center\" valign=\"middle\" width=\"53\">6<\/td>\n<td align=\"center\" valign=\"middle\" width=\"204\">Klima ure\u0111aj<\/td>\n<td width=\"287\">Da.<\/td>\n<\/tr>\n<\/tbody>\n<\/table>\n<p>&nbsp;<\/p>\n<p>(3) Sistem dizel motora<\/p>\n<p>&nbsp;<\/p>\n<table class=\"table\" border=\"0\" width=\"100%\" cellspacing=\"0\" cellpadding=\"0\">\n<tbody>\n<tr class=\"firstRow\">\n<td width=\"52\"><strong>Ne, ne mogu.<\/strong><\/td>\n<td width=\"204\"><strong>Opcije<\/strong><\/td>\n<td width=\"289\"><strong>Specifikacija<\/strong><\/td>\n<\/tr>\n<tr>\n<td align=\"center\" valign=\"middle\" width=\"52\">1<\/td>\n<td align=\"center\" valign=\"middle\" width=\"204\">Tip<\/td>\n<td width=\"289\">YC6L290-T300<\/td>\n<\/tr>\n<tr>\n<td align=\"center\" valign=\"middle\" width=\"52\">2<\/td>\n<td align=\"center\" valign=\"middle\" width=\"204\">Raspored cilindra<\/td>\n<td width=\"289\">Inline<\/td>\n<\/tr>\n<tr>\n<td align=\"center\" valign=\"middle\" width=\"52\">3<\/td>\n<td align=\"center\" valign=\"middle\" width=\"204\">(kW\/rpm)<\/td>\n<td width=\"289\">213\/2200<\/td>\n<\/tr>\n<tr>\n<td align=\"center\" valign=\"middle\" width=\"52\">4<\/td>\n<td align=\"center\" valign=\"middle\" width=\"204\">Maksimalni obrtni moment (nm) \/ brzina (r\/min)<\/td>\n<td width=\"289\">1100\/1200-1400<\/td>\n<\/tr>\n<tr>\n<td align=\"center\" valign=\"middle\" width=\"52\">5<\/td>\n<td align=\"center\" valign=\"middle\" width=\"204\">Smer rotacije (okrenut prema volanu)<\/td>\n<td width=\"289\">Proti smeru satara<\/td>\n<\/tr>\n<tr>\n<td align=\"center\" valign=\"middle\" width=\"52\">6<\/td>\n<td align=\"center\" valign=\"middle\" width=\"204\">Minimalna stabilna radna brzina (r\/min)<\/td>\n<td width=\"289\">600-650<\/td>\n<\/tr>\n<tr>\n<td align=\"center\" valign=\"middle\" width=\"52\">7<\/td>\n<td align=\"center\" valign=\"middle\" width=\"204\">pomeranje (L)<\/td>\n<td width=\"289\">8.424<\/td>\n<\/tr>\n<tr>\n<td align=\"center\" valign=\"middle\" width=\"52\">8<\/td>\n<td align=\"center\" valign=\"middle\" width=\"204\">Prosje\u010dna stopa potro\u0161nje goriva (g\/KWh)<\/td>\n<td width=\"289\">210<\/td>\n<\/tr>\n<tr>\n<td align=\"center\" valign=\"middle\" width=\"52\">9<\/td>\n<td align=\"center\" valign=\"middle\" width=\"204\">Broj cilindra &#8211; otvor \/ udarac ((mm)<\/td>\n<td width=\"289\">6-113\/140<\/td>\n<\/tr>\n<tr>\n<td align=\"center\" valign=\"middle\" width=\"52\">10<\/td>\n<td align=\"center\" valign=\"middle\" width=\"204\">Umjer kompresije<\/td>\n<td width=\"289\">17.5\uff1a1<\/td>\n<\/tr>\n<tr>\n<td align=\"center\" valign=\"middle\" width=\"52\">11<\/td>\n<td align=\"center\" valign=\"middle\" width=\"204\">Re\u017eim unosa<\/td>\n<td width=\"289\">Turbo<\/td>\n<\/tr>\n<tr>\n<td align=\"center\" valign=\"middle\" width=\"52\">12<\/td>\n<td align=\"center\" valign=\"middle\" width=\"204\">Specifikacija goriva<\/td>\n<td width=\"289\">0 ~ 35 # Dizel<\/td>\n<\/tr>\n<tr>\n<td align=\"center\" valign=\"middle\" width=\"52\">13<\/td>\n<td align=\"center\" valign=\"middle\" width=\"204\">Na\u010din pokretanja<\/td>\n<td width=\"289\">Elektri\u010dni start<\/td>\n<\/tr>\n<\/tbody>\n<\/table>\n<p>&nbsp;<\/p>\n<p>(4) Sistem pogona<\/p>\n<p>&nbsp;<\/p>\n<table class=\"table\" border=\"0\" width=\"100%\" cellspacing=\"0\" cellpadding=\"0\">\n<tbody>\n<tr class=\"firstRow\">\n<td width=\"52\"><strong>Ne, ne mogu.<\/strong><\/td>\n<td width=\"204\"><strong>Opcije<\/strong><\/td>\n<td width=\"288\"><strong>Specifikacija<\/strong><\/td>\n<\/tr>\n<tr>\n<td align=\"center\" valign=\"middle\" width=\"52\">1<\/td>\n<td align=\"center\" valign=\"middle\" width=\"204\">Veli\u010dina i model guma (prednja \/ stra\u017enja)<\/td>\n<td width=\"288\">10.00-20-24PR<\/td>\n<\/tr>\n<tr>\n<td align=\"center\" valign=\"middle\" width=\"52\">2<\/td>\n<td align=\"center\" valign=\"middle\" width=\"204\">Vrsta guma (prednja \/ stra\u017enja)<\/td>\n<td width=\"288\">Radijalna guma<\/td>\n<\/tr>\n<\/tbody>\n<\/table>\n<p>&nbsp;<\/p>\n<p>(5) Ko\u010dnica<\/p>\n<p>&nbsp;<\/p>\n<table class=\"table\" border=\"0\" width=\"100%\" cellspacing=\"0\" cellpadding=\"0\">\n<tbody>\n<tr class=\"firstRow\">\n<td width=\"52\"><strong>Ne, ne.<\/strong><\/td>\n<td width=\"204\"><strong>Opcije<\/strong><\/td>\n<td width=\"288\"><strong>Specifikacija<\/strong><\/td>\n<\/tr>\n<tr>\n<td align=\"center\" valign=\"middle\" width=\"52\">1<\/td>\n<td align=\"center\" valign=\"middle\" width=\"204\">Vrsta radne \/ hitne \/ parkirne ko\u010dnice<\/td>\n<td width=\"288\">Vi\u0161e diskova mokra ko\u010dnica<\/td>\n<\/tr>\n<tr>\n<td align=\"center\" valign=\"middle\" width=\"52\">2<\/td>\n<td align=\"center\" valign=\"middle\" width=\"204\">Ko\u010dnica<\/td>\n<td width=\"288\">Integrisano sa mostom<\/td>\n<\/tr>\n<tr>\n<td align=\"center\" valign=\"middle\" width=\"52\">3<\/td>\n<td align=\"center\" valign=\"middle\" width=\"204\">Vrsta servisne ko\u010dnice<\/td>\n<td width=\"288\">Proljetna ko\u010dnica, hidrauli\u010dno osloba\u0111anje<\/td>\n<\/tr>\n<tr>\n<td align=\"center\" valign=\"middle\" width=\"52\">4<\/td>\n<td align=\"center\" valign=\"middle\" width=\"204\">Tip hitne \/ parkirne ko\u010dnice<\/td>\n<td width=\"288\">Proljetna ko\u010dnica, hidrauli\u010dno osloba\u0111anje<\/td>\n<\/tr>\n<tr>\n<td align=\"center\" valign=\"middle\" width=\"52\">5<\/td>\n<td align=\"center\" valign=\"middle\" width=\"204\">20km \/ h ko\u010dna udaljenost (m) (suhi i tvrdi plo\u010dnik)<\/td>\n<td width=\"288\">\u2264 8<\/td>\n<\/tr>\n<\/tbody>\n<\/table>\n<p>&nbsp;<\/p>\n<p>(6) Hidrauli\u010dki sistem<\/p>\n<p>&nbsp;<\/p>\n<table class=\"table\" border=\"0\" width=\"100%\" cellspacing=\"0\" cellpadding=\"0\">\n<tbody>\n<tr class=\"firstRow\">\n<td width=\"49\"><strong>Ne, ne.<\/strong><\/td>\n<td width=\"216\"><strong>Opcije<\/strong><\/td>\n<td width=\"276\"><strong>Specifikacija<\/strong><\/td>\n<\/tr>\n<tr>\n<td align=\"center\" valign=\"middle\" width=\"49\">1<\/td>\n<td align=\"center\" valign=\"middle\" width=\"216\">Oblik pumpe<\/td>\n<td width=\"276\">Pumpa sa dvostrukim zup\u010danikom<\/td>\n<\/tr>\n<tr>\n<td align=\"center\" valign=\"middle\" width=\"49\">2<\/td>\n<td align=\"center\" valign=\"middle\" width=\"216\">Pomeranje (pre \/ nakon) (ml \/ R)<\/td>\n<td width=\"276\">52+14<\/td>\n<\/tr>\n<tr>\n<td align=\"center\" valign=\"middle\" width=\"49\">3<\/td>\n<td align=\"center\" valign=\"middle\" width=\"216\">Volumen rezervoara za hidrauli\u010dno ulje (L)<\/td>\n<td width=\"276\">110<\/td>\n<\/tr>\n<tr>\n<td align=\"center\" valign=\"middle\" width=\"49\">4<\/td>\n<td align=\"center\" valign=\"middle\" width=\"216\">Re\u017eim filtracije<\/td>\n<td width=\"276\">Filtracija visokog pritiska \/ filtracija povratnog ulja<\/td>\n<\/tr>\n<tr>\n<td align=\"center\" valign=\"middle\" width=\"49\">5<\/td>\n<td align=\"center\" valign=\"middle\" width=\"216\">To\u010dnost filtracije (\u03bc m) (\u03bc m)<\/td>\n<td width=\"276\">10\/20<\/td>\n<\/tr>\n<\/tbody>\n<\/table>\n<p>&nbsp;<\/p>\n<p>(7) Sistem upravljanja<\/p>\n<p>&nbsp;<\/p>\n<table class=\"table\" border=\"0\" width=\"100%\" cellspacing=\"0\" cellpadding=\"0\">\n<tbody>\n<tr class=\"firstRow\">\n<td width=\"61\"><strong>Ne, ne.<\/strong><\/td>\n<td width=\"204\"><strong>Opcije<\/strong><\/td>\n<td width=\"273\"><strong>Specifikacija<\/strong><\/td>\n<\/tr>\n<tr>\n<td align=\"center\" valign=\"middle\" width=\"61\">1<\/td>\n<td align=\"center\" valign=\"middle\" width=\"204\">Re\u017eim kontrole upravljanja<\/td>\n<td width=\"273\"><\/td>\n<\/tr>\n<\/tbody>\n<\/table>\n<p>&nbsp;<\/p>\n<p>(8) Osvetljenje<\/p>\n<p>&nbsp;<\/p>\n<table class=\"table\" border=\"0\" width=\"100%\" cellspacing=\"0\" cellpadding=\"0\">\n<tbody>\n<tr class=\"firstRow\">\n<td width=\"60\"><strong>Ne, ne.<\/strong><\/td>\n<td width=\"203\"><strong>Opcije<\/strong><\/td>\n<td width=\"277\"><strong>Specifikacija<\/strong><\/td>\n<\/tr>\n<tr>\n<td align=\"center\" valign=\"middle\" width=\"60\">1<\/td>\n<td align=\"center\" valign=\"middle\" width=\"203\">Vrsta prednjeg svjetla<\/td>\n<td width=\"277\">Visoka i niska zraka<\/td>\n<\/tr>\n<tr>\n<td align=\"center\" valign=\"middle\" width=\"60\">2<\/td>\n<td align=\"center\" valign=\"middle\" width=\"203\">Koli\u010dina (jedinica)<\/td>\n<td width=\"277\">2<\/td>\n<\/tr>\n<tr>\n<td align=\"center\" valign=\"middle\" width=\"60\">3<\/td>\n<td align=\"center\" valign=\"middle\" width=\"203\">Indikator ko\u010denja, signal okretanja<\/td>\n<td width=\"277\">Da.<\/td>\n<\/tr>\n<tr>\n<td align=\"center\" valign=\"middle\" width=\"60\">4<\/td>\n<td align=\"center\" valign=\"middle\" width=\"203\">Povratna lampa (komad)<\/td>\n<td width=\"277\">2<\/td>\n<\/tr>\n<\/tbody>\n<\/table>\n<p>&nbsp;<\/p>\n<p>(9) Ure\u0111aj za upozorenje zvu\u010dnog signala<\/p>\n<table class=\"table\" border=\"0\" width=\"100%\" cellspacing=\"0\" cellpadding=\"0\">\n<tbody>\n<tr class=\"firstRow\">\n<td width=\"52\"><strong>Ne, ne.<\/strong><\/td>\n<td width=\"216\"><strong>Opcije<\/strong><\/td>\n<td width=\"276\"><strong>Specifikacija<\/strong><\/td>\n<\/tr>\n<tr>\n<td align=\"center\" valign=\"middle\" width=\"52\">1<\/td>\n<td align=\"center\" valign=\"middle\" width=\"216\">Tip<\/td>\n<td width=\"276\">Elektri\u010dni rog<\/td>\n<\/tr>\n<tr>\n<td align=\"center\" valign=\"middle\" width=\"52\">2<\/td>\n<td align=\"center\" valign=\"middle\" width=\"216\">Na\u010din rada<\/td>\n<td width=\"276\">Ru\u010dno dugme na volanu<\/td>\n<\/tr>\n<\/tbody>\n<\/table>","protected":false},"excerpt":{"rendered":"<p>1. Mo\u017ee se koristiti na temperaturi okoline (- 15 \u2103 ~ 40 \u2103).<br \/>\n2. Koristi se u podru\u010djima sa visinom od ne vi\u0161e od (2000) M.<\/p>","protected":false},"featured_media":1332,"comment_status":"open","ping_status":"closed","template":"","meta":{"_acf_changed":false},"product_brand":[],"product_cat":[15],"product_tag":[],"class_list":{"0":"post-1329","1":"product","2":"type-product","3":"status-publish","4":"has-post-thumbnail","6":"product_cat-trackless-mining-equipment","8":"first","9":"instock","10":"shipping-taxable","11":"product-type-simple"},"acf":[],"_links":{"self":[{"href":"https:\/\/www.zongdamining.com\/bs\/wp-json\/wp\/v2\/product\/1329","targetHints":{"allow":["GET"]}}],"collection":[{"href":"https:\/\/www.zongdamining.com\/bs\/wp-json\/wp\/v2\/product"}],"about":[{"href":"https:\/\/www.zongdamining.com\/bs\/wp-json\/wp\/v2\/types\/product"}],"replies":[{"embeddable":true,"href":"https:\/\/www.zongdamining.com\/bs\/wp-json\/wp\/v2\/comments?post=1329"}],"wp:featuredmedia":[{"embeddable":true,"href":"https:\/\/www.zongdamining.com\/bs\/wp-json\/wp\/v2\/media\/1332"}],"wp:attachment":[{"href":"https:\/\/www.zongdamining.com\/bs\/wp-json\/wp\/v2\/media?parent=1329"}],"wp:term":[{"taxonomy":"product_brand","embeddable":true,"href":"https:\/\/www.zongdamining.com\/bs\/wp-json\/wp\/v2\/product_brand?post=1329"},{"taxonomy":"product_cat","embeddable":true,"href":"https:\/\/www.zongdamining.com\/bs\/wp-json\/wp\/v2\/product_cat?post=1329"},{"taxonomy":"product_tag","embeddable":true,"href":"https:\/\/www.zongdamining.com\/bs\/wp-json\/wp\/v2\/product_tag?post=1329"}],"curies":[{"name":"wp","href":"https:\/\/api.w.org\/{rel}","templated":true}]}}