{"id":1330,"date":"2022-12-12T12:21:34","date_gmt":"2022-12-12T04:21:34","guid":{"rendered":"http:\/\/www.zongdamining.com\/?post_type=product&#038;p=1330"},"modified":"2022-12-12T12:21:34","modified_gmt":"2022-12-12T04:21:34","slug":"underground-exploration-drill-rig","status":"publish","type":"product","link":"https:\/\/www.zongdamining.com\/bs\/product\/underground-exploration-drill-rig\/","title":{"rendered":"Podzemna istra\u017eiva\u010dka bu\u0161ilica"},"content":{"rendered":"<p><img fetchpriority=\"high\" decoding=\"async\" class=\"alignnone wp-image-1325 size-full\" src=\"http:\/\/www.zongdamining.com\/wp-content\/uploads\/2022\/12\/underground-exploration-drill-rig39180121774.jpg\" alt=\"\" width=\"730\" height=\"730\" srcset=\"https:\/\/www.zongdamining.com\/wp-content\/uploads\/2022\/12\/underground-exploration-drill-rig39180121774.jpg 730w, https:\/\/www.zongdamining.com\/wp-content\/uploads\/2022\/12\/underground-exploration-drill-rig39180121774-300x300.jpg 300w, https:\/\/www.zongdamining.com\/wp-content\/uploads\/2022\/12\/underground-exploration-drill-rig39180121774-150x150.jpg 150w, https:\/\/www.zongdamining.com\/wp-content\/uploads\/2022\/12\/underground-exploration-drill-rig39180121774-600x600.jpg 600w, https:\/\/www.zongdamining.com\/wp-content\/uploads\/2022\/12\/underground-exploration-drill-rig39180121774-100x100.jpg 100w\" sizes=\"(max-width: 730px) 100vw, 730px\" \/> <img decoding=\"async\" class=\"alignnone wp-image-1328 size-full\" src=\"http:\/\/www.zongdamining.com\/wp-content\/uploads\/2022\/12\/20200525174113c5d732f2484249c793c36cc2a061c5af.jpg\" alt=\"\" width=\"750\" height=\"610\" srcset=\"https:\/\/www.zongdamining.com\/wp-content\/uploads\/2022\/12\/20200525174113c5d732f2484249c793c36cc2a061c5af.jpg 750w, https:\/\/www.zongdamining.com\/wp-content\/uploads\/2022\/12\/20200525174113c5d732f2484249c793c36cc2a061c5af-300x244.jpg 300w, https:\/\/www.zongdamining.com\/wp-content\/uploads\/2022\/12\/20200525174113c5d732f2484249c793c36cc2a061c5af-600x488.jpg 600w\" sizes=\"(max-width: 750px) 100vw, 750px\" \/><\/p>\n<p><strong>Karakteristike proizvoda<\/strong><\/p>\n<p>1, glava napajanja sa mehani\u010dkim prugom i \u010de\u0161\u0107enjem konusa \/ hidrauli\u010dnim re\u017eimom osloba\u0111anja, pouzdano \u010de\u0161\u0107e za dug ciklus odr\u017eavanja.<\/p>\n<p>2, Sistem hranjenja je pokrenut direktno cilindrom, tako da je struktura jednostavna i kompaktna, a snaga hranjenja \/ povla\u010denja je ve\u0107a.<\/p>\n<p>3, Hidrauli\u010dki sistem osjetljiv na optere\u0107enje, u\u0161teda energije i za\u0161tita \u017eivotne sredine;<\/p>\n<p>4, Standardna hidrauli\u010dna baza koja mo\u017ee posti\u0107i 0-180 \u00b0 pode\u0161avanje nagiba, pogodna, brza i pouzdana.<\/p>\n<p>5, opcionalna hidrauli\u010dna \/ elektri\u010dna jezgra;<\/p>\n<p>6, Ergonomska kontrolna plo\u010da mo\u017ee posti\u0107i centralizovanu kontrolu i pokazati parametre bu\u0161enja. Operacija je pogodna, sigurna i pouzdana pod niskim intenzitetom rada.<\/p>\n<p>&nbsp;<\/p>\n<table class=\"table\" border=\"0\" width=\"100%\" cellspacing=\"0\" cellpadding=\"0\">\n<tbody>\n<tr class=\"firstRow\">\n<td colspan=\"2\" width=\"521\"><strong>Tehni\u010dki parametri<\/strong><\/td>\n<\/tr>\n<tr>\n<td width=\"317\">Kapacitet bu\u0161enja<\/td>\n<td width=\"203\">850 m *<\/td>\n<\/tr>\n<tr>\n<td width=\"317\">Raspon otvora<\/td>\n<td width=\"203\">BQ-Sjedi\u0161te<\/td>\n<\/tr>\n<tr>\n<td width=\"317\">Maksimalni obrtni moment<\/td>\n<td width=\"203\">700 Nm<\/td>\n<\/tr>\n<tr>\n<td width=\"317\">Maksimalna brzina<\/td>\n<td width=\"203\">1000 okretaja\/min<\/td>\n<\/tr>\n<tr>\n<td width=\"317\">Sila hranjenja<\/td>\n<td width=\"203\">65 KN<\/td>\n<\/tr>\n<tr>\n<td width=\"317\">Povuci se.<\/td>\n<td width=\"203\">65 KN<\/td>\n<\/tr>\n<tr>\n<td width=\"317\">Hrani udarac<\/td>\n<td width=\"203\">1600 mm<\/td>\n<\/tr>\n<tr>\n<td width=\"317\">Kut bu\u0161enja<\/td>\n<td width=\"203\">0-180\u00b0<\/td>\n<\/tr>\n<tr>\n<td width=\"317\">Snaga motora<\/td>\n<td width=\"203\">55 KW<\/td>\n<\/tr>\n<tr>\n<td width=\"317\">Du\u017eina doma\u0107ina<\/td>\n<td width=\"203\">3200 mm<\/td>\n<\/tr>\n<tr>\n<td width=\"317\">\u0160irina doma\u0107ina<\/td>\n<td width=\"203\">1500 mm<\/td>\n<\/tr>\n<tr>\n<td width=\"317\">Visina doma\u0107ina<\/td>\n<td width=\"203\">1500 mm<\/td>\n<\/tr>\n<tr>\n<td width=\"317\">Te\u017eina doma\u0107ina<\/td>\n<td width=\"203\">1.2 t<\/td>\n<\/tr>\n<\/tbody>\n<\/table>\n<p>&nbsp;<\/p>\n<p>* Napomena: Podaci u tabeli su vertikalni prema dolje BQ otvor bu\u0161enja podataka u homogenoj stijeni, samo za referencu.<\/p>\n<p>Odnos izme\u0111u dubine bu\u0161enja, pre\u010dnika bu\u0161enja i materijala osovine bu\u0161enja<\/p>\n<p>&nbsp;<\/p>\n<table class=\"table\" border=\"0\" width=\"100%\" cellspacing=\"0\" cellpadding=\"0\">\n<tbody>\n<tr class=\"firstRow\">\n<td rowspan=\"2\" width=\"108\"><strong>Premjer rupe za bu\u0161enje<\/strong><strong>\uff08<\/strong><strong>mm<\/strong><strong>\uff09<\/strong><\/td>\n<td rowspan=\"2\" width=\"108\"><strong>Premjer \u0161ipke<\/strong><strong>\uff08<\/strong><strong>mm<\/strong><strong>\uff09<\/strong><\/td>\n<td rowspan=\"2\" width=\"108\"><strong>Materijal \u0161ipke<\/strong><\/td>\n<td colspan=\"3\" width=\"324\"><strong>Dubina bu\u0161enja<\/strong><strong>\uff08<\/strong><strong>m<\/strong><strong>\uff09<\/strong><\/td>\n<\/tr>\n<tr>\n<td width=\"108\"><strong>Donje<\/strong><\/td>\n<td width=\"108\"><strong>Nivo vode<\/strong><\/td>\n<td width=\"108\"><strong>Uphole<\/strong><\/td>\n<\/tr>\n<tr>\n<td nowrap=\"nowrap\" width=\"108\">95 (Sjedi\u0161te)<\/td>\n<td nowrap=\"nowrap\" width=\"108\">89<\/td>\n<td nowrap=\"nowrap\" width=\"108\">\u010delik<\/td>\n<td nowrap=\"nowrap\" width=\"108\">400<\/td>\n<td nowrap=\"nowrap\" width=\"108\">300<\/td>\n<td nowrap=\"nowrap\" width=\"108\">200<\/td>\n<\/tr>\n<tr>\n<td nowrap=\"nowrap\" width=\"108\">75 (NQ)<\/td>\n<td nowrap=\"nowrap\" width=\"108\">71<\/td>\n<td nowrap=\"nowrap\" width=\"108\">\u010delik<\/td>\n<td nowrap=\"nowrap\" width=\"108\">600<\/td>\n<td nowrap=\"nowrap\" width=\"108\">400<\/td>\n<td nowrap=\"nowrap\" width=\"108\">300<\/td>\n<\/tr>\n<tr>\n<td nowrap=\"nowrap\" width=\"108\">59 (BQ)<\/td>\n<td nowrap=\"nowrap\" width=\"108\">55.5<\/td>\n<td nowrap=\"nowrap\" width=\"108\">\u010delik<\/td>\n<td nowrap=\"nowrap\" width=\"108\">850<\/td>\n<td nowrap=\"nowrap\" width=\"108\">550<\/td>\n<td nowrap=\"nowrap\" width=\"108\">400<\/td>\n<\/tr>\n<\/tbody>\n<\/table>\n<p>&nbsp;<\/p>\n<p><strong>Glavno telo<\/strong><\/p>\n<p>Glavno tijelo se sastoji od okvira za hranjenje, rotacijske jedinice, dr\u017ea\u010da osnove \u0161ipke, cilindra itd.  It&#8217; lako se rastavlja i sastavlja. Zahvaljuju\u0107i standardnoj hidrauli\u010dnoj bazi koja mo\u017ee posti\u0107i 0-180 \u00b0 pode\u0161avanje nagiba.<\/p>\n<p><img decoding=\"async\" class=\"alignnone wp-image-1326 size-full\" src=\"http:\/\/www.zongdamining.com\/wp-content\/uploads\/2022\/12\/202005251741162d4a18ffb5364d82b763a60cc0e60d23.jpg\" alt=\"\" width=\"750\" height=\"750\" srcset=\"https:\/\/www.zongdamining.com\/wp-content\/uploads\/2022\/12\/202005251741162d4a18ffb5364d82b763a60cc0e60d23.jpg 750w, https:\/\/www.zongdamining.com\/wp-content\/uploads\/2022\/12\/202005251741162d4a18ffb5364d82b763a60cc0e60d23-300x300.jpg 300w, https:\/\/www.zongdamining.com\/wp-content\/uploads\/2022\/12\/202005251741162d4a18ffb5364d82b763a60cc0e60d23-150x150.jpg 150w, https:\/\/www.zongdamining.com\/wp-content\/uploads\/2022\/12\/202005251741162d4a18ffb5364d82b763a60cc0e60d23-600x600.jpg 600w, https:\/\/www.zongdamining.com\/wp-content\/uploads\/2022\/12\/202005251741162d4a18ffb5364d82b763a60cc0e60d23-100x100.jpg 100w\" sizes=\"(max-width: 750px) 100vw, 750px\" \/><\/p>\n<p>Dizajn kontrolne plo\u010de je jednostavan i jednostavan za rad.<\/p>\n<p><strong>Napojna jedinica<\/strong><\/p>\n<p>Energijska jedinica bu\u0161ilice za podzemno istra\u017eivanje je montirana na montirani okvir, koji je lako pomeriti i mo\u017ee biti udaljen od radnog tela kada radi.<\/p>\n<p><img loading=\"lazy\" decoding=\"async\" class=\"alignnone wp-image-1327 size-full\" src=\"http:\/\/www.zongdamining.com\/wp-content\/uploads\/2022\/12\/20200525174119a654a8feb4454a149963e7607aa74021.jpg\" alt=\"\" width=\"750\" height=\"680\" srcset=\"https:\/\/www.zongdamining.com\/wp-content\/uploads\/2022\/12\/20200525174119a654a8feb4454a149963e7607aa74021.jpg 750w, https:\/\/www.zongdamining.com\/wp-content\/uploads\/2022\/12\/20200525174119a654a8feb4454a149963e7607aa74021-300x272.jpg 300w, https:\/\/www.zongdamining.com\/wp-content\/uploads\/2022\/12\/20200525174119a654a8feb4454a149963e7607aa74021-600x544.jpg 600w\" sizes=\"(max-width: 750px) 100vw, 750px\" \/><\/p>","protected":false},"excerpt":{"rendered":"<p>Glava snage sa mehani\u010dkim oprugem i na\u010dinom stiskanja bloka konusa \/ hidrauli\u010dnog osloba\u0111anja, pouzdano stiska za dug ciklus odr\u017eavanja.<\/p>","protected":false},"featured_media":1325,"comment_status":"open","ping_status":"closed","template":"","meta":{"_acf_changed":false},"product_brand":[],"product_cat":[88],"product_tag":[],"class_list":{"0":"post-1330","1":"product","2":"type-product","3":"status-publish","4":"has-post-thumbnail","6":"product_cat-underground-exploration-machine","8":"first","9":"instock","10":"shipping-taxable","11":"product-type-simple"},"acf":[],"_links":{"self":[{"href":"https:\/\/www.zongdamining.com\/bs\/wp-json\/wp\/v2\/product\/1330","targetHints":{"allow":["GET"]}}],"collection":[{"href":"https:\/\/www.zongdamining.com\/bs\/wp-json\/wp\/v2\/product"}],"about":[{"href":"https:\/\/www.zongdamining.com\/bs\/wp-json\/wp\/v2\/types\/product"}],"replies":[{"embeddable":true,"href":"https:\/\/www.zongdamining.com\/bs\/wp-json\/wp\/v2\/comments?post=1330"}],"wp:featuredmedia":[{"embeddable":true,"href":"https:\/\/www.zongdamining.com\/bs\/wp-json\/wp\/v2\/media\/1325"}],"wp:attachment":[{"href":"https:\/\/www.zongdamining.com\/bs\/wp-json\/wp\/v2\/media?parent=1330"}],"wp:term":[{"taxonomy":"product_brand","embeddable":true,"href":"https:\/\/www.zongdamining.com\/bs\/wp-json\/wp\/v2\/product_brand?post=1330"},{"taxonomy":"product_cat","embeddable":true,"href":"https:\/\/www.zongdamining.com\/bs\/wp-json\/wp\/v2\/product_cat?post=1330"},{"taxonomy":"product_tag","embeddable":true,"href":"https:\/\/www.zongdamining.com\/bs\/wp-json\/wp\/v2\/product_tag?post=1330"}],"curies":[{"name":"wp","href":"https:\/\/api.w.org\/{rel}","templated":true}]}}