{"id":1375,"date":"2022-12-12T13:42:24","date_gmt":"2022-12-12T05:42:24","guid":{"rendered":"http:\/\/www.zongdamining.com\/?post_type=product&#038;p=1375"},"modified":"2026-01-27T09:54:07","modified_gmt":"2026-01-27T01:54:07","slug":"2-ton-side-dumping-low-profile-mining-underground-wheel-loader","status":"publish","type":"product","link":"https:\/\/www.zongdamining.com\/bs\/product\/2-ton-side-dumping-low-profile-mining-underground-wheel-loader\/","title":{"rendered":"2 tona bo\u010dnog dumpinga niskog profila rudarstva podzemnog kota\u010dnog utovara\u010da"},"content":{"rendered":"<div>\n<p>Od osnivanja na\u0161e kompanije, podzemni kamion za odbacivanje, podzemni nosilac za podr\u0161ku plamenootpornim krovom, oprema za pomo\u0107 protoku materijala dobro su prihva\u0107eni od strane korisnika jer imamo bogato iskustvo u proizvodnji proizvoda i shvatamo tr\u017ei\u0161ne mogu\u0107nosti. Redovno obavljamo obuku za svakog zaposlenog, \u0161to ne samo da dodatno pobolj\u0161ava efikasnost proizvodnje, ve\u0107 i zna\u010dajno pobolj\u0161ava kvalitet proizvoda, postavljaju\u0107i \u010dvrstu osnovu softvera i hardvera za budu\u0107i veliki razvoj na\u0161e kompanije. Mi to smatramo na\u0161om misijom da pru\u017eimo tr\u017ei\u0161tu energetski efikasnije i ekolo\u0161ki prihvatljivije srodne proizvode. Kompanija obra\u0107a pa\u017enju na za\u0161titu \u017eivotne sredine i ljude i moderno preduze\u0107e sa visokim ose\u0107ajem dru\u0161tvene odgovornosti. Na\u0161a kompanija je uspostavila dobar strate\u0161ki odnos saradnje sa mnogim poznatim preduze\u0107ima i ima grupu visokokvalitetnog osoblja za posleprodajnu uslugu. Na\u0161 brend je dobro prihva\u0107en od strane kupaca u ku\u0107i i inostranstvu, i u\u017eiva dobru reputaciju u istoj industriji.<\/p>\n<\/div>\n<div>\n<p><img fetchpriority=\"high\" decoding=\"async\" class=\"alignnone wp-image-1385 size-full\" src=\"http:\/\/www.zongdamining.com\/wp-content\/uploads\/2022\/12\/underground-mining-loader57236310478.jpg\" alt=\"\" width=\"730\" height=\"730\" srcset=\"https:\/\/www.zongdamining.com\/wp-content\/uploads\/2022\/12\/underground-mining-loader57236310478.jpg 730w, https:\/\/www.zongdamining.com\/wp-content\/uploads\/2022\/12\/underground-mining-loader57236310478-300x300.jpg 300w, https:\/\/www.zongdamining.com\/wp-content\/uploads\/2022\/12\/underground-mining-loader57236310478-150x150.jpg 150w, https:\/\/www.zongdamining.com\/wp-content\/uploads\/2022\/12\/underground-mining-loader57236310478-600x600.jpg 600w, https:\/\/www.zongdamining.com\/wp-content\/uploads\/2022\/12\/underground-mining-loader57236310478-100x100.jpg 100w\" sizes=\"(max-width: 730px) 100vw, 730px\" \/><\/p>\n<p>ZONGDA podzemni rudarski utovara\u010di su razvijeni prema me\u0111unarodnim standardima, usvajaju stranu naprednu tehnologiju, u skladu sa stvarnom situacijom rudnika kod ku\u0107e i u inostranstvu, u kombinaciji sa prakti\u010dnim iskustvom dugogodi\u0161nje proizvodnje LHD-a. Uglavnom se koristi za utovar i odbacivanje podzemnih rudnika za utovar labavog materijala za transport nakon eksplozije, mo\u017ee se koristiti i u \u017eeljezni\u010dkom, autoputnom i tunelskom in\u017eenjeringu za o\u010duvanje vode, posebno pogodan za posao u lo\u0161im uslovima. Na radnom mestu su uske, blatne i niske radne situacije.<\/p>\n<p>ZDWJ-1 je mali podzemni rudarski utovara\u010d za rudarske tunele od 2,5 x 2,5 m. Koristi bo\u010dnu vo\u017enju i rad. Kabina je prostrana, sa \u0161irokim pogledom i udobnim upravljanjem.<\/p>\n<p>Cijela ma\u0161ina usvaja centralnu \u0161arkiranu i okretnu strukturu ljulja\u010dkog tijela tipa le\u017eaja, koja ima bolju stabilnost i sposobnost prolaska.<\/p>\n<p>Sistem prijenosa koristi hidrostati\u010dki sistem prijenosa (pumpa i motor) za kontinuirano promenljivu brzinu.<\/p>\n<p><img decoding=\"async\" class=\"alignnone wp-image-1384 size-full\" src=\"http:\/\/www.zongdamining.com\/wp-content\/uploads\/2022\/12\/2020042013323943679076cd414495a54acd542789a143.jpg\" alt=\"\" width=\"750\" height=\"573\" srcset=\"https:\/\/www.zongdamining.com\/wp-content\/uploads\/2022\/12\/2020042013323943679076cd414495a54acd542789a143.jpg 750w, https:\/\/www.zongdamining.com\/wp-content\/uploads\/2022\/12\/2020042013323943679076cd414495a54acd542789a143-300x229.jpg 300w, https:\/\/www.zongdamining.com\/wp-content\/uploads\/2022\/12\/2020042013323943679076cd414495a54acd542789a143-600x458.jpg 600w\" sizes=\"(max-width: 750px) 100vw, 750px\" \/><\/p>\n<p>Diesel LHD ima kapacitet od 2 tone. Poganja se DEUTZ motorom BF4L914, pobolj\u0161ava produktivnost i podzemni tunel i efikasno smanjuje zaga\u0111enje.<\/p>\n<p><strong>Karakteristike<\/strong><\/p>\n<p>\u25c6  LHD je dizajniran za ljutanje okvira nakon \u0161to je okretni prsten povezan, \u0161to zna\u010dajno smanjuje stopu kvarova.<\/p>\n<p>\u25c6  Putni sistem usvaja potpunu hidrauli\u010dnu kontrolu, \u0161to \u010dini putni sistem utovara\u010da agilnijim, efikasno smanjuje stopu kvarova i pobolj\u0161ava radnu efikasnost.<\/p>\n<p>\u25c6  Radni sistem usvaja pilot hidrauli\u010dki sistem kontrole, \u0161to jednostavnije \u010dini rad i efikasniji radni sistem.<\/p>\n<p>\u25c6  Za ko\u010dnicu za parkiranje, menja\u010d sa ko\u010dnicom za trnje, ko\u010dnicom za oprugu i hidrauli\u010dnom oslobo\u0111enom kontaktnom ko\u010dnicom se koristi kako bi ko\u010dnica za parkiranje bila sigurna i pouzdana.<\/p>\n<p>\u25c6  Kanda usvaja najnoviju strukturu u obliku V me\u0111unarodnog podzemnog rudarskog utovara\u010da, \u0161to smanjuje otpornost na \u010di\u0161\u0107enje.<\/p>\n<p><img decoding=\"async\" class=\"alignnone wp-image-1381 size-full\" src=\"http:\/\/www.zongdamining.com\/wp-content\/uploads\/2022\/12\/20200420132107a925beb383564d9eb0b36be9e479c9d3.jpg\" alt=\"\" width=\"750\" height=\"750\" srcset=\"https:\/\/www.zongdamining.com\/wp-content\/uploads\/2022\/12\/20200420132107a925beb383564d9eb0b36be9e479c9d3.jpg 750w, https:\/\/www.zongdamining.com\/wp-content\/uploads\/2022\/12\/20200420132107a925beb383564d9eb0b36be9e479c9d3-300x300.jpg 300w, https:\/\/www.zongdamining.com\/wp-content\/uploads\/2022\/12\/20200420132107a925beb383564d9eb0b36be9e479c9d3-150x150.jpg 150w, https:\/\/www.zongdamining.com\/wp-content\/uploads\/2022\/12\/20200420132107a925beb383564d9eb0b36be9e479c9d3-600x600.jpg 600w, https:\/\/www.zongdamining.com\/wp-content\/uploads\/2022\/12\/20200420132107a925beb383564d9eb0b36be9e479c9d3-100x100.jpg 100w\" sizes=\"(max-width: 750px) 100vw, 750px\" \/><\/p>\n<p><strong>Tehni\u010dki podaci<\/strong><\/p>\n<table class=\"table\" border=\"0\" width=\"100%\" cellspacing=\"0\" cellpadding=\"0\">\n<tbody>\n<tr class=\"firstRow\">\n<td width=\"181\">Nazivni kapacitet kante<\/td>\n<td width=\"181\">1m\u00b3<\/td>\n<td width=\"181\">Brzina tr\u010danja<\/td>\n<td width=\"181\">0-10 m\/h<\/td>\n<\/tr>\n<tr>\n<td width=\"181\">Nazivno korisno optere\u0107enje<\/td>\n<td width=\"181\">2T<\/td>\n<td width=\"181\">Min. odobrenje<\/td>\n<td width=\"181\">200 mm<\/td>\n<\/tr>\n<tr>\n<td width=\"181\">Maksimalna snaga proboja<\/td>\n<td width=\"181\">48KN<\/td>\n<td width=\"181\">Maksimalni ugao upravljanja<\/td>\n<td width=\"181\">\u00b138\u00b0<\/td>\n<\/tr>\n<tr>\n<td width=\"181\">Maksimalna vu\u010dna snaga<\/td>\n<td width=\"181\">56 KN<\/td>\n<td width=\"181\">Kut ljulja\u010dke stra\u017enje osovine<\/td>\n<td width=\"181\">\u00b18\u00b0<\/td>\n<\/tr>\n<tr>\n<td width=\"181\">Maksimalna visina dumpinga<\/td>\n<td width=\"181\">1050mm<\/td>\n<td width=\"181\">Ugao odlaska<\/td>\n<td width=\"181\">15\u00b0<\/td>\n<\/tr>\n<tr>\n<td width=\"181\">Maksimalna gradabilnost<\/td>\n<td width=\"181\">\u226420\u00b0<\/td>\n<td width=\"181\">Vrsta guma<\/td>\n<td width=\"181\">10.00-20<\/td>\n<\/tr>\n<tr>\n<td width=\"181\">Min. visina dumpinga<\/td>\n<td width=\"181\">860 mm<\/td>\n<td width=\"181\">Podloga kota\u010da<\/td>\n<td width=\"181\">2200mm<\/td>\n<\/tr>\n<tr>\n<td rowspan=\"2\" width=\"181\">Min. Radius okretanja<\/td>\n<td width=\"181\">4260 (Vanjski)<\/td>\n<td rowspan=\"2\" width=\"181\">Motor<\/td>\n<td width=\"181\">Deutz BF4L914<\/td>\n<\/tr>\n<tr>\n<td width=\"181\">2540 (Unutarnji)<\/td>\n<td width=\"181\">Deutz D914L04<\/td>\n<\/tr>\n<tr>\n<td width=\"181\">Vanjske dimenzije<\/td>\n<td width=\"181\">6030*1340*2000 mm\u00b3<\/td>\n<td width=\"181\">Operativna te\u017eina<\/td>\n<td width=\"181\">6.8T<\/td>\n<\/tr>\n<\/tbody>\n<\/table>\n<p><img loading=\"lazy\" decoding=\"async\" class=\"alignnone wp-image-1383 size-full\" src=\"http:\/\/www.zongdamining.com\/wp-content\/uploads\/2022\/12\/2020042013211942466dfcb2fb40aab214bb11d245d6be.jpg\" alt=\"\" width=\"629\" height=\"619\" srcset=\"https:\/\/www.zongdamining.com\/wp-content\/uploads\/2022\/12\/2020042013211942466dfcb2fb40aab214bb11d245d6be.jpg 629w, https:\/\/www.zongdamining.com\/wp-content\/uploads\/2022\/12\/2020042013211942466dfcb2fb40aab214bb11d245d6be-300x295.jpg 300w, https:\/\/www.zongdamining.com\/wp-content\/uploads\/2022\/12\/2020042013211942466dfcb2fb40aab214bb11d245d6be-600x590.jpg 600w\" sizes=\"(max-width: 629px) 100vw, 629px\" \/><\/p>\n<\/div>\n<div><\/div>\n<div>\n<p>Da bi se stvorila mnogo ve\u0107a korist za podzemni kota\u010dni utovara\u010d sa 2 tone. Dok obra\u0107amo pa\u017enju na investicije u nauku i tehnologiju, tako\u0111e smo posve\u0107eni modernom konceptu upravljanja &#8216; ljudski orijentisani&#8217; Uzimamo &#8216; prijateljski za kupce, orijentisani na kvalitet, integrativni, inovativni&#8217; kao ciljevi.<\/p>\n<\/div>","protected":false},"excerpt":{"rendered":"<p>ZONGDA podzemni rudarski utovara\u010di su razvijeni prema me\u0111unarodnim standardima, usvajaju stranu naprednu tehnologiju, u skladu sa stvarnom situacijom rudnika kod ku\u0107e i u inostranstvu, u kombinaciji sa prakti\u010dnim iskustvom dugogodi\u0161nje proizvodnje LHD-a.<\/p>","protected":false},"featured_media":1385,"comment_status":"open","ping_status":"closed","template":"","meta":{"_acf_changed":false},"product_brand":[],"product_cat":[15],"product_tag":[],"class_list":{"0":"post-1375","1":"product","2":"type-product","3":"status-publish","4":"has-post-thumbnail","6":"product_cat-trackless-mining-equipment","8":"first","9":"instock","10":"shipping-taxable","11":"product-type-simple"},"acf":[],"_links":{"self":[{"href":"https:\/\/www.zongdamining.com\/bs\/wp-json\/wp\/v2\/product\/1375","targetHints":{"allow":["GET"]}}],"collection":[{"href":"https:\/\/www.zongdamining.com\/bs\/wp-json\/wp\/v2\/product"}],"about":[{"href":"https:\/\/www.zongdamining.com\/bs\/wp-json\/wp\/v2\/types\/product"}],"replies":[{"embeddable":true,"href":"https:\/\/www.zongdamining.com\/bs\/wp-json\/wp\/v2\/comments?post=1375"}],"wp:featuredmedia":[{"embeddable":true,"href":"https:\/\/www.zongdamining.com\/bs\/wp-json\/wp\/v2\/media\/1385"}],"wp:attachment":[{"href":"https:\/\/www.zongdamining.com\/bs\/wp-json\/wp\/v2\/media?parent=1375"}],"wp:term":[{"taxonomy":"product_brand","embeddable":true,"href":"https:\/\/www.zongdamining.com\/bs\/wp-json\/wp\/v2\/product_brand?post=1375"},{"taxonomy":"product_cat","embeddable":true,"href":"https:\/\/www.zongdamining.com\/bs\/wp-json\/wp\/v2\/product_cat?post=1375"},{"taxonomy":"product_tag","embeddable":true,"href":"https:\/\/www.zongdamining.com\/bs\/wp-json\/wp\/v2\/product_tag?post=1375"}],"curies":[{"name":"wp","href":"https:\/\/api.w.org\/{rel}","templated":true}]}}