{"id":1390,"date":"2022-12-12T13:47:15","date_gmt":"2022-12-12T05:47:15","guid":{"rendered":"http:\/\/www.zongdamining.com\/?post_type=product&#038;p=1390"},"modified":"2022-12-12T13:47:15","modified_gmt":"2022-12-12T05:47:15","slug":"scooptram-mining-15","status":"publish","type":"product","link":"https:\/\/www.zongdamining.com\/bs\/product\/scooptram-mining-15\/","title":{"rendered":"Scooptram rudarstvo"},"content":{"rendered":"<p><strong>Tehni\u010dka specifikacija<\/strong><\/p>\n<p><img decoding=\"async\" class=\"alignnone wp-image-1402 size-full\" src=\"http:\/\/www.zongdamining.com\/wp-content\/uploads\/2022\/12\/20220823104440bfbfdcd10a6e4af5b87a3577482503c9.jpg\" alt=\"\" width=\"448\" height=\"103\" srcset=\"https:\/\/www.zongdamining.com\/wp-content\/uploads\/2022\/12\/20220823104440bfbfdcd10a6e4af5b87a3577482503c9.jpg 448w, https:\/\/www.zongdamining.com\/wp-content\/uploads\/2022\/12\/20220823104440bfbfdcd10a6e4af5b87a3577482503c9-300x69.jpg 300w\" sizes=\"(max-width: 448px) 100vw, 448px\" \/><\/p>\n<p>Unutarnje sagorevanje LHD<\/p>\n<p><strong>Prezentacija podzemnog utovara\u010da za dizel ZDL203<\/strong><\/p>\n<p><strong>\u00a0<\/strong><\/p>\n<p>&nbsp;<\/p>\n<p>Da.\u00a0<strong>Tehni\u010dke karakteristike<\/strong><\/p>\n<ul class=\"list-paddingleft-2\">\n<li>Hidrauli\u010dni mehani\u010dki prenos, mo\u017ee dati punu igru snazi motora, i automatski se prilagoditi promjeni optere\u0107enja u odre\u0111enom rasponu, automatskoj regulaciji brzine.<\/li>\n<li>Pogon na \u010detiri kota\u010da, prednja osovina sa diferencijalom protiv kliza, stra\u017enja osovina, pogon i dobra gradabilnost, prilago\u0111ava se svim vrstama lo\u0161ih uslova na putu.<\/li>\n<li>Glatka guma otporna na rezanje, dug \u017eivotni vijek.<\/li>\n<li>Zglebni okvir, mali radijus okretanja, fleksibilan mehanizam.<\/li>\n<li>Potpuno hidrauli\u010dno upravljanje, kompaktna struktura i glatko, lako odr\u017eavanje.<\/li>\n<li>Potpuna hidrauli\u010dna mokra ko\u010dnica sa vi\u0161e diskova, dvostruki ko\u010dni\u010dki sistem, jednostavna struktura i visoka pouzdanost ko\u010denja, bez odr\u017eavanja.<\/li>\n<li>Obratni radni ure\u0111aj sa \u0161est veza i pilot hidrauli\u010dna kontrola, lagano i osjetljivo rukovanje, sna\u017ena sila proboja, dobro uravnote\u017eeno kretanje.<\/li>\n<\/ul>\n<p><img fetchpriority=\"high\" decoding=\"async\" class=\"alignnone wp-image-1397 size-full\" src=\"http:\/\/www.zongdamining.com\/wp-content\/uploads\/2022\/12\/20220823104539cec067faed6e4809ad2afba8df07a915.jpg\" alt=\"\" width=\"705\" height=\"370\" srcset=\"https:\/\/www.zongdamining.com\/wp-content\/uploads\/2022\/12\/20220823104539cec067faed6e4809ad2afba8df07a915.jpg 705w, https:\/\/www.zongdamining.com\/wp-content\/uploads\/2022\/12\/20220823104539cec067faed6e4809ad2afba8df07a915-300x157.jpg 300w, https:\/\/www.zongdamining.com\/wp-content\/uploads\/2022\/12\/20220823104539cec067faed6e4809ad2afba8df07a915-600x315.jpg 600w\" sizes=\"(max-width: 705px) 100vw, 705px\" \/><\/p>\n<p>II.\u00a0<strong>Tehni\u010dka specifikacija<\/strong><strong>\u00a0<\/strong><\/p>\n<table width=\"786\" data-sort=\"sortDisabled\">\n<tbody>\n<tr class=\"firstRow\">\n<td><strong>1<\/strong><\/td>\n<td><strong>Model motora<\/strong><\/td>\n<td colspan=\"2\" rowspan=\"1\"><strong>YUCHAI YCD4J33T6-110, 81KW, \/DEUTZ F6LD914, 86KW<\/strong><\/td>\n<\/tr>\n<tr>\n<td><strong>2<\/strong><\/td>\n<td><strong>Konverter obrtnog momenta<\/strong><\/td>\n<td colspan=\"2\" rowspan=\"1\"><strong>SHANTUI YJ315LG<\/strong><\/td>\n<\/tr>\n<tr>\n<td><strong>3<\/strong><\/td>\n<td><strong>Transmisija<\/strong><\/td>\n<td colspan=\"2\" rowspan=\"1\"><strong>HANGZHOU YD13044159<\/strong><\/td>\n<\/tr>\n<tr>\n<td><strong>4<\/strong><\/td>\n<td><strong>Osovina<\/strong><\/td>\n<td colspan=\"2\" rowspan=\"1\"><strong>XUZHOU QINGFENG NO SPIN Diferencialni<\/strong><\/td>\n<\/tr>\n<tr>\n<td><strong>5<\/strong><\/td>\n<td><strong>Ko\u010dnica<\/strong><\/td>\n<td colspan=\"2\" rowspan=\"1\"><strong>POSI-STOP proljetna primenjena hidrauli\u010dna ko\u010dnica<\/strong><\/td>\n<\/tr>\n<tr>\n<td><strong>6<\/strong><\/td>\n<td><strong>Kapacitet<\/strong><\/td>\n<td colspan=\"2\" rowspan=\"1\"><strong>1.5m<sup>3<\/sup>(SAE Stacking)<\/strong><\/td>\n<\/tr>\n<tr>\n<td><strong>7<\/strong><\/td>\n<td><strong>Nazivno korisno optere\u0107enje<\/strong><\/td>\n<td colspan=\"2\" rowspan=\"1\"><strong>3t<\/strong><\/td>\n<\/tr>\n<tr>\n<td><strong>8<\/strong><\/td>\n<td><strong>Maksimalna visina podizanja<\/strong><\/td>\n<td colspan=\"2\" rowspan=\"1\"><strong>3650mm<\/strong><\/td>\n<\/tr>\n<tr>\n<td><strong>9<\/strong><\/td>\n<td><strong>Maksimalna visina istovara<\/strong><\/td>\n<td colspan=\"2\" rowspan=\"1\"><strong>1350 mm<\/strong><\/td>\n<\/tr>\n<tr>\n<td><strong>10<\/strong><\/td>\n<td><strong>Min. udaljenost od istovara<\/strong><\/td>\n<td colspan=\"2\" rowspan=\"1\"><strong>1000mm<\/strong><\/td>\n<\/tr>\n<tr>\n<td><strong>11<\/strong><\/td>\n<td><strong>Izpu\u0161ni \u010dista\u010d<\/strong><\/td>\n<td colspan=\"2\" rowspan=\"1\"><strong>DOC prigu\u0161iva\u010d<\/strong><\/td>\n<\/tr>\n<tr>\n<td><strong>12<\/strong><\/td>\n<td><strong>Maksimalna gradabilnost<\/strong><\/td>\n<td colspan=\"2\" rowspan=\"1\"><strong>15\u00b0<\/strong><\/td>\n<\/tr>\n<tr>\n<td><strong>13<\/strong><\/td>\n<td><strong>\u010cisto\u0107a zemlje<\/strong><\/td>\n<td colspan=\"2\" rowspan=\"1\"><strong>240 mm<\/strong><\/td>\n<\/tr>\n<tr>\n<td colspan=\"1\" rowspan=\"3\"><strong>\u00a0<\/strong><\/p>\n<p><strong>14<\/strong><\/p>\n<p><strong>\u00a0<\/strong><\/td>\n<td colspan=\"1\" rowspan=\"3\"><strong>\u00a0<\/strong><\/p>\n<p><strong>Brzina putovanja<\/strong><\/td>\n<td colspan=\"2\" rowspan=\"1\"><strong>1<sup>st<\/sup>\u00a0brzina 0-4km\/h<\/strong><\/td>\n<\/tr>\n<tr>\n<td colspan=\"2\" rowspan=\"1\"><strong>2<sup>nd<\/sup>\u00a0brzina 0-9km\/h<\/strong><\/td>\n<\/tr>\n<tr>\n<td colspan=\"2\" rowspan=\"1\"><strong>3<sup>rd<\/sup>\u00a0brzina 0-15km\/h<\/strong><\/td>\n<\/tr>\n<tr>\n<td><strong>15<\/strong><\/td>\n<td><strong>Ugao upravljanja<\/strong><\/td>\n<td><strong>\u00b138\u00b0<\/strong><\/td>\n<td><\/td>\n<\/tr>\n<tr>\n<td colspan=\"1\" rowspan=\"3\"><strong>\u00a0<\/strong><\/p>\n<p><strong>16<\/strong><\/td>\n<td colspan=\"1\" rowspan=\"3\"><strong>\u00a0<\/strong><\/p>\n<p><strong>Dimenzija<\/strong><\/td>\n<td><strong>Du\u017eina<\/strong><\/td>\n<td><strong>6800mm<\/strong><\/td>\n<\/tr>\n<tr>\n<td><strong>\u0160irina<\/strong><\/td>\n<td><strong>1640 mm<\/strong><\/td>\n<\/tr>\n<tr>\n<td><strong>Visina kabine<\/strong><\/td>\n<td><strong>2000mm<\/strong><\/td>\n<\/tr>\n<\/tbody>\n<\/table>\n<p>III.\u00a0<strong>Vanjske dimenzije rudarstva SCOPTRAM<\/strong><\/p>\n<p><img decoding=\"async\" class=\"alignnone wp-image-1400 size-full\" src=\"http:\/\/www.zongdamining.com\/wp-content\/uploads\/2022\/12\/202208231053273d9ee48edb9747309eead0d01fee9ce9-1.jpg\" alt=\"\" width=\"705\" height=\"814\" srcset=\"https:\/\/www.zongdamining.com\/wp-content\/uploads\/2022\/12\/202208231053273d9ee48edb9747309eead0d01fee9ce9-1.jpg 705w, https:\/\/www.zongdamining.com\/wp-content\/uploads\/2022\/12\/202208231053273d9ee48edb9747309eead0d01fee9ce9-1-260x300.jpg 260w, https:\/\/www.zongdamining.com\/wp-content\/uploads\/2022\/12\/202208231053273d9ee48edb9747309eead0d01fee9ce9-1-600x693.jpg 600w\" sizes=\"(max-width: 705px) 100vw, 705px\" \/><\/p>","protected":false},"excerpt":{"rendered":"<p>Scooptram Mining ima visoku razinu za\u0161tite i pogodan je za podzemne rudnike \u00d7 U vla\u017enom i pra\u0161anom okru\u017eenju od 5m puta, ma\u0161ina je visoko inteligentna, sigurna i pouzdana, ima dobru ukupnu stabilnost i mo\u017ee uvelike pobolj\u0161ati produktivnost i profitabilnost rudnika.<\/p>","protected":false},"featured_media":1397,"comment_status":"open","ping_status":"closed","template":"","meta":{"_acf_changed":false},"product_brand":[],"product_cat":[15],"product_tag":[],"class_list":{"0":"post-1390","1":"product","2":"type-product","3":"status-publish","4":"has-post-thumbnail","6":"product_cat-trackless-mining-equipment","8":"first","9":"instock","10":"shipping-taxable","11":"product-type-simple"},"acf":[],"_links":{"self":[{"href":"https:\/\/www.zongdamining.com\/bs\/wp-json\/wp\/v2\/product\/1390","targetHints":{"allow":["GET"]}}],"collection":[{"href":"https:\/\/www.zongdamining.com\/bs\/wp-json\/wp\/v2\/product"}],"about":[{"href":"https:\/\/www.zongdamining.com\/bs\/wp-json\/wp\/v2\/types\/product"}],"replies":[{"embeddable":true,"href":"https:\/\/www.zongdamining.com\/bs\/wp-json\/wp\/v2\/comments?post=1390"}],"wp:featuredmedia":[{"embeddable":true,"href":"https:\/\/www.zongdamining.com\/bs\/wp-json\/wp\/v2\/media\/1397"}],"wp:attachment":[{"href":"https:\/\/www.zongdamining.com\/bs\/wp-json\/wp\/v2\/media?parent=1390"}],"wp:term":[{"taxonomy":"product_brand","embeddable":true,"href":"https:\/\/www.zongdamining.com\/bs\/wp-json\/wp\/v2\/product_brand?post=1390"},{"taxonomy":"product_cat","embeddable":true,"href":"https:\/\/www.zongdamining.com\/bs\/wp-json\/wp\/v2\/product_cat?post=1390"},{"taxonomy":"product_tag","embeddable":true,"href":"https:\/\/www.zongdamining.com\/bs\/wp-json\/wp\/v2\/product_tag?post=1390"}],"curies":[{"name":"wp","href":"https:\/\/api.w.org\/{rel}","templated":true}]}}