{"id":1392,"date":"2022-12-12T13:46:32","date_gmt":"2022-12-12T05:46:32","guid":{"rendered":"http:\/\/www.zongdamining.com\/?post_type=product&#038;p=1392"},"modified":"2022-12-16T11:11:08","modified_gmt":"2022-12-16T03:11:08","slug":"70-ton-underground-mining-dump-truck-howo-6x4-dumper-truck","status":"publish","type":"product","link":"https:\/\/www.zongdamining.com\/bs\/product\/70-ton-underground-mining-dump-truck-howo-6x4-dumper-truck\/","title":{"rendered":"70 tona podzemnog rudarskog dumper kamiona HOWO 6X4 dumper kamion"},"content":{"rendered":"<div>\n<p>\u017delimo da stvorimo prvoklasno preduze\u0107e, kultivi\u0161emo profesionalne talente, promovi\u0161emo razvoj globalnog podzemnog betonskog transmiksera, podzemne strojeve za prskanje betona, industrije za bu\u0161enje vazduha i postanemo po\u0161tovani lider. Zadovoljstvo klijenata je glavni dio na\u0161ih kontinuiranih napora, spremni smo da slu\u017eimo klijentima profesionalnom tehnologijom i posve\u0107enim duhom.<\/p>\n<\/div>\n<div>\n<p><img fetchpriority=\"high\" decoding=\"async\" class=\"alignnone wp-image-1306 size-full\" src=\"http:\/\/www.zongdamining.com\/wp-content\/uploads\/2022\/12\/underground-articulated-truck06507488102.jpg\" alt=\"\" width=\"730\" height=\"730\" srcset=\"https:\/\/www.zongdamining.com\/wp-content\/uploads\/2022\/12\/underground-articulated-truck06507488102.jpg 730w, https:\/\/www.zongdamining.com\/wp-content\/uploads\/2022\/12\/underground-articulated-truck06507488102-300x300.jpg 300w, https:\/\/www.zongdamining.com\/wp-content\/uploads\/2022\/12\/underground-articulated-truck06507488102-150x150.jpg 150w, https:\/\/www.zongdamining.com\/wp-content\/uploads\/2022\/12\/underground-articulated-truck06507488102-600x600.jpg 600w, https:\/\/www.zongdamining.com\/wp-content\/uploads\/2022\/12\/underground-articulated-truck06507488102-100x100.jpg 100w\" sizes=\"(max-width: 730px) 100vw, 730px\" \/><\/p>\n<p><strong>Zna\u010dajke<\/strong><\/p>\n<p>Nazivno optere\u0107enje od 20t, pogodno za tunel od \u22654,5 \u00d7 4,5 m<\/p>\n<p><img decoding=\"async\" class=\"alignnone wp-image-1403 size-full\" src=\"http:\/\/www.zongdamining.com\/wp-content\/uploads\/2022\/12\/202005251533500ccd64ce14184aef884cb49a34cff608.jpg\" alt=\"\" width=\"748\" height=\"677\" srcset=\"https:\/\/www.zongdamining.com\/wp-content\/uploads\/2022\/12\/202005251533500ccd64ce14184aef884cb49a34cff608.jpg 748w, https:\/\/www.zongdamining.com\/wp-content\/uploads\/2022\/12\/202005251533500ccd64ce14184aef884cb49a34cff608-300x272.jpg 300w, https:\/\/www.zongdamining.com\/wp-content\/uploads\/2022\/12\/202005251533500ccd64ce14184aef884cb49a34cff608-600x543.jpg 600w\" sizes=\"(max-width: 748px) 100vw, 748px\" \/><\/p>\n<p>Usvoji centralni zglobni okvir<\/p>\n<p>Dvostruko podizanje cilindra za kantu<\/p>\n<p>Vozilo usvaja potpuni hidrauli\u010dki sistem kontrole, koji dobro osigurava sigurnost, udobnost i izdr\u017eljivost kontrole.<\/p>\n<p><strong>Tehni\u010dki podaci<\/strong><\/p>\n<p>&nbsp;<\/p>\n<table class=\"table\" border=\"0\" width=\"100%\" cellspacing=\"0\" cellpadding=\"0\">\n<tbody>\n<tr class=\"firstRow\">\n<td width=\"177\">Dimenzija<\/td>\n<td width=\"439\">9050\uff08\u00b1100\uff09mm\u00d72280\uff08\u00b150\uff09mm\u00d72400\uff08\u00b150\uff09mm<\/td>\n<\/tr>\n<tr>\n<td width=\"177\">Motor<\/td>\n<td width=\"439\">DEUTZ F12L413FW \/ 204kW (VOLVO TAD853VE \/ 235KW opcionalno)<\/td>\n<\/tr>\n<tr>\n<td width=\"177\">Konverter obrtnog momenta<\/td>\n<td width=\"439\">DANA C5000<\/td>\n<\/tr>\n<tr>\n<td width=\"177\">Transmisija<\/td>\n<td width=\"439\">DANA R36000<\/td>\n<\/tr>\n<\/tbody>\n<\/table>\n<p>&nbsp;<\/p>\n<table class=\"table\" border=\"0\" width=\"100%\" cellspacing=\"0\" cellpadding=\"0\">\n<tbody>\n<tr class=\"firstRow\">\n<td width=\"168\">Pogonska osovina<\/td>\n<td width=\"437\">KESSLER Njema\u010dka<\/td>\n<\/tr>\n<tr>\n<td width=\"168\">Kofa<\/td>\n<td width=\"437\">10m\u00b3<\/td>\n<\/tr>\n<tr>\n<td width=\"168\">Nazivno optere\u0107enje<\/td>\n<td width=\"437\">20 tona<\/td>\n<\/tr>\n<tr>\n<td width=\"168\">Te\u017eina isporuke<\/td>\n<td width=\"437\">20.8t<\/td>\n<\/tr>\n<tr>\n<td width=\"168\">Kapacitet penjanja<\/td>\n<td width=\"437\">15\u00b0<\/td>\n<\/tr>\n<tr>\n<td width=\"168\">Minimalno \u010di\u0161\u0107enje zemlje<\/td>\n<td width=\"437\">340 mm<\/td>\n<\/tr>\n<tr>\n<td width=\"168\">Brzina<\/td>\n<td width=\"437\">0-30.9km\/h<\/td>\n<\/tr>\n<tr>\n<td width=\"168\">Kut okretanja<\/td>\n<td width=\"437\">\u00b142\u00b0<\/td>\n<\/tr>\n<tr>\n<td width=\"168\">Zajedni\u010dki ugao<\/td>\n<td width=\"437\">\u00b18\u00b0<\/td>\n<\/tr>\n<tr>\n<td rowspan=\"3\" width=\"168\">Min. Radius upravljanja<\/td>\n<td width=\"437\">5105 (\u00b150) mm (unutra\u0161nje)<\/td>\n<\/tr>\n<tr>\n<td colspan=\"1\" rowspan=\"2\" width=\"437\">8275 (\u00b150) mm (van)<\/td>\n<\/tr>\n<\/tbody>\n<\/table>\n<p><img decoding=\"async\" class=\"alignnone wp-image-1305 size-full\" src=\"http:\/\/www.zongdamining.com\/wp-content\/uploads\/2022\/12\/2020052516091315dfea2381604b1a987edb291c63b565.jpg\" alt=\"\" width=\"750\" height=\"669\" srcset=\"https:\/\/www.zongdamining.com\/wp-content\/uploads\/2022\/12\/2020052516091315dfea2381604b1a987edb291c63b565.jpg 750w, https:\/\/www.zongdamining.com\/wp-content\/uploads\/2022\/12\/2020052516091315dfea2381604b1a987edb291c63b565-300x268.jpg 300w, https:\/\/www.zongdamining.com\/wp-content\/uploads\/2022\/12\/2020052516091315dfea2381604b1a987edb291c63b565-600x535.jpg 600w\" sizes=\"(max-width: 750px) 100vw, 750px\" \/><\/p>\n<\/div>\n<div><\/div>\n<div>\n<p>Sa sna\u017enom korporativnom snagom i preciznim odnosima saradnje sa velikim proizvo\u0111a\u010dima, mo\u017eemo vam pru\u017eiti najbolji kvalitet 70 tona podzemnog rudarskog kamiona HOWO 6X4 kamiona po najpovoljnijim cijenama. Uspostavili smo kompletan sistem upravljanja koji blisko integri\u0161e prodaju proizvoda, ugovore, skladi\u0161tenje, finansije i efikasnost osoblja u cjelini kako bismo strogo osigurali kvalitet proizvoda. Dugo vremena, na\u0161a kompanija se pridr\u017eava poslovne filozofije &#8216; Kvalitet je \u017eivot, zasnovan na integritetu, korisnik prvi&#8217; stalno razvijanje novih proizvoda, pro\u0161irenje razmjera kompanije i pa\u017eljivo slu\u017eenje svakom kupcu, osvajanje pohvale na\u0161ih kupaca.<\/p>\n<\/div>","protected":false},"excerpt":{"rendered":"<p>Vozilo usvaja potpuni hidrauli\u010dki sistem kontrole, koji dobro osigurava sigurnost, udobnost i izdr\u017eljivost kontrole.<\/p>","protected":false},"featured_media":1305,"comment_status":"open","ping_status":"closed","template":"","meta":{"_acf_changed":false},"product_brand":[],"product_cat":[15],"product_tag":[],"class_list":{"0":"post-1392","1":"product","2":"type-product","3":"status-publish","4":"has-post-thumbnail","6":"product_cat-trackless-mining-equipment","8":"first","9":"instock","10":"shipping-taxable","11":"product-type-simple"},"acf":[],"_links":{"self":[{"href":"https:\/\/www.zongdamining.com\/bs\/wp-json\/wp\/v2\/product\/1392","targetHints":{"allow":["GET"]}}],"collection":[{"href":"https:\/\/www.zongdamining.com\/bs\/wp-json\/wp\/v2\/product"}],"about":[{"href":"https:\/\/www.zongdamining.com\/bs\/wp-json\/wp\/v2\/types\/product"}],"replies":[{"embeddable":true,"href":"https:\/\/www.zongdamining.com\/bs\/wp-json\/wp\/v2\/comments?post=1392"}],"wp:featuredmedia":[{"embeddable":true,"href":"https:\/\/www.zongdamining.com\/bs\/wp-json\/wp\/v2\/media\/1305"}],"wp:attachment":[{"href":"https:\/\/www.zongdamining.com\/bs\/wp-json\/wp\/v2\/media?parent=1392"}],"wp:term":[{"taxonomy":"product_brand","embeddable":true,"href":"https:\/\/www.zongdamining.com\/bs\/wp-json\/wp\/v2\/product_brand?post=1392"},{"taxonomy":"product_cat","embeddable":true,"href":"https:\/\/www.zongdamining.com\/bs\/wp-json\/wp\/v2\/product_cat?post=1392"},{"taxonomy":"product_tag","embeddable":true,"href":"https:\/\/www.zongdamining.com\/bs\/wp-json\/wp\/v2\/product_tag?post=1392"}],"curies":[{"name":"wp","href":"https:\/\/api.w.org\/{rel}","templated":true}]}}