{"id":1407,"date":"2022-12-12T13:51:35","date_gmt":"2022-12-12T05:51:35","guid":{"rendered":"http:\/\/www.zongdamining.com\/?post_type=product&#038;p=1407"},"modified":"2023-01-29T16:46:44","modified_gmt":"2023-01-29T08:46:44","slug":"hydro-electric-power-plant-tunnel-fan-for-tunnel-ventilation-system","status":"publish","type":"product","link":"https:\/\/www.zongdamining.com\/bs\/product\/hydro-electric-power-plant-tunnel-fan-for-tunnel-ventilation-system\/","title":{"rendered":"Ventilator tunela hidroelektrane za sistem ventilacije tunela"},"content":{"rendered":"<div>\n<p>Nakon godina pa\u017eljivog rada, in\u017eenjerski hidrauli\u010dni cilindar, Scooptram, podzemni kamion koji trenutno distribuira na\u0161a kompanija je favorizovan od strane korisnika u ku\u0107i i inostranstvu, a tako\u0111e je dobio dobre ekonomske i dru\u0161tvene koristi. Nastavljamo naporno raditi da pru\u017eimo kupcima kvalitetne proizvode i usluge. Tako\u0111e blisko sara\u0111ujemo sa kupcima i dobavlja\u010dima na odgovoran na\u010din kako bismo zajedno napredovali i stvorili bolju budu\u0107nost! Na\u0161a kompanija se pridr\u017eava najnovijih modnih trendova, zadovoljava maksimalne potrebe kupaca i pru\u017ea najposve\u0107eniju uslugu. Obra\u0107amo pa\u017enju na detalje, obra\u0107amo pa\u017enju na kvalitet i nastojimo da izgradimo visokokvalitetni brend. Ekonomska globalizacija zahtijeva da se na\u0161a kompanija suo\u010di sa svijetom i stalno kultivi\u0161e me\u0111unarodne talente sa svjetskom vizijom.<\/p>\n<\/div>\n<div>\n<p><img fetchpriority=\"high\" decoding=\"async\" class=\"alignnone wp-image-1409 size-full\" src=\"http:\/\/www.zongdamining.com\/wp-content\/uploads\/2022\/12\/202005251737177cfa6404b79a4418b76a8de5ad2b504e.jpg\" alt=\"\" width=\"750\" height=\"750\" srcset=\"https:\/\/www.zongdamining.com\/wp-content\/uploads\/2022\/12\/202005251737177cfa6404b79a4418b76a8de5ad2b504e.jpg 750w, https:\/\/www.zongdamining.com\/wp-content\/uploads\/2022\/12\/202005251737177cfa6404b79a4418b76a8de5ad2b504e-300x300.jpg 300w, https:\/\/www.zongdamining.com\/wp-content\/uploads\/2022\/12\/202005251737177cfa6404b79a4418b76a8de5ad2b504e-150x150.jpg 150w, https:\/\/www.zongdamining.com\/wp-content\/uploads\/2022\/12\/202005251737177cfa6404b79a4418b76a8de5ad2b504e-600x600.jpg 600w, https:\/\/www.zongdamining.com\/wp-content\/uploads\/2022\/12\/202005251737177cfa6404b79a4418b76a8de5ad2b504e-100x100.jpg 100w\" sizes=\"(max-width: 750px) 100vw, 750px\" \/><\/p>\n<p><strong>Specifikacija<\/strong><\/p>\n<p>SDS ventilacijski ventilator tunela koji se koristi za sistem ventilacije du\u017eine tunela, ventilatori su instalirani visi na gornjem krovu tunela ili sa obje strane, \u0161to ne uti\u010de na saobra\u0107aj, nema potrebe da se izgradi izlazni put. Jeftina zgrada, je veoma savr\u0161ena ventilacija ventilatora.<\/p>\n<p><strong>Glavne karakteristike<\/strong><\/p>\n<p>1) Jednostavna struktura linearnog tipa, jednostavna u instalaciji i odr\u017eavanju.<\/p>\n<p>2) Usvajanje naprednih svjetski poznatih komponenti brenda u pneumatskim dijelovima, elektri\u010dnim dijelovima i delovima za rad.<\/p>\n<p>3) Visok pritisak dvostruki koljak za kontrolu otvaranja i zatvaranja matrice.<\/p>\n<p>4) Radi u visokoj automatizaciji i intelektualizaciji, bez zaga\u0111enja<\/p>\n<p>5) Primenite poveznik za povezivanje sa vazduhovnim konvejerom, koji mo\u017ee biti direktno u liniji sa ma\u0161inom za punjenje.<\/p>\n<p><strong>Op\u0161ta struktura SDS ventilatora<\/strong><\/p>\n<p>SDS ventilator je kombinacija ventilatora aksijalnog protoka i spolja\u0161njeg prigu\u0161iva\u010da. SDS tunelski ventilator se uglavnom sastoji od ulaznog gasila, glavnog motora, izlaznog gasila i motora.<\/p>\n<p><img decoding=\"async\" class=\"alignnone wp-image-1408 size-full\" src=\"http:\/\/www.zongdamining.com\/wp-content\/uploads\/2022\/12\/20200525173750c36c150db78c43a292cabb6855fdf9d5.jpg\" alt=\"\" width=\"750\" height=\"750\" srcset=\"https:\/\/www.zongdamining.com\/wp-content\/uploads\/2022\/12\/20200525173750c36c150db78c43a292cabb6855fdf9d5.jpg 750w, https:\/\/www.zongdamining.com\/wp-content\/uploads\/2022\/12\/20200525173750c36c150db78c43a292cabb6855fdf9d5-300x300.jpg 300w, https:\/\/www.zongdamining.com\/wp-content\/uploads\/2022\/12\/20200525173750c36c150db78c43a292cabb6855fdf9d5-150x150.jpg 150w, https:\/\/www.zongdamining.com\/wp-content\/uploads\/2022\/12\/20200525173750c36c150db78c43a292cabb6855fdf9d5-600x600.jpg 600w, https:\/\/www.zongdamining.com\/wp-content\/uploads\/2022\/12\/20200525173750c36c150db78c43a292cabb6855fdf9d5-100x100.jpg 100w\" sizes=\"(max-width: 750px) 100vw, 750px\" \/><\/p>\n<p>Ventilator tunela sa visokom efikasno\u0161\u0107u i niskom bukom iz serije SDF sastoji se od tri sekcije: sekcije za uti\u0161avanje ulaza (kolektor vazduha, za\u0161titna mre\u017ea, deflektor, mre\u017ea za ispravljanje, prigu\u0161iva\u010d); sekcija ventilatora (ku\u0107i\u0161te, rotor (pokretna o\u0161trica), stacionarna o\u0161trica (vodi\u010da), motor); Odjeljak za uti\u0161avanje izlaza (uti\u0161a\u010d izlaza).<\/p>\n<p>1) Roter (pokretna o\u0161trica): sastoji se od o\u0161trice i \u010dvorka. Sredi\u0161te je izra\u0111eno od litih \u010delika zg230-450. \u0160trica je pode\u0161avaju\u0107a rezila zra\u010dne folije izra\u0111ena od preciznog livanja ZL104 aluminijumske silikonske legure. Korijen i rep o\u0161trice su dizajnirani. Proces lijevanja dodaje strogu stati\u010dku i dinami\u010dku korekciju ravnote\u017ee, test brzine, stabilan i pouzdan rad.<\/p>\n<p>2) dio ljuske: izra\u0111en je od obi\u010dne \u010deli\u010dne plo\u010de zavarivanjem, a unutra\u0161nji cilindar je opremljen stati\u010dkim stra\u017enjim vodi\u010dem, koji se tretira eliminiranjem napona zavarivanja.<\/p>\n<p><img decoding=\"async\" class=\"alignnone wp-image-1410 size-full\" src=\"http:\/\/www.zongdamining.com\/wp-content\/uploads\/2022\/12\/202005251738019b92d8b24ac94bffbff9fff5de631363.jpg\" alt=\"\" width=\"750\" height=\"750\" srcset=\"https:\/\/www.zongdamining.com\/wp-content\/uploads\/2022\/12\/202005251738019b92d8b24ac94bffbff9fff5de631363.jpg 750w, https:\/\/www.zongdamining.com\/wp-content\/uploads\/2022\/12\/202005251738019b92d8b24ac94bffbff9fff5de631363-300x300.jpg 300w, https:\/\/www.zongdamining.com\/wp-content\/uploads\/2022\/12\/202005251738019b92d8b24ac94bffbff9fff5de631363-150x150.jpg 150w, https:\/\/www.zongdamining.com\/wp-content\/uploads\/2022\/12\/202005251738019b92d8b24ac94bffbff9fff5de631363-600x600.jpg 600w, https:\/\/www.zongdamining.com\/wp-content\/uploads\/2022\/12\/202005251738019b92d8b24ac94bffbff9fff5de631363-100x100.jpg 100w\" sizes=\"(max-width: 750px) 100vw, 750px\" \/><\/p>\n<\/div>\n<div><\/div>\n<div>\n<p>Mi smo visokotehnolo\u0161ko preduze\u0107e posve\u0107eno industriji ventilatora tunela hidroelektrane za sistem ventilacije tunela i imamo kompletan i nau\u010dni sistem upravljanja kvalitetom. Inovacije su izvor uspjeha, a aktivno u\u010de\u0161\u0107e je najve\u0107a pokreta\u010dka sila odr\u017eivog razvoja. Klijenti biraju na\u0161u kompaniju je da biraju profesionalce, biraju na\u0161u kompaniju je da biraju brigu, na\u0161a svrha je da nam samo ka\u017eete svoje potrebe, mi \u0107emo se pobrinuti za ostatak za vas.<\/p>\n<\/div>","protected":false},"excerpt":{"rendered":"<p>SDS ventilacijski ventilator tunela koji se koristi za sistem ventilacije du\u017eine tunela, ventilatori su instalirani visi na gornjem krovu tunela ili sa obje strane, \u0161to ne uti\u010de na saobra\u0107aj, nema potrebe da se izgradi izlazni put.<\/p>","protected":false},"featured_media":1409,"comment_status":"open","ping_status":"closed","template":"","meta":{"_acf_changed":false},"product_brand":[],"product_cat":[28],"product_tag":[],"class_list":{"0":"post-1407","1":"product","2":"type-product","3":"status-publish","4":"has-post-thumbnail","6":"product_cat-underground-ventilation-systems","8":"first","9":"instock","10":"shipping-taxable","11":"product-type-simple"},"acf":[],"_links":{"self":[{"href":"https:\/\/www.zongdamining.com\/bs\/wp-json\/wp\/v2\/product\/1407","targetHints":{"allow":["GET"]}}],"collection":[{"href":"https:\/\/www.zongdamining.com\/bs\/wp-json\/wp\/v2\/product"}],"about":[{"href":"https:\/\/www.zongdamining.com\/bs\/wp-json\/wp\/v2\/types\/product"}],"replies":[{"embeddable":true,"href":"https:\/\/www.zongdamining.com\/bs\/wp-json\/wp\/v2\/comments?post=1407"}],"wp:featuredmedia":[{"embeddable":true,"href":"https:\/\/www.zongdamining.com\/bs\/wp-json\/wp\/v2\/media\/1409"}],"wp:attachment":[{"href":"https:\/\/www.zongdamining.com\/bs\/wp-json\/wp\/v2\/media?parent=1407"}],"wp:term":[{"taxonomy":"product_brand","embeddable":true,"href":"https:\/\/www.zongdamining.com\/bs\/wp-json\/wp\/v2\/product_brand?post=1407"},{"taxonomy":"product_cat","embeddable":true,"href":"https:\/\/www.zongdamining.com\/bs\/wp-json\/wp\/v2\/product_cat?post=1407"},{"taxonomy":"product_tag","embeddable":true,"href":"https:\/\/www.zongdamining.com\/bs\/wp-json\/wp\/v2\/product_tag?post=1407"}],"curies":[{"name":"wp","href":"https:\/\/api.w.org\/{rel}","templated":true}]}}