{"id":1439,"date":"2022-12-12T14:10:59","date_gmt":"2022-12-12T06:10:59","guid":{"rendered":"http:\/\/www.zongdamining.com\/?post_type=product&#038;p=1439"},"modified":"2025-03-17T11:50:51","modified_gmt":"2025-03-17T03:50:51","slug":"underground-mining-winch-mine-hoist-equipment","status":"publish","type":"product","link":"https:\/\/www.zongdamining.com\/bs\/product\/underground-mining-winch-mine-hoist-equipment\/","title":{"rendered":"Oprema za podzemno rudarstvo"},"content":{"rendered":"<p><img fetchpriority=\"high\" decoding=\"async\" class=\"alignnone wp-image-1304 size-full\" src=\"http:\/\/www.zongdamining.com\/wp-content\/uploads\/2022\/12\/underground-mining-scraper-winch00025053060.jpg\" alt=\"\" width=\"730\" height=\"730\" srcset=\"https:\/\/www.zongdamining.com\/wp-content\/uploads\/2022\/12\/underground-mining-scraper-winch00025053060.jpg 730w, https:\/\/www.zongdamining.com\/wp-content\/uploads\/2022\/12\/underground-mining-scraper-winch00025053060-300x300.jpg 300w, https:\/\/www.zongdamining.com\/wp-content\/uploads\/2022\/12\/underground-mining-scraper-winch00025053060-150x150.jpg 150w, https:\/\/www.zongdamining.com\/wp-content\/uploads\/2022\/12\/underground-mining-scraper-winch00025053060-600x600.jpg 600w, https:\/\/www.zongdamining.com\/wp-content\/uploads\/2022\/12\/underground-mining-scraper-winch00025053060-100x100.jpg 100w\" sizes=\"(max-width: 730px) 100vw, 730px\" \/><\/p>\n<p><strong>Oprema za podzemno rudarstvo<\/strong><\/p>\n<p>Miner winder se uglavnom koristi na nagibnim putevima i osovinama rudnika ugljena, rudnika metala i nemetalnih rudnika za podizanje i smanjenje osoblja i materijala.<\/p>\n<p><strong>Karakteristike i prednosti<\/strong><\/p>\n<p>1. Elasti\u010dna spojka<\/p>\n<p>a\u3001Sve se pobolj\u0161ava na tip najlonske \u0161ipke, i ima pomo\u0107ni ko\u010dnini sistem; b\u3001Prednost<\/p>\n<p>monta\u017ee i instalacije: ima funkciju pufera za smanjenje \u0161tete motora.<\/p>\n<p>c\u3001Glatki rad;<\/p>\n<p>d\u3001Spre\u010dite da se pojavi inercija, izbjegavate gubitak vijaka i slom zup\u010danika.<\/p>\n<p>2. pobolj\u0161anje hidrauli\u010dne stanice:<\/p>\n<p>a\u3001 dvostupnjevno ko\u010denje tipa te\u010dnog azota;<\/p>\n<p>b\u3001Kondenzor je dostupan za opciju spre\u010davanja vru\u0107e temperature, osigurava<\/p>\n<p>stabilan pritisak;<\/p>\n<p>c\u3001Ulje-put sve usvojiti anti-20-pritisak visokog pritiska crijeva;<\/p>\n<p>d\u3001Pritisak ulja je u rasponu nominalne vrijednosti;<\/p>\n<p>e\u3001Jednostavan i pogodan za demontiranje, instalaciju i odr\u017eavanje; f\u3001Nivo nafte<\/p>\n<p>sistem pra\u0107enja se primenjuje na hidrauli\u010dnoj stanici.<\/p>\n<p>3. Elektri\u010dna kontrola<\/p>\n<p>a\u3001Potpuno ostvaruje automatski rad, ta\u010dke usporavanja se stavljaju na snagu u skladu sa<\/p>\n<p>u stanju ceste, glatko parkiranje, nema udarnih ko\u010dnica.<\/p>\n<p>b\u3001Vlastno proizvedeni elektri\u010dni kontrolni sistem su svi iz Kine visokog kvaliteta<\/p>\n<p>proizvodi, u maksimalnoj mjeri garantuju stabilne performanse, protiv optere\u0107enja i<\/p>\n<p>otpornost na udarce ima zna\u010dajno pobolj\u0161anje.<\/p>\n<p>c\u3001Inteligentni ekran sa posebnim sistemom prikaza gre\u0161aka.<\/p>\n<p>d\u3001Iskreno shvata 10 za\u0161titnog sistema diza\u010da bez uticaja na<\/p>\n<p>stvarni rad ma\u0161ine, zna\u010dajno pobolj\u0161ava cilj sigurnog rada ma\u0161ine.<\/p>\n<p>e\u3001Light-operated prekida\u010d se primenjuje na usta rudnika, parkiranje na licu mesta, vrlo<\/p>\n<p>ta\u010dan;<\/p>\n<p>f\u3001U pore\u0111enju sa istom industrijom, na\u0161 napredni za\u0161titni pojas ima<\/p>\n<p>zna\u010dajno pobolj\u0161an kapacitet otpora smetnjama, istovremeno ne\u0107e<\/p>\n<p>ometati sistem pra\u0107enja mina.<\/p>\n<p>g\u3001Elektri\u010dna kontrola ima i primenu automatskog i ru\u010dnog rada, dvostruko<\/p>\n<p>PLC kontrola;<\/p>\n<p>h\u3001Frekventni transformator shvata 1HZ prekidanje-isklju\u010divanje lebde\u0107i.<\/p>\n<p>4. Svi na\u0161i proizvodi su sa datumom horizonta, bez koraka i jame.<\/p>\n<p>5. Sve \u017ei\u010dne i uljne linije su skrivene sa urednim i velikodu\u0161nim izgledom.<\/p>\n<p>6. Buka reduktora se smanjuje na oko 70dB, udaljenost izme\u0111u zuba i zuba je<\/p>\n<p>strogo kontrolisano da bude 15 ~ 20, tako\u0111e je napravljeno zna\u010dajno pobolj\u0161anje na<\/p>\n<p>blok za postavljanje i pokriva\u010d za plutaju\u0107e zube, bez potencijala nesre\u0107e.<\/p>\n<p>7. Ko\u010dnica tipa diska usvaja dizajn Luokuang i pobolj\u0161ali smo<\/p>\n<p>to, sa diskom tipa ko\u010dnice disk pruga sistem za\u0161tite od umora i ko\u010dnice blok<\/p>\n<p>sistem za\u0161tite od no\u0161enja. Nema curenja ulja.<\/p>\n<p>8. Indikator dubine sve usvaja direktnu vezu, kompaktnu strukturu, zamijeniti lan\u010dani pogon.<\/p>\n<p>9. Svaki za\u0161titni poklopac sve usvojiti podijeljen vezu, \u0161to je lako za instalaciju,<\/p>\n<p>spre\u010davaju kucanje.<\/p>\n<p><strong>Tehni\u010dki podaci<\/strong><\/p>\n<table class=\"table\" style=\"width: 100%;\" border=\"0\" width=\"100%\" cellspacing=\"0\" cellpadding=\"0\">\n<tbody>\n<tr class=\"firstRow\">\n<td style=\"width: 8.10157%;\" width=\"51\">Model<\/td>\n<td style=\"width: 23.4583%;\" colspan=\"3\" width=\"147\">Navijanje bubnja<\/td>\n<td style=\"width: 38.4522%;\" colspan=\"5\" width=\"236\">\u017ei\u010dni kabel<\/td>\n<td style=\"width: 19.4679%;\" colspan=\"2\" width=\"123\">Motor<\/td>\n<td style=\"width: 10.399%;\" width=\"66\">Te\u017eina<\/td>\n<\/tr>\n<tr>\n<td style=\"width: 8.10157%;\" width=\"51\"><\/td>\n<td style=\"width: 6.89238%;\" width=\"43\">QTY<\/td>\n<td style=\"width: 7.49698%;\" width=\"47\">Dija.  (mm)<\/td>\n<td style=\"width: 9.06892%;\" width=\"57\">\u0160irina (mm)<\/td>\n<td style=\"width: 6.16687%;\" width=\"38\">Povuci (kn)<\/td>\n<td style=\"width: 7.49698%;\" width=\"47\">\u017dica (kn)<\/td>\n<td style=\"width: 7.49698%;\" width=\"47\">Dija, (mm)<\/td>\n<td style=\"width: 7.49698%;\" width=\"47\">Dija, (mm)<\/td>\n<td style=\"width: 9.79444%;\" width=\"57\">Te\u017eina (m\/s)<\/td>\n<td style=\"width: 9.06892%;\" width=\"57\">Mo\u0107<br \/>\n(kw)<\/td>\n<td style=\"width: 10.399%;\" width=\"66\">Rotacija (rpm)<\/td>\n<td style=\"width: 10.399%;\" width=\"66\">Bez motora\/ kontrole<\/td>\n<\/tr>\n<tr>\n<td style=\"width: 8.10157%;\" rowspan=\"2\" width=\"51\">ZDJT-0.8<\/td>\n<td style=\"width: 6.89238%;\" rowspan=\"2\" width=\"43\">1<\/td>\n<td style=\"width: 7.49698%;\" rowspan=\"2\" width=\"47\">800<\/td>\n<td style=\"width: 9.06892%;\" rowspan=\"2\" width=\"57\">600<\/td>\n<td style=\"width: 6.16687%;\" rowspan=\"2\" width=\"38\">15<\/td>\n<td style=\"width: 7.49698%;\" rowspan=\"2\" width=\"47\">15<\/td>\n<td style=\"width: 7.49698%;\" rowspan=\"2\" width=\"47\">16<\/td>\n<td style=\"width: 7.49698%;\" rowspan=\"2\" width=\"47\">480<\/td>\n<td style=\"width: 9.79444%;\" width=\"57\">1<\/td>\n<td style=\"width: 9.06892%;\" width=\"57\">22<\/td>\n<td style=\"width: 10.399%;\" width=\"66\">730<\/td>\n<td style=\"width: 10.399%;\" rowspan=\"2\" width=\"66\">2195 kg<\/td>\n<\/tr>\n<tr>\n<td style=\"width: 9.79444%;\" width=\"57\">1.35<\/td>\n<td style=\"width: 9.06892%;\" width=\"57\">30<\/td>\n<td style=\"width: 10.399%;\" width=\"66\">960<\/td>\n<\/tr>\n<\/tbody>\n<\/table>\n<p><img decoding=\"async\" class=\"alignnone wp-image-1302 size-full\" src=\"http:\/\/www.zongdamining.com\/wp-content\/uploads\/2022\/12\/202005260901078eb89ff0ef8543c7a88e07770de49c4f.jpg\" alt=\"\" width=\"750\" height=\"750\" srcset=\"https:\/\/www.zongdamining.com\/wp-content\/uploads\/2022\/12\/202005260901078eb89ff0ef8543c7a88e07770de49c4f.jpg 750w, https:\/\/www.zongdamining.com\/wp-content\/uploads\/2022\/12\/202005260901078eb89ff0ef8543c7a88e07770de49c4f-300x300.jpg 300w, https:\/\/www.zongdamining.com\/wp-content\/uploads\/2022\/12\/202005260901078eb89ff0ef8543c7a88e07770de49c4f-150x150.jpg 150w, https:\/\/www.zongdamining.com\/wp-content\/uploads\/2022\/12\/202005260901078eb89ff0ef8543c7a88e07770de49c4f-600x600.jpg 600w, https:\/\/www.zongdamining.com\/wp-content\/uploads\/2022\/12\/202005260901078eb89ff0ef8543c7a88e07770de49c4f-100x100.jpg 100w\" sizes=\"(max-width: 750px) 100vw, 750px\" \/><\/p>","protected":false},"excerpt":{"rendered":"<p>Miner winder se uglavnom koristi na nagibnim putevima i osovinama rudnika ugljena, rudnika metala i nemetalnih rudnika za podizanje i smanjenje osoblja i materijala.<\/p>","protected":false},"featured_media":1302,"comment_status":"open","ping_status":"closed","template":"","meta":{"_acf_changed":false},"product_brand":[],"product_cat":[29],"product_tag":[],"class_list":{"0":"post-1439","1":"product","2":"type-product","3":"status-publish","4":"has-post-thumbnail","6":"product_cat-underground-hoisting-system","8":"first","9":"instock","10":"shipping-taxable","11":"product-type-simple"},"acf":[],"_links":{"self":[{"href":"https:\/\/www.zongdamining.com\/bs\/wp-json\/wp\/v2\/product\/1439","targetHints":{"allow":["GET"]}}],"collection":[{"href":"https:\/\/www.zongdamining.com\/bs\/wp-json\/wp\/v2\/product"}],"about":[{"href":"https:\/\/www.zongdamining.com\/bs\/wp-json\/wp\/v2\/types\/product"}],"replies":[{"embeddable":true,"href":"https:\/\/www.zongdamining.com\/bs\/wp-json\/wp\/v2\/comments?post=1439"}],"wp:featuredmedia":[{"embeddable":true,"href":"https:\/\/www.zongdamining.com\/bs\/wp-json\/wp\/v2\/media\/1302"}],"wp:attachment":[{"href":"https:\/\/www.zongdamining.com\/bs\/wp-json\/wp\/v2\/media?parent=1439"}],"wp:term":[{"taxonomy":"product_brand","embeddable":true,"href":"https:\/\/www.zongdamining.com\/bs\/wp-json\/wp\/v2\/product_brand?post=1439"},{"taxonomy":"product_cat","embeddable":true,"href":"https:\/\/www.zongdamining.com\/bs\/wp-json\/wp\/v2\/product_cat?post=1439"},{"taxonomy":"product_tag","embeddable":true,"href":"https:\/\/www.zongdamining.com\/bs\/wp-json\/wp\/v2\/product_tag?post=1439"}],"curies":[{"name":"wp","href":"https:\/\/api.w.org\/{rel}","templated":true}]}}