{"id":1456,"date":"2022-12-12T14:18:21","date_gmt":"2022-12-12T06:18:21","guid":{"rendered":"http:\/\/www.zongdamining.com\/?post_type=product&#038;p=1456"},"modified":"2026-04-29T14:32:40","modified_gmt":"2026-04-29T06:32:40","slug":"factory-of-underground-mining-dump-truck-with-competitive-price","status":"publish","type":"product","link":"https:\/\/www.zongdamining.com\/bs\/product\/factory-of-underground-mining-dump-truck-with-competitive-price\/","title":{"rendered":"Fabrika podzemnog rudarskog kamiona sa konkurentnom cijenom"},"content":{"rendered":"<div>\n<p>Uvek mo\u017eemo zadovoljiti na\u0161e po\u0161tovane kupce na\u0161im dobrim kvalitetom, dobrom cijenom i dobrom uslugom jer smo profesionalniji i naporniji i radimo to na ekonomski efikasan na\u010din za podzemnu ma\u0161inu za istra\u017eivanje, podzemni kamion, podzemni utovara\u010d za rudarstvo ugljena. Na\u0161 tehni\u010dki nivo i osiguranje kvaliteta omogu\u0107avaju na\u0161im proizvodima da kontinuirano osvajaju povjerenje i naklonost inostranskih kupaca. Radujemo se va\u0161oj posjeti.<\/p>\n<\/div>\n<div>\n<p><img fetchpriority=\"high\" decoding=\"async\" class=\"alignnone wp-image-1453 size-full\" src=\"http:\/\/www.zongdamining.com\/wp-content\/uploads\/2022\/12\/underground-mining-truck38176055494.jpg\" alt=\"\" width=\"730\" height=\"730\" srcset=\"https:\/\/www.zongdamining.com\/wp-content\/uploads\/2022\/12\/underground-mining-truck38176055494.jpg 730w, https:\/\/www.zongdamining.com\/wp-content\/uploads\/2022\/12\/underground-mining-truck38176055494-300x300.jpg 300w, https:\/\/www.zongdamining.com\/wp-content\/uploads\/2022\/12\/underground-mining-truck38176055494-150x150.jpg 150w, https:\/\/www.zongdamining.com\/wp-content\/uploads\/2022\/12\/underground-mining-truck38176055494-600x600.jpg 600w, https:\/\/www.zongdamining.com\/wp-content\/uploads\/2022\/12\/underground-mining-truck38176055494-100x100.jpg 100w\" sizes=\"(max-width: 730px) 100vw, 730px\" \/><\/p>\n<p><strong>Zna\u010dajke<\/strong><\/p>\n<p>Nazivno optere\u0107enje od 20t, pogodno za tunel od \u22654,5 \u00d7 4,5 m<\/p>\n<p><img decoding=\"async\" class=\"alignnone wp-image-1454 size-full\" src=\"http:\/\/www.zongdamining.com\/wp-content\/uploads\/2022\/12\/underground-mining-truck38177552547.jpg\" alt=\"\" width=\"730\" height=\"730\" srcset=\"https:\/\/www.zongdamining.com\/wp-content\/uploads\/2022\/12\/underground-mining-truck38177552547.jpg 730w, https:\/\/www.zongdamining.com\/wp-content\/uploads\/2022\/12\/underground-mining-truck38177552547-300x300.jpg 300w, https:\/\/www.zongdamining.com\/wp-content\/uploads\/2022\/12\/underground-mining-truck38177552547-150x150.jpg 150w, https:\/\/www.zongdamining.com\/wp-content\/uploads\/2022\/12\/underground-mining-truck38177552547-600x600.jpg 600w, https:\/\/www.zongdamining.com\/wp-content\/uploads\/2022\/12\/underground-mining-truck38177552547-100x100.jpg 100w\" sizes=\"(max-width: 730px) 100vw, 730px\" \/><\/p>\n<p>Usvoji centralni zglobni okvir<\/p>\n<p>Dvostruko podizanje cilindra za kantu<\/p>\n<p>Vozilo usvaja potpuni hidrauli\u010dki sistem kontrole, koji dobro osigurava sigurnost, udobnost i izdr\u017eljivost kontrole.<\/p>\n<p><strong>Tehni\u010dki podaci<\/strong><\/p>\n<p>&nbsp;<\/p>\n<table class=\"table\" border=\"0\" width=\"100%\" cellspacing=\"0\" cellpadding=\"0\">\n<tbody>\n<tr class=\"firstRow\">\n<td width=\"177\">Dimenzija<\/td>\n<td width=\"439\">9050\uff08\u00b1100\uff09mm\u00d72280\uff08\u00b150\uff09mm\u00d72400\uff08\u00b150\uff09mm<\/td>\n<\/tr>\n<tr>\n<td width=\"177\">Motor<\/td>\n<td width=\"439\">DEUTZ F12L413FW \/ 204kW (VOLVO TAD853VE \/ 235KW opcionalno)<\/td>\n<\/tr>\n<tr>\n<td width=\"177\">Konverter obrtnog momenta<\/td>\n<td width=\"439\">DANA C5000<\/td>\n<\/tr>\n<tr>\n<td width=\"177\">Transmisija<\/td>\n<td width=\"439\">DANA R36000<\/td>\n<\/tr>\n<\/tbody>\n<\/table>\n<p>&nbsp;<\/p>\n<table class=\"table\" border=\"0\" width=\"100%\" cellspacing=\"0\" cellpadding=\"0\">\n<tbody>\n<tr class=\"firstRow\">\n<td width=\"168\">Pogonska osovina<\/td>\n<td width=\"437\">KESSLER Njema\u010dka<\/td>\n<\/tr>\n<tr>\n<td width=\"168\">Kofa<\/td>\n<td width=\"437\">10m\u00b3<\/td>\n<\/tr>\n<tr>\n<td width=\"168\">Nazivno optere\u0107enje<\/td>\n<td width=\"437\">20 tona<\/td>\n<\/tr>\n<tr>\n<td width=\"168\">Te\u017eina isporuke<\/td>\n<td width=\"437\">20.8t<\/td>\n<\/tr>\n<tr>\n<td width=\"168\">Kapacitet penjanja<\/td>\n<td width=\"437\">15\u00b0<\/td>\n<\/tr>\n<tr>\n<td width=\"168\">Minimalno \u010di\u0161\u0107enje zemlje<\/td>\n<td width=\"437\">340 mm<\/td>\n<\/tr>\n<tr>\n<td width=\"168\">Brzina<\/td>\n<td width=\"437\">0-30.9km\/h<\/td>\n<\/tr>\n<tr>\n<td width=\"168\">Kut okretanja<\/td>\n<td width=\"437\">\u00b142\u00b0<\/td>\n<\/tr>\n<tr>\n<td width=\"168\">Zajedni\u010dki ugao<\/td>\n<td width=\"437\">\u00b18\u00b0<\/td>\n<\/tr>\n<tr>\n<td rowspan=\"3\" width=\"168\">Min. Radius upravljanja<\/td>\n<td width=\"437\">5105 (\u00b150) mm (unutra\u0161nje)<\/td>\n<\/tr>\n<tr>\n<td colspan=\"1\" rowspan=\"2\" width=\"437\">8275 (\u00b150) mm (van)<\/td>\n<\/tr>\n<\/tbody>\n<\/table>\n<p><img decoding=\"async\" class=\"alignnone wp-image-1455 size-full\" src=\"http:\/\/www.zongdamining.com\/wp-content\/uploads\/2022\/12\/underground-mining-truck31059989942.jpg\" alt=\"\" width=\"730\" height=\"730\" srcset=\"https:\/\/www.zongdamining.com\/wp-content\/uploads\/2022\/12\/underground-mining-truck31059989942.jpg 730w, https:\/\/www.zongdamining.com\/wp-content\/uploads\/2022\/12\/underground-mining-truck31059989942-300x300.jpg 300w, https:\/\/www.zongdamining.com\/wp-content\/uploads\/2022\/12\/underground-mining-truck31059989942-150x150.jpg 150w, https:\/\/www.zongdamining.com\/wp-content\/uploads\/2022\/12\/underground-mining-truck31059989942-600x600.jpg 600w, https:\/\/www.zongdamining.com\/wp-content\/uploads\/2022\/12\/underground-mining-truck31059989942-100x100.jpg 100w\" sizes=\"(max-width: 730px) 100vw, 730px\" \/><\/p>\n<\/div>\n<div><\/div>\n<div>\n<p>Na\u0161 napredak zavisi od inovativnih ma\u0161ina, velikih talenta i dosledno oja\u010danih tehnolo\u0161kih snaga za Fabriku podzemnih rudarskih kamiona sa konkurentnom cijenom. Na\u0161 cilj je da nastojimo da postignemo stalno pobolj\u0161anje kvaliteta proizvoda sa konkurentnim cijenama kako bismo ga isporu\u010dili pravovremeno i pouzdano osiguravaju\u0107i kupcima&#8217; zadovoljstvo uslugom. Sa dobrom reputacijom i posve\u0107enom uslugom, osvojili smo jednoglasno priznanje i pohvale od korisnika.<\/p>\n<\/div>","protected":false},"excerpt":{"rendered":"<p>Vozilo usvaja potpuni hidrauli\u010dki sistem kontrole, koji dobro osigurava sigurnost, udobnost i izdr\u017eljivost kontrole.<\/p>","protected":false},"featured_media":1455,"comment_status":"open","ping_status":"closed","template":"","meta":{"_acf_changed":false},"product_brand":[],"product_cat":[15],"product_tag":[],"class_list":{"0":"post-1456","1":"product","2":"type-product","3":"status-publish","4":"has-post-thumbnail","6":"product_cat-trackless-mining-equipment","8":"first","9":"instock","10":"shipping-taxable","11":"product-type-simple"},"acf":[],"_links":{"self":[{"href":"https:\/\/www.zongdamining.com\/bs\/wp-json\/wp\/v2\/product\/1456","targetHints":{"allow":["GET"]}}],"collection":[{"href":"https:\/\/www.zongdamining.com\/bs\/wp-json\/wp\/v2\/product"}],"about":[{"href":"https:\/\/www.zongdamining.com\/bs\/wp-json\/wp\/v2\/types\/product"}],"replies":[{"embeddable":true,"href":"https:\/\/www.zongdamining.com\/bs\/wp-json\/wp\/v2\/comments?post=1456"}],"wp:featuredmedia":[{"embeddable":true,"href":"https:\/\/www.zongdamining.com\/bs\/wp-json\/wp\/v2\/media\/1455"}],"wp:attachment":[{"href":"https:\/\/www.zongdamining.com\/bs\/wp-json\/wp\/v2\/media?parent=1456"}],"wp:term":[{"taxonomy":"product_brand","embeddable":true,"href":"https:\/\/www.zongdamining.com\/bs\/wp-json\/wp\/v2\/product_brand?post=1456"},{"taxonomy":"product_cat","embeddable":true,"href":"https:\/\/www.zongdamining.com\/bs\/wp-json\/wp\/v2\/product_cat?post=1456"},{"taxonomy":"product_tag","embeddable":true,"href":"https:\/\/www.zongdamining.com\/bs\/wp-json\/wp\/v2\/product_tag?post=1456"}],"curies":[{"name":"wp","href":"https:\/\/api.w.org\/{rel}","templated":true}]}}