{"id":1497,"date":"2022-12-12T15:09:24","date_gmt":"2022-12-12T07:09:24","guid":{"rendered":"http:\/\/www.zongdamining.com\/?post_type=product&#038;p=1497"},"modified":"2022-12-12T15:10:14","modified_gmt":"2022-12-12T07:10:14","slug":"underground-mining-ventilation-fan","status":"publish","type":"product","link":"https:\/\/www.zongdamining.com\/bs\/product\/underground-mining-ventilation-fan\/","title":{"rendered":"Ventilator za podzemno rudarstvo"},"content":{"rendered":"<div class=\"pro-details-tit\"><\/div>\n<div class=\"pro-details\">\n<p><img fetchpriority=\"high\" decoding=\"async\" class=\"alignnone wp-image-1502 size-full\" src=\"http:\/\/www.zongdamining.com\/wp-content\/uploads\/2022\/12\/underground-mining-ventilation-fan07263682408.jpg\" alt=\"\" width=\"730\" height=\"730\" srcset=\"https:\/\/www.zongdamining.com\/wp-content\/uploads\/2022\/12\/underground-mining-ventilation-fan07263682408.jpg 730w, https:\/\/www.zongdamining.com\/wp-content\/uploads\/2022\/12\/underground-mining-ventilation-fan07263682408-300x300.jpg 300w, https:\/\/www.zongdamining.com\/wp-content\/uploads\/2022\/12\/underground-mining-ventilation-fan07263682408-150x150.jpg 150w, https:\/\/www.zongdamining.com\/wp-content\/uploads\/2022\/12\/underground-mining-ventilation-fan07263682408-600x600.jpg 600w, https:\/\/www.zongdamining.com\/wp-content\/uploads\/2022\/12\/underground-mining-ventilation-fan07263682408-100x100.jpg 100w\" sizes=\"(max-width: 730px) 100vw, 730px\" \/><\/p>\n<p><strong>Specifikacija proizvoda<\/strong><\/p>\n<p>Ventilator za podzemno rudarstvo<\/p>\n<p>K serija podzemnog rudarstva ventilacijskog ventilatora razvijena od strane stanice za promociju u\u0161tede energije rudarstva Ministarstva metalur\u0161ke industrije po\u010detkom 1980-ih, ima jedinstvene prednosti visoke aerodinami\u010dke efikasnosti, dobre uskla\u0111ivanja sa ventilacijskom mre\u017eom i izuzetno zna\u010dajan efekt u\u0161tede energije; \u0160tavi\u0161e, ugao instalacije o\u0161trice je podesiv, obrnuti vjetar se mo\u017ee obrnuti, a buka rada je niska. Istovremeno, usvojena je struktura direktnog povezivanja motora i rotora, koja ima dobru ukupnu stabilnost i instalaciju. Kao glavni ventilator, njegov volumen gra\u0111evinskih radova ure\u0111aja je vrlo mali, \u0161to mo\u017ee u\u0161tedjeti mnogo investicija. Pogodan je za podzemnu instalaciju i najidealniji je ventilator u vi\u0161efaznom ventilacionom sistemu ventilacione stanice.<\/p>\n<p>Ventilatori za u\u0161tedu energije u rudarstvu serije K \u0161iroko se koriste u metalurgiji, obojenim metalima, zlatu, hemijskoj industriji, gra\u0111evinskim materijalima, nuklearnoj industriji i drugim rudnicima sistema. K serija rudarskih ventilatora za u\u0161tedu energije uglavnom uklju\u010duje JK, DJK seriju lokalnih ventilatora, K, DK seriju glavnih ventilatora i pomo\u0107nih ventilatora. Nova generacija ventilatora za u\u0161tedu energije u rudarstvu serije K, DK opremljena je ure\u0111ajem za prsten sa stabilnim protokom, bez grba na karakteristi\u010dnoj krivulji, ve\u0107om efikasno\u0161\u0107u, boljim performansama, boljim specifikacijama i \u0161irim rasponom primene. Sve vrste rudnika koji nisu ugljen, veliki, srednji i mali, mogu se izabrati iz glavnog ventilatora, pomo\u0107nog ventilatora, lokalnog ventilatora i ventilatora stanice.<\/p>\n<p><img decoding=\"async\" class=\"alignnone wp-image-1500 size-full\" src=\"http:\/\/www.zongdamining.com\/wp-content\/uploads\/2022\/12\/underground-mining-ventilation-fan12360088769.jpg\" alt=\"\" width=\"730\" height=\"730\" srcset=\"https:\/\/www.zongdamining.com\/wp-content\/uploads\/2022\/12\/underground-mining-ventilation-fan12360088769.jpg 730w, https:\/\/www.zongdamining.com\/wp-content\/uploads\/2022\/12\/underground-mining-ventilation-fan12360088769-300x300.jpg 300w, https:\/\/www.zongdamining.com\/wp-content\/uploads\/2022\/12\/underground-mining-ventilation-fan12360088769-150x150.jpg 150w, https:\/\/www.zongdamining.com\/wp-content\/uploads\/2022\/12\/underground-mining-ventilation-fan12360088769-600x600.jpg 600w, https:\/\/www.zongdamining.com\/wp-content\/uploads\/2022\/12\/underground-mining-ventilation-fan12360088769-100x100.jpg 100w\" sizes=\"(max-width: 730px) 100vw, 730px\" \/><\/p>\n<p>JK serija Podzemno rudarstvo Ventilacijski delimi\u010dni ventilatori sa visokom efikasno\u0161\u0107u, u\u0161tedom energije i niskom bukom dizajnirani su u skladu sa potrebama delimi\u010dne ventilacije u razli\u010ditim rudnicima koji nisu ugljen, kao \u0161to su metalurgija, obojena, zlato, hemijska industrija, gra\u0111evinski materijali i nuklearna industrija. Primjenjuju se na ventilaciju kopanja na putevima, indukovanu ventilaciju zaustavljanja i elektri\u010dne br\u010de, drift ventilaciju rudarstva na podnivou bez donjeg stuba, lokalnu ventilaciju i neku pomo\u0107nu ventilaciju. Tako\u0111e se mo\u017ee koristiti u izgradnji tunela, podzemnoj in\u017eenjerskoj izgradnji i drugim prilikama koje zahtijevaju snabdevanje vazduhom putem vazduhovoda.<\/p>\n<p>Dizajn lokalnih ventilatora serije JK sveobuhvatno uzima u obzir volumen vazduha pra\u0161ine i ugljena, udaljenost snabdevanja vazduhom vazduhovoda, specifikacije uobi\u010dajeno kori\u0161tenog vazduhovoda, vrijednost otpornosti vazduha i uslove usluge u rudniku itd. koji su potrebni za razli\u010dite lokalne operacije ventilacije. Lokalni ventilatori serije JK podeljeni su u tri kategorije: radni kota\u010d s jednim polom jk-1no, radni kota\u010d sa dvostrukom fazom jk-2no i radni kota\u010d sa protuprotojnim rotacijskim radom DJK. Me\u0111u njima, lokalni ventilatori iz serije jk40 i lokalni ventilatori iz serije djk50 mogu se direktno instalirati na pod puta ili objesiti na bo\u010dni zid ili ispod krova puta.<\/p>\n<p><img decoding=\"async\" class=\"alignnone wp-image-1501 size-full\" src=\"http:\/\/www.zongdamining.com\/wp-content\/uploads\/2022\/12\/underground-mining-ventilation-fan12361182498-1.jpg\" alt=\"\" width=\"730\" height=\"730\" srcset=\"https:\/\/www.zongdamining.com\/wp-content\/uploads\/2022\/12\/underground-mining-ventilation-fan12361182498-1.jpg 730w, https:\/\/www.zongdamining.com\/wp-content\/uploads\/2022\/12\/underground-mining-ventilation-fan12361182498-1-300x300.jpg 300w, https:\/\/www.zongdamining.com\/wp-content\/uploads\/2022\/12\/underground-mining-ventilation-fan12361182498-1-150x150.jpg 150w, https:\/\/www.zongdamining.com\/wp-content\/uploads\/2022\/12\/underground-mining-ventilation-fan12361182498-1-600x600.jpg 600w, https:\/\/www.zongdamining.com\/wp-content\/uploads\/2022\/12\/underground-mining-ventilation-fan12361182498-1-100x100.jpg 100w\" sizes=\"(max-width: 730px) 100vw, 730px\" \/><\/p>\n<p><strong>Karakteristike serije JK<\/strong><\/p>\n<p>(1) Visoka efikasnost rada. Najve\u0107a ukupna efikasnost pritiska jednofaznih i dvofaznih radnih kota\u010da je 92% i 83% respektivno, a najvi\u0161a ukupna efikasnost pritiska tipa protivrotiraju\u0107eg tipa je 85%, \u0161to je 20-30% ve\u0107e od originalnih JF serija lokalnih ventilatora, i ima o\u010digledni efekat u\u0161tede energije.<\/p>\n<p>(2) Ima potpune propise i sna\u017enu prilagodljivost. Postoje razli\u010dite kombinacije volumena vazduha i ukupne vrijednosti pritiska lokalnih ventilatora. Udaljenost snabdevanja vazduhom varira od 80m do 600m (udaljenost snabdevanja vazduhom za serijski rad mo\u017ee biti preko 1200m), \u0161to mo\u017ee zadovoljiti razli\u010dite potrebe korisnika.<\/p>\n<p>(3) Mala veli\u010dina, lagana te\u017eina, fleksibilno i pogodno kretanje. Kada su njegove performanse u osnovi iste kao i lokalne ventilatore JF serije, njegova volumen i te\u017eina su smanjeni za 20-30% i 20-30% respektivno.<\/p>\n<p>(4) Niska buka. Buka od jkno. 4 lokalni ventilator mjeren u otvorenom prostoru ne smije prelaziti 86db (a). Ako imate posebne zahtjeve za buku lokalnih ventilatora, na\u0161a fabrika mo\u017ee obezbediti kompletan set gasilnika. Molim vas da objasnite prilikom narud\u017ebe.<\/p>\n<p>Motori lokalnih ventilatora serija JK i DJK su 2 pola, a brzina je 2860 ~ 2930r \/ min.<\/p>\n<p>&nbsp;<\/p>\n<table class=\"table\" border=\"0\" width=\"100%\" cellspacing=\"0\" cellpadding=\"0\">\n<tbody>\n<tr class=\"firstRow\">\n<td rowspan=\"2\" width=\"93\">Tip<\/td>\n<td rowspan=\"2\" width=\"72\">Snaga (kw)<\/td>\n<td rowspan=\"2\" width=\"72\">Volumen vazduha (m\u00b3\/s)<\/td>\n<td rowspan=\"2\" width=\"72\">Ukupni pritisak (Pa)<\/td>\n<td rowspan=\"2\" align=\"center\" valign=\"middle\" width=\"72\">Mini. Premjer vazduhovoda<\/p>\n<p>(mm)<\/td>\n<td rowspan=\"2\" align=\"center\" valign=\"middle\" width=\"75\">Udaljenost snabdevanja vazduhom ((m))<\/td>\n<td colspan=\"3\" width=\"214\">Veli\u010dina (mm)<\/td>\n<\/tr>\n<tr>\n<td width=\"71\">D<\/td>\n<td width=\"71\">L<\/td>\n<td width=\"71\">H<\/td>\n<\/tr>\n<tr>\n<td width=\"93\">JK58-1 \u21163<\/td>\n<td width=\"72\">1.5<\/td>\n<td width=\"72\">0.9-1.4<\/td>\n<td width=\"72\">928-575<\/td>\n<td width=\"72\">300<\/td>\n<td width=\"75\">80<\/td>\n<td width=\"71\">390<\/td>\n<td width=\"71\">486<\/td>\n<td width=\"71\">230<\/td>\n<\/tr>\n<tr>\n<td width=\"93\">JK58-1 \u21163.5<\/td>\n<td width=\"72\">3<\/td>\n<td width=\"72\">1.5-2.4<\/td>\n<td width=\"72\">1263-752<\/td>\n<td width=\"72\">350<\/td>\n<td width=\"75\">150<\/td>\n<td width=\"71\">450<\/td>\n<td width=\"71\">562<\/td>\n<td width=\"71\">260<\/td>\n<\/tr>\n<tr>\n<td width=\"93\">JK58-1 \u21164<\/td>\n<td width=\"72\">5.5<\/td>\n<td width=\"72\">2.2-3.5<\/td>\n<td width=\"72\">1648-1020<\/td>\n<td width=\"72\">400<\/td>\n<td width=\"75\">200<\/td>\n<td width=\"71\">520<\/td>\n<td width=\"71\">649<\/td>\n<td width=\"71\">290<\/td>\n<\/tr>\n<tr>\n<td width=\"93\">JK58-1 \u21164.5<\/td>\n<td width=\"72\">11<\/td>\n<td width=\"72\">3.1-5.0<\/td>\n<td width=\"72\">2093-1295<\/td>\n<td width=\"72\">450<\/td>\n<td width=\"75\">300<\/td>\n<td width=\"71\">585<\/td>\n<td width=\"71\">728<\/td>\n<td width=\"71\">320<\/td>\n<\/tr>\n<tr>\n<td width=\"93\">JK58-2 \u21164<\/td>\n<td width=\"72\">11<\/td>\n<td width=\"72\">2.2-3.5<\/td>\n<td width=\"72\">2923-1811<\/td>\n<td width=\"72\">400<\/td>\n<td width=\"75\">400<\/td>\n<td width=\"71\">520<\/td>\n<td width=\"71\">877<\/td>\n<td width=\"71\">290<\/td>\n<\/tr>\n<tr>\n<td width=\"93\">JK55-2 \u21164.5<\/td>\n<td width=\"72\">11<\/td>\n<td width=\"72\">3.0-5.2<\/td>\n<td width=\"72\">2276-1811<\/td>\n<td width=\"72\">450<\/td>\n<td width=\"75\">300<\/td>\n<td width=\"71\">543<\/td>\n<td width=\"71\">704<\/td>\n<td width=\"71\">275<\/td>\n<\/tr>\n<tr>\n<td width=\"93\">JK55-1 \u21165<\/td>\n<td width=\"72\">11<\/td>\n<td width=\"72\">4.2-6.6<\/td>\n<td width=\"72\">1726-1324<\/td>\n<td width=\"72\">450<\/td>\n<td width=\"75\">200<\/td>\n<td width=\"71\">600<\/td>\n<td width=\"71\">535<\/td>\n<td width=\"71\">400<\/td>\n<\/tr>\n<tr>\n<td width=\"93\">JK56-1\u21163.15<\/td>\n<td width=\"72\">2.2<\/td>\n<td width=\"72\">1.4-2.1<\/td>\n<td width=\"72\">853-588<\/td>\n<td width=\"72\">300<\/td>\n<td width=\"75\">80<\/td>\n<td width=\"71\">374<\/td>\n<td width=\"71\">634<\/td>\n<td width=\"71\">193<\/td>\n<\/tr>\n<tr>\n<td width=\"93\">JK56-1 \u21164<\/td>\n<td width=\"72\">4<\/td>\n<td width=\"72\">0.1-3.4<\/td>\n<td width=\"72\">1275-981<\/td>\n<td width=\"72\">400<\/td>\n<td width=\"75\">150<\/td>\n<td width=\"71\">477<\/td>\n<td width=\"71\">682<\/td>\n<td width=\"71\">240<\/td>\n<\/tr>\n<tr>\n<td width=\"93\">JK67-1 \u21164.5<\/td>\n<td width=\"72\">7.5<\/td>\n<td width=\"72\">2.6-4.2<\/td>\n<td width=\"72\">2256-1177<\/td>\n<td width=\"72\">400<\/td>\n<td width=\"75\">250<\/td>\n<td width=\"71\">540<\/td>\n<td width=\"71\">760<\/td>\n<td width=\"71\">270<\/td>\n<\/tr>\n<tr>\n<td width=\"93\">JK67-2 \u21164.5<\/td>\n<td width=\"72\">11<\/td>\n<td width=\"72\">2.8-4.3<\/td>\n<td width=\"72\">3237-1471<\/td>\n<td width=\"72\">400<\/td>\n<td width=\"75\">400<\/td>\n<td width=\"71\">540<\/td>\n<td width=\"71\">860<\/td>\n<td width=\"71\">270<\/td>\n<\/tr>\n<tr>\n<td width=\"93\">BJK67-1 \u2116.25<\/td>\n<td width=\"72\">30<\/td>\n<td width=\"72\">4.0-6.3<\/td>\n<td width=\"72\">3776-2648<\/td>\n<td width=\"72\">500<\/td>\n<td width=\"75\">600<\/td>\n<td width=\"71\">620<\/td>\n<td width=\"71\">1364<\/td>\n<td width=\"71\">310<\/td>\n<\/tr>\n<tr>\n<td width=\"93\">JK40-1 \u21165.5<\/td>\n<td width=\"72\">5.5<\/td>\n<td width=\"72\">4.3-5.1<\/td>\n<td width=\"72\">633-475<\/td>\n<td width=\"72\">550<\/td>\n<td width=\"75\">120<\/td>\n<td width=\"71\">720<\/td>\n<td width=\"71\">3800<\/td>\n<td width=\"71\">337<\/td>\n<\/tr>\n<tr>\n<td width=\"93\">JK40-1 \u21166.5<\/td>\n<td width=\"72\">11<\/td>\n<td width=\"72\">7.1-8.4<\/td>\n<td width=\"72\">884-663<\/td>\n<td width=\"72\">650<\/td>\n<td width=\"75\">140<\/td>\n<td width=\"71\">742<\/td>\n<td width=\"71\">3800<\/td>\n<td width=\"71\">396<\/td>\n<\/tr>\n<tr>\n<td width=\"93\">JK40-1 \u21167<\/td>\n<td width=\"72\">15<\/td>\n<td width=\"72\">8.8-10.5<\/td>\n<td width=\"72\">1025-769<\/td>\n<td width=\"72\">700<\/td>\n<td width=\"75\">140<\/td>\n<td width=\"71\">795<\/td>\n<td width=\"71\">4100<\/td>\n<td width=\"71\">425<\/td>\n<\/tr>\n<tr>\n<td width=\"93\">JK40-1 \u21167.5<\/td>\n<td width=\"72\">22<\/td>\n<td width=\"72\">10.9-12.9<\/td>\n<td width=\"72\">1177-883<\/td>\n<td width=\"72\">750<\/td>\n<td width=\"75\">150<\/td>\n<td width=\"71\">824<\/td>\n<td width=\"71\">4100<\/td>\n<td width=\"71\">455<\/td>\n<\/tr>\n<tr>\n<td width=\"93\">JK40-1 \u21168<\/td>\n<td width=\"72\">30<\/td>\n<td width=\"72\">13.2-15.6<\/td>\n<td width=\"72\">1339-1005<\/td>\n<td width=\"72\">800<\/td>\n<td width=\"75\">150<\/td>\n<td width=\"71\">848<\/td>\n<td width=\"71\">4350<\/td>\n<td width=\"71\">485<\/td>\n<\/tr>\n<tr>\n<td width=\"93\">DJK50- \u21165.5<\/td>\n<td width=\"72\">2\u00d75.5<\/td>\n<td width=\"72\">4.8-5.8<\/td>\n<td width=\"72\">1182-515<\/td>\n<td width=\"72\">550<\/td>\n<td width=\"75\">180<\/td>\n<td width=\"71\">948<\/td>\n<td width=\"71\">3800<\/td>\n<td width=\"71\">337<\/td>\n<\/tr>\n<tr>\n<td width=\"93\">DJK50- \u21166.5<\/td>\n<td width=\"72\">2\u00d711<\/td>\n<td width=\"72\">7.9-9.5<\/td>\n<td width=\"72\">1651-719<\/td>\n<td width=\"72\">650<\/td>\n<td width=\"75\">200<\/td>\n<td width=\"71\">1120<\/td>\n<td width=\"71\">3800<\/td>\n<td width=\"71\">396<\/td>\n<\/tr>\n<tr>\n<td width=\"93\">DJK50- \u21167<\/td>\n<td width=\"72\">2\u00d715<\/td>\n<td width=\"72\">9.9-11.9<\/td>\n<td width=\"72\">1915-834<\/td>\n<td width=\"72\">700<\/td>\n<td width=\"75\">200<\/td>\n<td width=\"71\">1207<\/td>\n<td width=\"71\">4100<\/td>\n<td width=\"71\">425<\/td>\n<\/tr>\n<tr>\n<td width=\"93\">DJK50- \u21167.5<\/td>\n<td width=\"72\">2\u00d722<\/td>\n<td width=\"72\">12.2-14.6<\/td>\n<td width=\"72\">2198-957<\/td>\n<td width=\"72\">750<\/td>\n<td width=\"75\">220<\/td>\n<td width=\"71\">1293<\/td>\n<td width=\"71\">4100<\/td>\n<td width=\"71\">455<\/td>\n<\/tr>\n<tr>\n<td width=\"93\">DJK50- \u21168<\/td>\n<td width=\"72\">2\u00d730<\/td>\n<td width=\"72\">14.8-17.8<\/td>\n<td width=\"72\">2501-1089<\/td>\n<td width=\"72\">800<\/td>\n<td width=\"75\">220<\/td>\n<td width=\"71\">1340<\/td>\n<td width=\"71\">4350<\/td>\n<td width=\"71\">485<\/td>\n<\/tr>\n<\/tbody>\n<\/table>\n<\/div>","protected":false},"excerpt":{"rendered":"<p>K serija Podzemni rudarski ventilacijski ventilator razvijen od strane rudarske stanice za promociju u\u0161tede energije Ministarstva metalur\u0161ke industrije po\u010detkom 1980-ih, ima jedinstvene prednosti visoke aerodinami\u010dke efikasnosti<\/p>","protected":false},"featured_media":1502,"comment_status":"open","ping_status":"closed","template":"","meta":{"_acf_changed":false},"product_brand":[],"product_cat":[28],"product_tag":[],"class_list":{"0":"post-1497","1":"product","2":"type-product","3":"status-publish","4":"has-post-thumbnail","6":"product_cat-underground-ventilation-systems","8":"first","9":"instock","10":"shipping-taxable","11":"product-type-simple"},"acf":[],"_links":{"self":[{"href":"https:\/\/www.zongdamining.com\/bs\/wp-json\/wp\/v2\/product\/1497","targetHints":{"allow":["GET"]}}],"collection":[{"href":"https:\/\/www.zongdamining.com\/bs\/wp-json\/wp\/v2\/product"}],"about":[{"href":"https:\/\/www.zongdamining.com\/bs\/wp-json\/wp\/v2\/types\/product"}],"replies":[{"embeddable":true,"href":"https:\/\/www.zongdamining.com\/bs\/wp-json\/wp\/v2\/comments?post=1497"}],"wp:featuredmedia":[{"embeddable":true,"href":"https:\/\/www.zongdamining.com\/bs\/wp-json\/wp\/v2\/media\/1502"}],"wp:attachment":[{"href":"https:\/\/www.zongdamining.com\/bs\/wp-json\/wp\/v2\/media?parent=1497"}],"wp:term":[{"taxonomy":"product_brand","embeddable":true,"href":"https:\/\/www.zongdamining.com\/bs\/wp-json\/wp\/v2\/product_brand?post=1497"},{"taxonomy":"product_cat","embeddable":true,"href":"https:\/\/www.zongdamining.com\/bs\/wp-json\/wp\/v2\/product_cat?post=1497"},{"taxonomy":"product_tag","embeddable":true,"href":"https:\/\/www.zongdamining.com\/bs\/wp-json\/wp\/v2\/product_tag?post=1497"}],"curies":[{"name":"wp","href":"https:\/\/api.w.org\/{rel}","templated":true}]}}