{"id":1520,"date":"2022-12-12T15:22:51","date_gmt":"2022-12-12T07:22:51","guid":{"rendered":"http:\/\/www.zongdamining.com\/?post_type=product&#038;p=1520"},"modified":"2026-02-12T15:21:17","modified_gmt":"2026-02-12T07:21:17","slug":"underground-scooptram-lhd-wj-3-mine-wheel-loader-price","status":"publish","type":"product","link":"https:\/\/www.zongdamining.com\/bs\/product\/underground-scooptram-lhd-wj-3-mine-wheel-loader-price\/","title":{"rendered":"ZDL307 podzemni utovara\u010d za rudu &#038; optere\u0107enje otpadnih stijena"},"content":{"rendered":"<p>Tehni\u010dka specifikacija<\/p>\n<p>ZDL307 DIZEL podzemni utovara\u010d<\/p>\n<p><strong><b>\u00a0<\/b><\/strong><\/p>\n<p><strong><b>ZDL307 Dizel podzemni utovara\u010d <\/b><\/strong><strong><b>:<\/b><\/strong><strong><b>Oprema za utovar bez staze i transport na kratke udaljenosti<\/b><\/strong><\/p>\n<p><strong><b>\u00a0<\/b><\/strong><\/p>\n<p>U<strong><b>\u00a0<\/b><\/strong><strong><b>ZDL307 Dizel podzemni utovara\u010d<\/b><\/strong>\u00a0uglavnom se koristi u kombinaciji sa rudarskim kamionima u podzemnim iskopavanjima i rudarskim operacijama. Lopata utovara rudu i razli\u010dite materijale mo\u017ee uvelike pobolj\u0161ati operativnu efikasnost i va\u017ena je oprema za postizanje rudarstva bez staze.<\/p>\n<ol>\n<li><b><\/b><strong><b>Tehni\u010dke karakteristike<\/b><\/strong>:<\/li>\n<\/ol>\n<ul>\n<li><b><\/b><strong><b>Sistem napajanja<\/b><\/strong>Opremljen Deutz vazduhom hla\u0111enim motorom.<\/li>\n<li><b><\/b><strong><b>Transmisija<\/b><\/strong>Koristi menja\u010d i pretvara\u010d obrtnog momenta.<\/li>\n<li><b><\/b><strong><b>Sistem ko\u010denja<\/b><\/strong>:\n<ul>\n<li><b><\/b><strong><b>Vo\u017enja ko\u010dnica<\/b><\/strong>Mokra pru\u017ena ko\u010dnica sa vi\u0161e diskova sa hidrauli\u010dnim osloba\u0111anjem.<\/li>\n<li><b><\/b><strong><b>Parkira\u010dka ko\u010dnica<\/b><\/strong>Proru\u017ena ko\u010dnica na pogonskoj osovini.<\/li>\n<\/ul>\n<\/li>\n<li><b><\/b><strong><b>Okvir<\/b><\/strong>Centralno \u0161arkirana struktura za pobolj\u0161ane performanse adhezije.<\/li>\n<li><b><\/b><strong><b>Upravljanje<\/b><\/strong>Hidrauli\u010dki servo upravlja\u010d sa jednim cilindrom upravlja\u010da.\n<ol start=\"2\">\n<li><b><\/b><strong><b>Najva\u017enije performanse<\/b><\/strong>:<\/li>\n<\/ol>\n<\/li>\n<li><b><\/b><strong><b>Dizel motor<\/b><\/strong>Pogonjen pouzdanim dizel motorom.<\/li>\n<li><b><\/b><strong><b>Pogon na \u010detiri kota\u010da<\/b><\/strong>Osigurava privla\u010dnost i manevrnost.<\/li>\n<li><b><\/b><strong><b>Bo\u010dna vo\u017enja<\/b><\/strong>Omogu\u0107ava fleksibilnost u uskim prostorima.<\/li>\n<li><b><\/b><strong><b>Centralno zglobno hidrauli\u010dno upravljanje<\/b><\/strong>Veliki ugao upravljanja za preciznu kontrolu.<\/li>\n<li><b><\/b><strong><b>Mali radius okretanja<\/b><\/strong>Idealan za operacije srednjeg dijela tunela.\n<ol start=\"3\">\n<li><b><\/b><strong><b>Sigurnosne mere<\/b><\/strong>:<\/li>\n<\/ol>\n<\/li>\n<li><b><\/b><strong><b>Bezbednosna oprema<\/b><\/strong>Operatori moraju nositi sigurnosne kacige, nositi ure\u0111aje za samospa\u0161avanje i koristiti rudarske lampe prilikom ulaska u bunar.<\/li>\n<li><b><\/b><strong><b>Redovno odr\u017eavanje<\/b><\/strong>Redovne inspekcije i brzo rje\u0161avanje skrivenih opasnosti.<\/li>\n<li><b><\/b><strong><b>Bez odr\u017eavanja tokom rada<\/b><\/strong>Strogo je zabranjeno odr\u017eavanje dok ma\u0161ina radi.<\/li>\n<li><b><\/b><strong><b>Bezbednost tokom zavarivanja\/rezanja<\/b><\/strong>Potvrdite odsustvo zapaljivih ili eksplozivnih materijala prije odr\u017eavanja.<\/li>\n<li><b><\/b><strong><b>Izpu\u0161ne cijevi mjere opreza<\/b><\/strong>Izbegavajte fizi\u010dki kontakt sa vru\u0107om izpu\u0161nom cijevi.<\/li>\n<li><b><\/b><strong><b>Odr\u017eavanje hidrauli\u010dnog sistema<\/b><\/strong>Pritisak se mora ubla\u017eiti pre po\u010detka bilo kakvih popravki.<\/li>\n<\/ul>\n<p><strong><b>\u00a0<\/b><\/strong><\/p>\n<p><strong><b>Uslovi kori\u0161tenja za<\/b><\/strong><strong><b>\u00a0<\/b><\/strong><strong><b>ZDL307 Dizel podzemni utovara\u010d<\/b><\/strong><\/p>\n<ol>\n<li><b><\/b><strong><b>Specifikacije tunela<\/b><\/strong>:<\/li>\n<\/ol>\n<ul>\n<li>Pogodan za tunele sa veli\u010dinom popre\u010dnog presjeka od <strong><b>4<\/b><\/strong><strong><b>metari (visina) \u00d7<\/b><\/strong><strong><b>4<\/b><\/strong><strong><b>\u00a0metara (\u0161irina) i iznad<\/b><\/strong>.<\/li>\n<li>Zahteva <strong><b>\u010dvrsta gornja plo\u010da<\/b><\/strong>.<\/li>\n<li>Minimalni radijus okretanja od <strong><b>\u2265 <\/b><\/strong><strong><b>9<\/b><\/strong><strong><b>metara<\/b><\/strong>\u00a0napolju.<\/li>\n<li>Nagib puta treba da bude <strong><b>\u2264 14\u00b0<\/b><\/strong>.<\/li>\n<li>Adekvatno <strong><b>ventilacija i drena\u017ea<\/b><\/strong>na radnom mjestu.\n<ol start=\"2\">\n<li><b><\/b><strong><b>Faktori \u017eivotne sredine<\/b><\/strong>:<\/li>\n<\/ol>\n<\/li>\n<li>Temperatura okoline unutar tunela: <strong><b>-5\u00b0C do 40\u00b0C<\/b><\/strong>.<\/li>\n<li>Maksimalna relativna vla\u017enost (na 25\u00b0C): <strong><b>Ne vi\u0161e od 85%<\/b><\/strong>.<\/li>\n<li>Visina lokacije upotrebe: <strong><b>Ne ve\u0107i od 1000 metara<\/b><\/strong>.<\/li>\n<li>Na visokim visinama (iznad 1000 metara), <strong><b>smanjenje snage<\/b><\/strong>potrebno je za operaciju.\n<ol start=\"3\">\n<li><b><\/b><strong><b>Zahtjevi za gorivom<\/b><\/strong>:<\/li>\n<\/ol>\n<\/li>\n<li>Sadr\u017eaj sumpora goriva koje se koristi u ovoj ma\u0161ini mora <strong><b>ne prelazi 0,2%<\/b><\/strong>.\n<ol start=\"4\">\n<li><b><\/b><strong><b>Sigurnosne mjere opreza<\/b><\/strong>:<\/li>\n<\/ol>\n<\/li>\n<li>Strogo <strong><b>zabranjeno<\/b><\/strong>na mjestima sa <strong><b>zapaljivi i eksplozivni gasovi<\/b><\/strong> (kao \u0161to su gas i pra\u0161ina od ugljena).<\/li>\n<\/ul>\n<p><strong><b>\u00a0Tehni\u010dke specifikacije<\/b><\/strong><\/p>\n<p><strong><b>ZDL307 Dizel podzemni utovara\u010d<\/b><\/strong><strong><b>:<\/b><\/strong><strong><b>Tehni\u010dke specifikacije<\/b><\/strong><\/p>\n<h3><strong><b>1. Tehni\u010dki parametri <\/b><\/strong><\/h3>\n<ul>\n<li><strong> Nazivni kapacitet optere\u0107enja:<\/strong>7 t (Puno optere\u0107enje)<\/li>\n<li><strong> Kapacitet kante (slo\u017eenje):<\/strong>3 m\u00b3<\/li>\n<li><strong> Maksimalna brzina vo\u017enje <\/strong><\/li>\n<\/ul>\n<p><strong>\u00a0Nivo I:<\/strong>5,8 km\/h<\/p>\n<p><strong>Nivo II:<\/strong>9,7 km\/h<\/p>\n<p><strong>Nivo III: <\/strong>15,1 km\/h<\/p>\n<p><strong>Nivo IV:<\/strong>\u00a020,5 km\/h<\/p>\n<ul>\n<li><strong> Radno vreme:<\/strong>16 s<\/li>\n<li><strong> Maksimalna sposobnost penjanja (te\u0161ko optere\u0107enje): \u00a0\u00a0<\/strong>25%<\/li>\n<li><strong> Maksimalna vu\u010dna sila:<\/strong>160 kN<\/li>\n<li><strong> Radius okretanja: <\/strong>Unutra\u0161nja strana 2800 mm Vanjska6000 mm<\/li>\n<li><strong> Maksimalna visina ma\u0161ine tokom istovara: <\/strong>1950 mm<\/li>\n<li><strong> Maksimalni ugao istovara: <\/strong>40\u00b0<\/li>\n<li><strong> Ugao upravljanja: <\/strong>\u00b140\u00b0<\/li>\n<li><strong>\u010cisto\u0107a zemlje:<\/strong>280 mm<\/li>\n<li><strong>Ukupne dimenzije:<\/strong>9250 mm \u00d7 2600 mm \u00d7 2250 mm<\/li>\n<li><strong> Radna te\u017eina cijele ma\u0161ine:<\/strong>19.5 t<\/li>\n<\/ul>\n<p>&nbsp;<\/p>\n<h3><strong><b>2. Motor<\/b><\/strong><\/h3>\n<ul>\n<li><strong> Motor:<\/strong>DEUTZ BF6M1013EC vodom hla\u0111eni motor sa niskim zaga\u0111enjem<\/li>\n<li><strong> Nazivna snaga\/nazivna brzina: <\/strong>165kW\/2200 r\/min<\/li>\n<li><strong> Metoda po\u010detka: <\/strong>Elektri\u010dno pokretanje<\/li>\n<li><strong> Metoda \u010di\u0161\u0107enja izdu\u0161nih gasova: metoda kataliti\u010dkog \u010di\u0161\u0107enja<\/strong><\/li>\n<li><strong> Kontrola gasa: Williams elektronski kontroler gasa<\/strong><\/li>\n<\/ul>\n<p><strong><b>\u00a0<\/b><\/strong><\/p>\n<h3><strong><b>3. Sistem prijenosa<\/b><\/strong><\/h3>\n<ul>\n<li><strong> Model prijenosa: <\/strong>DANA R32000 serija automatskog menja\u010da;<\/li>\n<li><strong>Model pretvara\u010da obrtnog momenta: <\/strong>DANA C270<\/li>\n<li><strong>Model pogonske osovine: <\/strong>DANA 16D<\/li>\n<li><strong> Kona\u010dni omjer pogona: <\/strong>6<\/li>\n<li><strong> Omjer brzine ruba kota\u010da: <\/strong>4.46<\/li>\n<li><strong> Ukupni omjer brzine: <\/strong>26.77<\/li>\n<li><strong> Guma: <\/strong>17.5-25R glatka guma od \u010deli\u010dne \u017eice<\/li>\n<\/ul>\n<p><strong><b>\u00a0<\/b><\/strong><\/p>\n<h3><strong><b>4. Sistem ko\u010denja<\/b><\/strong><\/h3>\n<ul>\n<li><strong>Ko\u010dnica pumpa: <\/strong>HPT1-16<\/li>\n<li><strong>Raspored: <\/strong>16ml\/r<\/li>\n<li><strong>Maksimalni pritisak ko\u010dnog sistema: <\/strong>19 MPa<\/li>\n<li><strong> Slu\u017ebena ko\u010dnica: Mokra multi disk pru\u017ena ko\u010dnica Model ko\u010dnice: <\/strong>MICO<\/li>\n<li><strong>Parkira\u010dka ko\u010dnica: <\/strong>pru\u017ena ko\u010dnica na pogonskoj osovini, pru\u017ena ko\u010dnica, hidrauli\u010dna ko\u010dnica za otpu\u0161tanje<\/li>\n<li><strong>Model parkirnog ko\u010dni\u010dnog ventila: <\/strong>RA3\/3\/2\/G-3<\/li>\n<\/ul>\n<p><strong>\u00a0<\/strong><\/p>\n<ol start=\"5\">\n<li><strong> Sistem upravljanja<\/strong><\/li>\n<\/ol>\n<ul>\n<li><strong> Tip: <\/strong>Centralni \u0161ark, hidrauli\u010dno upravljanje<\/li>\n<li><strong>Radna pumpa za upravljanje: DANFOSS ERL100 (dijeljena po radu) pomicanje: <\/strong>100 ml\/r<\/li>\n<li><strong>Maksimalni pritisak sistema upravljanja: <\/strong>14 MPa<\/li>\n<li><strong> Promjer cilindra upravljanja\/promjer \u0161ipke \u00d7 Broj cilindra: <\/strong>\u03c6 100\/ \u03c6 55 mm \u00d7 dva<\/li>\n<li><strong>Vi\u0161eputni ventil za upravljanje: <\/strong>PVG100<\/li>\n<\/ul>\n<p>&nbsp;<\/p>\n<h3><strong><b>6. Radni sistem<\/b><\/strong><\/h3>\n<ul>\n<li><strong> Radna pumpa: <\/strong>DANFOSS ERL100<\/li>\n<li><strong> Radni smerni ventil: <\/strong>PVG100<\/li>\n<li><strong> Promjer cilindra za podizanje\/promjer \u0161ipke \u00d7 Broj cilindra: <\/strong>\u03c6 140\/ \u03c6 80 mm \u00d7 2<\/li>\n<li><strong> Promjer cilindra kante\/promjer \u0161ipke \u00d7 Broj cilindra: <\/strong>\u03c6 200\/ \u03c6 110 mm \u00d7 1<\/li>\n<li><strong>Maksimalni pritisak radnog sistema: <\/strong>25MPa<\/li>\n<\/ul>\n<p><strong><b>\u00a0<\/b><\/strong><\/p>\n<h3><strong><b>7. Elektri\u010dni sistem<\/b><\/strong><\/h3>\n<ul>\n<li><strong>Napon sistema: <\/strong>24V DC<\/li>\n<li><strong>Napon\/snaga pokretanja motora: <\/strong>24V\/6kW<\/li>\n<li><strong>\u017dica za o\u017ei\u010denje je napravljena od \u017eica otpornih na visoke temperature, a oko \u017eice za o\u017ei\u010denje koriste se visokokvalitetne valovite cijevi<\/strong><\/li>\n<li><strong> Osvetljenje: <\/strong>2 prednja svjetla, 2 \u00d7 75W, 24V<\/li>\n<\/ul>\n<p><strong>2 stra\u017enja svjetla, 2 \u00d7 75W, 24V<\/strong><\/p>\n<p><strong>2 stropna svjetla kabine, 24 V<\/strong><\/p>\n<p><strong><b>\u00a0<\/b><\/strong><\/p>\n<h3><strong><b>8. Volumen rezervoara<\/b><\/strong><\/h3>\n<ul>\n<li><strong>Hidrauli\u010dki rezervoar za ulje: <\/strong>300 L<\/li>\n<li><strong>Rezervoar za gorivo: <\/strong>200 L<\/li>\n<li><strong>Prijenos:<\/strong>36 L<\/li>\n<li><strong> Glavni dio prenosa pogonske osovine: <\/strong>17L \u00d7 2<\/li>\n<li><strong>Dio smanjenja kota\u010da pogonske osovine: <\/strong>3.5 L \u00d7 4<\/li>\n<li><strong>Ulje za mazanje motora:<\/strong>28L<\/li>\n<\/ul>\n<p>&nbsp;<\/p>","protected":false},"excerpt":{"rendered":"<p>ZONGDA podzemni LHD utovara\u010d se posebno koristi za utovar i transport materijala koji nije ugljen nakon eksplozije ispod rudnika. Okolina treba da bude tunel bez eksplozivnog materijala, \u010dvrsta pozadina, adekvatna ventilacija, i krov i put bez pumsa.<\/p>","protected":false},"featured_media":3230,"comment_status":"open","ping_status":"closed","template":"","meta":{"_acf_changed":false},"product_brand":[],"product_cat":[15],"product_tag":[],"class_list":{"0":"post-1520","1":"product","2":"type-product","3":"status-publish","4":"has-post-thumbnail","6":"product_cat-trackless-mining-equipment","8":"first","9":"instock","10":"shipping-taxable","11":"product-type-simple"},"acf":[],"_links":{"self":[{"href":"https:\/\/www.zongdamining.com\/bs\/wp-json\/wp\/v2\/product\/1520","targetHints":{"allow":["GET"]}}],"collection":[{"href":"https:\/\/www.zongdamining.com\/bs\/wp-json\/wp\/v2\/product"}],"about":[{"href":"https:\/\/www.zongdamining.com\/bs\/wp-json\/wp\/v2\/types\/product"}],"replies":[{"embeddable":true,"href":"https:\/\/www.zongdamining.com\/bs\/wp-json\/wp\/v2\/comments?post=1520"}],"wp:featuredmedia":[{"embeddable":true,"href":"https:\/\/www.zongdamining.com\/bs\/wp-json\/wp\/v2\/media\/3230"}],"wp:attachment":[{"href":"https:\/\/www.zongdamining.com\/bs\/wp-json\/wp\/v2\/media?parent=1520"}],"wp:term":[{"taxonomy":"product_brand","embeddable":true,"href":"https:\/\/www.zongdamining.com\/bs\/wp-json\/wp\/v2\/product_brand?post=1520"},{"taxonomy":"product_cat","embeddable":true,"href":"https:\/\/www.zongdamining.com\/bs\/wp-json\/wp\/v2\/product_cat?post=1520"},{"taxonomy":"product_tag","embeddable":true,"href":"https:\/\/www.zongdamining.com\/bs\/wp-json\/wp\/v2\/product_tag?post=1520"}],"curies":[{"name":"wp","href":"https:\/\/api.w.org\/{rel}","templated":true}]}}