{"id":1532,"date":"2022-12-12T15:46:32","date_gmt":"2022-12-12T07:46:32","guid":{"rendered":"http:\/\/www.zongdamining.com\/?post_type=product&#038;p=1532"},"modified":"2023-01-29T16:43:22","modified_gmt":"2023-01-29T08:43:22","slug":"high-quality-cjy6-6-trolley-locomotive-for-mining","status":"publish","type":"product","link":"https:\/\/www.zongdamining.com\/bs\/product\/high-quality-cjy6-6-trolley-locomotive-for-mining\/","title":{"rendered":"Visokokvalitetna Cjy6\/6 trolley lokomotiva za rudarstvo"},"content":{"rendered":"<p>Na\u0161a kompanija je spremna da proizvede visokokvalitetne, visoke dodane vrijednosti podzemne betonske mje\u0161avine kamiona, podzemnog rudarstva ugljena, baterijske elektri\u010dne lokomotive za rudarstvo za korisnike na na\u010din na zemlju sa filozofijom &#8216; po\u0161tenost i pouzdanost, uzajamna korist i win-win, tehnolo\u0161ki napredak i zajedni\u010dki razvoj; Da bismo osigurali bolji kvalitet i uslugu, sada smo se fokusirali na proizvodni proces. Zato nas slobodno kontaktirajte za pitanja.  &#8216; Tru\u0111enje za savr\u0161enstvom i kontinuiranim inovacijama&#8217; nije samo osnovni uzrok rastu\u0107eg poslovanja i kontinuiranog razvoja preduze\u0107a, ve\u0107 i dobre tradicije na\u0161e kompanije.<\/p>\n<p><img fetchpriority=\"high\" decoding=\"async\" class=\"alignnone wp-image-1534 size-full\" src=\"http:\/\/www.zongdamining.com\/wp-content\/uploads\/2022\/12\/flameproof-mining-trolley-locomotive46072651080.jpg\" alt=\"\" width=\"730\" height=\"730\" srcset=\"https:\/\/www.zongdamining.com\/wp-content\/uploads\/2022\/12\/flameproof-mining-trolley-locomotive46072651080.jpg 730w, https:\/\/www.zongdamining.com\/wp-content\/uploads\/2022\/12\/flameproof-mining-trolley-locomotive46072651080-300x300.jpg 300w, https:\/\/www.zongdamining.com\/wp-content\/uploads\/2022\/12\/flameproof-mining-trolley-locomotive46072651080-150x150.jpg 150w, https:\/\/www.zongdamining.com\/wp-content\/uploads\/2022\/12\/flameproof-mining-trolley-locomotive46072651080-600x600.jpg 600w, https:\/\/www.zongdamining.com\/wp-content\/uploads\/2022\/12\/flameproof-mining-trolley-locomotive46072651080-100x100.jpg 100w\" sizes=\"(max-width: 730px) 100vw, 730px\" \/><\/p>\n<p><strong>Broj modela: CJY10\/6,7,9G<\/strong><\/p>\n<p><strong>Tehni\u010dki podaci<\/strong><\/p>\n<p>10t vatrotporna rudarska kolica Lokomotiva je podeljena na 4 tipa: obi\u010dan jednokora\u010dni prenos, debljina zidne plo\u010de, obi\u010dan dvokora\u010dni prenos i dvokora\u010dni tipovi vu\u010denja motora. Njegov napon je 250v i 550v. Na\u010din regulacije brzine ima otpor, IGBT Chopper i regulaciju brzine konverzije frekvencije 3 tipa. Njegove karakteristike: kratak me\u0111uosovni razmak, dobra krutost i performanse amortizacije.<\/p>\n<p><img decoding=\"async\" class=\"alignnone wp-image-1533 size-full\" src=\"http:\/\/www.zongdamining.com\/wp-content\/uploads\/2022\/12\/202004211050493dbe3698292040d7a0af94dfcb895955.jpg\" alt=\"\" width=\"750\" height=\"681\" srcset=\"https:\/\/www.zongdamining.com\/wp-content\/uploads\/2022\/12\/202004211050493dbe3698292040d7a0af94dfcb895955.jpg 750w, https:\/\/www.zongdamining.com\/wp-content\/uploads\/2022\/12\/202004211050493dbe3698292040d7a0af94dfcb895955-300x272.jpg 300w, https:\/\/www.zongdamining.com\/wp-content\/uploads\/2022\/12\/202004211050493dbe3698292040d7a0af94dfcb895955-600x545.jpg 600w\" sizes=\"(max-width: 750px) 100vw, 750px\" \/><\/p>\n<table class=\"table\" style=\"width: 100%;\" border=\"0\" width=\"100%\" cellspacing=\"0\" cellpadding=\"0\">\n<tbody>\n<tr class=\"firstRow\">\n<td style=\"width: 37.364%;\" width=\"243\">Te\u017eina ljepila<\/td>\n<td style=\"width: 29.1415%;\" width=\"189\">t<\/td>\n<td style=\"width: 33.3736%;\" width=\"217\">10<\/td>\n<\/tr>\n<tr>\n<td style=\"width: 37.364%;\" width=\"243\">Mera\u010d<\/td>\n<td style=\"width: 29.1415%;\" width=\"189\">mm<\/td>\n<td style=\"width: 33.3736%;\" width=\"217\">600\/762\/900<\/td>\n<\/tr>\n<tr>\n<td style=\"width: 37.364%;\" width=\"243\">Nazivni napon<\/td>\n<td style=\"width: 29.1415%;\" width=\"189\">v<\/td>\n<td style=\"width: 33.3736%;\" width=\"217\">250\/550<\/td>\n<\/tr>\n<tr>\n<td style=\"width: 37.364%;\" width=\"243\">Nominalna privla\u010dna snaga na sat<\/td>\n<td style=\"width: 29.1415%;\" width=\"189\">kN<\/td>\n<td style=\"width: 33.3736%;\" width=\"217\">13.05\/15.09\/18.93<\/td>\n<\/tr>\n<tr>\n<td style=\"width: 37.364%;\" width=\"243\">Nominalna brzina sata<\/td>\n<td style=\"width: 29.1415%;\" width=\"189\">Km\/h<\/td>\n<td style=\"width: 33.3736%;\" width=\"217\">10.05\/11<\/td>\n<\/tr>\n<tr>\n<td style=\"width: 37.364%;\" width=\"243\">Elektri\u010dni motor i snaga<\/td>\n<td style=\"width: 29.1415%;\" width=\"189\">KW<\/td>\n<td style=\"width: 33.3736%;\" width=\"217\">2*24 \/ 2*30<\/td>\n<\/tr>\n<tr>\n<td style=\"width: 37.364%;\" width=\"243\">Podloga kota\u010da<\/td>\n<td style=\"width: 29.1415%;\" width=\"189\">mm<\/td>\n<td style=\"width: 33.3736%;\" width=\"217\">1100\/1220\/1180<\/td>\n<\/tr>\n<tr>\n<td style=\"width: 37.364%;\" width=\"243\">Min. Radius zakrivljenosti<\/td>\n<td style=\"width: 29.1415%;\" width=\"189\">m<\/td>\n<td style=\"width: 33.3736%;\" width=\"217\">7\/9\/10<\/td>\n<\/tr>\n<tr>\n<td style=\"width: 37.364%;\" width=\"243\">Dija. od kota\u010da<\/td>\n<td style=\"width: 29.1415%;\" width=\"189\">mm<\/td>\n<td style=\"width: 33.3736%;\" width=\"217\">680<\/td>\n<\/tr>\n<tr>\n<td style=\"width: 37.364%;\" width=\"243\">Vrsta kontrole<\/td>\n<td style=\"width: 29.1415%;\" width=\"189\"><\/td>\n<td style=\"width: 33.3736%;\" width=\"217\">Kontrola otpora ili kontrola chopper<\/td>\n<\/tr>\n<tr>\n<td style=\"width: 37.364%;\" width=\"243\">Vrsta ko\u010dnice<\/td>\n<td style=\"width: 29.1415%;\" width=\"189\"><\/td>\n<td style=\"width: 33.3736%;\" width=\"217\">Mehani\u010dka ko\u010dnica<\/td>\n<\/tr>\n<tr>\n<td style=\"width: 37.364%;\" width=\"243\">Vrsta pogona<\/td>\n<td style=\"width: 29.1415%;\" width=\"189\"><\/td>\n<td style=\"width: 33.3736%;\" width=\"217\">Zatvoreni dvostepeni pogon<\/td>\n<\/tr>\n<tr>\n<td style=\"width: 37.364%;\" width=\"243\">Pantografski kolektor<\/td>\n<td style=\"width: 29.1415%;\" width=\"189\"><\/td>\n<td style=\"width: 33.3736%;\" width=\"217\">Prilago\u0111eno<\/td>\n<\/tr>\n<tr>\n<td style=\"width: 37.364%;\" width=\"243\">Vanjska dimenzija<\/td>\n<td style=\"width: 29.1415%;\" width=\"189\">mm<\/td>\n<td style=\"width: 33.3736%;\" width=\"217\">L: 4660\/4470<br \/>\nW: 1050\/1212\/1350<br \/>\nH:1550\/1660\/<\/td>\n<\/tr>\n<\/tbody>\n<\/table>\n<p><img decoding=\"async\" class=\"alignnone wp-image-1535 size-full\" src=\"http:\/\/www.zongdamining.com\/wp-content\/uploads\/2022\/12\/20200421105157f932dd49a94146bc9fe5a5c043e11cee.jpg\" alt=\"\" width=\"750\" height=\"716\" srcset=\"https:\/\/www.zongdamining.com\/wp-content\/uploads\/2022\/12\/20200421105157f932dd49a94146bc9fe5a5c043e11cee.jpg 750w, https:\/\/www.zongdamining.com\/wp-content\/uploads\/2022\/12\/20200421105157f932dd49a94146bc9fe5a5c043e11cee-300x286.jpg 300w, https:\/\/www.zongdamining.com\/wp-content\/uploads\/2022\/12\/20200421105157f932dd49a94146bc9fe5a5c043e11cee-600x573.jpg 600w\" sizes=\"(max-width: 750px) 100vw, 750px\" \/><\/p>\n<p>Posve\u0107eni smo stvaranju pouzdanih proizvoda i pobolj\u0161anju kvaliteta usluge za kupce, i nastojimo da postanemo vode\u0107i proizvo\u0111a\u010d visokokvalitetne Cjy6\/6 trolley lokomotive za rudarstvo u industriji. Uspostavili smo dobar odnos povjerenja sa svjetski poznatim brendovima. Kompanija je dr\u017eala korak sa tempom vremena, sa ciljem na me\u0111unarodni napredni nivo i proizvodnja raznih proizvoda koji zadovoljavaju potrebe razli\u010ditih me\u0111unarodnih tr\u017ei\u0161ta.<\/p>","protected":false},"excerpt":{"rendered":"<p>10t vatrotporna rudarska kolica Lokomotiva je podeljena na 4 tipa: obi\u010dan jednokora\u010dni prenos, debljina zidne plo\u010de, obi\u010dan dvokora\u010dni prenos i dvokora\u010dni tipovi vu\u010denja motora. Njegov napon je 250v i 550v.<\/p>","protected":false},"featured_media":1534,"comment_status":"open","ping_status":"closed","template":"","meta":{"_acf_changed":false},"product_brand":[],"product_cat":[27],"product_tag":[],"class_list":{"0":"post-1532","1":"product","2":"type-product","3":"status-publish","4":"has-post-thumbnail","6":"product_cat-underground-mining-locomotives","8":"first","9":"instock","10":"shipping-taxable","11":"product-type-simple"},"acf":[],"_links":{"self":[{"href":"https:\/\/www.zongdamining.com\/bs\/wp-json\/wp\/v2\/product\/1532","targetHints":{"allow":["GET"]}}],"collection":[{"href":"https:\/\/www.zongdamining.com\/bs\/wp-json\/wp\/v2\/product"}],"about":[{"href":"https:\/\/www.zongdamining.com\/bs\/wp-json\/wp\/v2\/types\/product"}],"replies":[{"embeddable":true,"href":"https:\/\/www.zongdamining.com\/bs\/wp-json\/wp\/v2\/comments?post=1532"}],"wp:featuredmedia":[{"embeddable":true,"href":"https:\/\/www.zongdamining.com\/bs\/wp-json\/wp\/v2\/media\/1534"}],"wp:attachment":[{"href":"https:\/\/www.zongdamining.com\/bs\/wp-json\/wp\/v2\/media?parent=1532"}],"wp:term":[{"taxonomy":"product_brand","embeddable":true,"href":"https:\/\/www.zongdamining.com\/bs\/wp-json\/wp\/v2\/product_brand?post=1532"},{"taxonomy":"product_cat","embeddable":true,"href":"https:\/\/www.zongdamining.com\/bs\/wp-json\/wp\/v2\/product_cat?post=1532"},{"taxonomy":"product_tag","embeddable":true,"href":"https:\/\/www.zongdamining.com\/bs\/wp-json\/wp\/v2\/product_tag?post=1532"}],"curies":[{"name":"wp","href":"https:\/\/api.w.org\/{rel}","templated":true}]}}