{"id":1548,"date":"2022-12-12T15:58:20","date_gmt":"2022-12-12T07:58:20","guid":{"rendered":"http:\/\/www.zongdamining.com\/?post_type=product&#038;p=1548"},"modified":"2023-11-16T14:55:10","modified_gmt":"2023-11-16T06:55:10","slug":"underground-miner-carrier","status":"publish","type":"product","link":"https:\/\/www.zongdamining.com\/bs\/product\/underground-miner-carrier\/","title":{"rendered":"Podzemni rudar"},"content":{"rendered":"<p><img fetchpriority=\"high\" decoding=\"async\" class=\"alignnone size-medium wp-image-1810\" src=\"http:\/\/www.zongdamining.com\/wp-content\/uploads\/2022\/12\/1700115539341-300x168.png\" alt=\"\" width=\"300\" height=\"168\" srcset=\"https:\/\/www.zongdamining.com\/wp-content\/uploads\/2022\/12\/1700115539341-300x168.png 300w, https:\/\/www.zongdamining.com\/wp-content\/uploads\/2022\/12\/1700115539341.png 540w\" sizes=\"(max-width: 300px) 100vw, 300px\" \/><\/p>\n<p>ZUPC-16 tip Personel Carrier je planinski rudnik koji nije rudnik ugljena, nezavisno razvijen i dizajniran od strane na\u0161e kompanije na osnovu najnovijih nacionalnih sigurnosnih standarda i zahtjeva, integri\u0161u\u0107i naprednu tehnologiju kod ku\u0107e i u inostranstvu. \u0160iroko se primenjuje na putnike na planinskim putevima koji nisu rudnici ugljena.<\/p>\n<p>Nau\u010dni i razumni konstrukcijski dizajn konfiguracije ispunjava zahtjeve razli\u010ditih radnih uslova kao \u0161to su radijus okretanja, nagib penjanja i prolaz putem u razli\u010ditim rudnicima. Specijalni dizajn \u0161asije, potpuno zape\u010da\u0107eni mokri most (tip za\u0161tite od gubitka pritiska) i odgovaraju\u0107i ameri\u010dki MICO ko\u010dni\u010dki sistem su sigurni, stabilni i pouzdani, vode\u0107i put.<\/p>\n<p>Usvajanje procesa \u0161tampanja visoke \u010dvrsto\u0107e strukturnog \u010delika, procesa starenja pod stresom i tehnologije zavarivanja za\u0161ti\u0107ene gasom, vozilo&#8217; strukturne komponente mogu izdr\u017eati sna\u017ena optere\u0107enja nakon verifikacije \u010dvrsto\u0107e. Kabina i vozila za putnike pro\u0161li su FOPS i ROPS standardni sertifikat za testiranje, pru\u017eaju\u0107i sigurnosnu za\u0161titu voza\u010dima i putnicima.<\/p>\n<p>Sistem vo\u017enje i kontrole usvaja razuman ergonomski dizajn, zape\u010da\u0107enu kabinu sa klima ure\u0111ajem i konfiguraciju dizajna centralizovane kontrole, \u0161to ga \u010dini jednostavnim za rad i udobnim. Glavne elektri\u010dne komponente i kontroleri, hidrauli\u010dne komponente i klju\u010dne komponente prenosnog sistema sve su proizvedene od strane poznatih doma\u0107ih i stranih brendova, sa pouzdanim performansama.<\/p>\n<p>Nakon strogog eksplozije i uklanjanja r\u0111e, antir\u0111avi primer mo\u017ee ispuniti tehni\u010dke zahtjeve klase aviona Carrier, \u010dime je oprema otpornija na r\u0111u, koroziju i \u017eivotni vijek u razli\u010ditim radnim uslovima.<\/p>\n<ol>\n<li>Ukupne dimenzije<img decoding=\"async\" class=\"alignnone size-medium wp-image-1812\" src=\"http:\/\/www.zongdamining.com\/wp-content\/uploads\/2022\/12\/1700115652036-300x197.png\" alt=\"\" width=\"300\" height=\"197\" srcset=\"https:\/\/www.zongdamining.com\/wp-content\/uploads\/2022\/12\/1700115652036-300x197.png 300w, https:\/\/www.zongdamining.com\/wp-content\/uploads\/2022\/12\/1700115652036.png 553w\" sizes=\"(max-width: 300px) 100vw, 300px\" \/><img decoding=\"async\" class=\"alignnone size-medium wp-image-1813\" src=\"http:\/\/www.zongdamining.com\/wp-content\/uploads\/2022\/12\/1700115641056-300x210.png\" alt=\"\" width=\"300\" height=\"210\" srcset=\"https:\/\/www.zongdamining.com\/wp-content\/uploads\/2022\/12\/1700115641056-300x210.png 300w, https:\/\/www.zongdamining.com\/wp-content\/uploads\/2022\/12\/1700115641056.png 554w\" sizes=\"(max-width: 300px) 100vw, 300px\" \/><\/li>\n<li>Uvod u karoseriju vozila<\/li>\n<li>\u00a0Kamera je ugra\u0111ena unutar vozila kako bi voza\u010du olak\u0161alo da posmatra situaciju unutar vozila.<img loading=\"lazy\" decoding=\"async\" class=\"alignnone size-medium wp-image-1814\" src=\"http:\/\/www.zongdamining.com\/wp-content\/uploads\/2022\/12\/1700115799136-300x169.png\" alt=\"\" width=\"300\" height=\"169\" srcset=\"https:\/\/www.zongdamining.com\/wp-content\/uploads\/2022\/12\/1700115799136-300x169.png 300w, https:\/\/www.zongdamining.com\/wp-content\/uploads\/2022\/12\/1700115799136.png 454w\" sizes=\"(max-width: 300px) 100vw, 300px\" \/><\/li>\n<li>\u00a0Kabina je opremljena dvosmernim interkom kako bi se olak\u0161ala komunikacija izme\u0111u putnika i voza\u010da.<img loading=\"lazy\" decoding=\"async\" class=\"alignnone size-medium wp-image-1815\" src=\"http:\/\/www.zongdamining.com\/wp-content\/uploads\/2022\/12\/1700115956863-300x293.png\" alt=\"\" width=\"300\" height=\"293\" srcset=\"https:\/\/www.zongdamining.com\/wp-content\/uploads\/2022\/12\/1700115956863-300x293.png 300w, https:\/\/www.zongdamining.com\/wp-content\/uploads\/2022\/12\/1700115956863.png 454w\" sizes=\"(max-width: 300px) 100vw, 300px\" \/><\/li>\n<li>\u00a0Sjedalo u kabini i sjedalo putnika opremljeno su mehani\u010dkim sjedalama za apsorbaciju udara kako bi putnici bili udobni tokom vo\u017enje.<img loading=\"lazy\" decoding=\"async\" class=\"alignnone size-medium wp-image-1817\" src=\"http:\/\/www.zongdamining.com\/wp-content\/uploads\/2022\/12\/1700116110046-300x178.png\" alt=\"\" width=\"300\" height=\"178\" srcset=\"https:\/\/www.zongdamining.com\/wp-content\/uploads\/2022\/12\/1700116110046-300x178.png 300w, https:\/\/www.zongdamining.com\/wp-content\/uploads\/2022\/12\/1700116110046.png 470w\" sizes=\"(max-width: 300px) 100vw, 300px\" \/><\/li>\n<li>\u00a0Telo vozila je opremljeno vratima za putnike na prednjoj i stra\u017enjoj strani, a \u0161arkirani dio su vrata za hitne slu\u010dajeve. U slu\u010daju hitnosti, mo\u017eete pobje\u0107i iz hitnih vrata.<img loading=\"lazy\" decoding=\"async\" class=\"alignnone size-medium wp-image-1818\" src=\"http:\/\/www.zongdamining.com\/wp-content\/uploads\/2022\/12\/1700116156558-300x103.png\" alt=\"\" width=\"300\" height=\"103\" srcset=\"https:\/\/www.zongdamining.com\/wp-content\/uploads\/2022\/12\/1700116156558-300x103.png 300w, https:\/\/www.zongdamining.com\/wp-content\/uploads\/2022\/12\/1700116156558-600x206.png 600w, https:\/\/www.zongdamining.com\/wp-content\/uploads\/2022\/12\/1700116156558.png 666w\" sizes=\"(max-width: 300px) 100vw, 300px\" \/><\/li>\n<\/ol>","protected":false},"excerpt":{"rendered":"<p>Podzemni prevoznik osoblja ZDRU-8k, ZDRU-10k i ZDRU-20k koji je proizvela ZONGDA uglavnom se koristi za podzemni transport osoblja u rudnicima. Energetski sistem uklju\u010duje Cummins, Xichai i Weichai motore.<\/p>","protected":false},"featured_media":1467,"comment_status":"open","ping_status":"closed","template":"","meta":{"_acf_changed":false},"product_brand":[],"product_cat":[15],"product_tag":[],"class_list":{"0":"post-1548","1":"product","2":"type-product","3":"status-publish","4":"has-post-thumbnail","6":"product_cat-trackless-mining-equipment","8":"first","9":"instock","10":"shipping-taxable","11":"product-type-simple"},"acf":[],"_links":{"self":[{"href":"https:\/\/www.zongdamining.com\/bs\/wp-json\/wp\/v2\/product\/1548","targetHints":{"allow":["GET"]}}],"collection":[{"href":"https:\/\/www.zongdamining.com\/bs\/wp-json\/wp\/v2\/product"}],"about":[{"href":"https:\/\/www.zongdamining.com\/bs\/wp-json\/wp\/v2\/types\/product"}],"replies":[{"embeddable":true,"href":"https:\/\/www.zongdamining.com\/bs\/wp-json\/wp\/v2\/comments?post=1548"}],"wp:featuredmedia":[{"embeddable":true,"href":"https:\/\/www.zongdamining.com\/bs\/wp-json\/wp\/v2\/media\/1467"}],"wp:attachment":[{"href":"https:\/\/www.zongdamining.com\/bs\/wp-json\/wp\/v2\/media?parent=1548"}],"wp:term":[{"taxonomy":"product_brand","embeddable":true,"href":"https:\/\/www.zongdamining.com\/bs\/wp-json\/wp\/v2\/product_brand?post=1548"},{"taxonomy":"product_cat","embeddable":true,"href":"https:\/\/www.zongdamining.com\/bs\/wp-json\/wp\/v2\/product_cat?post=1548"},{"taxonomy":"product_tag","embeddable":true,"href":"https:\/\/www.zongdamining.com\/bs\/wp-json\/wp\/v2\/product_tag?post=1548"}],"curies":[{"name":"wp","href":"https:\/\/api.w.org\/{rel}","templated":true}]}}