{"id":1551,"date":"2022-12-12T16:01:09","date_gmt":"2022-12-12T08:01:09","guid":{"rendered":"http:\/\/www.zongdamining.com\/?post_type=product&#038;p=1551"},"modified":"2022-12-12T16:01:09","modified_gmt":"2022-12-12T08:01:09","slug":"underground-shotcrete-spraying-machine","status":"publish","type":"product","link":"https:\/\/www.zongdamining.com\/bs\/product\/underground-shotcrete-spraying-machine\/","title":{"rendered":"Podzemna ma\u0161ina za prskanje betona"},"content":{"rendered":"<p><img fetchpriority=\"high\" decoding=\"async\" class=\"alignnone wp-image-1547 size-full\" src=\"http:\/\/www.zongdamining.com\/wp-content\/uploads\/2022\/12\/underground-concrete-spraying-truck50382040108.jpg\" alt=\"\" width=\"730\" height=\"730\" srcset=\"https:\/\/www.zongdamining.com\/wp-content\/uploads\/2022\/12\/underground-concrete-spraying-truck50382040108.jpg 730w, https:\/\/www.zongdamining.com\/wp-content\/uploads\/2022\/12\/underground-concrete-spraying-truck50382040108-300x300.jpg 300w, https:\/\/www.zongdamining.com\/wp-content\/uploads\/2022\/12\/underground-concrete-spraying-truck50382040108-150x150.jpg 150w, https:\/\/www.zongdamining.com\/wp-content\/uploads\/2022\/12\/underground-concrete-spraying-truck50382040108-600x600.jpg 600w, https:\/\/www.zongdamining.com\/wp-content\/uploads\/2022\/12\/underground-concrete-spraying-truck50382040108-100x100.jpg 100w\" sizes=\"(max-width: 730px) 100vw, 730px\" \/><\/p>\n<p><strong>ZDPB20T<\/strong><\/p>\n<p>Podzemna ma\u0161ina za prskanje shotcrete ZDPB20T je pouzdan alat za prskanje sa posebnim istra\u017eivanjem i razvojem o tvrdljenju povr\u0161ine i formiranju betonskog sloja podr\u0161ke na osnovu stvarnih radnih uslova i potreba podzemnih i uspje\u0161nog iskustva mnogih doma\u0107ih mokrih kolica za prskanje i automatske kontrole.  (Pogledajte sliku desno za oblik kolica).<\/p>\n<p><img decoding=\"async\" class=\"alignnone wp-image-1553 size-full\" src=\"http:\/\/www.zongdamining.com\/wp-content\/uploads\/2022\/12\/20200525165700fba69be9a1bb4029834084aca6ac1166.jpg\" alt=\"\" width=\"750\" height=\"618\" srcset=\"https:\/\/www.zongdamining.com\/wp-content\/uploads\/2022\/12\/20200525165700fba69be9a1bb4029834084aca6ac1166.jpg 750w, https:\/\/www.zongdamining.com\/wp-content\/uploads\/2022\/12\/20200525165700fba69be9a1bb4029834084aca6ac1166-300x247.jpg 300w, https:\/\/www.zongdamining.com\/wp-content\/uploads\/2022\/12\/20200525165700fba69be9a1bb4029834084aca6ac1166-600x494.jpg 600w\" sizes=\"(max-width: 750px) 100vw, 750px\" \/><\/p>\n<p><strong>Tehni\u010dki podaci<\/strong><\/p>\n<p>&nbsp;<\/p>\n<table class=\"table\" border=\"0\" width=\"100%\" cellspacing=\"0\" cellpadding=\"0\">\n<tbody>\n<tr class=\"firstRow\">\n<td width=\"114\"><strong>Kategorija<\/strong><\/td>\n<td width=\"114\"><strong>S.N<\/strong><\/td>\n<td width=\"153\"><strong>Stavka<\/strong><\/td>\n<td width=\"284\"><strong>ZDPB20T<\/strong><\/td>\n<\/tr>\n<tr>\n<td rowspan=\"12\" width=\"114\">Sastavljanje \u0161asije<\/td>\n<td width=\"114\">1<\/td>\n<td width=\"153\">Dimenzije<\/td>\n<td width=\"284\">7462\u00d71997\u00d72463mm<\/td>\n<\/tr>\n<tr>\n<td width=\"114\">2<\/td>\n<td width=\"153\">Radius okretanja<\/td>\n<td width=\"284\">Unutra 3870\/Vanaj 6133mm<\/td>\n<\/tr>\n<tr>\n<td width=\"114\">3<\/td>\n<td width=\"153\">Motor<\/td>\n<td width=\"284\">Deutz dizel motor<\/td>\n<\/tr>\n<tr>\n<td width=\"114\">4<\/td>\n<td width=\"153\">Nazivna snaga<\/td>\n<td width=\"284\">103KW<\/td>\n<\/tr>\n<tr>\n<td width=\"114\">5<\/td>\n<td width=\"153\">Emisijski standardi<\/td>\n<td width=\"284\">Nacionalni standard emisija III<\/td>\n<\/tr>\n<tr>\n<td width=\"114\">6<\/td>\n<td width=\"153\">Oblik \u0161asije<\/td>\n<td width=\"284\">\u0160asija sa \u0161arkom koja se koristi za rudnike<\/td>\n<\/tr>\n<tr>\n<td width=\"114\">7<\/td>\n<td width=\"153\">Obrazac za prijenos<\/td>\n<td width=\"284\">Hidrauli\u010dki mehani\u010dki prenos<\/td>\n<\/tr>\n<tr>\n<td width=\"114\">8<\/td>\n<td width=\"153\">Brzina vo\u017enje<\/td>\n<td width=\"284\">3 zup\u010danika, 0-26 km\/h<\/td>\n<\/tr>\n<tr>\n<td rowspan=\"3\" width=\"114\">9<\/td>\n<td rowspan=\"3\" width=\"153\">Sistem ko\u010denja<\/td>\n<td width=\"284\">\u010cetirikota\u010dna mokra dvostruka ko\u010dnica:<\/td>\n<\/tr>\n<tr>\n<td width=\"284\">Parkira\u010dka ko\u010dnica je pru\u017ena ko\u010dnica, hidrauli\u010dno osloba\u0111anje;<\/td>\n<\/tr>\n<tr>\n<td width=\"284\">Servisna ko\u010dnica je hidrauli\u010dna ko\u010dnica, osloba\u0111anje opruge.<\/td>\n<\/tr>\n<tr>\n<td width=\"114\">10<\/td>\n<td width=\"153\">Maksimalna gradabilnost<\/td>\n<td width=\"284\">15\u00b0<\/td>\n<\/tr>\n<\/tbody>\n<\/table>\n<p>&nbsp;<\/p>\n<p>&nbsp;<\/p>\n<p>&nbsp;<\/p>\n<table class=\"table\" border=\"0\" width=\"100%\" cellspacing=\"0\" cellpadding=\"0\">\n<tbody>\n<tr class=\"firstRow\">\n<td width=\"114\"><strong>Kategorija<\/strong><\/td>\n<td width=\"114\"><strong>S.N<\/strong><\/td>\n<td width=\"153\"><strong>Stavka<\/strong><\/td>\n<td width=\"284\"><strong>CSPB20T<\/strong><\/td>\n<\/tr>\n<tr>\n<td rowspan=\"10\" width=\"114\">Sistem za ubrizgavanje betona<\/td>\n<td width=\"114\">1<\/td>\n<td width=\"153\">Oblik za prijenos<\/td>\n<td width=\"284\">Hidrauli\u010dka kontrola tipa klipa, automatsko prebacivanje ventila za cijevi S<\/td>\n<\/tr>\n<tr>\n<td width=\"114\">2<\/td>\n<td width=\"153\">Teoreti\u010dki kapacitet pumpanja<\/td>\n<td width=\"284\">20 m\u00b3\/h<\/td>\n<\/tr>\n<tr>\n<td width=\"114\">3<\/td>\n<td width=\"153\">Maksimalna dozvoljena veli\u010dina \u010destica<\/td>\n<td width=\"284\">16 mm<\/td>\n<\/tr>\n<tr>\n<td width=\"114\">4<\/td>\n<td width=\"153\">Volumen spremnika<\/td>\n<td width=\"284\">520L<\/td>\n<\/tr>\n<tr>\n<td width=\"114\">5<\/td>\n<td width=\"153\">Visina hrane<\/td>\n<td width=\"284\">1200mm<\/td>\n<\/tr>\n<tr>\n<td width=\"114\">6<\/td>\n<td width=\"153\">Robotska kontrola ruke<\/td>\n<td width=\"284\">Potpuno hidrauli\u010dno \u010detiri sekcije trostruko, \u017ei\u010dno\/be\u017ei\u010dno daljinsko upravljanje<\/td>\n<\/tr>\n<tr>\n<td width=\"114\">7<\/td>\n<td width=\"153\">Maksimalna visina prskanja<\/td>\n<td width=\"284\">8m<\/td>\n<\/tr>\n<tr>\n<td width=\"114\">8<\/td>\n<td width=\"153\">Maksimalna \u0161irina prskanja<\/td>\n<td width=\"284\">16m<\/td>\n<\/tr>\n<tr>\n<td width=\"114\">9<\/td>\n<td width=\"153\">Raspon prskanja mlaznica<\/td>\n<td width=\"284\">Sa \u0161est stepeni slobode, 240\u00b0 sfernim dometom i automatskim \u010detkanjem<\/td>\n<\/tr>\n<tr>\n<td width=\"114\">10<\/td>\n<td width=\"153\">Obrazac pogona<\/td>\n<td width=\"284\">Motor za normalni pogon i dizel motor za hitni pogon<\/td>\n<\/tr>\n<\/tbody>\n<\/table>\n<p>&nbsp;<\/p>\n<p>&nbsp;<\/p>\n<table class=\"table\" border=\"0\" width=\"100%\" cellspacing=\"0\" cellpadding=\"0\">\n<tbody>\n<tr class=\"firstRow\">\n<td width=\"114\"><strong>Kategorija<\/strong><\/td>\n<td width=\"114\"><strong>S.N<\/strong><\/td>\n<td width=\"153\"><strong>Stavka<\/strong><\/td>\n<td width=\"284\"><strong>ZDPB20T<\/strong><\/td>\n<\/tr>\n<tr>\n<td rowspan=\"5\" width=\"114\">Sistem ubrzava\u010da<\/td>\n<td width=\"114\">1<\/td>\n<td width=\"153\">Obrazac<\/td>\n<td width=\"284\">Pogon motorom i volumen prijevoza je podesiv<\/td>\n<\/tr>\n<tr>\n<td width=\"114\">2<\/td>\n<td width=\"153\">Kapacitet punjenja<\/td>\n<td width=\"284\">50-600L\/h<\/td>\n<\/tr>\n<tr>\n<td width=\"114\">3<\/td>\n<td width=\"153\">Ubrza\u010d<\/td>\n<td width=\"284\">Accelerator te\u010dnosti u bocama<\/td>\n<\/tr>\n<tr>\n<td width=\"114\">4<\/td>\n<td width=\"153\">Kontrolni sistem<\/td>\n<td width=\"284\">Sinhroni izlaz sa volumenom pumpanja betona, koji je podesiv<\/td>\n<\/tr>\n<tr>\n<td width=\"114\">5<\/td>\n<td width=\"153\">Povezivanje sa mlaznicom<\/td>\n<td width=\"284\">Ulaz sa obje strane<\/td>\n<\/tr>\n<tr>\n<td rowspan=\"3\" width=\"114\">Sistem za \u010di\u0161\u0107enje<\/td>\n<td width=\"114\">6<\/td>\n<td width=\"153\">Obrazac<\/td>\n<td width=\"284\">Hidrauli\u010dki pogonjena, klipna pumpa sa vodenim pi\u0161toljem visokog pritiska<\/td>\n<\/tr>\n<tr>\n<td width=\"114\">7<\/td>\n<td width=\"153\">Volumen rezervoara<\/td>\n<td width=\"284\">130L<\/td>\n<\/tr>\n<tr>\n<td width=\"114\">8<\/td>\n<td width=\"153\">Izlazni kapacitet<\/td>\n<td width=\"284\">11L\/min<\/td>\n<\/tr>\n<tr>\n<td rowspan=\"2\" width=\"114\">Kompresor vazduha<\/td>\n<td width=\"114\">9<\/td>\n<td width=\"153\">Obrazac<\/td>\n<td width=\"284\">Pogon motora, vija\u010dni kompresor vazduha<\/td>\n<\/tr>\n<tr>\n<td width=\"114\">10<\/td>\n<td width=\"153\">Maksimalno snabdevanje vazduhom<\/td>\n<td width=\"284\">7.5m\u00b3\/min<\/td>\n<\/tr>\n<\/tbody>\n<\/table>\n<p><img decoding=\"async\" class=\"alignnone wp-image-1552 size-full\" src=\"http:\/\/www.zongdamining.com\/wp-content\/uploads\/2022\/12\/20200525165703cf22348c83de4511aabfe9716cd5b33d.jpg\" alt=\"\" width=\"750\" height=\"750\" srcset=\"https:\/\/www.zongdamining.com\/wp-content\/uploads\/2022\/12\/20200525165703cf22348c83de4511aabfe9716cd5b33d.jpg 750w, https:\/\/www.zongdamining.com\/wp-content\/uploads\/2022\/12\/20200525165703cf22348c83de4511aabfe9716cd5b33d-300x300.jpg 300w, https:\/\/www.zongdamining.com\/wp-content\/uploads\/2022\/12\/20200525165703cf22348c83de4511aabfe9716cd5b33d-150x150.jpg 150w, https:\/\/www.zongdamining.com\/wp-content\/uploads\/2022\/12\/20200525165703cf22348c83de4511aabfe9716cd5b33d-600x600.jpg 600w, https:\/\/www.zongdamining.com\/wp-content\/uploads\/2022\/12\/20200525165703cf22348c83de4511aabfe9716cd5b33d-100x100.jpg 100w\" sizes=\"(max-width: 750px) 100vw, 750px\" \/><\/p>\n<p><strong>Sistem ubrizgavanja &#8211; radni domen<\/strong><\/p>\n<p><img loading=\"lazy\" decoding=\"async\" class=\"alignnone wp-image-1546 size-full\" src=\"http:\/\/www.zongdamining.com\/wp-content\/uploads\/2022\/12\/202005251652092146ead574dc4323a2b5d8640c5d8259.jpg\" alt=\"\" width=\"750\" height=\"750\" srcset=\"https:\/\/www.zongdamining.com\/wp-content\/uploads\/2022\/12\/202005251652092146ead574dc4323a2b5d8640c5d8259.jpg 750w, https:\/\/www.zongdamining.com\/wp-content\/uploads\/2022\/12\/202005251652092146ead574dc4323a2b5d8640c5d8259-300x300.jpg 300w, https:\/\/www.zongdamining.com\/wp-content\/uploads\/2022\/12\/202005251652092146ead574dc4323a2b5d8640c5d8259-150x150.jpg 150w, https:\/\/www.zongdamining.com\/wp-content\/uploads\/2022\/12\/202005251652092146ead574dc4323a2b5d8640c5d8259-600x600.jpg 600w, https:\/\/www.zongdamining.com\/wp-content\/uploads\/2022\/12\/202005251652092146ead574dc4323a2b5d8640c5d8259-100x100.jpg 100w\" sizes=\"(max-width: 750px) 100vw, 750px\" \/><\/p>","protected":false},"excerpt":{"rendered":"<p>Podzemna ma\u0161ina za prskanje shotcrete ZDPB20T je pouzdan alat za prskanje sa posebnim istra\u017eivanjem i razvojem o tvrdljenju povr\u0161ine i formiranju betonskog sloja podr\u0161ke na osnovu stvarnih radnih uslova i potreba podzemnih i uspje\u0161nog iskustva mnogih doma\u0107ih mokrih kolica za prskanje i automatske kontrole.<\/p>","protected":false},"featured_media":1547,"comment_status":"open","ping_status":"closed","template":"","meta":{"_acf_changed":false},"product_brand":[],"product_cat":[15],"product_tag":[],"class_list":{"0":"post-1551","1":"product","2":"type-product","3":"status-publish","4":"has-post-thumbnail","6":"product_cat-trackless-mining-equipment","8":"first","9":"instock","10":"shipping-taxable","11":"product-type-simple"},"acf":[],"_links":{"self":[{"href":"https:\/\/www.zongdamining.com\/bs\/wp-json\/wp\/v2\/product\/1551","targetHints":{"allow":["GET"]}}],"collection":[{"href":"https:\/\/www.zongdamining.com\/bs\/wp-json\/wp\/v2\/product"}],"about":[{"href":"https:\/\/www.zongdamining.com\/bs\/wp-json\/wp\/v2\/types\/product"}],"replies":[{"embeddable":true,"href":"https:\/\/www.zongdamining.com\/bs\/wp-json\/wp\/v2\/comments?post=1551"}],"wp:featuredmedia":[{"embeddable":true,"href":"https:\/\/www.zongdamining.com\/bs\/wp-json\/wp\/v2\/media\/1547"}],"wp:attachment":[{"href":"https:\/\/www.zongdamining.com\/bs\/wp-json\/wp\/v2\/media?parent=1551"}],"wp:term":[{"taxonomy":"product_brand","embeddable":true,"href":"https:\/\/www.zongdamining.com\/bs\/wp-json\/wp\/v2\/product_brand?post=1551"},{"taxonomy":"product_cat","embeddable":true,"href":"https:\/\/www.zongdamining.com\/bs\/wp-json\/wp\/v2\/product_cat?post=1551"},{"taxonomy":"product_tag","embeddable":true,"href":"https:\/\/www.zongdamining.com\/bs\/wp-json\/wp\/v2\/product_tag?post=1551"}],"curies":[{"name":"wp","href":"https:\/\/api.w.org\/{rel}","templated":true}]}}