{"id":1560,"date":"2022-12-12T16:08:59","date_gmt":"2022-12-12T08:08:59","guid":{"rendered":"http:\/\/www.zongdamining.com\/?post_type=product&#038;p=1560"},"modified":"2023-01-29T16:41:57","modified_gmt":"2023-01-29T08:41:57","slug":"fbd6-3-2x22-tunnel-fan-underground-mine-ventilation-blower","status":"publish","type":"product","link":"https:\/\/www.zongdamining.com\/bs\/product\/fbd6-3-2x22-tunnel-fan-underground-mine-ventilation-blower\/","title":{"rendered":"Fbd6.3\/2X22 ventilator tunela, ventilator podzemnog rudnika"},"content":{"rendered":"<div>\n<p>Imamo profesionalno upravljanje kvalitetom i testiranje. Na\u0161i proizvodi se proizvode kroz strog sistem kontrole kvaliteta. Na\u0161a kompanija se fokusira na pomo\u0107 na\u0161im klijentima da postignu jedan zajedni\u010dki cilj koji je da proizvedu kvalitetniju lokomotivu za baterije za rudnike ugljena, utovara\u010d za stijene, podzemnu bu\u0161ilicu za stijene po niskoj ceni. Na\u0161a kompanija je oduvijek bila usredoto\u010dena na strategiju &#8216; Tehnologija za ve\u010dnost, inovacije za budu\u0107nost&#8217; , pridr\u017eava se tr\u017ei\u0161no orijentisanih, zasnovanih na tehnologiji i slu\u017ei globalnim kupcima visokokvalitetnim proizvodima i odli\u010dnim uslugama. Nastavljamo da inovamo i pobolj\u0161avamo kako bismo na\u0161 posao u\u010dinili brzo rastu\u0107im dijelom na\u0161e linije, i pomogli na\u0161im zaposlenim da postignu prednost i pove\u0107aju samovrijednost. Nadamo se da \u0107emo imati dugoro\u010dne odnose saradnje sa na\u0161im klijentima. Na\u0161a kompanija mo\u017ee efikasno smanjiti zalihe, pobolj\u0161ati operativnu efikasnost i odgovornost na tr\u017ei\u0161te i imati dubok uticaj na cijelo upravljanje preduze\u0107em.<\/p>\n<\/div>\n<div>\n<p><img fetchpriority=\"high\" decoding=\"async\" class=\"alignnone wp-image-1409 size-full\" src=\"http:\/\/www.zongdamining.com\/wp-content\/uploads\/2022\/12\/202005251737177cfa6404b79a4418b76a8de5ad2b504e.jpg\" alt=\"\" width=\"750\" height=\"750\" srcset=\"https:\/\/www.zongdamining.com\/wp-content\/uploads\/2022\/12\/202005251737177cfa6404b79a4418b76a8de5ad2b504e.jpg 750w, https:\/\/www.zongdamining.com\/wp-content\/uploads\/2022\/12\/202005251737177cfa6404b79a4418b76a8de5ad2b504e-300x300.jpg 300w, https:\/\/www.zongdamining.com\/wp-content\/uploads\/2022\/12\/202005251737177cfa6404b79a4418b76a8de5ad2b504e-150x150.jpg 150w, https:\/\/www.zongdamining.com\/wp-content\/uploads\/2022\/12\/202005251737177cfa6404b79a4418b76a8de5ad2b504e-600x600.jpg 600w, https:\/\/www.zongdamining.com\/wp-content\/uploads\/2022\/12\/202005251737177cfa6404b79a4418b76a8de5ad2b504e-100x100.jpg 100w\" sizes=\"(max-width: 750px) 100vw, 750px\" \/><\/p>\n<p><strong>Specifikacija<\/strong><\/p>\n<p>SDS ventilacijski ventilator tunela koji se koristi za sistem ventilacije du\u017eine tunela, ventilatori su instalirani visi na gornjem krovu tunela ili sa obje strane, \u0161to ne uti\u010de na saobra\u0107aj, nema potrebe da se izgradi izlazni put. Jeftina zgrada, je veoma savr\u0161ena ventilacija ventilatora.<\/p>\n<p><strong>Glavne karakteristike<\/strong><\/p>\n<p>1) Jednostavna struktura linearnog tipa, jednostavna u instalaciji i odr\u017eavanju.<\/p>\n<p>2) Usvajanje naprednih svjetski poznatih komponenti brenda u pneumatskim dijelovima, elektri\u010dnim dijelovima i delovima za rad.<\/p>\n<p>3) Visok pritisak dvostruki koljak za kontrolu otvaranja i zatvaranja matrice.<\/p>\n<p>4) Radi u visokoj automatizaciji i intelektualizaciji, bez zaga\u0111enja<\/p>\n<p>5) Primenite poveznik za povezivanje sa vazduhovnim konvejerom, koji mo\u017ee biti direktno u liniji sa ma\u0161inom za punjenje.<\/p>\n<p><strong>Op\u0161ta struktura SDS ventilatora<\/strong><\/p>\n<p>SDS ventilator je kombinacija ventilatora aksijalnog protoka i spolja\u0161njeg prigu\u0161iva\u010da. SDS tunelski ventilator se uglavnom sastoji od ulaznog gasila, glavnog motora, izlaznog gasila i motora.<\/p>\n<p><img decoding=\"async\" class=\"alignnone wp-image-1408 size-full\" src=\"http:\/\/www.zongdamining.com\/wp-content\/uploads\/2022\/12\/20200525173750c36c150db78c43a292cabb6855fdf9d5.jpg\" alt=\"\" width=\"750\" height=\"750\" srcset=\"https:\/\/www.zongdamining.com\/wp-content\/uploads\/2022\/12\/20200525173750c36c150db78c43a292cabb6855fdf9d5.jpg 750w, https:\/\/www.zongdamining.com\/wp-content\/uploads\/2022\/12\/20200525173750c36c150db78c43a292cabb6855fdf9d5-300x300.jpg 300w, https:\/\/www.zongdamining.com\/wp-content\/uploads\/2022\/12\/20200525173750c36c150db78c43a292cabb6855fdf9d5-150x150.jpg 150w, https:\/\/www.zongdamining.com\/wp-content\/uploads\/2022\/12\/20200525173750c36c150db78c43a292cabb6855fdf9d5-600x600.jpg 600w, https:\/\/www.zongdamining.com\/wp-content\/uploads\/2022\/12\/20200525173750c36c150db78c43a292cabb6855fdf9d5-100x100.jpg 100w\" sizes=\"(max-width: 750px) 100vw, 750px\" \/><\/p>\n<p>Ventilator tunela sa visokom efikasno\u0161\u0107u i niskom bukom iz serije SDF sastoji se od tri sekcije: sekcije za uti\u0161avanje ulaza (kolektor vazduha, za\u0161titna mre\u017ea, deflektor, mre\u017ea za ispravljanje, prigu\u0161iva\u010d); sekcija ventilatora (ku\u0107i\u0161te, rotor (pokretna o\u0161trica), stacionarna o\u0161trica (vodi\u010da), motor); Odjeljak za uti\u0161avanje izlaza (uti\u0161a\u010d izlaza).<\/p>\n<p>1) Roter (pokretna o\u0161trica): sastoji se od o\u0161trice i \u010dvorka. Sredi\u0161te je izra\u0111eno od litih \u010delika zg230-450. \u0160trica je pode\u0161avaju\u0107a rezila zra\u010dne folije izra\u0111ena od preciznog livanja ZL104 aluminijumske silikonske legure. Korijen i rep o\u0161trice su dizajnirani. Proces lijevanja dodaje strogu stati\u010dku i dinami\u010dku korekciju ravnote\u017ee, test brzine, stabilan i pouzdan rad.<\/p>\n<p>2) dio ljuske: izra\u0111en je od obi\u010dne \u010deli\u010dne plo\u010de zavarivanjem, a unutra\u0161nji cilindar je opremljen stati\u010dkim stra\u017enjim vodi\u010dem, koji se tretira eliminiranjem napona zavarivanja.<\/p>\n<p><img decoding=\"async\" class=\"alignnone wp-image-1561 size-full\" src=\"http:\/\/www.zongdamining.com\/wp-content\/uploads\/2022\/12\/202005251738019b92d8b24ac94bffbff9fff5de631363-1.jpg\" alt=\"\" width=\"750\" height=\"750\" srcset=\"https:\/\/www.zongdamining.com\/wp-content\/uploads\/2022\/12\/202005251738019b92d8b24ac94bffbff9fff5de631363-1.jpg 750w, https:\/\/www.zongdamining.com\/wp-content\/uploads\/2022\/12\/202005251738019b92d8b24ac94bffbff9fff5de631363-1-300x300.jpg 300w, https:\/\/www.zongdamining.com\/wp-content\/uploads\/2022\/12\/202005251738019b92d8b24ac94bffbff9fff5de631363-1-150x150.jpg 150w, https:\/\/www.zongdamining.com\/wp-content\/uploads\/2022\/12\/202005251738019b92d8b24ac94bffbff9fff5de631363-1-600x600.jpg 600w, https:\/\/www.zongdamining.com\/wp-content\/uploads\/2022\/12\/202005251738019b92d8b24ac94bffbff9fff5de631363-1-100x100.jpg 100w\" sizes=\"(max-width: 750px) 100vw, 750px\" \/><\/p>\n<\/div>\n<div><\/div>\n<div>\n<p>Uz duh visokog kvaliteta, odli\u010dne usluge i razvoja, obra\u0107amo pa\u017enju na detalje i pratimo savr\u0161ene koncepte upravljanja za proizvodnju Fbd6.3\/2X22 tunelskog ventilatora, podzemnog rudnika ventilacijskog ventilatora sa stabilnim i pouzdanim performansama. Stvori\u0107emo vam moderni marketin\u0161ki sistem, uklju\u010duju\u0107i razvoj tr\u017ei\u0161ta, upravljanje prodajom, upravljanje zadovoljstvom kupaca, profesionalnu obuku osoblja, inovacije modela dobiti i druge sisteme. Sveobuhvatno pobolj\u0161avamo predvi\u0111anje i sistematiku upravljanja rizicima, strogo kontroli\u0161emo, spre\u010davamo i izbegavamo poslovne rizike, kako bismo kontinuirano pobolj\u0161ali vrijednost preduze\u0107a.<\/p>\n<\/div>","protected":false},"excerpt":{"rendered":"<p>SDS ventilacijski ventilator tunela koji se koristi za sistem ventilacije du\u017eine tunela, ventilatori su instalirani visi na gornjem krovu tunela ili sa obje strane, \u0161to ne uti\u010de na saobra\u0107aj, nema potrebe da se izgradi izlazni put.<\/p>","protected":false},"featured_media":1296,"comment_status":"open","ping_status":"closed","template":"","meta":{"_acf_changed":false},"product_brand":[],"product_cat":[28],"product_tag":[],"class_list":{"0":"post-1560","1":"product","2":"type-product","3":"status-publish","4":"has-post-thumbnail","6":"product_cat-underground-ventilation-systems","8":"first","9":"instock","10":"shipping-taxable","11":"product-type-simple"},"acf":[],"_links":{"self":[{"href":"https:\/\/www.zongdamining.com\/bs\/wp-json\/wp\/v2\/product\/1560","targetHints":{"allow":["GET"]}}],"collection":[{"href":"https:\/\/www.zongdamining.com\/bs\/wp-json\/wp\/v2\/product"}],"about":[{"href":"https:\/\/www.zongdamining.com\/bs\/wp-json\/wp\/v2\/types\/product"}],"replies":[{"embeddable":true,"href":"https:\/\/www.zongdamining.com\/bs\/wp-json\/wp\/v2\/comments?post=1560"}],"wp:featuredmedia":[{"embeddable":true,"href":"https:\/\/www.zongdamining.com\/bs\/wp-json\/wp\/v2\/media\/1296"}],"wp:attachment":[{"href":"https:\/\/www.zongdamining.com\/bs\/wp-json\/wp\/v2\/media?parent=1560"}],"wp:term":[{"taxonomy":"product_brand","embeddable":true,"href":"https:\/\/www.zongdamining.com\/bs\/wp-json\/wp\/v2\/product_brand?post=1560"},{"taxonomy":"product_cat","embeddable":true,"href":"https:\/\/www.zongdamining.com\/bs\/wp-json\/wp\/v2\/product_cat?post=1560"},{"taxonomy":"product_tag","embeddable":true,"href":"https:\/\/www.zongdamining.com\/bs\/wp-json\/wp\/v2\/product_tag?post=1560"}],"curies":[{"name":"wp","href":"https:\/\/api.w.org\/{rel}","templated":true}]}}