{"id":1567,"date":"2022-12-12T16:15:23","date_gmt":"2022-12-12T08:15:23","guid":{"rendered":"http:\/\/www.zongdamining.com\/?post_type=product&#038;p=1567"},"modified":"2022-12-16T11:07:35","modified_gmt":"2022-12-16T03:07:35","slug":"underground-lhd-loader","status":"publish","type":"product","link":"https:\/\/www.zongdamining.com\/bs\/product\/underground-lhd-loader\/","title":{"rendered":"Podzemni LHD utovara\u010d"},"content":{"rendered":"<p><img fetchpriority=\"high\" decoding=\"async\" class=\"alignnone wp-image-1511 size-full\" src=\"http:\/\/www.zongdamining.com\/wp-content\/uploads\/2022\/12\/underground-lhd-loader34383763888.jpg\" alt=\"\" width=\"730\" height=\"730\" srcset=\"https:\/\/www.zongdamining.com\/wp-content\/uploads\/2022\/12\/underground-lhd-loader34383763888.jpg 730w, https:\/\/www.zongdamining.com\/wp-content\/uploads\/2022\/12\/underground-lhd-loader34383763888-300x300.jpg 300w, https:\/\/www.zongdamining.com\/wp-content\/uploads\/2022\/12\/underground-lhd-loader34383763888-150x150.jpg 150w, https:\/\/www.zongdamining.com\/wp-content\/uploads\/2022\/12\/underground-lhd-loader34383763888-600x600.jpg 600w, https:\/\/www.zongdamining.com\/wp-content\/uploads\/2022\/12\/underground-lhd-loader34383763888-100x100.jpg 100w\" sizes=\"(max-width: 730px) 100vw, 730px\" \/><\/p>\n<p><strong>Tehni\u010dki podaci<\/strong><\/p>\n<p>ZONGDA podzemni LHD utovara\u010d se posebno koristi za utovar i transport materijala koji nije ugljen nakon eksplozije ispod rudnika. Okolina treba da bude tunel bez eksplozivnog materijala, \u010dvrsta pozadina, adekvatna ventilacija, i krov i put bez pumsa.<\/p>\n<p>Tako\u0111e se mo\u017ee koristiti u projektima tunela kao \u0161to su \u017eeljeznica i put, posebno u lo\u0161im radnim uslovima, uskom radnom podru\u010dju, niskoj i prljavoj radnoj platformi. Ma\u0161ina koristi najnapredniji DEUTZ dvokora\u010dni, vjetrovi motor sa niskim nivojem NOx, sa platinskim cenzuriranim \u010di\u0161\u0107a\u010dem suhih izljeva iz Kanade. Sistem pogona koristi CLARK hidrauli\u010dni pretvara\u010d obrtnog momenta i prenos premjene snage, jednostavan za rukovanje i stabilan rad. Ko\u010dni\u010dki sistem koristi hidrauli\u010dni dvostruki ko\u010dni\u010dki sistem, sa mokrom ko\u010dnicom sa vi\u0161e diskova i diferencijalom protiv klizanja USA NO-SPIN kako bi se osigurala sigurnost u lo\u0161em radnom okru\u017eenju. Rezervni dijelovi hidrauli\u010dnog sistema koriste komercijalne dijelove, sve hidrauli\u010dno preusmjeravanje i ru\u010dnu kontrolu. Dobro dizajniran glavni okvir i \u0161est-bar mehanizam osiguravaju dobar oblik i visoku efikasnost.<\/p>\n<p><img decoding=\"async\" class=\"alignnone wp-image-1509 size-full\" src=\"http:\/\/www.zongdamining.com\/wp-content\/uploads\/2022\/12\/202004201737327bf7e68c1c304b70a0fc9e554400624c.jpg\" alt=\"\" width=\"750\" height=\"750\" srcset=\"https:\/\/www.zongdamining.com\/wp-content\/uploads\/2022\/12\/202004201737327bf7e68c1c304b70a0fc9e554400624c.jpg 750w, https:\/\/www.zongdamining.com\/wp-content\/uploads\/2022\/12\/202004201737327bf7e68c1c304b70a0fc9e554400624c-300x300.jpg 300w, https:\/\/www.zongdamining.com\/wp-content\/uploads\/2022\/12\/202004201737327bf7e68c1c304b70a0fc9e554400624c-150x150.jpg 150w, https:\/\/www.zongdamining.com\/wp-content\/uploads\/2022\/12\/202004201737327bf7e68c1c304b70a0fc9e554400624c-600x600.jpg 600w, https:\/\/www.zongdamining.com\/wp-content\/uploads\/2022\/12\/202004201737327bf7e68c1c304b70a0fc9e554400624c-100x100.jpg 100w\" sizes=\"(max-width: 750px) 100vw, 750px\" \/><\/p>\n<p>Diesel LHD ima kapacitet od 4 tone. Poganja se DEUTZ motorom BF4L914, pobolj\u0161ava produktivnost i podzemni tunel i efikasno smanjuje zaga\u0111enje.<\/p>\n<p><strong>Karakteristike<\/strong><\/p>\n<p>\u25c6  Dana hidrauli\u010dni pretvara\u010d obrtnog momenta i menja\u010d za menja\u010d snage su usvojeni.<\/p>\n<p>\u25c6  Za radnu ko\u010dnicu se koriste mokre potpuno zatvorene ko\u010dnice sa vi\u0161e diskova, ko\u010dnice sa pru\u017eom i ko\u010dnice sa hidrauli\u010dnim otpu\u0161tanjem.<\/p>\n<p>\u25c6  Diferencijal protiv klizanja bez spina uvozen iz Sjedinjenih Dr\u017eava usvojen je za prednju osovinu.<\/p>\n<p>\u25c6  Okvir za ljulja\u010d tipa kutije usvojen je za ljulja\u010d stra\u017enje osovine, \u0161to smanjuje stopu kvarova.<\/p>\n<p>\u25c6  ZONGDA podzemni LHD utovara\u010d usvaja centralnu \u0161arku, potpuno hidrauli\u010dni servo upravlja\u010d.<\/p>\n<p><img decoding=\"async\" class=\"alignnone wp-image-1510 size-full\" src=\"http:\/\/www.zongdamining.com\/wp-content\/uploads\/2022\/12\/20200420173738999b3ef8f314439d816584608d7bc091.jpg\" alt=\"\" width=\"750\" height=\"750\" srcset=\"https:\/\/www.zongdamining.com\/wp-content\/uploads\/2022\/12\/20200420173738999b3ef8f314439d816584608d7bc091.jpg 750w, https:\/\/www.zongdamining.com\/wp-content\/uploads\/2022\/12\/20200420173738999b3ef8f314439d816584608d7bc091-300x300.jpg 300w, https:\/\/www.zongdamining.com\/wp-content\/uploads\/2022\/12\/20200420173738999b3ef8f314439d816584608d7bc091-150x150.jpg 150w, https:\/\/www.zongdamining.com\/wp-content\/uploads\/2022\/12\/20200420173738999b3ef8f314439d816584608d7bc091-600x600.jpg 600w, https:\/\/www.zongdamining.com\/wp-content\/uploads\/2022\/12\/20200420173738999b3ef8f314439d816584608d7bc091-100x100.jpg 100w\" sizes=\"(max-width: 750px) 100vw, 750px\" \/><\/p>\n<p><strong>Tehni\u010dki podaci<\/strong><\/p>\n<div class=\"table-responsive\">\n<table class=\"table\" border=\"0\" width=\"100%\" cellspacing=\"0\" cellpadding=\"0\">\n<tbody>\n<tr class=\"firstRow\">\n<td width=\"181\">Nazivni kapacitet kante<\/td>\n<td width=\"181\">2m\u00b3<\/td>\n<td width=\"181\">Brzina tr\u010danja<\/td>\n<td width=\"181\">0-18 m\/h<\/td>\n<\/tr>\n<tr>\n<td width=\"181\">Nazivno korisno optere\u0107enje<\/td>\n<td width=\"181\">4T<\/td>\n<td width=\"181\">Min. odobrenje<\/td>\n<td width=\"181\">280mm<\/td>\n<\/tr>\n<tr>\n<td width=\"181\">Maksimalna snaga proboja<\/td>\n<td width=\"181\">102KN<\/td>\n<td width=\"181\">Maksimalni ugao upravljanja<\/td>\n<td width=\"181\">\u00b142\u00b0<\/td>\n<\/tr>\n<tr>\n<td width=\"181\">Maksimalna vu\u010dna snaga<\/td>\n<td width=\"181\">104KN<\/td>\n<td width=\"181\">Kut ljulja\u010dke stra\u017enje osovine<\/td>\n<td width=\"181\">\u00b17\u00b0<\/td>\n<\/tr>\n<tr>\n<td width=\"181\">Maksimalna visina dumpinga<\/td>\n<td width=\"181\">1743mm<\/td>\n<td width=\"181\">Ugao odlaska<\/td>\n<td width=\"181\">16\u00b0<\/td>\n<\/tr>\n<tr>\n<td width=\"181\">Maksimalna gradabilnost<\/td>\n<td width=\"181\">\u226420\u00b0<\/td>\n<td width=\"181\">Vrsta guma<\/td>\n<td width=\"181\">12.00-24<\/td>\n<\/tr>\n<tr>\n<td width=\"181\">Min. visina dumpinga<\/td>\n<td width=\"181\">860 mm<\/td>\n<td width=\"181\">Podloga kota\u010da<\/td>\n<td width=\"181\">2540 mm<\/td>\n<\/tr>\n<tr>\n<td rowspan=\"2\" width=\"181\">Min. Radius okretanja<\/td>\n<td width=\"181\">4980 (Vanjski)<\/td>\n<td rowspan=\"2\" width=\"181\">Motor<\/td>\n<td width=\"181\">Deutz BF4L914<\/td>\n<\/tr>\n<tr>\n<td width=\"181\">2500 (unutra\u0161nji)<\/td>\n<td width=\"181\">Deutz BF4M1013EC<\/td>\n<\/tr>\n<tr>\n<td width=\"181\">Vanjske dimenzije<\/td>\n<td width=\"181\">6900*1770*2050 mm\u00b3<\/td>\n<td width=\"181\">Operativna te\u017eina<\/td>\n<td width=\"181\">12.5T<\/td>\n<\/tr>\n<\/tbody>\n<\/table>\n<\/div>\n<p><img loading=\"lazy\" decoding=\"async\" class=\"alignnone wp-image-1514 size-full\" src=\"http:\/\/www.zongdamining.com\/wp-content\/uploads\/2022\/12\/202004201738356ffa6b7706d84702a7a3b12380317ad6.jpg\" alt=\"\" width=\"750\" height=\"415\" srcset=\"https:\/\/www.zongdamining.com\/wp-content\/uploads\/2022\/12\/202004201738356ffa6b7706d84702a7a3b12380317ad6.jpg 750w, https:\/\/www.zongdamining.com\/wp-content\/uploads\/2022\/12\/202004201738356ffa6b7706d84702a7a3b12380317ad6-300x166.jpg 300w, https:\/\/www.zongdamining.com\/wp-content\/uploads\/2022\/12\/202004201738356ffa6b7706d84702a7a3b12380317ad6-600x332.jpg 600w\" sizes=\"(max-width: 750px) 100vw, 750px\" \/><\/p>\n<p><img loading=\"lazy\" decoding=\"async\" class=\"alignnone wp-image-1513 size-full\" src=\"http:\/\/www.zongdamining.com\/wp-content\/uploads\/2022\/12\/202004201738390ed35f4107b940d98b2c15ae93b2e7d8.jpg\" alt=\"\" width=\"750\" height=\"468\" srcset=\"https:\/\/www.zongdamining.com\/wp-content\/uploads\/2022\/12\/202004201738390ed35f4107b940d98b2c15ae93b2e7d8.jpg 750w, https:\/\/www.zongdamining.com\/wp-content\/uploads\/2022\/12\/202004201738390ed35f4107b940d98b2c15ae93b2e7d8-300x187.jpg 300w, https:\/\/www.zongdamining.com\/wp-content\/uploads\/2022\/12\/202004201738390ed35f4107b940d98b2c15ae93b2e7d8-600x374.jpg 600w\" sizes=\"(max-width: 750px) 100vw, 750px\" \/><\/p>","protected":false},"excerpt":{"rendered":"<p>ZONGDA podzemni LHD utovara\u010d se posebno koristi za utovar i transport materijala koji nije ugljen nakon eksplozije ispod rudnika. Okolina treba da bude tunel bez eksplozivnog materijala, \u010dvrsta pozadina, adekvatna ventilacija, i krov i put bez pumsa.<\/p>","protected":false},"featured_media":1511,"comment_status":"open","ping_status":"closed","template":"","meta":{"_acf_changed":false},"product_brand":[],"product_cat":[15],"product_tag":[],"class_list":{"0":"post-1567","1":"product","2":"type-product","3":"status-publish","4":"has-post-thumbnail","6":"product_cat-trackless-mining-equipment","8":"first","9":"instock","10":"shipping-taxable","11":"product-type-simple"},"acf":[],"_links":{"self":[{"href":"https:\/\/www.zongdamining.com\/bs\/wp-json\/wp\/v2\/product\/1567","targetHints":{"allow":["GET"]}}],"collection":[{"href":"https:\/\/www.zongdamining.com\/bs\/wp-json\/wp\/v2\/product"}],"about":[{"href":"https:\/\/www.zongdamining.com\/bs\/wp-json\/wp\/v2\/types\/product"}],"replies":[{"embeddable":true,"href":"https:\/\/www.zongdamining.com\/bs\/wp-json\/wp\/v2\/comments?post=1567"}],"wp:featuredmedia":[{"embeddable":true,"href":"https:\/\/www.zongdamining.com\/bs\/wp-json\/wp\/v2\/media\/1511"}],"wp:attachment":[{"href":"https:\/\/www.zongdamining.com\/bs\/wp-json\/wp\/v2\/media?parent=1567"}],"wp:term":[{"taxonomy":"product_brand","embeddable":true,"href":"https:\/\/www.zongdamining.com\/bs\/wp-json\/wp\/v2\/product_brand?post=1567"},{"taxonomy":"product_cat","embeddable":true,"href":"https:\/\/www.zongdamining.com\/bs\/wp-json\/wp\/v2\/product_cat?post=1567"},{"taxonomy":"product_tag","embeddable":true,"href":"https:\/\/www.zongdamining.com\/bs\/wp-json\/wp\/v2\/product_tag?post=1567"}],"curies":[{"name":"wp","href":"https:\/\/api.w.org\/{rel}","templated":true}]}}