{"id":1568,"date":"2022-12-12T16:19:32","date_gmt":"2022-12-12T08:19:32","guid":{"rendered":"http:\/\/www.zongdamining.com\/?post_type=product&#038;p=1568"},"modified":"2026-01-27T09:50:53","modified_gmt":"2026-01-27T01:50:53","slug":"12ton-underground-mining-dump-truck-ku-12","status":"publish","type":"product","link":"https:\/\/www.zongdamining.com\/bs\/product\/12ton-underground-mining-dump-truck-ku-12\/","title":{"rendered":"12 tona podzemnog rudarskog kamiona (KU-12)"},"content":{"rendered":"<div>\n<p>Kao jedna od kompanija&#8217; Glavni proizvodi, Flameproof Underground mining Loco, Flameproof Underground Shotcrete Spray Machine, Material Air Cannons ima o\u010digledne cenovne prednosti u odnosu na vr\u0161njake, i kultivirao grupu starih kupaca koji se me\u0111usobno podr\u017eavaju, \u0161to \u010dini da na\u0161a prodaja nastavi da raste i postaje stabilna. Ovdje mo\u017eete na\u0107i najni\u017eu cenu. Na\u0161a mre\u017ea prodajnih usluga je \u0161irom svijeta kako bi osigurala da se roba isporu\u010di kupcima u najkra\u0107em vremenu.<\/p>\n<\/div>\n<div>\n<p><img fetchpriority=\"high\" decoding=\"async\" class=\"alignnone wp-image-1571 size-full\" src=\"http:\/\/www.zongdamining.com\/wp-content\/uploads\/2022\/12\/underground-dump-truck03369135924.jpg\" alt=\"\" width=\"730\" height=\"730\" srcset=\"https:\/\/www.zongdamining.com\/wp-content\/uploads\/2022\/12\/underground-dump-truck03369135924.jpg 730w, https:\/\/www.zongdamining.com\/wp-content\/uploads\/2022\/12\/underground-dump-truck03369135924-300x300.jpg 300w, https:\/\/www.zongdamining.com\/wp-content\/uploads\/2022\/12\/underground-dump-truck03369135924-150x150.jpg 150w, https:\/\/www.zongdamining.com\/wp-content\/uploads\/2022\/12\/underground-dump-truck03369135924-600x600.jpg 600w, https:\/\/www.zongdamining.com\/wp-content\/uploads\/2022\/12\/underground-dump-truck03369135924-100x100.jpg 100w\" sizes=\"(max-width: 730px) 100vw, 730px\" \/><\/p>\n<p><strong>Zna\u010dajke ZDDK-20<\/strong><\/p>\n<p>Podzemni kamion za odlaganje<\/p>\n<p>Nazivno optere\u0107enje od 20t, pogodno za tunel od \u22654,5 \u00d7 4,5 m<\/p>\n<p>Usvoji centralni zglobni okvir<\/p>\n<p>Dvostruko podizanje cilindra za kantu<\/p>\n<p>Vozilo usvaja potpuni hidrauli\u010dki sistem kontrole, koji dobro osigurava sigurnost, udobnost i izdr\u017eljivost kontrole.<\/p>\n<p><img decoding=\"async\" class=\"alignnone wp-image-1453 size-full\" src=\"http:\/\/www.zongdamining.com\/wp-content\/uploads\/2022\/12\/underground-mining-truck38176055494.jpg\" alt=\"\" width=\"730\" height=\"730\" srcset=\"https:\/\/www.zongdamining.com\/wp-content\/uploads\/2022\/12\/underground-mining-truck38176055494.jpg 730w, https:\/\/www.zongdamining.com\/wp-content\/uploads\/2022\/12\/underground-mining-truck38176055494-300x300.jpg 300w, https:\/\/www.zongdamining.com\/wp-content\/uploads\/2022\/12\/underground-mining-truck38176055494-150x150.jpg 150w, https:\/\/www.zongdamining.com\/wp-content\/uploads\/2022\/12\/underground-mining-truck38176055494-600x600.jpg 600w, https:\/\/www.zongdamining.com\/wp-content\/uploads\/2022\/12\/underground-mining-truck38176055494-100x100.jpg 100w\" sizes=\"(max-width: 730px) 100vw, 730px\" \/><\/p>\n<p><strong>Parametri i specifikacije standardnog modela<\/strong><\/p>\n<div class=\"table-responsive\">\n<table class=\"table\" border=\"0\" width=\"100%\" cellspacing=\"0\" cellpadding=\"0\">\n<tbody>\n<tr class=\"firstRow\">\n<td width=\"176\">Dimenzija<\/td>\n<td width=\"437\">9050\uff08\u00b1100\uff09mm\u00d72280\uff08\u00b150\uff09mm\u00d72400\uff08\u00b150\uff09mm<\/td>\n<\/tr>\n<tr>\n<td width=\"176\">Motor<\/td>\n<td width=\"437\">DEUTZ F12L413FW \/ 204kW (VOLVO TAD853VE \/ 235KW opcionalno)<\/td>\n<\/tr>\n<tr>\n<td width=\"176\">Konverter obrtnog momenta<\/td>\n<td width=\"437\">DANA C5000<\/td>\n<\/tr>\n<tr>\n<td width=\"176\">Transmisija<\/td>\n<td width=\"437\">DANA R36000<\/td>\n<\/tr>\n<tr>\n<td width=\"168\">Pogonska osovina<\/td>\n<td width=\"437\">KESSLER Njema\u010dka<\/td>\n<\/tr>\n<tr>\n<td width=\"168\">Kofa<\/td>\n<td width=\"437\">10m\u00b3<\/td>\n<\/tr>\n<tr>\n<td width=\"168\">Nazivno optere\u0107enje<\/td>\n<td width=\"437\">20 tona<\/td>\n<\/tr>\n<tr>\n<td width=\"168\">Te\u017eina isporuke<\/td>\n<td width=\"437\">20.8t<\/td>\n<\/tr>\n<tr>\n<td width=\"168\">Kapacitet penjanja<\/td>\n<td width=\"437\">15\u00b0<\/td>\n<\/tr>\n<tr>\n<td width=\"168\">Minimalno \u010di\u0161\u0107enje zemlje<\/td>\n<td width=\"437\">340 mm<\/td>\n<\/tr>\n<tr>\n<td width=\"168\">Brzina<\/td>\n<td width=\"437\">0-30.9km\/h<\/td>\n<\/tr>\n<tr>\n<td width=\"168\">Kut okretanja<\/td>\n<td width=\"437\">\u00b142\u00b0<\/td>\n<\/tr>\n<tr>\n<td width=\"168\">Zajedni\u010dki ugao<\/td>\n<td width=\"437\">\u00b18\u00b0<\/td>\n<\/tr>\n<tr>\n<td rowspan=\"3\" width=\"168\">Min. Radius upravljanja<\/td>\n<td width=\"437\">5105 (\u00b150) mm (unutra\u0161nje)<\/td>\n<\/tr>\n<tr>\n<td colspan=\"1\" rowspan=\"2\" width=\"437\">8275 (\u00b150) mm (van)<\/td>\n<\/tr>\n<\/tbody>\n<\/table>\n<\/div>\n<p><img decoding=\"async\" class=\"alignnone wp-image-1570 size-full\" src=\"http:\/\/www.zongdamining.com\/wp-content\/uploads\/2022\/12\/202004210902414f0b47be6ec3458f8369f7f7c8193642.jpg\" alt=\"\" width=\"750\" height=\"712\" srcset=\"https:\/\/www.zongdamining.com\/wp-content\/uploads\/2022\/12\/202004210902414f0b47be6ec3458f8369f7f7c8193642.jpg 750w, https:\/\/www.zongdamining.com\/wp-content\/uploads\/2022\/12\/202004210902414f0b47be6ec3458f8369f7f7c8193642-300x285.jpg 300w, https:\/\/www.zongdamining.com\/wp-content\/uploads\/2022\/12\/202004210902414f0b47be6ec3458f8369f7f7c8193642-600x570.jpg 600w\" sizes=\"(max-width: 750px) 100vw, 750px\" \/><\/p>\n<\/div>\n<div><\/div>\n<div>\n<p>Tra\u017eimo izvrsnost, te\u017eimo savr\u0161enstvu u svakom od va\u0161ih proizvoda, budemo pa\u017eljivi i pru\u017eimo vam najbolji 12 tonski podzemni rudarski kamion (KU-12). Da bi se korisnicima omogu\u0107ilo da u\u017eivaju u potpunim uslugama podr\u0161ke, savr\u0161enim tehni\u010dkim konsultacijama i savr\u0161enoj posleprodajnoj usluzi, na\u0161i proizvodi i usluge su kontinuirano nadogra\u0111ivani tokom godina, \u0161to je dobilo jednoglasne pohvale! Budu\u0107i da smo usmjereni na kupce, implementirali smo brz, efikasan i sveobuhvatan sistem odgovora kako bismo slu\u017eili kupcima u roku od 24 sata.<\/p>\n<\/div>","protected":false},"excerpt":{"rendered":"<p>Nazivno optere\u0107enje od 20t, pogodno za tunel od \u22654,5 \u00d7 4,5 m. Usvoji centralni zglobni okvir<\/p>","protected":false},"featured_media":1571,"comment_status":"open","ping_status":"closed","template":"","meta":{"_acf_changed":false},"product_brand":[],"product_cat":[15],"product_tag":[],"class_list":{"0":"post-1568","1":"product","2":"type-product","3":"status-publish","4":"has-post-thumbnail","6":"product_cat-trackless-mining-equipment","8":"first","9":"instock","10":"shipping-taxable","11":"product-type-simple"},"acf":[],"_links":{"self":[{"href":"https:\/\/www.zongdamining.com\/bs\/wp-json\/wp\/v2\/product\/1568","targetHints":{"allow":["GET"]}}],"collection":[{"href":"https:\/\/www.zongdamining.com\/bs\/wp-json\/wp\/v2\/product"}],"about":[{"href":"https:\/\/www.zongdamining.com\/bs\/wp-json\/wp\/v2\/types\/product"}],"replies":[{"embeddable":true,"href":"https:\/\/www.zongdamining.com\/bs\/wp-json\/wp\/v2\/comments?post=1568"}],"wp:featuredmedia":[{"embeddable":true,"href":"https:\/\/www.zongdamining.com\/bs\/wp-json\/wp\/v2\/media\/1571"}],"wp:attachment":[{"href":"https:\/\/www.zongdamining.com\/bs\/wp-json\/wp\/v2\/media?parent=1568"}],"wp:term":[{"taxonomy":"product_brand","embeddable":true,"href":"https:\/\/www.zongdamining.com\/bs\/wp-json\/wp\/v2\/product_brand?post=1568"},{"taxonomy":"product_cat","embeddable":true,"href":"https:\/\/www.zongdamining.com\/bs\/wp-json\/wp\/v2\/product_cat?post=1568"},{"taxonomy":"product_tag","embeddable":true,"href":"https:\/\/www.zongdamining.com\/bs\/wp-json\/wp\/v2\/product_tag?post=1568"}],"curies":[{"name":"wp","href":"https:\/\/api.w.org\/{rel}","templated":true}]}}