{"id":1575,"date":"2022-12-12T16:26:57","date_gmt":"2022-12-12T08:26:57","guid":{"rendered":"http:\/\/www.zongdamining.com\/?post_type=product&#038;p=1575"},"modified":"2026-01-27T10:01:56","modified_gmt":"2026-01-27T02:01:56","slug":"underground-electric-loader","status":"publish","type":"product","link":"https:\/\/www.zongdamining.com\/bs\/product\/underground-electric-loader\/","title":{"rendered":"ZDL202EC podzemni elektri\u010dni utovara\u010d"},"content":{"rendered":"<p><img fetchpriority=\"high\" decoding=\"async\" class=\"alignnone wp-image-1576 size-full\" src=\"http:\/\/www.zongdamining.com\/wp-content\/uploads\/2022\/12\/underground-electric-loader39386419673-1.jpg\" alt=\"\" width=\"730\" height=\"730\" srcset=\"https:\/\/www.zongdamining.com\/wp-content\/uploads\/2022\/12\/underground-electric-loader39386419673-1.jpg 730w, https:\/\/www.zongdamining.com\/wp-content\/uploads\/2022\/12\/underground-electric-loader39386419673-1-300x300.jpg 300w, https:\/\/www.zongdamining.com\/wp-content\/uploads\/2022\/12\/underground-electric-loader39386419673-1-150x150.jpg 150w, https:\/\/www.zongdamining.com\/wp-content\/uploads\/2022\/12\/underground-electric-loader39386419673-1-600x600.jpg 600w, https:\/\/www.zongdamining.com\/wp-content\/uploads\/2022\/12\/underground-electric-loader39386419673-1-100x100.jpg 100w\" sizes=\"(max-width: 730px) 100vw, 730px\" \/><\/p>\n<p><strong>Tehni\u010dki podaci<\/strong><\/p>\n<p>ZONGDA podzemni elektri\u010dni utovara\u010d je vrsta podzemnog LHD razvijenog zajedno sa nau\u010dnim istra\u017eiva\u010dkim institutima u skladu sa specifi\u010dnom situacijom podzemne opreme za rudarstvo bez staze u Kini i karakteristikama sli\u010dnih modela u ku\u0107i i inostranstvu. Ova ma\u0161ina je pogodna za sve vrste rudarskih metoda u malim i srednjim rudnicima, kao \u0161to su rudarstvo u i iz tunela, izgradnja i izravnavanje radnog mjesta i ceste, transport materijala i druge pomo\u0107ne operacije.<\/p>\n<p>LHD ima razumnu strukturu, pogodan rad, razumnu cijenu i pogodnu podr\u0161ku. Ma\u0161ina usvaja 380V AC motor kao snagu, hidrostati\u010dki mehani\u010dki prijenos, dvosmernu vo\u017enju, regulaciju brzine bez koraka, dobre performanse vu\u010denja, visoku proizvodnu efikasnost, hidrauli\u010dnu kontrolu, automatsko povla\u010denje i osloba\u0111anje kablova, a njegovi parametri performansi su dostigli nivo sli\u010dnih stranih modela.<\/p>\n<p><img decoding=\"async\" class=\"alignnone wp-image-1573 size-full\" src=\"http:\/\/www.zongdamining.com\/wp-content\/uploads\/2022\/12\/2020042017423315c2cd05f8ab4f6d957007a6a676543b.jpg\" alt=\"\" width=\"750\" height=\"750\" srcset=\"https:\/\/www.zongdamining.com\/wp-content\/uploads\/2022\/12\/2020042017423315c2cd05f8ab4f6d957007a6a676543b.jpg 750w, https:\/\/www.zongdamining.com\/wp-content\/uploads\/2022\/12\/2020042017423315c2cd05f8ab4f6d957007a6a676543b-300x300.jpg 300w, https:\/\/www.zongdamining.com\/wp-content\/uploads\/2022\/12\/2020042017423315c2cd05f8ab4f6d957007a6a676543b-150x150.jpg 150w, https:\/\/www.zongdamining.com\/wp-content\/uploads\/2022\/12\/2020042017423315c2cd05f8ab4f6d957007a6a676543b-600x600.jpg 600w, https:\/\/www.zongdamining.com\/wp-content\/uploads\/2022\/12\/2020042017423315c2cd05f8ab4f6d957007a6a676543b-100x100.jpg 100w\" sizes=\"(max-width: 750px) 100vw, 750px\" \/><\/p>\n<p><strong>Karakteristike<\/strong><\/p>\n<p>\u25c6  LHD je dizajniran za ljutanje okvira nakon \u0161to je okretni prsten povezan, \u0161to zna\u010dajno smanjuje stopu kvarova.<\/p>\n<p>\u25c6  Putni sistem usvaja potpunu hidrauli\u010dnu kontrolu, \u0161to \u010dini putni sistem utovara\u010da agilnijim, efikasno smanjuje stopu kvarova i pobolj\u0161ava radnu efikasnost.<\/p>\n<p>\u25c6  Radni sistem usvaja pilot hidrauli\u010dki sistem kontrole, \u0161to jednostavnije \u010dini rad i efikasniji radni sistem.<\/p>\n<p>\u25c6  Za ko\u010dnicu za parkiranje, menja\u010d sa ko\u010dnicom za trnje, ko\u010dnicom za oprugu i hidrauli\u010dnom kontaktnom ko\u010dnicom se koristi kako bi ko\u010dnica za parkiranje bila sigurna i pouzdana.<\/p>\n<p>\u25c6  Kanda usvaja najnoviju strukturu u obliku V me\u0111unarodnog podzemnog rudarskog utovara\u010da, \u0161to smanjuje otpornost na \u010di\u0161\u0107enje.<\/p>\n<p><img decoding=\"async\" class=\"alignnone wp-image-1572 size-full\" src=\"http:\/\/www.zongdamining.com\/wp-content\/uploads\/2022\/12\/20200420174238db3695239a544595a2e08952250efe07.jpg\" alt=\"\" width=\"750\" height=\"750\" srcset=\"https:\/\/www.zongdamining.com\/wp-content\/uploads\/2022\/12\/20200420174238db3695239a544595a2e08952250efe07.jpg 750w, https:\/\/www.zongdamining.com\/wp-content\/uploads\/2022\/12\/20200420174238db3695239a544595a2e08952250efe07-300x300.jpg 300w, https:\/\/www.zongdamining.com\/wp-content\/uploads\/2022\/12\/20200420174238db3695239a544595a2e08952250efe07-150x150.jpg 150w, https:\/\/www.zongdamining.com\/wp-content\/uploads\/2022\/12\/20200420174238db3695239a544595a2e08952250efe07-600x600.jpg 600w, https:\/\/www.zongdamining.com\/wp-content\/uploads\/2022\/12\/20200420174238db3695239a544595a2e08952250efe07-100x100.jpg 100w\" sizes=\"(max-width: 750px) 100vw, 750px\" \/><\/p>\n<p><strong>Tehni\u010dki podaci<\/strong><\/p>\n<div class=\"table-responsive\">\n<table class=\"table\" border=\"0\" width=\"100%\" cellspacing=\"0\" cellpadding=\"0\">\n<tbody>\n<tr class=\"firstRow\">\n<td width=\"181\">Nazivni kapacitet kante<\/td>\n<td width=\"181\">1m\u00b3<\/td>\n<td width=\"181\">Brzina tr\u010danja<\/td>\n<td width=\"181\">0-10 m\/h<\/td>\n<\/tr>\n<tr>\n<td width=\"181\">Nazivno korisno optere\u0107enje<\/td>\n<td width=\"181\">2T<\/td>\n<td width=\"181\">Min. odobrenje<\/td>\n<td width=\"181\">200 mm<\/td>\n<\/tr>\n<tr>\n<td width=\"181\">Maksimalna snaga proboja<\/td>\n<td width=\"181\">45 KN<\/td>\n<td width=\"181\">Maksimalni ugao upravljanja<\/td>\n<td width=\"181\">\u00b138\u00b0<\/td>\n<\/tr>\n<tr>\n<td width=\"181\">Maksimalna vu\u010dna snaga<\/td>\n<td width=\"181\">52KN<\/td>\n<td width=\"181\">Kut ljulja\u010dke stra\u017enje osovine<\/td>\n<td width=\"181\">\u00b18\u00b0<\/td>\n<\/tr>\n<tr>\n<td width=\"181\">Maksimalna visina dumpinga<\/td>\n<td width=\"181\">1080 mm<\/td>\n<td width=\"181\">Ugao odlaska<\/td>\n<td width=\"181\">15\u00b0<\/td>\n<\/tr>\n<tr>\n<td width=\"181\">Maksimalna gradabilnost<\/td>\n<td width=\"181\">\u226420\u00b0<\/td>\n<td width=\"181\">Vrsta guma<\/td>\n<td width=\"181\">10.00-20<\/td>\n<\/tr>\n<tr>\n<td width=\"181\">Min. visina dumpinga<\/td>\n<td width=\"181\">860 mm<\/td>\n<td width=\"181\">Podloga kota\u010da<\/td>\n<td width=\"181\">2200mm<\/td>\n<\/tr>\n<tr>\n<td rowspan=\"2\" width=\"181\">Min. Radius okretanja<\/td>\n<td width=\"181\">4260 (Vanjski)<\/td>\n<td rowspan=\"2\" width=\"181\">Elektri\u010dni motor<\/td>\n<td width=\"181\">380v<\/td>\n<\/tr>\n<tr>\n<td width=\"181\">2540 (Unutarnji)<\/td>\n<td width=\"181\">45kw 50hz<\/td>\n<\/tr>\n<tr>\n<td width=\"181\">Vanjske dimenzije<\/td>\n<td width=\"181\">6090*1340*2000 mm\u00b3<\/td>\n<td width=\"181\">Operativna te\u017eina<\/td>\n<td width=\"181\">7.2T<\/td>\n<\/tr>\n<\/tbody>\n<\/table>\n<\/div>","protected":false},"excerpt":{"rendered":"<p>ZONGDA podzemni elektri\u010dni utovara\u010d je vrsta podzemnog LHD razvijenog zajedno sa nau\u010dnim istra\u017eiva\u010dkim institutima u skladu sa specifi\u010dnom situacijom podzemne opreme za rudarstvo bez staze u Kini i karakteristikama sli\u010dnih modela u ku\u0107i i inostranstvu.<\/p>","protected":false},"featured_media":1576,"comment_status":"open","ping_status":"closed","template":"","meta":{"_acf_changed":false},"product_brand":[],"product_cat":[15],"product_tag":[],"class_list":{"0":"post-1575","1":"product","2":"type-product","3":"status-publish","4":"has-post-thumbnail","6":"product_cat-trackless-mining-equipment","8":"first","9":"instock","10":"shipping-taxable","11":"product-type-simple"},"acf":[],"_links":{"self":[{"href":"https:\/\/www.zongdamining.com\/bs\/wp-json\/wp\/v2\/product\/1575","targetHints":{"allow":["GET"]}}],"collection":[{"href":"https:\/\/www.zongdamining.com\/bs\/wp-json\/wp\/v2\/product"}],"about":[{"href":"https:\/\/www.zongdamining.com\/bs\/wp-json\/wp\/v2\/types\/product"}],"replies":[{"embeddable":true,"href":"https:\/\/www.zongdamining.com\/bs\/wp-json\/wp\/v2\/comments?post=1575"}],"wp:featuredmedia":[{"embeddable":true,"href":"https:\/\/www.zongdamining.com\/bs\/wp-json\/wp\/v2\/media\/1576"}],"wp:attachment":[{"href":"https:\/\/www.zongdamining.com\/bs\/wp-json\/wp\/v2\/media?parent=1575"}],"wp:term":[{"taxonomy":"product_brand","embeddable":true,"href":"https:\/\/www.zongdamining.com\/bs\/wp-json\/wp\/v2\/product_brand?post=1575"},{"taxonomy":"product_cat","embeddable":true,"href":"https:\/\/www.zongdamining.com\/bs\/wp-json\/wp\/v2\/product_cat?post=1575"},{"taxonomy":"product_tag","embeddable":true,"href":"https:\/\/www.zongdamining.com\/bs\/wp-json\/wp\/v2\/product_tag?post=1575"}],"curies":[{"name":"wp","href":"https:\/\/api.w.org\/{rel}","templated":true}]}}