{"id":1803,"date":"2023-08-11T14:15:27","date_gmt":"2023-08-11T06:15:27","guid":{"rendered":"https:\/\/www.zongdamining.com\/?post_type=product&#038;p=1803"},"modified":"2026-03-13T14:05:58","modified_gmt":"2026-03-13T06:05:58","slug":"underground-loader","status":"publish","type":"product","link":"https:\/\/www.zongdamining.com\/bs\/product\/underground-loader\/","title":{"rendered":"Podzemni rudarski utovara\u010d ZDL215 0,75\/1 kubni podzemni utovara\u010d"},"content":{"rendered":"<p><img fetchpriority=\"high\" decoding=\"async\" class=\"alignnone size-medium wp-image-1801\" src=\"http:\/\/www.zongdamining.com\/wp-content\/uploads\/2023\/08\/1691551634122-300x225.png\" alt=\"\" width=\"300\" height=\"225\" srcset=\"https:\/\/www.zongdamining.com\/wp-content\/uploads\/2023\/08\/1691551634122-300x225.png 300w, https:\/\/www.zongdamining.com\/wp-content\/uploads\/2023\/08\/1691551634122.png 504w\" sizes=\"(max-width: 300px) 100vw, 300px\" \/><\/p>\n<p><strong><u><b>F<\/b><\/u><\/strong><strong><u><b>hrana i prednosti:<\/b><\/u><\/strong><\/p>\n<ol>\n<li>\u00a0Energetski sistem usvaja Cummins ili Deutz sa manjim emisijama.<\/li>\n<li>\u00a0Oscillacija pomo\u0107u okretnog okvira, hidrauli\u010dnog upravljanja, ljulja\u010da stra\u017enje osovine je sigurnija u pore\u0111enju sa tradicionalnim oblicima.<\/li>\n<li>Sistem pogona koristi hidrauli\u010dni pretvara\u010d obrtnog momenta, prenos premjene snage i pobolj\u0161ava pouzdanost.<\/li>\n<li>Operativni sistem usvaja pilot kontrolu, \u010dine\u0107i operaciju jednostavnijom, efikasnijom.<\/li>\n<\/ol>\n<p>5.Servisna ko\u010dnica je primenjena opruga, hidrauli\u010dno osloba\u0111anje, i opremljena je sistemom za hitno ko\u010denje, ko\u010dnica je sigurna i pouzdana.<\/p>\n<ol start=\"6\">\n<li>Izpu\u0161ni sistem je opremljen uvoznim sistemom filtracije vode za \u010di\u0161\u0107enje, \u0161to zna\u010dajno smanjuje zaga\u0111enje vazduha.<\/li>\n<li>Usvojite 9.75-18 otporne na probude glatke gumene gume,<\/li>\n<li>Ma\u0161ina mo\u017ee biti lopata, utovar, transport, istovar jedna operacija, kompaktna struktura, pogodna operacija, visoko efikasna operacija za oporavak rudnika i tuneliranje, i formiranje radnog mjesta i izgradnje puteva, transport materijala i druge pomo\u0107ne operacije.<\/li>\n<\/ol>\n<p>9.Z-bar veza za ve\u0107u snagu povratka i br\u017eu artikulaciju kante.<\/p>","protected":false},"excerpt":{"rendered":"<p><strong><b>Tehni\u010dka specifikacija<\/b><\/strong><\/p>\n<p>Podzemni rudarski utovara\u010d<\/p>\n<p><strong><b>\u00a0<\/b><\/strong><strong>ZDL215 0.75\/1<\/strong><strong>\u00a0kubni podzemni utovara\u010d<\/strong><\/p>","protected":false},"featured_media":3282,"comment_status":"closed","ping_status":"closed","template":"","meta":{"_acf_changed":false},"product_brand":[],"product_cat":[15],"product_tag":[],"class_list":{"0":"post-1803","1":"product","2":"type-product","3":"status-publish","4":"has-post-thumbnail","6":"product_cat-trackless-mining-equipment","8":"first","9":"instock","10":"shipping-taxable","11":"product-type-simple"},"acf":[],"_links":{"self":[{"href":"https:\/\/www.zongdamining.com\/bs\/wp-json\/wp\/v2\/product\/1803","targetHints":{"allow":["GET"]}}],"collection":[{"href":"https:\/\/www.zongdamining.com\/bs\/wp-json\/wp\/v2\/product"}],"about":[{"href":"https:\/\/www.zongdamining.com\/bs\/wp-json\/wp\/v2\/types\/product"}],"replies":[{"embeddable":true,"href":"https:\/\/www.zongdamining.com\/bs\/wp-json\/wp\/v2\/comments?post=1803"}],"wp:featuredmedia":[{"embeddable":true,"href":"https:\/\/www.zongdamining.com\/bs\/wp-json\/wp\/v2\/media\/3282"}],"wp:attachment":[{"href":"https:\/\/www.zongdamining.com\/bs\/wp-json\/wp\/v2\/media?parent=1803"}],"wp:term":[{"taxonomy":"product_brand","embeddable":true,"href":"https:\/\/www.zongdamining.com\/bs\/wp-json\/wp\/v2\/product_brand?post=1803"},{"taxonomy":"product_cat","embeddable":true,"href":"https:\/\/www.zongdamining.com\/bs\/wp-json\/wp\/v2\/product_cat?post=1803"},{"taxonomy":"product_tag","embeddable":true,"href":"https:\/\/www.zongdamining.com\/bs\/wp-json\/wp\/v2\/product_tag?post=1803"}],"curies":[{"name":"wp","href":"https:\/\/api.w.org\/{rel}","templated":true}]}}