{"id":1806,"date":"2023-09-18T10:43:57","date_gmt":"2023-09-18T02:43:57","guid":{"rendered":"https:\/\/www.zongdamining.com\/?post_type=product&#038;p=1806"},"modified":"2026-03-13T13:54:53","modified_gmt":"2026-03-13T05:54:53","slug":"mining-hoist","status":"publish","type":"product","link":"https:\/\/www.zongdamining.com\/bs\/product\/mining-hoist\/","title":{"rendered":"Rudarski podiga\u010d za podzemne operacije podizanja rudarskih osovina"},"content":{"rendered":"<p>Ure\u0111aj za vreteno je sastavljen preciznom obradom vretena, bubnja, le\u017eaja i sjedala le\u017eaja, poveziva\u010dkog \u010dvorka, dvostrukog ko\u010dni\u010dnog diska, plo\u010de obloge bubnja itd.<\/p>\n<p>Vrteno je fino obra\u0111en komad od visokokvalitetnog 45 # ugljeni\u010dnog \u010delika, koji je kovan, normalizovan, precizno obra\u0111en i inspekcioniran putem otkrivanja gre\u0161aka; Proces obrade vretena je slede\u0107i: kovanje i presanje \u2192  prazna inspekcija \u2192  gruba obrada \u2192  toplotna obrada i inspekcija \u2192  testiranje mehani\u010dkih performansi \u2192  precizna obrada. Vrteno je pro\u0161lo dvije inspekcije i mehani\u010dke testove performansi kako bi se osigurao odli\u010dan kvalitet.<\/p>\n<p>Dva kraja glavne osovine podr\u017eavaju dvostruki red centripetalnih sfernih valj\u010danih le\u017eajeva, a sjedalo le\u017eajeva je izra\u0111eno od lijevanog \u010delika, sa senzorima temperature instaliranim unutar sjedala le\u017eajeva. Vrteno i \u010dvorka su sastavljeni sa smetnjama, a \u010dvorka je povezana sa bubnjom sa visokim vijkovima, izbegavaju\u0107i koncentraciju napona uzrokovanu frezanjem klju\u010dnih puta na vretenu i pobolj\u0161avaju\u0107i njegovu \u010dvrsto\u0107u, efikasno pobolj\u0161avaju\u0107i \u017eivotni vijek vretena.<\/p>\n<p>Bubnj je napravljen od 16 plo\u010da od manganskog \u010delika sa odli\u010dnim performansama zavarivanja, koje su sastavljene i zavarene u bubanj. Nakon tretmana vibracijskim starenjem, fino se obra\u0111uje;<\/p>\n<p>Ko\u010dnini disk je postavljen od pre\u010dnika monta\u017ee do bubnja, sa vijkovima za \u0161arku za aksijalno pozicioniranje. Vijci visoke \u010dvrsto\u0107e se koriste za povezivanje, \u0161to je pogodno za transport i rastavljanje. Ko\u010dni\u010dki disk je priklju\u010den na bubanj i obra\u0111en sa podr\u0161kom povr\u0161inom u jednom trenutku, i ozna\u010den je oznakama instalacije kako bi se osiguralo da je odstupanje ko\u010dni\u010dkog diska u skladu sa zahtjevima dizajna. Dovoljna debljina ko\u010dni\u010dnog diska osigurava njegovu \u010dvrsto\u0107u, krutost i visok toplinski kapacitet. To osigurava da se toplina generisana trenjem ko\u010dnice na povr\u0161ini diska ne akumulira previ\u0161e, osiguravaju\u0107i ko\u010dni\u010dke performanse ko\u010dnice, a istovremeno osiguravaju\u0107i da se ko\u010dni\u010dki disk ne\u0107e deformirati zbog pregrijavanja.<\/p>\n<h1><\/h1>","protected":false},"excerpt":{"rendered":"<pre data-v-561a92d2=\"\">Rudarska dizalica su bitna oprema koja se koristi u rudarskoj industriji za prevoz rudara i materijala gore i dolje u rudarskim osovinama. Ovi diza\u010di igraju klju\u010dnu ulogu u osiguranju glatkog i efikasnog rada rudarskih aktivnosti.<\/pre>","protected":false},"featured_media":1807,"comment_status":"open","ping_status":"closed","template":"","meta":{"_acf_changed":false},"product_brand":[],"product_cat":[29],"product_tag":[],"class_list":{"0":"post-1806","1":"product","2":"type-product","3":"status-publish","4":"has-post-thumbnail","6":"product_cat-underground-hoisting-system","8":"first","9":"instock","10":"shipping-taxable","11":"product-type-simple"},"acf":[],"_links":{"self":[{"href":"https:\/\/www.zongdamining.com\/bs\/wp-json\/wp\/v2\/product\/1806","targetHints":{"allow":["GET"]}}],"collection":[{"href":"https:\/\/www.zongdamining.com\/bs\/wp-json\/wp\/v2\/product"}],"about":[{"href":"https:\/\/www.zongdamining.com\/bs\/wp-json\/wp\/v2\/types\/product"}],"replies":[{"embeddable":true,"href":"https:\/\/www.zongdamining.com\/bs\/wp-json\/wp\/v2\/comments?post=1806"}],"wp:featuredmedia":[{"embeddable":true,"href":"https:\/\/www.zongdamining.com\/bs\/wp-json\/wp\/v2\/media\/1807"}],"wp:attachment":[{"href":"https:\/\/www.zongdamining.com\/bs\/wp-json\/wp\/v2\/media?parent=1806"}],"wp:term":[{"taxonomy":"product_brand","embeddable":true,"href":"https:\/\/www.zongdamining.com\/bs\/wp-json\/wp\/v2\/product_brand?post=1806"},{"taxonomy":"product_cat","embeddable":true,"href":"https:\/\/www.zongdamining.com\/bs\/wp-json\/wp\/v2\/product_cat?post=1806"},{"taxonomy":"product_tag","embeddable":true,"href":"https:\/\/www.zongdamining.com\/bs\/wp-json\/wp\/v2\/product_tag?post=1806"}],"curies":[{"name":"wp","href":"https:\/\/api.w.org\/{rel}","templated":true}]}}