{"id":1823,"date":"2023-11-17T16:28:40","date_gmt":"2023-11-17T08:28:40","guid":{"rendered":"https:\/\/www.zongdamining.com\/?post_type=product&#038;p=1823"},"modified":"2026-01-22T16:48:03","modified_gmt":"2026-01-22T08:48:03","slug":"underground-mining-loader","status":"publish","type":"product","link":"https:\/\/www.zongdamining.com\/bs\/product\/underground-mining-loader\/","title":{"rendered":"ZDL202 Kompaktni podzemni utovara\u010d za malu podzemnu rudu &#038; Operacije utovara otpada"},"content":{"rendered":"<p>Tehni\u010dki podaci<\/p>\n<p>Podzemni utovara\u010d ZDL202<\/p>\n<p>&nbsp;<\/p>\n<p>&nbsp;<\/p>\n<p><strong><b>Podzemni utovara\u010d ZDL202 <\/b><\/strong><strong><b>:Oprema za utovar lopate bez staze i transport na kratke udaljenosti<\/b><\/strong><\/p>\n<p><strong><b>\u00a0<\/b><\/strong><\/p>\n<p>U\u00a0<strong><b>Podzemni utovara\u010d ZDL202<\/b><\/strong>\u00a0uglavnom se koristi u kombinaciji sa rudarskim kamionima u podzemnim iskopavanjima i rudarskim operacijama. Lopata utovara rudu i razli\u010dite materijale mo\u017ee uvelike pobolj\u0161ati operativnu efikasnost i va\u017ena je oprema za postizanje rudarstva bez staze.<\/p>\n<p>&nbsp;<\/p>\n<p>Ovaj model ima zglobni okvir i mehanizam anti-\u0161est veza u obliku S za radni mehanizam. Voza\u010d&#8217; Sedi\u0161te se nalazi na prednjem tijelu i ima za\u0161titnu sobu za vo\u017enju. Re\u017eim ljulja\u010da je rotacijski le\u017eaj, a prednja osovina je opremljena diferencijalom protiv klizanja.<\/p>\n<p>&nbsp;<\/p>\n<ol>\n<li><b><\/b><strong><b>Tehni\u010dke karakteristike<\/b><\/strong>:<\/li>\n<\/ol>\n<p>&nbsp;<\/p>\n<ul>\n<li><strong><b>Sistem napajanja<\/b><\/strong>:Energetski sistem usvaja motor koji se hladi vodom, nisko zaga\u0111enje, nisku brzinu i visok obrtni moment iz kompanije Kunming Yunnei;<\/li>\n<li><strong><b>Transmisija<\/b><\/strong>: Sistem prijenosa snage usvaja menja\u010d i pretvara\u010d obrtnog momenta, doma\u0107u proizvodnju hidrauli\u010dne pogonske osovine za otpu\u0161tanje pru\u017enih ko\u010dnica i pneumatske gume otporne na rezanje rudarstva;<\/li>\n<li><strong><b>Vo\u017enja ko\u010dnica<\/b><\/strong>:Ko\u010dnica za vo\u017enju usvaja mokru ko\u010dnicu sa vi\u0161e diskova, hidrauli\u010dnu ko\u010dnicu za otpu\u0161tanje; MICO ventil za punjenje i ko\u010dnini ventil; Parkira\u010dka ko\u010dnica usvaja pru\u017enu ko\u010dnicu na pogonskoj osovini za ko\u010denje;<\/li>\n<li><strong><b>Okvir<\/b><\/strong>: Okvir je centralno \u0161arkirana struktura, sa stra\u017enjom osovinom koja se ljuta lijevo i desno oko centra okvira kako bi se pobolj\u0161ale ukupne performanse adhezije vozila;<\/li>\n<li><strong><b>Upravljanje<\/b><\/strong>:Hidrauli\u010dki sistem servo upravljanja sa jednim cilindrom upravljanja za sistem upravljanja;<\/li>\n<\/ul>\n<p>&nbsp;<\/p>\n<ol start=\"2\">\n<li><b><\/b><strong><b>Sigurnosne mere<\/b><\/strong>:<\/li>\n<\/ol>\n<ul>\n<li><b><\/b><strong><b>Bezbednosna oprema<\/b><\/strong>Operatori moraju nositi sigurnosne kacige, nositi ure\u0111aje za samospa\u0161avanje i koristiti rudarske lampe prilikom ulaska u bunar.<\/li>\n<li><b><\/b><strong><b>Redovno odr\u017eavanje<\/b><\/strong>Redovne inspekcije i brzo rje\u0161avanje skrivenih opasnosti.<\/li>\n<li><b><\/b><strong><b>Bez odr\u017eavanja tokom rada<\/b><\/strong>Strogo je zabranjeno odr\u017eavanje dok ma\u0161ina radi.<\/li>\n<li><b><\/b><strong><b>Bezbednost tokom zavarivanja\/rezanja<\/b><\/strong>Potvrdite odsustvo zapaljivih ili eksplozivnih materijala prije odr\u017eavanja.<\/li>\n<li><b><\/b><strong><b>Izpu\u0161ne cijevi mjere opreza<\/b><\/strong>Izbegavajte fizi\u010dki kontakt sa vru\u0107om izpu\u0161nom cijevi.<\/li>\n<li><b><\/b><strong><b>Odr\u017eavanje hidrauli\u010dnog sistema<\/b><\/strong>Pritisak se mora ubla\u017eiti pre po\u010detka bilo kakvih popravki.<\/li>\n<\/ul>\n<p>&nbsp;<\/p>\n<p><strong><b>Uslovi kori\u0161tenja za <\/b><\/strong><strong><b>Podzemni utovara\u010d ZDL202<\/b><\/strong><\/p>\n<ol>\n<li><b><\/b><strong><b>Specifikacije tunela<\/b><\/strong>:<\/li>\n<\/ol>\n<ul>\n<li>Pogodan za tunele sa veli\u010dinom popre\u010dnog presjeka od <strong><b>5 metara (visina) \u00d7 2,5 metara (\u0161irina) i vi\u0161e<\/b><\/strong>.<\/li>\n<li>Zahteva <strong><b>\u010dvrsta gornja plo\u010da<\/b><\/strong>.<\/li>\n<li>Minimalni radijus okretanja od <strong><b>\u2265 4,3 metara<\/b><\/strong>napolju.<\/li>\n<li>Nagib puta treba da bude <strong><b>\u2264 14\u00b0<\/b><\/strong>.<\/li>\n<li>Adekvatno <strong><b>ventilacija i drena\u017ea<\/b><\/strong>na radnom mjestu.\n<ol start=\"2\">\n<li><b><\/b><strong><b>Faktori \u017eivotne sredine<\/b><\/strong>:<\/li>\n<\/ol>\n<\/li>\n<li>Temperatura okoline unutar tunela: <strong><b>-5\u00b0C do 40\u00b0C<\/b><\/strong>.<\/li>\n<li>Maksimalna relativna vla\u017enost (na 25\u00b0C): <strong><b>Ne vi\u0161e od 85%<\/b><\/strong>.<\/li>\n<li>Visina lokacije upotrebe: <strong><b>Ne ve\u0107i od 1000 metara<\/b><\/strong>.<\/li>\n<li>Na visokim visinama (iznad 1000 metara), <strong><b>smanjenje snage<\/b><\/strong>potrebno je za operaciju.\n<ol start=\"3\">\n<li><b><\/b><strong><b>Zahtjevi za gorivom<\/b><\/strong>:<\/li>\n<\/ol>\n<\/li>\n<li>Sadr\u017eaj sumpora goriva koje se koristi u ovoj ma\u0161ini mora <strong><b>ne prelazi 0,2%<\/b><\/strong>.\n<ol start=\"4\">\n<li><b><\/b><strong><b>Sigurnosne mjere opreza<\/b><\/strong>:<\/li>\n<\/ol>\n<\/li>\n<li>Strogo <strong><b>zabranjeno<\/b><\/strong>na mjestima sa <strong><b>zapaljivi i eksplozivni gasovi<\/b><\/strong>\u00a0(kao \u0161to su gas i pra\u0161ina od ugljena).<\/li>\n<\/ul>\n<p>&nbsp;<\/p>\n<p>&nbsp;<\/p>\n<h3><strong><b>1\u3001 Parametri ma\u0161ine<\/b><\/strong><\/h3>\n<h3><strong><b>1.1 Ukupne dimenzije<\/b><\/strong><\/h3>\n<p><strong><b>Nazivno optere\u0107enje <\/b><\/strong><strong><b>:<\/b><\/strong>2000 kg<\/p>\n<p><strong><b>Ukupna du\u017eina (kolekcija kanti) <\/b><\/strong><strong><b>:<\/b><\/strong>6200mm\u00b1150<\/p>\n<p><strong><b>Ukupna \u0161irina<\/b><\/strong><strong><b>\uff1a<\/b><\/strong>\u00a01340mm\u00b150<\/p>\n<p><strong><b>Ukupna visina (uklju\u010duju\u0107i vrh kabine voza\u010da)<\/b><\/strong><strong><b>:<\/b><\/strong>1950mm\u00b1100<\/p>\n<p><strong><b>Kapacitet kante (SAE slo\u017eenje) <\/b><\/strong>:\u00a01m3<\/p>\n<p><strong><b>Maksimalna visina podizanja <\/b><\/strong><strong><b>:<\/b><\/strong>\u00a02970mm<\/p>\n<p><strong><b>Maksimalna visina istovara <\/b><\/strong><strong><b>:<\/b><\/strong>\u00a01100 mm<\/p>\n<p><strong><b>Ugao isklju\u010divanja <\/b><\/strong><strong><b>:<\/b><\/strong>\u00a040 \u00b0<\/p>\n<p><strong><b>Podloga kota\u010da<\/b><\/strong><strong><b>:<\/b><\/strong>\u00a02395mm<\/p>\n<p><strong><b>Minimalna sloboda od povr\u0161ine<\/b><\/strong>\u00a0\u2265 205mm<\/p>\n<p><strong><b>Ugao odlaska<\/b><\/strong><strong><b>:<\/b><\/strong>\u00a014 \u00b0<\/p>\n<p>&nbsp;<\/p>\n<h3><strong><b>1.2 Te\u017eina ma\u0161ine<\/b><\/strong><\/h3>\n<p><strong><b>Operacija <\/b><\/strong><strong><b>te\u017eina <\/b><\/strong>:7200kg<\/p>\n<p><strong><b>Puna te\u017eina optere\u0107enja <\/b><\/strong>: 9200kg \u00b1 300kg<\/p>\n<p>&nbsp;<\/p>\n<h3><strong><b>1.3 Radni kapacitet<\/b><\/strong><\/h3>\n<p><strong><b>Brzina putovanja u prvoj brzini<\/b><\/strong>0-8 km\/h<\/p>\n<p><strong><b>Druga brzina <\/b><\/strong>0-20 km\/h<\/p>\n<p><strong><b>Sposobnost penjanja <\/b><\/strong><strong><b>:<\/b><\/strong>\u00a014 \u00b0<\/p>\n<p><strong><b>Maksimalna vu\u010dna sila<\/b><\/strong>\u00a0\u2265 55KN<\/p>\n<p><strong><b>Maksimalna snaga lopate (SAE) <\/b><\/strong>\u2265 50 KN<\/p>\n<p>&nbsp;<\/p>\n<h3><strong><b>1.4 Rezervoar za gorivo<\/b><\/strong><\/h3>\n<p><strong><b>Rezervoar za gorivo (L)<\/b><\/strong><strong><b>:<\/b><\/strong>\u00a0130<\/p>\n<p><strong><b>Hidrauli\u010dni spremnik za ulje (L) <\/b><\/strong><strong><b>:<\/b><\/strong>\u00a0130<\/p>\n<p>&nbsp;<\/p>\n<h3><strong><b>1.5 Upravljanje<\/b><\/strong><\/h3>\n<p><strong><b>Centralno zglobno hidrauli\u010dno servo upravljanje<\/b><\/strong><\/p>\n<p><strong><b>Minimalni radijus okretanja unutra<\/b><\/strong><strong><b>:<\/b><\/strong>2400 \u00b1 150mm<\/p>\n<p><strong><b>Vanjski <\/b><\/strong>:4300 \u00b1 150mm<\/p>\n<p>&nbsp;<\/p>\n<p>2\u3001 Glavna konfiguracija cijele ma\u0161ine<\/p>\n<h3><strong><b>2.1 Motor<\/b><\/strong><\/h3>\n<p><strong><b>Marka<\/b><\/strong><strong><b>\u00a0<\/b><\/strong><strong><b>: <\/b><\/strong>Kunming Yunnei, najbolji brend Kine<\/p>\n<p><strong><b>Model <\/b><\/strong><strong><b>:<\/b><\/strong>\u00a0YN4EL120-30CR<strong><b>\u00a0<\/b><\/strong><\/p>\n<p><strong><b>Tip<\/b><\/strong><strong><b>: <\/b><\/strong>Dizel motor hla\u0111en vodom<\/p>\n<p><strong><b>Nazivna snaga <\/b><\/strong><strong><b>:<\/b><\/strong>88KW\/2400rpm, 420Nm@1500<\/p>\n<p><strong><b>Izpu\u0161ne emisije<\/b><\/strong><strong><b>:<\/b><\/strong>\u00a0DOC DPF (kineska nacionalna faza III)<\/p>\n<p><strong><b>Metoda po\u010detka:<\/b><\/strong><strong><b>\u00a0<\/b><\/strong>Elektri\u010dni start<\/p>\n<p><strong><b>Kontrola ubrzava\u010da:<\/b><\/strong><strong><b>\u00a0<\/b><\/strong>Elektronski kontroler gasa<\/p>\n<p>&nbsp;<\/p>\n<p>&nbsp;<\/p>\n<h3><strong><b>2.2 Hidrauli\u010dki pretvara\u010d obrtnog momenta<\/b><\/strong><\/h3>\n<p><strong><b>Proizvodnja<\/b><\/strong><strong><b>: <\/b><\/strong>Najbolji brend Kine za LHD, ekvivalent DANA-i<\/p>\n<p><strong><b>Model<\/b><\/strong><strong><b>: <\/b><\/strong>YJ280S2-1<\/p>\n<p>&nbsp;<\/p>\n<h3><strong><b>2.3 Transmisija<\/b><\/strong><\/h3>\n<p><strong><b>Proizvodnja<\/b><\/strong><strong><b>:<\/b><\/strong>\u00a0Najbolji brend Kine za LHD, ekvivalent DANA-i<\/p>\n<p><strong><b>Model<\/b><\/strong><strong><b>:<\/b><\/strong>\u00a0ZL15<\/p>\n<p>&nbsp;<\/p>\n<h3><strong><b>2.4 Pogonska osovina<\/b><\/strong><\/h3>\n<p><strong><b>Proizvodnja<\/b><\/strong><strong><b>: <\/b><\/strong>Xuzhou osovina Kine, ekvivalent DANA-e<\/p>\n<p><strong><b>Model <\/b><\/strong><strong><b>: <\/b><\/strong>Xuzhou CY20<\/p>\n<p>Kruta planetarna pogonska osovina sa diferencijalom protiv kliza tipa NO-SPIN,<\/p>\n<p>Parkira\u010dka ko\u010dnica: prolje\u0107e, hidrauli\u010dno osloba\u0111anje\/ SAHR<\/p>\n<p>&nbsp;<\/p>\n<h3><strong><b>2.<\/b><\/strong><strong><b>5<\/b><\/strong><strong><b>\u00a0<\/b><\/strong><strong><b>Ko\u010dnica<\/b><\/strong><strong><b>\u00a0sistem<\/b><\/strong><\/h3>\n<p>Radna ko\u010dnica: mokra multi disk pru\u017ena ko\u010dnica hidrauli\u010dna ko\u010dnica za reset<\/p>\n<p>&nbsp;<\/p>\n<h3><strong><b>2.<\/b><\/strong><strong><b>6<\/b><\/strong><strong><b>\u00a0<\/b><\/strong><strong><b>Park<\/b><\/strong><strong><b>\u00a0sistem<\/b><\/strong><\/h3>\n<p>Ure\u0111aj za pru\u017enu ko\u010dnicu na rubu kota\u010da, u kombinaciji sa radnom ko\u010dnicom i parkira\u010dkom ko\u010dnicom<\/p>\n<p>&nbsp;<\/p>\n<h3><strong><b>2.<\/b><\/strong><strong><b>7<\/b><\/strong><strong><b>\u00a0<\/b><\/strong><strong><b>Upravljanje<\/b><\/strong><strong><b>\u00a0sistem<\/b><\/strong><\/h3>\n<p>Tip: hidrauli\u010dni pilot upravlja\u010dki ventil SN-31S<\/p>\n<p>Model upravlja\u010dkog cilindra x Broj cilindra: D90\/d45E \u00d7 1,<\/p>\n<p>Ugao upravljanja: \u00b1 40 \u00b0<\/p>\n<p>&nbsp;<\/p>\n<h3><strong><b>2.5 <\/b><\/strong><strong><b>Rad <\/b><\/strong><strong><b>Hidrauli\u010dki sistem<\/b><\/strong><\/h3>\n<p>Mokre ko\u010dnica sa vi\u0161e diskova sa radnom ko\u010dnicom sa pru\u017enom ko\u010dnicom i hidrauli\u010dnim osloba\u0111anjem<\/p>\n<p>Tip: Hidrauli\u010dna kontrola pilot kontrola vi\u0161estruki smerni ventil<\/p>\n<p>Cilindar za podizanje x Broj cilindra: D100\/d55 E \u00d7 2<\/p>\n<p>Cilindr ulja za kantu x Broj cilindra: D125\/d63 E \u00d7 1<\/p>\n<p>Vi\u0161esmerni ventil: SN-62S<\/p>\n<p><strong><b>Proizvo\u0111a\u010d&#8217; s <\/b><\/strong><strong><b>Napla\u0107enje<\/b><\/strong><strong><b>\u00a0Ventil<\/b><\/strong><strong><b>:<\/b><\/strong>\u00a0\u00a0\u00a0\u00a0\u00a0\u00a0\u00a0\u00a0\u00a0\u00a0\u00a0\u00a0Mico, SAD<\/p>\n<p><strong><b>Oprema <\/b><\/strong><strong><b>Pumpa<\/b><\/strong><strong><b>:<\/b><\/strong>\u00a0\u00a0\u00a0\u00a0\u00a0\u00a0\u00a0\u00a0\u00a0\u00a0\u00a0\u00a0\u00a0\u00a0\u00a0\u00a0\u00a0\u00a0\u00a0\u00a0\u00a0\u00a0\u00a0\u00a0\u00a0\u00a0PERMCO, SAD<\/p>\n<p>&nbsp;<\/p>\n<p>&nbsp;<\/p>\n<p>&nbsp;<\/p>\n<p>&nbsp;<\/p>\n<p>&nbsp;<\/p>\n<p>&nbsp;<\/p>\n<p>&nbsp;<\/p>\n<p>&nbsp;<\/p>\n<p>&nbsp;<\/p>","protected":false},"excerpt":{"rendered":"<p>Mehani\u010dki mini utovara\u010d za prijenos<\/p>","protected":false},"featured_media":3107,"comment_status":"closed","ping_status":"closed","template":"","meta":{"_acf_changed":false},"product_brand":[],"product_cat":[15],"product_tag":[],"class_list":{"0":"post-1823","1":"product","2":"type-product","3":"status-publish","4":"has-post-thumbnail","6":"product_cat-trackless-mining-equipment","8":"first","9":"instock","10":"shipping-taxable","11":"product-type-simple"},"acf":[],"_links":{"self":[{"href":"https:\/\/www.zongdamining.com\/bs\/wp-json\/wp\/v2\/product\/1823","targetHints":{"allow":["GET"]}}],"collection":[{"href":"https:\/\/www.zongdamining.com\/bs\/wp-json\/wp\/v2\/product"}],"about":[{"href":"https:\/\/www.zongdamining.com\/bs\/wp-json\/wp\/v2\/types\/product"}],"replies":[{"embeddable":true,"href":"https:\/\/www.zongdamining.com\/bs\/wp-json\/wp\/v2\/comments?post=1823"}],"wp:featuredmedia":[{"embeddable":true,"href":"https:\/\/www.zongdamining.com\/bs\/wp-json\/wp\/v2\/media\/3107"}],"wp:attachment":[{"href":"https:\/\/www.zongdamining.com\/bs\/wp-json\/wp\/v2\/media?parent=1823"}],"wp:term":[{"taxonomy":"product_brand","embeddable":true,"href":"https:\/\/www.zongdamining.com\/bs\/wp-json\/wp\/v2\/product_brand?post=1823"},{"taxonomy":"product_cat","embeddable":true,"href":"https:\/\/www.zongdamining.com\/bs\/wp-json\/wp\/v2\/product_cat?post=1823"},{"taxonomy":"product_tag","embeddable":true,"href":"https:\/\/www.zongdamining.com\/bs\/wp-json\/wp\/v2\/product_tag?post=1823"}],"curies":[{"name":"wp","href":"https:\/\/api.w.org\/{rel}","templated":true}]}}