{"id":1836,"date":"2024-02-20T14:53:02","date_gmt":"2024-02-20T06:53:02","guid":{"rendered":"https:\/\/www.zongdamining.com\/?post_type=product&#038;p=1836"},"modified":"2026-01-30T14:29:03","modified_gmt":"2026-01-30T06:29:03","slug":"zdfl-0-5-personnel-and-material-carrier","status":"publish","type":"product","link":"https:\/\/www.zongdamining.com\/bs\/product\/zdfl-0-5-personnel-and-material-carrier\/","title":{"rendered":"ZDFL-0.5 Nosa\u010d osoblja i materijala  Kompaktno podzemno komunalno vozilo od 0,5 tone"},"content":{"rendered":"<p><img fetchpriority=\"high\" decoding=\"async\" class=\"alignnone size-medium wp-image-1838\" src=\"http:\/\/www.zongdamining.com\/wp-content\/uploads\/2024\/02\/IMG_02fdcc84ed5446caa3575fe021f458d8-300x225.png\" alt=\"\" width=\"300\" height=\"225\" srcset=\"https:\/\/www.zongdamining.com\/wp-content\/uploads\/2024\/02\/IMG_02fdcc84ed5446caa3575fe021f458d8-300x225.png 300w, https:\/\/www.zongdamining.com\/wp-content\/uploads\/2024\/02\/IMG_02fdcc84ed5446caa3575fe021f458d8-1024x768.png 1024w, https:\/\/www.zongdamining.com\/wp-content\/uploads\/2024\/02\/IMG_02fdcc84ed5446caa3575fe021f458d8-768x576.png 768w, https:\/\/www.zongdamining.com\/wp-content\/uploads\/2024\/02\/IMG_02fdcc84ed5446caa3575fe021f458d8-600x450.png 600w, https:\/\/www.zongdamining.com\/wp-content\/uploads\/2024\/02\/IMG_02fdcc84ed5446caa3575fe021f458d8.png 1267w\" sizes=\"(max-width: 300px) 100vw, 300px\" \/> <img decoding=\"async\" class=\"alignnone size-medium wp-image-1839\" src=\"http:\/\/www.zongdamining.com\/wp-content\/uploads\/2024\/02\/IMG_ec2025011b994caeb93edbe9f6b4c09c-300x225.png\" alt=\"\" width=\"300\" height=\"225\" srcset=\"https:\/\/www.zongdamining.com\/wp-content\/uploads\/2024\/02\/IMG_ec2025011b994caeb93edbe9f6b4c09c-300x225.png 300w, https:\/\/www.zongdamining.com\/wp-content\/uploads\/2024\/02\/IMG_ec2025011b994caeb93edbe9f6b4c09c-1024x768.png 1024w, https:\/\/www.zongdamining.com\/wp-content\/uploads\/2024\/02\/IMG_ec2025011b994caeb93edbe9f6b4c09c-768x576.png 768w, https:\/\/www.zongdamining.com\/wp-content\/uploads\/2024\/02\/IMG_ec2025011b994caeb93edbe9f6b4c09c-600x450.png 600w, https:\/\/www.zongdamining.com\/wp-content\/uploads\/2024\/02\/IMG_ec2025011b994caeb93edbe9f6b4c09c.png 1267w\" sizes=\"(max-width: 300px) 100vw, 300px\" \/> <img decoding=\"async\" class=\"alignnone size-medium wp-image-1840\" src=\"http:\/\/www.zongdamining.com\/wp-content\/uploads\/2024\/02\/IMG_322b37082fd348ebb001056ee3cb41cc-300x225.png\" alt=\"\" width=\"300\" height=\"225\" srcset=\"https:\/\/www.zongdamining.com\/wp-content\/uploads\/2024\/02\/IMG_322b37082fd348ebb001056ee3cb41cc-300x225.png 300w, https:\/\/www.zongdamining.com\/wp-content\/uploads\/2024\/02\/IMG_322b37082fd348ebb001056ee3cb41cc-1024x767.png 1024w, https:\/\/www.zongdamining.com\/wp-content\/uploads\/2024\/02\/IMG_322b37082fd348ebb001056ee3cb41cc-768x575.png 768w, https:\/\/www.zongdamining.com\/wp-content\/uploads\/2024\/02\/IMG_322b37082fd348ebb001056ee3cb41cc-600x449.png 600w, https:\/\/www.zongdamining.com\/wp-content\/uploads\/2024\/02\/IMG_322b37082fd348ebb001056ee3cb41cc.png 1267w\" sizes=\"(max-width: 300px) 100vw, 300px\" \/><\/p>\n<p>ZDFL-0.5 vozilo za rukovanje materijalima pogonjeno je dizel motorom, sa hidrauli\u010dnim mehani\u010dkim menja\u010dem, pogonom na \u010detiri kota\u010da, vo\u017enjom naprijed, hidrauli\u010dnim upravljanjem prednje osovine, velikim uglom upravljanja, fleksibilnim okretanjem i malim radijusom. Pogodan je za rad na srednjim dijelovima ceste i ima slede\u0107e tehni\u010dke karakteristike:<\/p>\n<p>\u25cf Energetski sistem usvaja Yunnei National III vodom hla\u0111eni motor sa niskim zaga\u0111enjem;  \u25cf Sistem prenosa snage usvaja prenos snage, pogonsku osovinu DANA i gume za napuhavanje otporne na rezanje u rudarskom uzorku;  \u25cf  Vo\u017ena ko\u010dnica usvaja mokre hidrauli\u010dne ko\u010dnice sa vi\u0161e diskova; Parkira\u010dka ko\u010dnica usvaja ventil za ru\u010dku za kontrolu ko\u010dnice na mostu, koja je sigurna i pouzdana;<\/p>\n<p>\u25cf Okvir je integralna struktura sa pouzdanim performansama; Usvajanje zatvorene kabine je sigurnije i udobnije. Bezbednosno upozorenje \u25cf Operator ove ma\u0161ine mora nositi sigurnosnu kacigu i nositi sa sobom ure\u0111aj za samospa\u0161avanje i rudarsku lampu prilikom ulaska u bunar;  \u25cf Ova ma\u0161ina mora biti redovno odr\u017eavana i pregledana, a sve skrivene opasnosti treba odmah rije\u0161iti;  \u25cf Strogo je zabranjeno odr\u017eavanje dok je ma\u0161ina u radu;  \u25cf Kada ma\u0161ina prolazi kroz odr\u017eavanje, napajanje mora biti isklju\u010deno i rije\u010di &#8220; pod odr\u017eavanjem, bez pokretanja&#8221; mora biti obje\u0161en;  \u25cf  Tokom rada vozila, osoblju je zabranjeno ulazak ili izlazak;  \u25cf Prilikom ulaska u ma\u0161inu za zavarivanje i rezanje, moraju se poduzeti sigurnosne mere nakon potvrde da nema zapaljivih ili eksplozivnih materijala.  \u25cf Kada motor radi i ispu\u0161na cijev se nije hladila nakon isklju\u010denja, strogo je zabranjeno imati fizi\u010dki kontakt sa ispu\u0161nim \u010di\u0161\u0107a\u010dem \u25cf Povr\u0161ina izpu\u0161ne cijevi kako bi se izbjegle ozbiljne povrede kao \u0161to su opekline;  \u25cf Prilikom popravke hidrauli\u010dkog sistema ove ma\u0161ine, pritisak se mora potpuno ubla\u017eiti pre po\u010detka rada. Uslovi upotrebe: 1) Ova ma\u0161ina je pogodna za upotrebu u tunelima sa veli\u010dinom popre\u010dnog presjeka od 2,5 metara (visina) \u00d7 U tunelima od 3 metara (\u0161irina) i iznad Doma\u0107i zadatak zahtijeva \u010dvrstu gornju plo\u010du, minimalni radijus okretanja od \u2265 6 metara na spolja\u0161njoj strani i nagib puta od \u2264 14 \u00b0, Dobra ventilacija i drena\u017ea na radnom mjestu; 2) Temperatura okoline tunela je -5 \u2103 do 40 \u2103, a maksimalna relativna vla\u017enost nije ve\u0107a od 85% (temperatura na 25 \u2103) Vrijeme)<\/p>\n<p>2.1. Tehni\u010dki parametri cijele ma\u0161ine Nazivni kapacitet optere\u0107enja: 0,5 tona Nazivni kapacitet putnika: 4 osobe Veli\u010dina kutije: 1050mm * 1840mm * 655mm Maksimalna brzina vo\u017enje u prvom zup\u010danju: 14 \u00b1 1,0 km\/h Drugi zup\u010danj: 23 \u00b1 2,0 km\/h Obratni zup\u010danj I: 14 \u00b1 1,0 km\/h Obratni zup\u010danj II: 23 \u00b1 2,0 km\/h Maksimalna kapacitet penjanja (te\u0161ko optere\u0107enje): 14 \u00b0 Maksimalna vu\u010dna sila: 35 kN Radius okretanja: 8400 mm<\/p>\n<p>\u25cf  Parkira\u010dka ko\u010dnica: ko\u010dnica na oprugu osovine 2.5. Sistem upravljanja \u25cf  Tip: Hidrauli\u010dno upravljanje prednjih kota\u010da Pumpa za upravljanje: CBGJ2016\/2016 Pomeranje: 16ml\/r \u25cf  Maksimalni pritisak sistema upravljanja: 10 MPa Upravljanje: BZZ1-E125 Jedan stabilan ventil: FLD-F9.5W \u25cf  Promjer upravlja\u010dkog cilindra\/promjer \u0161ipke: \u03c6 55\/ \u03c6 45 mm 2,6. Elektri\u010dni sistem Napon sistema: 24V DC<\/p>\n<p>&nbsp;<\/p>\n<p>&nbsp;<\/p>","protected":false},"excerpt":{"rendered":"<p><img loading=\"lazy\" decoding=\"async\" class=\"alignnone size-medium wp-image-1837\" src=\"http:\/\/www.zongdamining.com\/wp-content\/uploads\/2024\/02\/1708399430196-300x225.png\" alt=\"\" width=\"300\" height=\"225\" srcset=\"https:\/\/www.zongdamining.com\/wp-content\/uploads\/2024\/02\/1708399430196-300x225.png 300w, https:\/\/www.zongdamining.com\/wp-content\/uploads\/2024\/02\/1708399430196-1024x768.png 1024w, https:\/\/www.zongdamining.com\/wp-content\/uploads\/2024\/02\/1708399430196-768x576.png 768w, https:\/\/www.zongdamining.com\/wp-content\/uploads\/2024\/02\/1708399430196-600x450.png 600w, https:\/\/www.zongdamining.com\/wp-content\/uploads\/2024\/02\/1708399430196.png 1267w\" sizes=\"(max-width: 300px) 100vw, 300px\" \/><\/p>\n<p>ZDFL-0.5 vozilo za rukovanje materijalima je vrsta opreme za rukovanje materijalima dizajnirana i proizvedena posebno za podzemne rudnike koji nisu ugljen.<\/p>","protected":false},"featured_media":3165,"comment_status":"closed","ping_status":"closed","template":"","meta":{"_acf_changed":false},"product_brand":[],"product_cat":[15],"product_tag":[],"class_list":{"0":"post-1836","1":"product","2":"type-product","3":"status-publish","4":"has-post-thumbnail","6":"product_cat-trackless-mining-equipment","8":"first","9":"instock","10":"shipping-taxable","11":"product-type-simple"},"acf":[],"_links":{"self":[{"href":"https:\/\/www.zongdamining.com\/bs\/wp-json\/wp\/v2\/product\/1836","targetHints":{"allow":["GET"]}}],"collection":[{"href":"https:\/\/www.zongdamining.com\/bs\/wp-json\/wp\/v2\/product"}],"about":[{"href":"https:\/\/www.zongdamining.com\/bs\/wp-json\/wp\/v2\/types\/product"}],"replies":[{"embeddable":true,"href":"https:\/\/www.zongdamining.com\/bs\/wp-json\/wp\/v2\/comments?post=1836"}],"wp:featuredmedia":[{"embeddable":true,"href":"https:\/\/www.zongdamining.com\/bs\/wp-json\/wp\/v2\/media\/3165"}],"wp:attachment":[{"href":"https:\/\/www.zongdamining.com\/bs\/wp-json\/wp\/v2\/media?parent=1836"}],"wp:term":[{"taxonomy":"product_brand","embeddable":true,"href":"https:\/\/www.zongdamining.com\/bs\/wp-json\/wp\/v2\/product_brand?post=1836"},{"taxonomy":"product_cat","embeddable":true,"href":"https:\/\/www.zongdamining.com\/bs\/wp-json\/wp\/v2\/product_cat?post=1836"},{"taxonomy":"product_tag","embeddable":true,"href":"https:\/\/www.zongdamining.com\/bs\/wp-json\/wp\/v2\/product_tag?post=1836"}],"curies":[{"name":"wp","href":"https:\/\/api.w.org\/{rel}","templated":true}]}}