{"id":1844,"date":"2024-02-20T15:59:42","date_gmt":"2024-02-20T07:59:42","guid":{"rendered":"https:\/\/www.zongdamining.com\/?post_type=product&#038;p=1844"},"modified":"2026-01-27T17:14:22","modified_gmt":"2026-01-27T09:14:22","slug":"zdt105-underground-mining-truck","status":"publish","type":"product","link":"https:\/\/www.zongdamining.com\/bs\/product\/zdt105-underground-mining-truck\/","title":{"rendered":"ZDT105 Podzemni rudarski kamion  Te\u0161ki zglobni dump kamion za srednje velike podzemne metale"},"content":{"rendered":"<p><img decoding=\"async\" class=\"alignnone size-medium wp-image-1846\" src=\"http:\/\/www.zongdamining.com\/wp-content\/uploads\/2024\/02\/IMG_7349549375f14ae2b76f60f2767f1e4c-300x109.png\" alt=\"\" width=\"300\" height=\"109\" srcset=\"https:\/\/www.zongdamining.com\/wp-content\/uploads\/2024\/02\/IMG_7349549375f14ae2b76f60f2767f1e4c-300x109.png 300w, https:\/\/www.zongdamining.com\/wp-content\/uploads\/2024\/02\/IMG_7349549375f14ae2b76f60f2767f1e4c-1024x371.png 1024w, https:\/\/www.zongdamining.com\/wp-content\/uploads\/2024\/02\/IMG_7349549375f14ae2b76f60f2767f1e4c-768x278.png 768w, https:\/\/www.zongdamining.com\/wp-content\/uploads\/2024\/02\/IMG_7349549375f14ae2b76f60f2767f1e4c-600x217.png 600w, https:\/\/www.zongdamining.com\/wp-content\/uploads\/2024\/02\/IMG_7349549375f14ae2b76f60f2767f1e4c.png 1191w\" sizes=\"(max-width: 300px) 100vw, 300px\" \/><\/p>\n<p>Podzemno rudarsko vozilo ZDT105 pogonjeno je dizel motorom, sa hidrauli\u010dnim mehani\u010dkim prenosom, pogonom na \u010detiri kota\u010da, bo\u010dnim vo\u017enjom, stra\u017enjim teretom kamiona, centralnim zglobljenim hidrauli\u010dnim upravljanjem, velikim uglom upravljanja, fleksibilnim okretanjem i malim radijusom. Pogodan je za operacije srednjeg dijela tunela i ima slede\u0107e tehni\u010dke karakteristike: \u25cf Energetski sistem usvaja Cummins i Top japanski i kineski nacionalni III vodom hla\u0111eni motor sa niskim zaga\u0111enjem;<\/p>\n<p>\u25cf Sistem prenosa snage usvaja vrhunske marke prenosa, pretvara\u010de obrtnog momenta, hidrauli\u010dne ko\u010dnice pogonske osovine i gume otporne na rezanje u rudarskom uzorku;  \u25cf Ko\u010dnini sistem usvaja uvozni MICO ventil za punjenje i ko\u010dnini ventil;  \u25cf Okvir je centralno \u0161arkirana struktura, sa prednjom osovinom koja se ljuta lijevo i desno oko centra okvira kako bi se pobolj\u0161ale ukupne performanse adhezije vozila;  \u25cf Sistem upravljanja je hidrauli\u010dki sistem servo upravljanja sa dvostrukim cilindrima upravljanja;  \u25cf Usvajanje zatvorene kabine je sigurnije i udobnije. Bezbednosno upozorenje \u25cf Operator ove ma\u0161ine mora nositi sigurnosnu kacigu i nositi sa sobom ure\u0111aj za samospa\u0161avanje i rudarsku lampu prilikom ulaska u bunar;  \u25cf Ova ma\u0161ina mora biti redovno odr\u017eavana i pregledana, a sve skrivene opasnosti treba odmah rije\u0161iti;  \u25cf Strogo je zabranjeno odr\u017eavanje dok je ma\u0161ina u radu;  \u25cf Kada ma\u0161ina prolazi kroz odr\u017eavanje, napajanje mora biti isklju\u010deno i rije\u010di &#8220; pod odr\u017eavanjem, bez pokretanja&#8221; mora biti obje\u0161en;  \u25cf Prilikom ulaska u ma\u0161inu za zavarivanje i rezanje, moraju se poduzeti sigurnosne mere nakon potvrde da prije rada nema zapaljivih ili eksplozivnih materijala;  \u25cf Kada motor radi i ispu\u0161na cijev se nije hladila nakon isklju\u010denja, strogo je zabranjeno imati fizi\u010dki kontakt sa ispu\u0161nim \u010di\u0161\u0107a\u010dem \u25cf Povr\u0161ina izpu\u0161ne cijevi kako bi se izbjegle ozbiljne povrede kao \u0161to su opekline;  \u25cf Prilikom popravke hidrauli\u010dkog sistema ove ma\u0161ine, pritisak se mora potpuno ubla\u017eiti pre po\u010detka rada.  1. Uslovi primene: 1) Ova ma\u0161ina je pogodna za upotrebu u tunelima sa veli\u010dinom popre\u010dnog presjeka od 3 metra (visina) \u00d7 Rad u tunelima sa \u0161irinom od 3,5 metra ili vi\u0161e, krov mora biti \u010dvrst, minimalni radijus okretanja na spolja\u0161njoj strani treba da bude \u2265 4,6 metra, nagib puta treba da bude \u2264 14 \u00b0, a radno mjesto treba da ima dobru ventilaciju i drena\u017eu; 2) Temperatura okoline tunela je -5 \u2103 do 40 \u2103, a maksimalna relativna vla\u017enost nije ve\u0107a od 85% (na temperaturi od 25 \u2103); 3) Visina mjesta kori\u0161tenja ne smije prelaziti 1000 metara, a snaga se smanjuje za kori\u0161tenje u okru\u017eenjima na velikoj visini sa visinom ve\u0107om od 1000 metara; 4) Sadr\u017eaj sumpora u gorivu koje se koristi u ovoj ma\u0161ini ne smije prelaziti 0,2%; Ova ma\u0161ina je strogo zabranjena za upotrebu na mjestima sa zapaljivim i eksplozivnim gasovima kao \u0161to su gas i pra\u0161ina od ugljena;<\/p>\n<p>2.1. Tehni\u010dki parametri \u25cf  Nazivni kapacitet optere\u0107enja: 5 tona \u25cf  Kapacitet kante (slo\u017eenje): 3 metra \u00b3 \u25cf  Maksimalna brzina vo\u017enje u stupanju I: 5,8 km\/h Drugi stupan: 20 km\/h \u25cf  Vrijeme podizanja vozila: 12 sekundi \u25cf  Vrijeme spu\u0161tanja automobilske kutije: 9 sekundi \u25cf  Maksimalni kapacitet penjanja (te\u0161ko optere\u0107enje): 25% \u25cf  Maksimalna vu\u010dna sila: 40 kN \u25cf  Radius okretanja: Unutra\u0161nja strana 3350 mm Vanjski 5600 mm \u25cf  Maksimalna visina ma\u0161ine tokom istovara: 3400 mm \u25cf  Maksimalni ugao istovara: 42 \u00b0 \u25cf  Ugao upravljanja: \u00b1 40 \u00b0 \u25cf  Minimalna razdaljina od zemlje: 300 mm \u25cf  Vanjske dimenzije (du\u017eina \u00d7 \u0161irina \u00d7 visina): 6500 mm \u00d7 1800 mm \u00d7 1800 mm \u25cf  Radna te\u017eina cijele ma\u0161ine: 8,5 t<\/p>\n<p>2.2. Motor \u25cf Motor: Cummins National III vodom hla\u0111eni motor sa niskim zaga\u0111enjem \u25cf Nazivna snaga\/nazivna brzina: 80 kW\/2200 r\/min \u25cf Maksimalni izlazni obrtni moment: 480 N \u00b7 m @ 1500 r\/min 2.3. Sistem prijenosa \u25cf  Model prijenosa: ZL15 Omjer brzine: F1: 2,16, F2: 0,77;  R1:2.21, R2:0.785  \u25cf  Model pogonske osovine: DANA112 \u25cf  Ukupni omjer brzine: 23,25 \u25cf  Gume: 9.00-20 guma za napuhavanje 2.4. Sistem ko\u010denja \u25cf Ko\u010dnica pumpa: CBLZ2040\/0016, pomeranje: 16ml\/r \u25cf Maksimalni pritisak ko\u010dnog sistema: 16 MPa \u25cf  Ko\u010dnica za vo\u017enju: mokra hidrauli\u010dna ko\u010dnica sa vi\u0161e diskova \u25cf Model ko\u010dnih ventila: MICO 03-460 \u25cf Pritisak na osloba\u0111anje: 6,9 bar \u25cf  Parkira\u010dka ko\u010dnica: Pro\u017eetna ko\u010dnica na pogonskoj osovini \u25cf Proljetna ko\u010dnica, hidrauli\u010dna ko\u010dnica za otpu\u0161tanje \u25cf Model parkirnog ko\u010dni\u010dnog ventila: RA3\/3\/2\/G-3 2.5. Sistem upravljanja \u25cf  Tip: Centralno zglobno, hidrauli\u010dno upravljanje \u25cf Radna pumpa za upravljanje: CBLZ2040\/0016 \u25cf Pomeranje: 40ml\/r \u25cf  Maksimalni pritisak sistema upravljanja: 14 MPa \u25cf Upravljanje: BZZ-400 \u25cf Prioritetni ventil: YXZ-F160<\/p>\n<p>\u25cf  Promjer cilindra upravljanja\/promjer \u0161ipke \u00d7 Broj cilindra: \u03c6 80\/ \u03c6 45 mm \u00d7 dva 2,6. Radni sistem \u25cf  Radni vi\u0161estruki ventil: SN-4\/1S \u25cf  Promjer cilindra za podizanje\/promjer \u0161ipke \u00d7 Broj cilindra: \u03c6 100\/ \u03c6 55 mm \u00d7 dva \u25cf Maksimalni pritisak radnog sistema: 16MPa 2,7. Elektri\u010dni sistem \u25cf Napon sistema: 24V DC \u25cf Napon\/snaga motora za pokretanje: 24V\/6kW \u25cf Osvetljenje: 2 prednja svjetla, 2 \u00d7 45W, 24V 2 stra\u017enja svjetla, 2 \u00d7 45W, 24V 2 rudarska signalna svjetla, 24V 1 stropno svjetlo kabine, 24V 2.8. Kapacitet rezervoara za gorivo \u25cf Hidrauli\u010dni rezervoar za ulje: 120 L \u25cf Rezervoar za gorivo: 120 L \u25cf Ulje za menja\u010d: 28 L \u25cf  Glavni dio prenosa pogonske osovine: 12L \u00d7 dva \u25cf Dio smanjenja kota\u010da pogonske osovine: 3,5 L \u00d7 \u010detiri \u25cf Ulje za mazanje motora (motorno ulje): 28L \u25cf Hladna teku\u0107ina motora: 18L<\/p>","protected":false},"excerpt":{"rendered":"<p><img fetchpriority=\"high\" decoding=\"async\" class=\"alignnone size-medium wp-image-1845\" src=\"http:\/\/www.zongdamining.com\/wp-content\/uploads\/2024\/02\/IMG_fe65e384c25c43dd9b6259acb07db516-300x194.png\" alt=\"\" width=\"300\" height=\"194\" srcset=\"https:\/\/www.zongdamining.com\/wp-content\/uploads\/2024\/02\/IMG_fe65e384c25c43dd9b6259acb07db516-300x194.png 300w, https:\/\/www.zongdamining.com\/wp-content\/uploads\/2024\/02\/IMG_fe65e384c25c43dd9b6259acb07db516-1024x663.png 1024w, https:\/\/www.zongdamining.com\/wp-content\/uploads\/2024\/02\/IMG_fe65e384c25c43dd9b6259acb07db516-768x497.png 768w, https:\/\/www.zongdamining.com\/wp-content\/uploads\/2024\/02\/IMG_fe65e384c25c43dd9b6259acb07db516-600x388.png 600w, https:\/\/www.zongdamining.com\/wp-content\/uploads\/2024\/02\/IMG_fe65e384c25c43dd9b6259acb07db516.png 1339w\" sizes=\"(max-width: 300px) 100vw, 300px\" \/><\/p>\n<p>Podzemno rudarsko vozilo ZDT105 je oprema za rudarstvo bez staze dizajnirana i proizvedena posebno za podzemne rudnike.<\/p>","protected":false},"featured_media":3161,"comment_status":"closed","ping_status":"closed","template":"","meta":{"_acf_changed":false},"product_brand":[],"product_cat":[15],"product_tag":[],"class_list":{"0":"post-1844","1":"product","2":"type-product","3":"status-publish","4":"has-post-thumbnail","6":"product_cat-trackless-mining-equipment","8":"first","9":"instock","10":"shipping-taxable","11":"product-type-simple"},"acf":[],"_links":{"self":[{"href":"https:\/\/www.zongdamining.com\/bs\/wp-json\/wp\/v2\/product\/1844","targetHints":{"allow":["GET"]}}],"collection":[{"href":"https:\/\/www.zongdamining.com\/bs\/wp-json\/wp\/v2\/product"}],"about":[{"href":"https:\/\/www.zongdamining.com\/bs\/wp-json\/wp\/v2\/types\/product"}],"replies":[{"embeddable":true,"href":"https:\/\/www.zongdamining.com\/bs\/wp-json\/wp\/v2\/comments?post=1844"}],"wp:featuredmedia":[{"embeddable":true,"href":"https:\/\/www.zongdamining.com\/bs\/wp-json\/wp\/v2\/media\/3161"}],"wp:attachment":[{"href":"https:\/\/www.zongdamining.com\/bs\/wp-json\/wp\/v2\/media?parent=1844"}],"wp:term":[{"taxonomy":"product_brand","embeddable":true,"href":"https:\/\/www.zongdamining.com\/bs\/wp-json\/wp\/v2\/product_brand?post=1844"},{"taxonomy":"product_cat","embeddable":true,"href":"https:\/\/www.zongdamining.com\/bs\/wp-json\/wp\/v2\/product_cat?post=1844"},{"taxonomy":"product_tag","embeddable":true,"href":"https:\/\/www.zongdamining.com\/bs\/wp-json\/wp\/v2\/product_tag?post=1844"}],"curies":[{"name":"wp","href":"https:\/\/api.w.org\/{rel}","templated":true}]}}