{"id":1854,"date":"2024-03-04T14:33:58","date_gmt":"2024-03-04T06:33:58","guid":{"rendered":"https:\/\/www.zongdamining.com\/?post_type=product&#038;p=1854"},"modified":"2026-04-24T14:22:31","modified_gmt":"2026-04-24T06:22:31","slug":"zdl201-underground-loader-0-6m%c2%b3bucket-volume-with-1-2-ton-tramming-capacity","status":"publish","type":"product","link":"https:\/\/www.zongdamining.com\/bs\/product\/zdl201-underground-loader-0-6m%c2%b3bucket-volume-with-1-2-ton-tramming-capacity\/","title":{"rendered":"ZDL201 Podzemni utovara\u010d 0,6m\u00b3 Volumen kante sa kapacitetom tramvaja od 1,2 tone"},"content":{"rendered":"<p><img fetchpriority=\"high\" decoding=\"async\" class=\"alignnone wp-image-1855 size-full\" src=\"http:\/\/www.zongdamining.com\/wp-content\/uploads\/2024\/03\/ZDL201-Underground-Loader.jpg\" alt=\"\" width=\"689\" height=\"459\" srcset=\"https:\/\/www.zongdamining.com\/wp-content\/uploads\/2024\/03\/ZDL201-Underground-Loader.jpg 689w, https:\/\/www.zongdamining.com\/wp-content\/uploads\/2024\/03\/ZDL201-Underground-Loader-300x200.jpg 300w, https:\/\/www.zongdamining.com\/wp-content\/uploads\/2024\/03\/ZDL201-Underground-Loader-600x400.jpg 600w\" sizes=\"(max-width: 689px) 100vw, 689px\" \/><\/p>\n<ol>\n<li><b><\/b><strong>Karakteristike performansi proizvoda i<\/strong><strong><strong>Zna\u010dajke<br \/>\n<\/strong><\/strong><\/p>\n<ul>\n<li>ZDL201 je dizel LHD od 1,2 tone dizajniran za podzemno rudarstvo i transport metalne rude. Oprema je kompaktna veli\u010dinom i mala u radijusu okretanja, \u0161to je pogodno za rad u uskim tunelima.<\/li>\n<\/ul>\n<p>&nbsp;<\/p>\n<ul>\n<li>Motor usvaja najnoviju generaciju motora visoke snage sa niskim zaga\u0111enjem D914L04 Deutza, sa sna\u017enom snagom i odli\u010dnim performansama.<\/li>\n<\/ul>\n<p>&nbsp;<\/p>\n<p>3) 6.3 prigu\u0161iva\u010d usvaja kanadski ECS platinski \u010dista\u010d za prigu\u0161ivanje suhih izpu\u0161nih plinova, koji smanjuje zaga\u0111enje vazduha i pobolj\u0161ava radno okru\u017eenje u dubini<\/p>\n<ul>\n<li>Linde 55 serija pumpe sa promenljivim pomerom iz Njema\u010dke i najnovija generacija 55 serije hidrauli\u010dnog motora sa promenljivim pomerom iz Sauer Danfossa iz Sjedinjenih Dr\u017eava usvojeni su, \u0161to se razlikuje od starih proizvo\u0111a\u010da serija PV22 i MV23. Linde hidrauli\u010dki sistem u Njema\u010dkoj i Sauer hidrauli\u010dki sistem u Sjedinjenim Dr\u017eavama su me\u0111unarodno poznati brendovi, sa niskom stopom kvarova i savr\u0161enom uskla\u0111ivanjem. Oni su postigli najbolje uskla\u0111ivanje sa DEUTZ motorom, to jest, mogu da u potpunosti iskoriste maksimalnu efikasnost motora, efikasno garantuju \u017eivotni vijek cijelog vozila i osovine, smanje tro\u0161kove odr\u017eavanja i pobolj\u0161aju stopu prisustva opremi i efikasnost ekstrakcije rude.<\/li>\n<\/ul>\n<p>&nbsp;<\/p>\n<p>5) Q345B niskolegirani \u010delik je odabran kao glavni materijal za okvir i plo\u010du cijelog vozila. Donja granica prinosa ovog materijala je oko 345mpa, koji mo\u017ee izdr\u017eati razli\u010dita optere\u0107enja iznutra i izvan vozila. Ne samo da je garantovana \u010dvrsto\u0107a, ve\u0107 je i zavarena i formirana kroz sedam procesa kao \u0161to su normalizacija, starenje, peskanje i antikorozija. Stoga ispunjava zahtjeve okvira i radnog ure\u0111aja za strukturu, snagu i kretanje.<\/p>\n<p>&nbsp;<\/p>\n<p>6) Osovina PC15 za te\u0161ke potrebe bira se kao pogonska osovina. U pore\u0111enju sa lakom osovinom drugih proizvo\u0111a\u010da, ona je izdr\u017eljiva i ima visoku \u010dvrsto\u0107u udara, smanjuju\u0107i stopu kvarova. Pogonska osovina je normalno zatvorena mokra pogonska osovina. Kroz pru\u017eno ko\u010denje i hidrauli\u010dno osloba\u0111anje, pobolj\u0161ava se pouzdanost i sigurnost. Pogodan je za slo\u017eene uslove podzemnih puteva i uslove utovara lopate.<br \/>\n<img decoding=\"async\" class=\"alignnone wp-image-1856 size-full\" src=\"http:\/\/www.zongdamining.com\/wp-content\/uploads\/2024\/03\/ZDL201-Underground-Loader-1.jpg\" alt=\"\" width=\"511\" height=\"341\" srcset=\"https:\/\/www.zongdamining.com\/wp-content\/uploads\/2024\/03\/ZDL201-Underground-Loader-1.jpg 511w, https:\/\/www.zongdamining.com\/wp-content\/uploads\/2024\/03\/ZDL201-Underground-Loader-1-300x200.jpg 300w\" sizes=\"(max-width: 511px) 100vw, 511px\" \/><\/p>\n<table>\n<tbody>\n<tr>\n<td width=\"41\">Ne, ne.<\/td>\n<td width=\"212\">Specifikacije<\/td>\n<td width=\"207\">Parametri<\/td>\n<\/tr>\n<tr>\n<td width=\"41\">1<\/td>\n<td width=\"212\">Kapacitet kante<\/td>\n<td width=\"207\">0.6m\u00b3<\/td>\n<\/tr>\n<tr>\n<td width=\"41\">2<\/td>\n<td width=\"212\">Nazivni kapacitet optere\u0107enja<\/td>\n<td width=\"207\">1.2t<\/td>\n<\/tr>\n<tr>\n<td width=\"41\">3<\/td>\n<td width=\"212\">Maksimalna sila lopate<\/td>\n<td width=\"207\">42 KN<\/td>\n<\/tr>\n<tr>\n<td width=\"41\">4<\/td>\n<td width=\"212\">Maksimalna privla\u010dnost<\/td>\n<td width=\"207\">40 KN<\/td>\n<\/tr>\n<tr>\n<td width=\"41\">5<\/td>\n<td width=\"212\">Maksimalna visina istovara<\/td>\n<td width=\"207\">735 mm<\/td>\n<\/tr>\n<tr>\n<td width=\"41\">6<\/td>\n<td width=\"212\">Minimalna udaljenost od istovara<\/td>\n<td width=\"207\">1015\u00a0mm<\/td>\n<\/tr>\n<tr>\n<td width=\"41\">7<\/td>\n<td width=\"212\">Maksimalna visina podizanja kante<\/td>\n<td width=\"207\">2024 mm<\/td>\n<\/tr>\n<tr>\n<td width=\"41\">8<\/td>\n<td width=\"212\">Vrijeme akcije radnog ure\u0111aja<\/p>\n<p>Ermanija<\/td>\n<td width=\"207\">10 sekundi.<\/p>\n<p>&nbsp;<\/p>\n<p>&nbsp;<\/td>\n<\/tr>\n<tr>\n<td width=\"41\">9<\/td>\n<td width=\"212\">Sposobnost penjanja (puno optere\u0107enje)<\/td>\n<td width=\"207\">\u226416\u00b0<\/td>\n<\/tr>\n<tr>\n<td width=\"41\">10<\/td>\n<td width=\"212\">Minimalni radijus okretanja<\/td>\n<td width=\"207\">Vanjski 3460 mm<\/p>\n<p>Unutar 1907 mm<\/td>\n<\/tr>\n<tr>\n<td width=\"41\">11<\/td>\n<td width=\"212\">Maksimalni ugao upravljanja (lijevo\/desno)<\/td>\n<td width=\"207\">38\u00b0<\/td>\n<\/tr>\n<tr>\n<td width=\"41\">12<\/td>\n<td width=\"212\">Ugao odlaska<\/td>\n<td width=\"207\">16\u00b0<\/td>\n<\/tr>\n<tr>\n<td width=\"41\">13<\/td>\n<td width=\"212\">Brzina putovanja (dvosmerno)<\/td>\n<td width=\"207\">0-6 km\/h<\/td>\n<\/tr>\n<tr>\n<td width=\"41\">14<\/td>\n<td width=\"212\">Model dizelskog motora \/ snaga<\/td>\n<td width=\"207\">DEUTZ D914L04\/ 58kW,<\/td>\n<\/tr>\n<tr>\n<td width=\"41\">&nbsp;<\/p>\n<p>15<\/td>\n<td width=\"212\">&nbsp;<\/p>\n<p>Sistem ko\u010denja<\/td>\n<td width=\"207\">Integrira radnu ko\u010dnicu i parkirnu ko\u010dnicu, usvaja pru\u017enu ko\u010dnicu i hidrauli\u010dnu ko\u010dnicu za otpu\u0161tanje<\/td>\n<\/tr>\n<tr>\n<td width=\"41\">16<\/td>\n<td width=\"212\">Dimenzije (D x W x H)<\/td>\n<td width=\"207\">5106x1160x1840 mm<\/td>\n<\/tr>\n<tr>\n<td width=\"41\">17<\/td>\n<td width=\"212\">Ukupna te\u017eina ma\u0161ine<\/td>\n<td width=\"207\">5t<\/td>\n<\/tr>\n<\/tbody>\n<\/table>\n<p>7) Bakreni rukav cijele ma\u0161ine je izra\u0111en od visoke \u010dvrsto\u0107e messinga i radijalno ugra\u0111en naru\u010denim cilindri\u010dnim grafitnim punjivcem kao materijal trenja. Ugra\u0111eno \u010dvrsto podmazivanje je lako formirati film za podmazivanje, koji igra veliku ulogu u njegovim performansama u trenju i tro\u0161enju. Ima prednosti visoke preciznosti, sna\u017enog nosnog kapaciteta i dobre otpornosti na habanje.<\/p>\n<p>&nbsp;<\/p>\n<p>8) Osovina pin je izra\u0111ena od 40Cr leguranog \u010delika, koji mora pro\u0107i pet procesa uklju\u010duju\u0107i grubo okretanje, ga\u0161enje i temperiranje, fino okretanje, ga\u0161enje i fino bru\u0161enje kako bi se osigurala stabilnost osovine pin ZONGDA ZDL201 tokom radnog perioda.<\/p>\n<p>&nbsp;<\/p>\n<p>9) Hidrauli\u010dki spremnik za ulje usvaja tehnologiju pranja kiselinom i tretmana pod visokim pritiskom, koja se razlikuje od ru\u010dnog \u010di\u0161\u0107enja drugih proizvo\u0111a\u010da, \u010dime se osigurava \u010disto\u0107a hidrauli\u010dnog sistema i pumpa i motor du\u017ee traju.<\/p>\n<p>10) usvojen je dizajn ljulja\u010da stra\u017enje osovine sa srednjim okretnim le\u017eajem, \u0161to \u010dini strukturu razumnijom i bolju udobnost i sigurnost rukovanja.<\/p>\n<p>&nbsp;<\/p>\n<p>11) ure\u0111aj za za\u0161titu od pra\u0107enja cijelog procesa dodaje se uljnom cilindru kako bi se za\u0161titio klip uljnog cilindra od padaju\u0107eg kamenja, efikasno za\u0161titio uljni cilindar i produ\u017eio \u017eivotni vijek.<\/p>\n<p>&nbsp;<\/p>\n<p>12) sve hidrauli\u010dne cijevi i konektori za ulje izra\u0111eni su od uvo\u017eenih poznatih brendova, kao \u0161to su Ma brand i Goodyear, a \u017eivotni vijek je zna\u010dajno produ\u017een.<\/p>\n<p>13) o\u0161trica je izra\u0111ena od Baosteel specijalne otporne na habanje 500 plo\u010de, koja je otporna na habanje i strkanje, 1,5-2 puta du\u017ei \u017eivotni vijek obi\u010dne otporne na habanje \u010deli\u010dne plo\u010de.<\/li>\n<li><strong>Dimenzija obrisa<\/strong><strong><strong>crte\u017ei<br \/>\n<img decoding=\"async\" class=\"alignnone size-medium wp-image-1857\" src=\"http:\/\/www.zongdamining.com\/wp-content\/uploads\/2024\/03\/Outline-dimension-drawings-192x300.jpg\" alt=\"\" width=\"192\" height=\"300\" srcset=\"https:\/\/www.zongdamining.com\/wp-content\/uploads\/2024\/03\/Outline-dimension-drawings-192x300.jpg 192w, https:\/\/www.zongdamining.com\/wp-content\/uploads\/2024\/03\/Outline-dimension-drawings-655x1024.jpg 655w, https:\/\/www.zongdamining.com\/wp-content\/uploads\/2024\/03\/Outline-dimension-drawings-768x1201.jpg 768w, https:\/\/www.zongdamining.com\/wp-content\/uploads\/2024\/03\/Outline-dimension-drawings-600x938.jpg 600w, https:\/\/www.zongdamining.com\/wp-content\/uploads\/2024\/03\/Outline-dimension-drawings.jpg 798w\" sizes=\"(max-width: 192px) 100vw, 192px\" \/><br \/>\n<\/strong><\/strong><\/p>\n<h2><span style=\"font-size: 14pt;\"><b>4.\u00a0<\/b><strong><b>Tehnologija obrade ZONGDA proizvoda<br \/>\n<\/b><\/strong><\/span><\/h2>\n<ol>\n<li><b><\/b><strong><b>l<\/b><\/strong>centar za rezanje i zavarivanje argi kako bi se osiguralo procesno okru\u017eenje i zahtjevi opreme za obradu strukturnih dijelova.<\/li>\n<\/ol>\n<p>&nbsp;<\/p>\n<ol start=\"2\">\n<li><b><\/b>Strukturu okvira obra\u0111uje veliki CNC obradni centar. Jednom se stisne i dvostruke rupe se jednom bu\u0161e kako bi se osigurala ta\u010dnost obrade.<\/li>\n<\/ol>\n<p>&nbsp;<\/p>\n<ol start=\"3\">\n<li><strong><b>3<\/b><\/strong><strong><b>.<\/b><\/strong>velika pe\u0107 za pe\u010denje treba koristiti za jednokratnu toplotnu obradu pe\u010denja kako bi se izbjegle deformacije i pukotine uzrokovane stresom okvira. Proizvodnja i obrada rivetiranih i zavarenih dijelova kao \u0161to su prednji i stra\u017enji okvir, brada i kanta:<\/li>\n<\/ol>\n<p><strong><b>Tehnologija obrade glavnih dijelova uljnog cilindra:<\/b><\/strong><\/p>\n<ul>\n<li>Cilindar: zavareni uljni otvor za honing kako bi se osiguralo da je cilindar van okruglosti.<\/li>\n<li>klipni \u0161tap: izra\u0111en od 40CrMo materijala, proces je: kovanje &#8211; grubo okretanje &#8211; ga\u0161enje i temperiranje &#8211; fino okretanje &#8211; dosadno &#8211; bru\u0161enje &#8211; tvrdo hromiranje &#8211; Poliranje.  \u00fc<\/li>\n<\/ul>\n<p><strong><b>Tehnologija obrade glavnih dijelova osovine:<\/b><\/strong><\/p>\n<ul>\n<li>\n<ol start=\"3\">\n<li>Vozilo se mora pregledati u skladu sa sigurnosnim zahtjevima gb25518-2010 i JB \/ t5500-2015 za podzemnu LHD prije nego \u0161to napusti fabriku. Kompanija ima veliku lokaciju za testiranje kako bi simulirala radne uslove i testirala opremu kako bi osigurala da isporu\u010deni proizvodi ispunjavaju zahtjeve za dizajn i da se isporu\u010de kupcu. grubo okretanje &#8211; ga\u0161enje i temperiranje &#8211; fino okretanje &#8211; ga\u0161enje &#8211; bru\u0161enje<br \/>\n<h2><span style=\"font-size: 14pt;\"><b>5. <\/b><strong><b>Proces monta\u017ee i kontrola kvaliteta<\/b><\/strong><\/span><\/h2>\n<p><img loading=\"lazy\" decoding=\"async\" class=\"alignnone size-medium wp-image-1858\" src=\"http:\/\/www.zongdamining.com\/wp-content\/uploads\/2024\/03\/Assembly-process-and-quality-control-300x212.jpg\" alt=\"\" width=\"300\" height=\"212\" srcset=\"https:\/\/www.zongdamining.com\/wp-content\/uploads\/2024\/03\/Assembly-process-and-quality-control-300x212.jpg 300w, https:\/\/www.zongdamining.com\/wp-content\/uploads\/2024\/03\/Assembly-process-and-quality-control-768x543.jpg 768w, https:\/\/www.zongdamining.com\/wp-content\/uploads\/2024\/03\/Assembly-process-and-quality-control-600x424.jpg 600w, https:\/\/www.zongdamining.com\/wp-content\/uploads\/2024\/03\/Assembly-process-and-quality-control.jpg 781w\" sizes=\"(max-width: 300px) 100vw, 300px\" \/><\/p>\n<ol>\n<li>Svi proizvodi ZONGDA-e sastavljeni su u strogom skladu sa odobrenim dokumentima o procesu sastavljanja i uputama za rad, i sveobuhvatno pra\u0107eni, inspekcionirani i zabilje\u017eeni. Svaka oprema i dijelovi se mogu pratiti.<\/li>\n<\/ol>\n<p>&nbsp;<\/p>\n<ol start=\"2\">\n<li>Cijeli proizvodni proces ZONGDA-e podlije\u017ee sveobuhvatnoj kontroli kvaliteta u skladu sa ISO9001 sistemom. Obezbe\u0111en je precizan proces monta\u017ee i savr\u0161ena kontrola kvaliteta. Ima standardizovane radionice, strogo obu\u010dene radnike za monta\u017eu i strogo koristi ERP proizvodni sistem za upravljanje. Cijeli proces se upravlja transparentno, a svaka veza se savladava u realnom vremenu.<\/li>\n<\/ol>\n<ol start=\"3\">\n<li>Vozilo se mora pregledati u skladu sa sigurnosnim zahtjevima gb25518-2010 i JB \/ t5500-2015 za podzemnu LHD prije nego \u0161to napusti fabriku. Kompanija ima veliku lokaciju za testiranje kako bi simulirala radne uslove i testirala opremu kako bi osigurala da isporu\u010deni proizvodi ispunjavaju zahtjeve dizajna i da se isporu\u010duju kupcu.<strong>6.Glavna konfiguracija cijelosti<\/strong><strong>ma\u0161ina<br \/>\n<\/strong><strong><b>7<\/b><\/strong><strong><b>. <\/b><\/strong><strong><strong><b>Posleprodajna usluga<br \/>\n<\/b><\/strong><\/strong><strong><b>(1) Prije i nakon prodaje<\/b><\/strong>Pre-sale: According to the needs of customers, our company will arrange technicians to arrive at the mine site at the first time, communicate with customers to understand the customer&#8217;s requirements for the use of equipment, answer questions, and go down to the well to inspect the site conditions, put forward rationalization suggestions, help customers to prepare in advance and select equipment, so that the equipment can be put into use at the first time after arriving at the customer&#8217;s site. After-sales: After the equipment arrives at the demander site, our company dispatches after-sales service personnel to assist in the safe delivery of the equipment to the demander.Location of equipment and installation and commissioning of equipment until normal use.After the installation and commissioning of the LHD, our staff is responsible for training your driving and maintenance personnel until they are skilled in operating the equipment, master basic maintenance knowledge and daily precautions.<\/p>\n<p><strong><b>Raspored obuke:<\/b><\/strong><\/p>\n<ul>\n<li>Razumijevanje LHD-a<\/li>\n<li>Obja\u0161njenje komponenti LHD-a\n<ul>\n<li>Razstavljanje \u0161kreba\u010da<\/li>\n<li>Radne specifikacije za LHD<\/li>\n<li>Revizija i odr\u017eavanje LHD-a<\/li>\n<li>Uobi\u010dajeno rje\u0161avanje problema<\/li>\n<\/ul>\n<p>Ako je potrebno, mo\u017eete poslati osoblje za odr\u017eavanje da studira u na\u0161oj kompaniji dok ne budete ve\u0161ti u popravki opreme. Na\u0161a kompanija pru\u017ea smje\u0161taj i obroke. Ako postoji bilo koji problem sa proizvodom tokom garancijskog perioda, \u017euri\u0107emo na va\u0161 sajt \u0161to je pre mogu\u0107e za besplatnu popravku i zamjenu. Izvan garancijskog perioda<\/p>\n<p>Nudimo vam odli\u010dnu uslugu po cijeni.<\/p>\n<p><strong><b>((2) Vrijeme odgovora za rje\u0161avanje kvalitetnih i operativnih problema<\/b><\/strong><\/p>\n<p>Bez obzira na to unutar ili izvan garancijskog perioda, ako u budu\u0107nosti postoji tehni\u010dki problem sa \u0161kreba\u010dem i ne mo\u017eete ga sami ukloniti, kompanija \u0107e poslati profesionalno i tehni\u010dko osoblje na lokaciju za popravku u roku od 8-12 sati nakon primitka va\u0161e obave\u0161tenja. Kompanija je uvijek spremna da pru\u017ei tehni\u010dku podr\u0161ku kada vam je potrebno da se konsultujete o tehni\u010dkim problemima u upotrebi. Kompanija provodi 3 mjeseca redovnog sistema povratnih posjeta i \u0161alje osoblje nakon prodaje na sajt svaka tri mjeseca da proveri upotrebu i pomogne u rje\u0161avanju problema.<\/p>\n<p><strong><b>(3) Besplatni program odr\u017eavanja i trajanje<\/b><\/strong><\/p>\n<ul>\n<li>Dijelovi strukture proizvoda (ruka, prednji okvir, stra\u017enji okvir) su garantovani za normalnu upotrebu 24 mjeseca;<\/li>\n<li>Ostale komponente su garantovane 12 mjeseci od datuma isporuke zahtjeva\u010du&#8217; prostorije, osim proizvo\u0111a\u010da motora; propise i krhke dijelove.<\/li>\n<li><b><\/b><strong><strong><b>Raspored posleprodajne usluge<\/b><\/strong><\/strong><br \/>\n<table>\n<tbody>\n<tr>\n<td width=\"83\"><strong>Sn.<\/strong><\/td>\n<td width=\"256\"><strong><b>Posleprodajni servisni sati<\/b><\/strong><\/td>\n<td width=\"438\"><strong><b>Sadr\u017eaj posleprodajne usluge<\/b><\/strong><\/td>\n<td width=\"168\"><strong><b>\u00a0\u00a0\u00a0\u00a0\u00a0<\/b><\/strong><strong><b>Napomene<\/b><\/strong><\/td>\n<\/tr>\n<tr>\n<td width=\"83\"><strong>\u00a0<\/strong><\/p>\n<p><strong>\u00a0<\/strong><\/p>\n<p><strong>1<\/strong><\/td>\n<td width=\"256\">&nbsp;<\/p>\n<p>Nakon \u0161to ugovor stupi na snagu<\/td>\n<td width=\"438\">Na\u0161i tehni\u010dari nakon prodaje dolaze na mjesto upotrebe zajedno sa opremom za instalaciju i pu\u0161tanje u rad, i u\u010destvuju u testiranju, procjeni performansi i kona\u010dnom prihvatanju opreme organizovane upotrebom.<\/td>\n<td width=\"168\">Besplatno<\/p>\n<p>Prihvat<\/td>\n<\/tr>\n<tr>\n<td width=\"83\"><strong>\u00a0<\/strong><\/p>\n<p><strong>2<\/strong><\/td>\n<td width=\"256\">&nbsp;<\/p>\n<p>Nakon prihvatanja<\/td>\n<td width=\"438\">Operatori su obu\u010deni u odr\u017eavanju i radu kako bi osigurali svoju stru\u010dnost u osnovnim vje\u0161tinama.<\/td>\n<td width=\"168\">Besplatni ulaz<\/td>\n<\/tr>\n<tr>\n<td width=\"83\"><strong>\u00a0<\/strong><\/p>\n<p><strong>3<\/strong><\/td>\n<td width=\"256\">&nbsp;<\/p>\n<p>Redovni sistem povratka<\/td>\n<td width=\"438\">Redovne posjete klijentima svaka 3 mjeseca kako bi pa\u017eljivo slu\u0161ali predloge za upotrebu i pomogli u rje\u0161avanju problema.<\/td>\n<td width=\"168\">Besplatni ulaz<\/td>\n<\/tr>\n<tr>\n<td width=\"83\"><strong>\u00a0<\/strong><\/p>\n<p><strong>\u00a0<\/strong><\/p>\n<p><strong>4<\/strong><\/td>\n<td width=\"256\">&nbsp;<\/p>\n<p>Hitni kvar, usluga na licu mesta<\/td>\n<td width=\"438\">U slu\u010daju kvara opreme, odgovorite u roku od 1 sat nakon primitka obave\u0161tenja i po\u0161aljite profesionalno osoblje za odr\u017eavanje na mjesto u roku od 12 sati.<\/td>\n<td width=\"168\">&nbsp;<\/p>\n<p>Besplatni ulaz<\/td>\n<\/tr>\n<\/tbody>\n<\/table>\n<\/li>\n<\/ul>\n<\/li>\n<\/ul>\n<p>&nbsp;<\/p>\n<p>&nbsp;<\/li>\n<\/ol>\n<\/li>\n<\/ol>\n<\/li>\n<\/ul>\n<h2><span style=\"font-size: 14pt;\"><strong><b>\u00a0<\/b><\/strong><\/span><\/h2>\n<\/li>\n<\/ol>","protected":false},"excerpt":{"rendered":"<div data-page-id=\"TuRhfMi8qdz6R2cFsDacK0eJnlg\" data-lark-html-role=\"root\" data-docx-has-block-data=\"false\">\n<div class=\"ace-line ace-line old-record-id-XsvCfwGTzdHtjpc4jiBcxKa3nTc\">ZDL201, a 1.2t diesel LHD, is an underground transportation equipment designed for underground metal ore mining and transportation, suitable for operation in narrow tunnels, featuring high-performance international brand hydraulic system and durable heavy-duty drive axle.<\/div>\n<\/div>","protected":false},"featured_media":3153,"comment_status":"open","ping_status":"closed","template":"","meta":{"_acf_changed":false},"product_brand":[],"product_cat":[15],"product_tag":[],"class_list":{"0":"post-1854","1":"product","2":"type-product","3":"status-publish","4":"has-post-thumbnail","6":"product_cat-trackless-mining-equipment","8":"first","9":"instock","10":"shipping-taxable","11":"product-type-simple"},"acf":[],"_links":{"self":[{"href":"https:\/\/www.zongdamining.com\/bs\/wp-json\/wp\/v2\/product\/1854","targetHints":{"allow":["GET"]}}],"collection":[{"href":"https:\/\/www.zongdamining.com\/bs\/wp-json\/wp\/v2\/product"}],"about":[{"href":"https:\/\/www.zongdamining.com\/bs\/wp-json\/wp\/v2\/types\/product"}],"replies":[{"embeddable":true,"href":"https:\/\/www.zongdamining.com\/bs\/wp-json\/wp\/v2\/comments?post=1854"}],"wp:featuredmedia":[{"embeddable":true,"href":"https:\/\/www.zongdamining.com\/bs\/wp-json\/wp\/v2\/media\/3153"}],"wp:attachment":[{"href":"https:\/\/www.zongdamining.com\/bs\/wp-json\/wp\/v2\/media?parent=1854"}],"wp:term":[{"taxonomy":"product_brand","embeddable":true,"href":"https:\/\/www.zongdamining.com\/bs\/wp-json\/wp\/v2\/product_brand?post=1854"},{"taxonomy":"product_cat","embeddable":true,"href":"https:\/\/www.zongdamining.com\/bs\/wp-json\/wp\/v2\/product_cat?post=1854"},{"taxonomy":"product_tag","embeddable":true,"href":"https:\/\/www.zongdamining.com\/bs\/wp-json\/wp\/v2\/product_tag?post=1854"}],"curies":[{"name":"wp","href":"https:\/\/api.w.org\/{rel}","templated":true}]}}