{"id":2605,"date":"2025-08-27T16:42:57","date_gmt":"2025-08-27T08:42:57","guid":{"rendered":"https:\/\/www.zongdamining.com\/?post_type=product&#038;p=2605"},"modified":"2026-03-13T13:49:44","modified_gmt":"2026-03-13T05:49:44","slug":"zdru-10-personnel-carrier","status":"publish","type":"product","link":"https:\/\/www.zongdamining.com\/bs\/product\/zdru-10-personnel-carrier\/","title":{"rendered":"ZDRU-10 4WD podzemni prevoznik osoblja za sigurnost &#038; Efikasan podzemni rudnik"},"content":{"rendered":"<p><span style=\"font-family: 'arial black', sans-serif;\"><strong><b>ZDRU-10 putnik bez staze <\/b><\/strong><strong><b>kamion<\/b><\/strong><strong><b>\u00a0je bezpru\u017ena transportna oprema dizajnirana i proizvedena posebno za podzemne rudnike.<\/b><\/strong><\/span><\/p>\n<p>&nbsp;<\/p>\n<p><span style=\"font-family: arial, helvetica, sans-serif; font-size: 12pt;\">U <strong><b>ZDRU-10 prevoznik osoblja<\/b><\/strong>\u00a0pogonjen je dizel motorom, sa hidrauli\u010dnim mehani\u010dkim menja\u010dem, pogonom na \u010detiri kota\u010da, vo\u017enjom naprijed, hidrauli\u010dnim upravljanjem prednje osovine, velikim uglom upravljanja, fleksibilnim okretanjem i malim radijusom. Pogodan je za operacije na srednjim dijelovima ceste.<\/span><\/p>\n<p><span style=\"font-family: arial, helvetica, sans-serif; font-size: 12pt;\"><b><\/b><strong><b>\u00a0 \u00a0 \u00a01.Tehni\u010dke karakteristike<\/b><\/strong>:<\/span><\/p>\n<ul>\n<li><span style=\"font-family: arial, helvetica, sans-serif; font-size: 12pt;\"><strong><b>Sistem napajanja<\/b><\/strong>:Energetski sistem usvaja Yunnei National III vodom hla\u0111eni motor sa niskim zaga\u0111enjem;<\/span><\/li>\n<li><span style=\"font-family: arial, helvetica, sans-serif; font-size: 12pt;\"><strong><b>Transmisija<\/b><\/strong>:Sistem prenosa snage usvaja mjenja\u010d za menjanje snage, potpuno zatvorenu mokru ko\u010dnicu i gume za napuhavanje otporne na rezanje u uzorku rudarstva;<\/span><\/li>\n<li><span style=\"font-family: arial, helvetica, sans-serif; font-size: 12pt;\"><strong><b>Sistem ko\u010denja<\/b><\/strong>: Ko\u010dnica za vo\u017enju usvaja mokre hidrauli\u010dne ko\u010dnice sa vi\u0161e diskova; Parkira\u010dka ko\u010dnica usvaja ru\u010dni smjerni ventil za kontrolu ko\u010dnice na oprugu osovine, koja je sigurna i pouzdana;<\/span><\/li>\n<li><span style=\"font-family: arial, helvetica, sans-serif; font-size: 12pt;\"><strong><b>Okvir<\/b><\/strong>:Okvir je integralna struktura sa pouzdanim performansama;<\/span><\/li>\n<li><span style=\"font-family: arial, helvetica, sans-serif; font-size: 12pt;\">Usvajanje zatvorene kabine je sigurnije i udobnije.<\/span><\/li>\n<li><span style=\"font-family: arial, helvetica, sans-serif; font-size: 12pt;\">Usvajanje stra\u017enje orijentacije za jednostavan ulazak i izlazak osoblja, sa dobrom sigurno\u0161\u0107u.<\/span><\/li>\n<\/ul>\n<p>&nbsp;<\/p>\n<p><span style=\"font-family: arial, helvetica, sans-serif; font-size: 12pt;\"><b><\/b><strong><b>\u00a0 \u00a0 \u00a02.Sigurnosne mere<\/b><\/strong>:<\/span><\/p>\n<ul>\n<li><span style=\"font-family: arial, helvetica, sans-serif; font-size: 12pt;\"><b><\/b><strong><b>Bezbednosna oprema<\/b><\/strong>Operatori moraju nositi sigurnosne kacige, nositi ure\u0111aje za samospa\u0161avanje i koristiti rudarske lampe prilikom ulaska u bunar.<\/span><\/li>\n<li><span style=\"font-family: arial, helvetica, sans-serif; font-size: 12pt;\"><b><\/b><strong><b>Redovno odr\u017eavanje<\/b><\/strong>Redovne inspekcije i brzo rje\u0161avanje skrivenih opasnosti.<\/span><\/li>\n<li><span style=\"font-family: arial, helvetica, sans-serif; font-size: 12pt;\"><b><\/b><strong><b>Bez odr\u017eavanja tokom rada<\/b><\/strong>Strogo je zabranjeno odr\u017eavanje dok ma\u0161ina radi.<\/span><\/li>\n<li><span style=\"font-family: arial, helvetica, sans-serif; font-size: 12pt;\"><b><\/b><strong><b>Bezbednost tokom zavarivanja\/rezanja<\/b><\/strong>Potvrdite odsustvo zapaljivih ili eksplozivnih materijala prije odr\u017eavanja.<\/span><\/li>\n<li><span style=\"font-family: arial, helvetica, sans-serif; font-size: 12pt;\"><b><\/b><strong><b>Izpu\u0161ne cijevi mjere opreza<\/b><\/strong>Izbegavajte fizi\u010dki kontakt sa vru\u0107om izpu\u0161nom cijevi.<\/span><\/li>\n<li><span style=\"font-family: arial, helvetica, sans-serif; font-size: 12pt;\"><b><\/b><strong><b>Odr\u017eavanje hidrauli\u010dnog sistema<\/b><\/strong>Pritisak se mora ubla\u017eiti pre po\u010detka bilo kakvih popravki.<\/span><\/li>\n<\/ul>\n<p><span style=\"font-family: arial, helvetica, sans-serif; font-size: 12pt;\"><strong><b>Uslovi kori\u0161tenja za <\/b><\/strong><strong><b>ZDRU-10 prevoznik osoblja<\/b><\/strong><\/span><\/p>\n<p><span style=\"font-family: arial, helvetica, sans-serif; font-size: 12pt;\"><b><\/b><strong><b>\u00a0 \u00a0 \u00a01.Specifikacije tunela<\/b><\/strong>:<\/span><\/p>\n<ul>\n<li><span style=\"font-family: arial, helvetica, sans-serif; font-size: 12pt;\">Pogodan za tunele sa veli\u010dinom popre\u010dnog presjeka od <strong><b>5 metara (visina) \u00d7 <\/b><\/strong><strong><b>3<\/b><\/strong><strong><b>metara (\u0161irina) i iznad<\/b><\/strong>.<\/span><\/li>\n<li><span style=\"font-family: arial, helvetica, sans-serif; font-size: 12pt;\">Zahteva <strong><b>\u010dvrsta gornja plo\u010da<\/b><\/strong>.<\/span><\/li>\n<li><span style=\"font-family: arial, helvetica, sans-serif; font-size: 12pt;\">Minimalni radijus okretanja od <strong><b>\u2265<\/b><\/strong><strong><b>95<\/b><\/strong><strong><b>metara<\/b><\/strong>\u00a0napolju.<\/span><\/li>\n<li><span style=\"font-family: arial, helvetica, sans-serif; font-size: 12pt;\">Nagib puta treba da bude <strong><b>\u2264 14\u00b0<\/b><\/strong>.<\/span><\/li>\n<li><span style=\"font-family: arial, helvetica, sans-serif; font-size: 12pt;\">Adekvatno <strong><b>ventilacija i drena\u017ea<\/b><\/strong>na radnom mjestu.<\/span><\/li>\n<\/ul>\n<p><span style=\"font-family: arial, helvetica, sans-serif; font-size: 12pt;\"><b><\/b><strong><b>\u00a0 \u00a0 \u00a02.Faktori \u017eivotne sredine<\/b><\/strong>:<\/span><\/p>\n<ul>\n<li><span style=\"font-family: arial, helvetica, sans-serif; font-size: 12pt;\">Temperatura okoline unutar tunela: <strong><b>-5\u00b0C do 40\u00b0C<\/b><\/strong>.<\/span><\/li>\n<li><span style=\"font-family: arial, helvetica, sans-serif; font-size: 12pt;\">Maksimalna relativna vla\u017enost (na 25\u00b0C): <strong><b>Ne vi\u0161e od 85%<\/b><\/strong>.<\/span><\/li>\n<\/ul>\n<p><span style=\"font-family: arial, helvetica, sans-serif; font-size: 12pt;\"><b><\/b><strong><b>\u00a0 \u00a0 \u00a0 3.Zahtjevi za gorivom<\/b><\/strong>:<\/span><\/p>\n<ul>\n<li><span style=\"font-family: arial, helvetica, sans-serif; font-size: 12pt;\">Sadr\u017eaj sumpora goriva koje se koristi u ovoj ma\u0161ini mora <strong><b>ne prelazi 0,2%<\/b><\/strong>.<\/span><\/li>\n<\/ul>\n<p><span style=\"font-family: arial, helvetica, sans-serif; font-size: 12pt;\"><b><\/b><strong><b>\u00a0 \u00a0 \u00a0 4.Sigurnosne mjere opreza<\/b><\/strong>:<\/span><\/p>\n<ul>\n<li><span style=\"font-family: arial, helvetica, sans-serif; font-size: 12pt;\">Strogo <strong><b>zabranjeno<\/b><\/strong>na mjestima sa <strong><b>zapaljivi i eksplozivni gasovi<\/b><\/strong> (kao \u0161to su gas i pra\u0161ina od ugljena).<\/span><span style=\"font-family: arial, helvetica, sans-serif; font-size: 12pt;\"><strong style=\"font-size: 12pt;\"><b>1.1. Tehni\u010dki parametri cijele ma\u0161ine<\/b><\/strong><\/span><span style=\"font-family: arial, helvetica, sans-serif; font-size: 12pt;\"><strong><b>Nominalni kapacitet putnika: <\/b><\/strong>10 ljudi<\/span><span style=\"font-family: arial, helvetica, sans-serif; font-size: 12pt;\"><strong><b>Maksimalna brzina vo\u017enje u zup\u010daniku I: <\/b><\/strong>14 km\/h<\/span><span style=\"font-family: arial, helvetica, sans-serif; font-size: 12pt;\"><strong><b>Druga brzina:<\/b><\/strong>\u00a024 km\/h<\/span><span style=\"font-family: arial, helvetica, sans-serif; font-size: 12pt;\"><strong><b>Obrnuti zup\u010danik I: <\/b><\/strong>14 km\/h<\/span><span style=\"font-family: arial, helvetica, sans-serif; font-size: 12pt;\"><strong><b>Maksimalni kapacitet penjanja (te\u0161ko optere\u0107enje):<\/b><\/strong>14 \u00b0<\/span><span style=\"font-family: arial, helvetica, sans-serif; font-size: 12pt;\"><strong><b>Maksimalna vu\u010dna sila: <\/b><\/strong>42kN<\/span><span style=\"font-family: arial, helvetica, sans-serif; font-size: 12pt;\"><strong><b>Radius okretanja (spolja\u0161nja strana): <\/b><\/strong>7950 mm<\/span><span style=\"font-family: arial, helvetica, sans-serif; font-size: 12pt;\"><strong><b>Maksimalna visina cijele ma\u0161ine:<\/b><\/strong>2150 mm<\/span>\n<p><span style=\"font-family: arial, helvetica, sans-serif; font-size: 12pt;\"><strong><b>Ugao upravljanja:<\/b><\/strong>\u00b1 30 \u00b0<\/span><\/p>\n<p><span style=\"font-family: arial, helvetica, sans-serif; font-size: 12pt;\"><strong><b>Minimalna sloboda od povr\u0161ine:<\/b><\/strong>\u00a0240 mm<\/span><\/p>\n<p><span style=\"font-family: arial, helvetica, sans-serif; font-size: 12pt;\"><strong><b>Vanjske dimenzije (du\u017eina \u00d7 \u0161irina \u00d7 visina:<\/b><\/strong>5000 mm x 900 mm x 2150 mm<\/span><\/p>\n<p><span style=\"font-family: arial, helvetica, sans-serif; font-size: 12pt;\"><strong><b>Radna te\u017eina cijele ma\u0161ine:<\/b><\/strong>4950Kg<\/span><\/p>\n<h3><span style=\"font-family: arial, helvetica, sans-serif; font-size: 12pt;\"><strong><b>\u00a0<\/b><\/strong><\/span><\/h3>\n<h3><span style=\"font-family: arial, helvetica, sans-serif; font-size: 12pt;\"><strong><b>1.2. Motor<\/b><\/strong><\/span><\/h3>\n<p><span style=\"font-family: arial, helvetica, sans-serif; font-size: 12pt;\"><strong><b>Marka<\/b><\/strong><strong><b>\u00a0<\/b><\/strong><strong><b>: <\/b><\/strong>Cummins motor sa niskim zaga\u0111enjem<\/span><\/p>\n<p><span style=\"font-family: arial, helvetica, sans-serif; font-size: 12pt;\"><strong><b>Tip<\/b><\/strong><strong><b>: <\/b><\/strong>Dizel motor hla\u0111en vodom<\/span><\/p>\n<p><span style=\"font-family: arial, helvetica, sans-serif; font-size: 12pt;\"><strong><b>Nazivna snaga <\/b><\/strong><strong><b>:<\/b><\/strong>81KW\/2200rpm, 480Nm@1600<\/span><\/p>\n<p><span style=\"font-family: arial, helvetica, sans-serif; font-size: 12pt;\"><strong><b>Izpu\u0161ne emisije<\/b><\/strong><strong><b>:<\/b><\/strong>\u00a0DOC DPF (kineska nacionalna faza III)<\/span><\/p>\n<p><span style=\"font-family: arial, helvetica, sans-serif; font-size: 12pt;\"><strong><b>Metoda po\u010detka:<\/b><\/strong><strong><b>\u00a0<\/b><\/strong>Elektri\u010dni start<\/span><\/p>\n<p><span style=\"font-family: arial, helvetica, sans-serif; font-size: 12pt;\"><strong><b>Kontrola ubrzava\u010da:<\/b><\/strong><strong><b>\u00a0<\/b><\/strong>Elektronski kontroler gasa<\/span><\/p>\n<h3><span style=\"font-family: arial, helvetica, sans-serif; font-size: 12pt;\"><strong><b>\u00a0<\/b><\/strong><\/span><\/h3>\n<h3><span style=\"font-family: arial, helvetica, sans-serif; font-size: 12pt;\"><strong><b>1.3. Sistem prijenosa<\/b><\/strong><\/span><\/h3>\n<p><span style=\"font-family: arial, helvetica, sans-serif; font-size: 12pt;\"><strong><b>Model prijenosa: <\/b><\/strong>ZL15 YJ280<\/span><\/p>\n<p><span style=\"font-family: arial, helvetica, sans-serif; font-size: 12pt;\"><strong><b>Model pogonske osovine: <\/b><\/strong><\/span><\/p>\n<p><span style=\"font-family: arial, helvetica, sans-serif; font-size: 12pt;\">Frone osovina: DANA 211, hidrauli\u010dna ko\u010dnica, instalacija plo\u010de opruge<\/span><\/p>\n<p><span style=\"font-family: arial, helvetica, sans-serif; font-size: 12pt;\">Stra\u017enja osovina: DANA 111, integrisana ko\u010dnica za vo\u017enju i parkiranje i instalacija plo\u010de<\/span><\/p>\n<p><span style=\"font-family: arial, helvetica, sans-serif; font-size: 12pt;\"><strong><b>Ukupni omjer brzine:<\/b><\/strong>13.646<\/span><\/p>\n<p><span style=\"font-family: arial, helvetica, sans-serif; font-size: 12pt;\"><strong><b>Gume:<\/b><\/strong><strong><b>\u00a0<\/b><\/strong>Gume za napuhavanje<\/span><\/p>\n<h3><span style=\"font-family: arial, helvetica, sans-serif; font-size: 12pt;\"><strong><b>1.4. Sistem ko\u010denja<\/b><\/strong><\/span><\/h3>\n<p><span style=\"font-family: arial, helvetica, sans-serif; font-size: 12pt;\"><strong><b>Ko\u010dnica pumpa:<\/b><\/strong><strong><b>\u00a0<\/b><\/strong>CBGJ2016\/2016, pomeranje: 16ml\/r<\/span><\/p>\n<p><span style=\"font-family: arial, helvetica, sans-serif; font-size: 12pt;\"><strong><b>Maksimalni pritisak ko\u010dnog sistema:<\/b><\/strong>10,3 MPa<\/span><\/p>\n<p><span style=\"font-family: arial, helvetica, sans-serif; font-size: 12pt;\"><strong><b>Ko\u010dnica za vo\u017enju: <\/b><\/strong>Mokra ko\u010dnica sa vi\u0161e diskova<\/span><\/p>\n<p><span style=\"font-family: arial, helvetica, sans-serif; font-size: 12pt;\"><strong><b>Model ko\u010dni\u010dnog ventila: <\/b><\/strong>MICO GL801-244-069<\/span><\/p>\n<p><span style=\"font-family: arial, helvetica, sans-serif; font-size: 12pt;\"><strong><b>Ko\u010dnini pritisak:<\/b><\/strong><strong><b>\u00a0\u00a0<\/b><\/strong>53 bar<\/span><\/p>\n<p><span style=\"font-family: arial, helvetica, sans-serif; font-size: 12pt;\"><strong><b>Hitno ko\u010denje i ko\u010denje parkiranja<\/b><\/strong><strong><b>:<\/b><\/strong>\u00a0\u00a0Ko\u010dnice sa pru\u017enom ko\u010dnicom za stra\u017enju osovinu;<\/span><\/p>\n<p><span style=\"font-family: arial, helvetica, sans-serif; font-size: 12pt;\">Performanse ko\u010dnog sistema ispunjavaju standarde EN ISO 3450, AS2958.1 i SABS 1589.<\/span><\/p>\n<p><span style=\"font-family: arial, helvetica, sans-serif; font-size: 12pt;\"><strong><b>Pritisak osloba\u0111anja: <\/b><\/strong>\u00a020 bara<\/span><\/p>\n<h3><span style=\"font-family: arial, helvetica, sans-serif; font-size: 12pt;\"><strong><b>\u00a0<\/b><\/strong><\/span><\/h3>\n<h3><span style=\"font-family: arial, helvetica, sans-serif; font-size: 12pt;\"><strong><b>1.5. Sistem upravljanja<\/b><\/strong><\/span><\/h3>\n<\/li>\n<\/ul>\n<h3><b><\/b><strong style=\"font-family: arial, helvetica, sans-serif; font-size: 12pt;\"><b>\u00a0 \u00a0 \u00a0 \u00a0 \u00a0Tip: <\/b><\/strong><span style=\"font-family: arial, helvetica, sans-serif; font-size: 12pt;\">Hidrauli\u010dko upravljanje prednjih kota\u010da<\/span><\/h3>\n<p><span style=\"font-family: arial, helvetica, sans-serif; font-size: 12pt;\"><strong><b>\u00a0 \u00a0 \u00a0 \u00a0 \u00a0Pumpa za upravljanje: <\/b><\/strong>CBGJ2016\/2016<\/span><\/p>\n<p><span style=\"font-family: arial, helvetica, sans-serif; font-size: 12pt;\"><strong><b>\u00a0 \u00a0 \u00a0 \u00a0 \u00a0Raspored:<\/b><\/strong> 16ml\/r<\/span><\/p>\n<p><strong style=\"font-family: arial, helvetica, sans-serif; font-size: 12pt;\"><b>\u00a0 \u00a0 \u00a0 \u00a0 \u00a0Maksimalni pritisak sistema upravljanja:<\/b><\/strong><span style=\"font-family: arial, helvetica, sans-serif; font-size: 12pt;\">8 MPa<\/span><\/p>\n<p><span style=\"font-family: arial, helvetica, sans-serif; font-size: 12pt;\"><strong><b>\u00a0 \u00a0 \u00a0 \u00a0 \u00a0Upravljanje:<\/b><\/strong><strong><b>\u00a0<\/b><\/strong>BZZ1-E125<\/span><\/p>\n<p><span style=\"font-family: arial, helvetica, sans-serif; font-size: 12pt;\"><strong><b>\u00a0 \u00a0 \u00a0 \u00a0 \u00a0Jedan stabilan ventil: <\/b><\/strong>FLD-F9.5W<\/span><\/p>\n<p><strong style=\"font-family: arial, helvetica, sans-serif; font-size: 12pt;\"><b>\u00a0 \u00a0 \u00a0 \u00a0 \u00a0Promjer cilindra upravljanja\/promjer \u0161ipke \u00d7 Broj cilindra: <\/b><\/strong><span style=\"font-family: arial, helvetica, sans-serif; font-size: 12pt;\">\u03c6 55\/ \u03c6 45 mm<\/span><\/p>\n<h3><span style=\"font-family: arial, helvetica, sans-serif; font-size: 12pt;\"><strong><b>\u00a0<\/b><\/strong><\/span><\/h3>\n<h3><span style=\"font-family: arial, helvetica, sans-serif; font-size: 12pt;\"><strong><b>\u00a0 \u00a0 \u00a0 \u00a0 \u00a01.6. Elektri\u010dni sistem<\/b><\/strong><\/span><\/h3>\n<p><span style=\"font-family: arial, helvetica, sans-serif; font-size: 12pt;\"><strong><b>\u00a0 \u00a0 \u00a0 \u00a0 \u00a0Napon sistema:<\/b><\/strong>24V DC<\/span><\/p>\n<p><span style=\"font-family: arial, helvetica, sans-serif; font-size: 12pt;\"><strong><b>\u00a0 \u00a0 \u00a0 \u00a0 \u00a0Napon\/snaga pokretanja motora:<\/b><\/strong>\u00a024V\/4.5kW<\/span><\/p>\n<p><span style=\"font-family: arial, helvetica, sans-serif; font-size: 12pt;\"><strong><b>\u00a0 \u00a0 \u00a0 \u00a0 \u00a0 Osvetljenje: <\/b><\/strong>\u00a02 prednja svjetla, 2 \u00d7 24W, 24V<\/span><\/p>\n<p><span style=\"font-family: arial, helvetica, sans-serif; font-size: 12pt;\">\u00a0 \u00a0 \u00a0 \u00a0 \u00a0 \u00a0 \u00a0 \u00a0 \u00a0 \u00a0 \u00a0 \u00a0 \u00a0 \u00a0Dva prednja svjetla, dva \u00d7 18W, 24V<\/span><\/p>\n<p><span style=\"font-family: arial, helvetica, sans-serif; font-size: 12pt;\">\u00a0 \u00a0 \u00a0 \u00a0 \u00a0 \u00a0 \u00a0 \u00a0 \u00a0 \u00a0 \u00a0 \u00a0 \u00a0 \u00a02 stra\u017enja svjetla, 2 \u00d7 24W, 24V<\/span><\/p>\n<p><span style=\"font-family: arial, helvetica, sans-serif; font-size: 12pt;\">\u00a0 \u00a0 \u00a0 \u00a0 \u00a0 \u00a0 \u00a0 \u00a0 \u00a0 \u00a0 \u00a0 \u00a0 \u00a0 \u00a02 rudarska signalna svjetla, 24V, 1 stropno svjetlo kabine, 24V<\/span><\/p>\n<h3><span style=\"font-family: arial, helvetica, sans-serif; font-size: 12pt;\"><strong><b>\u00a0<\/b><\/strong><\/span><\/h3>\n<h3><span style=\"font-family: arial, helvetica, sans-serif; font-size: 12pt;\"><strong><b>\u00a0 \u00a0 \u00a0 \u00a0 \u00a0 1.7. Kapacitet rezervoara za gorivo<\/b><\/strong><\/span><\/h3>\n<p><span style=\"font-family: arial, helvetica, sans-serif; font-size: 12pt;\"><strong><b>\u00a0 \u00a0 \u00a0 \u00a0 \u00a0 \u00a0Hidrauli\u010dki rezervoar za ulje:<\/b><\/strong>90 L<\/span><\/p>\n<p><span style=\"font-family: arial, helvetica, sans-serif; font-size: 12pt;\"><strong><b>\u00a0 \u00a0 \u00a0 \u00a0 \u00a0 \u00a0Rezervoar za gorivo:<\/b><\/strong>110 L<\/span><\/p>\n<p><span style=\"font-family: arial, helvetica, sans-serif; font-size: 12pt;\"><strong><b>\u00a0 \u00a0 \u00a0 \u00a0 \u00a0 Prijenos:<\/b><\/strong> 25 L<\/span><\/p>\n<p><strong style=\"font-family: arial, helvetica, sans-serif; font-size: 12pt;\"><b>\u00a0 \u00a0 \u00a0 \u00a0 \u00a0 \u00a0Glavni dio prenosa pogonske osovine:<\/b><\/strong><span style=\"font-family: arial, helvetica, sans-serif; font-size: 12pt;\">5L \u00d7 dva<\/span><\/p>\n<p><span style=\"font-family: arial, helvetica, sans-serif; font-size: 12pt;\"><strong><b>\u00a0 \u00a0 \u00a0 \u00a0 \u00a0 \u00a0Dio smanjenja kota\u010da pogonske osovine:<\/b><\/strong>0,4 L \u00d7 \u010detiri<\/span><\/p>\n<p><span style=\"font-family: arial, helvetica, sans-serif; font-size: 12pt;\"><strong><b>\u00a0 \u00a0 \u00a0 \u00a0 \u00a0 \u00a0Ulje za mazanje motora:<\/b><\/strong>7.7L<\/span><\/p>\n<p>&nbsp;<\/p>\n<p><img fetchpriority=\"high\" decoding=\"async\" class=\"aligncenter size-full wp-image-3279\" src=\"http:\/\/www.zongdamining.com\/wp-content\/uploads\/2025\/08\/168ba31f53261dd4c26ee7be0559fd82_compress-2.jpg\" alt=\"Zru - 10\" width=\"1920\" height=\"1080\" srcset=\"https:\/\/www.zongdamining.com\/wp-content\/uploads\/2025\/08\/168ba31f53261dd4c26ee7be0559fd82_compress-2.jpg 1920w, https:\/\/www.zongdamining.com\/wp-content\/uploads\/2025\/08\/168ba31f53261dd4c26ee7be0559fd82_compress-2-300x169.jpg 300w, https:\/\/www.zongdamining.com\/wp-content\/uploads\/2025\/08\/168ba31f53261dd4c26ee7be0559fd82_compress-2-1024x576.jpg 1024w, https:\/\/www.zongdamining.com\/wp-content\/uploads\/2025\/08\/168ba31f53261dd4c26ee7be0559fd82_compress-2-768x432.jpg 768w, https:\/\/www.zongdamining.com\/wp-content\/uploads\/2025\/08\/168ba31f53261dd4c26ee7be0559fd82_compress-2-1536x864.jpg 1536w, https:\/\/www.zongdamining.com\/wp-content\/uploads\/2025\/08\/168ba31f53261dd4c26ee7be0559fd82_compress-2-18x10.jpg 18w, https:\/\/www.zongdamining.com\/wp-content\/uploads\/2025\/08\/168ba31f53261dd4c26ee7be0559fd82_compress-2-600x338.jpg 600w\" sizes=\"(max-width: 1920px) 100vw, 1920px\" \/><\/p>\n<p>&nbsp;<\/p>","protected":false},"excerpt":{"rendered":"<p><span style=\"font-family: arial, helvetica, sans-serif; font-size: 12pt;\">U <strong><b>ZDRU-10 prevoznik osoblja<\/b><\/strong>\u00a0pogonjen je dizel motorom, sa hidrauli\u010dnim mehani\u010dkim menja\u010dem, pogonom na \u010detiri kota\u010da, vo\u017enjom naprijed, hidrauli\u010dnim upravljanjem prednje osovine, velikim uglom upravljanja, fleksibilnim okretanjem i malim radijusom. Pogodan je za operacije na srednjim dijelovima ceste.<\/span><\/p>","protected":false},"featured_media":3098,"comment_status":"closed","ping_status":"closed","template":"","meta":{"_acf_changed":false},"product_brand":[],"product_cat":[15],"product_tag":[],"class_list":{"0":"post-2605","1":"product","2":"type-product","3":"status-publish","4":"has-post-thumbnail","6":"product_cat-trackless-mining-equipment","8":"first","9":"instock","10":"shipping-taxable","11":"product-type-simple"},"acf":[],"_links":{"self":[{"href":"https:\/\/www.zongdamining.com\/bs\/wp-json\/wp\/v2\/product\/2605","targetHints":{"allow":["GET"]}}],"collection":[{"href":"https:\/\/www.zongdamining.com\/bs\/wp-json\/wp\/v2\/product"}],"about":[{"href":"https:\/\/www.zongdamining.com\/bs\/wp-json\/wp\/v2\/types\/product"}],"replies":[{"embeddable":true,"href":"https:\/\/www.zongdamining.com\/bs\/wp-json\/wp\/v2\/comments?post=2605"}],"wp:featuredmedia":[{"embeddable":true,"href":"https:\/\/www.zongdamining.com\/bs\/wp-json\/wp\/v2\/media\/3098"}],"wp:attachment":[{"href":"https:\/\/www.zongdamining.com\/bs\/wp-json\/wp\/v2\/media?parent=2605"}],"wp:term":[{"taxonomy":"product_brand","embeddable":true,"href":"https:\/\/www.zongdamining.com\/bs\/wp-json\/wp\/v2\/product_brand?post=2605"},{"taxonomy":"product_cat","embeddable":true,"href":"https:\/\/www.zongdamining.com\/bs\/wp-json\/wp\/v2\/product_cat?post=2605"},{"taxonomy":"product_tag","embeddable":true,"href":"https:\/\/www.zongdamining.com\/bs\/wp-json\/wp\/v2\/product_tag?post=2605"}],"curies":[{"name":"wp","href":"https:\/\/api.w.org\/{rel}","templated":true}]}}