{"id":2612,"date":"2025-08-29T10:06:03","date_gmt":"2025-08-29T02:06:03","guid":{"rendered":"https:\/\/www.zongdamining.com\/?post_type=product&#038;p=2612"},"modified":"2026-01-27T13:46:32","modified_gmt":"2026-01-27T05:46:32","slug":"zdl203n-underground-loader","status":"publish","type":"product","link":"https:\/\/www.zongdamining.com\/bs\/product\/zdl203n-underground-loader\/","title":{"rendered":"ZDL203N podzemni utovara\u010d za podzemni rudnik"},"content":{"rendered":"<p><span style=\"font-family: 'arial black', sans-serif;\"><strong><b>ZDL203N podzemni utovara\u010d: pobolj\u0161anje efikasnosti rudarstva bez staze<\/b><\/strong><\/span><\/p>\n<p><img fetchpriority=\"high\" decoding=\"async\" class=\"aligncenter wp-image-2613\" src=\"http:\/\/www.zongdamining.com\/wp-content\/uploads\/2025\/08\/\u56fe\u72472-1.png\" alt=\"\" width=\"593\" height=\"334\" srcset=\"https:\/\/www.zongdamining.com\/wp-content\/uploads\/2025\/08\/\u56fe\u72472-1.png 1489w, https:\/\/www.zongdamining.com\/wp-content\/uploads\/2025\/08\/\u56fe\u72472-1-300x169.png 300w, https:\/\/www.zongdamining.com\/wp-content\/uploads\/2025\/08\/\u56fe\u72472-1-1024x577.png 1024w, https:\/\/www.zongdamining.com\/wp-content\/uploads\/2025\/08\/\u56fe\u72472-1-768x433.png 768w, https:\/\/www.zongdamining.com\/wp-content\/uploads\/2025\/08\/\u56fe\u72472-1-600x338.png 600w\" sizes=\"(max-width: 593px) 100vw, 593px\" \/><\/p>\n<p><span style=\"font-family: arial, helvetica, sans-serif;\">U <strong><b>ZDL203N podzemni utovara\u010d<\/b><\/strong>\u00a0je namijenjen podzemnim rudnicima, posebno dizajniran za pobolj\u0161anje operativne efikasnosti u kombinaciji sa rudarskim kamionima tokom kopanja i rudarskih operacija. Evo njegovih klju\u010dnih karakteristika:<\/span><\/p>\n<p><span style=\"font-family: arial, helvetica, sans-serif;\"><strong><b>\u00a0 \u00a0 \u00a01.Tehni\u010dke karakteristike<\/b><\/strong>:<\/span><\/p>\n<ul>\n<li><span style=\"font-family: arial, helvetica, sans-serif;\"><b><\/b><strong><b>Sistem napajanja<\/b><\/strong>Opremljen Deutz vazduhom hla\u0111enim motorom.<\/span><\/li>\n<li><span style=\"font-family: arial, helvetica, sans-serif;\"><b><\/b><strong><b>Transmisija<\/b><\/strong>Koristi menja\u010d i pretvara\u010d obrtnog momenta.<\/span><\/li>\n<li><span style=\"font-family: arial, helvetica, sans-serif;\"><b><\/b><strong><b>Sistem ko\u010denja<\/b><\/strong>:<\/span><\/li>\n<\/ul>\n<p style=\"padding-left: 120px;\"><span style=\"font-family: arial, helvetica, sans-serif;\"><b><\/b><strong><b>Vo\u017enja ko\u010dnica<\/b><\/strong>Mokra pru\u017ena ko\u010dnica sa vi\u0161e diskova sa hidrauli\u010dnim osloba\u0111anjem.<\/span><\/p>\n<p style=\"padding-left: 120px;\"><span style=\"font-family: arial, helvetica, sans-serif;\"><b><\/b><strong><b>Parkira\u010dka ko\u010dnica<\/b><\/strong>Proru\u017ena ko\u010dnica na pogonskoj osovini.<\/span><\/p>\n<ul>\n<li><span style=\"font-family: arial, helvetica, sans-serif;\"><b><\/b><strong><b>Okvir<\/b><\/strong>Centralno \u0161arkirana struktura za pobolj\u0161ane performanse adhezije.<\/span><\/li>\n<li><span style=\"font-family: arial, helvetica, sans-serif;\"><b><\/b><strong><b>Upravljanje<\/b><\/strong>Hidrauli\u010dki servo upravlja\u010d sa jednim cilindrom upravlja\u010da.<\/span><\/li>\n<\/ul>\n<p><span style=\"font-family: arial, helvetica, sans-serif;\"><strong><b>\u00a0 \u00a0 \u00a02.Najva\u017enije performanse<\/b><\/strong>:<\/span><\/p>\n<ul>\n<li><span style=\"font-family: arial, helvetica, sans-serif;\"><b><\/b><strong><b>Dizel motor<\/b><\/strong>Pogonjen pouzdanim dizel motorom.<\/span><\/li>\n<li><span style=\"font-family: arial, helvetica, sans-serif;\"><b><\/b><strong><b>Pogon na \u010detiri kota\u010da<\/b><\/strong>Osigurava privla\u010dnost i manevrnost.<\/span><\/li>\n<li><span style=\"font-family: arial, helvetica, sans-serif;\"><b><\/b><strong><b>Bo\u010dna vo\u017enja<\/b><\/strong>Omogu\u0107ava fleksibilnost u uskim prostorima.<\/span><\/li>\n<li><span style=\"font-family: arial, helvetica, sans-serif;\"><b><\/b><strong><b>Centralno zglobno hidrauli\u010dno upravljanje<\/b><\/strong>Veliki ugao upravljanja za preciznu kontrolu.<\/span><\/li>\n<li><span style=\"font-family: arial, helvetica, sans-serif;\"><b><\/b><strong><b>Mali radius okretanja<\/b><\/strong>Idealan za operacije srednjeg dijela tunela.<\/span><\/li>\n<\/ul>\n<p><span style=\"font-family: arial, helvetica, sans-serif;\"><b><\/b><strong><b>\u00a0 \u00a0 \u00a03.Sigurnosne mere<\/b><\/strong>:<\/span><\/p>\n<ul>\n<li><span style=\"font-family: arial, helvetica, sans-serif;\"><b><\/b><strong><b>Bezbednosna oprema<\/b><\/strong>Operatori moraju nositi sigurnosne kacige, nositi ure\u0111aje za samospa\u0161avanje i koristiti rudarske lampe prilikom ulaska u bunar.<\/span><\/li>\n<li><span style=\"font-family: arial, helvetica, sans-serif;\"><b><\/b><strong><b>Redovno odr\u017eavanje<\/b><\/strong>Redovne inspekcije i brzo rje\u0161avanje skrivenih opasnosti.<\/span><\/li>\n<li><span style=\"font-family: arial, helvetica, sans-serif;\"><b><\/b><strong><b>Bez odr\u017eavanja tokom rada<\/b><\/strong>Strogo je zabranjeno odr\u017eavanje dok ma\u0161ina radi.<\/span><\/li>\n<li><span style=\"font-family: arial, helvetica, sans-serif;\"><b><\/b><strong><b>Bezbednost tokom zavarivanja\/rezanja<\/b><\/strong>Potvrdite odsustvo zapaljivih ili eksplozivnih materijala prije odr\u017eavanja.<\/span><\/li>\n<li><span style=\"font-family: arial, helvetica, sans-serif;\"><b><\/b><strong><b>Izpu\u0161ne cijevi mjere opreza<\/b><\/strong>Izbegavajte fizi\u010dki kontakt sa vru\u0107om izpu\u0161nom cijevi.<\/span><\/li>\n<li><span style=\"font-family: arial, helvetica, sans-serif;\"><b><\/b><strong><b>Odr\u017eavanje hidrauli\u010dnog sistema<\/b><\/strong>Pritisak se mora ubla\u017eiti pre po\u010detka bilo kakvih popravki.<\/span><\/li>\n<\/ul>\n<p><span style=\"font-family: arial, helvetica, sans-serif;\">ZDL203N utovara\u010d igra klju\u010dnu ulogu u postizanju efikasnih i sigurnih bezstaznih rudarskih operacija.<\/span><\/p>\n<p>&nbsp;<\/p>\n<p>&nbsp;<\/p>\n<p><span style=\"font-family: arial, helvetica, sans-serif;\"><strong><b>Uslovi kori\u0161tenja podzemnog utovara\u010da ZDL203N<\/b><\/strong><\/span><\/p>\n<p><span style=\"font-family: arial, helvetica, sans-serif;\"><b><\/b><strong><b>\u00a0 \u00a0 \u00a01.Specifikacije tunela<\/b><\/strong>:<\/span><\/p>\n<ul>\n<li><span style=\"font-family: arial, helvetica, sans-serif;\">Pogodan za tunele sa veli\u010dinom popre\u010dnog presjeka od <strong><b>5 metara (visina) \u00d7 2,5 metara (\u0161irina) i vi\u0161e<\/b><\/strong>.<\/span><\/li>\n<li><span style=\"font-family: arial, helvetica, sans-serif;\">Zahteva <strong><b>\u010dvrsta gornja plo\u010da<\/b><\/strong>.<\/span><\/li>\n<li><span style=\"font-family: arial, helvetica, sans-serif;\">Minimalni radijus okretanja od <strong><b>\u2265 4,3 metara<\/b><\/strong>napolju.<\/span><\/li>\n<li><span style=\"font-family: arial, helvetica, sans-serif;\">Nagib puta treba da bude <strong><b>\u2264 14\u00b0<\/b><\/strong>.<\/span><\/li>\n<li><span style=\"font-family: arial, helvetica, sans-serif;\">Adekvatno <strong><b>ventilacija i drena\u017ea<\/b><\/strong>na radnom mjestu.<\/span><b><\/b><\/li>\n<\/ul>\n<p><span style=\"font-family: arial, helvetica, sans-serif;\"><strong><b>\u00a0 \u00a0 \u00a02.Faktori \u017eivotne sredine<\/b><\/strong>:<\/span><\/p>\n<ul>\n<li><span style=\"font-family: arial, helvetica, sans-serif;\">Temperatura okoline unutar tunela: <strong><b>-5\u00b0C do 40\u00b0C<\/b><\/strong>.<\/span><\/li>\n<li><span style=\"font-family: arial, helvetica, sans-serif;\">Maksimalna relativna vla\u017enost (na 25\u00b0C): <strong><b>Ne vi\u0161e od 85%<\/b><\/strong>.<\/span><\/li>\n<li><span style=\"font-family: arial, helvetica, sans-serif;\">Visina lokacije upotrebe: <strong><b>Ne ve\u0107i od 1000 metara<\/b><\/strong>.<\/span><\/li>\n<li><span style=\"font-family: arial, helvetica, sans-serif;\">Na visokim visinama (iznad 1000 metara), <strong><b>smanjenje snage<\/b><\/strong>potrebno je za operaciju.<\/span><b><\/b><\/li>\n<\/ul>\n<p><span style=\"font-family: arial, helvetica, sans-serif;\"><strong><b>\u00a0 \u00a0 \u00a03.Zahtjevi za gorivom<\/b><\/strong>:<\/span><\/p>\n<ul>\n<li><span style=\"font-family: arial, helvetica, sans-serif;\">Sadr\u017eaj sumpora goriva koje se koristi u ovoj ma\u0161ini mora <strong><b>ne prelazi 0,2%<\/b><\/strong>.<\/span><b><\/b><\/li>\n<\/ul>\n<p><span style=\"font-family: arial, helvetica, sans-serif;\"><strong><b>\u00a0 \u00a0 \u00a04.Sigurnosne mjere opreza<\/b><\/strong>:<\/span><\/p>\n<ul>\n<li><span style=\"font-family: arial, helvetica, sans-serif;\">Strogo <strong><b>zabranjeno<\/b><\/strong>na mjestima sa <strong><b>zapaljivi i eksplozivni gasovi<\/b><\/strong>\u00a0(kao \u0161to su gas i pra\u0161ina od ugljena).<\/span><\/li>\n<\/ul>\n<p><span style=\"font-family: arial, helvetica, sans-serif;\">\u00a0 \u00a0 \u00a0 \u00a0 \u00a0Osigurati uskla\u0111enost sa ovim uslovima za sigurno i efikasno rad podzemnog utovara\u010da ZDL203N.<\/span><\/p>\n<p><span style=\"font-family: arial, helvetica, sans-serif; font-size: 12pt;\"><strong>ZDL203N Podzemni utovara\u010d: Tehni\u010dke specifikacije<\/strong><\/span><\/p>\n<p><img decoding=\"async\" class=\"wp-image-2615 alignleft\" src=\"http:\/\/www.zongdamining.com\/wp-content\/uploads\/2025\/08\/\u56fe\u72474-1.png\" alt=\"\" width=\"543\" height=\"502\" srcset=\"https:\/\/www.zongdamining.com\/wp-content\/uploads\/2025\/08\/\u56fe\u72474-1.png 955w, https:\/\/www.zongdamining.com\/wp-content\/uploads\/2025\/08\/\u56fe\u72474-1-300x277.png 300w, https:\/\/www.zongdamining.com\/wp-content\/uploads\/2025\/08\/\u56fe\u72474-1-768x710.png 768w, https:\/\/www.zongdamining.com\/wp-content\/uploads\/2025\/08\/\u56fe\u72474-1-600x555.png 600w\" sizes=\"(max-width: 543px) 100vw, 543px\" \/><\/p>\n<p>&nbsp;<\/p>\n<h3 style=\"padding-left: 760px;\"><span style=\"font-family: arial, helvetica, sans-serif;\"><strong><b>1. Ukupne dimenzije<\/b><\/strong><\/span><\/h3>\n<p style=\"padding-left: 760px;\"><span style=\"font-family: arial, helvetica, sans-serif;\"><strong>Nazivno optere\u0107enje<\/strong>: 3000 kg<\/span><\/p>\n<p style=\"padding-left: 760px;\"><span style=\"font-family: arial, helvetica, sans-serif;\"><strong>Ukupna du\u017eina<\/strong>: 7090 mm<\/span><\/p>\n<p style=\"padding-left: 760px;\"><span style=\"font-family: arial, helvetica, sans-serif;\"><strong>Cijela \u0161irina ma\u0161ine<\/strong>: 1580 mm<\/span><\/p>\n<p style=\"padding-left: 760px;\"><span style=\"font-family: arial, helvetica, sans-serif;\"><strong>Ukupna visina (uklju\u010duju\u0107i voza\u010dku kabinu)<\/strong>: 1830-1970 mmaprilagodljiv<\/span><\/p>\n<p style=\"padding-left: 760px;\"><span style=\"font-family: arial, helvetica, sans-serif;\"><strong>Kapacitet kante (SAE)<\/strong>: 1.5 m\u00b3<\/span><\/p>\n<p style=\"padding-left: 760px;\"><span style=\"font-family: arial, helvetica, sans-serif;\"><strong>Ugao isklju\u010divanja<\/strong>: 40\u00b0<\/span><\/p>\n<p style=\"padding-left: 760px;\"><span style=\"font-family: arial, helvetica, sans-serif;\"><strong>Podloga kota\u010da<\/strong>: 2395mm<\/span><\/p>\n<p style=\"padding-left: 760px;\"><span style=\"font-family: arial, helvetica, sans-serif;\"><strong>Minimalna sloboda od zemlje<\/strong>: \u2265 190 mm<\/span><\/p>\n<p style=\"padding-left: 760px;\"><span style=\"font-family: arial, helvetica, sans-serif;\"><strong>Ugao odlaska<\/strong>: 14\u00b0<\/span><\/p>\n<h3 style=\"padding-left: 760px;\"><span style=\"font-family: arial, helvetica, sans-serif;\"><strong><b>2. Te\u017eina ma\u0161ine<\/b><\/strong><\/span><\/h3>\n<p style=\"padding-left: 760px;\"><span style=\"font-family: arial, helvetica, sans-serif;\"><strong>Prazna te\u017eina<\/strong>: 10,800 kg \u00b1 300 kg<\/span><\/p>\n<p style=\"padding-left: 760px;\"><span style=\"font-family: arial, helvetica, sans-serif;\"><strong>Puna te\u017eina optere\u0107enja<\/strong>: 13,800 kg \u00b1 300 kg<\/span><\/p>\n<h3><strong><b>Tehni\u010dki crte\u017e i dimenzije:<\/b><\/strong><\/h3>\n<h3><span style=\"font-family: arial, helvetica, sans-serif;\">3. <strong><b>Operativni kapacitet<img decoding=\"async\" class=\"wp-image-2674 alignright\" src=\"http:\/\/www.zongdamining.com\/wp-content\/uploads\/2025\/08\/350A6831-\u62f7\u8d1d-scaled.jpg\" alt=\"\" width=\"545\" height=\"545\" srcset=\"https:\/\/www.zongdamining.com\/wp-content\/uploads\/2025\/08\/350A6831-\u62f7\u8d1d-scaled.jpg 2560w, https:\/\/www.zongdamining.com\/wp-content\/uploads\/2025\/08\/350A6831-\u62f7\u8d1d-300x300.jpg 300w, https:\/\/www.zongdamining.com\/wp-content\/uploads\/2025\/08\/350A6831-\u62f7\u8d1d-1024x1024.jpg 1024w, https:\/\/www.zongdamining.com\/wp-content\/uploads\/2025\/08\/350A6831-\u62f7\u8d1d-150x150.jpg 150w, https:\/\/www.zongdamining.com\/wp-content\/uploads\/2025\/08\/350A6831-\u62f7\u8d1d-768x768.jpg 768w, https:\/\/www.zongdamining.com\/wp-content\/uploads\/2025\/08\/350A6831-\u62f7\u8d1d-1536x1536.jpg 1536w, https:\/\/www.zongdamining.com\/wp-content\/uploads\/2025\/08\/350A6831-\u62f7\u8d1d-2048x2048.jpg 2048w, https:\/\/www.zongdamining.com\/wp-content\/uploads\/2025\/08\/350A6831-\u62f7\u8d1d-700x700.jpg 700w, https:\/\/www.zongdamining.com\/wp-content\/uploads\/2025\/08\/350A6831-\u62f7\u8d1d-600x600.jpg 600w, https:\/\/www.zongdamining.com\/wp-content\/uploads\/2025\/08\/350A6831-\u62f7\u8d1d-100x100.jpg 100w\" sizes=\"(max-width: 545px) 100vw, 545px\" \/><\/b><\/strong><\/span><\/h3>\n<ul>\n<li><span style=\"font-family: arial, helvetica, sans-serif;\"><strong>Brzina putovanja (zup\u010danici)<\/strong>:<\/span><\/li>\n<\/ul>\n<ul>\n<li><span style=\"font-family: arial, helvetica, sans-serif;\">Prva brzina: 0-8 km\/h<\/span><\/li>\n<li><span style=\"font-family: arial, helvetica, sans-serif;\">Druga brzina: 0-9 km\/h<\/span><\/li>\n<li><span style=\"font-family: arial, helvetica, sans-serif;\">Tre\u0107a brzina: 0-19 km\/h<\/span><\/li>\n<li><span style=\"font-family: arial, helvetica, sans-serif;\">ForthGear: 0-20 km\/h<\/span><\/li>\n<\/ul>\n<p style=\"padding-left: 120px;\"><span style=\"font-family: arial, helvetica, sans-serif;\"><strong>Sposobnost penjanja<\/strong>: 14\u00b0<\/span><\/p>\n<p style=\"padding-left: 120px;\"><span style=\"font-family: arial, helvetica, sans-serif;\"><strong>Maksimalna vu\u010dna snaga<\/strong>: \u2265 80kN<\/span><\/p>\n<p style=\"padding-left: 120px;\"><span style=\"font-family: arial, helvetica, sans-serif;\"><strong>Maksimalna snaga lopate (SAE)<\/strong>: \u2265 70kN<\/span><\/p>\n<h3><span style=\"font-family: arial, helvetica, sans-serif;\">4. <strong><b>Rezervoari za gorivo i hidraulike<\/b><\/strong><\/span><\/h3>\n<ul>\n<li><span style=\"font-family: arial, helvetica, sans-serif;\"><strong>Kapacitet rezervoara za gorivo<\/strong>: 130 L<\/span><\/li>\n<li><span style=\"font-family: arial, helvetica, sans-serif;\"><strong>Kapacitet rezervoara za hidrauli\u010dno ulje<\/strong>: 130 L<\/span><\/li>\n<\/ul>\n<h3><span style=\"font-family: arial, helvetica, sans-serif;\">5. <strong><b>Upravljanje<\/b><\/strong><\/span><\/h3>\n<ul>\n<li><span style=\"font-family: arial, helvetica, sans-serif;\"><strong>Centralno zglobno hidrauli\u010dno servo upravljanje<\/strong><\/span><\/li>\n<li><span style=\"font-family: arial, helvetica, sans-serif;\"><strong>Minimalni radius okretanja<\/strong>:<\/span><\/li>\n<\/ul>\n<ul>\n<li><span style=\"font-family: arial, helvetica, sans-serif;\">Unutra\u0161njost: 2600 \u00b1 200 mm<\/span><\/li>\n<li><span style=\"font-family: arial, helvetica, sans-serif;\">Vanjski: 4800 \u00b1 200 mm<\/span><\/li>\n<\/ul>\n<h2><span style=\"font-family: arial, helvetica, sans-serif; font-size: 14pt;\"><strong>Glavna konfiguracija<img loading=\"lazy\" decoding=\"async\" class=\"wp-image-2675 alignleft\" src=\"http:\/\/www.zongdamining.com\/wp-content\/uploads\/2025\/08\/350A6832-\u62f7\u8d1d-scaled.jpg\" alt=\"\" width=\"674\" height=\"674\" srcset=\"https:\/\/www.zongdamining.com\/wp-content\/uploads\/2025\/08\/350A6832-\u62f7\u8d1d-scaled.jpg 2560w, https:\/\/www.zongdamining.com\/wp-content\/uploads\/2025\/08\/350A6832-\u62f7\u8d1d-300x300.jpg 300w, https:\/\/www.zongdamining.com\/wp-content\/uploads\/2025\/08\/350A6832-\u62f7\u8d1d-1024x1024.jpg 1024w, https:\/\/www.zongdamining.com\/wp-content\/uploads\/2025\/08\/350A6832-\u62f7\u8d1d-150x150.jpg 150w, https:\/\/www.zongdamining.com\/wp-content\/uploads\/2025\/08\/350A6832-\u62f7\u8d1d-768x768.jpg 768w, https:\/\/www.zongdamining.com\/wp-content\/uploads\/2025\/08\/350A6832-\u62f7\u8d1d-1536x1536.jpg 1536w, https:\/\/www.zongdamining.com\/wp-content\/uploads\/2025\/08\/350A6832-\u62f7\u8d1d-2048x2048.jpg 2048w, https:\/\/www.zongdamining.com\/wp-content\/uploads\/2025\/08\/350A6832-\u62f7\u8d1d-700x700.jpg 700w, https:\/\/www.zongdamining.com\/wp-content\/uploads\/2025\/08\/350A6832-\u62f7\u8d1d-600x600.jpg 600w, https:\/\/www.zongdamining.com\/wp-content\/uploads\/2025\/08\/350A6832-\u62f7\u8d1d-100x100.jpg 100w\" sizes=\"(max-width: 674px) 100vw, 674px\" \/><\/strong><\/span><\/h2>\n<h3><span style=\"font-family: arial, helvetica, sans-serif;\"><strong><b>1. Motor<\/b><\/strong><\/span><\/h3>\n<ul>\n<li><span style=\"font-family: arial, helvetica, sans-serif;\"><strong>Proizvodnja<\/strong>Dejtz<\/span><\/li>\n<li><span style=\"font-family: arial, helvetica, sans-serif;\"><strong>Model<\/strong>: F6L914<\/span><\/li>\n<li><span style=\"font-family: arial, helvetica, sans-serif;\"><strong>Tip<\/strong>: Dizel motor hla\u0111en vazduhom, bez turbopunja\u010da<\/span><\/li>\n<li><span style=\"font-family: arial, helvetica, sans-serif;\"><strong>Nazivna snaga<\/strong>: 79 kW\/2300 okretaja\/min<\/span><\/li>\n<\/ul>\n<h3><span style=\"font-family: arial, helvetica, sans-serif;\"><strong><b>2. Hidrauli\u010dki konvertor obrtnog momenta<\/b><\/strong><\/span><\/h3>\n<ul>\n<li><span style=\"font-family: arial, helvetica, sans-serif;\"><strong>Model<\/strong>: YJ315,<\/span><\/li>\n<li><span style=\"font-family: arial, helvetica, sans-serif;\">Kineski ekvivalentModel DANA 272<\/span><\/li>\n<\/ul>\n<h3><span style=\"font-family: arial, helvetica, sans-serif;\"><strong><b>3. Prenos<\/b><\/strong><\/span><\/h3>\n<ul>\n<li><span style=\"font-family: arial, helvetica, sans-serif;\"><strong>Model<\/strong>: YD13 644 159A,<\/span><\/li>\n<li><span style=\"font-family: arial, helvetica, sans-serif;\">Kineski ekvivalentModel serije DANA 20000<\/span><\/li>\n<\/ul>\n<h3><span style=\"font-family: arial, helvetica, sans-serif;\"><strong><b>4. Pogonska osovina<\/b><\/strong><\/span><\/h3>\n<ul>\n<li><span style=\"font-family: arial, helvetica, sans-serif;\"><strong>Model<\/strong>: 5,<\/span><\/li>\n<li><span style=\"font-family: arial, helvetica, sans-serif;\"><strong>Tip<\/strong>Kruta planetarna pogonska osovina bez SPIN diferencijala<\/span><\/li>\n<\/ul>\n<h3><span style=\"font-family: arial, helvetica, sans-serif;\"><strong><b>5. Hidrauli\u010dki sistem<\/b><\/strong><\/span><\/h3>\n<ul>\n<li><span style=\"font-family: arial, helvetica, sans-serif;\"><strong>Radna ko\u010dnica<\/strong>: Mokra ko\u010dnica sa vi\u0161e diskova sa primenom opruge i hidrauli\u010dnim osloba\u0111anjem<\/span><\/li>\n<li><span style=\"font-family: arial, helvetica, sans-serif;\"><strong>Parkira\u010dka ko\u010dnica<\/strong>: Primijenjena prolje\u0107a, hidrauli\u010dno oslobo\u0111ena<\/span><\/li>\n<li><span style=\"font-family: arial, helvetica, sans-serif;\"><strong>Vi\u0161eputni ventil<\/strong>Sila nafte<\/span><\/li>\n<li><span style=\"font-family: arial, helvetica, sans-serif;\"><strong>Pumpa za zup\u010danike<\/strong>PERMCO<\/span><\/li>\n<\/ul>\n<p>&nbsp;<\/p>","protected":false},"excerpt":{"rendered":"<p><span style=\"font-family: arial, helvetica, sans-serif;\">U <strong><b>ZDL203N podzemni utovara\u010d<\/b><\/strong> je namijenjen podzemnim rudnicima, posebno dizajniran za pobolj\u0161anje operativne efikasnosti u kombinaciji sa rudarskim kamionima tokom kopanja i rudarskih operacija. Evo njegovih klju\u010dnih karakteristika<\/span><\/p>","protected":false},"featured_media":2672,"comment_status":"closed","ping_status":"closed","template":"","meta":{"_acf_changed":false},"product_brand":[],"product_cat":[15],"product_tag":[],"class_list":{"0":"post-2612","1":"product","2":"type-product","3":"status-publish","4":"has-post-thumbnail","6":"product_cat-trackless-mining-equipment","8":"first","9":"instock","10":"shipping-taxable","11":"product-type-simple"},"acf":[],"_links":{"self":[{"href":"https:\/\/www.zongdamining.com\/bs\/wp-json\/wp\/v2\/product\/2612","targetHints":{"allow":["GET"]}}],"collection":[{"href":"https:\/\/www.zongdamining.com\/bs\/wp-json\/wp\/v2\/product"}],"about":[{"href":"https:\/\/www.zongdamining.com\/bs\/wp-json\/wp\/v2\/types\/product"}],"replies":[{"embeddable":true,"href":"https:\/\/www.zongdamining.com\/bs\/wp-json\/wp\/v2\/comments?post=2612"}],"wp:featuredmedia":[{"embeddable":true,"href":"https:\/\/www.zongdamining.com\/bs\/wp-json\/wp\/v2\/media\/2672"}],"wp:attachment":[{"href":"https:\/\/www.zongdamining.com\/bs\/wp-json\/wp\/v2\/media?parent=2612"}],"wp:term":[{"taxonomy":"product_brand","embeddable":true,"href":"https:\/\/www.zongdamining.com\/bs\/wp-json\/wp\/v2\/product_brand?post=2612"},{"taxonomy":"product_cat","embeddable":true,"href":"https:\/\/www.zongdamining.com\/bs\/wp-json\/wp\/v2\/product_cat?post=2612"},{"taxonomy":"product_tag","embeddable":true,"href":"https:\/\/www.zongdamining.com\/bs\/wp-json\/wp\/v2\/product_tag?post=2612"}],"curies":[{"name":"wp","href":"https:\/\/api.w.org\/{rel}","templated":true}]}}