{"id":2618,"date":"2025-08-29T10:21:36","date_gmt":"2025-08-29T02:21:36","guid":{"rendered":"https:\/\/www.zongdamining.com\/?post_type=product&#038;p=2618"},"modified":"2026-01-27T11:33:02","modified_gmt":"2026-01-27T03:33:02","slug":"zdl204dd-underground-loader","status":"publish","type":"product","link":"https:\/\/www.zongdamining.com\/bs\/product\/zdl204dd-underground-loader\/","title":{"rendered":"ZDL204DD podzemni utovara\u010d"},"content":{"rendered":"<p><span style=\"font-family: 'arial black', sans-serif;\"><strong><b>ZDL204DD podzemni utovara\u010d <\/b><\/strong><strong><b>: Oprema za transport na kratke udaljenosti bez trake.<\/b><\/strong><\/span><\/p>\n<p>&nbsp;<\/p>\n<p><img fetchpriority=\"high\" decoding=\"async\" class=\"aligncenter wp-image-2620\" src=\"http:\/\/www.zongdamining.com\/wp-content\/uploads\/2025\/08\/\u56fe\u72472-2.png\" alt=\"\" width=\"672\" height=\"448\" srcset=\"https:\/\/www.zongdamining.com\/wp-content\/uploads\/2025\/08\/\u56fe\u72472-2.png 885w, https:\/\/www.zongdamining.com\/wp-content\/uploads\/2025\/08\/\u56fe\u72472-2-300x200.png 300w, https:\/\/www.zongdamining.com\/wp-content\/uploads\/2025\/08\/\u56fe\u72472-2-768x512.png 768w, https:\/\/www.zongdamining.com\/wp-content\/uploads\/2025\/08\/\u56fe\u72472-2-600x400.png 600w\" sizes=\"(max-width: 672px) 100vw, 672px\" \/><\/p>\n<p><span style=\"font-family: arial, helvetica, sans-serif; font-size: 12pt;\">Podzemni utovara\u010d ZDL204DD uglavnom se koristi u kombinaciji sa rudarskim kamionima u podzemnim kopanjem i rudarskim operacijama. Lopata utovara rudu i razli\u010dite materijale mo\u017ee uvelike pobolj\u0161ati operativnu efikasnost i va\u017ena je oprema za postizanje rudarstva bez staze.<\/span><\/p>\n<p>&nbsp;<\/p>\n<p><span style=\"font-family: arial, helvetica, sans-serif; font-size: 12pt;\"><strong><b>Tehni\u010dke karakteristike<\/b><\/strong>:<\/span><\/p>\n<ul>\n<li><span style=\"font-family: arial, helvetica, sans-serif; font-size: 12pt;\"><strong><b>Sistem napajanja<\/b><\/strong>: Energetski sistem usvaja Deutz AG vodom hla\u0111eni motor niskog zaga\u0111enja niske brzine visokog obrtnog momenta;<\/span><\/li>\n<li><span style=\"font-family: arial, helvetica, sans-serif; font-size: 12pt;\"><strong><b>Transmisija<\/b><\/strong>: Sistem prenosa snage usvaja DANAor Top kineske marke menja\u010da i pretvara\u010da obrtnog momenta, doma\u0107e hidrauli\u010dne pogonske osovine za otpu\u0161tanje ko\u010dnica i pneumatske gume otporne na rezanje rudarstva;<\/span><\/li>\n<li><span style=\"font-family: arial, helvetica, sans-serif; font-size: 12pt;\"><strong><b>Sistem ko\u010denja<\/b><\/strong>: Servisna ko\u010dnica usvaja mokru multi-disk oprugu i hidrauli\u010dnu ko\u010dnicu za otpu\u0161tanje; MICO ventil za punjenje i ko\u010dnini ventil; Parkira\u010dka ko\u010dnica usvaja pru\u017ene ko\u010dnice na pogonskoj osovini za ko\u010denje;<\/span><\/li>\n<li><span style=\"font-family: arial, helvetica, sans-serif; font-size: 12pt;\"><strong><b>Okvir<\/b><\/strong>Okvir je centralna zglobna struktura, sa stra\u017enjom osovinom koja se ljuta lijevo i desno oko centra okvira kako bi se pobolj\u0161ale performanse adhezije cijele ma\u0161ine;<\/span><\/li>\n<li><span style=\"font-family: arial, helvetica, sans-serif; font-size: 12pt;\"><strong><b>Upravljanje<\/b><\/strong>: Hidrauli\u010dki sistem servo upravljanja sa jednim cilindrom upravljanja za sistem upravljanja;<\/span><\/li>\n<\/ul>\n<p>&nbsp;<\/p>\n<p><span style=\"font-family: arial, helvetica, sans-serif; font-size: 12pt;\"><strong><b>Sigurnosne mere:<\/b><\/strong><\/span><\/p>\n<ul>\n<li><span style=\"font-family: arial, helvetica, sans-serif; font-size: 12pt;\"><strong><b>Bezbednosna oprema<\/b><\/strong>Operatori moraju nositi sigurnosne kacige, nositi ure\u0111aje za samospa\u0161avanje i koristiti rudarske lampe prilikom ulaska u bunar.<\/span><\/li>\n<li><span style=\"font-family: arial, helvetica, sans-serif; font-size: 12pt;\"><strong><b>Redovno odr\u017eavanje<\/b><\/strong>Redovne inspekcije i brzo rje\u0161avanje skrivenih opasnosti.<\/span><\/li>\n<li><span style=\"font-family: arial, helvetica, sans-serif; font-size: 12pt;\"><strong><b>Bez odr\u017eavanja tokom rada<\/b><\/strong>Strogo je zabranjeno odr\u017eavanje dok ma\u0161ina radi.<\/span><\/li>\n<li><span style=\"font-family: arial, helvetica, sans-serif; font-size: 12pt;\"><strong><b>Bezbednost tokom zavarivanja\/rezanja<\/b><\/strong>Potvrdite odsustvo zapaljivih ili eksplozivnih materijala prije odr\u017eavanja.<\/span><\/li>\n<li><span style=\"font-family: arial, helvetica, sans-serif; font-size: 12pt;\"><strong><b>Izpu\u0161ne cijevi mjere opreza<\/b><\/strong>Izbegavajte fizi\u010dki kontakt sa vru\u0107om izpu\u0161nom cijevi.<\/span><\/li>\n<li><span style=\"font-family: arial, helvetica, sans-serif; font-size: 12pt;\"><strong><b>Odr\u017eavanje hidrauli\u010dnog sistema<\/b><\/strong>Pritisak se mora ubla\u017eiti pre po\u010detka bilo kakvih popravki.<\/span><\/li>\n<\/ul>\n<p>&nbsp;<\/p>\n<p><span style=\"font-family: arial, helvetica, sans-serif; font-size: 12pt;\"><strong><b>Uvjeti primene<\/b><\/strong><strong><b>\u00a0za <\/b><\/strong><strong><b>ZDL204DD podzemni utovara\u010d<\/b><\/strong><strong>:<\/strong><\/span><\/p>\n<ol>\n<li><span style=\"font-family: arial, helvetica, sans-serif; font-size: 12pt;\"><b><\/b><strong><b>Specifikacije tunela<\/b><\/strong>:<\/span><\/li>\n<\/ol>\n<ul>\n<li><span style=\"font-family: arial, helvetica, sans-serif; font-size: 12pt;\">Pogodan za tunele sa veli\u010dinom popre\u010dnog presjeka od <strong><b>2.5<\/b><\/strong><strong><b>metari (visina) \u00d7<\/b><\/strong><strong><b>2.5<\/b><\/strong><strong><b>metara (\u0161irina) i iznad<\/b><\/strong>.<\/span><\/li>\n<li><span style=\"font-family: arial, helvetica, sans-serif; font-size: 12pt;\">Zahteva <strong><b>\u010dvrsta gornja plo\u010da<\/b><\/strong>.<\/span><\/li>\n<li><span style=\"font-family: arial, helvetica, sans-serif; font-size: 12pt;\">Minimalni radijus okretanja od <strong><b>\u2265 <\/b><\/strong><strong><b>5.3 <\/b><\/strong><strong><b>metara<\/b><\/strong>napolju.<\/span><\/li>\n<li><span style=\"font-family: arial, helvetica, sans-serif; font-size: 12pt;\">Nagib puta treba da bude <strong><b>\u2264 14\u00b0<\/b><\/strong>.<\/span><\/li>\n<li><span style=\"font-family: arial, helvetica, sans-serif; font-size: 12pt;\">Adekvatno <strong><b>ventilacija i drena\u017ea<\/b><\/strong>na radnom mjestu.<\/span><\/li>\n<\/ul>\n<ol start=\"2\">\n<li><span style=\"font-family: arial, helvetica, sans-serif; font-size: 12pt;\"><b><\/b><strong><b>Faktori \u017eivotne sredine<\/b><\/strong>:<\/span><\/li>\n<\/ol>\n<ul>\n<li><span style=\"font-family: arial, helvetica, sans-serif; font-size: 12pt;\">Temperatura okoline unutar tunela: <strong><b>-5\u00b0C do 40\u00b0C<\/b><\/strong>.<\/span><\/li>\n<li><span style=\"font-family: arial, helvetica, sans-serif; font-size: 12pt;\">Maksimalna relativna vla\u017enost (na 25\u00b0C): <strong><b>Ne vi\u0161e od 85%<\/b><\/strong>.<\/span><\/li>\n<li><span style=\"font-family: arial, helvetica, sans-serif; font-size: 12pt;\">Visina lokacije upotrebe: <strong><b>Ne ve\u0107i od 1000 metara<\/b><\/strong>.<\/span><\/li>\n<li><span style=\"font-family: arial, helvetica, sans-serif; font-size: 12pt;\">Na visokim visinama (iznad 1000 metara), <strong><b>smanjenje snage<\/b><\/strong>potrebno je za operaciju.<\/span><\/li>\n<\/ul>\n<ol start=\"3\">\n<li><span style=\"font-family: arial, helvetica, sans-serif; font-size: 12pt;\"><b><\/b><strong><b>Zahtjevi za gorivom<\/b><\/strong>:<\/span><\/li>\n<\/ol>\n<ul>\n<li><span style=\"font-family: arial, helvetica, sans-serif; font-size: 12pt;\">Sadr\u017eaj sumpora goriva koje se koristi u ovoj ma\u0161ini mora <strong><b>ne prelazi 0,2%<\/b><\/strong>.<\/span><\/li>\n<\/ul>\n<ol start=\"4\">\n<li><span style=\"font-family: arial, helvetica, sans-serif; font-size: 12pt;\"><b><\/b><strong><b>Sigurnosne mjere opreza<\/b><\/strong>:<\/span><\/li>\n<\/ol>\n<ul>\n<li><span style=\"font-family: arial, helvetica, sans-serif; font-size: 12pt;\">Strogo <strong><b>zabranjeno<\/b><\/strong>na mjestima sa <strong><b>zapaljivi i eksplozivni gasovi<\/b><\/strong>(kao \u0161to su gas i pra\u0161ina od ugljena).<\/span><\/li>\n<li><img decoding=\"async\" class=\"wp-image-2621 alignright\" src=\"http:\/\/www.zongdamining.com\/wp-content\/uploads\/2025\/08\/\u56fe\u72473-2.png\" alt=\"\" width=\"587\" height=\"723\" srcset=\"https:\/\/www.zongdamining.com\/wp-content\/uploads\/2025\/08\/\u56fe\u72473-2.png 577w, https:\/\/www.zongdamining.com\/wp-content\/uploads\/2025\/08\/\u56fe\u72473-2-243x300.png 243w\" sizes=\"(max-width: 587px) 100vw, 587px\" \/><\/li>\n<\/ul>\n<p><span style=\"font-family: arial, helvetica, sans-serif; font-size: 12pt;\"><strong><b>Tehni\u010dki<\/b><\/strong><strong><b>\u00a0<\/b><\/strong><strong><b>P<\/b><\/strong><strong><b>Arametri<\/b><\/strong><\/span><\/p>\n<h3><span style=\"font-family: arial, helvetica, sans-serif; font-size: 12pt;\"><strong><b>1.1 Ukupne dimenzije<\/b><\/strong><\/span><\/h3>\n<ul>\n<li><span style=\"font-family: arial, helvetica, sans-serif; font-size: 12pt;\"><strong><b>Nazivno optere\u0107enje<\/b><\/strong><strong><b>:<\/b><\/strong>\u00a04000kg<\/span><\/li>\n<li><span style=\"font-family: arial, helvetica, sans-serif; font-size: 12pt;\"><strong><b>Ukupno <\/b><\/strong><strong><b>du\u017eina<\/b><\/strong><strong><b>:<\/b><\/strong>\u00a0\u00a07230 mm<\/span><\/li>\n<li><span style=\"font-family: arial, helvetica, sans-serif; font-size: 12pt;\"><strong><b>O<\/b><\/strong><strong><b>Veralna \u0161irina<\/b><\/strong><strong><b>: <\/b><\/strong><strong><b>\u00a0<\/b><\/strong>\u00a01750 mm<\/span><\/li>\n<li><span style=\"font-family: arial, helvetica, sans-serif; font-size: 12pt;\"><strong><b>O<\/b><\/strong><strong><b>veral visina (uklju\u010duju\u0107i vrh voza\u010deve kabine)<\/b><\/strong><strong><b>: <\/b><\/strong>\u00a02100mm<\/span><\/li>\n<li><span style=\"font-family: arial, helvetica, sans-serif; font-size: 12pt;\"><strong><b>Kapacitet kante (SAE slo\u017eenje) <\/b><\/strong><strong><b>:<\/b><\/strong>\u00a02 m2<\/span><\/li>\n<li><span style=\"font-family: arial, helvetica, sans-serif; font-size: 12pt;\"><strong><b>Maksimalna visina podizanja<\/b><\/strong><strong><b>:<\/b><\/strong>\u00a04075mm<\/span><\/li>\n<li><span style=\"font-family: arial, helvetica, sans-serif; font-size: 12pt;\"><strong><b>Maksimalna visina istovara<\/b><\/strong><strong><b>:<\/b><\/strong>\u00a01790 mm<\/span><\/li>\n<li><span style=\"font-family: arial, helvetica, sans-serif; font-size: 12pt;\"><strong><b>Ugao isklju\u010divanja<\/b><\/strong><strong><b>\uff1a<\/b><\/strong>\u00a040 \u00b0<\/span><\/li>\n<li><span style=\"font-family: arial, helvetica, sans-serif; font-size: 12pt;\"><strong><b>Podloga kota\u010da<\/b><\/strong>\u00a0\uff1a2580mm<\/span><\/li>\n<li><span style=\"font-family: arial, helvetica, sans-serif; font-size: 12pt;\"><strong><b>Minimalna razina od zemlje \u2265<\/b><\/strong>\u00a0240 mm<\/span><\/li>\n<li><span style=\"font-family: arial, helvetica, sans-serif; font-size: 12pt;\"><strong><b>Ugao odlaska<\/b><\/strong><strong><b>\uff1a<\/b><\/strong>\u00a014 \u00b0<\/span><\/li>\n<\/ul>\n<p>&nbsp;<\/p>\n<h3><span style=\"font-family: arial, helvetica, sans-serif; font-size: 12pt;\"><strong><b>1.2 Te\u017eina ma\u0161ine<\/b><\/strong><\/span><\/h3>\n<ul>\n<li><span style=\"font-family: arial, helvetica, sans-serif; font-size: 12pt;\"><strong><b>Operacija<\/b><\/strong><strong><b>\u00a0te\u017eina<\/b><\/strong><strong><b>\uff1a<\/b><\/strong>\u00a013100kg<\/span><\/li>\n<li><span style=\"font-family: arial, helvetica, sans-serif; font-size: 12pt;\"><strong><b>F<\/b><\/strong><strong><b>Ull te\u017eina optere\u0107enja<\/b><\/strong><strong><b>\uff1a<\/b><\/strong>\u00a0\u00a0\u00a0\u00a017100kg<\/span><\/li>\n<\/ul>\n<p>&nbsp;<\/p>\n<h3><span style=\"font-family: arial, helvetica, sans-serif; font-size: 12pt;\"><strong><b>1.3 Operativna sposobnost<\/b><\/strong><\/span><\/h3>\n<ul>\n<li><span style=\"font-family: arial, helvetica, sans-serif; font-size: 12pt;\"><strong><b>Brzina putovanja<\/b><\/strong><\/span><\/li>\n<li><span style=\"font-family: arial, helvetica, sans-serif; font-size: 12pt;\"><strong><b>Napred<\/b><\/strong><strong><b>\/<\/b><\/strong><strong><b>Obrnuto: <\/b><\/strong>\u00a00 ~ 25 km \/ h<\/span><\/li>\n<li><span style=\"font-family: arial, helvetica, sans-serif; font-size: 12pt;\"><strong><b>Sposobnost penjanja 14 \u00b0<\/b><\/strong><strong><b>:<\/b><\/strong><strong><b>\u00a0<\/b><\/strong>3.4km\/h<\/span><\/li>\n<li><span style=\"font-family: arial, helvetica, sans-serif; font-size: 12pt;\"><strong><b>Maksimalna vu\u010dna sila<\/b><\/strong><strong><b>:<\/b><\/strong>\u00a0110 KN<\/span><\/li>\n<li><span style=\"font-family: arial, helvetica, sans-serif; font-size: 12pt;\"><strong><b>Maksimalna snaga \u0161krebanja<\/b><\/strong><strong><b>: <\/b><\/strong>(SAE) 90KN<\/span><\/li>\n<\/ul>\n<p>&nbsp;<\/p>\n<h3><span style=\"font-family: arial, helvetica, sans-serif; font-size: 12pt;\"><strong><b>1.4 Rezervoar za gorivo<img decoding=\"async\" class=\"wp-image-2774 alignleft\" src=\"http:\/\/www.zongdamining.com\/wp-content\/uploads\/2025\/09\/350A6813-\u62f7\u8d1d-1-scaled.png\" alt=\"\" width=\"529\" height=\"529\" srcset=\"https:\/\/www.zongdamining.com\/wp-content\/uploads\/2025\/09\/350A6813-\u62f7\u8d1d-1-scaled.png 2560w, https:\/\/www.zongdamining.com\/wp-content\/uploads\/2025\/09\/350A6813-\u62f7\u8d1d-1-300x300.png 300w, https:\/\/www.zongdamining.com\/wp-content\/uploads\/2025\/09\/350A6813-\u62f7\u8d1d-1-1024x1024.png 1024w, https:\/\/www.zongdamining.com\/wp-content\/uploads\/2025\/09\/350A6813-\u62f7\u8d1d-1-150x150.png 150w, https:\/\/www.zongdamining.com\/wp-content\/uploads\/2025\/09\/350A6813-\u62f7\u8d1d-1-768x768.png 768w, https:\/\/www.zongdamining.com\/wp-content\/uploads\/2025\/09\/350A6813-\u62f7\u8d1d-1-1536x1536.png 1536w, https:\/\/www.zongdamining.com\/wp-content\/uploads\/2025\/09\/350A6813-\u62f7\u8d1d-1-2048x2048.png 2048w, https:\/\/www.zongdamining.com\/wp-content\/uploads\/2025\/09\/350A6813-\u62f7\u8d1d-1-700x700.png 700w, https:\/\/www.zongdamining.com\/wp-content\/uploads\/2025\/09\/350A6813-\u62f7\u8d1d-1-600x600.png 600w, https:\/\/www.zongdamining.com\/wp-content\/uploads\/2025\/09\/350A6813-\u62f7\u8d1d-1-100x100.png 100w\" sizes=\"(max-width: 529px) 100vw, 529px\" \/><\/b><\/strong><\/span><\/h3>\n<ul>\n<li><span style=\"font-family: arial, helvetica, sans-serif; font-size: 12pt;\"><strong><b>Rezervoar za gorivo (L) <\/b><\/strong><strong><b>:<\/b><\/strong>130<\/span><\/li>\n<li><span style=\"font-family: arial, helvetica, sans-serif; font-size: 12pt;\"><strong><b>Hidrauli\u010dni spremnik za ulje (L)<\/b><\/strong><strong><b>:<\/b><\/strong>\u00a0160<\/span><\/li>\n<\/ul>\n<p>&nbsp;<\/p>\n<h3><span style=\"font-family: arial, helvetica, sans-serif; font-size: 12pt;\"><strong><b>1.5 Upravljanje<\/b><\/strong><\/span><\/h3>\n<ul>\n<li><span style=\"font-family: arial, helvetica, sans-serif; font-size: 12pt;\"><strong><b>Centralno zglobno hidrauli\u010dno servo upravljanje<\/b><\/strong><\/span><\/li>\n<li><span style=\"font-family: arial, helvetica, sans-serif; font-size: 12pt;\"><strong><b>Minimalni radijus okretanja<\/b><\/strong><strong><b>&#8211;<\/b><\/strong><strong><b>\u00a0unutra<\/b><\/strong>:\u00a0\u00a0\u00a0\u00a0\u00a0\u00a0\u00a02860 \u00b1 200mm<\/span><\/li>\n<li><span style=\"font-family: arial, helvetica, sans-serif; font-size: 12pt;\"><strong><b>Vani.<\/b><\/strong>\uff1a \u00a05300 \u00b1 200mm<\/span><\/li>\n<\/ul>\n<p>&nbsp;<\/p>\n<p><span style=\"font-family: arial, helvetica, sans-serif; font-size: 12pt;\"><strong><b>2\u3001 Glavna konfiguracija cijele ma\u0161ine<\/b><\/strong><\/span><\/p>\n<h3><span style=\"font-family: arial, helvetica, sans-serif; font-size: 12pt;\"><strong><b>2.1 Motor<\/b><\/strong><\/span><\/h3>\n<ul>\n<li><span style=\"font-family: arial, helvetica, sans-serif; font-size: 12pt;\"><strong><b>Proizvo\u0111a\u010d<\/b><\/strong><strong><b>:<\/b><\/strong><strong><b>\u00a0<\/b><\/strong>DEUTZ kompanija<\/span><\/li>\n<li><span style=\"font-family: arial, helvetica, sans-serif; font-size: 12pt;\"><strong><b>Model<\/b><\/strong><strong><b>:<\/b><\/strong>\u00a0F6L914 (Uvoz proizveden u Njema\u010dkoj)<\/span><\/li>\n<li><span style=\"font-family: arial, helvetica, sans-serif; font-size: 12pt;\"><strong><b>Tip:<\/b><\/strong>\u00a0Dizel motor hla\u0111en vazduhom<\/span><\/li>\n<li><span style=\"font-family: arial, helvetica, sans-serif; font-size: 12pt;\"><strong><b>Nazivna snaga<\/b><\/strong><strong><b>:<\/b><\/strong>\u00a0\u00a084KW \/ 2300rpm<\/span><\/li>\n<\/ul>\n<p>&nbsp;<\/p>\n<h3><span style=\"font-family: arial, helvetica, sans-serif; font-size: 12pt;\"><strong><b>2.2 Hidrauli\u010dki pretvara\u010d obrtnog momenta<img loading=\"lazy\" decoding=\"async\" class=\"wp-image-2772 alignright\" src=\"http:\/\/www.zongdamining.com\/wp-content\/uploads\/2025\/09\/350A6809-\u62f7\u8d1d-scaled.png\" alt=\"\" width=\"641\" height=\"641\" srcset=\"https:\/\/www.zongdamining.com\/wp-content\/uploads\/2025\/09\/350A6809-\u62f7\u8d1d-scaled.png 2560w, https:\/\/www.zongdamining.com\/wp-content\/uploads\/2025\/09\/350A6809-\u62f7\u8d1d-300x300.png 300w, https:\/\/www.zongdamining.com\/wp-content\/uploads\/2025\/09\/350A6809-\u62f7\u8d1d-1024x1024.png 1024w, https:\/\/www.zongdamining.com\/wp-content\/uploads\/2025\/09\/350A6809-\u62f7\u8d1d-150x150.png 150w, https:\/\/www.zongdamining.com\/wp-content\/uploads\/2025\/09\/350A6809-\u62f7\u8d1d-768x768.png 768w, https:\/\/www.zongdamining.com\/wp-content\/uploads\/2025\/09\/350A6809-\u62f7\u8d1d-1536x1536.png 1536w, https:\/\/www.zongdamining.com\/wp-content\/uploads\/2025\/09\/350A6809-\u62f7\u8d1d-2048x2048.png 2048w, https:\/\/www.zongdamining.com\/wp-content\/uploads\/2025\/09\/350A6809-\u62f7\u8d1d-700x700.png 700w, https:\/\/www.zongdamining.com\/wp-content\/uploads\/2025\/09\/350A6809-\u62f7\u8d1d-600x600.png 600w, https:\/\/www.zongdamining.com\/wp-content\/uploads\/2025\/09\/350A6809-\u62f7\u8d1d-100x100.png 100w\" sizes=\"(max-width: 641px) 100vw, 641px\" \/><\/b><\/strong><\/span><\/h3>\n<ul>\n<li><span style=\"font-family: arial, helvetica, sans-serif; font-size: 12pt;\">Model C272 (SAD DANA)<\/span><\/li>\n<\/ul>\n<p>&nbsp;<\/p>\n<h3><span style=\"font-family: arial, helvetica, sans-serif; font-size: 12pt;\"><strong><b>2.3 Transmisija<\/b><\/strong><\/span><\/h3>\n<ul>\n<li><span style=\"font-family: arial, helvetica, sans-serif; font-size: 12pt;\">Model RT32000 (SAD DANA)<\/span><\/li>\n<li><span style=\"font-family: arial, helvetica, sans-serif; font-size: 12pt;\">Vrsta: Power Shift<\/span><\/li>\n<\/ul>\n<p>&nbsp;<\/p>\n<h3><span style=\"font-family: arial, helvetica, sans-serif; font-size: 12pt;\"><strong><b>2.4 Pogonska osovina<\/b><\/strong><\/span><\/h3>\n<ul>\n<li><span style=\"font-family: arial, helvetica, sans-serif; font-size: 12pt;\"><strong><b>Proizvodnja<\/b><\/strong><strong><b>Da. <\/b><\/strong>Xuzhou osovina<\/span><\/li>\n<li><span style=\"font-family: arial, helvetica, sans-serif; font-size: 12pt;\"><strong><b>Model<\/b><\/strong>WJ2DN-F\/R<\/span><\/li>\n<li><span style=\"font-family: arial, helvetica, sans-serif; font-size: 12pt;\"><strong><b>Kruta planetarna osovina prijenosa sa diferencijalom protiv klizanja tipa NO-SPIN<\/b><\/strong><strong><b>s<\/b><\/strong><\/span><\/li>\n<\/ul>\n<p>&nbsp;<\/p>\n<h3><span style=\"font-family: arial, helvetica, sans-serif; font-size: 12pt;\"><strong><b>2.5 Hidrauli\u010dki sistem<\/b><\/strong><\/span><\/h3>\n<ul>\n<li><span style=\"font-family: arial, helvetica, sans-serif; font-size: 12pt;\"><strong><b>Mokra ko\u010dnica sa vi\u0161e diskova sa radnom ko\u010dnicom<\/b><\/strong><\/span><\/li>\n<li><span style=\"font-family: arial, helvetica, sans-serif; font-size: 12pt;\"><strong><b>Parkira\u010dka ko\u010dnica<\/b><\/strong><strong><b>U: S<\/b><\/strong><strong><b>princ <\/b><\/strong><strong><b>Primjenjena H<\/b><\/strong><strong><b>hidrauli\u010dni <\/b><\/strong><strong><b>R<\/b><\/strong><strong><b>Eleaze<\/b><\/strong><\/span><\/li>\n<li><span style=\"font-family: arial, helvetica, sans-serif; font-size: 12pt;\"><strong><b>Vi\u0161eputni ventil<\/b><\/strong><strong><b>Sjedinjene Ameri\u010dke Dr\u017eave<\/b><\/strong><strong><b>\u00a0P<\/b><\/strong><strong><b>ARKER je<\/b><\/strong><\/span><\/li>\n<li><span style=\"font-family: arial, helvetica, sans-serif; font-size: 12pt;\"><strong><b>Pumpa<\/b><\/strong><strong><b>Evropski brend PERMCO<\/b><\/strong><\/span><\/li>\n<\/ul>\n<p>&nbsp;<\/p>","protected":false},"excerpt":{"rendered":"<p><span style=\"font-family: arial, helvetica, sans-serif; font-size: 12pt;\">Podzemni utovara\u010d ZDL204DD uglavnom se koristi u kombinaciji sa rudarskim kamionima u podzemnim kopanjem i rudarskim operacijama. Lopata utovara rudu i razli\u010dite materijale mo\u017ee uvelike pobolj\u0161ati operativnu efikasnost i va\u017ena je oprema za postizanje rudarstva bez staze.<\/span><\/p>","protected":false},"featured_media":3138,"comment_status":"closed","ping_status":"closed","template":"","meta":{"_acf_changed":false},"product_brand":[],"product_cat":[15],"product_tag":[],"class_list":{"0":"post-2618","1":"product","2":"type-product","3":"status-publish","4":"has-post-thumbnail","6":"product_cat-trackless-mining-equipment","8":"first","9":"instock","10":"shipping-taxable","11":"product-type-simple"},"acf":[],"_links":{"self":[{"href":"https:\/\/www.zongdamining.com\/bs\/wp-json\/wp\/v2\/product\/2618","targetHints":{"allow":["GET"]}}],"collection":[{"href":"https:\/\/www.zongdamining.com\/bs\/wp-json\/wp\/v2\/product"}],"about":[{"href":"https:\/\/www.zongdamining.com\/bs\/wp-json\/wp\/v2\/types\/product"}],"replies":[{"embeddable":true,"href":"https:\/\/www.zongdamining.com\/bs\/wp-json\/wp\/v2\/comments?post=2618"}],"wp:featuredmedia":[{"embeddable":true,"href":"https:\/\/www.zongdamining.com\/bs\/wp-json\/wp\/v2\/media\/3138"}],"wp:attachment":[{"href":"https:\/\/www.zongdamining.com\/bs\/wp-json\/wp\/v2\/media?parent=2618"}],"wp:term":[{"taxonomy":"product_brand","embeddable":true,"href":"https:\/\/www.zongdamining.com\/bs\/wp-json\/wp\/v2\/product_brand?post=2618"},{"taxonomy":"product_cat","embeddable":true,"href":"https:\/\/www.zongdamining.com\/bs\/wp-json\/wp\/v2\/product_cat?post=2618"},{"taxonomy":"product_tag","embeddable":true,"href":"https:\/\/www.zongdamining.com\/bs\/wp-json\/wp\/v2\/product_tag?post=2618"}],"curies":[{"name":"wp","href":"https:\/\/api.w.org\/{rel}","templated":true}]}}