{"id":2623,"date":"2025-08-29T10:33:33","date_gmt":"2025-08-29T02:33:33","guid":{"rendered":"https:\/\/www.zongdamining.com\/?post_type=product&#038;p=2623"},"modified":"2026-03-10T14:14:42","modified_gmt":"2026-03-10T06:14:42","slug":"zdl204dh-underground-loader","status":"publish","type":"product","link":"https:\/\/www.zongdamining.com\/bs\/product\/zdl204dh-underground-loader\/","title":{"rendered":"ZDL204DH 2m\u00b3 podzemni utovara\u010d  Heavy-Duty LHD"},"content":{"rendered":"<p><span style=\"font-family: 'arial black', sans-serif;\"><strong><b>ZDL204<\/b><\/strong><strong><b>DH<\/b><\/strong><strong><b>\u00a0podzemni utovara\u010d <\/b><\/strong><strong><b>: Oprema za transport na kratke udaljenosti bez trake.<\/b><\/strong><\/span><\/p>\n<p style=\"text-align: left;\"><img fetchpriority=\"high\" decoding=\"async\" class=\"wp-image-2625 alignleft\" src=\"http:\/\/www.zongdamining.com\/wp-content\/uploads\/2025\/08\/\u56fe\u72472-3.png\" alt=\"\" width=\"567\" height=\"378\" srcset=\"https:\/\/www.zongdamining.com\/wp-content\/uploads\/2025\/08\/\u56fe\u72472-3.png 885w, https:\/\/www.zongdamining.com\/wp-content\/uploads\/2025\/08\/\u56fe\u72472-3-300x200.png 300w, https:\/\/www.zongdamining.com\/wp-content\/uploads\/2025\/08\/\u56fe\u72472-3-768x512.png 768w, https:\/\/www.zongdamining.com\/wp-content\/uploads\/2025\/08\/\u56fe\u72472-3-600x400.png 600w\" sizes=\"(max-width: 567px) 100vw, 567px\" \/><span style=\"font-family: arial, helvetica, sans-serif;\">Podzemni utovara\u010d ZDL204DH uglavnom se koristi u kombinaciji sa rudarskim kamionima u podzemnim kopanjem i rudarskim operacijama. Lopata utovara rudu i razli\u010dite materijale mo\u017ee uvelike pobolj\u0161ati operativnu efikasnost i va\u017ena je oprema za postizanje rudarstva bez staze.<\/span><\/p>\n<p style=\"padding-left: 80px; text-align: left;\"><span style=\"font-family: arial, helvetica, sans-serif;\"><strong><b>Tehni\u010dke karakteristike<\/b><\/strong>:<\/span><\/p>\n<p><span style=\"font-family: arial, helvetica, sans-serif;\"><strong><b>Sistem napajanja<\/b><\/strong>: Energetski sistem usvaja Deutz AG vodom hla\u0111eni motor niskog zaga\u0111enja niske brzine visokog obrtnog momenta;<\/span><\/p>\n<p><span style=\"font-family: arial, helvetica, sans-serif;\"><strong><b>Transmisija<\/b><\/strong>: Sistem prenosa snage usvaja DANAor Top kineske marke menja\u010da i pretvara\u010da obrtnog momenta, doma\u0107e hidrauli\u010dne pogonske osovine za otpu\u0161tanje ko\u010dnica i pneumatske gume otporne na rezanje rudarstva;<\/span><\/p>\n<p><span style=\"font-family: arial, helvetica, sans-serif;\"><strong><b>Sistem ko\u010denja<\/b><\/strong>: Servisna ko\u010dnica usvaja mokru multi-disk oprugu i hidrauli\u010dnu ko\u010dnicu za otpu\u0161tanje; MICO ventil za punjenje i ko\u010dnini ventil; Parkira\u010dka ko\u010dnica usvaja pru\u017ene ko\u010dnice na pogonskoj osovini za ko\u010denje;<\/span><\/p>\n<p><span style=\"font-family: arial, helvetica, sans-serif;\"><strong><b>Okvir<\/b><\/strong>Okvir je centralna zglobna struktura, sa stra\u017enjom osovinom koja se ljuta lijevo i desno oko centra okvira kako bi se pobolj\u0161ale performanse adhezije cijele ma\u0161ine;<\/span><\/p>\n<p><span style=\"font-family: arial, helvetica, sans-serif;\"><strong><b>Upravljanje<\/b><\/strong>: Hidrauli\u010dki sistem servo upravljanja sa jednim cilindrom upravljanja za sistem upravljanja;<\/span><\/p>\n<p><span style=\"font-family: arial, helvetica, sans-serif;\"><strong><b>Sigurnosne mere:<\/b><\/strong><\/span><\/p>\n<ul>\n<li><span style=\"font-family: arial, helvetica, sans-serif;\"><strong><b>Bezbednosna oprema<\/b><\/strong>Operatori moraju nositi sigurnosne kacige, nositi ure\u0111aje za samospa\u0161avanje i koristiti rudarske lampe prilikom ulaska u bunar.<\/span><\/li>\n<li><span style=\"font-family: arial, helvetica, sans-serif;\"><strong><b>Redovno odr\u017eavanje<\/b><\/strong>Redovne inspekcije i brzo rje\u0161avanje skrivenih opasnosti.<\/span><\/li>\n<li><span style=\"font-family: arial, helvetica, sans-serif;\"><strong><b>Bez odr\u017eavanja tokom rada<\/b><\/strong>Strogo je zabranjeno odr\u017eavanje dok ma\u0161ina radi.<\/span><\/li>\n<li><span style=\"font-family: arial, helvetica, sans-serif;\"><strong><b>Bezbednost tokom zavarivanja\/rezanja<\/b><\/strong>Potvrdite odsustvo zapaljivih ili eksplozivnih materijala prije odr\u017eavanja.<\/span><\/li>\n<li><span style=\"font-family: arial, helvetica, sans-serif;\"><strong><b>Izpu\u0161ne cijevi mjere opreza<\/b><\/strong>Izbegavajte fizi\u010dki kontakt sa vru\u0107om izpu\u0161nom cijevi.<\/span><\/li>\n<li><span style=\"font-family: arial, helvetica, sans-serif;\"><strong><b>Odr\u017eavanje hidrauli\u010dnog sistema<\/b><\/strong>Pritisak se mora ubla\u017eiti pre po\u010detka bilo kakvih popravki.<\/span><\/li>\n<\/ul>\n<p>&nbsp;<\/p>\n<p><span style=\"font-family: arial, helvetica, sans-serif;\"><strong><b>Uvjeti primene<\/b><\/strong><strong><b>\u00a0za <\/b><\/strong><strong><b>ZDL204<\/b><\/strong><strong><b>DH<\/b><\/strong><strong><b>\u00a0podzemni utovara\u010d<\/b><\/strong><strong>:<\/strong><\/span><\/p>\n<ol>\n<li><span style=\"font-family: arial, helvetica, sans-serif;\"><b><\/b><strong><b>Specifikacije tunela<\/b><\/strong>:<\/span><\/li>\n<\/ol>\n<ul>\n<li><span style=\"font-family: arial, helvetica, sans-serif;\">Pogodan za tunele sa veli\u010dinom popre\u010dnog presjeka od <strong><b>2.5<\/b><\/strong><strong><b>metari (visina) \u00d7<\/b><\/strong><strong><b>2.5<\/b><\/strong><strong><b>metara (\u0161irina) i iznad<\/b><\/strong>.<\/span><\/li>\n<li><span style=\"font-family: arial, helvetica, sans-serif;\">Zahteva <strong><b>\u010dvrsta gornja plo\u010da<\/b><\/strong>.<\/span><\/li>\n<li><span style=\"font-family: arial, helvetica, sans-serif;\">Minimalni radijus okretanja od <strong><b>\u2265 <\/b><\/strong><strong><b>5.3 <\/b><\/strong><strong><b>metara<\/b><\/strong>napolju.<\/span><\/li>\n<li><span style=\"font-family: arial, helvetica, sans-serif;\">Nagib puta treba da bude <strong><b>\u2264 14\u00b0<\/b><\/strong>.<\/span><\/li>\n<li><span style=\"font-family: arial, helvetica, sans-serif;\">Adekvatno <strong><b>ventilacija i drena\u017ea<\/b><\/strong>na radnom mjestu.<\/span><\/li>\n<\/ul>\n<ol start=\"2\">\n<li><span style=\"font-family: arial, helvetica, sans-serif;\"><b><\/b><strong><b>Faktori \u017eivotne sredine<\/b><\/strong>:<\/span><\/li>\n<\/ol>\n<ul>\n<li><span style=\"font-family: arial, helvetica, sans-serif;\">Temperatura okoline unutar tunela: <strong><b>-5\u00b0C do 40\u00b0C<\/b><\/strong>.<\/span><\/li>\n<li><span style=\"font-family: arial, helvetica, sans-serif;\">Maksimalna relativna vla\u017enost (na 25\u00b0C): <strong><b>Ne vi\u0161e od 85%<\/b><\/strong>.<\/span><\/li>\n<li><span style=\"font-family: arial, helvetica, sans-serif;\">Visina lokacije upotrebe: <strong><b>Ne ve\u0107i od 1000 metara<\/b><\/strong>.<\/span><\/li>\n<li><span style=\"font-family: arial, helvetica, sans-serif;\">Na visokim visinama (iznad 1000 metara), <strong><b>smanjenje snage<\/b><\/strong>potrebno je za operaciju.<\/span><\/li>\n<\/ul>\n<ol start=\"3\">\n<li><span style=\"font-family: arial, helvetica, sans-serif;\"><b><\/b><strong><b>Zahtjevi za gorivom<\/b><\/strong>:<\/span><\/li>\n<\/ol>\n<ul>\n<li><span style=\"font-family: arial, helvetica, sans-serif;\">Sadr\u017eaj sumpora goriva koje se koristi u ovoj ma\u0161ini mora <strong><b>ne prelazi 0,2%<\/b><\/strong>.<\/span><\/li>\n<\/ul>\n<ol start=\"4\">\n<li><span style=\"font-family: arial, helvetica, sans-serif;\"><b><\/b><strong><b>Sigurnosne mjere opreza<\/b><\/strong>:<\/span><\/li>\n<\/ol>\n<ul>\n<li><span style=\"font-family: arial, helvetica, sans-serif;\">Strogo <strong><b>zabranjeno<\/b><\/strong>na mjestima sa <strong><b>zapaljivi i eksplozivni gasovi<\/b><\/strong>(kao \u0161to su gas i pra\u0161ina od ugljena).<\/span><\/li>\n<\/ul>\n<p><img decoding=\"async\" class=\"wp-image-2626 alignleft\" src=\"http:\/\/www.zongdamining.com\/wp-content\/uploads\/2025\/08\/\u56fe\u72473-3.png\" alt=\"\" width=\"556\" height=\"685\" srcset=\"https:\/\/www.zongdamining.com\/wp-content\/uploads\/2025\/08\/\u56fe\u72473-3.png 577w, https:\/\/www.zongdamining.com\/wp-content\/uploads\/2025\/08\/\u56fe\u72473-3-243x300.png 243w\" sizes=\"(max-width: 556px) 100vw, 556px\" \/><\/p>\n<p><span style=\"font-family: arial, helvetica, sans-serif; font-size: 12pt;\"><strong><b>1\u3001 <\/b><\/strong><strong><b>Tehni\u010dki<\/b><\/strong><strong><b>\u00a0<\/b><\/strong><strong><b>P<\/b><\/strong><strong><b>Arametri<\/b><\/strong><\/span><\/p>\n<h3><span style=\"font-family: arial, helvetica, sans-serif; font-size: 12pt;\"><strong><b>1.1 Ukupne dimenzije<\/b><\/strong><\/span><\/h3>\n<p><span style=\"font-family: arial, helvetica, sans-serif; font-size: 12pt;\"><strong><b>Nazivno optere\u0107enje<\/b><\/strong><strong><b>:<\/b><\/strong>\u00a04000kg<\/span><\/p>\n<p><span style=\"font-family: arial, helvetica, sans-serif; font-size: 12pt;\"><strong><b>Ukupno <\/b><\/strong><strong><b>du\u017eina<\/b><\/strong><strong><b>:<\/b><\/strong>\u00a0\u00a07230 mm<\/span><\/p>\n<p><span style=\"font-family: arial, helvetica, sans-serif; font-size: 12pt;\"><strong><b>O<\/b><\/strong><strong><b>Veralna \u0161irina<\/b><\/strong><strong><b>: <\/b><\/strong><strong><b>\u00a0<\/b><\/strong>\u00a01750 mm<\/span><\/p>\n<p><span style=\"font-family: arial, helvetica, sans-serif; font-size: 12pt;\"><strong><b>O<\/b><\/strong><strong><b>veral visina (uklju\u010duju\u0107i vrh voza\u010deve kabine)<\/b><\/strong><strong><b>: <\/b><\/strong>\u00a02100mm<\/span><\/p>\n<p><span style=\"font-family: arial, helvetica, sans-serif; font-size: 12pt;\"><strong><b>Kapacitet kante (SAE slo\u017eenje) <\/b><\/strong><strong><b>:<\/b><\/strong>\u00a02 m2<\/span><\/p>\n<p><span style=\"font-family: arial, helvetica, sans-serif; font-size: 12pt;\"><strong><b>Maksimalna visina podizanja<\/b><\/strong><strong><b>:<\/b><\/strong>\u00a04075mm<\/span><\/p>\n<p><span style=\"font-family: arial, helvetica, sans-serif; font-size: 12pt;\"><strong><b>Maksimalna visina istovara<\/b><\/strong><strong><b>:<\/b><\/strong>\u00a01790 mm<\/span><\/p>\n<p><span style=\"font-family: arial, helvetica, sans-serif; font-size: 12pt;\"><strong><b>Ugao isklju\u010divanja<\/b><\/strong><strong><b>\uff1a<\/b><\/strong>\u00a040 \u00b0<\/span><\/p>\n<p><span style=\"font-family: arial, helvetica, sans-serif; font-size: 12pt;\"><strong><b>Podloga kota\u010da<\/b><\/strong>\u00a0\uff1a2580mm<\/span><\/p>\n<p><span style=\"font-family: arial, helvetica, sans-serif; font-size: 12pt;\"><strong><b>Minimalna razina od zemlje \u2265<\/b><\/strong>\u00a0240 mm<\/span><\/p>\n<p><span style=\"font-family: arial, helvetica, sans-serif; font-size: 12pt;\"><strong><b>Ugao odlaska<\/b><\/strong><strong><b>\uff1a<\/b><\/strong>\u00a014 \u00b0<\/span><\/p>\n<h3><span style=\"font-family: arial, helvetica, sans-serif; font-size: 12pt;\"><strong><b>1.2 Te\u017eina ma\u0161ine<\/b><\/strong><\/span><\/h3>\n<p><span style=\"font-family: arial, helvetica, sans-serif; font-size: 12pt;\"><strong><b>Operacija<\/b><\/strong><strong><b>\u00a0te\u017eina<\/b><\/strong><strong><b>\uff1a<\/b><\/strong>\u00a013100kg<\/span><\/p>\n<p><span style=\"font-family: arial, helvetica, sans-serif; font-size: 12pt;\"><strong><b>F<\/b><\/strong><strong><b>Ull te\u017eina optere\u0107enja<\/b><\/strong><strong><b>\uff1a<\/b><\/strong>\u00a0\u00a0\u00a0\u00a017100kg<\/span><\/p>\n<p>&nbsp;<\/p>\n<h3><span style=\"font-family: arial, helvetica, sans-serif; font-size: 12pt;\"><strong><b>1.3 Operativna sposobnost<\/b><\/strong><\/span><\/h3>\n<p><span style=\"font-family: arial, helvetica, sans-serif; font-size: 12pt;\"><strong><b>Brzina putovanja<\/b><\/strong><\/span><\/p>\n<p><span style=\"font-family: arial, helvetica, sans-serif; font-size: 12pt;\"><strong><b>Napred<\/b><\/strong><strong><b>\/<\/b><\/strong><strong><b>Obrnuto: <\/b><\/strong>\u00a00 ~ 25 km \/ h<\/span><\/p>\n<p><span style=\"font-family: arial, helvetica, sans-serif; font-size: 12pt;\"><strong><b>Sposobnost penjanja 14 \u00b0<\/b><\/strong><strong><b>:<\/b><\/strong><strong><b>\u00a0<\/b><\/strong>3.4km\/h<\/span><\/p>\n<p><span style=\"font-family: arial, helvetica, sans-serif; font-size: 12pt;\"><strong><b>Maksimalna vu\u010dna sila<\/b><\/strong><strong><b>:<\/b><\/strong>\u00a0110 KN<\/span><\/p>\n<p><span style=\"font-family: arial, helvetica, sans-serif; font-size: 12pt;\"><strong><b>Maksimalna snaga \u0161krebanja<\/b><\/strong><strong><b>: <\/b><\/strong>(SAE) 90KN<\/span><\/p>\n<h3><span style=\"font-family: arial, helvetica, sans-serif; font-size: 12pt;\"><strong><b>1.4 Rezervoar za gorivo<\/b><\/strong><\/span><\/h3>\n<p><span style=\"font-family: arial, helvetica, sans-serif; font-size: 12pt;\"><strong><b>Rezervoar za gorivo (L) <\/b><\/strong><strong><b>:<\/b><\/strong>130<\/span><\/p>\n<p><span style=\"font-family: arial, helvetica, sans-serif; font-size: 12pt;\"><strong><b>Hidrauli\u010dni spremnik za ulje (L)<\/b><\/strong><strong><b>:<\/b><\/strong>\u00a0160<\/span><\/p>\n<h3><span style=\"font-family: arial, helvetica, sans-serif; font-size: 12pt;\"><strong><b>1.5 Upravljanje<\/b><\/strong><\/span><\/h3>\n<p><span style=\"font-family: arial, helvetica, sans-serif; font-size: 12pt;\"><strong><b>Centralno zglobno hidrauli\u010dno servo upravljanje<\/b><\/strong><\/span><\/p>\n<p><span style=\"font-family: arial, helvetica, sans-serif; font-size: 12pt;\"><strong><b>Minimalni radijus okretanja<\/b><\/strong><strong><b>&#8211;<\/b><\/strong><strong><b>\u00a0unutra<\/b><\/strong>:\u00a0\u00a0\u00a0\u00a0\u00a0\u00a0\u00a02860 \u00b1 200mm<\/span><\/p>\n<p><span style=\"font-family: arial, helvetica, sans-serif; font-size: 12pt;\"><strong><b>Vani.<\/b><\/strong>\uff1a \u00a05300 \u00b1 200mm<\/span><\/p>\n<p><span style=\"font-family: arial, helvetica, sans-serif; font-size: 12pt;\"><strong><b>2\u3001 Glavna konfiguracija cijele ma\u0161ine<\/b><\/strong><\/span><\/p>\n<h3><span style=\"font-family: arial, helvetica, sans-serif; font-size: 12pt;\"><strong><b>2.1 Motor<\/b><\/strong><\/span><\/h3>\n<p><span style=\"font-family: arial, helvetica, sans-serif; font-size: 12pt;\"><strong><b>Proizvo\u0111a\u010d<\/b><\/strong><strong><b>:<\/b><\/strong><strong><b>\u00a0<\/b><\/strong>DEUTZ kompanija<\/span><\/p>\n<p><span style=\"font-family: arial, helvetica, sans-serif; font-size: 12pt;\"><strong><b>Model<\/b><\/strong><strong><b>:<\/b><\/strong>\u00a0F6L914 (Uvoz proizveden u Njema\u010dkoj)<\/span><\/p>\n<p><span style=\"font-family: arial, helvetica, sans-serif; font-size: 12pt;\"><strong><b>Tip:<\/b><\/strong>\u00a0Dizel motor hla\u0111en vazduhom<\/span><\/p>\n<p><span style=\"font-family: arial, helvetica, sans-serif; font-size: 12pt;\"><strong><b>Nazivna snaga<\/b><\/strong><strong><b>:<\/b><\/strong>\u00a0\u00a084KW \/ 2300rpm<\/span><\/p>\n<p>&nbsp;<\/p>\n<p><strong style=\"font-family: arial, helvetica, sans-serif;\">\u00a0<\/strong><\/p>\n<h3 style=\"padding-left: 600px;\"><span style=\"font-family: arial, helvetica, sans-serif; font-size: 12pt;\"><strong><b>2.2 Hidrauli\u010dki pretvara\u010d obrtnog momenta<\/b><\/strong><\/span><\/h3>\n<p><span style=\"font-family: arial, helvetica, sans-serif; font-size: 12pt;\"><strong style=\"font-size: 12pt;\"><b>\u00a0 \u00a0 \u00a0 \u00a0Model<\/b><\/strong><strong style=\"font-size: 12pt;\"><b>: <\/b><\/strong><span style=\"font-size: 12pt;\">SAD DANA 272 ili<\/span><strong style=\"font-size: 12pt;\"><b>\u00a0<\/b><\/strong><span style=\"font-size: 12pt;\">YJ315 (Huashou Te\u0161ka industrija)<\/span><\/span><\/p>\n<h3 style=\"padding-left: 600px;\"><span style=\"font-family: arial, helvetica, sans-serif; font-size: 12pt;\"><strong><b>2.3 Transmisija<\/b><\/strong><\/span><\/h3>\n<p style=\"padding-left: 600px;\"><span style=\"font-family: arial, helvetica, sans-serif; font-size: 12pt;\"><strong><b>Model<\/b><\/strong><strong><b>: <\/b><\/strong>SAD DANA RT32000 Sereis ili<strong><b>\u00a0<\/b><\/strong>159A (Hangzhou Gears)<\/span><\/p>\n<p style=\"padding-left: 600px;\"><span style=\"font-family: arial, helvetica, sans-serif; font-size: 12pt;\"><strong><b>Tip:<\/b><\/strong>\u00a0Power Shift<\/span><\/p>\n<p style=\"padding-left: 600px;\"><span style=\"font-family: arial, helvetica, sans-serif; font-size: 12pt;\"><strong><b>2.4 Pogonska osovina<\/b><\/strong><\/span><\/p>\n<p style=\"padding-left: 600px;\"><span style=\"font-family: arial, helvetica, sans-serif; font-size: 12pt;\"><strong><b>Proizvodnja<\/b><\/strong><strong><b>Da. <\/b><\/strong>Xuzhou osovina<\/span><\/p>\n<p style=\"padding-left: 600px;\"><span style=\"font-family: arial, helvetica, sans-serif; font-size: 12pt;\"><strong><b>Model<\/b><\/strong>WJ2DN-F\/R<\/span><\/p>\n<p style=\"padding-left: 600px;\"><span style=\"font-family: arial, helvetica, sans-serif; font-size: 12pt;\"><strong><b>Kruta planetarna osovina prijenosa sa diferencijalom protiv klizanja tipa NO-SPIN<\/b><\/strong><strong><b>s<\/b><\/strong><\/span><\/p>\n<h3 style=\"padding-left: 600px;\"><span style=\"font-family: arial, helvetica, sans-serif; font-size: 12pt;\"><strong><b>2.5 Hidrauli\u010dki sistem<\/b><\/strong><\/span><\/h3>\n<p style=\"padding-left: 600px;\"><span style=\"font-family: arial, helvetica, sans-serif; font-size: 12pt;\"><strong><b>Mokra ko\u010dnica sa vi\u0161e diskova sa radnom ko\u010dnicom<\/b><\/strong><\/span><\/p>\n<p style=\"padding-left: 600px;\"><span style=\"font-family: arial, helvetica, sans-serif; font-size: 12pt;\"><strong><b>Parkira\u010dka ko\u010dnica<\/b><\/strong><strong><b>U: S<\/b><\/strong><strong><b>princ <\/b><\/strong><strong><b>Primjenjena H<\/b><\/strong><strong><b>hidrauli\u010dni <\/b><\/strong><strong><b>R<\/b><\/strong><strong><b>Eleaze<\/b><\/strong><\/span><\/p>\n<p style=\"padding-left: 600px;\"><span style=\"font-family: arial, helvetica, sans-serif; font-size: 12pt;\"><strong><b>Vi\u0161eputni ventil<\/b><\/strong><strong><b>Sjedinjene Ameri\u010dke Dr\u017eave<\/b><\/strong><strong><b>\u00a0P<\/b><\/strong><strong><b>ARKER je<\/b><\/strong><\/span><\/p>\n<p style=\"padding-left: 600px;\"><span style=\"font-family: arial, helvetica, sans-serif; font-size: 12pt;\"><strong><b>Pumpa<\/b><\/strong><strong><b>Evropski brend PERMCO<\/b><\/strong><\/span><\/p>\n<p>&nbsp;<\/p>","protected":false},"excerpt":{"rendered":"<p><span style=\"font-family: arial, helvetica, sans-serif;\">Podzemni utovara\u010d ZDL204DH uglavnom se koristi u kombinaciji sa rudarskim kamionima u podzemnim kopanjem i rudarskim operacijama. Lopata utovara rudu i razli\u010dite materijale mo\u017ee uvelike pobolj\u0161ati operativnu efikasnost i va\u017ena je oprema za postizanje rudarstva bez staze.<\/span><\/p>","protected":false},"featured_media":2674,"comment_status":"closed","ping_status":"closed","template":"","meta":{"_acf_changed":false},"product_brand":[],"product_cat":[15],"product_tag":[],"class_list":{"0":"post-2623","1":"product","2":"type-product","3":"status-publish","4":"has-post-thumbnail","6":"product_cat-trackless-mining-equipment","8":"first","9":"instock","10":"shipping-taxable","11":"product-type-simple"},"acf":[],"_links":{"self":[{"href":"https:\/\/www.zongdamining.com\/bs\/wp-json\/wp\/v2\/product\/2623","targetHints":{"allow":["GET"]}}],"collection":[{"href":"https:\/\/www.zongdamining.com\/bs\/wp-json\/wp\/v2\/product"}],"about":[{"href":"https:\/\/www.zongdamining.com\/bs\/wp-json\/wp\/v2\/types\/product"}],"replies":[{"embeddable":true,"href":"https:\/\/www.zongdamining.com\/bs\/wp-json\/wp\/v2\/comments?post=2623"}],"wp:featuredmedia":[{"embeddable":true,"href":"https:\/\/www.zongdamining.com\/bs\/wp-json\/wp\/v2\/media\/2674"}],"wp:attachment":[{"href":"https:\/\/www.zongdamining.com\/bs\/wp-json\/wp\/v2\/media?parent=2623"}],"wp:term":[{"taxonomy":"product_brand","embeddable":true,"href":"https:\/\/www.zongdamining.com\/bs\/wp-json\/wp\/v2\/product_brand?post=2623"},{"taxonomy":"product_cat","embeddable":true,"href":"https:\/\/www.zongdamining.com\/bs\/wp-json\/wp\/v2\/product_cat?post=2623"},{"taxonomy":"product_tag","embeddable":true,"href":"https:\/\/www.zongdamining.com\/bs\/wp-json\/wp\/v2\/product_tag?post=2623"}],"curies":[{"name":"wp","href":"https:\/\/api.w.org\/{rel}","templated":true}]}}