{"id":2649,"date":"2025-09-08T13:40:17","date_gmt":"2025-09-08T05:40:17","guid":{"rendered":"https:\/\/www.zongdamining.com\/?post_type=product&#038;p=2649"},"modified":"2026-01-27T11:14:44","modified_gmt":"2026-01-27T03:14:44","slug":"zdl307l-low-profile-lhd","status":"publish","type":"product","link":"https:\/\/www.zongdamining.com\/bs\/product\/zdl307l-low-profile-lhd\/","title":{"rendered":"ZDL307L LHD niskog profila za podzemni rudnik"},"content":{"rendered":"<p><span style=\"font-family: arial, helvetica, sans-serif;\"><strong><b>Karakteristike:<\/b><\/strong><\/span><\/p>\n<p><span style=\"font-family: arial, helvetica, sans-serif;\"><strong><b>Posebno dizajniran za rudarstvo ruda od 4mx4m i kopanje tunela kako bi se osigurao maksimalni kapacitet optere\u0107enja. Hidrauli\u010dki mehani\u010dki prenosni sistem osigurava ve\u0107u privla\u010dnost, osiguravaju\u0107i maksimalnu snagu umetanja kante tokom rudarstva i pru\u017eaju\u0107i udobnu kabinu operatorima.<\/b><\/strong><\/span><\/p>\n<p><img fetchpriority=\"high\" decoding=\"async\" class=\"wp-image-2650 aligncenter\" src=\"http:\/\/www.zongdamining.com\/wp-content\/uploads\/2025\/09\/\u56fe\u72471.png\" alt=\"\" width=\"566\" height=\"283\" srcset=\"https:\/\/www.zongdamining.com\/wp-content\/uploads\/2025\/09\/\u56fe\u72471.png 1920w, https:\/\/www.zongdamining.com\/wp-content\/uploads\/2025\/09\/\u56fe\u72471-300x150.png 300w, https:\/\/www.zongdamining.com\/wp-content\/uploads\/2025\/09\/\u56fe\u72471-1024x512.png 1024w, https:\/\/www.zongdamining.com\/wp-content\/uploads\/2025\/09\/\u56fe\u72471-768x384.png 768w, https:\/\/www.zongdamining.com\/wp-content\/uploads\/2025\/09\/\u56fe\u72471-1536x768.png 1536w, https:\/\/www.zongdamining.com\/wp-content\/uploads\/2025\/09\/\u56fe\u72471-600x300.png 600w\" sizes=\"(max-width: 566px) 100vw, 566px\" \/><\/p>\n<ul>\n<li><span style=\"font-family: arial, helvetica, sans-serif;\">Visoka sigurnost. Operatori su za\u0161ti\u0107eni za\u0161titnim baldahinom i dr\u017eani daleko od opasnih podru\u010dja.<\/span><\/li>\n<li><span style=\"font-family: arial, helvetica, sans-serif;\">Svi dijelovi za odr\u017eavanje su dobro za\u0161ti\u0107eni i jednostavni za odr\u017eavanje.<\/span><\/li>\n<li><span style=\"font-family: arial, helvetica, sans-serif;\">Motor je Deutz motor hla\u0111en vazduhom;<\/span><\/li>\n<li><span style=\"font-family: arial, helvetica, sans-serif;\">Menja\u010d usvaja uvozni DANA pretvara\u010d obrtnog momenta i menja\u010d za menja\u010d snage;<\/span><\/li>\n<li><span style=\"font-family: arial, helvetica, sans-serif;\">Kompaktan i fleksibilan dizajn pogodan za uske tunele;<\/span><\/li>\n<li><span style=\"font-family: arial, helvetica, sans-serif;\">Vi\u0161eputni ventil usvaja tip pilotnog upravljanja, koji je pogodniji za rad;<\/span><\/li>\n<li><span style=\"font-family: arial, helvetica, sans-serif;\">Centralna \u0161arka, niska stopa kvarova, visoka udobnost;<\/span><\/li>\n<li><span style=\"font-family: arial, helvetica, sans-serif;\">Stra\u017enja osovina usvaja dvostruki okvir za podr\u0161ku kako bi se smanjila stopa kvarova.<\/span><\/li>\n<\/ul>\n<p><span style=\"font-family: arial, helvetica, sans-serif;\"><strong><b>Proizvodni kapacitet<img decoding=\"async\" class=\"wp-image-2651 alignright\" src=\"http:\/\/www.zongdamining.com\/wp-content\/uploads\/2025\/09\/\u56fe\u72472.png\" alt=\"\" width=\"428\" height=\"571\" srcset=\"https:\/\/www.zongdamining.com\/wp-content\/uploads\/2025\/09\/\u56fe\u72472.png 534w, https:\/\/www.zongdamining.com\/wp-content\/uploads\/2025\/09\/\u56fe\u72472-225x300.png 225w\" sizes=\"(max-width: 428px) 100vw, 428px\" \/>\u00a0 \u00a0 \u00a0 \u00a0 \u00a0 \u00a0 \u00a0 \u00a0 \u00a0 \u00a0 \u00a0 \u00a0 \u00a0 \u00a0 \u00a0 \u00a0 \u00a0 \u00a0 \u00a0 \u00a0 \u00a0 \u00a0 \u00a0 \u00a0 \u00a0 \u00a0 \u00a0 \u00a0 \u00a0 \u00a0 \u00a0 \u00a0 \u00a0 \u00a0 \u00a0 \u00a0 \u00a0 \u00a0 \u00a0 \u00a0 \u00a0 \u00a0 \u00a0 \u00a0 \u00a0 \u00a0 \u00a0 \u00a0 \u00a0 \u00a0 \u00a0 \u00a0 \u00a0 \u00a0 \u00a0 \u00a0 \u00a0 \u00a0 \u00a0 \u00a0 \u00a0 \u00a0 \u00a0 \u00a0 \u00a0 \u00a0<\/b><\/strong><\/span><\/p>\n<ul>\n<li><span style=\"font-family: arial, helvetica, sans-serif;\">Kapacitet optere\u0107enja: 6000kg<\/span><\/li>\n<li><span style=\"font-family: arial, helvetica, sans-serif;\">Vu\u010dna sila \u2265120kN<\/span><\/li>\n<li><span style=\"font-family: arial, helvetica, sans-serif;\">Sila strkanja, prikupljena kanta \u2265100kN<\/span><\/li>\n<li><span style=\"font-family: arial, helvetica, sans-serif;\">Standardna kanta: 3 m\u00b3<\/span><\/li>\n<\/ul>\n<p><strong style=\"font-family: arial, helvetica, sans-serif; text-align: right;\"><b>Brzina vo\u017enje naprijed i nazad (horizontalno\/puno optere\u0107enje)<\/b><\/strong><\/p>\n<ul>\n<li><span style=\"font-family: arial, helvetica, sans-serif;\">Prva brzina: 4,0 km\/h<\/span><\/li>\n<li><span style=\"font-family: arial, helvetica, sans-serif;\">Druga brzina: 10,0 km\/h<\/span><\/li>\n<\/ul>\n<p><strong><span style=\"font-family: arial, helvetica, sans-serif;\">Vrijeme rada kante<\/span><\/strong><\/p>\n<ul>\n<li><span style=\"font-family: arial, helvetica, sans-serif;\">Lift: 6.5S<\/span><\/li>\n<li><span style=\"font-family: arial, helvetica, sans-serif;\">Jesen: 3.6S<\/span><\/li>\n<li><span style=\"font-family: arial, helvetica, sans-serif;\">Izbacivanje: 3.2<\/span><\/li>\n<\/ul>\n<p><strong style=\"font-family: arial, helvetica, sans-serif;\"><b>Prazna te\u017eina<\/b><\/strong><\/p>\n<p>&nbsp;<\/p>\n<ul>\n<li><span style=\"font-family: arial, helvetica, sans-serif;\">Te\u017eina vozila: 20 500kg<\/span><\/li>\n<li><span style=\"font-family: arial, helvetica, sans-serif;\">Optere\u0107enje prednje osovine: 9 000 kg<\/span><\/li>\n<li><span style=\"font-family: arial, helvetica, sans-serif;\">Stra\u017enja osovina optere\u0107enja: 11 500kg<\/span><\/li>\n<\/ul>\n<p><span style=\"font-family: arial, helvetica, sans-serif;\"><strong><b>Puna te\u017eina optere\u0107enja<\/b><\/strong><\/span><\/p>\n<ul>\n<li><span style=\"font-family: arial, helvetica, sans-serif;\">Ukupna te\u017eina punog optere\u0107enja: 27 5000kg<\/span><\/li>\n<li><span style=\"font-family: arial, helvetica, sans-serif;\">Optere\u0107enje prednje osovine: 19 700 kg<\/span><\/li>\n<li><span style=\"font-family: arial, helvetica, sans-serif;\">Stra\u017enja osovina optere\u0107enja: 7 800kg<\/span><\/li>\n<\/ul>\n<p><span style=\"font-family: arial, helvetica, sans-serif;\"><strong>Motor<img decoding=\"async\" class=\"wp-image-2732 alignleft\" src=\"http:\/\/www.zongdamining.com\/wp-content\/uploads\/2025\/09\/350A6755-\u62f7\u8d1d-scaled.png\" alt=\"\" width=\"629\" height=\"629\" srcset=\"https:\/\/www.zongdamining.com\/wp-content\/uploads\/2025\/09\/350A6755-\u62f7\u8d1d-scaled.png 2560w, https:\/\/www.zongdamining.com\/wp-content\/uploads\/2025\/09\/350A6755-\u62f7\u8d1d-300x300.png 300w, https:\/\/www.zongdamining.com\/wp-content\/uploads\/2025\/09\/350A6755-\u62f7\u8d1d-1024x1024.png 1024w, https:\/\/www.zongdamining.com\/wp-content\/uploads\/2025\/09\/350A6755-\u62f7\u8d1d-150x150.png 150w, https:\/\/www.zongdamining.com\/wp-content\/uploads\/2025\/09\/350A6755-\u62f7\u8d1d-768x768.png 768w, https:\/\/www.zongdamining.com\/wp-content\/uploads\/2025\/09\/350A6755-\u62f7\u8d1d-1536x1536.png 1536w, https:\/\/www.zongdamining.com\/wp-content\/uploads\/2025\/09\/350A6755-\u62f7\u8d1d-2048x2048.png 2048w, https:\/\/www.zongdamining.com\/wp-content\/uploads\/2025\/09\/350A6755-\u62f7\u8d1d-700x700.png 700w, https:\/\/www.zongdamining.com\/wp-content\/uploads\/2025\/09\/350A6755-\u62f7\u8d1d-600x600.png 600w, https:\/\/www.zongdamining.com\/wp-content\/uploads\/2025\/09\/350A6755-\u62f7\u8d1d-100x100.png 100w\" sizes=\"(max-width: 629px) 100vw, 629px\" \/><\/strong><\/span><\/p>\n<ul>\n<li><span style=\"font-family: arial, helvetica, sans-serif;\">Diesel motor: Njema\u010dki Deutz BF6M1013EC<\/span><\/li>\n<li><span style=\"font-family: arial, helvetica, sans-serif;\">Izlazna snaga: 165kW@2300rpm<\/span><\/li>\n<li><span style=\"font-family: arial, helvetica, sans-serif;\">Obretni moment: 854Nm@1400rpm<\/span><\/li>\n<li><span style=\"font-family: arial, helvetica, sans-serif;\">Broj cilindra: Inline 6-cilindarni motor<\/span><\/li>\n<li><span style=\"font-family: arial, helvetica, sans-serif;\">Raspored: 7L<\/span><\/li>\n<li><span style=\"font-family: arial, helvetica, sans-serif;\">Sistem hla\u0111enja: Vodom hla\u0111en<\/span><\/li>\n<li><span style=\"font-family: arial, helvetica, sans-serif;\">Elektri\u010dni sistem: 24V<\/span><\/li>\n<li><span style=\"font-family: arial, helvetica, sans-serif;\">Prosje\u010dna potro\u0161nja goriva: 19L\/h<\/span><\/li>\n<li><span style=\"font-family: arial, helvetica, sans-serif;\">Kapacitet rezervoara za gorivo: 250L<\/span><\/li>\n<\/ul>\n<p><span style=\"font-family: arial, helvetica, sans-serif;\"><strong>Konverter obrtnog momenta<\/strong><\/span><\/p>\n<ul>\n<li><span style=\"font-family: arial, helvetica, sans-serif;\">DANA C270: Jedan nivo \u00a0\u00a0\u00a0<\/span><\/li>\n<\/ul>\n<p><span style=\"font-family: arial, helvetica, sans-serif;\"><strong><b>Transmisija<\/b><\/strong><\/span><\/p>\n<ul>\n<li><span style=\"font-family: arial, helvetica, sans-serif;\">DANA R32000: Elektri\u010dna kontrola promene zup\u010danika<\/span><\/li>\n<\/ul>\n<p><span style=\"font-family: arial, helvetica, sans-serif;\"><strong><b>Osovina<\/b><\/strong><\/span><\/p>\n<p><span style=\"font-family: arial, helvetica, sans-serif;\">SAD DANA<\/span><\/p>\n<ul>\n<li><span style=\"font-family: arial, helvetica, sans-serif;\">Prednja osovina: 16D, proljetna hidrauli\u010dna ko\u010dnica, bez diferencijala SPIN, fiksna instalacija<\/span><\/li>\n<li><span style=\"font-family: arial, helvetica, sans-serif;\">Stra\u017enja osovina: 16D, proljetna hidrauli\u010dna ko\u010dnica za otpu\u0161tanje, standardni diferencijal, ugao zamaha \u00b1 8 \u00b0<\/span><\/li>\n<\/ul>\n<p><span style=\"font-family: arial, helvetica, sans-serif;\"><strong><b>Gume<\/b><\/strong><\/span><\/p>\n<ul>\n<li><span style=\"font-family: arial, helvetica, sans-serif;\">Model guma: 17.5-25S<\/span><\/li>\n<\/ul>\n<p><span style=\"font-family: arial, helvetica, sans-serif;\"><strong><b>Prednji i stra\u017enji okviri<img loading=\"lazy\" decoding=\"async\" class=\"wp-image-2674 alignright\" src=\"http:\/\/www.zongdamining.com\/wp-content\/uploads\/2025\/08\/350A6831-\u62f7\u8d1d-scaled.jpg\" alt=\"\" width=\"635\" height=\"635\" srcset=\"https:\/\/www.zongdamining.com\/wp-content\/uploads\/2025\/08\/350A6831-\u62f7\u8d1d-scaled.jpg 2560w, https:\/\/www.zongdamining.com\/wp-content\/uploads\/2025\/08\/350A6831-\u62f7\u8d1d-300x300.jpg 300w, https:\/\/www.zongdamining.com\/wp-content\/uploads\/2025\/08\/350A6831-\u62f7\u8d1d-1024x1024.jpg 1024w, https:\/\/www.zongdamining.com\/wp-content\/uploads\/2025\/08\/350A6831-\u62f7\u8d1d-150x150.jpg 150w, https:\/\/www.zongdamining.com\/wp-content\/uploads\/2025\/08\/350A6831-\u62f7\u8d1d-768x768.jpg 768w, https:\/\/www.zongdamining.com\/wp-content\/uploads\/2025\/08\/350A6831-\u62f7\u8d1d-1536x1536.jpg 1536w, https:\/\/www.zongdamining.com\/wp-content\/uploads\/2025\/08\/350A6831-\u62f7\u8d1d-2048x2048.jpg 2048w, https:\/\/www.zongdamining.com\/wp-content\/uploads\/2025\/08\/350A6831-\u62f7\u8d1d-700x700.jpg 700w, https:\/\/www.zongdamining.com\/wp-content\/uploads\/2025\/08\/350A6831-\u62f7\u8d1d-600x600.jpg 600w, https:\/\/www.zongdamining.com\/wp-content\/uploads\/2025\/08\/350A6831-\u62f7\u8d1d-100x100.jpg 100w\" sizes=\"(max-width: 635px) 100vw, 635px\" \/><\/b><\/strong><\/span><\/p>\n<ul>\n<li><span style=\"font-family: arial, helvetica, sans-serif;\">Visoka \u010dvrsto\u0107a zavarena \u010deli\u010dna konstrukcija. Omjer debljine materijala je optimizovan kako bi se smanjila sama te\u017eina, pobolj\u0161ao kapacitet transporta i pobolj\u0161ao \u017eivotni vijek strukturnih komponenti.<\/span><\/li>\n<li><span style=\"font-family: arial, helvetica, sans-serif;\">Centralna \u0161arka<\/span><\/li>\n<li><span style=\"font-family: arial, helvetica, sans-serif;\">Automatsko centralizovano podmazivanje: Opcionalno<\/span><\/li>\n<\/ul>\n<p><span style=\"font-family: arial, helvetica, sans-serif;\"><strong><b>S<\/b><\/strong><strong><b>hidrauli\u010dki sistem<\/b><\/strong><\/span><\/p>\n<ul>\n<li><span style=\"font-family: arial, helvetica, sans-serif;\">Centralna \u0161arka, hidrauli\u010dni servo upravlja\u010d, dva dvostruka uljna cilindra rade. Potpuno hidrauli\u010dno upravljanje pilotom.<\/span><\/li>\n<\/ul>\n<p><span style=\"font-family: arial, helvetica, sans-serif;\"><strong><b>Radius okretanja<\/b><\/strong><\/span><\/p>\n<ul>\n<li><span style=\"font-family: arial, helvetica, sans-serif;\">Ugao upravljanja: \u00b1 40\u00b0<\/span><\/li>\n<li><span style=\"font-family: arial, helvetica, sans-serif;\">Unutarnji promjer: 3000 mm<\/span><\/li>\n<li><span style=\"font-family: arial, helvetica, sans-serif;\">Vanjski promjer: 6200 mm<\/span><\/li>\n<\/ul>\n<p><span style=\"font-family: arial, helvetica, sans-serif;\"><strong><b>Hidrauli\u010dki sistem za kantu<\/b><\/strong><\/span><\/p>\n<ul>\n<li><span style=\"font-family: arial, helvetica, sans-serif;\">Dvostruka kontrolna poluga kontroli\u0161e kretanje kante i brade (hidrauli\u010dna kontrola). Ulje se snabdeva glavnim ventilom hidrauli\u010dkog sistema kante pomo\u0107u zup\u010danike<\/span>.<\/li>\n<\/ul>\n<p><span style=\"font-family: arial, helvetica, sans-serif;\"><strong><b>Sistem ko\u010denja<\/b><\/strong><\/span><\/p>\n<ul>\n<li><span style=\"font-family: arial, helvetica, sans-serif;\">Vo\u017ena ko\u010dnica je opremljena pru\u017enim ko\u010dnicama na svakoj rubu kota\u010da i hidrauli\u010dnim mokrim ko\u010dnicama sa vi\u0161e diskova.<\/span><\/li>\n<li><span style=\"font-family: arial, helvetica, sans-serif;\">Hitno ko\u010denje i parkiraju\u0107e ko\u010denje su ko\u010denje sa strane kota\u010da pogonske osovine, dok su radno ko\u010denje i parkiraju\u0107e ko\u010denje kombinovane u jedno.<\/span><\/li>\n<li><span style=\"font-family: arial, helvetica, sans-serif;\">Performanse ko\u010dnog sistema ispunjavaju standarde EN ISO 3450, AS2958.1 i SABS 1589.<\/span><\/li>\n<\/ul>\n<p>&nbsp;<\/p>\n<p>&nbsp;<\/p>\n<p>&nbsp;<\/p>","protected":false},"excerpt":{"rendered":"<p><span style=\"font-family: arial, helvetica, sans-serif;\">Posebno dizajniran za rudarstvo ruda od 4mx4m i kopanje tunela kako bi se osigurao maksimalni kapacitet optere\u0107enja. Hidrauli\u010dki mehani\u010dki prenosni sistem osigurava ve\u0107u privla\u010dnost, osiguravaju\u0107i maksimalnu snagu umetanja kante tokom rudarstva i pru\u017eaju\u0107i udobnu kabinu operatorima.<\/span><\/p>","protected":false},"featured_media":2773,"comment_status":"closed","ping_status":"closed","template":"","meta":{"_acf_changed":false},"product_brand":[],"product_cat":[15],"product_tag":[],"class_list":{"0":"post-2649","1":"product","2":"type-product","3":"status-publish","4":"has-post-thumbnail","6":"product_cat-trackless-mining-equipment","8":"first","9":"instock","10":"shipping-taxable","11":"product-type-simple"},"acf":[],"_links":{"self":[{"href":"https:\/\/www.zongdamining.com\/bs\/wp-json\/wp\/v2\/product\/2649","targetHints":{"allow":["GET"]}}],"collection":[{"href":"https:\/\/www.zongdamining.com\/bs\/wp-json\/wp\/v2\/product"}],"about":[{"href":"https:\/\/www.zongdamining.com\/bs\/wp-json\/wp\/v2\/types\/product"}],"replies":[{"embeddable":true,"href":"https:\/\/www.zongdamining.com\/bs\/wp-json\/wp\/v2\/comments?post=2649"}],"wp:featuredmedia":[{"embeddable":true,"href":"https:\/\/www.zongdamining.com\/bs\/wp-json\/wp\/v2\/media\/2773"}],"wp:attachment":[{"href":"https:\/\/www.zongdamining.com\/bs\/wp-json\/wp\/v2\/media?parent=2649"}],"wp:term":[{"taxonomy":"product_brand","embeddable":true,"href":"https:\/\/www.zongdamining.com\/bs\/wp-json\/wp\/v2\/product_brand?post=2649"},{"taxonomy":"product_cat","embeddable":true,"href":"https:\/\/www.zongdamining.com\/bs\/wp-json\/wp\/v2\/product_cat?post=2649"},{"taxonomy":"product_tag","embeddable":true,"href":"https:\/\/www.zongdamining.com\/bs\/wp-json\/wp\/v2\/product_tag?post=2649"}],"curies":[{"name":"wp","href":"https:\/\/api.w.org\/{rel}","templated":true}]}}