{"id":2657,"date":"2025-09-08T14:24:06","date_gmt":"2025-09-08T06:24:06","guid":{"rendered":"https:\/\/www.zongdamining.com\/?post_type=product&#038;p=2657"},"modified":"2026-03-10T14:12:39","modified_gmt":"2026-03-10T06:12:39","slug":"zongda-zdl410-underground-loader","status":"publish","type":"product","link":"https:\/\/www.zongdamining.com\/bs\/product\/zongda-zdl410-underground-loader\/","title":{"rendered":"ZDL410 podzemni utovara\u010d"},"content":{"rendered":"<p><span style=\"font-family: arial, helvetica, sans-serif;\"><strong><b>ZDL410 podzemna<\/b><\/strong><strong><b>\u00a0<\/b><\/strong><strong><b>utovara\u010d <\/b><\/strong><strong><b>: <\/b><\/strong><strong><b>Bez staze lopata za utovar opreme za transport na kratke udaljenosti.<\/b><\/strong><\/span><\/p>\n<p><img fetchpriority=\"high\" decoding=\"async\" class=\"aligncenter wp-image-2658\" src=\"http:\/\/www.zongdamining.com\/wp-content\/uploads\/2025\/09\/\u56fe\u72471-1.png\" alt=\"\" width=\"794\" height=\"595\" srcset=\"https:\/\/www.zongdamining.com\/wp-content\/uploads\/2025\/09\/\u56fe\u72471-1.png 1386w, https:\/\/www.zongdamining.com\/wp-content\/uploads\/2025\/09\/\u56fe\u72471-1-300x225.png 300w, https:\/\/www.zongdamining.com\/wp-content\/uploads\/2025\/09\/\u56fe\u72471-1-1024x768.png 1024w, https:\/\/www.zongdamining.com\/wp-content\/uploads\/2025\/09\/\u56fe\u72471-1-768x576.png 768w, https:\/\/www.zongdamining.com\/wp-content\/uploads\/2025\/09\/\u56fe\u72471-1-600x450.png 600w\" sizes=\"(max-width: 794px) 100vw, 794px\" \/><\/p>\n<p><span style=\"font-family: arial, helvetica, sans-serif;\"><strong><b>ZDL410 podzemni utovara\u010d<\/b><\/strong>\u00a0uglavnom se koristi u kombinaciji sa rudarskim kamionima u podzemnim iskopavanjima i rudarskim operacijama. Lopata utovara rudu i razli\u010dite materijale mo\u017ee uvelike pobolj\u0161ati operativnu efikasnost i va\u017ena je oprema za postizanje rudarstva bez staze.<\/span><\/p>\n<p><span style=\"font-family: arial, helvetica, sans-serif;\"><strong><b>1.<\/b><\/strong><strong><b>Tehni\u010dke karakteristike<\/b><\/strong>:<\/span><\/p>\n<ul>\n<li><span style=\"font-family: arial, helvetica, sans-serif;\"><strong><b>Sistem napajanja<\/b><\/strong>:Energetski sistem usvaja VOLVO vodom hla\u0111eni motor sa niskim zaga\u0111enjem, niskom brzinom i visokim obrtnim momentom;<\/span><\/li>\n<li><span style=\"font-family: arial, helvetica, sans-serif;\"><strong><b>Transmisija<\/b><\/strong>: Sistem prijenosa snage usvaja DANA menja\u010d i pretvara\u010d obrtnog momenta, DANA hidrauli\u010dnu pogonsku osovinu za otpu\u0161tanje ko\u010dnice, pneumatske gume otporne na rezanje rudarstva i ima sistem automatskog mijenjanja;<\/span><\/li>\n<li><span style=\"font-family: arial, helvetica, sans-serif;\"><strong><b>Sistem ko\u010denja<\/b><\/strong>:Servisna ko\u010dnica usvaja mokru ko\u010dnicu sa vi\u0161e diskova i hidrauli\u010dnu ko\u010dnicu sa otpu\u0161tanjem; MICO ventil za punjenje i ko\u010dnini ventil; Parkira\u010dka ko\u010dnica usvaja pru\u017ene ko\u010dnice na pogonskoj osovini za ko\u010denje;<\/span><\/li>\n<li><span style=\"font-family: arial, helvetica, sans-serif;\"><strong><b>Okvir<\/b><\/strong>Okvir je centralna zglobna struktura, sa stra\u017enjom osovinom koja se ljuta lijevo i desno oko centra okvira kako bi se pobolj\u0161ale performanse adhezije cijele ma\u0161ine;<\/span><\/li>\n<li><span style=\"font-family: arial, helvetica, sans-serif;\"><strong><b>Upravljanje<\/b><\/strong>:Sistem upravljanja je hidrauli\u010dki sistem servo upravljanja sa dvostrukim cilindrima upravljanja;<\/span><\/li>\n<\/ul>\n<p><span style=\"font-family: arial, helvetica, sans-serif;\"><strong><b>2.<\/b><\/strong><strong><b>Sigurnosne mere:<\/b><\/strong><\/span><\/p>\n<ul>\n<li><span style=\"font-family: arial, helvetica, sans-serif;\"><strong><b>Bezbednosna oprema<\/b><\/strong>Operatori moraju nositi sigurnosne kacige, nositi ure\u0111aje za samospa\u0161avanje i koristiti rudarske lampe prilikom ulaska u bunar.<\/span><\/li>\n<li><span style=\"font-family: arial, helvetica, sans-serif;\"><strong><b>Redovno odr\u017eavanje<\/b><\/strong>Redovne inspekcije i brzo rje\u0161avanje skrivenih opasnosti.<\/span><\/li>\n<li><span style=\"font-family: arial, helvetica, sans-serif;\"><strong><b>Bez odr\u017eavanja tokom rada<\/b><\/strong>Strogo je zabranjeno odr\u017eavanje dok ma\u0161ina radi.<\/span><\/li>\n<li><span style=\"font-family: arial, helvetica, sans-serif;\"><strong><b>Bezbednost tokom zavarivanja\/rezanja<\/b><\/strong>Potvrdite odsustvo zapaljivih ili eksplozivnih materijala prije odr\u017eavanja.<\/span><\/li>\n<li><span style=\"font-family: arial, helvetica, sans-serif;\"><strong><b>Izpu\u0161ne cijevi mjere opreza<\/b><\/strong>Izbegavajte fizi\u010dki kontakt sa vru\u0107om izpu\u0161nom cijevi.<\/span><\/li>\n<li><span style=\"font-family: arial, helvetica, sans-serif;\"><strong><b>Odr\u017eavanje hidrauli\u010dnog sistema<\/b><\/strong>Pritisak se mora ubla\u017eiti pre po\u010detka bilo kakvih popravki.<\/span><\/li>\n<\/ul>\n<p>&nbsp;<\/p>\n<p><span style=\"font-family: arial, helvetica, sans-serif;\"><strong><b>Uvjeti primene<\/b><\/strong><strong><b>\u00a0za <\/b><\/strong><strong><b>ZDL410 podzemni utovara\u010d za unutra\u0161nje sagorevanje<\/b><\/strong><strong>:<\/strong><\/span><\/p>\n<p><span style=\"font-family: arial, helvetica, sans-serif;\"><b><\/b><strong><b>\u00a0 \u00a0 \u00a01.Specifikacije tunela<\/b><\/strong>:<\/span><\/p>\n<ul>\n<li><span style=\"font-family: arial, helvetica, sans-serif;\">Pogodan za tunele sa veli\u010dinom popre\u010dnog presjeka od <strong><b>5<\/b><\/strong><strong><b>metari (visina) \u00d7<\/b><\/strong><strong><b>5<\/b><\/strong><strong><b>metara (\u0161irina) i iznad<\/b><\/strong>.<\/span><\/li>\n<li><span style=\"font-family: arial, helvetica, sans-serif;\">Zahteva <strong><b>\u010dvrsta gornja plo\u010da<\/b><\/strong>.<\/span><\/li>\n<li><span style=\"font-family: arial, helvetica, sans-serif;\">Minimalni radijus okretanja od <strong><b>\u2265 <\/b><\/strong><strong><b>9<\/b><\/strong><strong><b>metara<\/b><\/strong>napolju.<\/span><\/li>\n<li><span style=\"font-family: arial, helvetica, sans-serif;\">Nagib puta treba da bude <strong><b>\u2264 14\u00b0<\/b><\/strong>.<\/span><\/li>\n<li><span style=\"font-family: arial, helvetica, sans-serif;\">Adekvatno <strong><b>ventilacija i drena\u017ea<\/b><\/strong>na radnom mjestu.<\/span><\/li>\n<\/ul>\n<p><span style=\"font-family: arial, helvetica, sans-serif;\"><b><\/b><strong><b>\u00a0 \u00a0 \u00a02.Faktori \u017eivotne sredine<\/b><\/strong>:<\/span><\/p>\n<ul>\n<li><span style=\"font-family: arial, helvetica, sans-serif;\">Temperatura okoline unutar tunela: <strong><b>-5\u00b0C do 40\u00b0C<\/b><\/strong>.<\/span><\/li>\n<li><span style=\"font-family: arial, helvetica, sans-serif;\">Maksimalna relativna vla\u017enost (na 25\u00b0C): <strong><b>Ne vi\u0161e od 85%<\/b><\/strong>.<\/span><\/li>\n<li><span style=\"font-family: arial, helvetica, sans-serif;\">Visina lokacije upotrebe: <strong><b>Ne ve\u0107i od 1000 metara<\/b><\/strong>.<\/span><\/li>\n<li><span style=\"font-family: arial, helvetica, sans-serif;\">Na visokim visinama (iznad 1000 metara), <strong><b>smanjenje snage<\/b><\/strong>potrebno je za operaciju.<\/span><\/li>\n<\/ul>\n<p><span style=\"font-family: arial, helvetica, sans-serif;\"><b><\/b><strong><b>\u00a0 \u00a0 \u00a03.Zahtjevi za gorivom<\/b><\/strong>:<\/span><\/p>\n<ul>\n<li><span style=\"font-family: arial, helvetica, sans-serif;\">Sadr\u017eaj sumpora goriva koje se koristi u ovoj ma\u0161ini mora <strong><b>ne prelazi 0,2%<\/b><\/strong>.<\/span><\/li>\n<\/ul>\n<p><span style=\"font-family: arial, helvetica, sans-serif;\"><b><\/b><strong><b>\u00a0 \u00a0 \u00a04.Sigurnosne mjere opreza<\/b><\/strong>:<\/span><\/p>\n<ul>\n<li><span style=\"font-family: arial, helvetica, sans-serif;\">Strogo <strong><b>zabranjeno<\/b><\/strong>na mjestima sa <strong><b>zapaljivi i eksplozivni gasovi<\/b><\/strong>(kao \u0161to su gas i pra\u0161ina od ugljena).<\/span><\/li>\n<\/ul>\n<p style=\"text-align: left;\"><strong><b>Dimenzije:<\/b><\/strong><\/p>\n<figure id=\"attachment_2659\" aria-describedby=\"caption-attachment-2659\" style=\"width: 531px\" class=\"wp-caption alignleft\"><img decoding=\"async\" class=\"wp-image-2659\" src=\"http:\/\/www.zongdamining.com\/wp-content\/uploads\/2025\/09\/\u56fe\u72472-1.png\" alt=\"Dimenzije obrisa\" width=\"531\" height=\"635\" srcset=\"https:\/\/www.zongdamining.com\/wp-content\/uploads\/2025\/09\/\u56fe\u72472-1.png 760w, https:\/\/www.zongdamining.com\/wp-content\/uploads\/2025\/09\/\u56fe\u72472-1-251x300.png 251w, https:\/\/www.zongdamining.com\/wp-content\/uploads\/2025\/09\/\u56fe\u72472-1-600x718.png 600w\" sizes=\"(max-width: 531px) 100vw, 531px\" \/><figcaption id=\"caption-attachment-2659\" class=\"wp-caption-text\">Tehni\u010dki parametri proizvoda<\/figcaption><\/figure>\n<p><span style=\"font-family: arial, helvetica, sans-serif;\"><strong><b>1.Tehni\u010dki parametri <\/b><\/strong><\/span><\/p>\n<ul>\n<li><span style=\"font-family: arial, helvetica, sans-serif;\"><strong> Nazivni kapacitet optere\u0107enja<\/strong>10 t (Puno optere\u0107enje)<\/span><\/li>\n<li><span style=\"font-family: arial, helvetica, sans-serif;\"><strong> Kapacitet kante<\/strong>:4.5 m \u00b3<\/span><\/li>\n<li><span style=\"font-family: arial, helvetica, sans-serif;\"><strong> Maksimalna brzina vo\u017enje u prvoj brzini<\/strong>:5,5 km\/h<\/span><\/li>\n<\/ul>\n<p><span style=\"font-family: arial, helvetica, sans-serif;\">\u00a0 \u00a0 \u00a0 \u00a0 \u00a0Druga brzina:10,2 km\/h<\/span><\/p>\n<p><span style=\"font-family: arial, helvetica, sans-serif;\">\u00a0 \u00a0 \u00a0 \u00a0 \u00a0Tre\u0107a brzina:17,5 km\/h<\/span><\/p>\n<p><span style=\"font-family: arial, helvetica, sans-serif;\">\u00a0 \u00a0 \u00a0 \u00a0 \u00a0\u010cetvrta brzina:31,7 km\/h<\/span><\/p>\n<p><span style=\"font-family: arial, helvetica, sans-serif;\">\u00a0 \u00a0 \u00a0 \u00a0 \u00a0Radno vrijeme:14 sekundi<\/span><\/p>\n<ul>\n<li><span style=\"font-family: arial, helvetica, sans-serif;\"><strong>Maksimalna vu\u010dna sila<\/strong>:200 kN<\/span><\/li>\n<li><span style=\"font-family: arial, helvetica, sans-serif;\"><strong>Maksimalna sila lopate<\/strong>:188 kN<\/span><\/li>\n<li><span style=\"font-family: arial, helvetica, sans-serif;\"><strong>Radius okretanja:<\/strong>3408 \u00b1 200 mm na unutra\u0161njoj strani<\/span><\/li>\n<\/ul>\n<p><span style=\"font-family: arial, helvetica, sans-serif;\">\u00a0 \u00a0 \u00a0 \u00a0 \u00a0 Vanjski 6700 \u00b1 200 mm<\/span><\/p>\n<ul>\n<li><span style=\"font-family: arial, helvetica, sans-serif;\"><strong>Maksimalna visina istovara:<\/strong>2050 mm<\/span><\/li>\n<li><span style=\"font-family: arial, helvetica, sans-serif;\"><strong>Minimalna udaljenost istovara:<\/strong>1650 mm<\/span><\/li>\n<li><span style=\"font-family: arial, helvetica, sans-serif;\"><strong>Maksimalni ugao istovara:<\/strong>39 \u00b0<\/span><\/li>\n<li><span style=\"font-family: arial, helvetica, sans-serif;\"><strong>Ugao upravljanja:<\/strong>\u00b1 42 \u00b0<\/span><\/li>\n<li><span style=\"font-family: arial, helvetica, sans-serif;\"><strong>Minimalna sloboda od povr\u0161ine:<\/strong>380 mm<\/span><\/li>\n<li><span style=\"font-family: arial, helvetica, sans-serif;\"><strong> Ukupne dimenzije (du\u017eina \u00d7 \u0161irina \u00d7 visina: <\/strong>9850 mm \u00d7 2588 mm \u00d7 2380 mm<\/span><\/li>\n<li><span style=\"font-family: arial, helvetica, sans-serif;\"><strong>Radna te\u017eina cijele ma\u0161ine:<\/strong>29000 \u00b1 500 kg<\/span><\/li>\n<\/ul>\n<p><span style=\"font-family: arial, helvetica, sans-serif;\"><strong><b>\u00a0 \u00a0 \u00a0<\/b><\/strong><\/span><\/p>\n<p><strong style=\"font-family: arial, helvetica, sans-serif;\">\u00a0<\/strong><\/p>\n<p><span style=\"font-family: arial, helvetica, sans-serif;\"><b>\u00a0<\/b><\/span><\/p>\n<p><span style=\"font-family: arial, helvetica, sans-serif;\"><strong><b>\u00a0 \u00a0 \u00a02.Engine\u00a0 \u00a0 \u00a0 \u00a0 \u00a0 \u00a0 \u00a0 \u00a0 \u00a0 \u00a0 \u00a0 \u00a0 \u00a0 \u00a0 \u00a0 \u00a0 \u00a0 \u00a0 \u00a0 \u00a0 \u00a0 \u00a0 \u00a0 \u00a0 \u00a0 \u00a0 \u00a0 \u00a0 \u00a0 \u00a0 \u00a0 \u00a0 \u00a0 \u00a0 \u00a0 \u00a0 \u00a0 \u00a0 \u00a0 \u00a0 \u00a0 \u00a0 \u00a0 \u00a0 \u00a0 \u00a0 \u00a0 \u00a0 \u00a0 \u00a0 \u00a0 \u00a0 \u00a0<\/b><\/strong><\/span><\/p>\n<ul>\n<li><span style=\"font-family: arial, helvetica, sans-serif;\"><strong>Motor:<\/strong>VOLVO TAD1151VE vodom hla\u0111eni motor sa niskim zaga\u0111enjem<\/span><\/li>\n<li><span style=\"font-family: arial, helvetica, sans-serif;\"><strong>Nazivna snaga\/nazivna brzina:<\/strong>265 kW\/2100 r\/min<\/span><\/li>\n<li><span style=\"font-family: arial, helvetica, sans-serif;\"><strong> Metoda po\u010detka:<\/strong>Elektri\u010dno pokretanje<\/span><\/li>\n<li><span style=\"font-family: arial, helvetica, sans-serif;\"><strong> Metoda \u010di\u0161\u0107enja izlaznih gasova: <\/strong>metoda kataliti\u010dkog \u010di\u0161\u0107enja<\/span><\/li>\n<li><span style=\"font-family: arial, helvetica, sans-serif;\"><strong> Kontrola gasa:<\/strong>Williams elektronski kontroler gasa<\/span><\/li>\n<\/ul>\n<p>&nbsp;<\/p>\n<p style=\"text-align: left;\"><span style=\"font-family: arial, helvetica, sans-serif;\"><strong><b>\u00a0 \u00a0 \u00a03.Sistem prijenosa<\/b><\/strong><\/span><\/p>\n<ul style=\"text-align: left;\">\n<li><span style=\"font-family: arial, helvetica, sans-serif;\"><strong>Model prijenosa:<\/strong>R36000<\/span><\/li>\n<li><span style=\"font-family: arial, helvetica, sans-serif;\"><strong>Model pretvara\u010da obrtnog momenta:<\/strong>C5500<\/span><\/li>\n<li><span style=\"font-family: arial, helvetica, sans-serif;\"><strong>Model pogonske osovine:<\/strong>DANA 20D<\/span><\/li>\n<li><span style=\"font-family: arial, helvetica, sans-serif;\"><strong> Guma: <\/strong>18.0-25R glatka guma od \u010deli\u010dne \u017eice<\/span><\/li>\n<\/ul>\n<p><span style=\"font-family: arial, helvetica, sans-serif;\"><strong><b>\u00a0 \u00a0 \u00a04.Sistem ko\u010denja<\/b><\/strong><\/span><\/p>\n<ul>\n<li><span style=\"font-family: arial, helvetica, sans-serif;\"><strong>Ko\u010dnica pumpa:<\/strong>28 ml\/r<\/span><\/li>\n<li><span style=\"font-family: arial, helvetica, sans-serif;\"><strong> Slu\u017ebeno ko\u010denje:<\/strong>Mokra pru\u017ena ko\u010dnica sa vi\u0161e diskova<\/span><\/li>\n<li><span style=\"font-family: arial, helvetica, sans-serif;\"><strong>Model ko\u010dni\u010dnog ventila:<\/strong>MICO<\/span><\/li>\n<li><span style=\"font-family: arial, helvetica, sans-serif;\"><strong> Parkira\u010dka ko\u010dnica:<\/strong>Proru\u017ena ko\u010dnica na pogonskoj osovini<\/span><\/li>\n<li><span style=\"font-family: arial, helvetica, sans-serif;\"><strong>prole\u0107e <\/strong><strong>Primijeni<\/strong><strong>hidrauli\u010dno osloba\u0111anje ko\u010dnice<\/strong><\/span><\/li>\n<\/ul>\n<p>&nbsp;<\/p>\n<p><span style=\"font-family: arial, helvetica, sans-serif;\"><strong><b>\u00a0 \u00a0 \u00a05.Sistem upravljanja<\/b><\/strong><\/span><\/p>\n<ul>\n<li><span style=\"font-family: arial, helvetica, sans-serif;\"><strong> Tip:<\/strong>Centralni \u0161ark, hidrauli\u010dno upravljanje<\/span><\/li>\n<li><span style=\"font-family: arial, helvetica, sans-serif;\"><strong>Pumpa za upravljanje:<\/strong>75 ml\/r<\/span><\/li>\n<li><span style=\"font-family: arial, helvetica, sans-serif;\"><strong> Promjer cilindra upravljanja\/promjer \u0161ipke \u00d7 Broj cilindra: <\/strong>\u03c6 125\/ \u03c6 70 mm \u00d7 dva<\/span><\/li>\n<li><span style=\"font-family: arial, helvetica, sans-serif;\"><strong>Vi\u0161eputni ventil za upravljanje:<\/strong>Parker elektrohidrauli\u010dna kontrola K170LS<\/span><\/li>\n<\/ul>\n<p>&nbsp;<\/p>\n<p style=\"text-align: left;\"><span style=\"font-family: arial, helvetica, sans-serif;\"><strong><b>\u00a0 \u00a0 \u00a0 \u00a0 6.Radni sistem<\/b><\/strong><\/span><\/p>\n<ul>\n<li style=\"list-style-type: none;\">\n<ul>\n<li style=\"list-style-type: none;\">\n<ul>\n<li style=\"list-style-type: none;\">\n<ul>\n<li style=\"list-style-type: none;\">\n<ul>\n<li style=\"list-style-type: none;\">\n<ul>\n<li style=\"list-style-type: none;\">\n<ul>\n<li style=\"list-style-type: none;\">\n<ul>\n<li style=\"list-style-type: none;\">\n<ul>\n<li style=\"list-style-type: none;\">\n<ul>\n<li style=\"list-style-type: none;\">\n<ul>\n<li style=\"list-style-type: none;\">\n<ul>\n<li style=\"list-style-type: none;\">\n<ul>\n<li style=\"list-style-type: none;\">\n<ul>\n<li style=\"list-style-type: none;\">\n<ul>\n<li style=\"list-style-type: none;\">\n<ul>\n<li style=\"list-style-type: none;\">\n<ul>\n<li><span style=\"font-family: arial, helvetica, sans-serif;\"><strong>Radna pumpa:<\/strong>75 ml\/r<\/span><\/li>\n<li><span style=\"font-family: arial, helvetica, sans-serif;\"><strong> Radni vi\u0161estruki ventil:<\/strong>Parker elektrohidrauli\u010dna kontrola M200LS<\/span><\/li>\n<li><span style=\"font-family: arial, helvetica, sans-serif;\"><strong> Promjer cilindra za podizanje\/promjer \u0161ipke \u00d7 Broj cilindra: <\/strong>\u03c6 160\/ \u03c6 90 mm \u00d7 dva<\/span><\/li>\n<li><span style=\"font-family: arial, helvetica, sans-serif;\"><strong> Promjer cilindra kante\/promjer \u0161ipke \u00d7 Broj cilindra: <\/strong>\u03c6 200\/ \u03c6 110 mm \u00d7 jedan<\/span><\/li>\n<\/ul>\n<\/li>\n<\/ul>\n<\/li>\n<\/ul>\n<\/li>\n<\/ul>\n<\/li>\n<\/ul>\n<\/li>\n<\/ul>\n<\/li>\n<\/ul>\n<\/li>\n<\/ul>\n<\/li>\n<\/ul>\n<\/li>\n<\/ul>\n<\/li>\n<\/ul>\n<\/li>\n<\/ul>\n<\/li>\n<\/ul>\n<\/li>\n<\/ul>\n<\/li>\n<\/ul>\n<\/li>\n<\/ul>\n<\/li>\n<\/ul>\n<p style=\"padding-left: 640px;\"><span style=\"font-family: arial, helvetica, sans-serif;\"><strong><b>\u00a0 \u00a0 \u00a07.Elektri\u010dni sistem<\/b><\/strong><\/span><\/p>\n<ul>\n<li style=\"list-style-type: none;\">\n<ul>\n<li style=\"list-style-type: none;\">\n<ul>\n<li style=\"list-style-type: none;\">\n<ul>\n<li style=\"list-style-type: none;\">\n<ul>\n<li style=\"list-style-type: none;\">\n<ul>\n<li style=\"list-style-type: none;\">\n<ul>\n<li style=\"list-style-type: none;\">\n<ul>\n<li style=\"list-style-type: none;\">\n<ul>\n<li style=\"list-style-type: none;\">\n<ul>\n<li style=\"list-style-type: none;\">\n<ul>\n<li style=\"list-style-type: none;\">\n<ul>\n<li style=\"list-style-type: none;\">\n<ul>\n<li style=\"list-style-type: none;\">\n<ul>\n<li style=\"list-style-type: none;\">\n<ul>\n<li style=\"list-style-type: none;\">\n<ul>\n<li style=\"list-style-type: none;\">\n<ul>\n<li><span style=\"font-family: arial, helvetica, sans-serif;\"><strong>Napon sistema:<\/strong>24V DC<\/span><\/li>\n<li><span style=\"font-family: arial, helvetica, sans-serif;\"><strong>Napon\/snaga pokretanja motora:<\/strong>24V\/6kW<\/span><\/li>\n<li><span style=\"font-family: arial, helvetica, sans-serif;\"><strong> Osvetljenje:<\/strong>4 prednja svjetla, 2 \u00d7 75W, 24V<\/span><\/li>\n<\/ul>\n<\/li>\n<\/ul>\n<\/li>\n<\/ul>\n<\/li>\n<\/ul>\n<\/li>\n<\/ul>\n<\/li>\n<\/ul>\n<\/li>\n<\/ul>\n<\/li>\n<\/ul>\n<\/li>\n<\/ul>\n<\/li>\n<\/ul>\n<\/li>\n<\/ul>\n<\/li>\n<\/ul>\n<\/li>\n<\/ul>\n<\/li>\n<\/ul>\n<\/li>\n<\/ul>\n<\/li>\n<\/ul>\n<\/li>\n<\/ul>\n<p style=\"padding-left: 640px;\"><span style=\"font-family: arial, helvetica, sans-serif;\">\u00a0 \u00a0 \u00a0 \u00a0 \u00a0 2 stra\u017enja svjetla, 2 \u00d7 75W, 24V<\/span><\/p>\n<p style=\"padding-left: 640px;\"><span style=\"font-family: arial, helvetica, sans-serif;\">\u00a0 \u00a0 \u00a0 \u00a0 \u00a0 1 Svjetlo na stropu kabine, 24 V<\/span><\/p>\n<p style=\"padding-left: 640px;\"><span style=\"font-family: arial, helvetica, sans-serif;\"><strong><b>\u00a0 \u00a0 \u00a08.Kapacitet rezervoara za gorivo<\/b><\/strong><\/span><\/p>\n<ul>\n<li style=\"list-style-type: none;\">\n<ul>\n<li style=\"list-style-type: none;\">\n<ul>\n<li style=\"list-style-type: none;\">\n<ul>\n<li style=\"list-style-type: none;\">\n<ul>\n<li style=\"list-style-type: none;\">\n<ul>\n<li style=\"list-style-type: none;\">\n<ul>\n<li style=\"list-style-type: none;\">\n<ul>\n<li style=\"list-style-type: none;\">\n<ul>\n<li style=\"list-style-type: none;\">\n<ul>\n<li style=\"list-style-type: none;\">\n<ul>\n<li style=\"list-style-type: none;\">\n<ul>\n<li style=\"list-style-type: none;\">\n<ul>\n<li style=\"list-style-type: none;\">\n<ul>\n<li style=\"list-style-type: none;\">\n<ul>\n<li style=\"list-style-type: none;\">\n<ul>\n<li style=\"list-style-type: none;\">\n<ul>\n<li><span style=\"font-family: arial, helvetica, sans-serif;\"><strong>Hidrauli\u010dki rezervoar za ulje:<\/strong>300 L<\/span><\/li>\n<li><span style=\"font-family: arial, helvetica, sans-serif;\"><strong>Rezervoar za gorivo:<\/strong>300 L<\/span><\/li>\n<li><span style=\"font-family: arial, helvetica, sans-serif;\"><strong>Prijenos:<\/strong>36 L<\/span><\/li>\n<li><span style=\"font-family: arial, helvetica, sans-serif;\"><strong> Glavni dio prenosa pogonske osovine: <\/strong>17L \u00d7 dva<\/span><\/li>\n<li><span style=\"font-family: arial, helvetica, sans-serif;\"><strong>Dio smanjenja kota\u010da pogonske osovine:<\/strong>3,5 L \u00d7 \u010detiri<\/span><\/li>\n<li><span style=\"font-family: arial, helvetica, sans-serif;\"><strong>Ulje za mazanje motora:<\/strong>28L<\/span><\/li>\n<\/ul>\n<\/li>\n<\/ul>\n<\/li>\n<\/ul>\n<\/li>\n<\/ul>\n<\/li>\n<\/ul>\n<\/li>\n<\/ul>\n<\/li>\n<\/ul>\n<\/li>\n<\/ul>\n<\/li>\n<\/ul>\n<\/li>\n<\/ul>\n<\/li>\n<\/ul>\n<\/li>\n<\/ul>\n<\/li>\n<\/ul>\n<\/li>\n<\/ul>\n<\/li>\n<\/ul>\n<\/li>\n<\/ul>\n<\/li>\n<\/ul>","protected":false},"excerpt":{"rendered":"<p><span style=\"font-family: arial, helvetica, sans-serif;\"><strong><b>ZDL410 podzemni utovara\u010d<\/b><\/strong>\u00a0uglavnom se koristi u kombinaciji sa rudarskim kamionima u podzemnim iskopavanjima i rudarskim operacijama. Lopata utovara rudu i razli\u010dite materijale mo\u017ee uvelike pobolj\u0161ati operativnu efikasnost i va\u017ena je oprema za postizanje rudarstva bez staze.<\/span><\/p>","protected":false},"featured_media":2774,"comment_status":"closed","ping_status":"closed","template":"","meta":{"_acf_changed":false},"product_brand":[],"product_cat":[15],"product_tag":[],"class_list":{"0":"post-2657","1":"product","2":"type-product","3":"status-publish","4":"has-post-thumbnail","6":"product_cat-trackless-mining-equipment","8":"first","9":"instock","10":"shipping-taxable","11":"product-type-simple"},"acf":[],"_links":{"self":[{"href":"https:\/\/www.zongdamining.com\/bs\/wp-json\/wp\/v2\/product\/2657","targetHints":{"allow":["GET"]}}],"collection":[{"href":"https:\/\/www.zongdamining.com\/bs\/wp-json\/wp\/v2\/product"}],"about":[{"href":"https:\/\/www.zongdamining.com\/bs\/wp-json\/wp\/v2\/types\/product"}],"replies":[{"embeddable":true,"href":"https:\/\/www.zongdamining.com\/bs\/wp-json\/wp\/v2\/comments?post=2657"}],"wp:featuredmedia":[{"embeddable":true,"href":"https:\/\/www.zongdamining.com\/bs\/wp-json\/wp\/v2\/media\/2774"}],"wp:attachment":[{"href":"https:\/\/www.zongdamining.com\/bs\/wp-json\/wp\/v2\/media?parent=2657"}],"wp:term":[{"taxonomy":"product_brand","embeddable":true,"href":"https:\/\/www.zongdamining.com\/bs\/wp-json\/wp\/v2\/product_brand?post=2657"},{"taxonomy":"product_cat","embeddable":true,"href":"https:\/\/www.zongdamining.com\/bs\/wp-json\/wp\/v2\/product_cat?post=2657"},{"taxonomy":"product_tag","embeddable":true,"href":"https:\/\/www.zongdamining.com\/bs\/wp-json\/wp\/v2\/product_tag?post=2657"}],"curies":[{"name":"wp","href":"https:\/\/api.w.org\/{rel}","templated":true}]}}