{"id":2727,"date":"2025-09-24T14:05:18","date_gmt":"2025-09-24T06:05:18","guid":{"rendered":"https:\/\/www.zongdamining.com\/?post_type=product&#038;p=2727"},"modified":"2026-01-23T15:53:08","modified_gmt":"2026-01-23T07:53:08","slug":"technical-data-zdl717-underground-loader","status":"publish","type":"product","link":"https:\/\/www.zongdamining.com\/bs\/product\/technical-data-zdl717-underground-loader\/","title":{"rendered":"ZDL717 Te\u0161ki podzemni utovara\u010d za rudu &#038; Utovaranje otpada"},"content":{"rendered":"<p><span style=\"font-family: arial, helvetica, sans-serif;\"><strong><b>ZDL717 podzemni utovara\u010d <\/b><\/strong><strong><b>:Oprema za transport na kratke udaljenosti bez trake<\/b><\/strong><strong><b>.<\/b><\/strong>\u00a0<\/span><\/p>\n<p>&nbsp;<\/p>\n<p><strong><b>U <\/b><\/strong><strong><b>ZDL717 podzemni utovara\u010d<\/b><\/strong><strong><b>\u00a0<\/b><\/strong>uglavnom se koristi u kombinaciji sa rudarskim kamionima u podzemnim iskopavanjima i rudarskim operacijama. Lopata utovara rudu i razli\u010dite materijale mo\u017ee uvelike pobolj\u0161ati operativnu efikasnost i va\u017ena je oprema za postizanje rudarstva bez staze.<\/p>\n<p><span style=\"font-family: arial, helvetica, sans-serif;\"><strong><b>\u00a0 \u00a0 \u00a01.<\/b><\/strong><strong><b>Tehni\u010dke karakteristike<\/b><\/strong>:<\/span><\/p>\n<ul>\n<li><span style=\"font-family: arial, helvetica, sans-serif;\"><strong><b>Sistem napajanja<\/b><\/strong>:Energetski sistem usvaja Cummins QSZ13-C380-30 vodom hla\u0111eni motor niskog zaga\u0111enja niske brzine visokog obrtnog momenta<\/span><\/li>\n<li><span style=\"font-family: arial, helvetica, sans-serif;\"><strong><b>Transmisija<\/b><\/strong>:Sistem prenosa snage usvaja DANA menja\u010d i pretvara\u010d obrtnog momenta, DANA hidrauli\u010dnu pogonsku osovinu za otpu\u0161tanje ko\u010dnice i pneumatske gume otporne na rezanje rudarstva;<\/span><\/li>\n<li><span style=\"font-family: arial, helvetica, sans-serif;\"><strong><b>Sistem ko\u010denja<\/b><\/strong>:Servisna ko\u010dnica usvaja mokru ko\u010dnicu sa vi\u0161e diskova i hidrauli\u010dnu ko\u010dnicu sa otpu\u0161tanjem; MICO ventil za punjenje i ko\u010dnini ventil; Parkira\u010dka ko\u010dnica usvaja pru\u017ene ko\u010dnice na pogonskoj osovini za ko\u010denje;<\/span><\/li>\n<li><span style=\"font-family: arial, helvetica, sans-serif;\"><strong><b>Okvir<\/b><\/strong>:Okvir je centralna zglobna struktura, sa stra\u017enjom osovinom koja se ljuta lijevo i desno oko centra okvira kako bi se pobolj\u0161ale performanse adhezije cijele ma\u0161ine;<\/span><\/li>\n<li><span style=\"font-family: arial, helvetica, sans-serif;\"><strong><b>Upravljanje<\/b><\/strong>:Sistem upravljanja je hidrauli\u010dki sistem servo upravljanja sa dvostrukim cilindrima upravljanja;<\/span><\/li>\n<\/ul>\n<p><span style=\"font-family: arial, helvetica, sans-serif;\"><b><\/b><strong><b>\u00a0 \u00a0 \u00a02.Sigurnosne mere:<\/b><\/strong><\/span><\/p>\n<ul>\n<li><span style=\"font-family: arial, helvetica, sans-serif;\"><strong><b>Bezbednosna oprema<\/b><\/strong>Operatori moraju nositi sigurnosne kacige, nositi ure\u0111aje za samospa\u0161avanje i koristiti rudarske lampe prilikom ulaska u bunar.<\/span><\/li>\n<li><span style=\"font-family: arial, helvetica, sans-serif;\"><strong><b>Redovno odr\u017eavanje<\/b><\/strong>Redovne inspekcije i brzo rje\u0161avanje skrivenih opasnosti.<\/span><\/li>\n<li><span style=\"font-family: arial, helvetica, sans-serif;\"><strong><b>Bez odr\u017eavanja tokom rada<\/b><\/strong>Strogo je zabranjeno odr\u017eavanje dok ma\u0161ina radi.<\/span><\/li>\n<li><span style=\"font-family: arial, helvetica, sans-serif;\"><strong><b>Bezbednost tokom zavarivanja\/rezanja<\/b><\/strong>Potvrdite odsustvo zapaljivih ili eksplozivnih materijala prije odr\u017eavanja.<\/span><\/li>\n<li><span style=\"font-family: arial, helvetica, sans-serif;\"><strong><b>Izpu\u0161ne cijevi mjere opreza<\/b><\/strong>Izbegavajte fizi\u010dki kontakt sa vru\u0107om izpu\u0161nom cijevi.<\/span><\/li>\n<li><span style=\"font-family: arial, helvetica, sans-serif;\"><strong><b>Odr\u017eavanje hidrauli\u010dnog sistema<\/b><\/strong>Pritisak se mora ubla\u017eiti pre po\u010detka bilo kakvih popravki.<\/span><\/li>\n<\/ul>\n<p><span style=\"font-family: arial, helvetica, sans-serif;\"><strong><b>Uvjeti primene<\/b><\/strong><strong><b>\u00a0za <\/b><\/strong><strong><b>ZDL717 podzemni utovara\u010d <\/b><\/strong><strong>:<\/strong><\/span><\/p>\n<p><span style=\"font-family: arial, helvetica, sans-serif;\"><b><\/b><strong><b>\u00a0 \u00a0<span style=\"font-family: arial, helvetica, sans-serif;\"> 1.Specifikacije tunela<\/span><\/b><\/strong>:<\/span><\/p>\n<ul>\n<li><span style=\"font-family: arial, helvetica, sans-serif;\">Pogodan za tunele sa veli\u010dinom popre\u010dnog presjeka od <\/span><strong style=\"font-family: arial, helvetica, sans-serif;\"><b>4<\/b><\/strong><strong style=\"font-family: arial, helvetica, sans-serif;\"><b>metari (visina) \u00d7<\/b><\/strong><strong style=\"font-family: arial, helvetica, sans-serif;\"><b>4<\/b><\/strong><strong style=\"font-family: arial, helvetica, sans-serif;\"><b>metara (\u0161irina) i iznad<\/b><\/strong><span style=\"font-family: arial, helvetica, sans-serif;\">.<\/span><\/li>\n<li><span style=\"font-family: arial, helvetica, sans-serif;\">Zahteva <strong><b>\u010dvrsta gornja plo\u010da<\/b><\/strong>.<\/span><\/li>\n<li><span style=\"font-family: arial, helvetica, sans-serif;\">Minimalni radijus okretanja od <strong><b>\u2265 <\/b><\/strong><strong><b>7<\/b><\/strong><strong><b>metara<\/b><\/strong>napolju.<\/span><\/li>\n<li><span style=\"font-family: arial, helvetica, sans-serif;\">Nagib puta treba da bude <strong><b>\u2264 14\u00b0<\/b><\/strong>.<\/span><\/li>\n<li><span style=\"font-family: arial, helvetica, sans-serif;\">Adekvatno <strong><b>ventilacija i drena\u017ea<\/b><\/strong>na radnom mjestu.<\/span><\/li>\n<\/ul>\n<p><span style=\"font-family: arial, helvetica, sans-serif;\"><b><\/b><strong><b>\u00a0 \u00a0 \u00a02.Faktori \u017eivotne sredine<\/b><\/strong>:<\/span><\/p>\n<ul>\n<li><span style=\"font-family: arial, helvetica, sans-serif;\">Temperatura okoline unutar tunela: <strong><b>-5\u00b0C do 40\u00b0C<\/b><\/strong>.<\/span><\/li>\n<li><span style=\"font-family: arial, helvetica, sans-serif;\">Maksimalna relativna vla\u017enost (na 25\u00b0C): <strong><b>Ne vi\u0161e od 85%<\/b><\/strong>.<\/span><\/li>\n<li><span style=\"font-family: arial, helvetica, sans-serif;\">Visina lokacije upotrebe: <strong><b>Ne ve\u0107i od 1000 metara<\/b><\/strong>.<\/span><\/li>\n<li><span style=\"font-family: arial, helvetica, sans-serif;\">Na visokim visinama (iznad 1000 metara), <strong><b>smanjenje snage<\/b><\/strong>potrebno je za operaciju.<\/span><\/li>\n<\/ul>\n<p><span style=\"font-family: arial, helvetica, sans-serif;\"><b><\/b><strong><b>\u00a0 \u00a0 \u00a03.Zahtjevi za gorivom<\/b><\/strong>:<\/span><\/p>\n<ul>\n<li><span style=\"font-family: arial, helvetica, sans-serif;\">Sadr\u017eaj sumpora goriva koje se koristi u ovoj ma\u0161ini mora <strong><b>ne prelazi 0,2%<\/b><\/strong>.<\/span><\/li>\n<\/ul>\n<p><span style=\"font-family: arial, helvetica, sans-serif;\"><b><\/b><strong><b>\u00a0 \u00a0 \u00a04.Sigurnosne mjere opreza<\/b><\/strong>:<\/span><\/p>\n<ul>\n<li><span style=\"font-family: arial, helvetica, sans-serif;\">Strogo <strong><b>zabranjeno<\/b><\/strong>na mjestima sa <strong><b>zapaljivi i eksplozivni gasovi<\/b><\/strong>(kao \u0161to su gas i pra\u0161ina od ugljena).<\/span><\/li>\n<\/ul>\n<p><span style=\"font-family: arial, helvetica, sans-serif;\"><strong><b>\u00a0Vanjske dimenzije<\/b><\/strong><\/span><\/p>\n<p><span style=\"font-family: arial, helvetica, sans-serif;\"><strong><b>\u00a0 \u00a0 1.Tehni\u010dki parametri<\/b><\/strong><\/span><\/p>\n<ul>\n<li><span style=\"font-family: arial, helvetica, sans-serif;\"><strong>Nazivni kapacitet optere\u0107enja:<\/strong>17 t (Puno optere\u0107enje)<\/span><\/li>\n<li><strong style=\"font-family: arial, helvetica, sans-serif;\">Kapacitet kante (slo\u017eenje):<\/strong><span style=\"font-family: arial, helvetica, sans-serif;\">7 m \u00b3<\/span><\/li>\n<li><strong style=\"font-family: arial, helvetica, sans-serif;\">Maksimalna brzina vo\u017enje u zup\u010daniku I:<\/strong><span style=\"font-family: arial, helvetica, sans-serif;\">0-22 km\/h<\/span><\/li>\n<li><span style=\"font-family: arial, helvetica, sans-serif;\"><strong>Radno vreme:<\/strong>13 sekundi<\/span><\/li>\n<li><span style=\"font-family: arial, helvetica, sans-serif;\"><strong>Maksimalni kapacitet penjanja (te\u0161ko optere\u0107enje): <\/strong>25%<\/span><\/li>\n<li><span style=\"font-family: arial, helvetica, sans-serif;\"><strong>Maksimalna vu\u010dna sila:<\/strong>350 KN<\/span><\/li>\n<li><span style=\"font-family: arial, helvetica, sans-serif;\"><strong>Radius okretanja:<\/strong>Unutra\u0161nja strana 3519 mmVanjski 7103 mm<\/span><\/li>\n<li><span style=\"font-family: arial, helvetica, sans-serif;\"><strong>Maksimalna visina ma\u0161ine tokom istovara:<\/strong>2444 mm<\/span><\/li>\n<li><span style=\"font-family: arial, helvetica, sans-serif;\"><strong>Maksimalni ugao istovara:<\/strong>40 \u00b0<\/span><\/li>\n<li><span style=\"font-family: arial, helvetica, sans-serif;\"><strong>Ugao upravljanja:<\/strong>\u00b1 40 \u00b0<\/span><\/li>\n<li><span style=\"font-family: arial, helvetica, sans-serif;\"><strong>Minimalna sloboda od povr\u0161ine: <\/strong>350 mm<\/span><\/li>\n<li><span style=\"font-family: arial, helvetica, sans-serif;\"><strong> Ukupne dimenzije: du\u017eina \u00b3 \u0161irina \u00b3 visina: <\/strong>11000 mm \u00b3 2866 mm \u00b3 2500 mm<\/span><\/li>\n<li><span style=\"font-family: arial, helvetica, sans-serif;\"><strong>Radna te\u017eina cijele ma\u0161ine:<\/strong>42 tona<\/span><\/li>\n<\/ul>\n<p><span style=\"font-family: arial, helvetica, sans-serif;\"><strong>\u00a0 \u00a0 \u00a02.<\/strong><\/span><strong style=\"font-family: arial, helvetica, sans-serif;\"><b>Motor<\/b><\/strong><\/p>\n<ul>\n<li><span style=\"font-family: arial, helvetica, sans-serif;\"><strong>Motor: <\/strong>Cummins QSZ13-C380 vodom hla\u0111eni motor sa niskim zaga\u0111enjem<\/span><\/li>\n<li><span style=\"font-family: arial, helvetica, sans-serif;\"><strong>Nazivna snaga\/nazivna brzina: <\/strong>286 kW\/1900 r\/min<\/span><\/li>\n<li><span style=\"font-family: arial, helvetica, sans-serif;\"><strong>Maksimalni izlazni obrtni moment: <\/strong>1900 N \u00b7 m @ 1500 r\/min<\/span><\/li>\n<li><span style=\"font-family: arial, helvetica, sans-serif;\"><strong>Metoda po\u010detka: <\/strong>Elektri\u010dni start<\/span><\/li>\n<li><span style=\"font-family: arial, helvetica, sans-serif;\"><strong> Metoda \u010di\u0161\u0107enja izlaznih gasova: <\/strong>Metoda kataliti\u010dkog \u010di\u0161\u0107enja<\/span><\/li>\n<li><span style=\"font-family: arial, helvetica, sans-serif;\"><strong>Kontrola gasa: <\/strong>Williams elektronski kontroler gasa<\/span><\/li>\n<li><span style=\"font-family: arial, helvetica, sans-serif;\"><strong>Standard emisije<\/strong><strong>: Nivo 3\/Euro III\/kineski nacionalni 3<\/strong><\/span><\/li>\n<\/ul>\n<p><span style=\"font-family: arial, helvetica, sans-serif;\"><strong><b>\u00a0 \u00a0 \u00a0<\/b><\/strong><\/span><span style=\"font-family: arial, helvetica, sans-serif;\"><strong><b>3.Sistem prijenosa<\/b><\/strong><\/span><\/p>\n<ul>\n<li><span style=\"font-family: arial, helvetica, sans-serif;\"><strong>Model prijenosa: <\/strong>RC6420, kineski ekvivalent DANA-e<\/span><\/li>\n<li><span style=\"font-family: arial, helvetica, sans-serif;\"><strong>Model pretvara\u010da obrtnog momenta: <\/strong>YJ380FK,<b><\/b>Kineski ekvivalent DANA-e<\/span><\/li>\n<li><span style=\"font-family: arial, helvetica, sans-serif;\"><strong>Model pogonske osovine: <\/strong>DANA 53R300<\/span><\/li>\n<li><span style=\"font-family: arial, helvetica, sans-serif;\"><strong>Ukupni omjer brzine:<\/strong>30.4<\/span><\/li>\n<li><span style=\"font-family: arial, helvetica, sans-serif;\"><strong> Gume: <\/strong>Pneumati\u010dke gume<\/span><\/li>\n<\/ul>\n<p><span style=\"font-family: arial, helvetica, sans-serif;\"><strong><b>4.Sistem ko\u010denja<img fetchpriority=\"high\" decoding=\"async\" class=\"wp-image-2729 alignleft\" src=\"http:\/\/www.zongdamining.com\/wp-content\/uploads\/2025\/09\/350A6739-\u62f7\u8d1d-scaled.png\" alt=\"\" width=\"442\" height=\"442\" srcset=\"https:\/\/www.zongdamining.com\/wp-content\/uploads\/2025\/09\/350A6739-\u62f7\u8d1d-scaled.png 2560w, https:\/\/www.zongdamining.com\/wp-content\/uploads\/2025\/09\/350A6739-\u62f7\u8d1d-300x300.png 300w, https:\/\/www.zongdamining.com\/wp-content\/uploads\/2025\/09\/350A6739-\u62f7\u8d1d-1024x1024.png 1024w, https:\/\/www.zongdamining.com\/wp-content\/uploads\/2025\/09\/350A6739-\u62f7\u8d1d-150x150.png 150w, https:\/\/www.zongdamining.com\/wp-content\/uploads\/2025\/09\/350A6739-\u62f7\u8d1d-768x768.png 768w, https:\/\/www.zongdamining.com\/wp-content\/uploads\/2025\/09\/350A6739-\u62f7\u8d1d-1536x1536.png 1536w, https:\/\/www.zongdamining.com\/wp-content\/uploads\/2025\/09\/350A6739-\u62f7\u8d1d-2048x2048.png 2048w, https:\/\/www.zongdamining.com\/wp-content\/uploads\/2025\/09\/350A6739-\u62f7\u8d1d-700x700.png 700w, https:\/\/www.zongdamining.com\/wp-content\/uploads\/2025\/09\/350A6739-\u62f7\u8d1d-600x600.png 600w, https:\/\/www.zongdamining.com\/wp-content\/uploads\/2025\/09\/350A6739-\u62f7\u8d1d-100x100.png 100w\" sizes=\"(max-width: 442px) 100vw, 442px\" \/><\/b><\/strong><\/span><\/p>\n<ul>\n<li><span style=\"font-family: arial, helvetica, sans-serif;\"><strong> Radna ko\u010dnica pumpa:<\/strong>P2075\/2025<\/span><\/li>\n<li><span style=\"font-family: arial, helvetica, sans-serif;\"><strong>Raspored:<\/strong>75\/25ml\/r<\/span><\/li>\n<li><span style=\"font-family: arial, helvetica, sans-serif;\"><strong>Maksimalni pritisak sistema:<\/strong>20 MPa<\/span><\/li>\n<li><span style=\"font-family: arial, helvetica, sans-serif;\"><strong> Slu\u017ebeno ko\u010denje:<\/strong>Mokra pru\u017ena ko\u010dnica sa vi\u0161e diskova<\/span><\/li>\n<li><span style=\"font-family: arial, helvetica, sans-serif;\"><strong>Model ko\u010dni\u010dnog ventila:<\/strong>MICO GL820-161-138 (ZL)<\/span><\/li>\n<li><span style=\"font-family: arial, helvetica, sans-serif;\"><strong>Pritisak osloba\u0111anja:<\/strong>138 bar<\/span><\/li>\n<li><span style=\"font-family: arial, helvetica, sans-serif;\"><strong>Model ventila za punjenje:<\/strong>06-463-022<\/span><\/li>\n<li><span style=\"font-family: arial, helvetica, sans-serif;\"><strong> Parkira\u010dka ko\u010dnica:<\/strong>Proru\u017ena ko\u010dnica na pogonskoj osovini<\/span><\/li>\n<li><span style=\"font-family: arial, helvetica, sans-serif;\"><strong>Proljetna ko\u010dnica, hidrauli\u010dno osloba\u0111anje ko\u010dnice<\/strong><\/span><\/li>\n<li><span style=\"font-family: arial, helvetica, sans-serif;\"><strong>Model parkirnog ko\u010dni\u010dnog ventila: <\/strong>RA3\/3\/2\/G-3<\/span><\/li>\n<\/ul>\n<p><span style=\"font-family: arial, helvetica, sans-serif;\"><strong>5.<\/strong><\/span><strong style=\"font-family: arial, helvetica, sans-serif;\"><b>Sistem upravljanja<\/b><\/strong><\/p>\n<ul>\n<li><span style=\"font-family: arial, helvetica, sans-serif;\"><strong> Tip:<\/strong>Centralni \u0161ark, hidrauli\u010dno upravljanje<\/span><\/li>\n<li><span style=\"font-family: arial, helvetica, sans-serif;\"><strong> Radna pumpa za upravljanje: P2075\/2025 Pomeranje: <\/strong>75 ml\/r<\/span><\/li>\n<li><span style=\"font-family: arial, helvetica, sans-serif;\"><strong> Maksimalni pritisak sistema upravljanja: <\/strong>20 MPa<\/span><\/li>\n<li><span style=\"font-family: arial, helvetica, sans-serif;\"><strong> Vi\u0161eputni ventil za upravljanje:<\/strong>K170LS<\/span><\/li>\n<li><span style=\"font-family: arial, helvetica, sans-serif;\"><strong> Promjer cilindra upravljanja\/promjer \u0161ipke \u00b3 Broj cilindra: <\/strong>\u03c6 150\/ \u03c6 90 mm \u00b3 dva<\/span><\/li>\n<\/ul>\n<p><span style=\"font-family: arial, helvetica, sans-serif;\"><strong><b>6.<\/b><\/strong><\/span><strong style=\"font-family: arial, helvetica, sans-serif;\"><b>Radni sistem<img decoding=\"async\" class=\"wp-image-2731 alignright\" src=\"http:\/\/www.zongdamining.com\/wp-content\/uploads\/2025\/09\/350A6753-\u62f7\u8d1d-scaled.png\" alt=\"\" width=\"470\" height=\"470\" srcset=\"https:\/\/www.zongdamining.com\/wp-content\/uploads\/2025\/09\/350A6753-\u62f7\u8d1d-scaled.png 2560w, https:\/\/www.zongdamining.com\/wp-content\/uploads\/2025\/09\/350A6753-\u62f7\u8d1d-300x300.png 300w, https:\/\/www.zongdamining.com\/wp-content\/uploads\/2025\/09\/350A6753-\u62f7\u8d1d-1024x1024.png 1024w, https:\/\/www.zongdamining.com\/wp-content\/uploads\/2025\/09\/350A6753-\u62f7\u8d1d-150x150.png 150w, https:\/\/www.zongdamining.com\/wp-content\/uploads\/2025\/09\/350A6753-\u62f7\u8d1d-768x768.png 768w, https:\/\/www.zongdamining.com\/wp-content\/uploads\/2025\/09\/350A6753-\u62f7\u8d1d-1536x1536.png 1536w, https:\/\/www.zongdamining.com\/wp-content\/uploads\/2025\/09\/350A6753-\u62f7\u8d1d-2048x2048.png 2048w, https:\/\/www.zongdamining.com\/wp-content\/uploads\/2025\/09\/350A6753-\u62f7\u8d1d-700x700.png 700w, https:\/\/www.zongdamining.com\/wp-content\/uploads\/2025\/09\/350A6753-\u62f7\u8d1d-600x600.png 600w, https:\/\/www.zongdamining.com\/wp-content\/uploads\/2025\/09\/350A6753-\u62f7\u8d1d-100x100.png 100w\" sizes=\"(max-width: 470px) 100vw, 470px\" \/><\/b><\/strong><\/p>\n<ul>\n<li><span style=\"font-family: arial, helvetica, sans-serif;\"><strong> Radni smerni ventil:<\/strong>M200LS-2-4588<\/span><\/li>\n<li><span style=\"font-family: arial, helvetica, sans-serif;\"><strong> Promjer cilindra za podizanje\/promjer \u0161ipke \u00b3 Broj cilindra: <\/strong>\u03c6 160\/ \u03c6 100 mm \u00b3 dva<\/span><\/li>\n<li><span style=\"font-family: arial, helvetica, sans-serif;\"><strong> Promjer cilindra kante\/promjer \u0161ipke \u00b3 Broj cilindra: <\/strong>\u03c6 260\/ \u03c6 160 mm \u00b3 dva<\/span><\/li>\n<li><span style=\"font-family: arial, helvetica, sans-serif;\"><strong> Maksimalni pritisak radnog sistema: \u00a0<\/strong>24 MPa<\/span><\/li>\n<\/ul>\n<p><span style=\"font-family: arial, helvetica, sans-serif;\"><strong><b>7.<\/b><\/strong><\/span><strong style=\"font-family: arial, helvetica, sans-serif;\"><b>Elektri\u010dni sistem<\/b><\/strong><\/p>\n<ul>\n<li><span style=\"font-family: arial, helvetica, sans-serif;\"><strong> Napon sistema: <\/strong>24V DC<\/span><\/li>\n<li><span style=\"font-family: arial, helvetica, sans-serif;\"><strong> Napon\/snaga pokretanja motora: <\/strong>24V\/6kW<\/span><\/li>\n<li><span style=\"font-family: arial, helvetica, sans-serif;\"><strong> Osvetljenje: <\/strong>2 prednja svjetla, 2 \u00b3 75W, 24V, 2 stra\u017enja svjetla, 2 \u00b3 75W, 24V<\/span><\/li>\n<li><span style=\"font-family: arial, helvetica, sans-serif;\"><strong>2 stropna svjetla kabine, 24 V<\/strong><\/span><\/li>\n<\/ul>\n<p><span style=\"font-family: arial, helvetica, sans-serif;\"><strong><b>8.Kapacitet rezervoara za gorivo<\/b><\/strong><\/span><\/p>\n<ul>\n<li><span style=\"font-family: arial, helvetica, sans-serif;\"><strong> Hidrauli\u010dki rezervoar za ulje:<\/strong>540 L<\/span><\/li>\n<li><span style=\"font-family: arial, helvetica, sans-serif;\"><strong> Rezervoar za gorivo:<\/strong>450 L<\/span><\/li>\n<li><span style=\"font-family: arial, helvetica, sans-serif;\"><strong> Prijenos: <\/strong>32 L<\/span><\/li>\n<li><span style=\"font-family: arial, helvetica, sans-serif;\"><strong> Glavni dio prenosa pogonske osovine:<\/strong>36L \u00b3 dva<\/span><\/li>\n<li><span style=\"font-family: arial, helvetica, sans-serif;\"><strong> Dio smanjenja kota\u010da pogonske osovine:<\/strong>6,5 L \u00b3 \u010detiri<\/span><\/li>\n<li><span style=\"font-family: arial, helvetica, sans-serif;\"><strong> Ulje za mazanje motora:<\/strong>38L<\/span><\/li>\n<\/ul>","protected":false},"excerpt":{"rendered":"<p><span style=\"font-family: arial, helvetica, sans-serif;\"><strong><b>U <\/b><\/strong><strong><b>ZDL717 podzemni utovara\u010d<\/b><\/strong><strong><b>\u00a0<\/b><\/strong>uglavnom se koristi u kombinaciji sa rudarskim kamionima u podzemnim iskopavanjima i rudarskim operacijama. Lopata utovara rudu i razli\u010dite materijale mo\u017ee uvelike pobolj\u0161ati operativnu efikasnost i va\u017ena je oprema za postizanje rudarstva bez staze.<\/span><\/p>","protected":false},"featured_media":2729,"comment_status":"closed","ping_status":"closed","template":"","meta":{"_acf_changed":false},"product_brand":[],"product_cat":[15],"product_tag":[],"class_list":{"0":"post-2727","1":"product","2":"type-product","3":"status-publish","4":"has-post-thumbnail","6":"product_cat-trackless-mining-equipment","8":"first","9":"instock","10":"shipping-taxable","11":"product-type-simple"},"acf":[],"_links":{"self":[{"href":"https:\/\/www.zongdamining.com\/bs\/wp-json\/wp\/v2\/product\/2727","targetHints":{"allow":["GET"]}}],"collection":[{"href":"https:\/\/www.zongdamining.com\/bs\/wp-json\/wp\/v2\/product"}],"about":[{"href":"https:\/\/www.zongdamining.com\/bs\/wp-json\/wp\/v2\/types\/product"}],"replies":[{"embeddable":true,"href":"https:\/\/www.zongdamining.com\/bs\/wp-json\/wp\/v2\/comments?post=2727"}],"wp:featuredmedia":[{"embeddable":true,"href":"https:\/\/www.zongdamining.com\/bs\/wp-json\/wp\/v2\/media\/2729"}],"wp:attachment":[{"href":"https:\/\/www.zongdamining.com\/bs\/wp-json\/wp\/v2\/media?parent=2727"}],"wp:term":[{"taxonomy":"product_brand","embeddable":true,"href":"https:\/\/www.zongdamining.com\/bs\/wp-json\/wp\/v2\/product_brand?post=2727"},{"taxonomy":"product_cat","embeddable":true,"href":"https:\/\/www.zongdamining.com\/bs\/wp-json\/wp\/v2\/product_cat?post=2727"},{"taxonomy":"product_tag","embeddable":true,"href":"https:\/\/www.zongdamining.com\/bs\/wp-json\/wp\/v2\/product_tag?post=2727"}],"curies":[{"name":"wp","href":"https:\/\/api.w.org\/{rel}","templated":true}]}}