{"id":2740,"date":"2025-09-24T15:08:56","date_gmt":"2025-09-24T07:08:56","guid":{"rendered":"https:\/\/www.zongdamining.com\/?post_type=product&#038;p=2740"},"modified":"2026-02-28T10:56:17","modified_gmt":"2026-02-28T02:56:17","slug":"zdl614-underground-loader","status":"publish","type":"product","link":"https:\/\/www.zongdamining.com\/bs\/product\/zdl614-underground-loader\/","title":{"rendered":"ZDL614 podzemni utovara\u010d 6m\u00b3 te\u0161ki LHD za utovar podzemnih rudnika"},"content":{"rendered":"<p><span style=\"font-family: arial, helvetica, sans-serif;\"><strong><b>U <\/b><\/strong><strong><b>ZDL614 podzemni utovara\u010d<\/b><\/strong><strong><b>\u00a0<\/b><\/strong>uglavnom se koristi u kombinaciji sa rudarskim kamionima u podzemnim iskopavanjima i rudarskim operacijama. Lopata utovara rudu i razli\u010dite materijale mo\u017ee uvelike pobolj\u0161ati operativnu efikasnost i va\u017ena je oprema za postizanje rudarstva bez staze.<\/span><\/p>\n<p>&nbsp;<\/p>\n<p><span style=\"font-family: arial, helvetica, sans-serif;\"><strong><b>Karakteristike podzemnog utovara\u010da ZDL614:<\/b><\/strong><\/span><\/p>\n<ul>\n<li><span style=\"font-family: arial, helvetica, sans-serif;\">Posebno dizajniran za rudarstvo vena i tuneliranje od 4,5 m x 4,5 m kako bi se osigurao maksimalni kapacitet vu\u010denja. Hidro-mehani\u010dki sistem prijenosa pru\u017ea ve\u0107u vle\u010dnu silu, osiguravaju\u0107i maksimalno prodiranje kante tokom utovara rude, a istovremeno pru\u017ea udobnu kabinu operatoru Homo sapiens.<\/span><\/li>\n<li><span style=\"font-family: arial, helvetica, sans-serif;\">Visoka sigurnost. Operatori Homo sapiensa su za\u0161ti\u0107eni ispod skloni\u0161ta, dr\u017ee\u0107i se daleko od opasnih podru\u010dja.<\/span><\/li>\n<li><span style=\"font-family: arial, helvetica, sans-serif;\">Svi dijelovi za odr\u017eavanje su dobro za\u0161ti\u0107eni, dok su jednostavni za servisiranje i odr\u017eavanje.<\/span><\/li>\n<li><span style=\"font-family: arial, helvetica, sans-serif;\">Motor je odabran iz uvozenog VOLVO-a;<\/span><\/li>\n<li><span style=\"font-family: arial, helvetica, sans-serif;\">Dvostruki varijabilni sistem usvaja uvozne DANA pretvara\u010de obrtnog momenta i prenose za premje\u0161tanje snage;<\/span><\/li>\n<li><span style=\"font-family: arial, helvetica, sans-serif;\">Kompaktan i fleksibilan dizajn pogodan za uske prolaze;<\/span><\/li>\n<li><span style=\"font-family: arial, helvetica, sans-serif;\">Vi\u0161usmerni ventil usvaja dizajn koji upravlja pilotom, \u010dime je rad fleksibilniji i pogodniji;<\/span><\/li>\n<li><span style=\"font-family: arial, helvetica, sans-serif;\">Centralna artikulacija, niska stopa kvarova, visok nivo udobnosti;<\/span><\/li>\n<li><span style=\"font-family: arial, helvetica, sans-serif;\">Stra\u017enja osovina usvaja dvostruki okvir za ljulja\u010dku podr\u0161ku kako bi se smanjila stopa kvarova.<\/span><\/li>\n<\/ul>\n<p><span style=\"font-family: arial, helvetica, sans-serif;\"><strong><b>U <\/b><\/strong><strong><b>M<\/b><\/strong><strong><b>ain <\/b><\/strong><strong><b>A<\/b><\/strong><strong><b>prednosti podzemnog utovara\u010da ZDL614<\/b><\/strong><strong><b>:<\/b><\/strong><\/span><\/p>\n<p><span style=\"font-family: arial, helvetica, sans-serif;\">\u00a0 \u00a0 1.U skladu sa ergonomskim dizajnom, zatvorena kabina sa grejanjem i hla\u0111enjem klima ure\u0111aja. Voza\u010d&#8217; Prostor za noge unutar kabine je relativno velik, a voza\u010d&#8217; Kontrolni prostor ima dobru vidljivost.<\/span><\/p>\n<p><span style=\"font-family: arial, helvetica, sans-serif;\">\u00a0 \u00a0 2.Okvir je centralna zglobna struktura, a stra\u017enja osovina se ljuta lijevo i desno oko centra okvira kako bi se pobolj\u0161ale performanse adhezije cijele ma\u0161ine.<\/span><\/p>\n<p><span style=\"font-family: arial, helvetica, sans-serif;\"><strong><b>Dimenzije obrisa<\/b><\/strong><\/span><\/p>\n<p><span style=\"font-family: arial, helvetica, sans-serif;\"><strong><b>Proizvodni kapacitet<\/b><\/strong><\/span><\/p>\n<ul>\n<li><span style=\"font-family: arial, helvetica, sans-serif;\">Maksimalno optere\u0107enje: 14000 kg<\/span><\/li>\n<li><span style=\"font-family: arial, helvetica, sans-serif;\">Trakcija: 300kN<\/span><\/li>\n<li><span style=\"font-family: arial, helvetica, sans-serif;\">Sila kopanja kante, valjanje kante: 225kN<\/span><\/li>\n<li><span style=\"font-family: arial, helvetica, sans-serif;\">Standardna kanta: 6m\u00b3<\/span><\/li>\n<\/ul>\n<p><span style=\"font-family: arial, helvetica, sans-serif;\"><strong><b>Brzina putovanja naprijed i nazad (horizontalna\/potpuno optere\u0107ena)<\/b><\/strong><\/span><\/p>\n<ul>\n<li><span style=\"font-family: arial, helvetica, sans-serif;\">1 brzina: 4,10 km\/h\u00a0<\/span><\/li>\n<li><span style=\"font-family: arial, helvetica, sans-serif;\">2 brzine: 7,2 km\/h\u00a0<\/span><\/li>\n<li><span style=\"font-family: arial, helvetica, sans-serif;\">3 brzine: 11,5 km\/h<\/span><\/li>\n<li><span style=\"font-family: arial, helvetica, sans-serif;\">4 brzine: 17,7 km\/h<\/span><\/li>\n<\/ul>\n<p><span style=\"font-family: arial, helvetica, sans-serif;\"><strong><b>Vrijeme rada kante<\/b><\/strong><\/span><\/p>\n<ul>\n<li><span style=\"font-family: arial, helvetica, sans-serif;\">Dizanje: 8,9 sekunde\u3001<\/span><\/li>\n<li><span style=\"font-family: arial, helvetica, sans-serif;\">Pad: 4,5 sekunde<\/span><\/li>\n<li><span style=\"font-family: arial, helvetica, sans-serif;\">Izbacivanje i istovaranje: 4,9 sekunde<\/span><\/li>\n<\/ul>\n<p><img fetchpriority=\"high\" decoding=\"async\" class=\"wp-image-2732 alignleft\" src=\"http:\/\/www.zongdamining.com\/wp-content\/uploads\/2025\/09\/350A6755-\u62f7\u8d1d-scaled.png\" alt=\"\" width=\"549\" height=\"549\" srcset=\"https:\/\/www.zongdamining.com\/wp-content\/uploads\/2025\/09\/350A6755-\u62f7\u8d1d-scaled.png 2560w, https:\/\/www.zongdamining.com\/wp-content\/uploads\/2025\/09\/350A6755-\u62f7\u8d1d-300x300.png 300w, https:\/\/www.zongdamining.com\/wp-content\/uploads\/2025\/09\/350A6755-\u62f7\u8d1d-1024x1024.png 1024w, https:\/\/www.zongdamining.com\/wp-content\/uploads\/2025\/09\/350A6755-\u62f7\u8d1d-150x150.png 150w, https:\/\/www.zongdamining.com\/wp-content\/uploads\/2025\/09\/350A6755-\u62f7\u8d1d-768x768.png 768w, https:\/\/www.zongdamining.com\/wp-content\/uploads\/2025\/09\/350A6755-\u62f7\u8d1d-1536x1536.png 1536w, https:\/\/www.zongdamining.com\/wp-content\/uploads\/2025\/09\/350A6755-\u62f7\u8d1d-2048x2048.png 2048w, https:\/\/www.zongdamining.com\/wp-content\/uploads\/2025\/09\/350A6755-\u62f7\u8d1d-700x700.png 700w, https:\/\/www.zongdamining.com\/wp-content\/uploads\/2025\/09\/350A6755-\u62f7\u8d1d-600x600.png 600w, https:\/\/www.zongdamining.com\/wp-content\/uploads\/2025\/09\/350A6755-\u62f7\u8d1d-100x100.png 100w\" sizes=\"(max-width: 549px) 100vw, 549px\" \/><strong style=\"font-family: arial, helvetica, sans-serif;\"><b>Te\u017eina praznog optere\u0107enja<\/b><\/strong><\/p>\n<ul>\n<li><span style=\"font-family: arial, helvetica, sans-serif;\">Te\u017eina vozila: 39 500 kg<\/span><\/li>\n<li><span style=\"font-family: arial, helvetica, sans-serif;\">Optere\u0107enje prednje osovine: 17 200 kg<\/span><\/li>\n<li><span style=\"font-family: arial, helvetica, sans-serif;\">Optere\u0107enje stra\u017enje osovine: 22 300 kg<\/span><\/li>\n<\/ul>\n<p style=\"padding-left: 480px;\"><span style=\"font-family: arial, helvetica, sans-serif;\"><strong><b>Optere\u0107ena te\u017eina<\/b><\/strong><\/span><\/p>\n<ul>\n<li><span style=\"font-family: arial, helvetica, sans-serif;\">Bruto optere\u0107ena te\u017eina: 53 500 kg<\/span><\/li>\n<li><span style=\"font-family: arial, helvetica, sans-serif;\">Optere\u0107enje prednje osovine: 39 300 kg<\/span><\/li>\n<li><span style=\"font-family: arial, helvetica, sans-serif;\">Optere\u0107enje stra\u017enje osovine: 14 200 kg<\/span><\/li>\n<\/ul>\n<p>&nbsp;<\/p>\n<p>&nbsp;<\/p>\n<p>&nbsp;<\/p>\n<p>&nbsp;<\/p>\n<p>&nbsp;<\/p>\n<p>&nbsp;<\/p>\n<p>&nbsp;<\/p>\n<p>&nbsp;<\/p>\n<p><span style=\"font-family: arial, helvetica, sans-serif;\"><strong>Sistem napajanja<\/strong><\/span><\/p>\n<p><span style=\"font-family: arial, helvetica, sans-serif;\"><strong>Motor<\/strong><\/span><\/p>\n<ul>\n<li><span style=\"font-family: arial, helvetica, sans-serif;\">Diesel motor: VOLVO TAD 1350 VE<\/span><\/li>\n<li><span style=\"font-family: arial, helvetica, sans-serif;\">Izlazna snaga: 256 kW\/1900 r\/min<\/span><\/li>\n<li><span style=\"font-family: arial, helvetica, sans-serif;\">Obretni moment: 2175 N \u00b7 m @ 1200 r \/ min<\/span><\/li>\n<li><span style=\"font-family: arial, helvetica, sans-serif;\">Broj cilindra: Inline 6 cilindra<\/span><\/li>\n<li><span style=\"font-family: arial, helvetica, sans-serif;\">Raspored: 13L<\/span><\/li>\n<li><span style=\"font-family: arial, helvetica, sans-serif;\">Sistem hla\u0111enja: hla\u0111enje vodom<\/span><\/li>\n<li><span style=\"font-family: arial, helvetica, sans-serif;\">Re\u017eim sagorijevanja: 4-taktni, turbopopunjen sa intercoolerom<\/span><\/li>\n<li><span style=\"font-family: arial, helvetica, sans-serif;\">Ulazna filtracija: Suhi filter<\/span><\/li>\n<li><span style=\"font-family: arial, helvetica, sans-serif;\">Elektri\u010dni sistem: 24V<\/span><\/li>\n<li><span style=\"font-family: arial, helvetica, sans-serif;\">Prosje\u010dna potro\u0161nja goriva: 33 L\/h<\/span><\/li>\n<li><span style=\"font-family: arial, helvetica, sans-serif;\">Kapacitet rezervoara za gorivo: 380 L<\/span><\/li>\n<\/ul>\n<p>&nbsp;<\/p>\n<p><span style=\"font-family: arial, helvetica, sans-serif;\"><strong>T<\/strong><strong>Ork pretvara\u010d\/prijenos<\/strong><\/span><\/p>\n<ul>\n<li><span style=\"font-family: arial, helvetica, sans-serif;\">Dana: 6422<\/span><\/li>\n<li><span style=\"font-family: arial, helvetica, sans-serif;\">Dana C8602:Power shift, \u010detiri brzine elektronsko kontrolisane kontrole pomaka za naprijed i nazad<\/span><\/li>\n<\/ul>\n<p><span style=\"font-family: arial, helvetica, sans-serif;\"><strong>\u00a0<\/strong><strong>A<\/strong><strong>xle<\/strong><\/span><\/p>\n<ul>\n<li><span style=\"font-family: arial, helvetica, sans-serif;\">Prednja osovina kessler 106 ili DANA 53R: Mokra pru\u017ena ko\u010dnica sa vi\u0161e diskova, diferencijal protiv kliza<\/span><\/li>\n<li><span style=\"font-family: arial, helvetica, sans-serif;\">Stra\u017enja osovina kessler 106 ili DANA 53R: Mokra pru\u017ena ko\u010dnica sa vi\u0161e diskova, diferencijal protiv kliza<\/span><\/li>\n<\/ul>\n<p><span style=\"font-family: arial, helvetica, sans-serif;\"><strong>Gume<\/strong><\/span><\/p>\n<ul>\n<li><span style=\"font-family: arial, helvetica, sans-serif;\">Model guma: 26.5-25 L5S<\/span><\/li>\n<li><span style=\"font-family: arial, helvetica, sans-serif;\">Specifikacija kota\u010da: 22.00\/3.0<\/span><\/li>\n<\/ul>\n<p><span style=\"font-family: arial, helvetica, sans-serif;\"><strong><b>\u00a0<\/b><\/strong><strong><b>taksijem<img decoding=\"async\" class=\"wp-image-2734 alignleft\" src=\"http:\/\/www.zongdamining.com\/wp-content\/uploads\/2025\/09\/350A6806-\u62f7\u8d1d-scaled.png\" alt=\"\" width=\"687\" height=\"687\" srcset=\"https:\/\/www.zongdamining.com\/wp-content\/uploads\/2025\/09\/350A6806-\u62f7\u8d1d-scaled.png 2560w, https:\/\/www.zongdamining.com\/wp-content\/uploads\/2025\/09\/350A6806-\u62f7\u8d1d-300x300.png 300w, https:\/\/www.zongdamining.com\/wp-content\/uploads\/2025\/09\/350A6806-\u62f7\u8d1d-1024x1024.png 1024w, https:\/\/www.zongdamining.com\/wp-content\/uploads\/2025\/09\/350A6806-\u62f7\u8d1d-150x150.png 150w, https:\/\/www.zongdamining.com\/wp-content\/uploads\/2025\/09\/350A6806-\u62f7\u8d1d-768x768.png 768w, https:\/\/www.zongdamining.com\/wp-content\/uploads\/2025\/09\/350A6806-\u62f7\u8d1d-1536x1536.png 1536w, https:\/\/www.zongdamining.com\/wp-content\/uploads\/2025\/09\/350A6806-\u62f7\u8d1d-2048x2048.png 2048w, https:\/\/www.zongdamining.com\/wp-content\/uploads\/2025\/09\/350A6806-\u62f7\u8d1d-700x700.png 700w, https:\/\/www.zongdamining.com\/wp-content\/uploads\/2025\/09\/350A6806-\u62f7\u8d1d-600x600.png 600w, https:\/\/www.zongdamining.com\/wp-content\/uploads\/2025\/09\/350A6806-\u62f7\u8d1d-100x100.png 100w\" sizes=\"(max-width: 687px) 100vw, 687px\" \/><\/b><\/strong><\/span><\/p>\n<p><span style=\"font-family: arial, helvetica, sans-serif;\"><strong><b>\u00a0<\/b><\/strong><strong><b>Voza\u010d&#8217; sjedi\u0161te<\/b><\/strong><\/span><\/p>\n<ul>\n<li><span style=\"font-family: arial, helvetica, sans-serif;\">Voza\u010d&#8217; Sedi\u0161te je opremljeno podesivom hidrauli\u010dnom apsorpcijom udaraca, a visina sjedala, polo\u017eaj ispred i iza i naslonica mogu se podesiti.<\/span><\/li>\n<li><span style=\"font-family: arial, helvetica, sans-serif;\">Sigurnosni pojas sa tri ta\u010dke.<\/span><\/li>\n<li><span style=\"font-family: arial, helvetica, sans-serif;\">Nasloni za ruke i podesivi joystickovi mogu se montirati na vrata kabine ili desni zid kabine.<\/span><\/li>\n<li><span style=\"font-family: arial, helvetica, sans-serif;\">Grejanje i hla\u0111enje klima ure\u0111aj<\/span><\/li>\n<\/ul>\n<p><span style=\"font-family: arial, helvetica, sans-serif;\"><strong><b>\u00a0<\/b><\/strong><strong><b>Okvir <\/b><\/strong><\/span><\/p>\n<p><span style=\"font-family: arial, helvetica, sans-serif;\"><strong><b>\u00a0<\/b><\/strong><strong><b>Prednji i stra\u017enji okviri<\/b><\/strong><\/span><\/p>\n<ul>\n<li><span style=\"font-family: arial, helvetica, sans-serif;\">Visoko \u010dvrsta zavarena \u010deli\u010dna konstrukcija. Uz optimizovanu debljinu materijala, smanjuje samote\u017einu, pobolj\u0161ava kapacitet transporta i pobolj\u0161ava \u017eivotni vijek strukturnih komponenti.<\/span><\/li>\n<li><span style=\"font-family: arial, helvetica, sans-serif;\">Centralna artikulacija:Prilagodljiva veza le\u017eaja<\/span><\/li>\n<\/ul>\n<p><span style=\"font-family: arial, helvetica, sans-serif;\"><strong><b>\u00a0<\/b><\/strong><strong><b>Hidrauli\u010dki sistem<\/b><\/strong><\/span><\/p>\n<p><span style=\"font-family: arial, helvetica, sans-serif;\"><strong><b>\u00a0<\/b><\/strong><strong><b>Hidrauli\u010dki sistem za upravljanje<\/b><\/strong><\/span><\/p>\n<ul>\n<li><span style=\"font-family: arial, helvetica, sans-serif;\">Centralna artikulacija, hidrauli\u010dni servo upravlja\u010d i dva dvostruka radna cilindra u radu. Kontroliran elektri\u010dnim joystickom.<\/span><\/li>\n<\/ul>\n<p><span style=\"font-family: arial, helvetica, sans-serif;\"><strong><b>Radni hidrauli\u010dki sistem<\/b><\/strong><\/span><\/p>\n<ul>\n<li><span style=\"font-family: arial, helvetica, sans-serif;\">Kada upravljanje nije u upotrebi, protok ulja iz hidrauli\u010dne pumpe za upravljanje usmjerava se ka radnom hidrauli\u010dkom sistemu. Joystick, kanta i ure\u0111aji za kontrolu (elektri\u010dni) opremljeni su klipnom pumpom, koja mo\u017ee isporu\u010diti ulje hidrauli\u010dkom glavnom ventilu kante.<\/span><\/li>\n<li><span style=\"font-family: arial, helvetica, sans-serif;\">Kapacitet rezervoara za hidrauli\u010dno ulje 300L.<\/span><\/li>\n<\/ul>\n<p><span style=\"font-family: arial, helvetica, sans-serif;\"><strong><b>\u00a0<\/b><\/strong><strong><b>Ko\u010dnica<\/b><\/strong><\/span><\/p>\n<ul>\n<li><span style=\"font-family: arial, helvetica, sans-serif;\">Slu\u017ebena ko\u010dnica usvaja pru\u017eno ko\u010denje; Na svim kota\u010dima su instalirane hidrauli\u010dno upravljane ko\u010dnice sa vi\u0161e diskova. Postoje dva nezavisna kruga: jedan za prednju osovinu i drugi za stra\u017enju osovinu. Slu\u017ebena ko\u010dnica mo\u017ee da funkcioni\u0161e i kao hitna ko\u010dnica i parkirna ko\u010dnica. Performanse ko\u010dni\u010dkog sistema su u skladu sa zahtjevima EN ISO 3450, AS 2958.1 i SABS 1589.<\/span><\/li>\n<\/ul>","protected":false},"excerpt":{"rendered":"<p><span style=\"font-family: arial, helvetica, sans-serif;\"><strong><b>U <\/b><\/strong><strong><b>ZDL614 podzemni utovara\u010d<\/b><\/strong><strong><b>\u00a0<\/b><\/strong>uglavnom se koristi u kombinaciji sa rudarskim kamionima u podzemnim iskopavanjima i rudarskim operacijama. Lopata utovara rudu i razli\u010dite materijale mo\u017ee uvelike pobolj\u0161ati operativnu efikasnost i va\u017ena je oprema za postizanje rudarstva bez staze.<\/span><\/p>","protected":false},"featured_media":2732,"comment_status":"closed","ping_status":"closed","template":"","meta":{"_acf_changed":false},"product_brand":[],"product_cat":[15],"product_tag":[],"class_list":{"0":"post-2740","1":"product","2":"type-product","3":"status-publish","4":"has-post-thumbnail","6":"product_cat-trackless-mining-equipment","8":"first","9":"instock","10":"shipping-taxable","11":"product-type-simple"},"acf":[],"_links":{"self":[{"href":"https:\/\/www.zongdamining.com\/bs\/wp-json\/wp\/v2\/product\/2740","targetHints":{"allow":["GET"]}}],"collection":[{"href":"https:\/\/www.zongdamining.com\/bs\/wp-json\/wp\/v2\/product"}],"about":[{"href":"https:\/\/www.zongdamining.com\/bs\/wp-json\/wp\/v2\/types\/product"}],"replies":[{"embeddable":true,"href":"https:\/\/www.zongdamining.com\/bs\/wp-json\/wp\/v2\/comments?post=2740"}],"wp:featuredmedia":[{"embeddable":true,"href":"https:\/\/www.zongdamining.com\/bs\/wp-json\/wp\/v2\/media\/2732"}],"wp:attachment":[{"href":"https:\/\/www.zongdamining.com\/bs\/wp-json\/wp\/v2\/media?parent=2740"}],"wp:term":[{"taxonomy":"product_brand","embeddable":true,"href":"https:\/\/www.zongdamining.com\/bs\/wp-json\/wp\/v2\/product_brand?post=2740"},{"taxonomy":"product_cat","embeddable":true,"href":"https:\/\/www.zongdamining.com\/bs\/wp-json\/wp\/v2\/product_cat?post=2740"},{"taxonomy":"product_tag","embeddable":true,"href":"https:\/\/www.zongdamining.com\/bs\/wp-json\/wp\/v2\/product_tag?post=2740"}],"curies":[{"name":"wp","href":"https:\/\/api.w.org\/{rel}","templated":true}]}}