{"id":1218,"date":"2022-12-12T10:43:54","date_gmt":"2022-12-12T02:43:54","guid":{"rendered":"http:\/\/www.zongdamining.com\/?post_type=product&#038;p=1218"},"modified":"2024-04-28T15:56:33","modified_gmt":"2024-04-28T07:56:33","slug":"crawler-mucking-machine","status":"publish","type":"product","link":"https:\/\/www.zongdamining.com\/es\/product\/crawler-mucking-machine\/","title":{"rendered":"M\u00e1quina Mucking Crawler"},"content":{"rendered":"<p><strong><img fetchpriority=\"high\" decoding=\"async\" class=\"alignnone wp-image-1231 size-full\" src=\"http:\/\/www.zongdamining.com\/wp-content\/uploads\/2022\/12\/crawler-mucking-machine15039559282-1.jpg\" alt=\"\" width=\"730\" height=\"730\" srcset=\"https:\/\/www.zongdamining.com\/wp-content\/uploads\/2022\/12\/crawler-mucking-machine15039559282-1.jpg 730w, https:\/\/www.zongdamining.com\/wp-content\/uploads\/2022\/12\/crawler-mucking-machine15039559282-1-300x300.jpg 300w, https:\/\/www.zongdamining.com\/wp-content\/uploads\/2022\/12\/crawler-mucking-machine15039559282-1-150x150.jpg 150w, https:\/\/www.zongdamining.com\/wp-content\/uploads\/2022\/12\/crawler-mucking-machine15039559282-1-600x600.jpg 600w, https:\/\/www.zongdamining.com\/wp-content\/uploads\/2022\/12\/crawler-mucking-machine15039559282-1-100x100.jpg 100w\" sizes=\"(max-width: 730px) 100vw, 730px\" \/><\/strong><\/p>\n<p><strong>M\u00e1quina de mucking de rampas de control remoto<\/strong><\/p>\n<p>\u00a1Expertos en seguridad para la soluci\u00f3n de t\u00faneles!<\/p>\n<p>\u00a1Tomando la posici\u00f3n l\u00edder en seguridad!<\/p>\n<p>La m\u00e1quina tradicional se introdujo en China hace 60 a\u00f1os. La primera generaci\u00f3n fue utilizada para la topograf\u00eda y el mapeo en la provincia de Hebei en China en el a\u00f1o 1954. Despu\u00e9s de 30 a\u00f1os de promoci\u00f3n, la segunda generaci\u00f3n se ha convertido en la que no tiene enrollamiento.<\/p>\n<p>Con la experiencia, ZONGDA ha investigado y desarrollado la m\u00e1quina de carga de rocas de control remoto que mejoran la eficiencia del treinta por ciento para alcanzar el requisito de la miner\u00eda.<\/p>\n<p><strong>Estructura<\/strong><\/p>\n<p>1. Las dos cajas de control el\u00e9ctricas originales se han convertido en solo una. Y otro lugar ha sido reemplazado por un dispositivo hidr\u00e1ulico. Se agrega un conjunto de motores hidr\u00e1ulicos entre la mesa giratoria y la bandeja, accionando la mesa giratoria para girar.<\/p>\n<p>2.Via un conjunto de mando a distancia, la m\u00e1quina puede ser operaci\u00f3n controlada a distancia.<\/p>\n<p><strong>Caracter\u00edsticas<\/strong><\/p>\n<p>1. La larga distancia (entre 5m-20 m) mantiene a los operadores alejados de los peligros, disminuyendo los riesgos de vuelta.<\/p>\n<p>2. El operador se revive del trabajo tedioso con la mejora del entorno de trabajo.<\/p>\n<p>3. La eficiencia se mejora en m\u00e1s del 30% debido a su operaci\u00f3n visual.<\/p>\n<p>4. El dispositivo de iluminaci\u00f3n se agrega en la cabeza de la m\u00e1quina<\/p>\n<p>5. Hay tres modos de control:<\/p>\n<p>Control remoto<\/p>\n<p>Control del bot\u00f3n<\/p>\n<p>Control manual para el modo de espera<\/p>\n<p><strong>Datos t\u00e9cnicos<\/strong><\/p>\n<div class=\"table-responsive\">\n<table class=\"table\" style=\"width: 100%;\" border=\"0\" width=\"100%\" cellspacing=\"0\" cellpadding=\"0\">\n<tbody>\n<tr class=\"firstRow\">\n<td style=\"width: 14.0266%;\" colspan=\"2\" width=\"92\">modelo<\/td>\n<td style=\"width: 5.80411%;\" width=\"32\">El Z-17W<\/td>\n<td style=\"width: 7.85973%;\" width=\"46\">Z-17WYK<\/td>\n<td style=\"width: 11.2455%;\" width=\"57\">ZLKY20<\/td>\n<td style=\"width: 5.92503%;\" width=\"32\">El Z-20W<\/td>\n<td style=\"width: 8.34341%;\" width=\"46\">Z-20WYK<\/td>\n<td style=\"width: 11.2455%;\" width=\"57\">ZLKY26<\/td>\n<td style=\"width: 7.85973%;\" width=\"43\">El Z-30W<\/td>\n<td style=\"width: 8.34341%;\" width=\"46\">Z-30WYK<\/td>\n<td style=\"width: 11.2455%;\" width=\"57\">ZLKY45<\/td>\n<td style=\"width: 7.85973%;\" width=\"43\">ZQ26<\/td>\n<\/tr>\n<tr>\n<td style=\"width: 14.0266%;\" colspan=\"2\" width=\"92\">Tama\u00f1o de carretera aplicable W * H \/ m<\/td>\n<td style=\"width: 5.80411%;\" width=\"32\">1.7*2<\/td>\n<td style=\"width: 7.85973%;\" width=\"46\">1.7*2<\/td>\n<td style=\"width: 11.2455%;\" width=\"57\">2*2.2<\/td>\n<td style=\"width: 5.92503%;\" width=\"32\">2*2.2<\/td>\n<td style=\"width: 8.34341%;\" width=\"46\">2*2.2<\/td>\n<td style=\"width: 11.2455%;\" width=\"57\">2.2*2.5<\/td>\n<td style=\"width: 7.85973%;\" width=\"43\">2.2*2.5<\/td>\n<td style=\"width: 8.34341%;\" width=\"46\">2.2*2.5<\/td>\n<td style=\"width: 11.2455%;\" width=\"57\">2.2*2.5<\/td>\n<td style=\"width: 7.85973%;\" width=\"43\">2.2*2.5<\/td>\n<\/tr>\n<tr>\n<td style=\"width: 14.0266%;\" colspan=\"2\" width=\"92\">Calibre<\/td>\n<td style=\"width: 85.7316%;\" colspan=\"10\" width=\"461\">600\/\/762\/900mm (personalizado)<\/td>\n<\/tr>\n<tr>\n<td style=\"width: 14.0266%;\" colspan=\"2\" width=\"92\">Capacidad de carga m\u00b3\/h<\/td>\n<td style=\"width: 5.80411%;\" width=\"32\">20-30<\/td>\n<td style=\"width: 7.85973%;\" width=\"46\">30-40<\/td>\n<td style=\"width: 11.2455%;\" width=\"57\">35-45<\/td>\n<td style=\"width: 5.92503%;\" width=\"32\">30-40<\/td>\n<td style=\"width: 8.34341%;\" width=\"46\">40-50<\/td>\n<td style=\"width: 11.2455%;\" width=\"57\">50-60<\/td>\n<td style=\"width: 7.85973%;\" width=\"43\">50-60<\/td>\n<td style=\"width: 8.34341%;\" width=\"46\">60-70<\/td>\n<td style=\"width: 11.2455%;\" width=\"57\">80-100<\/td>\n<td style=\"width: 7.85973%;\" width=\"43\">50-60<\/td>\n<\/tr>\n<tr>\n<td style=\"width: 14.0266%;\" colspan=\"2\" width=\"92\">Volumen del cubo \u33a1<\/td>\n<td style=\"width: 5.80411%;\" width=\"32\">0.17<\/td>\n<td style=\"width: 7.85973%;\" width=\"46\">0.17<\/td>\n<td style=\"width: 11.2455%;\" width=\"57\">0.2<\/td>\n<td style=\"width: 5.92503%;\" width=\"32\">0.2<\/td>\n<td style=\"width: 8.34341%;\" width=\"46\">0.2<\/td>\n<td style=\"width: 11.2455%;\" width=\"57\">0.26<\/td>\n<td style=\"width: 7.85973%;\" width=\"43\">0.3<\/td>\n<td style=\"width: 8.34341%;\" width=\"46\">0.3<\/td>\n<td style=\"width: 11.2455%;\" width=\"57\">0.45<\/td>\n<td style=\"width: 7.85973%;\" width=\"43\">0.26<\/td>\n<\/tr>\n<tr>\n<td style=\"width: 14.0266%;\" colspan=\"2\" width=\"92\">Anchura de carga mm<\/td>\n<td style=\"width: 5.80411%;\" width=\"32\">1700<\/td>\n<td style=\"width: 7.85973%;\" width=\"46\">1700<\/td>\n<td style=\"width: 11.2455%;\" width=\"57\">Arbitrariamente<\/td>\n<td style=\"width: 5.92503%;\" width=\"32\">2000<\/td>\n<td style=\"width: 8.34341%;\" width=\"46\">2000<\/td>\n<td style=\"width: 11.2455%;\" width=\"57\">Arbitrariamente<\/td>\n<td style=\"width: 7.85973%;\" width=\"43\">2400<\/td>\n<td style=\"width: 8.34341%;\" width=\"46\">2400<\/td>\n<td style=\"width: 11.2455%;\" width=\"57\">Arbitrariamente<\/td>\n<td style=\"width: 7.85973%;\" width=\"43\">2700<\/td>\n<\/tr>\n<tr>\n<td style=\"width: 14.0266%;\" colspan=\"2\" width=\"92\">Altura de trabajo del cubo mm<\/td>\n<td style=\"width: 5.80411%;\" width=\"32\">1920<\/td>\n<td style=\"width: 7.85973%;\" width=\"46\">1920<\/td>\n<td style=\"width: 11.2455%;\" width=\"57\">1920<\/td>\n<td style=\"width: 5.92503%;\" width=\"32\">2180<\/td>\n<td style=\"width: 8.34341%;\" width=\"46\">2180<\/td>\n<td style=\"width: 11.2455%;\" width=\"57\">2240<\/td>\n<td style=\"width: 7.85973%;\" width=\"43\">2240<\/td>\n<td style=\"width: 8.34341%;\" width=\"46\">2240<\/td>\n<td style=\"width: 11.2455%;\" width=\"57\">2240<\/td>\n<td style=\"width: 7.85973%;\" width=\"43\">2240<\/td>\n<\/tr>\n<tr>\n<td style=\"width: 14.0266%;\" colspan=\"2\" width=\"92\">Altura del cubo mm<\/td>\n<td style=\"width: 5.80411%;\" width=\"32\">1320<\/td>\n<td style=\"width: 7.85973%;\" width=\"46\">1320<\/td>\n<td style=\"width: 11.2455%;\" width=\"57\">1210<\/td>\n<td style=\"width: 5.92503%;\" width=\"32\">1360<\/td>\n<td style=\"width: 8.34341%;\" width=\"46\">1360<\/td>\n<td style=\"width: 11.2455%;\" width=\"57\"><\/td>\n<td style=\"width: 7.85973%;\" width=\"43\">1360<\/td>\n<td style=\"width: 8.34341%;\" width=\"46\">1360<\/td>\n<td style=\"width: 11.2455%;\" width=\"57\">1460<\/td>\n<td style=\"width: 7.85973%;\" width=\"43\">1250<\/td>\n<\/tr>\n<tr>\n<td style=\"width: 14.0266%;\" colspan=\"2\" width=\"92\">Gradabilidad<\/td>\n<td style=\"width: 5.80411%;\" width=\"32\"><\/td>\n<td style=\"width: 7.85973%;\" width=\"46\"><\/td>\n<td style=\"width: 11.2455%;\" width=\"57\">25 \u00b0<\/td>\n<td style=\"width: 5.92503%;\" width=\"32\"><\/td>\n<td style=\"width: 8.34341%;\" width=\"46\"><\/td>\n<td style=\"width: 11.2455%;\" width=\"57\">25 \u00b0<\/td>\n<td style=\"width: 7.85973%;\" width=\"43\"><\/td>\n<td style=\"width: 8.34341%;\" width=\"46\"><\/td>\n<td style=\"width: 11.2455%;\" width=\"57\">25 \u00b0<\/td>\n<td style=\"width: 7.85973%;\" width=\"43\"><\/td>\n<\/tr>\n<tr>\n<td style=\"width: 5.44135%;\" width=\"35\">Tama\u00f1o<\/td>\n<td style=\"width: 8.58525%;\" width=\"57\">L mm<\/td>\n<td style=\"width: 5.80411%;\" width=\"32\">2120<\/td>\n<td style=\"width: 7.85973%;\" width=\"46\">2120<\/td>\n<td style=\"width: 11.2455%;\" width=\"57\">2287<\/td>\n<td style=\"width: 5.92503%;\" width=\"32\">2480<\/td>\n<td style=\"width: 8.34341%;\" width=\"46\">2480<\/td>\n<td style=\"width: 11.2455%;\" width=\"57\"><\/td>\n<td style=\"width: 7.85973%;\" width=\"43\"><\/td>\n<td style=\"width: 8.34341%;\" width=\"46\">2620<\/td>\n<td style=\"width: 11.2455%;\" width=\"57\">2660<\/td>\n<td style=\"width: 7.85973%;\" width=\"43\">2400<\/td>\n<\/tr>\n<tr>\n<td style=\"width: 5.44135%;\" width=\"35\"><\/td>\n<td style=\"width: 8.58525%;\" width=\"57\">W mm<\/td>\n<td style=\"width: 5.80411%;\" width=\"32\">1130<\/td>\n<td style=\"width: 7.85973%;\" width=\"46\">1130<\/td>\n<td style=\"width: 11.2455%;\" width=\"57\">1372<\/td>\n<td style=\"width: 5.92503%;\" width=\"32\">1380<\/td>\n<td style=\"width: 8.34341%;\" width=\"46\">1380<\/td>\n<td style=\"width: 11.2455%;\" width=\"57\"><\/td>\n<td style=\"width: 7.85973%;\" width=\"43\">1380<\/td>\n<td style=\"width: 8.34341%;\" width=\"46\">1380<\/td>\n<td style=\"width: 11.2455%;\" width=\"57\">1520<\/td>\n<td style=\"width: 7.85973%;\" width=\"43\">1090-1380<\/td>\n<\/tr>\n<tr>\n<td style=\"width: 5.44135%;\" width=\"35\"><\/td>\n<td style=\"width: 8.58525%;\" width=\"57\">H mm<\/td>\n<td style=\"width: 5.80411%;\" width=\"32\">1200<\/td>\n<td style=\"width: 7.85973%;\" width=\"46\">1200<\/td>\n<td style=\"width: 11.2455%;\" width=\"57\">1415<\/td>\n<td style=\"width: 5.92503%;\" width=\"32\">1460<\/td>\n<td style=\"width: 8.34341%;\" width=\"46\">1460<\/td>\n<td style=\"width: 11.2455%;\" width=\"57\"><\/td>\n<td style=\"width: 7.85973%;\" width=\"43\">1545<\/td>\n<td style=\"width: 8.34341%;\" width=\"46\">1650<\/td>\n<td style=\"width: 11.2455%;\" width=\"57\">1650<\/td>\n<td style=\"width: 7.85973%;\" width=\"43\">1500<\/td>\n<\/tr>\n<tr>\n<td style=\"width: 14.0266%;\" colspan=\"2\" width=\"92\">Potencia del motor de viaje kw<\/td>\n<td style=\"width: 5.80411%;\" width=\"32\">10.5<\/td>\n<td style=\"width: 7.85973%;\" width=\"46\">10.5<\/td>\n<td style=\"width: 11.2455%;\" width=\"57\">Motor hidr\u00e1ulico 5000N \/ 2units<\/td>\n<td style=\"width: 5.92503%;\" width=\"32\">10.5<\/td>\n<td style=\"width: 8.34341%;\" width=\"46\">10.5<\/td>\n<td style=\"width: 11.2455%;\" width=\"57\">Motor hidr\u00e1ulico 5000N \/ 2units<\/td>\n<td style=\"width: 7.85973%;\" width=\"43\">13<\/td>\n<td style=\"width: 8.34341%;\" width=\"46\">13<\/td>\n<td style=\"width: 11.2455%;\" width=\"57\">Motor hidr\u00e1ulico 5000N \/ 2units<\/td>\n<td style=\"width: 7.85973%;\" width=\"43\">8.83<\/td>\n<\/tr>\n<tr>\n<td style=\"width: 14.0266%;\" colspan=\"2\" width=\"92\">Potencia del motor del cubo kw<\/td>\n<td style=\"width: 5.80411%;\" width=\"32\">10.5<\/td>\n<td style=\"width: 7.85973%;\" width=\"46\">10.5<\/td>\n<td style=\"width: 11.2455%;\" width=\"57\">13<\/td>\n<td style=\"width: 5.92503%;\" width=\"32\">13<\/td>\n<td style=\"width: 8.34341%;\" width=\"46\">13<\/td>\n<td style=\"width: 11.2455%;\" width=\"57\">13<\/td>\n<td style=\"width: 7.85973%;\" width=\"43\">15<\/td>\n<td style=\"width: 8.34341%;\" width=\"46\">15<\/td>\n<td style=\"width: 11.2455%;\" width=\"57\">15<\/td>\n<td style=\"width: 7.85973%;\" width=\"43\">14.71<\/td>\n<\/tr>\n<tr>\n<td style=\"width: 14.0266%;\" colspan=\"2\" width=\"92\">Potencia del motor hidr\u00e1ulico<\/td>\n<td style=\"width: 5.80411%;\" width=\"32\"><\/td>\n<td style=\"width: 7.85973%;\" width=\"46\">1.5<\/td>\n<td style=\"width: 11.2455%;\" width=\"57\">7.5<\/td>\n<td style=\"width: 5.92503%;\" width=\"32\"><\/td>\n<td style=\"width: 8.34341%;\" width=\"46\">1.5<\/td>\n<td style=\"width: 11.2455%;\" width=\"57\">7.5<\/td>\n<td style=\"width: 7.85973%;\" width=\"43\"><\/td>\n<td style=\"width: 8.34341%;\" width=\"46\">2.2<\/td>\n<td style=\"width: 11.2455%;\" width=\"57\">11<\/td>\n<td style=\"width: 7.85973%;\" width=\"43\"><\/td>\n<\/tr>\n<tr>\n<td style=\"width: 14.0266%;\" colspan=\"2\" width=\"92\">Peso kg<\/td>\n<td style=\"width: 5.80411%;\" width=\"32\">3200<\/td>\n<td style=\"width: 7.85973%;\" width=\"46\">3300<\/td>\n<td style=\"width: 11.2455%;\" width=\"57\">3700<\/td>\n<td style=\"width: 5.92503%;\" width=\"32\">3750<\/td>\n<td style=\"width: 8.34341%;\" width=\"46\">3800<\/td>\n<td style=\"width: 11.2455%;\" width=\"57\">3900<\/td>\n<td style=\"width: 7.85973%;\" width=\"43\">4500<\/td>\n<td style=\"width: 8.34341%;\" width=\"46\">4500<\/td>\n<td style=\"width: 11.2455%;\" width=\"57\">4800<\/td>\n<td style=\"width: 7.85973%;\" width=\"43\">2700<\/td>\n<\/tr>\n<tr>\n<td style=\"width: 99.7583%;\" colspan=\"12\" align=\"center\" valign=\"middle\" width=\"553\">Z- Cargador de roca; W-No cuerda enredada; YK-control remoto; Tipo L-Crawler;<\/p>\n<p>ZLKY-Cargadora de roca de rampa de control remoto hidr\u00e1ulico<\/td>\n<\/tr>\n<\/tbody>\n<\/table>\n<p><strong>Entrega<\/strong><\/p>\n<p><img decoding=\"async\" class=\"alignnone wp-image-1229 size-full\" src=\"http:\/\/www.zongdamining.com\/wp-content\/uploads\/2022\/12\/crawler-mucking-machine19232989850.jpg\" alt=\"\" width=\"730\" height=\"730\" srcset=\"https:\/\/www.zongdamining.com\/wp-content\/uploads\/2022\/12\/crawler-mucking-machine19232989850.jpg 730w, https:\/\/www.zongdamining.com\/wp-content\/uploads\/2022\/12\/crawler-mucking-machine19232989850-300x300.jpg 300w, https:\/\/www.zongdamining.com\/wp-content\/uploads\/2022\/12\/crawler-mucking-machine19232989850-150x150.jpg 150w, https:\/\/www.zongdamining.com\/wp-content\/uploads\/2022\/12\/crawler-mucking-machine19232989850-600x600.jpg 600w, https:\/\/www.zongdamining.com\/wp-content\/uploads\/2022\/12\/crawler-mucking-machine19232989850-100x100.jpg 100w\" sizes=\"(max-width: 730px) 100vw, 730px\" \/> <img decoding=\"async\" class=\"alignnone wp-image-1228 size-full\" src=\"http:\/\/www.zongdamining.com\/wp-content\/uploads\/2022\/12\/crawler-mucking-machine19234083364.jpg\" alt=\"\" width=\"730\" height=\"730\" srcset=\"https:\/\/www.zongdamining.com\/wp-content\/uploads\/2022\/12\/crawler-mucking-machine19234083364.jpg 730w, https:\/\/www.zongdamining.com\/wp-content\/uploads\/2022\/12\/crawler-mucking-machine19234083364-300x300.jpg 300w, https:\/\/www.zongdamining.com\/wp-content\/uploads\/2022\/12\/crawler-mucking-machine19234083364-150x150.jpg 150w, https:\/\/www.zongdamining.com\/wp-content\/uploads\/2022\/12\/crawler-mucking-machine19234083364-600x600.jpg 600w, https:\/\/www.zongdamining.com\/wp-content\/uploads\/2022\/12\/crawler-mucking-machine19234083364-100x100.jpg 100w\" sizes=\"(max-width: 730px) 100vw, 730px\" \/><\/p>\n<\/div>","protected":false},"excerpt":{"rendered":"<p>La m\u00e1quina tradicional se introdujo en China hace 60 a\u00f1os. La primera generaci\u00f3n fue utilizada para la topograf\u00eda y el mapeo en la provincia de Hebei en China en el a\u00f1o 1954. Despu\u00e9s de 30 a\u00f1os de promoci\u00f3n, la segunda generaci\u00f3n se ha convertido en la que no tiene enrollamiento.<\/p>","protected":false},"featured_media":1227,"comment_status":"open","ping_status":"closed","template":"","meta":{"_acf_changed":false},"product_brand":[],"product_cat":[15],"product_tag":[],"class_list":{"0":"post-1218","1":"product","2":"type-product","3":"status-publish","4":"has-post-thumbnail","6":"product_cat-trackless-mining-equipment","8":"first","9":"instock","10":"shipping-taxable","11":"product-type-simple"},"acf":[],"_links":{"self":[{"href":"https:\/\/www.zongdamining.com\/es\/wp-json\/wp\/v2\/product\/1218","targetHints":{"allow":["GET"]}}],"collection":[{"href":"https:\/\/www.zongdamining.com\/es\/wp-json\/wp\/v2\/product"}],"about":[{"href":"https:\/\/www.zongdamining.com\/es\/wp-json\/wp\/v2\/types\/product"}],"replies":[{"embeddable":true,"href":"https:\/\/www.zongdamining.com\/es\/wp-json\/wp\/v2\/comments?post=1218"}],"wp:featuredmedia":[{"embeddable":true,"href":"https:\/\/www.zongdamining.com\/es\/wp-json\/wp\/v2\/media\/1227"}],"wp:attachment":[{"href":"https:\/\/www.zongdamining.com\/es\/wp-json\/wp\/v2\/media?parent=1218"}],"wp:term":[{"taxonomy":"product_brand","embeddable":true,"href":"https:\/\/www.zongdamining.com\/es\/wp-json\/wp\/v2\/product_brand?post=1218"},{"taxonomy":"product_cat","embeddable":true,"href":"https:\/\/www.zongdamining.com\/es\/wp-json\/wp\/v2\/product_cat?post=1218"},{"taxonomy":"product_tag","embeddable":true,"href":"https:\/\/www.zongdamining.com\/es\/wp-json\/wp\/v2\/product_tag?post=1218"}],"curies":[{"name":"WP","href":"https:\/\/api.w.org\/{rel}","templated":true}]}}