{"id":1241,"date":"2022-12-12T11:08:43","date_gmt":"2022-12-12T03:08:43","guid":{"rendered":"http:\/\/www.zongdamining.com\/?post_type=product&#038;p=1241"},"modified":"2025-03-17T11:53:27","modified_gmt":"2025-03-17T03:53:27","slug":"geophysical-exploration-instrument-geological-resistivity-survey-and-geologic-prospecting-equipment-for-underground-water-detector-locator","status":"publish","type":"product","link":"https:\/\/www.zongdamining.com\/es\/product\/geophysical-exploration-instrument-geological-resistivity-survey-and-geologic-prospecting-equipment-for-underground-water-detector-locator\/","title":{"rendered":"Instrumento de Exploraci\u00f3n Geof\u00edsica Sondage de Resistividad Geol\u00f3gica y Equipo de Prospecci\u00f3n Geol\u00f3gica para Detector de Aguas Subterr\u00e1neas Localizador"},"content":{"rendered":"<div>\n<p>Nuestra locomotora de bater\u00eda de miner\u00eda a prueba de llama, transmezcladora de hormig\u00f3n subterr\u00e1nea, cargadora el\u00e9ctrica subterr\u00e1nea atrae y re\u00fane a m\u00e1s y m\u00e1s clientes de alta calidad, excelentes empleados y proveedores de alta calidad para crear brillo. Desde el establecimiento de nuestra empresa, hemos establecido firmemente la pol\u00edtica de impulsar el desarrollo de productos con tecnolog\u00eda y ganar la confianza del mercado con efectos de calidad. La estrategia de diversificaci\u00f3n para nuestra empresa en el desarrollo de productos, el desarrollo del mercado, la penetraci\u00f3n del mercado proporciona una buena garant\u00eda. Con nosotros su dinero en seguridad su negocio en seguridad. En el siglo XXI, nuestra empresa se enfrenta al desaf\u00edo de la globalizaci\u00f3n, lo que hace que nuestra empresa&#8217; El marketing m\u00e1s estrechamente conectado con la econom\u00eda mundial, hacen que la competencia del mercado sea extremadamente feroz, los medios de marketing correspondientes y el modo de servicio de nuestra empresa plantean nuevos desaf\u00edos.<\/p>\n<\/div>\n<div>\n<p><img fetchpriority=\"high\" decoding=\"async\" class=\"alignnone wp-image-1240 size-full\" src=\"http:\/\/www.zongdamining.com\/wp-content\/uploads\/2022\/12\/flame-proof-mining-battery-locomotive32250486774.jpg\" alt=\"\" width=\"750\" height=\"750\" srcset=\"https:\/\/www.zongdamining.com\/wp-content\/uploads\/2022\/12\/flame-proof-mining-battery-locomotive32250486774.jpg 750w, https:\/\/www.zongdamining.com\/wp-content\/uploads\/2022\/12\/flame-proof-mining-battery-locomotive32250486774-300x300.jpg 300w, https:\/\/www.zongdamining.com\/wp-content\/uploads\/2022\/12\/flame-proof-mining-battery-locomotive32250486774-150x150.jpg 150w, https:\/\/www.zongdamining.com\/wp-content\/uploads\/2022\/12\/flame-proof-mining-battery-locomotive32250486774-600x600.jpg 600w, https:\/\/www.zongdamining.com\/wp-content\/uploads\/2022\/12\/flame-proof-mining-battery-locomotive32250486774-100x100.jpg 100w\" sizes=\"(max-width: 750px) 100vw, 750px\" \/><\/p>\n<p><strong>Modelo: CTY12\/610\/GB192<\/strong><\/p>\n<p><strong>Datos t\u00e9cnicos de la locomotora de bater\u00eda de miner\u00eda a prueba de llama de 12t<\/strong><\/p>\n<p>Locomotora de bater\u00eda de miner\u00eda a prueba de llama de 12t, el modo de regulaci\u00f3n de velocidad se divide en regulaci\u00f3n de velocidad de helic\u00f3ptero, frenado mec\u00e1nico, accionamiento de caja de engranajes de dos etapas, amortiguaci\u00f3n de muelles de goma, voltaje de 192v. Sus caracter\u00edsticas: gran tracci\u00f3n, buen rendimiento de aceleraci\u00f3n, f\u00e1cil operaci\u00f3n, mantenimiento sencillo, operaci\u00f3n estable.<\/p>\n<p><img decoding=\"async\" class=\"alignnone wp-image-1245 size-full\" src=\"http:\/\/www.zongdamining.com\/wp-content\/uploads\/2022\/12\/20200421115425d0623defb4e3422da44e92af20968ffe.jpg\" alt=\"\" width=\"750\" height=\"644\" srcset=\"https:\/\/www.zongdamining.com\/wp-content\/uploads\/2022\/12\/20200421115425d0623defb4e3422da44e92af20968ffe.jpg 750w, https:\/\/www.zongdamining.com\/wp-content\/uploads\/2022\/12\/20200421115425d0623defb4e3422da44e92af20968ffe-300x258.jpg 300w, https:\/\/www.zongdamining.com\/wp-content\/uploads\/2022\/12\/20200421115425d0623defb4e3422da44e92af20968ffe-600x515.jpg 600w\" sizes=\"(max-width: 750px) 100vw, 750px\" \/><\/p>\n<p>&nbsp;<\/p>\n<table class=\"table\" border=\"0\" width=\"100%\" cellspacing=\"0\" cellpadding=\"0\">\n<tbody>\n<tr class=\"firstRow\">\n<td width=\"243\">Peso del adhesivo<\/td>\n<td width=\"189\">t<\/td>\n<td width=\"217\">12<\/td>\n<\/tr>\n<tr>\n<td width=\"243\">Calibre<\/td>\n<td width=\"189\">mm (mm)<\/td>\n<td width=\"217\">610<\/td>\n<\/tr>\n<tr>\n<td width=\"243\">Voltaje nominal<\/td>\n<td width=\"189\">v<\/td>\n<td width=\"217\">192<\/td>\n<\/tr>\n<tr>\n<td width=\"243\">Fuerza de tracci\u00f3n nominal por hora<\/td>\n<td width=\"189\">KN<\/td>\n<td width=\"217\">16.46<\/td>\n<\/tr>\n<tr>\n<td width=\"243\">Velocidad nominal por hora<\/td>\n<td width=\"189\">Km\/h<\/td>\n<td width=\"217\">8.7<\/td>\n<\/tr>\n<tr>\n<td width=\"243\">Motor el\u00e9ctrico y potencia<\/td>\n<td width=\"189\">KW<\/td>\n<td width=\"217\">22*2<\/td>\n<\/tr>\n<tr>\n<td width=\"243\">Bater\u00eda<\/td>\n<td width=\"189\">D560KT<\/td>\n<td width=\"217\">96 piezas<\/td>\n<\/tr>\n<tr>\n<td width=\"243\">Base de ruedas<\/td>\n<td width=\"189\">mm (mm)<\/td>\n<td width=\"217\">1180<\/td>\n<\/tr>\n<tr>\n<td width=\"243\">Radio m\u00ednimo de curvatura<\/td>\n<td width=\"189\">m<\/td>\n<td width=\"217\">7<\/td>\n<\/tr>\n<tr>\n<td width=\"243\">D\u00eda. De rueda<\/td>\n<td width=\"189\">mm (mm)<\/td>\n<td width=\"217\">680<\/td>\n<\/tr>\n<tr>\n<td width=\"243\">Tipo de control<\/td>\n<td width=\"189\"><\/td>\n<td width=\"217\">Control del helic\u00f3ptero<\/td>\n<\/tr>\n<tr>\n<td width=\"243\">Tipo de freno<\/td>\n<td width=\"189\"><\/td>\n<td width=\"217\">Freno mec\u00e1nico o freno neum\u00e1tico<\/td>\n<\/tr>\n<tr>\n<td width=\"243\">Tipo de unidad<\/td>\n<td width=\"189\"><\/td>\n<td width=\"217\">Caja de engranajes de dos etapas<\/td>\n<\/tr>\n<tr>\n<td width=\"243\">Altura de tracci\u00f3n<\/td>\n<td width=\"189\">mm (mm)<\/td>\n<td width=\"217\">320\uff0c 430<\/td>\n<\/tr>\n<tr>\n<td width=\"243\">Dimensi\u00f3n exterior<\/td>\n<td width=\"189\">mm (mm)<\/td>\n<td width=\"217\">L: 5100mm<br \/>\nW: 1080mm<br \/>\nH: 1660mm<\/td>\n<\/tr>\n<\/tbody>\n<\/table>\n<p>&nbsp;<\/p>\n<p><img decoding=\"async\" class=\"alignnone wp-image-1246 size-full\" src=\"http:\/\/www.zongdamining.com\/wp-content\/uploads\/2022\/12\/20200421115601a173c61feacb4171ba18273d24999833.jpg\" alt=\"\" width=\"750\" height=\"629\" srcset=\"https:\/\/www.zongdamining.com\/wp-content\/uploads\/2022\/12\/20200421115601a173c61feacb4171ba18273d24999833.jpg 750w, https:\/\/www.zongdamining.com\/wp-content\/uploads\/2022\/12\/20200421115601a173c61feacb4171ba18273d24999833-300x252.jpg 300w, https:\/\/www.zongdamining.com\/wp-content\/uploads\/2022\/12\/20200421115601a173c61feacb4171ba18273d24999833-600x503.jpg 600w\" sizes=\"(max-width: 750px) 100vw, 750px\" \/><\/p>\n<\/div>\n<div><\/div>\n<div>\n<p>A trav\u00e9s de la exploraci\u00f3n y el descubrimiento continuos, nuestro instrumento de exploraci\u00f3n geof\u00edsica Geological Resistivity Survey and Geological Prospecting Equipment for Underground Water Detector Locator siempre mantiene ventajas \u00fanicas y es profundamente favorecido por los clientes. Estamos dispuestos a ofrecer mejores productos para nuestros clientes. Nos centramos en el desarrollo de los empleados, lo que crea una cultura corporativa de respeto mutuo y b\u00fasqueda profesional.<\/p>\n<\/div>","protected":false},"excerpt":{"rendered":"<p>Locomotora de bater\u00eda de miner\u00eda a prueba de llama de 12t, el modo de regulaci\u00f3n de velocidad se divide en regulaci\u00f3n de velocidad de helic\u00f3ptero, frenado mec\u00e1nico, accionamiento de caja de engranajes de dos etapas, amortiguaci\u00f3n de muelles de goma, voltaje de 192v.<\/p>","protected":false},"featured_media":1240,"comment_status":"open","ping_status":"closed","template":"","meta":{"_acf_changed":false},"product_brand":[],"product_cat":[27],"product_tag":[],"class_list":{"0":"post-1241","1":"product","2":"type-product","3":"status-publish","4":"has-post-thumbnail","6":"product_cat-underground-mining-locomotives","8":"first","9":"instock","10":"shipping-taxable","11":"product-type-simple"},"acf":[],"_links":{"self":[{"href":"https:\/\/www.zongdamining.com\/es\/wp-json\/wp\/v2\/product\/1241","targetHints":{"allow":["GET"]}}],"collection":[{"href":"https:\/\/www.zongdamining.com\/es\/wp-json\/wp\/v2\/product"}],"about":[{"href":"https:\/\/www.zongdamining.com\/es\/wp-json\/wp\/v2\/types\/product"}],"replies":[{"embeddable":true,"href":"https:\/\/www.zongdamining.com\/es\/wp-json\/wp\/v2\/comments?post=1241"}],"wp:featuredmedia":[{"embeddable":true,"href":"https:\/\/www.zongdamining.com\/es\/wp-json\/wp\/v2\/media\/1240"}],"wp:attachment":[{"href":"https:\/\/www.zongdamining.com\/es\/wp-json\/wp\/v2\/media?parent=1241"}],"wp:term":[{"taxonomy":"product_brand","embeddable":true,"href":"https:\/\/www.zongdamining.com\/es\/wp-json\/wp\/v2\/product_brand?post=1241"},{"taxonomy":"product_cat","embeddable":true,"href":"https:\/\/www.zongdamining.com\/es\/wp-json\/wp\/v2\/product_cat?post=1241"},{"taxonomy":"product_tag","embeddable":true,"href":"https:\/\/www.zongdamining.com\/es\/wp-json\/wp\/v2\/product_tag?post=1241"}],"curies":[{"name":"WP","href":"https:\/\/api.w.org\/{rel}","templated":true}]}}