{"id":1249,"date":"2022-12-12T11:14:49","date_gmt":"2022-12-12T03:14:49","guid":{"rendered":"http:\/\/www.zongdamining.com\/?post_type=product&#038;p=1249"},"modified":"2024-04-28T15:56:23","modified_gmt":"2024-04-28T07:56:23","slug":"electric-rock-loaders","status":"publish","type":"product","link":"https:\/\/www.zongdamining.com\/es\/product\/electric-rock-loaders\/","title":{"rendered":"Cargadores el\u00e9ctricos de roca"},"content":{"rendered":"<p><img fetchpriority=\"high\" decoding=\"async\" class=\"alignnone wp-image-1253 size-full\" src=\"http:\/\/www.zongdamining.com\/wp-content\/uploads\/2022\/12\/electric-rock-loaders07197692919.jpg\" alt=\"\" width=\"730\" height=\"730\" srcset=\"https:\/\/www.zongdamining.com\/wp-content\/uploads\/2022\/12\/electric-rock-loaders07197692919.jpg 730w, https:\/\/www.zongdamining.com\/wp-content\/uploads\/2022\/12\/electric-rock-loaders07197692919-300x300.jpg 300w, https:\/\/www.zongdamining.com\/wp-content\/uploads\/2022\/12\/electric-rock-loaders07197692919-150x150.jpg 150w, https:\/\/www.zongdamining.com\/wp-content\/uploads\/2022\/12\/electric-rock-loaders07197692919-600x600.jpg 600w, https:\/\/www.zongdamining.com\/wp-content\/uploads\/2022\/12\/electric-rock-loaders07197692919-100x100.jpg 100w\" sizes=\"(max-width: 730px) 100vw, 730px\" \/><\/p>\n<p>La cargadora el\u00e9ctrica de roca tiene las caracter\u00edsticas de alta eficiencia, estructura simple, buena fiabilidad, operaci\u00f3n conveniente y amplio rango de aplicaci\u00f3n. Puede usarse no solo para el callej\u00f3n, sino tambi\u00e9n en la carretera inclinada por debajo de 30 \u00b0. Se trata de mejorar la velocidad del t\u00fanel. Mecanizado un equipo mec\u00e1nico importante.<\/p>\n<p><img decoding=\"async\" class=\"alignnone wp-image-1252 size-full\" src=\"http:\/\/www.zongdamining.com\/wp-content\/uploads\/2022\/12\/electric-rock-loaders11135878153.jpg\" alt=\"\" width=\"730\" height=\"730\" srcset=\"https:\/\/www.zongdamining.com\/wp-content\/uploads\/2022\/12\/electric-rock-loaders11135878153.jpg 730w, https:\/\/www.zongdamining.com\/wp-content\/uploads\/2022\/12\/electric-rock-loaders11135878153-300x300.jpg 300w, https:\/\/www.zongdamining.com\/wp-content\/uploads\/2022\/12\/electric-rock-loaders11135878153-150x150.jpg 150w, https:\/\/www.zongdamining.com\/wp-content\/uploads\/2022\/12\/electric-rock-loaders11135878153-600x600.jpg 600w, https:\/\/www.zongdamining.com\/wp-content\/uploads\/2022\/12\/electric-rock-loaders11135878153-100x100.jpg 100w\" sizes=\"(max-width: 730px) 100vw, 730px\" \/><\/p>\n<table class=\"table\" style=\"width: 100%;\" border=\"0\" width=\"100%\" cellspacing=\"0\" cellpadding=\"0\">\n<tbody>\n<tr class=\"firstRow\">\n<td style=\"width: 62.9988%;\" colspan=\"3\" width=\"589\">ZLD-20<\/td>\n<\/tr>\n<tr>\n<td style=\"width: 44.0145%;\" colspan=\"2\" width=\"417\">Capacidad de carga m\u00b3h<\/td>\n<td style=\"width: 18.9843%;\" width=\"172\">30-40<\/td>\n<\/tr>\n<tr>\n<td style=\"width: 44.0145%;\" colspan=\"2\" width=\"417\">Volumen del cubo m\u00b3<\/td>\n<td style=\"width: 18.9843%;\" width=\"172\">0.2<\/td>\n<\/tr>\n<tr>\n<td style=\"width: 44.0145%;\" colspan=\"2\" width=\"417\">Potencia<\/td>\n<td style=\"width: 18.9843%;\" width=\"172\">Motor el\u00e9ctrico<\/td>\n<\/tr>\n<tr>\n<td style=\"width: 44.0145%;\" colspan=\"2\" width=\"417\">Potencia de marcha kW<\/td>\n<td style=\"width: 18.9843%;\" width=\"172\">9 \u00d7 2<\/td>\n<\/tr>\n<tr>\n<td style=\"width: 44.0145%;\" colspan=\"2\" width=\"417\">Altura de descarga mm<\/td>\n<td style=\"width: 18.9843%;\" width=\"172\">1360<\/td>\n<\/tr>\n<tr>\n<td style=\"width: 44.0145%;\" colspan=\"2\" width=\"417\">Anchura de carga mm<\/td>\n<td style=\"width: 18.9843%;\" width=\"172\">N\/A<\/td>\n<\/tr>\n<tr>\n<td style=\"width: 21.4027%;\" rowspan=\"5\" width=\"208\">Dimensiones de la m\u00e1quina (mm)<\/td>\n<td style=\"width: 22.6119%;\" rowspan=\"2\" width=\"209\">Longitud<\/p>\n<p>(cuando el cubo se pone abajo)<\/td>\n<td style=\"width: 18.9843%;\" rowspan=\"2\" width=\"172\">2530<\/td>\n<\/tr>\n<tr>\n<td style=\"width: 20.1935%;\" width=\"209\">Ancho (cuando el pedal est\u00e1 bajado)<\/td>\n<td style=\"width: 16.5659%;\" width=\"172\">1370<\/td>\n<\/tr>\n<tr>\n<td style=\"width: 22.6119%;\" width=\"209\">Altura (cuando el cubo est\u00e1 trabajando)<\/td>\n<td style=\"width: 18.9843%;\" width=\"172\">2260<\/td>\n<\/tr>\n<tr>\n<td style=\"width: 22.6119%;\" width=\"209\">Altura (cuando el cubo est\u00e1 bajado)<\/td>\n<td style=\"width: 18.9843%;\" width=\"172\">1510<\/td>\n<\/tr>\n<tr>\n<td style=\"width: 41.5961%;\" colspan=\"2\" width=\"417\">Cargador el\u00e9ctrico de roca Peso kg<\/td>\n<td style=\"width: 20.1935%;\" width=\"172\">4500<\/td>\n<\/tr>\n<\/tbody>\n<\/table>\n<p><img decoding=\"async\" class=\"alignnone wp-image-1251 size-full\" src=\"http:\/\/www.zongdamining.com\/wp-content\/uploads\/2022\/12\/electric-rock-loaders11136758140.jpg\" alt=\"\" width=\"730\" height=\"730\" srcset=\"https:\/\/www.zongdamining.com\/wp-content\/uploads\/2022\/12\/electric-rock-loaders11136758140.jpg 730w, https:\/\/www.zongdamining.com\/wp-content\/uploads\/2022\/12\/electric-rock-loaders11136758140-300x300.jpg 300w, https:\/\/www.zongdamining.com\/wp-content\/uploads\/2022\/12\/electric-rock-loaders11136758140-150x150.jpg 150w, https:\/\/www.zongdamining.com\/wp-content\/uploads\/2022\/12\/electric-rock-loaders11136758140-600x600.jpg 600w, https:\/\/www.zongdamining.com\/wp-content\/uploads\/2022\/12\/electric-rock-loaders11136758140-100x100.jpg 100w\" sizes=\"(max-width: 730px) 100vw, 730px\" \/><\/p>","protected":false},"excerpt":{"rendered":"<p>La cargadora el\u00e9ctrica de roca tiene las caracter\u00edsticas de alta eficiencia, estructura simple, buena fiabilidad, operaci\u00f3n conveniente y amplio rango de aplicaci\u00f3n. Puede usarse no solo para el callej\u00f3n, sino tambi\u00e9n en la carretera inclinada por debajo de 30 \u00b0.<\/p>","protected":false},"featured_media":1253,"comment_status":"open","ping_status":"closed","template":"","meta":{"_acf_changed":false},"product_brand":[],"product_cat":[15],"product_tag":[],"class_list":{"0":"post-1249","1":"product","2":"type-product","3":"status-publish","4":"has-post-thumbnail","6":"product_cat-trackless-mining-equipment","8":"first","9":"instock","10":"shipping-taxable","11":"product-type-simple"},"acf":[],"_links":{"self":[{"href":"https:\/\/www.zongdamining.com\/es\/wp-json\/wp\/v2\/product\/1249","targetHints":{"allow":["GET"]}}],"collection":[{"href":"https:\/\/www.zongdamining.com\/es\/wp-json\/wp\/v2\/product"}],"about":[{"href":"https:\/\/www.zongdamining.com\/es\/wp-json\/wp\/v2\/types\/product"}],"replies":[{"embeddable":true,"href":"https:\/\/www.zongdamining.com\/es\/wp-json\/wp\/v2\/comments?post=1249"}],"wp:featuredmedia":[{"embeddable":true,"href":"https:\/\/www.zongdamining.com\/es\/wp-json\/wp\/v2\/media\/1253"}],"wp:attachment":[{"href":"https:\/\/www.zongdamining.com\/es\/wp-json\/wp\/v2\/media?parent=1249"}],"wp:term":[{"taxonomy":"product_brand","embeddable":true,"href":"https:\/\/www.zongdamining.com\/es\/wp-json\/wp\/v2\/product_brand?post=1249"},{"taxonomy":"product_cat","embeddable":true,"href":"https:\/\/www.zongdamining.com\/es\/wp-json\/wp\/v2\/product_cat?post=1249"},{"taxonomy":"product_tag","embeddable":true,"href":"https:\/\/www.zongdamining.com\/es\/wp-json\/wp\/v2\/product_tag?post=1249"}],"curies":[{"name":"WP","href":"https:\/\/api.w.org\/{rel}","templated":true}]}}