{"id":1254,"date":"2022-12-12T15:30:09","date_gmt":"2022-12-12T07:30:09","guid":{"rendered":"http:\/\/www.zongdamining.com\/?post_type=product&#038;p=1254"},"modified":"2025-03-17T11:50:23","modified_gmt":"2025-03-17T03:50:23","slug":"trolley-electric-locomotive-for-coal-mining","status":"publish","type":"product","link":"https:\/\/www.zongdamining.com\/es\/product\/trolley-electric-locomotive-for-coal-mining\/","title":{"rendered":"Locomotora el\u00e9ctrica para la miner\u00eda de carb\u00f3n"},"content":{"rendered":"<div class=\"pro-details\">\n<div class=\"pro-details-tit\"><\/div>\n<div class=\"pro-details\">\n<p><img fetchpriority=\"high\" decoding=\"async\" class=\"alignnone wp-image-1258 size-full\" src=\"http:\/\/www.zongdamining.com\/wp-content\/uploads\/2022\/12\/trolley-electric-locomotive-for-coal-mining52364381800.jpg\" alt=\"\" width=\"730\" height=\"730\" srcset=\"https:\/\/www.zongdamining.com\/wp-content\/uploads\/2022\/12\/trolley-electric-locomotive-for-coal-mining52364381800.jpg 730w, https:\/\/www.zongdamining.com\/wp-content\/uploads\/2022\/12\/trolley-electric-locomotive-for-coal-mining52364381800-300x300.jpg 300w, https:\/\/www.zongdamining.com\/wp-content\/uploads\/2022\/12\/trolley-electric-locomotive-for-coal-mining52364381800-150x150.jpg 150w, https:\/\/www.zongdamining.com\/wp-content\/uploads\/2022\/12\/trolley-electric-locomotive-for-coal-mining52364381800-600x600.jpg 600w, https:\/\/www.zongdamining.com\/wp-content\/uploads\/2022\/12\/trolley-electric-locomotive-for-coal-mining52364381800-100x100.jpg 100w\" sizes=\"(max-width: 730px) 100vw, 730px\" \/><\/p>\n<p><strong>Modelo: CJY3\/6,7,9G<\/strong><\/p>\n<p><strong>Datos t\u00e9cnicos<\/strong><\/p>\n<p>3t Trolley Electric Locomotive para la miner\u00eda de carb\u00f3n adopta la regulaci\u00f3n de velocidad IGBT, con voltaje 250v y sistema de freno mec\u00e1nico y el\u00e9ctrico. Sus caracter\u00edsticas: arranque estable, alta fuerza de tracci\u00f3n, operaci\u00f3n estable y flexible, mec\u00e1nico de funcionamiento adopta engranajes c\u00f3nicos y espolones de transmisi\u00f3n de dos etapas, con una vida \u00fatil m\u00e1s larga y alta eficiencia. Las funciones: Tiempo retardado arranque suave y sistema de protecci\u00f3n para bajo voltaje, sobrevoltaje y sobrecorriente. L\u00e1mpara de locomotoras con interruptor autom\u00e1tico de l\u00e1mpara roja y blanca y bloqueo de operaci\u00f3n.<\/p>\n<p><img decoding=\"async\" class=\"alignnone wp-image-1257 size-full\" src=\"http:\/\/www.zongdamining.com\/wp-content\/uploads\/2022\/12\/trolley-electric-locomotive-for-coal-mining56336881718.jpg\" alt=\"\" width=\"730\" height=\"730\" srcset=\"https:\/\/www.zongdamining.com\/wp-content\/uploads\/2022\/12\/trolley-electric-locomotive-for-coal-mining56336881718.jpg 730w, https:\/\/www.zongdamining.com\/wp-content\/uploads\/2022\/12\/trolley-electric-locomotive-for-coal-mining56336881718-300x300.jpg 300w, https:\/\/www.zongdamining.com\/wp-content\/uploads\/2022\/12\/trolley-electric-locomotive-for-coal-mining56336881718-150x150.jpg 150w, https:\/\/www.zongdamining.com\/wp-content\/uploads\/2022\/12\/trolley-electric-locomotive-for-coal-mining56336881718-600x600.jpg 600w, https:\/\/www.zongdamining.com\/wp-content\/uploads\/2022\/12\/trolley-electric-locomotive-for-coal-mining56336881718-100x100.jpg 100w\" sizes=\"(max-width: 730px) 100vw, 730px\" \/><\/p>\n<p>&nbsp;<\/p>\n<table class=\"table\" border=\"0\" width=\"100%\" cellspacing=\"0\" cellpadding=\"0\">\n<tbody>\n<tr class=\"firstRow\">\n<td width=\"243\">Peso del adhesivo<\/td>\n<td width=\"78\">t<\/td>\n<td width=\"371\">3<\/td>\n<\/tr>\n<tr>\n<td width=\"243\">Calibre<\/td>\n<td width=\"78\">mm (mm)<\/td>\n<td width=\"371\">600\/762\/900<\/td>\n<\/tr>\n<tr>\n<td width=\"243\">Voltaje nominal<\/td>\n<td width=\"78\">v<\/td>\n<td width=\"371\">250<\/td>\n<\/tr>\n<tr>\n<td width=\"243\">Fuerza de tracci\u00f3n nominal por hora<\/td>\n<td width=\"78\">KN<\/td>\n<td width=\"371\">6.1\/5.79<\/td>\n<\/tr>\n<tr>\n<td width=\"243\">Velocidad nominal por hora<\/td>\n<td width=\"78\">Km\/h<\/td>\n<td width=\"371\">10.6\/7.5<\/td>\n<\/tr>\n<tr>\n<td width=\"243\">Motor el\u00e9ctrico y potencia<\/td>\n<td width=\"78\">KW<\/td>\n<td width=\"371\">1*12 \/ 2*6.5<\/td>\n<\/tr>\n<tr>\n<td width=\"243\">Base de ruedas<\/td>\n<td width=\"78\">mm (mm)<\/td>\n<td width=\"371\">816\/850<\/td>\n<\/tr>\n<tr>\n<td width=\"243\">Radio m\u00ednimo de curvatura<\/td>\n<td width=\"78\">m<\/td>\n<td width=\"371\">5.7\/6<\/td>\n<\/tr>\n<tr>\n<td width=\"243\">D\u00eda. De rueda<\/td>\n<td width=\"78\">mm (mm)<\/td>\n<td width=\"371\">650\/520<\/td>\n<\/tr>\n<tr>\n<td width=\"243\">Tipo de control<\/td>\n<td width=\"78\"><\/td>\n<td width=\"371\">Control de resistencia o control de chopper<\/td>\n<\/tr>\n<tr>\n<td width=\"243\">Tipo de freno<\/td>\n<td width=\"78\"><\/td>\n<td width=\"371\">Freno mec\u00e1nico<\/td>\n<\/tr>\n<tr>\n<td width=\"243\">Tipo de unidad<\/td>\n<td width=\"78\"><\/td>\n<td width=\"371\">Drive de engranajes de una o dos etapas<\/td>\n<\/tr>\n<tr>\n<td width=\"243\">colector pant\u00f3grafo<\/td>\n<td width=\"78\"><\/td>\n<td width=\"371\">Personalizado<\/td>\n<\/tr>\n<tr>\n<td width=\"243\">Dimensi\u00f3n exterior<\/td>\n<td width=\"78\">mm (mm)<\/td>\n<td width=\"371\">L: 2960\/2750<br \/>\nW: 920\/1082\/1220<br \/>\nH:1550<\/td>\n<\/tr>\n<\/tbody>\n<\/table>\n<p>&nbsp;<\/p>\n<p><img decoding=\"async\" class=\"alignnone wp-image-1256 size-full\" src=\"http:\/\/www.zongdamining.com\/wp-content\/uploads\/2022\/12\/trolley-electric-locomotive-for-coal-mining56338444114.jpg\" alt=\"\" width=\"730\" height=\"730\" srcset=\"https:\/\/www.zongdamining.com\/wp-content\/uploads\/2022\/12\/trolley-electric-locomotive-for-coal-mining56338444114.jpg 730w, https:\/\/www.zongdamining.com\/wp-content\/uploads\/2022\/12\/trolley-electric-locomotive-for-coal-mining56338444114-300x300.jpg 300w, https:\/\/www.zongdamining.com\/wp-content\/uploads\/2022\/12\/trolley-electric-locomotive-for-coal-mining56338444114-150x150.jpg 150w, https:\/\/www.zongdamining.com\/wp-content\/uploads\/2022\/12\/trolley-electric-locomotive-for-coal-mining56338444114-600x600.jpg 600w, https:\/\/www.zongdamining.com\/wp-content\/uploads\/2022\/12\/trolley-electric-locomotive-for-coal-mining56338444114-100x100.jpg 100w\" sizes=\"(max-width: 730px) 100vw, 730px\" \/><\/p>\n<\/div>\n<\/div>","protected":false},"excerpt":{"rendered":"<p>3t Trolley Electric Locomotive para la miner\u00eda de carb\u00f3n adopta la regulaci\u00f3n de velocidad IGBT, con voltaje 250v y sistema de freno mec\u00e1nico y el\u00e9ctrico.<\/p>","protected":false},"featured_media":1258,"comment_status":"open","ping_status":"closed","template":"","meta":{"_acf_changed":false},"product_brand":[],"product_cat":[27],"product_tag":[],"class_list":{"0":"post-1254","1":"product","2":"type-product","3":"status-publish","4":"has-post-thumbnail","6":"product_cat-underground-mining-locomotives","8":"first","9":"instock","10":"shipping-taxable","11":"product-type-simple"},"acf":[],"_links":{"self":[{"href":"https:\/\/www.zongdamining.com\/es\/wp-json\/wp\/v2\/product\/1254","targetHints":{"allow":["GET"]}}],"collection":[{"href":"https:\/\/www.zongdamining.com\/es\/wp-json\/wp\/v2\/product"}],"about":[{"href":"https:\/\/www.zongdamining.com\/es\/wp-json\/wp\/v2\/types\/product"}],"replies":[{"embeddable":true,"href":"https:\/\/www.zongdamining.com\/es\/wp-json\/wp\/v2\/comments?post=1254"}],"wp:featuredmedia":[{"embeddable":true,"href":"https:\/\/www.zongdamining.com\/es\/wp-json\/wp\/v2\/media\/1258"}],"wp:attachment":[{"href":"https:\/\/www.zongdamining.com\/es\/wp-json\/wp\/v2\/media?parent=1254"}],"wp:term":[{"taxonomy":"product_brand","embeddable":true,"href":"https:\/\/www.zongdamining.com\/es\/wp-json\/wp\/v2\/product_brand?post=1254"},{"taxonomy":"product_cat","embeddable":true,"href":"https:\/\/www.zongdamining.com\/es\/wp-json\/wp\/v2\/product_cat?post=1254"},{"taxonomy":"product_tag","embeddable":true,"href":"https:\/\/www.zongdamining.com\/es\/wp-json\/wp\/v2\/product_tag?post=1254"}],"curies":[{"name":"WP","href":"https:\/\/api.w.org\/{rel}","templated":true}]}}