{"id":1275,"date":"2022-12-12T11:35:13","date_gmt":"2022-12-12T03:35:13","guid":{"rendered":"http:\/\/www.zongdamining.com\/?post_type=product&#038;p=1275"},"modified":"2022-12-12T15:21:28","modified_gmt":"2022-12-12T07:21:28","slug":"flameproof-mining-trolley-locomotive","status":"publish","type":"product","link":"https:\/\/www.zongdamining.com\/es\/product\/flameproof-mining-trolley-locomotive\/","title":{"rendered":"Locomotora de carretilla minera a prueba de llama"},"content":{"rendered":"<p><img fetchpriority=\"high\" decoding=\"async\" class=\"alignnone wp-image-1258 size-full\" src=\"http:\/\/www.zongdamining.com\/wp-content\/uploads\/2022\/12\/trolley-electric-locomotive-for-coal-mining52364381800.jpg\" alt=\"\" width=\"730\" height=\"730\" srcset=\"https:\/\/www.zongdamining.com\/wp-content\/uploads\/2022\/12\/trolley-electric-locomotive-for-coal-mining52364381800.jpg 730w, https:\/\/www.zongdamining.com\/wp-content\/uploads\/2022\/12\/trolley-electric-locomotive-for-coal-mining52364381800-300x300.jpg 300w, https:\/\/www.zongdamining.com\/wp-content\/uploads\/2022\/12\/trolley-electric-locomotive-for-coal-mining52364381800-150x150.jpg 150w, https:\/\/www.zongdamining.com\/wp-content\/uploads\/2022\/12\/trolley-electric-locomotive-for-coal-mining52364381800-600x600.jpg 600w, https:\/\/www.zongdamining.com\/wp-content\/uploads\/2022\/12\/trolley-electric-locomotive-for-coal-mining52364381800-100x100.jpg 100w\" sizes=\"(max-width: 730px) 100vw, 730px\" \/><\/p>\n<p><strong>Datos t\u00e9cnicos<\/strong><\/p>\n<p>La locomotora se divide en 4 tipos: transmisi\u00f3n ordinaria de un paso, engrosamiento de la placa de pared, transmisi\u00f3n ordinaria de doble paso y tipos de tracci\u00f3n de doble motor. Su voltaje es de 250V y 550V. La forma de regulaci\u00f3n de velocidad tiene la resistencia, el chopper IGBT y la regulaci\u00f3n de velocidad de conversi\u00f3n de frecuencia 3 tipos. Sus caracter\u00edsticas: distancia entre ejes corta, buena rigidez y rendimiento amortiguador.<\/p>\n<p><img decoding=\"async\" class=\"alignnone wp-image-1278 size-full\" src=\"http:\/\/www.zongdamining.com\/wp-content\/uploads\/2022\/12\/flameproof-mining-trolley-locomotive52307975405.jpg\" alt=\"\" width=\"730\" height=\"730\" srcset=\"https:\/\/www.zongdamining.com\/wp-content\/uploads\/2022\/12\/flameproof-mining-trolley-locomotive52307975405.jpg 730w, https:\/\/www.zongdamining.com\/wp-content\/uploads\/2022\/12\/flameproof-mining-trolley-locomotive52307975405-300x300.jpg 300w, https:\/\/www.zongdamining.com\/wp-content\/uploads\/2022\/12\/flameproof-mining-trolley-locomotive52307975405-150x150.jpg 150w, https:\/\/www.zongdamining.com\/wp-content\/uploads\/2022\/12\/flameproof-mining-trolley-locomotive52307975405-600x600.jpg 600w, https:\/\/www.zongdamining.com\/wp-content\/uploads\/2022\/12\/flameproof-mining-trolley-locomotive52307975405-100x100.jpg 100w\" sizes=\"(max-width: 730px) 100vw, 730px\" \/><\/p>\n<p>&nbsp;<\/p>\n<table class=\"table\" border=\"0\" width=\"100%\" cellspacing=\"0\" cellpadding=\"0\">\n<tbody>\n<tr class=\"firstRow\">\n<td width=\"243\">Peso del adhesivo<\/td>\n<td width=\"189\">t<\/td>\n<td width=\"217\">10<\/td>\n<\/tr>\n<tr>\n<td width=\"243\">Calibre<\/td>\n<td width=\"189\">mm (mm)<\/td>\n<td width=\"217\">600\/762\/900<\/td>\n<\/tr>\n<tr>\n<td width=\"243\">Voltaje nominal<\/td>\n<td width=\"189\">v<\/td>\n<td width=\"217\">250\/550<\/td>\n<\/tr>\n<tr>\n<td width=\"243\">Fuerza de tracci\u00f3n nominal por hora<\/td>\n<td width=\"189\">KN<\/td>\n<td width=\"217\">13.05\/15.09\/18.93<\/td>\n<\/tr>\n<tr>\n<td width=\"243\">Velocidad nominal por hora<\/td>\n<td width=\"189\">Km\/h<\/td>\n<td width=\"217\">10.05\/11<\/td>\n<\/tr>\n<tr>\n<td width=\"243\">Motor el\u00e9ctrico y potencia<\/td>\n<td width=\"189\">KW<\/td>\n<td width=\"217\">2*24 \/ 2*30<\/td>\n<\/tr>\n<tr>\n<td width=\"243\">Base de ruedas<\/td>\n<td width=\"189\">mm (mm)<\/td>\n<td width=\"217\">1100\/1220\/1180<\/td>\n<\/tr>\n<tr>\n<td width=\"243\">Radio m\u00ednimo de curvatura<\/td>\n<td width=\"189\">m<\/td>\n<td width=\"217\">7\/9\/10<\/td>\n<\/tr>\n<tr>\n<td width=\"243\">D\u00eda. De rueda<\/td>\n<td width=\"189\">mm (mm)<\/td>\n<td width=\"217\">680<\/td>\n<\/tr>\n<tr>\n<td width=\"243\">Tipo de control<\/td>\n<td width=\"189\"><\/td>\n<td width=\"217\">Control de resistencia o control de chopper<\/td>\n<\/tr>\n<tr>\n<td width=\"243\">Tipo de freno<\/td>\n<td width=\"189\"><\/td>\n<td width=\"217\">Freno mec\u00e1nico<\/td>\n<\/tr>\n<tr>\n<td width=\"243\">Tipo de unidad<\/td>\n<td width=\"189\"><\/td>\n<td width=\"217\">Cerrado Drive de engranajes de dos etapas<\/td>\n<\/tr>\n<tr>\n<td width=\"243\">colector pant\u00f3grafo<\/td>\n<td width=\"189\"><\/td>\n<td width=\"217\">Personalizado<\/td>\n<\/tr>\n<tr>\n<td width=\"243\">Dimensi\u00f3n exterior<\/td>\n<td width=\"189\">mm (mm)<\/td>\n<td width=\"217\">L: 4660\/4470<br \/>\nW: 1050\/1212\/1350<br \/>\nH:1550\/1660\/<\/td>\n<\/tr>\n<\/tbody>\n<\/table>\n<p>&nbsp;<\/p>\n<p><img decoding=\"async\" class=\"alignnone wp-image-1257 size-full\" src=\"http:\/\/www.zongdamining.com\/wp-content\/uploads\/2022\/12\/trolley-electric-locomotive-for-coal-mining56336881718.jpg\" alt=\"\" width=\"730\" height=\"730\" srcset=\"https:\/\/www.zongdamining.com\/wp-content\/uploads\/2022\/12\/trolley-electric-locomotive-for-coal-mining56336881718.jpg 730w, https:\/\/www.zongdamining.com\/wp-content\/uploads\/2022\/12\/trolley-electric-locomotive-for-coal-mining56336881718-300x300.jpg 300w, https:\/\/www.zongdamining.com\/wp-content\/uploads\/2022\/12\/trolley-electric-locomotive-for-coal-mining56336881718-150x150.jpg 150w, https:\/\/www.zongdamining.com\/wp-content\/uploads\/2022\/12\/trolley-electric-locomotive-for-coal-mining56336881718-600x600.jpg 600w, https:\/\/www.zongdamining.com\/wp-content\/uploads\/2022\/12\/trolley-electric-locomotive-for-coal-mining56336881718-100x100.jpg 100w\" sizes=\"(max-width: 730px) 100vw, 730px\" \/><\/p>","protected":false},"excerpt":{"rendered":"<p>La locomotora se divide en 4 tipos: transmisi\u00f3n ordinaria de un paso, engrosamiento de la placa de pared, transmisi\u00f3n ordinaria de doble paso y tipos de tracci\u00f3n de doble motor. Su voltaje es de 250V y 550V.<\/p>","protected":false},"featured_media":1258,"comment_status":"open","ping_status":"closed","template":"","meta":{"_acf_changed":false},"product_brand":[],"product_cat":[27],"product_tag":[],"class_list":{"0":"post-1275","1":"product","2":"type-product","3":"status-publish","4":"has-post-thumbnail","6":"product_cat-underground-mining-locomotives","8":"first","9":"instock","10":"shipping-taxable","11":"product-type-simple"},"acf":[],"_links":{"self":[{"href":"https:\/\/www.zongdamining.com\/es\/wp-json\/wp\/v2\/product\/1275","targetHints":{"allow":["GET"]}}],"collection":[{"href":"https:\/\/www.zongdamining.com\/es\/wp-json\/wp\/v2\/product"}],"about":[{"href":"https:\/\/www.zongdamining.com\/es\/wp-json\/wp\/v2\/types\/product"}],"replies":[{"embeddable":true,"href":"https:\/\/www.zongdamining.com\/es\/wp-json\/wp\/v2\/comments?post=1275"}],"wp:featuredmedia":[{"embeddable":true,"href":"https:\/\/www.zongdamining.com\/es\/wp-json\/wp\/v2\/media\/1258"}],"wp:attachment":[{"href":"https:\/\/www.zongdamining.com\/es\/wp-json\/wp\/v2\/media?parent=1275"}],"wp:term":[{"taxonomy":"product_brand","embeddable":true,"href":"https:\/\/www.zongdamining.com\/es\/wp-json\/wp\/v2\/product_brand?post=1275"},{"taxonomy":"product_cat","embeddable":true,"href":"https:\/\/www.zongdamining.com\/es\/wp-json\/wp\/v2\/product_cat?post=1275"},{"taxonomy":"product_tag","embeddable":true,"href":"https:\/\/www.zongdamining.com\/es\/wp-json\/wp\/v2\/product_tag?post=1275"}],"curies":[{"name":"WP","href":"https:\/\/api.w.org\/{rel}","templated":true}]}}