{"id":1276,"date":"2022-12-12T11:32:54","date_gmt":"2022-12-12T03:32:54","guid":{"rendered":"http:\/\/www.zongdamining.com\/?post_type=product&#038;p=1276"},"modified":"2023-01-29T16:51:43","modified_gmt":"2023-01-29T08:51:43","slug":"underground-rock-mining-drilling-machine","status":"publish","type":"product","link":"https:\/\/www.zongdamining.com\/es\/product\/underground-rock-mining-drilling-machine\/","title":{"rendered":"M\u00e1quina de perforaci\u00f3n de miner\u00eda de roca subterr\u00e1nea"},"content":{"rendered":"<p>Con la competencia cada vez m\u00e1s feroz en el mercado de la locomotora el\u00e9ctrica de bater\u00eda para la miner\u00eda, ventiladores de ventilaci\u00f3n de minas de carb\u00f3n, veh\u00edculos de servicios p\u00fablicos subterr\u00e1neos, nuestra empresa se esfuerza duro, nunca se rinde y trata constantemente de encontrar la mejor filosof\u00eda de negocio. No solo proporcionamos equipos de alta calidad, fiables y rentables, sino que tambi\u00e9n proporcionamos apoyo meticuloso y paciente para todo tipo de problemas que se encuentran durante el uso. Con una amplia gama, buena calidad, precios razonables y dise\u00f1os elegantes, nuestros productos son ampliamente utilizados en esta industria y otras industrias. La calidad orientada es nuestra pol\u00edtica comercial consistente y nuestra buena reputaci\u00f3n ha inyectado poder continuo en el desarrollo de la empresa.<\/p>\n<p><img fetchpriority=\"high\" decoding=\"async\" class=\"alignnone wp-image-1280 size-full\" src=\"http:\/\/www.zongdamining.com\/wp-content\/uploads\/2022\/12\/flame-proof-mining-battery-locomotive32250486774-1.jpg\" alt=\"\" width=\"750\" height=\"750\" srcset=\"https:\/\/www.zongdamining.com\/wp-content\/uploads\/2022\/12\/flame-proof-mining-battery-locomotive32250486774-1.jpg 750w, https:\/\/www.zongdamining.com\/wp-content\/uploads\/2022\/12\/flame-proof-mining-battery-locomotive32250486774-1-300x300.jpg 300w, https:\/\/www.zongdamining.com\/wp-content\/uploads\/2022\/12\/flame-proof-mining-battery-locomotive32250486774-1-150x150.jpg 150w, https:\/\/www.zongdamining.com\/wp-content\/uploads\/2022\/12\/flame-proof-mining-battery-locomotive32250486774-1-600x600.jpg 600w, https:\/\/www.zongdamining.com\/wp-content\/uploads\/2022\/12\/flame-proof-mining-battery-locomotive32250486774-1-100x100.jpg 100w\" sizes=\"(max-width: 750px) 100vw, 750px\" \/><\/p>\n<p><strong>Modelo: CTY12\/610\/GB192<\/strong><\/p>\n<p><strong>Datos t\u00e9cnicos de la locomotora de bater\u00eda de miner\u00eda a prueba de llama de 12t<\/strong><\/p>\n<p>Locomotora de bater\u00eda de miner\u00eda a prueba de llama de 12t, el modo de regulaci\u00f3n de velocidad se divide en regulaci\u00f3n de velocidad de helic\u00f3ptero, frenado mec\u00e1nico, accionamiento de caja de engranajes de dos etapas, amortiguaci\u00f3n de muelles de goma, voltaje de 192v. Sus caracter\u00edsticas: gran tracci\u00f3n, buen rendimiento de aceleraci\u00f3n, f\u00e1cil operaci\u00f3n, mantenimiento sencillo, operaci\u00f3n estable.<\/p>\n<p><img decoding=\"async\" class=\"alignnone wp-image-1281 size-full\" src=\"http:\/\/www.zongdamining.com\/wp-content\/uploads\/2022\/12\/20200421115425d0623defb4e3422da44e92af20968ffe-1.jpg\" alt=\"\" width=\"750\" height=\"644\" srcset=\"https:\/\/www.zongdamining.com\/wp-content\/uploads\/2022\/12\/20200421115425d0623defb4e3422da44e92af20968ffe-1.jpg 750w, https:\/\/www.zongdamining.com\/wp-content\/uploads\/2022\/12\/20200421115425d0623defb4e3422da44e92af20968ffe-1-300x258.jpg 300w, https:\/\/www.zongdamining.com\/wp-content\/uploads\/2022\/12\/20200421115425d0623defb4e3422da44e92af20968ffe-1-600x515.jpg 600w\" sizes=\"(max-width: 750px) 100vw, 750px\" \/><\/p>\n<div class=\"table-responsive\">\n<table class=\"table\" border=\"0\" width=\"100%\" cellspacing=\"0\" cellpadding=\"0\">\n<tbody>\n<tr class=\"firstRow\">\n<td width=\"243\">Peso del adhesivo<\/td>\n<td width=\"189\">t<\/td>\n<td width=\"217\">12<\/td>\n<\/tr>\n<tr>\n<td width=\"243\">Calibre<\/td>\n<td width=\"189\">mm (mm)<\/td>\n<td width=\"217\">610<\/td>\n<\/tr>\n<tr>\n<td width=\"243\">Voltaje nominal<\/td>\n<td width=\"189\">v<\/td>\n<td width=\"217\">192<\/td>\n<\/tr>\n<tr>\n<td width=\"243\">Fuerza de tracci\u00f3n nominal por hora<\/td>\n<td width=\"189\">KN<\/td>\n<td width=\"217\">16.46<\/td>\n<\/tr>\n<tr>\n<td width=\"243\">Velocidad nominal por hora<\/td>\n<td width=\"189\">Km\/h<\/td>\n<td width=\"217\">8.7<\/td>\n<\/tr>\n<tr>\n<td width=\"243\">Motor el\u00e9ctrico y potencia<\/td>\n<td width=\"189\">KW<\/td>\n<td width=\"217\">22*2<\/td>\n<\/tr>\n<tr>\n<td width=\"243\">Bater\u00eda<\/td>\n<td width=\"189\">D560KT<\/td>\n<td width=\"217\">96 piezas<\/td>\n<\/tr>\n<tr>\n<td width=\"243\">Base de ruedas<\/td>\n<td width=\"189\">mm (mm)<\/td>\n<td width=\"217\">1180<\/td>\n<\/tr>\n<tr>\n<td width=\"243\">Radio m\u00ednimo de curvatura<\/td>\n<td width=\"189\">m<\/td>\n<td width=\"217\">7<\/td>\n<\/tr>\n<tr>\n<td width=\"243\">D\u00eda. De rueda<\/td>\n<td width=\"189\">mm (mm)<\/td>\n<td width=\"217\">680<\/td>\n<\/tr>\n<tr>\n<td width=\"243\">Tipo de control<\/td>\n<td width=\"189\"><\/td>\n<td width=\"217\">Control del helic\u00f3ptero<\/td>\n<\/tr>\n<tr>\n<td width=\"243\">Tipo de freno<\/td>\n<td width=\"189\"><\/td>\n<td width=\"217\">Freno mec\u00e1nico o freno neum\u00e1tico<\/td>\n<\/tr>\n<tr>\n<td width=\"243\">Tipo de unidad<\/td>\n<td width=\"189\"><\/td>\n<td width=\"217\">Caja de engranajes de dos etapas<\/td>\n<\/tr>\n<tr>\n<td width=\"243\">Altura de tracci\u00f3n<\/td>\n<td width=\"189\">mm (mm)<\/td>\n<td width=\"217\">320\uff0c 430<\/td>\n<\/tr>\n<tr>\n<td width=\"243\">Dimensi\u00f3n exterior<\/td>\n<td width=\"189\">mm (mm)<\/td>\n<td width=\"217\">L: 5100mm<br \/>\nW: 1080mm<br \/>\nH: 1660mm<\/td>\n<\/tr>\n<\/tbody>\n<\/table>\n<\/div>\n<p><img decoding=\"async\" class=\"alignnone wp-image-1279 size-full\" src=\"http:\/\/www.zongdamining.com\/wp-content\/uploads\/2022\/12\/20200421115601a173c61feacb4171ba18273d24999833-1.jpg\" alt=\"\" width=\"750\" height=\"629\" srcset=\"https:\/\/www.zongdamining.com\/wp-content\/uploads\/2022\/12\/20200421115601a173c61feacb4171ba18273d24999833-1.jpg 750w, https:\/\/www.zongdamining.com\/wp-content\/uploads\/2022\/12\/20200421115601a173c61feacb4171ba18273d24999833-1-300x252.jpg 300w, https:\/\/www.zongdamining.com\/wp-content\/uploads\/2022\/12\/20200421115601a173c61feacb4171ba18273d24999833-1-600x503.jpg 600w\" sizes=\"(max-width: 750px) 100vw, 750px\" \/><\/p>\n<p>Sus requisitos son nuestro trabajo, le proporcionaremos la m\u00e1quinas de perforaci\u00f3n de roca subterr\u00e1nea de la mejor calidad y el servicio m\u00e1s satisfactorio! Hemos logrado un aumento simult\u00e1neo de popularidad y reputaci\u00f3n en los corazones de los consumidores. Nuestros productos disfrutan de buena popularidad entre nuestros clientes.<\/p>","protected":false},"excerpt":{"rendered":"<p>Locomotora de bater\u00eda de miner\u00eda a prueba de llama de 12t, el modo de regulaci\u00f3n de velocidad se divide en regulaci\u00f3n de velocidad de helic\u00f3ptero, frenado mec\u00e1nico, accionamiento de caja de engranajes de dos etapas, amortiguaci\u00f3n de muelles de goma, voltaje de 192v.<\/p>","protected":false},"featured_media":1280,"comment_status":"open","ping_status":"closed","template":"","meta":{"_acf_changed":false},"product_brand":[],"product_cat":[27],"product_tag":[],"class_list":{"0":"post-1276","1":"product","2":"type-product","3":"status-publish","4":"has-post-thumbnail","6":"product_cat-underground-mining-locomotives","8":"first","9":"instock","10":"shipping-taxable","11":"product-type-simple"},"acf":[],"_links":{"self":[{"href":"https:\/\/www.zongdamining.com\/es\/wp-json\/wp\/v2\/product\/1276","targetHints":{"allow":["GET"]}}],"collection":[{"href":"https:\/\/www.zongdamining.com\/es\/wp-json\/wp\/v2\/product"}],"about":[{"href":"https:\/\/www.zongdamining.com\/es\/wp-json\/wp\/v2\/types\/product"}],"replies":[{"embeddable":true,"href":"https:\/\/www.zongdamining.com\/es\/wp-json\/wp\/v2\/comments?post=1276"}],"wp:featuredmedia":[{"embeddable":true,"href":"https:\/\/www.zongdamining.com\/es\/wp-json\/wp\/v2\/media\/1280"}],"wp:attachment":[{"href":"https:\/\/www.zongdamining.com\/es\/wp-json\/wp\/v2\/media?parent=1276"}],"wp:term":[{"taxonomy":"product_brand","embeddable":true,"href":"https:\/\/www.zongdamining.com\/es\/wp-json\/wp\/v2\/product_brand?post=1276"},{"taxonomy":"product_cat","embeddable":true,"href":"https:\/\/www.zongdamining.com\/es\/wp-json\/wp\/v2\/product_cat?post=1276"},{"taxonomy":"product_tag","embeddable":true,"href":"https:\/\/www.zongdamining.com\/es\/wp-json\/wp\/v2\/product_tag?post=1276"}],"curies":[{"name":"WP","href":"https:\/\/api.w.org\/{rel}","templated":true}]}}