{"id":1298,"date":"2022-12-12T11:51:27","date_gmt":"2022-12-12T03:51:27","guid":{"rendered":"http:\/\/www.zongdamining.com\/?post_type=product&#038;p=1298"},"modified":"2026-01-27T09:53:25","modified_gmt":"2026-01-27T01:53:25","slug":"15kw-explosion-proof-scraper-winch","status":"publish","type":"product","link":"https:\/\/www.zongdamining.com\/es\/product\/15kw-explosion-proof-scraper-winch\/","title":{"rendered":"Winch rascador a prueba de explosi\u00f3n 15kw"},"content":{"rendered":"<p>Damos forma y mejoramos la imagen de marca de la empresa de la m\u00e1quina de emborrachado de ruedas, el filtro de part\u00edculas diesel, la cargadora de miner\u00eda de carb\u00f3n subterr\u00e1nea como nuestra direcci\u00f3n de desarrollo y proporcionamos a los clientes servicios eficientes y de valor a\u00f1adido. Con el r\u00e1pido desarrollo de la globalizaci\u00f3n econ\u00f3mica y la formaci\u00f3n de mercados emergentes, debemos esforzarnos por desarrollar la innovaci\u00f3n y confiar en la tecnolog\u00eda para ganar si queremos aprovecharla. En el mercado cada vez m\u00e1s competitivo, con productos de alta calidad de servicio sincero y reputaci\u00f3n bien merecida, siempre ofrecemos apoyo a los clientes en productos y t\u00e9cnicas para lograr la cooperaci\u00f3n a largo plazo. Bienvenidos clientes nuevos y viejos para visitar y discutir, su demanda es la fuente de nuestra innovaci\u00f3n, su apoyo es la garant\u00eda de nuestro desarrollo. La satisfacci\u00f3n del cliente y el \u00e9xito es nuestra b\u00fasqueda, haremos esfuerzos incansables para este fin. Todos nuestros productos y servicios se basan en satisfacer las necesidades de los clientes.<\/p>\n<p><img fetchpriority=\"high\" decoding=\"async\" class=\"alignnone wp-image-1302 size-full\" src=\"http:\/\/www.zongdamining.com\/wp-content\/uploads\/2022\/12\/202005260901078eb89ff0ef8543c7a88e07770de49c4f.jpg\" alt=\"\" width=\"750\" height=\"750\" srcset=\"https:\/\/www.zongdamining.com\/wp-content\/uploads\/2022\/12\/202005260901078eb89ff0ef8543c7a88e07770de49c4f.jpg 750w, https:\/\/www.zongdamining.com\/wp-content\/uploads\/2022\/12\/202005260901078eb89ff0ef8543c7a88e07770de49c4f-300x300.jpg 300w, https:\/\/www.zongdamining.com\/wp-content\/uploads\/2022\/12\/202005260901078eb89ff0ef8543c7a88e07770de49c4f-150x150.jpg 150w, https:\/\/www.zongdamining.com\/wp-content\/uploads\/2022\/12\/202005260901078eb89ff0ef8543c7a88e07770de49c4f-600x600.jpg 600w, https:\/\/www.zongdamining.com\/wp-content\/uploads\/2022\/12\/202005260901078eb89ff0ef8543c7a88e07770de49c4f-100x100.jpg 100w\" sizes=\"(max-width: 750px) 100vw, 750px\" \/><\/p>\n<p>ZJTP serie de minas subterr\u00e1neas rascador Winch<\/p>\n<p>El cabrestante de miner\u00eda ZJTP se utiliza principalmente para los ejes del piso de la mina y los materiales de elevaci\u00f3n del eje inclinado, el personal y el equipo, tambi\u00e9n se puede usar para el transporte subterr\u00e1neo y la elevaci\u00f3n de cubos hundidos.<\/p>\n<p>Puede ser un cabrestante de tambor \u00fanico y un cabrestante de tambor doble.<\/p>\n<p><strong>Datos t\u00e9cnicos<\/strong><\/p>\n<p><img decoding=\"async\" class=\"alignnone wp-image-1303 size-full\" src=\"http:\/\/www.zongdamining.com\/wp-content\/uploads\/2022\/12\/2020052609024899d27606d7ff461d9ffad5495c07cd58.jpg\" alt=\"\" width=\"750\" height=\"1025\" srcset=\"https:\/\/www.zongdamining.com\/wp-content\/uploads\/2022\/12\/2020052609024899d27606d7ff461d9ffad5495c07cd58.jpg 750w, https:\/\/www.zongdamining.com\/wp-content\/uploads\/2022\/12\/2020052609024899d27606d7ff461d9ffad5495c07cd58-220x300.jpg 220w, https:\/\/www.zongdamining.com\/wp-content\/uploads\/2022\/12\/2020052609024899d27606d7ff461d9ffad5495c07cd58-600x820.jpg 600w\" sizes=\"(max-width: 750px) 100vw, 750px\" \/><img decoding=\"async\" class=\"alignnone wp-image-1304 size-full\" src=\"http:\/\/www.zongdamining.com\/wp-content\/uploads\/2022\/12\/underground-mining-scraper-winch00025053060.jpg\" alt=\"\" width=\"730\" height=\"730\" srcset=\"https:\/\/www.zongdamining.com\/wp-content\/uploads\/2022\/12\/underground-mining-scraper-winch00025053060.jpg 730w, https:\/\/www.zongdamining.com\/wp-content\/uploads\/2022\/12\/underground-mining-scraper-winch00025053060-300x300.jpg 300w, https:\/\/www.zongdamining.com\/wp-content\/uploads\/2022\/12\/underground-mining-scraper-winch00025053060-150x150.jpg 150w, https:\/\/www.zongdamining.com\/wp-content\/uploads\/2022\/12\/underground-mining-scraper-winch00025053060-600x600.jpg 600w, https:\/\/www.zongdamining.com\/wp-content\/uploads\/2022\/12\/underground-mining-scraper-winch00025053060-100x100.jpg 100w\" sizes=\"(max-width: 730px) 100vw, 730px\" \/><\/p>\n<p>Esperamos que nos convertiremos en el proveedor que espera con el dise\u00f1o de moda, los productos de alta calidad, el servicio considerado y los precios competitivos de nuestro 15kw Explosion Proof Scraper Winch. Estamos dispuestos a establecer una relaci\u00f3n comercial estable, equitativa y mutuamente beneficiosa con clientes de todo el mundo, para que podamos desarrollarnos y prosperar juntos. Nuestra empresa promete solemnemente que para nuestros antiguos clientes y usted que se convertir\u00e1 en nuestro nuevo socio, sus necesidades son nuestra responsabilidad.<\/p>","protected":false},"excerpt":{"rendered":"<p>El cabrestante de miner\u00eda ZJTP se utiliza principalmente para los ejes del piso de la mina y los materiales de elevaci\u00f3n del eje inclinado, el personal y el equipo, tambi\u00e9n se puede usar para el transporte subterr\u00e1neo y la elevaci\u00f3n de cubos hundidos.<\/p>","protected":false},"featured_media":1304,"comment_status":"open","ping_status":"closed","template":"","meta":{"_acf_changed":false},"product_brand":[],"product_cat":[29],"product_tag":[],"class_list":{"0":"post-1298","1":"product","2":"type-product","3":"status-publish","4":"has-post-thumbnail","6":"product_cat-underground-hoisting-system","8":"first","9":"instock","10":"shipping-taxable","11":"product-type-simple"},"acf":[],"_links":{"self":[{"href":"https:\/\/www.zongdamining.com\/es\/wp-json\/wp\/v2\/product\/1298","targetHints":{"allow":["GET"]}}],"collection":[{"href":"https:\/\/www.zongdamining.com\/es\/wp-json\/wp\/v2\/product"}],"about":[{"href":"https:\/\/www.zongdamining.com\/es\/wp-json\/wp\/v2\/types\/product"}],"replies":[{"embeddable":true,"href":"https:\/\/www.zongdamining.com\/es\/wp-json\/wp\/v2\/comments?post=1298"}],"wp:featuredmedia":[{"embeddable":true,"href":"https:\/\/www.zongdamining.com\/es\/wp-json\/wp\/v2\/media\/1304"}],"wp:attachment":[{"href":"https:\/\/www.zongdamining.com\/es\/wp-json\/wp\/v2\/media?parent=1298"}],"wp:term":[{"taxonomy":"product_brand","embeddable":true,"href":"https:\/\/www.zongdamining.com\/es\/wp-json\/wp\/v2\/product_brand?post=1298"},{"taxonomy":"product_cat","embeddable":true,"href":"https:\/\/www.zongdamining.com\/es\/wp-json\/wp\/v2\/product_cat?post=1298"},{"taxonomy":"product_tag","embeddable":true,"href":"https:\/\/www.zongdamining.com\/es\/wp-json\/wp\/v2\/product_tag?post=1298"}],"curies":[{"name":"WP","href":"https:\/\/api.w.org\/{rel}","templated":true}]}}