{"id":1308,"date":"2022-12-12T11:59:16","date_gmt":"2022-12-12T03:59:16","guid":{"rendered":"http:\/\/www.zongdamining.com\/?post_type=product&#038;p=1308"},"modified":"2022-12-16T11:06:23","modified_gmt":"2022-12-16T03:06:23","slug":"battery-electric-locomotive-for-mining","status":"publish","type":"product","link":"https:\/\/www.zongdamining.com\/es\/product\/battery-electric-locomotive-for-mining\/","title":{"rendered":"Locomotora el\u00e9ctrica de bater\u00eda para miner\u00eda"},"content":{"rendered":"<p><img fetchpriority=\"high\" decoding=\"async\" class=\"alignnone wp-image-1311 size-full\" src=\"http:\/\/www.zongdamining.com\/wp-content\/uploads\/2022\/12\/battery-electric-locomotive-for-mining23411599450.jpg\" alt=\"\" width=\"750\" height=\"750\" srcset=\"https:\/\/www.zongdamining.com\/wp-content\/uploads\/2022\/12\/battery-electric-locomotive-for-mining23411599450.jpg 750w, https:\/\/www.zongdamining.com\/wp-content\/uploads\/2022\/12\/battery-electric-locomotive-for-mining23411599450-300x300.jpg 300w, https:\/\/www.zongdamining.com\/wp-content\/uploads\/2022\/12\/battery-electric-locomotive-for-mining23411599450-150x150.jpg 150w, https:\/\/www.zongdamining.com\/wp-content\/uploads\/2022\/12\/battery-electric-locomotive-for-mining23411599450-600x600.jpg 600w, https:\/\/www.zongdamining.com\/wp-content\/uploads\/2022\/12\/battery-electric-locomotive-for-mining23411599450-100x100.jpg 100w\" sizes=\"(max-width: 750px) 100vw, 750px\" \/><\/p>\n<p><strong>Datos t\u00e9cnicos de la locomotora el\u00e9ctrica de bater\u00eda de 8t para la miner\u00eda<\/strong><\/p>\n<p>Modelo: CTY8\/610GB110<\/p>\n<p>La locomotora el\u00e9ctrica de bater\u00eda de 8t para la miner\u00eda adopta la caja de cambios mec\u00e1nica de una etapa. Sus caracter\u00edsticas: tracci\u00f3n, operaci\u00f3n conveniente, mantenimiento sencillo, operaci\u00f3n fiable, adecuado para el transporte subterr\u00e1neo en entorno a prueba de explosiones.<\/p>\n<p><img decoding=\"async\" class=\"alignnone wp-image-1309 size-full\" src=\"http:\/\/www.zongdamining.com\/wp-content\/uploads\/2022\/12\/202004211059043a4360655b314305aeb90210922132fe.jpg\" alt=\"\" width=\"750\" height=\"666\" srcset=\"https:\/\/www.zongdamining.com\/wp-content\/uploads\/2022\/12\/202004211059043a4360655b314305aeb90210922132fe.jpg 750w, https:\/\/www.zongdamining.com\/wp-content\/uploads\/2022\/12\/202004211059043a4360655b314305aeb90210922132fe-300x266.jpg 300w, https:\/\/www.zongdamining.com\/wp-content\/uploads\/2022\/12\/202004211059043a4360655b314305aeb90210922132fe-600x533.jpg 600w\" sizes=\"(max-width: 750px) 100vw, 750px\" \/><\/p>\n<p><strong>Datos t\u00e9cnicos de la locomotora el\u00e9ctrica de bater\u00eda de 8t para la miner\u00eda<\/strong><\/p>\n<p>&nbsp;<\/p>\n<div class=\"table-responsive\">\n<table class=\"table\" border=\"0\" width=\"100%\" cellspacing=\"0\" cellpadding=\"0\">\n<tbody>\n<tr class=\"firstRow\">\n<td colspan=\"3\" width=\"650\">Modelo: CTY8\/610GB110<\/td>\n<\/tr>\n<tr>\n<td width=\"243\">Peso del adhesivo<\/td>\n<td width=\"189\">t<\/td>\n<td width=\"217\">8<\/td>\n<\/tr>\n<tr>\n<td width=\"243\">Calibre<\/td>\n<td width=\"189\">mm (mm)<\/td>\n<td width=\"217\">610<\/td>\n<\/tr>\n<tr>\n<td width=\"243\">Voltaje nominal<\/td>\n<td width=\"189\">v<\/td>\n<td width=\"217\">110<\/td>\n<\/tr>\n<tr>\n<td width=\"243\">Fuerza de tracci\u00f3n nominal por hora<\/td>\n<td width=\"189\">KN<\/td>\n<td width=\"217\">11.8<\/td>\n<\/tr>\n<tr>\n<td width=\"243\">Velocidad nominal por hora<\/td>\n<td width=\"189\">Km\/h<\/td>\n<td width=\"217\">6.2<\/td>\n<\/tr>\n<tr>\n<td width=\"243\">Motor el\u00e9ctrico y potencia<\/td>\n<td width=\"189\">KW<\/td>\n<td width=\"217\">11*2<\/td>\n<\/tr>\n<tr>\n<td width=\"243\">Bater\u00eda<\/td>\n<td width=\"189\">del D-44KT<\/td>\n<td width=\"217\">55 piezas<\/td>\n<\/tr>\n<tr>\n<td width=\"243\">Base de ruedas<\/td>\n<td width=\"189\">mm (mm)<\/td>\n<td width=\"217\">1100<\/td>\n<\/tr>\n<tr>\n<td width=\"243\">Radio m\u00ednimo de curvatura<\/td>\n<td width=\"189\">m<\/td>\n<td width=\"217\">7<\/td>\n<\/tr>\n<tr>\n<td width=\"243\">D\u00eda. De rueda<\/td>\n<td width=\"189\">mm (mm)<\/td>\n<td width=\"217\">680<\/td>\n<\/tr>\n<tr>\n<td width=\"243\">Tipo de control<\/td>\n<td width=\"189\"><\/td>\n<td width=\"217\">Control del helic\u00f3ptero<\/td>\n<\/tr>\n<tr>\n<td width=\"243\">Tipo de freno<\/td>\n<td width=\"189\"><\/td>\n<td width=\"217\">Freno mec\u00e1nico<\/td>\n<\/tr>\n<tr>\n<td width=\"243\">Tipo de unidad<\/td>\n<td width=\"189\"><\/td>\n<td width=\"217\">Caja de engranajes accionamiento de una sola etapa<\/td>\n<\/tr>\n<tr>\n<td width=\"243\">Altura de tracci\u00f3n<\/td>\n<td width=\"189\">mm (mm)<\/td>\n<td width=\"217\">320, 430<\/td>\n<\/tr>\n<tr>\n<td width=\"243\">Dimensi\u00f3n exterior<\/td>\n<td width=\"189\">mm (mm)<\/td>\n<td width=\"217\">L: 4450mm<br \/>\nW: 1060mm<br \/>\nH: 1600mm<\/td>\n<\/tr>\n<\/tbody>\n<\/table>\n<\/div>\n<p>&nbsp;<\/p>\n<p><img decoding=\"async\" class=\"alignnone wp-image-1310 size-full\" src=\"http:\/\/www.zongdamining.com\/wp-content\/uploads\/2022\/12\/2020042111003447a494a9a1fc4bce8872cfee49ab7274.jpg\" alt=\"\" width=\"750\" height=\"629\" srcset=\"https:\/\/www.zongdamining.com\/wp-content\/uploads\/2022\/12\/2020042111003447a494a9a1fc4bce8872cfee49ab7274.jpg 750w, https:\/\/www.zongdamining.com\/wp-content\/uploads\/2022\/12\/2020042111003447a494a9a1fc4bce8872cfee49ab7274-300x252.jpg 300w, https:\/\/www.zongdamining.com\/wp-content\/uploads\/2022\/12\/2020042111003447a494a9a1fc4bce8872cfee49ab7274-600x503.jpg 600w\" sizes=\"(max-width: 750px) 100vw, 750px\" \/><\/p>","protected":false},"excerpt":{"rendered":"<p>La locomotora el\u00e9ctrica de bater\u00eda de 8t para la miner\u00eda adopta la caja de cambios mec\u00e1nica de una etapa. Sus caracter\u00edsticas: tracci\u00f3n, operaci\u00f3n conveniente, mantenimiento sencillo, operaci\u00f3n fiable, adecuado para el transporte subterr\u00e1neo en entorno a prueba de explosiones.<\/p>","protected":false},"featured_media":1311,"comment_status":"open","ping_status":"closed","template":"","meta":{"_acf_changed":false},"product_brand":[],"product_cat":[27],"product_tag":[],"class_list":{"0":"post-1308","1":"product","2":"type-product","3":"status-publish","4":"has-post-thumbnail","6":"product_cat-underground-mining-locomotives","8":"first","9":"instock","10":"shipping-taxable","11":"product-type-simple"},"acf":[],"_links":{"self":[{"href":"https:\/\/www.zongdamining.com\/es\/wp-json\/wp\/v2\/product\/1308","targetHints":{"allow":["GET"]}}],"collection":[{"href":"https:\/\/www.zongdamining.com\/es\/wp-json\/wp\/v2\/product"}],"about":[{"href":"https:\/\/www.zongdamining.com\/es\/wp-json\/wp\/v2\/types\/product"}],"replies":[{"embeddable":true,"href":"https:\/\/www.zongdamining.com\/es\/wp-json\/wp\/v2\/comments?post=1308"}],"wp:featuredmedia":[{"embeddable":true,"href":"https:\/\/www.zongdamining.com\/es\/wp-json\/wp\/v2\/media\/1311"}],"wp:attachment":[{"href":"https:\/\/www.zongdamining.com\/es\/wp-json\/wp\/v2\/media?parent=1308"}],"wp:term":[{"taxonomy":"product_brand","embeddable":true,"href":"https:\/\/www.zongdamining.com\/es\/wp-json\/wp\/v2\/product_brand?post=1308"},{"taxonomy":"product_cat","embeddable":true,"href":"https:\/\/www.zongdamining.com\/es\/wp-json\/wp\/v2\/product_cat?post=1308"},{"taxonomy":"product_tag","embeddable":true,"href":"https:\/\/www.zongdamining.com\/es\/wp-json\/wp\/v2\/product_tag?post=1308"}],"curies":[{"name":"WP","href":"https:\/\/api.w.org\/{rel}","templated":true}]}}