{"id":1329,"date":"2022-12-12T12:26:07","date_gmt":"2022-12-12T04:26:07","guid":{"rendered":"http:\/\/www.zongdamining.com\/?post_type=product&#038;p=1329"},"modified":"2022-12-12T15:16:07","modified_gmt":"2022-12-12T07:16:07","slug":"diesel-chinese-engine-underground-mining-dump-truck","status":"publish","type":"product","link":"https:\/\/www.zongdamining.com\/es\/product\/diesel-chinese-engine-underground-mining-dump-truck\/","title":{"rendered":"Cami\u00f3n de vertido de miner\u00eda subterr\u00e1nea del motor diesel chino"},"content":{"rendered":"<p><img fetchpriority=\"high\" decoding=\"async\" class=\"alignnone wp-image-1332 size-full\" src=\"http:\/\/www.zongdamining.com\/wp-content\/uploads\/2022\/12\/diesel-chinese-engine-underground-mining-dump20550619451.jpg\" alt=\"\" width=\"730\" height=\"730\" srcset=\"https:\/\/www.zongdamining.com\/wp-content\/uploads\/2022\/12\/diesel-chinese-engine-underground-mining-dump20550619451.jpg 730w, https:\/\/www.zongdamining.com\/wp-content\/uploads\/2022\/12\/diesel-chinese-engine-underground-mining-dump20550619451-300x300.jpg 300w, https:\/\/www.zongdamining.com\/wp-content\/uploads\/2022\/12\/diesel-chinese-engine-underground-mining-dump20550619451-150x150.jpg 150w, https:\/\/www.zongdamining.com\/wp-content\/uploads\/2022\/12\/diesel-chinese-engine-underground-mining-dump20550619451-600x600.jpg 600w, https:\/\/www.zongdamining.com\/wp-content\/uploads\/2022\/12\/diesel-chinese-engine-underground-mining-dump20550619451-100x100.jpg 100w\" sizes=\"(max-width: 730px) 100vw, 730px\" \/><\/p>\n<p><strong>Aplicaci\u00f3n Ambiente<\/strong><\/p>\n<p>1. Se puede usar a temperatura ambiente (- 15 \u2103 ~ 40 \u2103).<\/p>\n<p>2. Se utiliza en zonas con una altitud no superior a (2000) M.<\/p>\n<p>3. Uso normal en el medio ambiente con humedad no superior al 95% (25 \u2103).<\/p>\n<p>4. Se puede usar normalmente en minas de metal o no met\u00e1licas.<\/p>\n<p>5. Debe haber suficiente capacidad de ventilaci\u00f3n bajo la mina y su composici\u00f3n del aire ambiente debe cumplir los requisitos de &lt;  &lt; las normas de seguridad para las minas de metales y no metales &gt;  &gt; (2006).<\/p>\n<p><strong>Principales par\u00e1metros t\u00e9cnicos<\/strong><\/p>\n<p>&nbsp;<\/p>\n<table class=\"table\" border=\"0\" width=\"100%\" cellspacing=\"0\" cellpadding=\"0\">\n<tbody>\n<tr class=\"firstRow\">\n<td width=\"52\"><strong>No, no.<\/strong><\/td>\n<td colspan=\"2\" width=\"212\"><strong>OPCIONES<\/strong><\/td>\n<td colspan=\"2\" width=\"280\"><strong>Especificaci\u00f3n<\/strong><\/td>\n<\/tr>\n<tr>\n<td align=\"center\" valign=\"middle\" width=\"52\">1<\/td>\n<td colspan=\"2\" align=\"center\" valign=\"middle\" width=\"212\">Tipo<\/td>\n<td colspan=\"2\" width=\"280\">Reino Unido-20<\/td>\n<\/tr>\n<tr>\n<td align=\"center\" valign=\"middle\" width=\"52\">2<\/td>\n<td colspan=\"2\" align=\"center\" valign=\"middle\" width=\"212\">Carga nominal (kg)<\/td>\n<td colspan=\"2\" width=\"280\">20000<\/td>\n<\/tr>\n<tr>\n<td align=\"center\" valign=\"middle\" width=\"52\">3<\/td>\n<td colspan=\"2\" align=\"center\" valign=\"middle\" width=\"212\">Peso (kg)<\/td>\n<td colspan=\"2\" width=\"280\">13000<\/td>\n<\/tr>\n<tr>\n<td align=\"center\" valign=\"middle\" width=\"52\">4<\/td>\n<td colspan=\"2\" align=\"center\" valign=\"middle\" width=\"212\">Dimensiones generales (L x W x H) (mm)<\/td>\n<td colspan=\"2\" width=\"280\">7656\u00d72570\u00d72573<\/td>\n<\/tr>\n<tr>\n<td align=\"center\" valign=\"middle\" width=\"52\">5<\/td>\n<td colspan=\"2\" align=\"center\" valign=\"middle\" width=\"212\">Tracci\u00f3n m\u00e1xima (KN)<\/td>\n<td colspan=\"2\" width=\"280\">198<\/td>\n<\/tr>\n<tr>\n<td align=\"center\" valign=\"middle\" width=\"52\">6<\/td>\n<td colspan=\"2\" align=\"center\" valign=\"middle\" width=\"212\">Modo de conducci\u00f3n<\/td>\n<td colspan=\"2\" width=\"280\">6\u00d74 Cuatro ruedas motrices<\/td>\n<\/tr>\n<tr>\n<td align=\"center\" valign=\"middle\" width=\"52\">7<\/td>\n<td colspan=\"2\" align=\"center\" valign=\"middle\" width=\"212\">Modo de transmisi\u00f3n<\/td>\n<td colspan=\"2\" width=\"280\">accionamiento mec\u00e1nico<\/td>\n<\/tr>\n<tr>\n<td align=\"center\" valign=\"middle\" width=\"52\">8<\/td>\n<td colspan=\"2\" align=\"center\" valign=\"middle\" width=\"212\">Distancia m\u00ednima al suelo (mm)<\/td>\n<td colspan=\"2\" width=\"280\">280<\/td>\n<\/tr>\n<tr>\n<td rowspan=\"2\" align=\"center\" valign=\"middle\" width=\"52\">9<\/td>\n<td rowspan=\"2\" align=\"center\" valign=\"middle\" width=\"123\">Modo de frenado<\/td>\n<td align=\"center\" valign=\"middle\" width=\"89\">Frenado de trabajo<\/td>\n<td colspan=\"2\" width=\"280\">Freno de muelle, liberaci\u00f3n hidr\u00e1ulica<\/td>\n<\/tr>\n<tr>\n<td align=\"center\" valign=\"middle\" width=\"89\">Freno de estacionamiento<\/td>\n<td colspan=\"2\" width=\"280\">Freno de muelle, liberaci\u00f3n hidr\u00e1ulica<\/td>\n<\/tr>\n<tr>\n<td align=\"center\" valign=\"middle\" width=\"52\">10<\/td>\n<td colspan=\"2\" align=\"center\" valign=\"middle\" width=\"212\">Capacidad de escalada (\u00b0) (longitudinal \/ transversal)<\/td>\n<td colspan=\"2\" width=\"280\">14\/5<\/td>\n<\/tr>\n<tr>\n<td align=\"center\" valign=\"middle\" width=\"52\">11<\/td>\n<td colspan=\"2\" align=\"center\" valign=\"middle\" width=\"212\">Distancia entre ruedas (mm)<\/td>\n<td colspan=\"2\" width=\"280\">3650+1350<\/td>\n<\/tr>\n<tr>\n<td align=\"center\" valign=\"middle\" width=\"52\">12<\/td>\n<td colspan=\"2\" align=\"center\" valign=\"middle\" width=\"212\">Anchura de la pista (delantera \/ trasera) (mm)<\/td>\n<td colspan=\"2\" width=\"280\">2060\/1860<\/td>\n<\/tr>\n<tr>\n<td rowspan=\"2\" align=\"center\" valign=\"middle\" width=\"52\">13<\/td>\n<td rowspan=\"2\" align=\"center\" valign=\"middle\" width=\"123\">Radio m\u00ednimo de capacidad de paso (mm)<\/td>\n<td align=\"center\" valign=\"middle\" width=\"89\">adentro<\/td>\n<td colspan=\"2\" width=\"280\">5600<\/td>\n<\/tr>\n<tr>\n<td align=\"center\" valign=\"middle\" width=\"89\">Fuera<\/td>\n<td colspan=\"2\" width=\"280\">9500<\/td>\n<\/tr>\n<tr>\n<td rowspan=\"6\" align=\"center\" valign=\"middle\" width=\"52\">14<\/td>\n<td colspan=\"2\" rowspan=\"6\" align=\"center\" valign=\"middle\" width=\"212\">Velocidad de viaje (km \/ h) (pavimento seco y duro)<\/td>\n<td width=\"136\">I<\/td>\n<td width=\"144\">7.2<\/td>\n<\/tr>\n<tr>\n<td width=\"136\">II<\/td>\n<td width=\"144\">12.2<\/td>\n<\/tr>\n<tr>\n<td width=\"136\">III<\/td>\n<td width=\"144\"><\/td>\n<\/tr>\n<tr>\n<td width=\"136\">IV<\/td>\n<td width=\"144\"><\/td>\n<\/tr>\n<tr>\n<td width=\"136\">V<\/td>\n<td width=\"144\"><\/td>\n<\/tr>\n<tr>\n<td width=\"136\">Engranaje inverso<\/td>\n<td width=\"144\"><\/td>\n<\/tr>\n<tr>\n<td align=\"center\" valign=\"middle\" width=\"52\">15<\/td>\n<td colspan=\"2\" align=\"center\" valign=\"middle\" width=\"212\">Norma de emisi\u00f3n<\/td>\n<td colspan=\"2\" width=\"280\">Norma de emisiones de fase III GB 17691-2005<\/td>\n<\/tr>\n<tr>\n<td align=\"center\" valign=\"middle\" width=\"52\">16<\/td>\n<td colspan=\"2\" align=\"center\" valign=\"middle\" width=\"212\">Modo de inicio<\/td>\n<td colspan=\"2\" width=\"280\">Inicio el\u00e9ctrico<\/td>\n<\/tr>\n<tr>\n<td align=\"center\" valign=\"middle\" width=\"52\">17<\/td>\n<td colspan=\"2\" align=\"center\" valign=\"middle\" width=\"212\">Adaptar al rango de temperatura ambiente (\u00b0C)<\/td>\n<td colspan=\"2\" width=\"280\">-15\uff5e40<\/td>\n<\/tr>\n<tr>\n<td align=\"center\" valign=\"middle\" width=\"52\">18<\/td>\n<td colspan=\"2\" align=\"center\" valign=\"middle\" width=\"212\">Tama\u00f1o m\u00e1ximo no desmontable (L x W x H) (mm)<\/td>\n<td colspan=\"2\" width=\"280\">5868\u00d72570\u00d71680<\/td>\n<\/tr>\n<tr>\n<td align=\"center\" valign=\"middle\" width=\"52\">19<\/td>\n<td colspan=\"2\" align=\"center\" valign=\"middle\" width=\"212\">Uso de piezas da\u00f1adas y piezas generales<\/td>\n<td colspan=\"2\" width=\"280\">Garantizar la intercambiabilidad en uso<\/td>\n<\/tr>\n<tr>\n<td align=\"center\" valign=\"middle\" width=\"52\">20<\/td>\n<td colspan=\"2\" align=\"center\" valign=\"middle\" width=\"212\">Cable para equipos el\u00e9ctricos<\/td>\n<td colspan=\"2\" width=\"280\">El dise\u00f1o, la fabricaci\u00f3n e instalaci\u00f3n de los equipos el\u00e9ctricos de soporte deben cumplir con las disposiciones pertinentes de GB5226.1<\/td>\n<\/tr>\n<tr>\n<td align=\"center\" valign=\"middle\" width=\"52\">21<\/td>\n<td colspan=\"2\" align=\"center\" valign=\"middle\" width=\"212\">Sistema de absorci\u00f3n de golpes<\/td>\n<td colspan=\"2\" width=\"280\">Suspensi\u00f3n delantera \/ trasera de muelle de hoja<\/td>\n<\/tr>\n<tr>\n<td align=\"center\" valign=\"middle\" width=\"52\">22<\/td>\n<td colspan=\"2\" align=\"center\" valign=\"middle\" width=\"212\">Chasis<\/td>\n<td colspan=\"2\" width=\"280\">Autocontrol<\/td>\n<\/tr>\n<tr>\n<td align=\"center\" valign=\"middle\" width=\"52\">23<\/td>\n<td colspan=\"2\" align=\"center\" valign=\"middle\" width=\"212\">Dispositivo de extinci\u00f3n de incendios<\/td>\n<td colspan=\"2\" width=\"280\">Dos extintores port\u00e1tiles de polvo seco de 4 kg<\/td>\n<\/tr>\n<tr>\n<td align=\"center\" valign=\"middle\" width=\"52\">24<\/td>\n<td colspan=\"2\" align=\"center\" valign=\"middle\" width=\"212\">Configuraci\u00f3n de cola<\/td>\n<td colspan=\"2\" width=\"280\">Equipado con tracci\u00f3n<\/td>\n<\/tr>\n<tr>\n<td align=\"center\" valign=\"middle\" width=\"52\">25<\/td>\n<td colspan=\"2\" align=\"center\" valign=\"middle\" width=\"212\">Color del cuerpo<\/td>\n<td colspan=\"2\" width=\"280\">Ingenier\u00eda amarilla<\/td>\n<\/tr>\n<\/tbody>\n<\/table>\n<p>&nbsp;<\/p>\n<p>(2) Configuraci\u00f3n de coche y cabina<\/p>\n<p>&nbsp;<\/p>\n<table class=\"table\" border=\"0\" width=\"100%\" cellspacing=\"0\" cellpadding=\"0\">\n<tbody>\n<tr class=\"firstRow\">\n<td width=\"53\"><strong>No, no.<\/strong><\/td>\n<td width=\"204\"><strong>OPCIONES<\/strong><\/td>\n<td width=\"287\"><strong>Especificaci\u00f3n<\/strong><\/td>\n<\/tr>\n<tr>\n<td align=\"center\" valign=\"middle\" width=\"53\">1<\/td>\n<td align=\"center\" valign=\"middle\" width=\"204\">Manipulaci\u00f3n de contenido<\/td>\n<td width=\"287\">Inicio, direcci\u00f3n, aceleraci\u00f3n, trabajo y frenado de emergencia, cambio de marcha<\/td>\n<\/tr>\n<tr>\n<td align=\"center\" valign=\"middle\" width=\"53\">2<\/td>\n<td align=\"center\" valign=\"middle\" width=\"204\">Instrumento de visualizaci\u00f3n<\/td>\n<td width=\"287\">Volumen de aceite, velocidad, velocidad, luz de falla del motor, man\u00f3metro del sistema, man\u00f3metro del freno<\/td>\n<\/tr>\n<tr>\n<td align=\"center\" valign=\"middle\" width=\"53\">3<\/td>\n<td align=\"center\" valign=\"middle\" width=\"204\">Puerta del coche<\/td>\n<td width=\"287\">Puerta \u00fanica<\/td>\n<\/tr>\n<tr>\n<td align=\"center\" valign=\"middle\" width=\"53\">4<\/td>\n<td align=\"center\" valign=\"middle\" width=\"204\">Dispositivo de advertencia<\/td>\n<td width=\"287\">Configurar se\u00f1ales de advertencia, que incluyen principalmente: elementos de advertencia durante la conducci\u00f3n, elementos de advertencia durante el arranque y la parada, consejos de operaci\u00f3n necesarios para frenar, etc.<\/td>\n<\/tr>\n<tr>\n<td align=\"center\" valign=\"middle\" width=\"53\">5<\/td>\n<td align=\"center\" valign=\"middle\" width=\"204\">Calentador<\/td>\n<td width=\"287\">S\u00ed. S\u00ed.<\/td>\n<\/tr>\n<tr>\n<td align=\"center\" valign=\"middle\" width=\"53\">6<\/td>\n<td align=\"center\" valign=\"middle\" width=\"204\">Aire acondicionado<\/td>\n<td width=\"287\">S\u00ed. S\u00ed.<\/td>\n<\/tr>\n<\/tbody>\n<\/table>\n<p>&nbsp;<\/p>\n<p>(3) Sistema de motor diesel<\/p>\n<p>&nbsp;<\/p>\n<table class=\"table\" border=\"0\" width=\"100%\" cellspacing=\"0\" cellpadding=\"0\">\n<tbody>\n<tr class=\"firstRow\">\n<td width=\"52\"><strong>\u00a1No! No!<\/strong><\/td>\n<td width=\"204\"><strong>Opciones<\/strong><\/td>\n<td width=\"289\"><strong>Especificaci\u00f3n<\/strong><\/td>\n<\/tr>\n<tr>\n<td align=\"center\" valign=\"middle\" width=\"52\">1<\/td>\n<td align=\"center\" valign=\"middle\" width=\"204\">Tipo<\/td>\n<td width=\"289\">YC6L290-T300<\/td>\n<\/tr>\n<tr>\n<td align=\"center\" valign=\"middle\" width=\"52\">2<\/td>\n<td align=\"center\" valign=\"middle\" width=\"204\">Disposici\u00f3n del cilindro<\/td>\n<td width=\"289\">En l\u00ednea<\/td>\n<\/tr>\n<tr>\n<td align=\"center\" valign=\"middle\" width=\"52\">3<\/td>\n<td align=\"center\" valign=\"middle\" width=\"204\">(kW\/rpm)<\/td>\n<td width=\"289\">213\/2200<\/td>\n<\/tr>\n<tr>\n<td align=\"center\" valign=\"middle\" width=\"52\">4<\/td>\n<td align=\"center\" valign=\"middle\" width=\"204\">Torque m\u00e1ximo (nm) \/ velocidad (r \/ min)<\/td>\n<td width=\"289\">1100\/1200-1400<\/td>\n<\/tr>\n<tr>\n<td align=\"center\" valign=\"middle\" width=\"52\">5<\/td>\n<td align=\"center\" valign=\"middle\" width=\"204\">Direcci\u00f3n de rotaci\u00f3n (frente al volante)<\/td>\n<td width=\"289\">En sentido antihorario<\/td>\n<\/tr>\n<tr>\n<td align=\"center\" valign=\"middle\" width=\"52\">6<\/td>\n<td align=\"center\" valign=\"middle\" width=\"204\">Velocidad m\u00ednima de funcionamiento estable (r\/min)<\/td>\n<td width=\"289\">600-650<\/td>\n<\/tr>\n<tr>\n<td align=\"center\" valign=\"middle\" width=\"52\">7<\/td>\n<td align=\"center\" valign=\"middle\" width=\"204\">desplazamiento (L)<\/td>\n<td width=\"289\">8.424<\/td>\n<\/tr>\n<tr>\n<td align=\"center\" valign=\"middle\" width=\"52\">8<\/td>\n<td align=\"center\" valign=\"middle\" width=\"204\">Consumo medio de combustible (g\/KWh)<\/td>\n<td width=\"289\">210<\/td>\n<\/tr>\n<tr>\n<td align=\"center\" valign=\"middle\" width=\"52\">9<\/td>\n<td align=\"center\" valign=\"middle\" width=\"204\">N\u00famero de cilindros &#8211; perforaci\u00f3n \/ carrera (mm)<\/td>\n<td width=\"289\">6-113\/140<\/td>\n<\/tr>\n<tr>\n<td align=\"center\" valign=\"middle\" width=\"52\">10<\/td>\n<td align=\"center\" valign=\"middle\" width=\"204\">Relaci\u00f3n de compresi\u00f3n<\/td>\n<td width=\"289\">17.5\uff1a1<\/td>\n<\/tr>\n<tr>\n<td align=\"center\" valign=\"middle\" width=\"52\">11<\/td>\n<td align=\"center\" valign=\"middle\" width=\"204\">Modo de admisi\u00f3n<\/td>\n<td width=\"289\">Turbo<\/td>\n<\/tr>\n<tr>\n<td align=\"center\" valign=\"middle\" width=\"52\">12<\/td>\n<td align=\"center\" valign=\"middle\" width=\"204\">Especificaci\u00f3n del combustible<\/td>\n<td width=\"289\">0 ~ 35 # Diesel<\/td>\n<\/tr>\n<tr>\n<td align=\"center\" valign=\"middle\" width=\"52\">13<\/td>\n<td align=\"center\" valign=\"middle\" width=\"204\">Modo de inicio<\/td>\n<td width=\"289\">Inicio el\u00e9ctrico<\/td>\n<\/tr>\n<\/tbody>\n<\/table>\n<p>&nbsp;<\/p>\n<p>(4) Sistema de accionamiento<\/p>\n<p>&nbsp;<\/p>\n<table class=\"table\" border=\"0\" width=\"100%\" cellspacing=\"0\" cellpadding=\"0\">\n<tbody>\n<tr class=\"firstRow\">\n<td width=\"52\"><strong>\u00a1No! No!<\/strong><\/td>\n<td width=\"204\"><strong>Opciones<\/strong><\/td>\n<td width=\"288\"><strong>Especificaci\u00f3n<\/strong><\/td>\n<\/tr>\n<tr>\n<td align=\"center\" valign=\"middle\" width=\"52\">1<\/td>\n<td align=\"center\" valign=\"middle\" width=\"204\">Tama\u00f1o y modelo de neum\u00e1ticos (delantero \/ trasero)<\/td>\n<td width=\"288\">10.00-20-24PR<\/td>\n<\/tr>\n<tr>\n<td align=\"center\" valign=\"middle\" width=\"52\">2<\/td>\n<td align=\"center\" valign=\"middle\" width=\"204\">Tipo de neum\u00e1tico (delantero \/ trasero)<\/td>\n<td width=\"288\">Neum\u00e1tico radial<\/td>\n<\/tr>\n<\/tbody>\n<\/table>\n<p>&nbsp;<\/p>\n<p>(5) Montaje de frenos<\/p>\n<p>&nbsp;<\/p>\n<table class=\"table\" border=\"0\" width=\"100%\" cellspacing=\"0\" cellpadding=\"0\">\n<tbody>\n<tr class=\"firstRow\">\n<td width=\"52\"><strong>No, no.<\/strong><\/td>\n<td width=\"204\"><strong>Opciones<\/strong><\/td>\n<td width=\"288\"><strong>Especificaci\u00f3n<\/strong><\/td>\n<\/tr>\n<tr>\n<td align=\"center\" valign=\"middle\" width=\"52\">1<\/td>\n<td align=\"center\" valign=\"middle\" width=\"204\">Tipo de freno de trabajo \/ emergencia \/ estacionamiento<\/td>\n<td width=\"288\">Freno h\u00famedo de disco m\u00faltiple<\/td>\n<\/tr>\n<tr>\n<td align=\"center\" valign=\"middle\" width=\"52\">2<\/td>\n<td align=\"center\" valign=\"middle\" width=\"204\">Freno<\/td>\n<td width=\"288\">Integrado con puente<\/td>\n<\/tr>\n<tr>\n<td align=\"center\" valign=\"middle\" width=\"52\">3<\/td>\n<td align=\"center\" valign=\"middle\" width=\"204\">Tipo de freno de servicio<\/td>\n<td width=\"288\">Freno de muelle, liberaci\u00f3n hidr\u00e1ulica<\/td>\n<\/tr>\n<tr>\n<td align=\"center\" valign=\"middle\" width=\"52\">4<\/td>\n<td align=\"center\" valign=\"middle\" width=\"204\">Tipo de freno de emergencia \/ estacionamiento<\/td>\n<td width=\"288\">Freno de muelle, liberaci\u00f3n hidr\u00e1ulica<\/td>\n<\/tr>\n<tr>\n<td align=\"center\" valign=\"middle\" width=\"52\">5<\/td>\n<td align=\"center\" valign=\"middle\" width=\"204\">20km \/ h distancia de frenado (m) (pavimento seco y duro)<\/td>\n<td width=\"288\">\u2264 8<\/td>\n<\/tr>\n<\/tbody>\n<\/table>\n<p>&nbsp;<\/p>\n<p>(6) Sistema hidr\u00e1ulico<\/p>\n<p>&nbsp;<\/p>\n<table class=\"table\" border=\"0\" width=\"100%\" cellspacing=\"0\" cellpadding=\"0\">\n<tbody>\n<tr class=\"firstRow\">\n<td width=\"49\"><strong>No, no.<\/strong><\/td>\n<td width=\"216\"><strong>Opciones<\/strong><\/td>\n<td width=\"276\"><strong>Especificaci\u00f3n<\/strong><\/td>\n<\/tr>\n<tr>\n<td align=\"center\" valign=\"middle\" width=\"49\">1<\/td>\n<td align=\"center\" valign=\"middle\" width=\"216\">Forma de bomba<\/td>\n<td width=\"276\">Bomba de doble engranaje<\/td>\n<\/tr>\n<tr>\n<td align=\"center\" valign=\"middle\" width=\"49\">2<\/td>\n<td align=\"center\" valign=\"middle\" width=\"216\">Desplazamiento (antes \/ despu\u00e9s) (ml \/ R)<\/td>\n<td width=\"276\">52+14<\/td>\n<\/tr>\n<tr>\n<td align=\"center\" valign=\"middle\" width=\"49\">3<\/td>\n<td align=\"center\" valign=\"middle\" width=\"216\">Volumen del tanque de aceite hidr\u00e1ulico (L)<\/td>\n<td width=\"276\">110<\/td>\n<\/tr>\n<tr>\n<td align=\"center\" valign=\"middle\" width=\"49\">4<\/td>\n<td align=\"center\" valign=\"middle\" width=\"216\">Modo de filtrado<\/td>\n<td width=\"276\">Filtraci\u00f3n de alta presi\u00f3n \/ filtraci\u00f3n de aceite de retorno<\/td>\n<\/tr>\n<tr>\n<td align=\"center\" valign=\"middle\" width=\"49\">5<\/td>\n<td align=\"center\" valign=\"middle\" width=\"216\">Precisi\u00f3n de filtraci\u00f3n (\u03bc m) (\u03bc m)<\/td>\n<td width=\"276\">10\/20<\/td>\n<\/tr>\n<\/tbody>\n<\/table>\n<p>&nbsp;<\/p>\n<p>(7) Sistema de direcci\u00f3n<\/p>\n<p>&nbsp;<\/p>\n<table class=\"table\" border=\"0\" width=\"100%\" cellspacing=\"0\" cellpadding=\"0\">\n<tbody>\n<tr class=\"firstRow\">\n<td width=\"61\"><strong>No, no.<\/strong><\/td>\n<td width=\"204\"><strong>Opciones<\/strong><\/td>\n<td width=\"273\"><strong>Especificaci\u00f3n<\/strong><\/td>\n<\/tr>\n<tr>\n<td align=\"center\" valign=\"middle\" width=\"61\">1<\/td>\n<td align=\"center\" valign=\"middle\" width=\"204\">Modo de control de direcci\u00f3n<\/td>\n<td width=\"273\"><\/td>\n<\/tr>\n<\/tbody>\n<\/table>\n<p>&nbsp;<\/p>\n<p>8) Iluminaci\u00f3n<\/p>\n<p>&nbsp;<\/p>\n<table class=\"table\" border=\"0\" width=\"100%\" cellspacing=\"0\" cellpadding=\"0\">\n<tbody>\n<tr class=\"firstRow\">\n<td width=\"60\"><strong>No, no.<\/strong><\/td>\n<td width=\"203\"><strong>Opciones<\/strong><\/td>\n<td width=\"277\"><strong>Especificaci\u00f3n<\/strong><\/td>\n<\/tr>\n<tr>\n<td align=\"center\" valign=\"middle\" width=\"60\">1<\/td>\n<td align=\"center\" valign=\"middle\" width=\"203\">Tipo de faro<\/td>\n<td width=\"277\">Haz alto y bajo<\/td>\n<\/tr>\n<tr>\n<td align=\"center\" valign=\"middle\" width=\"60\">2<\/td>\n<td align=\"center\" valign=\"middle\" width=\"203\">Cantidad (unidad)<\/td>\n<td width=\"277\">2<\/td>\n<\/tr>\n<tr>\n<td align=\"center\" valign=\"middle\" width=\"60\">3<\/td>\n<td align=\"center\" valign=\"middle\" width=\"203\">Indicador de freno, se\u00f1al de giro<\/td>\n<td width=\"277\">S\u00ed. S\u00ed.<\/td>\n<\/tr>\n<tr>\n<td align=\"center\" valign=\"middle\" width=\"60\">4<\/td>\n<td align=\"center\" valign=\"middle\" width=\"203\">L\u00e1mpara de retroceso (pieza)<\/td>\n<td width=\"277\">2<\/td>\n<\/tr>\n<\/tbody>\n<\/table>\n<p>&nbsp;<\/p>\n<p>(9) Dispositivo de advertencia de se\u00f1al sonora<\/p>\n<table class=\"table\" border=\"0\" width=\"100%\" cellspacing=\"0\" cellpadding=\"0\">\n<tbody>\n<tr class=\"firstRow\">\n<td width=\"52\"><strong>No, no.<\/strong><\/td>\n<td width=\"216\"><strong>Opciones<\/strong><\/td>\n<td width=\"276\"><strong>Especificaci\u00f3n<\/strong><\/td>\n<\/tr>\n<tr>\n<td align=\"center\" valign=\"middle\" width=\"52\">1<\/td>\n<td align=\"center\" valign=\"middle\" width=\"216\">Tipo<\/td>\n<td width=\"276\">Cuerno el\u00e9ctrico<\/td>\n<\/tr>\n<tr>\n<td align=\"center\" valign=\"middle\" width=\"52\">2<\/td>\n<td align=\"center\" valign=\"middle\" width=\"216\">Modo de operaci\u00f3n<\/td>\n<td width=\"276\">Bot\u00f3n manual en el volante<\/td>\n<\/tr>\n<\/tbody>\n<\/table>","protected":false},"excerpt":{"rendered":"<p>1. Se puede usar a temperatura ambiente (- 15 \u2103 ~ 40 \u2103).<br \/>\n2. Se utiliza en zonas con una altitud no superior a (2000) M.<\/p>","protected":false},"featured_media":1332,"comment_status":"open","ping_status":"closed","template":"","meta":{"_acf_changed":false},"product_brand":[],"product_cat":[15],"product_tag":[],"class_list":{"0":"post-1329","1":"product","2":"type-product","3":"status-publish","4":"has-post-thumbnail","6":"product_cat-trackless-mining-equipment","8":"first","9":"instock","10":"shipping-taxable","11":"product-type-simple"},"acf":[],"_links":{"self":[{"href":"https:\/\/www.zongdamining.com\/es\/wp-json\/wp\/v2\/product\/1329","targetHints":{"allow":["GET"]}}],"collection":[{"href":"https:\/\/www.zongdamining.com\/es\/wp-json\/wp\/v2\/product"}],"about":[{"href":"https:\/\/www.zongdamining.com\/es\/wp-json\/wp\/v2\/types\/product"}],"replies":[{"embeddable":true,"href":"https:\/\/www.zongdamining.com\/es\/wp-json\/wp\/v2\/comments?post=1329"}],"wp:featuredmedia":[{"embeddable":true,"href":"https:\/\/www.zongdamining.com\/es\/wp-json\/wp\/v2\/media\/1332"}],"wp:attachment":[{"href":"https:\/\/www.zongdamining.com\/es\/wp-json\/wp\/v2\/media?parent=1329"}],"wp:term":[{"taxonomy":"product_brand","embeddable":true,"href":"https:\/\/www.zongdamining.com\/es\/wp-json\/wp\/v2\/product_brand?post=1329"},{"taxonomy":"product_cat","embeddable":true,"href":"https:\/\/www.zongdamining.com\/es\/wp-json\/wp\/v2\/product_cat?post=1329"},{"taxonomy":"product_tag","embeddable":true,"href":"https:\/\/www.zongdamining.com\/es\/wp-json\/wp\/v2\/product_tag?post=1329"}],"curies":[{"name":"WP","href":"https:\/\/api.w.org\/{rel}","templated":true}]}}