{"id":1330,"date":"2022-12-12T12:21:34","date_gmt":"2022-12-12T04:21:34","guid":{"rendered":"http:\/\/www.zongdamining.com\/?post_type=product&#038;p=1330"},"modified":"2022-12-12T12:21:34","modified_gmt":"2022-12-12T04:21:34","slug":"underground-exploration-drill-rig","status":"publish","type":"product","link":"https:\/\/www.zongdamining.com\/es\/product\/underground-exploration-drill-rig\/","title":{"rendered":"Exploraci\u00f3n subterr\u00e1nea Drill Rig"},"content":{"rendered":"<p><img fetchpriority=\"high\" decoding=\"async\" class=\"alignnone wp-image-1325 size-full\" src=\"http:\/\/www.zongdamining.com\/wp-content\/uploads\/2022\/12\/underground-exploration-drill-rig39180121774.jpg\" alt=\"\" width=\"730\" height=\"730\" srcset=\"https:\/\/www.zongdamining.com\/wp-content\/uploads\/2022\/12\/underground-exploration-drill-rig39180121774.jpg 730w, https:\/\/www.zongdamining.com\/wp-content\/uploads\/2022\/12\/underground-exploration-drill-rig39180121774-300x300.jpg 300w, https:\/\/www.zongdamining.com\/wp-content\/uploads\/2022\/12\/underground-exploration-drill-rig39180121774-150x150.jpg 150w, https:\/\/www.zongdamining.com\/wp-content\/uploads\/2022\/12\/underground-exploration-drill-rig39180121774-600x600.jpg 600w, https:\/\/www.zongdamining.com\/wp-content\/uploads\/2022\/12\/underground-exploration-drill-rig39180121774-100x100.jpg 100w\" sizes=\"(max-width: 730px) 100vw, 730px\" \/> <img decoding=\"async\" class=\"alignnone wp-image-1328 size-full\" src=\"http:\/\/www.zongdamining.com\/wp-content\/uploads\/2022\/12\/20200525174113c5d732f2484249c793c36cc2a061c5af.jpg\" alt=\"\" width=\"750\" height=\"610\" srcset=\"https:\/\/www.zongdamining.com\/wp-content\/uploads\/2022\/12\/20200525174113c5d732f2484249c793c36cc2a061c5af.jpg 750w, https:\/\/www.zongdamining.com\/wp-content\/uploads\/2022\/12\/20200525174113c5d732f2484249c793c36cc2a061c5af-300x244.jpg 300w, https:\/\/www.zongdamining.com\/wp-content\/uploads\/2022\/12\/20200525174113c5d732f2484249c793c36cc2a061c5af-600x488.jpg 600w\" sizes=\"(max-width: 750px) 100vw, 750px\" \/><\/p>\n<p><strong>Caracter\u00edsticas del producto<\/strong><\/p>\n<p>1, el cabezal de potencia con muelle mec\u00e1nico y bloque de cono de sujeci\u00f3n \/ modo de liberaci\u00f3n hidr\u00e1ulica, sujeciones fiables para un ciclo de mantenimiento largo.<\/p>\n<p>2, el sistema de alimentaci\u00f3n es accionado directamente por el cilindro, por lo que la estructura es simple y compacta, y la fuerza de alimentaci\u00f3n \/ tracci\u00f3n es mayor.<\/p>\n<p>3, sistema hidr\u00e1ulico sensible a la carga, ahorro de energ\u00eda y protecci\u00f3n del medio ambiente;<\/p>\n<p>4, base hidr\u00e1ulica est\u00e1ndar que puede lograr 0-180 \u00b0 ajuste de inclinaci\u00f3n, conveniente, r\u00e1pido y confiable.<\/p>\n<p>5, cabrestante hidr\u00e1ulico\/el\u00e9ctrico opcional;<\/p>\n<p>6, el panel de control ergon\u00f3mico puede lograr el control centralizado y los par\u00e1metros de perforaci\u00f3n muestran. La operaci\u00f3n es conveniente, segura y confiable bajo una baja intensidad de trabajo.<\/p>\n<p>&nbsp;<\/p>\n<table class=\"table\" border=\"0\" width=\"100%\" cellspacing=\"0\" cellpadding=\"0\">\n<tbody>\n<tr class=\"firstRow\">\n<td colspan=\"2\" width=\"521\"><strong>Par\u00e1metros t\u00e9cnicos<\/strong><\/td>\n<\/tr>\n<tr>\n<td width=\"317\">Capacidad de perforaci\u00f3n<\/td>\n<td width=\"203\">850 m *<\/td>\n<\/tr>\n<tr>\n<td width=\"317\">Rango de apertura<\/td>\n<td width=\"203\">BQ-HQ<\/td>\n<\/tr>\n<tr>\n<td width=\"317\">Torque m\u00e1ximo<\/td>\n<td width=\"203\">700 Nm<\/td>\n<\/tr>\n<tr>\n<td width=\"317\">Velocidad m\u00e1xima<\/td>\n<td width=\"203\">1000 r\/min<\/td>\n<\/tr>\n<tr>\n<td width=\"317\">Fuerza de alimentaci\u00f3n<\/td>\n<td width=\"203\">65 KN<\/td>\n<\/tr>\n<tr>\n<td width=\"317\">Arriba<\/td>\n<td width=\"203\">65 KN<\/td>\n<\/tr>\n<tr>\n<td width=\"317\">Corrida de alimentaci\u00f3n<\/td>\n<td width=\"203\">1600 mm<\/td>\n<\/tr>\n<tr>\n<td width=\"317\">\u00c1ngulo de perforaci\u00f3n<\/td>\n<td width=\"203\">0-180\u00b0<\/td>\n<\/tr>\n<tr>\n<td width=\"317\">Potencia del motor<\/td>\n<td width=\"203\">55 KW<\/td>\n<\/tr>\n<tr>\n<td width=\"317\">Longitud del anfitri\u00f3n<\/td>\n<td width=\"203\">3200 mm<\/td>\n<\/tr>\n<tr>\n<td width=\"317\">Ancho del host<\/td>\n<td width=\"203\">1500 mm<\/td>\n<\/tr>\n<tr>\n<td width=\"317\">Altura del anfitri\u00f3n<\/td>\n<td width=\"203\">1500 mm<\/td>\n<\/tr>\n<tr>\n<td width=\"317\">Peso del hu\u00e9sped<\/td>\n<td width=\"203\">1.2 t<\/td>\n<\/tr>\n<\/tbody>\n<\/table>\n<p>&nbsp;<\/p>\n<p>* Nota: Los datos en la tabla son los datos de perforaci\u00f3n de abertura BQ vertical hacia abajo en la roca homog\u00e9nea, solo para referencia.<\/p>\n<p>La relaci\u00f3n entre la profundidad de perforaci\u00f3n, el di\u00e1metro de perforaci\u00f3n y el material del eje de perforaci\u00f3n<\/p>\n<p>&nbsp;<\/p>\n<table class=\"table\" border=\"0\" width=\"100%\" cellspacing=\"0\" cellpadding=\"0\">\n<tbody>\n<tr class=\"firstRow\">\n<td rowspan=\"2\" width=\"108\"><strong>Di\u00e1metro del agujero de perforaci\u00f3n<\/strong><strong>()<\/strong><strong>mm (mm)<\/strong><strong>(...)<\/strong><\/td>\n<td rowspan=\"2\" width=\"108\"><strong>Di\u00e1metro de la varilla<\/strong><strong>()<\/strong><strong>mm (mm)<\/strong><strong>(...)<\/strong><\/td>\n<td rowspan=\"2\" width=\"108\"><strong>Material de varilla<\/strong><\/td>\n<td colspan=\"3\" width=\"324\"><strong>Profundidad de perforaci\u00f3n<\/strong><strong>()<\/strong><strong>m<\/strong><strong>(...)<\/strong><\/td>\n<\/tr>\n<tr>\n<td width=\"108\"><strong>agujero abajo<\/strong><\/td>\n<td width=\"108\"><strong>Nivel de agua<\/strong><\/td>\n<td width=\"108\"><strong>Uphole<\/strong><\/td>\n<\/tr>\n<tr>\n<td nowrap=\"nowrap\" width=\"108\">95 (cuartel general)<\/td>\n<td nowrap=\"nowrap\" width=\"108\">89<\/td>\n<td nowrap=\"nowrap\" width=\"108\">acero<\/td>\n<td nowrap=\"nowrap\" width=\"108\">400<\/td>\n<td nowrap=\"nowrap\" width=\"108\">300<\/td>\n<td nowrap=\"nowrap\" width=\"108\">200<\/td>\n<\/tr>\n<tr>\n<td nowrap=\"nowrap\" width=\"108\">75 (NQ)<\/td>\n<td nowrap=\"nowrap\" width=\"108\">71<\/td>\n<td nowrap=\"nowrap\" width=\"108\">acero<\/td>\n<td nowrap=\"nowrap\" width=\"108\">600<\/td>\n<td nowrap=\"nowrap\" width=\"108\">400<\/td>\n<td nowrap=\"nowrap\" width=\"108\">300<\/td>\n<\/tr>\n<tr>\n<td nowrap=\"nowrap\" width=\"108\">59 (BQ)<\/td>\n<td nowrap=\"nowrap\" width=\"108\">55.5<\/td>\n<td nowrap=\"nowrap\" width=\"108\">acero<\/td>\n<td nowrap=\"nowrap\" width=\"108\">850<\/td>\n<td nowrap=\"nowrap\" width=\"108\">550<\/td>\n<td nowrap=\"nowrap\" width=\"108\">400<\/td>\n<\/tr>\n<\/tbody>\n<\/table>\n<p>&nbsp;<\/p>\n<p><strong>Cuerpo principal<\/strong><\/p>\n<p>El cuerpo principal se compone de marco de alimentaci\u00f3n, unidad de rotaci\u00f3n, soporte de base de varilla, cilindro, etc.  It&#8217; es f\u00e1cil de desmontar y montar. Gracias a la base hidr\u00e1ulica est\u00e1ndar que puede lograr un ajuste de inclinaci\u00f3n de 0-180 \u00b0.<\/p>\n<p><img decoding=\"async\" class=\"alignnone wp-image-1326 size-full\" src=\"http:\/\/www.zongdamining.com\/wp-content\/uploads\/2022\/12\/202005251741162d4a18ffb5364d82b763a60cc0e60d23.jpg\" alt=\"\" width=\"750\" height=\"750\" srcset=\"https:\/\/www.zongdamining.com\/wp-content\/uploads\/2022\/12\/202005251741162d4a18ffb5364d82b763a60cc0e60d23.jpg 750w, https:\/\/www.zongdamining.com\/wp-content\/uploads\/2022\/12\/202005251741162d4a18ffb5364d82b763a60cc0e60d23-300x300.jpg 300w, https:\/\/www.zongdamining.com\/wp-content\/uploads\/2022\/12\/202005251741162d4a18ffb5364d82b763a60cc0e60d23-150x150.jpg 150w, https:\/\/www.zongdamining.com\/wp-content\/uploads\/2022\/12\/202005251741162d4a18ffb5364d82b763a60cc0e60d23-600x600.jpg 600w, https:\/\/www.zongdamining.com\/wp-content\/uploads\/2022\/12\/202005251741162d4a18ffb5364d82b763a60cc0e60d23-100x100.jpg 100w\" sizes=\"(max-width: 750px) 100vw, 750px\" \/><\/p>\n<p>El dise\u00f1o del panel de control es sencillo y f\u00e1cil de operar.<\/p>\n<p><strong>Unidad de potencia<\/strong><\/p>\n<p>La unidad de potencia de la plataforma de perforaci\u00f3n de exploraci\u00f3n subterr\u00e1nea est\u00e1 montada en un marco montado, que es f\u00e1cil de mover, y puede estar a una distancia del cuerpo de trabajo cuando est\u00e1 trabajando.<\/p>\n<p><img loading=\"lazy\" decoding=\"async\" class=\"alignnone wp-image-1327 size-full\" src=\"http:\/\/www.zongdamining.com\/wp-content\/uploads\/2022\/12\/20200525174119a654a8feb4454a149963e7607aa74021.jpg\" alt=\"\" width=\"750\" height=\"680\" srcset=\"https:\/\/www.zongdamining.com\/wp-content\/uploads\/2022\/12\/20200525174119a654a8feb4454a149963e7607aa74021.jpg 750w, https:\/\/www.zongdamining.com\/wp-content\/uploads\/2022\/12\/20200525174119a654a8feb4454a149963e7607aa74021-300x272.jpg 300w, https:\/\/www.zongdamining.com\/wp-content\/uploads\/2022\/12\/20200525174119a654a8feb4454a149963e7607aa74021-600x544.jpg 600w\" sizes=\"(max-width: 750px) 100vw, 750px\" \/><\/p>","protected":false},"excerpt":{"rendered":"<p>El cabezal de alimentaci\u00f3n con muelle mec\u00e1nico y modo de sujeci\u00f3n de bloque de cono \/ liberaci\u00f3n hidr\u00e1ulica, se sujeta de manera fiable para un largo ciclo de mantenimiento.<\/p>","protected":false},"featured_media":1325,"comment_status":"open","ping_status":"closed","template":"","meta":{"_acf_changed":false},"product_brand":[],"product_cat":[88],"product_tag":[],"class_list":{"0":"post-1330","1":"product","2":"type-product","3":"status-publish","4":"has-post-thumbnail","6":"product_cat-underground-exploration-machine","8":"first","9":"instock","10":"shipping-taxable","11":"product-type-simple"},"acf":[],"_links":{"self":[{"href":"https:\/\/www.zongdamining.com\/es\/wp-json\/wp\/v2\/product\/1330","targetHints":{"allow":["GET"]}}],"collection":[{"href":"https:\/\/www.zongdamining.com\/es\/wp-json\/wp\/v2\/product"}],"about":[{"href":"https:\/\/www.zongdamining.com\/es\/wp-json\/wp\/v2\/types\/product"}],"replies":[{"embeddable":true,"href":"https:\/\/www.zongdamining.com\/es\/wp-json\/wp\/v2\/comments?post=1330"}],"wp:featuredmedia":[{"embeddable":true,"href":"https:\/\/www.zongdamining.com\/es\/wp-json\/wp\/v2\/media\/1325"}],"wp:attachment":[{"href":"https:\/\/www.zongdamining.com\/es\/wp-json\/wp\/v2\/media?parent=1330"}],"wp:term":[{"taxonomy":"product_brand","embeddable":true,"href":"https:\/\/www.zongdamining.com\/es\/wp-json\/wp\/v2\/product_brand?post=1330"},{"taxonomy":"product_cat","embeddable":true,"href":"https:\/\/www.zongdamining.com\/es\/wp-json\/wp\/v2\/product_cat?post=1330"},{"taxonomy":"product_tag","embeddable":true,"href":"https:\/\/www.zongdamining.com\/es\/wp-json\/wp\/v2\/product_tag?post=1330"}],"curies":[{"name":"WP","href":"https:\/\/api.w.org\/{rel}","templated":true}]}}