{"id":1390,"date":"2022-12-12T13:47:15","date_gmt":"2022-12-12T05:47:15","guid":{"rendered":"http:\/\/www.zongdamining.com\/?post_type=product&#038;p=1390"},"modified":"2022-12-12T13:47:15","modified_gmt":"2022-12-12T05:47:15","slug":"scooptram-mining-15","status":"publish","type":"product","link":"https:\/\/www.zongdamining.com\/es\/product\/scooptram-mining-15\/","title":{"rendered":"Scooptram Miner\u00eda"},"content":{"rendered":"<p><strong>Especificaci\u00f3n t\u00e9cnica<\/strong><\/p>\n<p><img decoding=\"async\" class=\"alignnone wp-image-1402 size-full\" src=\"http:\/\/www.zongdamining.com\/wp-content\/uploads\/2022\/12\/20220823104440bfbfdcd10a6e4af5b87a3577482503c9.jpg\" alt=\"\" width=\"448\" height=\"103\" srcset=\"https:\/\/www.zongdamining.com\/wp-content\/uploads\/2022\/12\/20220823104440bfbfdcd10a6e4af5b87a3577482503c9.jpg 448w, https:\/\/www.zongdamining.com\/wp-content\/uploads\/2022\/12\/20220823104440bfbfdcd10a6e4af5b87a3577482503c9-300x69.jpg 300w\" sizes=\"(max-width: 448px) 100vw, 448px\" \/><\/p>\n<p>Combusti\u00f3n interna LHD<\/p>\n<p><strong>Presentaci\u00f3n de la cargadora subterr\u00e1nea diesel ZDL203<\/strong><\/p>\n<p><strong>\u00a0<\/strong><\/p>\n<p>&nbsp;<\/p>\n<p>Yo.\u00a0<strong>Caracter\u00edsticas t\u00e9cnicas<\/strong><\/p>\n<ul class=\"list-paddingleft-2\">\n<li>Transmisi\u00f3n mec\u00e1nica hidr\u00e1ulica, puede dar pleno juego a la potencia del motor y adaptarse autom\u00e1ticamente al cambio de carga en un cierto rango, a la regulaci\u00f3n autom\u00e1tica de velocidad.<\/li>\n<li>Cuatro ruedas motrices, eje delantero con diferencial antideslizante, eje trasero oscilante, accionado y buena gradabilidad, se adaptan a todo tipo de malas condiciones de carretera.<\/li>\n<li>Neum\u00e1tico resistente al corte liso, larga vida \u00fatil.<\/li>\n<li>Marco articulado, radio de giro peque\u00f1o, mecanismo flexible.<\/li>\n<li>Direcci\u00f3n hidr\u00e1ulica completa, estructura compacta y mantenimiento suave y f\u00e1cil.<\/li>\n<li>Freno hidr\u00e1ulico h\u00famedo multidisco completo, sistema de frenos de doble l\u00ednea, estructura simple y alta fiabilidad de frenado, sin mantenimiento.<\/li>\n<li>Dispositivo de trabajo de seis enlaces inversos y control hidr\u00e1ulico piloto, entrega ligera y sensible, fuerza de ruptura fuerte, movimiento bien equilibrado.<\/li>\n<\/ul>\n<p><img fetchpriority=\"high\" decoding=\"async\" class=\"alignnone wp-image-1397 size-full\" src=\"http:\/\/www.zongdamining.com\/wp-content\/uploads\/2022\/12\/20220823104539cec067faed6e4809ad2afba8df07a915.jpg\" alt=\"\" width=\"705\" height=\"370\" srcset=\"https:\/\/www.zongdamining.com\/wp-content\/uploads\/2022\/12\/20220823104539cec067faed6e4809ad2afba8df07a915.jpg 705w, https:\/\/www.zongdamining.com\/wp-content\/uploads\/2022\/12\/20220823104539cec067faed6e4809ad2afba8df07a915-300x157.jpg 300w, https:\/\/www.zongdamining.com\/wp-content\/uploads\/2022\/12\/20220823104539cec067faed6e4809ad2afba8df07a915-600x315.jpg 600w\" sizes=\"(max-width: 705px) 100vw, 705px\" \/><\/p>\n<p>II.\u00a0<strong>Especificaci\u00f3n t\u00e9cnica<\/strong><strong>\u00a0<\/strong><\/p>\n<table width=\"786\" data-sort=\"sortDisabled\">\n<tbody>\n<tr class=\"firstRow\">\n<td><strong>1<\/strong><\/td>\n<td><strong>Modelo del motor<\/strong><\/td>\n<td colspan=\"2\" rowspan=\"1\"><strong>YUCHAI YCD4J33T6-110, 81KW, \/DEUTZ F6LD914, 86KW<\/strong><\/td>\n<\/tr>\n<tr>\n<td><strong>2<\/strong><\/td>\n<td><strong>Convertidor de torsi\u00f3n<\/strong><\/td>\n<td colspan=\"2\" rowspan=\"1\"><strong>SHANTUI YJ315LG<\/strong><\/td>\n<\/tr>\n<tr>\n<td><strong>3<\/strong><\/td>\n<td><strong>Transmisi\u00f3n<\/strong><\/td>\n<td colspan=\"2\" rowspan=\"1\"><strong>HANGZHOU YD13044159<\/strong><\/td>\n<\/tr>\n<tr>\n<td><strong>4<\/strong><\/td>\n<td><strong>Eje<\/strong><\/td>\n<td colspan=\"2\" rowspan=\"1\"><strong>XUZHOU QINGFENG NO SPIN Diferencial<\/strong><\/td>\n<\/tr>\n<tr>\n<td><strong>5<\/strong><\/td>\n<td><strong>Freno<\/strong><\/td>\n<td colspan=\"2\" rowspan=\"1\"><strong>Freno hidr\u00e1ulico liberado aplicado por resorte POSI-STOP<\/strong><\/td>\n<\/tr>\n<tr>\n<td><strong>6<\/strong><\/td>\n<td><strong>Capacidad<\/strong><\/td>\n<td colspan=\"2\" rowspan=\"1\"><strong>1.5m<sup>3<\/sup>(Apilamiento SAE)<\/strong><\/td>\n<\/tr>\n<tr>\n<td><strong>7<\/strong><\/td>\n<td><strong>Carga \u00fatil nominal<\/strong><\/td>\n<td colspan=\"2\" rowspan=\"1\"><strong>3t<\/strong><\/td>\n<\/tr>\n<tr>\n<td><strong>8<\/strong><\/td>\n<td><strong>Altura m\u00e1xima de elevaci\u00f3n<\/strong><\/td>\n<td colspan=\"2\" rowspan=\"1\"><strong>3650 mm<\/strong><\/td>\n<\/tr>\n<tr>\n<td><strong>9<\/strong><\/td>\n<td><strong>Altura de descarga m\u00e1xima<\/strong><\/td>\n<td colspan=\"2\" rowspan=\"1\"><strong>1350 mm<\/strong><\/td>\n<\/tr>\n<tr>\n<td><strong>10<\/strong><\/td>\n<td><strong>Distancia Min.unloading<\/strong><\/td>\n<td colspan=\"2\" rowspan=\"1\"><strong>1000mm<\/strong><\/td>\n<\/tr>\n<tr>\n<td><strong>11<\/strong><\/td>\n<td><strong>Purificador de escape<\/strong><\/td>\n<td colspan=\"2\" rowspan=\"1\"><strong>Silenciador DOC<\/strong><\/td>\n<\/tr>\n<tr>\n<td><strong>12<\/strong><\/td>\n<td><strong>Gradabilidad m\u00e1xima<\/strong><\/td>\n<td colspan=\"2\" rowspan=\"1\"><strong>15 \u00b0<\/strong><\/td>\n<\/tr>\n<tr>\n<td><strong>13<\/strong><\/td>\n<td><strong>Liberaci\u00f3n de tierra<\/strong><\/td>\n<td colspan=\"2\" rowspan=\"1\"><strong>240 mm<\/strong><\/td>\n<\/tr>\n<tr>\n<td colspan=\"1\" rowspan=\"3\"><strong>\u00a0<\/strong><\/p>\n<p><strong>14<\/strong><\/p>\n<p><strong>\u00a0<\/strong><\/td>\n<td colspan=\"1\" rowspan=\"3\"><strong>\u00a0<\/strong><\/p>\n<p><strong>Velocidad de viaje<\/strong><\/td>\n<td colspan=\"2\" rowspan=\"1\"><strong>1<sup>st<\/sup>\u00a0engranaje 0-4km\/h<\/strong><\/td>\n<\/tr>\n<tr>\n<td colspan=\"2\" rowspan=\"1\"><strong>2<sup>nd<\/sup>\u00a0engranaje 0-9km\/h<\/strong><\/td>\n<\/tr>\n<tr>\n<td colspan=\"2\" rowspan=\"1\"><strong>3<sup>rd<\/sup>\u00a0engranaje 0-15km\/h<\/strong><\/td>\n<\/tr>\n<tr>\n<td><strong>15<\/strong><\/td>\n<td><strong>\u00c1ngulo de direcci\u00f3n<\/strong><\/td>\n<td><strong>\u00b1 38 \u00b0<\/strong><\/td>\n<td><\/td>\n<\/tr>\n<tr>\n<td colspan=\"1\" rowspan=\"3\"><strong>\u00a0<\/strong><\/p>\n<p><strong>16<\/strong><\/td>\n<td colspan=\"1\" rowspan=\"3\"><strong>\u00a0<\/strong><\/p>\n<p><strong>Dimensiones<\/strong><\/td>\n<td><strong>Longitud<\/strong><\/td>\n<td><strong>6800mm<\/strong><\/td>\n<\/tr>\n<tr>\n<td><strong>Anchura<\/strong><\/td>\n<td><strong>1640 mm<\/strong><\/td>\n<\/tr>\n<tr>\n<td><strong>Altura de la cabina<\/strong><\/td>\n<td><strong>2000mm<\/strong><\/td>\n<\/tr>\n<\/tbody>\n<\/table>\n<p>III.\u00a0<strong>DIMENSIONES EXTERIORES DE LA MINER\u00cdA DE SCOOPTRAM<\/strong><\/p>\n<p><img decoding=\"async\" class=\"alignnone wp-image-1400 size-full\" src=\"http:\/\/www.zongdamining.com\/wp-content\/uploads\/2022\/12\/202208231053273d9ee48edb9747309eead0d01fee9ce9-1.jpg\" alt=\"\" width=\"705\" height=\"814\" srcset=\"https:\/\/www.zongdamining.com\/wp-content\/uploads\/2022\/12\/202208231053273d9ee48edb9747309eead0d01fee9ce9-1.jpg 705w, https:\/\/www.zongdamining.com\/wp-content\/uploads\/2022\/12\/202208231053273d9ee48edb9747309eead0d01fee9ce9-1-260x300.jpg 260w, https:\/\/www.zongdamining.com\/wp-content\/uploads\/2022\/12\/202208231053273d9ee48edb9747309eead0d01fee9ce9-1-600x693.jpg 600w\" sizes=\"(max-width: 705px) 100vw, 705px\" \/><\/p>","protected":false},"excerpt":{"rendered":"<p>La miner\u00eda Scooptram tiene un alto grado de protecci\u00f3n y es adecuada para minas subterr\u00e1neas \u00d7 En el entorno h\u00famedo y polvoriento de la carretera de 5m, la m\u00e1quina es altamente inteligente, segura y confiable, tiene una buena estabilidad general y puede mejorar en gran medida la productividad y la rentabilidad de la mina.<\/p>","protected":false},"featured_media":1397,"comment_status":"open","ping_status":"closed","template":"","meta":{"_acf_changed":false},"product_brand":[],"product_cat":[15],"product_tag":[],"class_list":{"0":"post-1390","1":"product","2":"type-product","3":"status-publish","4":"has-post-thumbnail","6":"product_cat-trackless-mining-equipment","8":"first","9":"instock","10":"shipping-taxable","11":"product-type-simple"},"acf":[],"_links":{"self":[{"href":"https:\/\/www.zongdamining.com\/es\/wp-json\/wp\/v2\/product\/1390","targetHints":{"allow":["GET"]}}],"collection":[{"href":"https:\/\/www.zongdamining.com\/es\/wp-json\/wp\/v2\/product"}],"about":[{"href":"https:\/\/www.zongdamining.com\/es\/wp-json\/wp\/v2\/types\/product"}],"replies":[{"embeddable":true,"href":"https:\/\/www.zongdamining.com\/es\/wp-json\/wp\/v2\/comments?post=1390"}],"wp:featuredmedia":[{"embeddable":true,"href":"https:\/\/www.zongdamining.com\/es\/wp-json\/wp\/v2\/media\/1397"}],"wp:attachment":[{"href":"https:\/\/www.zongdamining.com\/es\/wp-json\/wp\/v2\/media?parent=1390"}],"wp:term":[{"taxonomy":"product_brand","embeddable":true,"href":"https:\/\/www.zongdamining.com\/es\/wp-json\/wp\/v2\/product_brand?post=1390"},{"taxonomy":"product_cat","embeddable":true,"href":"https:\/\/www.zongdamining.com\/es\/wp-json\/wp\/v2\/product_cat?post=1390"},{"taxonomy":"product_tag","embeddable":true,"href":"https:\/\/www.zongdamining.com\/es\/wp-json\/wp\/v2\/product_tag?post=1390"}],"curies":[{"name":"WP","href":"https:\/\/api.w.org\/{rel}","templated":true}]}}