{"id":1392,"date":"2022-12-12T13:46:32","date_gmt":"2022-12-12T05:46:32","guid":{"rendered":"http:\/\/www.zongdamining.com\/?post_type=product&#038;p=1392"},"modified":"2022-12-16T11:11:08","modified_gmt":"2022-12-16T03:11:08","slug":"70-ton-underground-mining-dump-truck-howo-6x4-dumper-truck","status":"publish","type":"product","link":"https:\/\/www.zongdamining.com\/es\/product\/70-ton-underground-mining-dump-truck-howo-6x4-dumper-truck\/","title":{"rendered":"70 toneladas subterr\u00e1neas miner\u00eda cami\u00f3n HOWO 6X4 cami\u00f3n volcador"},"content":{"rendered":"<div>\n<p>Queremos crear una empresa de primera clase, cultivar talentos profesionales, promover el desarrollo de la transmezcladora global de hormig\u00f3n subterr\u00e1neo, la m\u00e1quina de pulverizaci\u00f3n de hormig\u00f3n subterr\u00e1neo, la industria de perforaci\u00f3n de roca de piernas de aire y convertirnos en un l\u00edder respetado. La satisfacci\u00f3n del cliente es el capital de nuestros esfuerzos continuos, estamos dispuestos a servir a los clientes con tecnolog\u00eda profesional y esp\u00edritu dedicado. Creamos una plataforma de desarrollo para los empleados, creando riqueza y valor para los socios y formando una vida mejor para los usuarios.<\/p>\n<\/div>\n<div>\n<p><img fetchpriority=\"high\" decoding=\"async\" class=\"alignnone wp-image-1306 size-full\" src=\"http:\/\/www.zongdamining.com\/wp-content\/uploads\/2022\/12\/underground-articulated-truck06507488102.jpg\" alt=\"\" width=\"730\" height=\"730\" srcset=\"https:\/\/www.zongdamining.com\/wp-content\/uploads\/2022\/12\/underground-articulated-truck06507488102.jpg 730w, https:\/\/www.zongdamining.com\/wp-content\/uploads\/2022\/12\/underground-articulated-truck06507488102-300x300.jpg 300w, https:\/\/www.zongdamining.com\/wp-content\/uploads\/2022\/12\/underground-articulated-truck06507488102-150x150.jpg 150w, https:\/\/www.zongdamining.com\/wp-content\/uploads\/2022\/12\/underground-articulated-truck06507488102-600x600.jpg 600w, https:\/\/www.zongdamining.com\/wp-content\/uploads\/2022\/12\/underground-articulated-truck06507488102-100x100.jpg 100w\" sizes=\"(max-width: 730px) 100vw, 730px\" \/><\/p>\n<p><strong>Caracter\u00edsticas<\/strong><\/p>\n<p>Carga nominal de 20t, adecuada para t\u00fanel \u22654.5\u00d74.5m<\/p>\n<p><img decoding=\"async\" class=\"alignnone wp-image-1403 size-full\" src=\"http:\/\/www.zongdamining.com\/wp-content\/uploads\/2022\/12\/202005251533500ccd64ce14184aef884cb49a34cff608.jpg\" alt=\"\" width=\"748\" height=\"677\" srcset=\"https:\/\/www.zongdamining.com\/wp-content\/uploads\/2022\/12\/202005251533500ccd64ce14184aef884cb49a34cff608.jpg 748w, https:\/\/www.zongdamining.com\/wp-content\/uploads\/2022\/12\/202005251533500ccd64ce14184aef884cb49a34cff608-300x272.jpg 300w, https:\/\/www.zongdamining.com\/wp-content\/uploads\/2022\/12\/202005251533500ccd64ce14184aef884cb49a34cff608-600x543.jpg 600w\" sizes=\"(max-width: 748px) 100vw, 748px\" \/><\/p>\n<p>Adoptar marco articulado central<\/p>\n<p>Elevaci\u00f3n de doble cilindro para el cubo<\/p>\n<p>El veh\u00edculo adopta el sistema de control hidr\u00e1ulico completo, que garantiza bien la seguridad, la comodidad y la durabilidad del control.<\/p>\n<p><strong>Datos t\u00e9cnicos<\/strong><\/p>\n<p>&nbsp;<\/p>\n<table class=\"table\" border=\"0\" width=\"100%\" cellspacing=\"0\" cellpadding=\"0\">\n<tbody>\n<tr class=\"firstRow\">\n<td width=\"177\">Dimensiones<\/td>\n<td width=\"439\">9050\uff08\u00b1100\uff09mm\u00d72280\uff08\u00b150\uff09mm\u00d72400\uff08\u00b150\uff09mm<\/td>\n<\/tr>\n<tr>\n<td width=\"177\">Motor<\/td>\n<td width=\"439\">DEUTZ F12L413FW \/ 204kW (VOLVO TAD853VE \/ 235KW opcional)<\/td>\n<\/tr>\n<tr>\n<td width=\"177\">Convertidor de torsi\u00f3n<\/td>\n<td width=\"439\">DANA C5000<\/td>\n<\/tr>\n<tr>\n<td width=\"177\">Transmisi\u00f3n<\/td>\n<td width=\"439\">DANA R36000<\/td>\n<\/tr>\n<\/tbody>\n<\/table>\n<p>&nbsp;<\/p>\n<table class=\"table\" border=\"0\" width=\"100%\" cellspacing=\"0\" cellpadding=\"0\">\n<tbody>\n<tr class=\"firstRow\">\n<td width=\"168\">Eje de accionamiento<\/td>\n<td width=\"437\">KESSLER Alemania<\/td>\n<\/tr>\n<tr>\n<td width=\"168\">cubo<\/td>\n<td width=\"437\">10m\u00b3<\/td>\n<\/tr>\n<tr>\n<td width=\"168\">Carga nominal<\/td>\n<td width=\"437\">20 toneladas<\/td>\n<\/tr>\n<tr>\n<td width=\"168\">Peso de descarga<\/td>\n<td width=\"437\">20.8t<\/td>\n<\/tr>\n<tr>\n<td width=\"168\">Capacidad de escalada<\/td>\n<td width=\"437\">15 \u00b0<\/td>\n<\/tr>\n<tr>\n<td width=\"168\">Min.Ground Liberaci\u00f3n<\/td>\n<td width=\"437\">340 mm<\/td>\n<\/tr>\n<tr>\n<td width=\"168\">Velocidad<\/td>\n<td width=\"437\">0-30.9km\/h<\/td>\n<\/tr>\n<tr>\n<td width=\"168\">\u00c1ngulo de giro<\/td>\n<td width=\"437\">\u00b1 42 \u00b0<\/td>\n<\/tr>\n<tr>\n<td width=\"168\">\u00c1ngulo de uni\u00f3n<\/td>\n<td width=\"437\">\u00b1 8 \u00b0<\/td>\n<\/tr>\n<tr>\n<td rowspan=\"3\" width=\"168\">Radio de direcci\u00f3n m\u00ednimo<\/td>\n<td width=\"437\">5105 (\u00b150) mm (dentro)<\/td>\n<\/tr>\n<tr>\n<td colspan=\"1\" rowspan=\"2\" width=\"437\">8275 (\u00b150) mm (fuera)<\/td>\n<\/tr>\n<\/tbody>\n<\/table>\n<p><img decoding=\"async\" class=\"alignnone wp-image-1305 size-full\" src=\"http:\/\/www.zongdamining.com\/wp-content\/uploads\/2022\/12\/2020052516091315dfea2381604b1a987edb291c63b565.jpg\" alt=\"\" width=\"750\" height=\"669\" srcset=\"https:\/\/www.zongdamining.com\/wp-content\/uploads\/2022\/12\/2020052516091315dfea2381604b1a987edb291c63b565.jpg 750w, https:\/\/www.zongdamining.com\/wp-content\/uploads\/2022\/12\/2020052516091315dfea2381604b1a987edb291c63b565-300x268.jpg 300w, https:\/\/www.zongdamining.com\/wp-content\/uploads\/2022\/12\/2020052516091315dfea2381604b1a987edb291c63b565-600x535.jpg 600w\" sizes=\"(max-width: 750px) 100vw, 750px\" \/><\/p>\n<\/div>\n<div><\/div>\n<div>\n<p>Con una fuerte fuerza corporativa y relaciones de cooperaci\u00f3n precisas con los principales fabricantes, podemos proporcionarle la mejor calidad 70 toneladas de cami\u00f3n de vertidero de miner\u00eda subterr\u00e1nea HOWO 6X4 a los precios m\u00e1s favorables. Hemos establecido un sistema de gesti\u00f3n completo que integra estrechamente las ventas de productos, contratos, almacenamiento, finanzas y eficiencia del personal en su conjunto para garantizar estrictamente la calidad del producto. Durante mucho tiempo, nuestra empresa ha estado adhiri\u00e9ndose a la filosof\u00eda de negocio de &#8216; La calidad es la vida, basada en la integridad, el cliente primero&#8217; desarrollando constantemente nuevos productos, expandiendo la escala de la empresa y atendiendo a cada cliente con cuidado, ganando as\u00ed el elogio de nuestros clientes.<\/p>\n<\/div>","protected":false},"excerpt":{"rendered":"<p>El veh\u00edculo adopta el sistema de control hidr\u00e1ulico completo, que garantiza bien la seguridad, la comodidad y la durabilidad del control.<\/p>","protected":false},"featured_media":1305,"comment_status":"open","ping_status":"closed","template":"","meta":{"_acf_changed":false},"product_brand":[],"product_cat":[15],"product_tag":[],"class_list":{"0":"post-1392","1":"product","2":"type-product","3":"status-publish","4":"has-post-thumbnail","6":"product_cat-trackless-mining-equipment","8":"first","9":"instock","10":"shipping-taxable","11":"product-type-simple"},"acf":[],"_links":{"self":[{"href":"https:\/\/www.zongdamining.com\/es\/wp-json\/wp\/v2\/product\/1392","targetHints":{"allow":["GET"]}}],"collection":[{"href":"https:\/\/www.zongdamining.com\/es\/wp-json\/wp\/v2\/product"}],"about":[{"href":"https:\/\/www.zongdamining.com\/es\/wp-json\/wp\/v2\/types\/product"}],"replies":[{"embeddable":true,"href":"https:\/\/www.zongdamining.com\/es\/wp-json\/wp\/v2\/comments?post=1392"}],"wp:featuredmedia":[{"embeddable":true,"href":"https:\/\/www.zongdamining.com\/es\/wp-json\/wp\/v2\/media\/1305"}],"wp:attachment":[{"href":"https:\/\/www.zongdamining.com\/es\/wp-json\/wp\/v2\/media?parent=1392"}],"wp:term":[{"taxonomy":"product_brand","embeddable":true,"href":"https:\/\/www.zongdamining.com\/es\/wp-json\/wp\/v2\/product_brand?post=1392"},{"taxonomy":"product_cat","embeddable":true,"href":"https:\/\/www.zongdamining.com\/es\/wp-json\/wp\/v2\/product_cat?post=1392"},{"taxonomy":"product_tag","embeddable":true,"href":"https:\/\/www.zongdamining.com\/es\/wp-json\/wp\/v2\/product_tag?post=1392"}],"curies":[{"name":"WP","href":"https:\/\/api.w.org\/{rel}","templated":true}]}}